{"id":59790,"date":"2021-10-04T15:20:20","date_gmt":"2021-10-04T13:20:20","guid":{"rendered":"https:\/\/teiaeducation.ch\/product\/drachenpapier-mercurius\/"},"modified":"2025-12-12T13:23:07","modified_gmt":"2025-12-12T12:23:07","slug":"drachenpapier-mercurius","status":"publish","type":"product","link":"https:\/\/teiaeducation.ch\/de\/produkt\/drachenpapier-mercurius\/","title":{"rendered":"Drachenpapier &#8211; Mercurius"},"content":{"rendered":"<p>Das Mercurius Drachenpapier ist ein sehr solides Wachspapier in 11 verschiedenen leuchtenden Farben und ein Grundnahrungsmittel f\u00fcr jede Waldorfschule. Traditionell wurde farbiges Drachenpapier f\u00fcr die Herstellung von Drachen verwendet, aber es eignet sich auch f\u00fcr viele andere <a href=\"https:\/\/teiaeducation.ch\/product-category\/creative-art-craft\/paper-craft\/\">Bastelarbeiten<\/a> wie bunte Fensterdekorationen, gefaltete Sterne, Laternen und viele andere kreative Projekte.<\/p>\n<p>Das halbtransparente Mercurius Drachenpapier ist ideal f\u00fcr die Herstellung von Fenstersternen, Transparenten, Fensterrosen, Windlichtern und ist zudem lebensmittelecht. Das Papier wird in Deutschland hergestellt und wird in 1 Block mit 100 Seiten in 11 verschiedenen Farben geliefert. Jedes Blatt ist 16 x 16 cm gro\u00df und wiegt 40 g\/m\u00b2.<\/p>\n<p>Dieses Set enth\u00e4lt die folgenden Farben:<br \/>\n01 Blau | 02 Braun | 03 Dunkelgr\u00fcn | 04 Dunkelviolett | 05 Gelb | 06 Goldgelb | 07 Hellgr\u00fcn | 08 Orange | 09 Violett | 10 Rot | 12 Wei\u00df<\/p>\n<p>Inhalt:<\/p>\n<p>1 Block mit 100 Blatt Drachenpapier (11 Farben sortiert)<\/p>\n<h2>\u00dcber Mercurius<\/h2>\n<p><a href=\"https:\/\/teiaeducation.ch\/product-category\/brands\/mercurius\/\">Mercurius<\/a> ist der Hauptlieferant f\u00fcr <a href=\"https:\/\/teiaeducation.ch\/waldorf-steiner-schools-supplies\/\">Waldorfschulen<\/a> weltweit und ist ein spezialisierter Anbieter von hochwertigen und einzigartigen <a href=\"https:\/\/teiaeducation.ch\/product-category\/creative-art-craft\/\">kreativen Materialien<\/a>, <a href=\"https:\/\/teiaeducation.ch\/product-category\/hgh-quality-toys-play\/handmade-wooden-toys\/\">handgefertigtes Spielzeug<\/a> und Materialien zur Unterst\u00fctzung des Waldorf Lehrplans. Alle Mercurius Produkte sind speziell auf die Bed\u00fcrfnisse der <a href=\"https:\/\/teiaeducation.ch\/product-category\/education-method\/waldorf-steiner-toys-craft-materials\/\">Waldorfschulen<\/a> und der Erziehung zu Hause abgestimmt. Mercurius ist der weltweite Vertreter der bekannten Waldorfmarken <a href=\"https:\/\/teiaeducation.ch\/product-category\/brands\/stockmar\/\">Stockmar<\/a>, <a href=\"https:\/\/teiaeducation.ch\/product-category\/brands\/debresk\/\">Debresk<\/a>, <a href=\"https:\/\/teiaeducation.ch\/product-category\/brands\/filia\/\">Filia<\/a> und vieler anderer.<\/p>\n<p>Das Mercurius Kernsortiment umfasst Produkte, die zug\u00e4nglich, angemessen und erschwinglich sind und Lehrpl\u00e4ne wie Kunst- und <a href=\"https:\/\/teiaeducation.ch\/product-category\/learning-themes\/sensory-motor-skills\/music\/\">Musikunterricht<\/a>, klassischen Waldorfschulbedarf, Spielzeug und hochwertige <a href=\"https:\/\/teiaeducation.ch\/product-category\/classroom-essentials\/furniture-storage\/\">Schulm\u00f6bel<\/a> abdecken.<\/p>\n<p>Als sozial und \u00f6kologisch verantwortungsbewusstes Unternehmen ist Mercurius bestrebt, nur qualitativ hochwertige und sichere Produkte anzubieten, die alle geltenden Normen erf\u00fcllen. Alle ihre Produkte werden umfangreichen Sicherheits- und Umwelttests unterzogen. Soziale Eingliederung und eine f\u00fcr beide Seiten vorteilhafte Zusammenarbeit sind grundlegende Prinzipien. Mercurius ist bestrebt, Produkte und Dienstleistungen von Organisationen zu beziehen, die Menschen mit Behinderungen besch\u00e4ftigen, sowie von anderen Anbietern, deren soziale und \u00f6kologische Grunds\u00e4tze mit denen von Mercurius \u00fcbereinstimmen.<\/p>\n","protected":false},"excerpt":{"rendered":"<p>Artikelnummer: 10135920<\/p>\n<p>Das Mercurius Drachenpapier ist ein festes Wachspapier in 11 verschiedenen Farben, das zum Basteln von Drachen, bunten Fensterdekorationen, Laternen und Sternen verwendet wird!<\/p>\n","protected":false},"featured_media":59791,"comment_status":"open","ping_status":"closed","template":"","meta":[],"product_brand":[],"product_cat":[21445,21446,21479,21465,21464,21447,21579,21443,21563,21458,22362,21564,21483,22363],"product_tag":[28675,28678,26326,28677,26327,28676,26957,28671,26363,28669],"class_list":{"0":"post-59790","1":"product","2":"type-product","3":"status-publish","4":"has-post-thumbnail","6":"product_cat-3-6-jahre-vorschule","7":"product_cat-6-12-jahre-grundschule","8":"product_cat-lernmaterialien-spielzeug-montessori-waldorf-steiner-froebel","9":"product_cat-feier-festlichkeiten","10":"product_cat-herbstkollektion","11":"product_cat-malen-basteln","12":"product_cat-mercurius-de","13":"product_cat-nach-alter","14":"product_cat-neuheiten","15":"product_cat-papierbasteln","16":"product_cat-saisonale-kollektionen","17":"product_cat-unsere-marken","18":"product_cat-waldorf-steiner-paedagogik","19":"product_cat-winter-kollektion","20":"product_tag-drachenpapier-100-blatt-in-11-sortierten-farben-mercurius","21":"product_tag-drachenpapier-5-blocke-in-11-sortierten-farben-mercurius","22":"product_tag-mercurius-de","23":"product_tag-mercurius-drachenpapier","24":"product_tag-mercurius-kunstbedarf","25":"product_tag-waldorf-drachenpapier","26":"product_tag-waldorf-farben","27":"product_tag-waldorf-farbung","28":"product_tag-waldorf-kunstbedarf","29":"product_tag-waldorfkunstbedarf-schweiz","31":"first","32":"outofstock","33":"taxable","34":"shipping-taxable","35":"purchasable","36":"product-type-simple"},"yoast_head":"<!-- This site is optimized with the Yoast SEO plugin v27.1.1 - https:\/\/yoast.com\/product\/yoast-seo-wordpress\/ -->\n<title>Drachenpapier (11 Farben) - Mercurius<\/title>\n<meta name=\"description\" content=\"Das Mercurius Drachenpapier ist ein festes Wachspapier in 11 verschiedenen Farben, das zum Basteln von Drachen, bunten Fensterdekorationen, Windlichtern und Sternen verwendet wird.\" \/>\n<meta name=\"robots\" content=\"index, follow, max-snippet:-1, max-image-preview:large, max-video-preview:-1\" \/>\n<link rel=\"canonical\" href=\"https:\/\/teiaeducation.ch\/de\/produkt\/drachenpapier-mercurius\/\" \/>\n<meta property=\"og:locale\" content=\"de_DE\" \/>\n<meta property=\"og:type\" content=\"article\" \/>\n<meta property=\"og:title\" content=\"Drachenpapier (11 Farben) - Mercurius\" \/>\n<meta property=\"og:description\" content=\"Das Mercurius Drachenpapier ist ein festes Wachspapier in 11 verschiedenen Farben, das zum Basteln von Drachen, bunten Fensterdekorationen, Windlichtern und Sternen verwendet wird.\" \/>\n<meta property=\"og:url\" content=\"https:\/\/teiaeducation.ch\/de\/produkt\/drachenpapier-mercurius\/\" \/>\n<meta property=\"og:site_name\" content=\"Sustainable Educational Products &amp; Ecological Toys\u00a0\" \/>\n<meta property=\"article:publisher\" content=\"https:\/\/www.facebook.com\/teiaeducation\/\" \/>\n<meta property=\"article:modified_time\" content=\"2025-12-12T12:23:07+00:00\" \/>\n<meta property=\"og:image\" content=\"https:\/\/teiaeducation.ch\/wp-content\/uploads\/2021\/10\/Kite-wax-paper-5-blocks-in-11-assorted-colours-Mercurius.jpg\" \/>\n\t<meta property=\"og:image:width\" content=\"560\" \/>\n\t<meta property=\"og:image:height\" content=\"560\" \/>\n\t<meta property=\"og:image:type\" content=\"image\/jpeg\" \/>\n<script type=\"application\/ld+json\" class=\"yoast-schema-graph\">{\"@context\":\"https:\/\/schema.org\",\"@graph\":[{\"@type\":\"WebPage\",\"@id\":\"https:\/\/teiaeducation.ch\/de\/produkt\/drachenpapier-mercurius\/\",\"url\":\"https:\/\/teiaeducation.ch\/de\/produkt\/drachenpapier-mercurius\/\",\"name\":\"Drachenpapier (11 Farben) - Mercurius\",\"isPartOf\":{\"@id\":\"https:\/\/teiaeducation.ch\/de\/#website\"},\"primaryImageOfPage\":{\"@id\":\"https:\/\/teiaeducation.ch\/de\/produkt\/drachenpapier-mercurius\/#primaryimage\"},\"image\":{\"@id\":\"https:\/\/teiaeducation.ch\/de\/produkt\/drachenpapier-mercurius\/#primaryimage\"},\"thumbnailUrl\":\"https:\/\/teiaeducation.ch\/wp-content\/uploads\/2021\/10\/Kite-wax-paper-5-blocks-in-11-assorted-colours-Mercurius.jpg\",\"datePublished\":\"2021-10-04T13:20:20+00:00\",\"dateModified\":\"2025-12-12T12:23:07+00:00\",\"description\":\"Das Mercurius Drachenpapier ist ein festes Wachspapier in 11 verschiedenen Farben, das zum Basteln von Drachen, bunten Fensterdekorationen, Windlichtern und Sternen verwendet wird.\",\"breadcrumb\":{\"@id\":\"https:\/\/teiaeducation.ch\/de\/produkt\/drachenpapier-mercurius\/#breadcrumb\"},\"inLanguage\":\"de-CH\",\"potentialAction\":[{\"@type\":\"ReadAction\",\"target\":[\"https:\/\/teiaeducation.ch\/de\/produkt\/drachenpapier-mercurius\/\"]}]},{\"@type\":\"ImageObject\",\"inLanguage\":\"de-CH\",\"@id\":\"https:\/\/teiaeducation.ch\/de\/produkt\/drachenpapier-mercurius\/#primaryimage\",\"url\":\"https:\/\/teiaeducation.ch\/wp-content\/uploads\/2021\/10\/Kite-wax-paper-5-blocks-in-11-assorted-colours-Mercurius.jpg\",\"contentUrl\":\"https:\/\/teiaeducation.ch\/wp-content\/uploads\/2021\/10\/Kite-wax-paper-5-blocks-in-11-assorted-colours-Mercurius.jpg\",\"width\":560,\"height\":560,\"caption\":\"Drachenpapier 5 Bl\u00f6cke in 11 sortierten Farben - Mercurius\"},{\"@type\":\"BreadcrumbList\",\"@id\":\"https:\/\/teiaeducation.ch\/de\/produkt\/drachenpapier-mercurius\/#breadcrumb\",\"itemListElement\":[{\"@type\":\"ListItem\",\"position\":1,\"name\":\"Home\",\"item\":\"https:\/\/teiaeducation.ch\/de\/\"},{\"@type\":\"ListItem\",\"position\":2,\"name\":\"Laden\",\"item\":\"https:\/\/teiaeducation.ch\/de\/shop\/\"},{\"@type\":\"ListItem\",\"position\":3,\"name\":\"Unsere Marken\",\"item\":\"https:\/\/teiaeducation.ch\/de\/produkt-kategorie\/unsere-marken\/\"},{\"@type\":\"ListItem\",\"position\":4,\"name\":\"Mercurius\",\"item\":\"https:\/\/teiaeducation.ch\/de\/produkt-kategorie\/unsere-marken\/mercurius-de\/\"},{\"@type\":\"ListItem\",\"position\":5,\"name\":\"Drachenpapier &#8211; Mercurius\"}]},{\"@type\":\"WebSite\",\"@id\":\"https:\/\/teiaeducation.ch\/de\/#website\",\"url\":\"https:\/\/teiaeducation.ch\/de\/\",\"name\":\"Sustainable Educational Products &amp; Ecological Toys\u00a0\",\"description\":\"Specialised Swiss shop selling sustainable educational toys and games, AMI certified Montessori materials, handmade ecological wooden Waldorf toys and arts &amp; crafts supplies, school supplies, children&#039;s furniture and Montessori reference and parenting books.\",\"publisher\":{\"@id\":\"https:\/\/teiaeducation.ch\/de\/#organization\"},\"alternateName\":\"Teia Education & Play\",\"potentialAction\":[{\"@type\":\"SearchAction\",\"target\":{\"@type\":\"EntryPoint\",\"urlTemplate\":\"https:\/\/teiaeducation.ch\/de\/?s={search_term_string}\"},\"query-input\":{\"@type\":\"PropertyValueSpecification\",\"valueRequired\":true,\"valueName\":\"search_term_string\"}}],\"inLanguage\":\"de-CH\"},{\"@type\":\"Organization\",\"@id\":\"https:\/\/teiaeducation.ch\/de\/#organization\",\"name\":\"Teia Education & Play\",\"url\":\"https:\/\/teiaeducation.ch\/de\/\",\"logo\":{\"@type\":\"ImageObject\",\"inLanguage\":\"de-CH\",\"@id\":\"https:\/\/teiaeducation.ch\/de\/#\/schema\/logo\/image\/\",\"url\":\"https:\/\/teiaeducation.ch\/wp-content\/uploads\/2020\/11\/Teia-Education-Switzerland-e1620156442216.jpg\",\"contentUrl\":\"https:\/\/teiaeducation.ch\/wp-content\/uploads\/2020\/11\/Teia-Education-Switzerland-e1620156442216.jpg\",\"width\":166,\"height\":145,\"caption\":\"Teia Education & Play\"},\"image\":{\"@id\":\"https:\/\/teiaeducation.ch\/de\/#\/schema\/logo\/image\/\"},\"sameAs\":[\"https:\/\/www.facebook.com\/teiaeducation\/\",\"https:\/\/x.com\/EducationTeia\",\"https:\/\/www.instagram.com\/teia.education\/\",\"https:\/\/www.linkedin.com\/company\/35501660\",\"https:\/\/www.pinterest.ch\/TeiaEducation\/\"]}]}<\/script>\n<!-- \/ Yoast SEO plugin. -->","yoast_head_json":{"title":"Drachenpapier (11 Farben) - Mercurius","description":"Das Mercurius Drachenpapier ist ein festes Wachspapier in 11 verschiedenen Farben, das zum Basteln von Drachen, bunten Fensterdekorationen, Windlichtern und Sternen verwendet wird.","robots":{"index":"index","follow":"follow","max-snippet":"max-snippet:-1","max-image-preview":"max-image-preview:large","max-video-preview":"max-video-preview:-1"},"canonical":"https:\/\/teiaeducation.ch\/de\/produkt\/drachenpapier-mercurius\/","og_locale":"de_DE","og_type":"article","og_title":"Drachenpapier (11 Farben) - Mercurius","og_description":"Das Mercurius Drachenpapier ist ein festes Wachspapier in 11 verschiedenen Farben, das zum Basteln von Drachen, bunten Fensterdekorationen, Windlichtern und Sternen verwendet wird.","og_url":"https:\/\/teiaeducation.ch\/de\/produkt\/drachenpapier-mercurius\/","og_site_name":"Sustainable Educational Products &amp; Ecological Toys\u00a0","article_publisher":"https:\/\/www.facebook.com\/teiaeducation\/","article_modified_time":"2025-12-12T12:23:07+00:00","og_image":[{"width":560,"height":560,"url":"https:\/\/teiaeducation.ch\/wp-content\/uploads\/2021\/10\/Kite-wax-paper-5-blocks-in-11-assorted-colours-Mercurius.jpg","type":"image\/jpeg"}],"schema":{"@context":"https:\/\/schema.org","@graph":[{"@type":"WebPage","@id":"https:\/\/teiaeducation.ch\/de\/produkt\/drachenpapier-mercurius\/","url":"https:\/\/teiaeducation.ch\/de\/produkt\/drachenpapier-mercurius\/","name":"Drachenpapier (11 Farben) - Mercurius","isPartOf":{"@id":"https:\/\/teiaeducation.ch\/de\/#website"},"primaryImageOfPage":{"@id":"https:\/\/teiaeducation.ch\/de\/produkt\/drachenpapier-mercurius\/#primaryimage"},"image":{"@id":"https:\/\/teiaeducation.ch\/de\/produkt\/drachenpapier-mercurius\/#primaryimage"},"thumbnailUrl":"https:\/\/teiaeducation.ch\/wp-content\/uploads\/2021\/10\/Kite-wax-paper-5-blocks-in-11-assorted-colours-Mercurius.jpg","datePublished":"2021-10-04T13:20:20+00:00","dateModified":"2025-12-12T12:23:07+00:00","description":"Das Mercurius Drachenpapier ist ein festes Wachspapier in 11 verschiedenen Farben, das zum Basteln von Drachen, bunten Fensterdekorationen, Windlichtern und Sternen verwendet wird.","breadcrumb":{"@id":"https:\/\/teiaeducation.ch\/de\/produkt\/drachenpapier-mercurius\/#breadcrumb"},"inLanguage":"de-CH","potentialAction":[{"@type":"ReadAction","target":["https:\/\/teiaeducation.ch\/de\/produkt\/drachenpapier-mercurius\/"]}]},{"@type":"ImageObject","inLanguage":"de-CH","@id":"https:\/\/teiaeducation.ch\/de\/produkt\/drachenpapier-mercurius\/#primaryimage","url":"https:\/\/teiaeducation.ch\/wp-content\/uploads\/2021\/10\/Kite-wax-paper-5-blocks-in-11-assorted-colours-Mercurius.jpg","contentUrl":"https:\/\/teiaeducation.ch\/wp-content\/uploads\/2021\/10\/Kite-wax-paper-5-blocks-in-11-assorted-colours-Mercurius.jpg","width":560,"height":560,"caption":"Drachenpapier 5 Bl\u00f6cke in 11 sortierten Farben - Mercurius"},{"@type":"BreadcrumbList","@id":"https:\/\/teiaeducation.ch\/de\/produkt\/drachenpapier-mercurius\/#breadcrumb","itemListElement":[{"@type":"ListItem","position":1,"name":"Home","item":"https:\/\/teiaeducation.ch\/de\/"},{"@type":"ListItem","position":2,"name":"Laden","item":"https:\/\/teiaeducation.ch\/de\/shop\/"},{"@type":"ListItem","position":3,"name":"Unsere Marken","item":"https:\/\/teiaeducation.ch\/de\/produkt-kategorie\/unsere-marken\/"},{"@type":"ListItem","position":4,"name":"Mercurius","item":"https:\/\/teiaeducation.ch\/de\/produkt-kategorie\/unsere-marken\/mercurius-de\/"},{"@type":"ListItem","position":5,"name":"Drachenpapier &#8211; Mercurius"}]},{"@type":"WebSite","@id":"https:\/\/teiaeducation.ch\/de\/#website","url":"https:\/\/teiaeducation.ch\/de\/","name":"Sustainable Educational Products &amp; Ecological Toys\u00a0","description":"Specialised Swiss shop selling sustainable educational toys and games, AMI certified Montessori materials, handmade ecological wooden Waldorf toys and arts &amp; crafts supplies, school supplies, children&#039;s furniture and Montessori reference and parenting books.","publisher":{"@id":"https:\/\/teiaeducation.ch\/de\/#organization"},"alternateName":"Teia Education & Play","potentialAction":[{"@type":"SearchAction","target":{"@type":"EntryPoint","urlTemplate":"https:\/\/teiaeducation.ch\/de\/?s={search_term_string}"},"query-input":{"@type":"PropertyValueSpecification","valueRequired":true,"valueName":"search_term_string"}}],"inLanguage":"de-CH"},{"@type":"Organization","@id":"https:\/\/teiaeducation.ch\/de\/#organization","name":"Teia Education & Play","url":"https:\/\/teiaeducation.ch\/de\/","logo":{"@type":"ImageObject","inLanguage":"de-CH","@id":"https:\/\/teiaeducation.ch\/de\/#\/schema\/logo\/image\/","url":"https:\/\/teiaeducation.ch\/wp-content\/uploads\/2020\/11\/Teia-Education-Switzerland-e1620156442216.jpg","contentUrl":"https:\/\/teiaeducation.ch\/wp-content\/uploads\/2020\/11\/Teia-Education-Switzerland-e1620156442216.jpg","width":166,"height":145,"caption":"Teia Education & Play"},"image":{"@id":"https:\/\/teiaeducation.ch\/de\/#\/schema\/logo\/image\/"},"sameAs":["https:\/\/www.facebook.com\/teiaeducation\/","https:\/\/x.com\/EducationTeia","https:\/\/www.instagram.com\/teia.education\/","https:\/\/www.linkedin.com\/company\/35501660","https:\/\/www.pinterest.ch\/TeiaEducation\/"]}]}},"_links":{"self":[{"href":"https:\/\/teiaeducation.ch\/de\/wp-json\/wp\/v2\/product\/59790","targetHints":{"allow":["GET"]}}],"collection":[{"href":"https:\/\/teiaeducation.ch\/de\/wp-json\/wp\/v2\/product"}],"about":[{"href":"https:\/\/teiaeducation.ch\/de\/wp-json\/wp\/v2\/types\/product"}],"replies":[{"embeddable":true,"href":"https:\/\/teiaeducation.ch\/de\/wp-json\/wp\/v2\/comments?post=59790"}],"wp:featuredmedia":[{"embeddable":true,"href":"https:\/\/teiaeducation.ch\/de\/wp-json\/wp\/v2\/media\/59791"}],"wp:attachment":[{"href":"https:\/\/teiaeducation.ch\/de\/wp-json\/wp\/v2\/media?parent=59790"}],"wp:term":[{"taxonomy":"product_brand","embeddable":true,"href":"https:\/\/teiaeducation.ch\/de\/wp-json\/wp\/v2\/product_brand?post=59790"},{"taxonomy":"product_cat","embeddable":true,"href":"https:\/\/teiaeducation.ch\/de\/wp-json\/wp\/v2\/product_cat?post=59790"},{"taxonomy":"product_tag","embeddable":true,"href":"https:\/\/teiaeducation.ch\/de\/wp-json\/wp\/v2\/product_tag?post=59790"}],"curies":[{"name":"wp","href":"https:\/\/api.w.org\/{rel}","templated":true}]}}