{"id":59801,"date":"2021-10-04T14:34:57","date_gmt":"2021-10-04T12:34:57","guid":{"rendered":"https:\/\/teiaeducation.ch\/product\/tafelkreide-anti-staub-12-mercurius\/"},"modified":"2024-04-02T13:11:48","modified_gmt":"2024-04-02T11:11:48","slug":"tafelkreide-anti-staub-12-mercurius","status":"publish","type":"product","link":"https:\/\/teiaeducation.ch\/de\/produkt\/tafelkreide-anti-staub-12-mercurius\/","title":{"rendered":"Tafelkreide Anti-Staub (12) &#8211; Mercurius"},"content":{"rendered":"<p>Dieses wunderbare Mercurius-Set mit 12 staubfreien Tafelkreidestiften in 9 verschiedenen Farben wird in den Niederlanden von der Zuid-Hollandse krijtindustrie f\u00fcr Mercurius hergestellt, einem f\u00fchrenden Hersteller von hochwertigem Waldorf-Kunstzubeh\u00f6r.<\/p>\n<p>Diese exklusiv f\u00fcr Mercurius hergestellten harten, staubfreien Kreidestifte erm\u00f6glichen das Schreiben auf Tafeln, ohne Kreidestaub oder Kreidefinger zu verursachen. Sie liegen sicher in Erwachsenen- und Kinderh\u00e4nden und bieten h\u00f6chste Qualit\u00e4t f\u00fcr zufriedenstellendes <a href=\"https:\/\/teiaeducation.ch\/product-category\/learning-themes\/literacy-language\/learning-to-write\/\">Schreiben<\/a> und machen das Erstellen sch\u00f6ner Waldorf-<a href=\"https:\/\/teiaeducation.ch\/product\/waldorf-wooden-chalkboard-mercurius\/\">Tafelzeichnungen<\/a> leicht.<\/p>\n<p>Die Kreidestifte sind ein Muss f\u00fcr jeden Lehrer. Sie bieten eine hohe Pigmentausbeute, erm\u00f6glichen einen \u00fcppigen Auftrag und lassen sich f\u00fcr subtile Schattierungen, Tiefe und Farbverl\u00e4ufe leicht verblenden. Die St\u00e4bchen lassen sich leicht in kleinere St\u00fccke brechen, um damit k\u00fcnstlerisch zu zeichnen.<\/p>\n<p>Diese 12-Tafelkreide-Kollektion umfasst die folgenden Farben:<br \/>\nKarminrot x 2 | Zinnoberrot | Orange | Gelb x 2 | Gr\u00fcn x 2 | Hellblau | Kobaltblau | Flieder | Braun<\/p>\n<p>Die staubfreien Tafelkreidestifte sind ein langlebiges Kunstzubeh\u00f6r, das Sie immer wieder in der Schule, in der Ausbildung oder f\u00fcr viele lustige, kreative Bastelarbeiten zu Hause verwenden werden!<\/p>\n<p>Jeder Kreidestift hat eine L\u00e4nge von 8 cm und einen Durchmesser von 0,95 cm. Sie werden in den Niederlanden aus Kalziumsulfat hergestellt und in einer sch\u00f6nen Aufbewahrungsbox aus Karton geliefert.<\/p>\n<p>Inhalt:<\/p>\n<p>12 Tafelkreide Anti-Staub in 9 Farben<br \/>\n1 Kartondose<\/p>\n<h2>\u00dcber Mercurius<\/h2>\n<p><a href=\"https:\/\/teiaeducation.ch\/product-category\/brands\/mercurius\/\">Mercurius<\/a> ist der Hauptlieferant f\u00fcr <a href=\"https:\/\/teiaeducation.ch\/waldorf-steiner-schools-supplies\/\">Waldorfschulen<\/a> weltweit und ist ein spezialisierter Anbieter von hochwertigen und einzigartigen <a href=\"https:\/\/teiaeducation.ch\/product-category\/creative-art-craft\/\">kreativen Materialien<\/a>, <a href=\"https:\/\/teiaeducation.ch\/product-category\/hgh-quality-toys-play\/handmade-wooden-toys\/\">handgefertigtes Spielzeug<\/a> und Materialien zur Unterst\u00fctzung des Waldorf Lehrplans. Alle Mercurius Produkte sind speziell auf die Bed\u00fcrfnisse der <a href=\"https:\/\/teiaeducation.ch\/product-category\/education-method\/waldorf-steiner-toys-craft-materials\/\">Waldorfschulen<\/a> und der Erziehung zu Hause abgestimmt. Mercurius ist der weltweite Vertreter der bekannten Waldorfmarken <a href=\"https:\/\/teiaeducation.ch\/product-category\/brands\/stockmar\/\">Stockmar<\/a>, <a href=\"https:\/\/teiaeducation.ch\/product-category\/brands\/debresk\/\">Debresk<\/a>, <a href=\"https:\/\/teiaeducation.ch\/product-category\/brands\/filia\/\">Filia<\/a> und vieler anderer.<\/p>\n<p>Das Mercurius Kernsortiment umfasst Produkte, die zug\u00e4nglich, angemessen und erschwinglich sind und Lehrpl\u00e4ne wie Kunst- und <a href=\"https:\/\/teiaeducation.ch\/product-category\/learning-themes\/sensory-motor-skills\/music\/\">Musikunterricht<\/a>, klassischen Waldorfschulbedarf, Spielzeug und hochwertige <a href=\"https:\/\/teiaeducation.ch\/product-category\/classroom-essentials\/furniture-storage\/\">Schulm\u00f6bel<\/a> abdecken.<\/p>\n<p>Als sozial und \u00f6kologisch verantwortungsbewusstes Unternehmen ist Mercurius bestrebt, nur qualitativ hochwertige und sichere Produkte anzubieten, die alle geltenden Normen erf\u00fcllen. Alle ihre Produkte werden umfangreichen Sicherheits- und Umwelttests unterzogen. Soziale Eingliederung und eine f\u00fcr beide Seiten vorteilhafte Zusammenarbeit sind grundlegende Prinzipien. Mercurius ist bestrebt, Produkte und Dienstleistungen von Organisationen zu beziehen, die Menschen mit Behinderungen besch\u00e4ftigen, sowie von anderen Anbietern, deren soziale und \u00f6kologische Grunds\u00e4tze mit denen von Mercurius \u00fcbereinstimmen.<\/p>\n","protected":false},"excerpt":{"rendered":"<p>Artikelnummer: 20710112<\/p>\n<p>Die Mercurius Waldorf Tafelkreide Anti-Staub in 9 sch\u00f6nen sortierten Farben erm\u00f6glicht das Schreiben auf Tafeln ohne Kreidestaub und Kreidefinger!<\/p>\n","protected":false},"featured_media":59802,"comment_status":"open","ping_status":"closed","template":"","meta":[],"product_brand":[],"product_cat":[21445,21446,23651,21479,21447,21579,21443,21563,22362,21564,21483,21450],"product_tag":[26326,26327,28683,28684,28682,26957,28671,26363,28680,28681,28679,28669],"class_list":{"0":"post-59801","1":"product","2":"type-product","3":"status-publish","4":"has-post-thumbnail","6":"product_cat-3-6-jahre-vorschule","7":"product_cat-6-12-jahre-grundschule","8":"product_cat-back-to-school-de","9":"product_cat-lernmaterialien-spielzeug-montessori-waldorf-steiner-froebel","10":"product_cat-malen-basteln","11":"product_cat-mercurius-de","12":"product_cat-nach-alter","13":"product_cat-neuheiten","14":"product_cat-saisonale-kollektionen","15":"product_cat-unsere-marken","16":"product_cat-waldorf-steiner-paedagogik","17":"product_cat-zeichnen-malen","18":"product_tag-mercurius-de","19":"product_tag-mercurius-kunstbedarf","20":"product_tag-sudhollandische-kreideindustrie-mercurius","21":"product_tag-tafelkreide-anti-staub","22":"product_tag-tafelkreide-anti-staub-12-sortierte-farben","23":"product_tag-waldorf-farben","24":"product_tag-waldorf-farbung","25":"product_tag-waldorf-kunstbedarf","26":"product_tag-waldorf-tafelkreide-anti-staub","27":"product_tag-waldorf-tafelkreide-anti-staub-de","28":"product_tag-waldorf-tafelzeichnung","29":"product_tag-waldorfkunstbedarf-schweiz","31":"first","32":"outofstock","33":"taxable","34":"shipping-taxable","35":"purchasable","36":"product-type-simple"},"yoast_head":"<!-- This site is optimized with the Yoast SEO plugin v27.1.1 - https:\/\/yoast.com\/product\/yoast-seo-wordpress\/ -->\n<title>Tafelkreide Anti-Staub (12) - Mercurius<\/title>\n<meta name=\"description\" content=\"Die Mercurius Waldorf Tafelkreide Anti-Staub in 9 sch\u00f6nen sortierten Farben erm\u00f6glicht das Schreiben auf Tafeln ohne Kreidestaub oder Kreidefinger zu verursachen.\" \/>\n<meta name=\"robots\" content=\"index, follow, max-snippet:-1, max-image-preview:large, max-video-preview:-1\" \/>\n<link rel=\"canonical\" href=\"https:\/\/teiaeducation.ch\/de\/produkt\/tafelkreide-anti-staub-12-mercurius\/\" \/>\n<meta property=\"og:locale\" content=\"de_DE\" \/>\n<meta property=\"og:type\" content=\"article\" \/>\n<meta property=\"og:title\" content=\"Tafelkreide Anti-Staub (12) - Mercurius\" \/>\n<meta property=\"og:description\" content=\"Die Mercurius Waldorf Tafelkreide Anti-Staub in 9 sch\u00f6nen sortierten Farben erm\u00f6glicht das Schreiben auf Tafeln ohne Kreidestaub oder Kreidefinger zu verursachen.\" \/>\n<meta property=\"og:url\" content=\"https:\/\/teiaeducation.ch\/de\/produkt\/tafelkreide-anti-staub-12-mercurius\/\" \/>\n<meta property=\"og:site_name\" content=\"Sustainable Educational Products &amp; Ecological Toys\u00a0\" \/>\n<meta property=\"article:publisher\" content=\"https:\/\/www.facebook.com\/teiaeducation\/\" \/>\n<meta property=\"article:modified_time\" content=\"2024-04-02T11:11:48+00:00\" \/>\n<meta property=\"og:image\" content=\"https:\/\/teiaeducation.ch\/wp-content\/uploads\/2021\/10\/Blackboard-chalk-anti-dust-12-assorted-colours-Waldorf-blackboard-drawing-Mercurius-.jpg\" \/>\n\t<meta property=\"og:image:width\" content=\"800\" \/>\n\t<meta property=\"og:image:height\" content=\"800\" \/>\n\t<meta property=\"og:image:type\" content=\"image\/jpeg\" \/>\n<script type=\"application\/ld+json\" class=\"yoast-schema-graph\">{\"@context\":\"https:\/\/schema.org\",\"@graph\":[{\"@type\":\"WebPage\",\"@id\":\"https:\/\/teiaeducation.ch\/de\/produkt\/tafelkreide-anti-staub-12-mercurius\/\",\"url\":\"https:\/\/teiaeducation.ch\/de\/produkt\/tafelkreide-anti-staub-12-mercurius\/\",\"name\":\"Tafelkreide Anti-Staub (12) - Mercurius\",\"isPartOf\":{\"@id\":\"https:\/\/teiaeducation.ch\/de\/#website\"},\"primaryImageOfPage\":{\"@id\":\"https:\/\/teiaeducation.ch\/de\/produkt\/tafelkreide-anti-staub-12-mercurius\/#primaryimage\"},\"image\":{\"@id\":\"https:\/\/teiaeducation.ch\/de\/produkt\/tafelkreide-anti-staub-12-mercurius\/#primaryimage\"},\"thumbnailUrl\":\"https:\/\/teiaeducation.ch\/wp-content\/uploads\/2021\/10\/Blackboard-chalk-anti-dust-12-assorted-colours-Waldorf-blackboard-drawing-Mercurius-.jpg\",\"datePublished\":\"2021-10-04T12:34:57+00:00\",\"dateModified\":\"2024-04-02T11:11:48+00:00\",\"description\":\"Die Mercurius Waldorf Tafelkreide Anti-Staub in 9 sch\u00f6nen sortierten Farben erm\u00f6glicht das Schreiben auf Tafeln ohne Kreidestaub oder Kreidefinger zu verursachen.\",\"breadcrumb\":{\"@id\":\"https:\/\/teiaeducation.ch\/de\/produkt\/tafelkreide-anti-staub-12-mercurius\/#breadcrumb\"},\"inLanguage\":\"de-CH\",\"potentialAction\":[{\"@type\":\"ReadAction\",\"target\":[\"https:\/\/teiaeducation.ch\/de\/produkt\/tafelkreide-anti-staub-12-mercurius\/\"]}]},{\"@type\":\"ImageObject\",\"inLanguage\":\"de-CH\",\"@id\":\"https:\/\/teiaeducation.ch\/de\/produkt\/tafelkreide-anti-staub-12-mercurius\/#primaryimage\",\"url\":\"https:\/\/teiaeducation.ch\/wp-content\/uploads\/2021\/10\/Blackboard-chalk-anti-dust-12-assorted-colours-Waldorf-blackboard-drawing-Mercurius-.jpg\",\"contentUrl\":\"https:\/\/teiaeducation.ch\/wp-content\/uploads\/2021\/10\/Blackboard-chalk-anti-dust-12-assorted-colours-Waldorf-blackboard-drawing-Mercurius-.jpg\",\"width\":800,\"height\":800,\"caption\":\"Tafelkreide Anti-Staub 12 Farben sortiert \/ Waldorf staubfreie Tafelzeichnung - Zuid-Hollandse krijtindustrie f\u00fcr Mercurius\"},{\"@type\":\"BreadcrumbList\",\"@id\":\"https:\/\/teiaeducation.ch\/de\/produkt\/tafelkreide-anti-staub-12-mercurius\/#breadcrumb\",\"itemListElement\":[{\"@type\":\"ListItem\",\"position\":1,\"name\":\"Home\",\"item\":\"https:\/\/teiaeducation.ch\/de\/\"},{\"@type\":\"ListItem\",\"position\":2,\"name\":\"Laden\",\"item\":\"https:\/\/teiaeducation.ch\/de\/shop\/\"},{\"@type\":\"ListItem\",\"position\":3,\"name\":\"Unsere Marken\",\"item\":\"https:\/\/teiaeducation.ch\/de\/produkt-kategorie\/unsere-marken\/\"},{\"@type\":\"ListItem\",\"position\":4,\"name\":\"Mercurius\",\"item\":\"https:\/\/teiaeducation.ch\/de\/produkt-kategorie\/unsere-marken\/mercurius-de\/\"},{\"@type\":\"ListItem\",\"position\":5,\"name\":\"Tafelkreide Anti-Staub (12) &#8211; Mercurius\"}]},{\"@type\":\"WebSite\",\"@id\":\"https:\/\/teiaeducation.ch\/de\/#website\",\"url\":\"https:\/\/teiaeducation.ch\/de\/\",\"name\":\"Sustainable Educational Products &amp; Ecological Toys\u00a0\",\"description\":\"Specialised Swiss shop selling sustainable educational toys and games, AMI certified Montessori materials, handmade ecological wooden Waldorf toys and arts &amp; crafts supplies, school supplies, children&#039;s furniture and Montessori reference and parenting books.\",\"publisher\":{\"@id\":\"https:\/\/teiaeducation.ch\/de\/#organization\"},\"alternateName\":\"Teia Education & Play\",\"potentialAction\":[{\"@type\":\"SearchAction\",\"target\":{\"@type\":\"EntryPoint\",\"urlTemplate\":\"https:\/\/teiaeducation.ch\/de\/?s={search_term_string}\"},\"query-input\":{\"@type\":\"PropertyValueSpecification\",\"valueRequired\":true,\"valueName\":\"search_term_string\"}}],\"inLanguage\":\"de-CH\"},{\"@type\":\"Organization\",\"@id\":\"https:\/\/teiaeducation.ch\/de\/#organization\",\"name\":\"Teia Education & Play\",\"url\":\"https:\/\/teiaeducation.ch\/de\/\",\"logo\":{\"@type\":\"ImageObject\",\"inLanguage\":\"de-CH\",\"@id\":\"https:\/\/teiaeducation.ch\/de\/#\/schema\/logo\/image\/\",\"url\":\"https:\/\/teiaeducation.ch\/wp-content\/uploads\/2020\/11\/Teia-Education-Switzerland-e1620156442216.jpg\",\"contentUrl\":\"https:\/\/teiaeducation.ch\/wp-content\/uploads\/2020\/11\/Teia-Education-Switzerland-e1620156442216.jpg\",\"width\":166,\"height\":145,\"caption\":\"Teia Education & Play\"},\"image\":{\"@id\":\"https:\/\/teiaeducation.ch\/de\/#\/schema\/logo\/image\/\"},\"sameAs\":[\"https:\/\/www.facebook.com\/teiaeducation\/\",\"https:\/\/x.com\/EducationTeia\",\"https:\/\/www.instagram.com\/teia.education\/\",\"https:\/\/www.linkedin.com\/company\/35501660\",\"https:\/\/www.pinterest.ch\/TeiaEducation\/\"]}]}<\/script>\n<!-- \/ Yoast SEO plugin. -->","yoast_head_json":{"title":"Tafelkreide Anti-Staub (12) - Mercurius","description":"Die Mercurius Waldorf Tafelkreide Anti-Staub in 9 sch\u00f6nen sortierten Farben erm\u00f6glicht das Schreiben auf Tafeln ohne Kreidestaub oder Kreidefinger zu verursachen.","robots":{"index":"index","follow":"follow","max-snippet":"max-snippet:-1","max-image-preview":"max-image-preview:large","max-video-preview":"max-video-preview:-1"},"canonical":"https:\/\/teiaeducation.ch\/de\/produkt\/tafelkreide-anti-staub-12-mercurius\/","og_locale":"de_DE","og_type":"article","og_title":"Tafelkreide Anti-Staub (12) - Mercurius","og_description":"Die Mercurius Waldorf Tafelkreide Anti-Staub in 9 sch\u00f6nen sortierten Farben erm\u00f6glicht das Schreiben auf Tafeln ohne Kreidestaub oder Kreidefinger zu verursachen.","og_url":"https:\/\/teiaeducation.ch\/de\/produkt\/tafelkreide-anti-staub-12-mercurius\/","og_site_name":"Sustainable Educational Products &amp; Ecological Toys\u00a0","article_publisher":"https:\/\/www.facebook.com\/teiaeducation\/","article_modified_time":"2024-04-02T11:11:48+00:00","og_image":[{"width":800,"height":800,"url":"https:\/\/teiaeducation.ch\/wp-content\/uploads\/2021\/10\/Blackboard-chalk-anti-dust-12-assorted-colours-Waldorf-blackboard-drawing-Mercurius-.jpg","type":"image\/jpeg"}],"schema":{"@context":"https:\/\/schema.org","@graph":[{"@type":"WebPage","@id":"https:\/\/teiaeducation.ch\/de\/produkt\/tafelkreide-anti-staub-12-mercurius\/","url":"https:\/\/teiaeducation.ch\/de\/produkt\/tafelkreide-anti-staub-12-mercurius\/","name":"Tafelkreide Anti-Staub (12) - Mercurius","isPartOf":{"@id":"https:\/\/teiaeducation.ch\/de\/#website"},"primaryImageOfPage":{"@id":"https:\/\/teiaeducation.ch\/de\/produkt\/tafelkreide-anti-staub-12-mercurius\/#primaryimage"},"image":{"@id":"https:\/\/teiaeducation.ch\/de\/produkt\/tafelkreide-anti-staub-12-mercurius\/#primaryimage"},"thumbnailUrl":"https:\/\/teiaeducation.ch\/wp-content\/uploads\/2021\/10\/Blackboard-chalk-anti-dust-12-assorted-colours-Waldorf-blackboard-drawing-Mercurius-.jpg","datePublished":"2021-10-04T12:34:57+00:00","dateModified":"2024-04-02T11:11:48+00:00","description":"Die Mercurius Waldorf Tafelkreide Anti-Staub in 9 sch\u00f6nen sortierten Farben erm\u00f6glicht das Schreiben auf Tafeln ohne Kreidestaub oder Kreidefinger zu verursachen.","breadcrumb":{"@id":"https:\/\/teiaeducation.ch\/de\/produkt\/tafelkreide-anti-staub-12-mercurius\/#breadcrumb"},"inLanguage":"de-CH","potentialAction":[{"@type":"ReadAction","target":["https:\/\/teiaeducation.ch\/de\/produkt\/tafelkreide-anti-staub-12-mercurius\/"]}]},{"@type":"ImageObject","inLanguage":"de-CH","@id":"https:\/\/teiaeducation.ch\/de\/produkt\/tafelkreide-anti-staub-12-mercurius\/#primaryimage","url":"https:\/\/teiaeducation.ch\/wp-content\/uploads\/2021\/10\/Blackboard-chalk-anti-dust-12-assorted-colours-Waldorf-blackboard-drawing-Mercurius-.jpg","contentUrl":"https:\/\/teiaeducation.ch\/wp-content\/uploads\/2021\/10\/Blackboard-chalk-anti-dust-12-assorted-colours-Waldorf-blackboard-drawing-Mercurius-.jpg","width":800,"height":800,"caption":"Tafelkreide Anti-Staub 12 Farben sortiert \/ Waldorf staubfreie Tafelzeichnung - Zuid-Hollandse krijtindustrie f\u00fcr Mercurius"},{"@type":"BreadcrumbList","@id":"https:\/\/teiaeducation.ch\/de\/produkt\/tafelkreide-anti-staub-12-mercurius\/#breadcrumb","itemListElement":[{"@type":"ListItem","position":1,"name":"Home","item":"https:\/\/teiaeducation.ch\/de\/"},{"@type":"ListItem","position":2,"name":"Laden","item":"https:\/\/teiaeducation.ch\/de\/shop\/"},{"@type":"ListItem","position":3,"name":"Unsere Marken","item":"https:\/\/teiaeducation.ch\/de\/produkt-kategorie\/unsere-marken\/"},{"@type":"ListItem","position":4,"name":"Mercurius","item":"https:\/\/teiaeducation.ch\/de\/produkt-kategorie\/unsere-marken\/mercurius-de\/"},{"@type":"ListItem","position":5,"name":"Tafelkreide Anti-Staub (12) &#8211; Mercurius"}]},{"@type":"WebSite","@id":"https:\/\/teiaeducation.ch\/de\/#website","url":"https:\/\/teiaeducation.ch\/de\/","name":"Sustainable Educational Products &amp; Ecological Toys\u00a0","description":"Specialised Swiss shop selling sustainable educational toys and games, AMI certified Montessori materials, handmade ecological wooden Waldorf toys and arts &amp; crafts supplies, school supplies, children&#039;s furniture and Montessori reference and parenting books.","publisher":{"@id":"https:\/\/teiaeducation.ch\/de\/#organization"},"alternateName":"Teia Education & Play","potentialAction":[{"@type":"SearchAction","target":{"@type":"EntryPoint","urlTemplate":"https:\/\/teiaeducation.ch\/de\/?s={search_term_string}"},"query-input":{"@type":"PropertyValueSpecification","valueRequired":true,"valueName":"search_term_string"}}],"inLanguage":"de-CH"},{"@type":"Organization","@id":"https:\/\/teiaeducation.ch\/de\/#organization","name":"Teia Education & Play","url":"https:\/\/teiaeducation.ch\/de\/","logo":{"@type":"ImageObject","inLanguage":"de-CH","@id":"https:\/\/teiaeducation.ch\/de\/#\/schema\/logo\/image\/","url":"https:\/\/teiaeducation.ch\/wp-content\/uploads\/2020\/11\/Teia-Education-Switzerland-e1620156442216.jpg","contentUrl":"https:\/\/teiaeducation.ch\/wp-content\/uploads\/2020\/11\/Teia-Education-Switzerland-e1620156442216.jpg","width":166,"height":145,"caption":"Teia Education & Play"},"image":{"@id":"https:\/\/teiaeducation.ch\/de\/#\/schema\/logo\/image\/"},"sameAs":["https:\/\/www.facebook.com\/teiaeducation\/","https:\/\/x.com\/EducationTeia","https:\/\/www.instagram.com\/teia.education\/","https:\/\/www.linkedin.com\/company\/35501660","https:\/\/www.pinterest.ch\/TeiaEducation\/"]}]}},"_links":{"self":[{"href":"https:\/\/teiaeducation.ch\/de\/wp-json\/wp\/v2\/product\/59801","targetHints":{"allow":["GET"]}}],"collection":[{"href":"https:\/\/teiaeducation.ch\/de\/wp-json\/wp\/v2\/product"}],"about":[{"href":"https:\/\/teiaeducation.ch\/de\/wp-json\/wp\/v2\/types\/product"}],"replies":[{"embeddable":true,"href":"https:\/\/teiaeducation.ch\/de\/wp-json\/wp\/v2\/comments?post=59801"}],"wp:featuredmedia":[{"embeddable":true,"href":"https:\/\/teiaeducation.ch\/de\/wp-json\/wp\/v2\/media\/59802"}],"wp:attachment":[{"href":"https:\/\/teiaeducation.ch\/de\/wp-json\/wp\/v2\/media?parent=59801"}],"wp:term":[{"taxonomy":"product_brand","embeddable":true,"href":"https:\/\/teiaeducation.ch\/de\/wp-json\/wp\/v2\/product_brand?post=59801"},{"taxonomy":"product_cat","embeddable":true,"href":"https:\/\/teiaeducation.ch\/de\/wp-json\/wp\/v2\/product_cat?post=59801"},{"taxonomy":"product_tag","embeddable":true,"href":"https:\/\/teiaeducation.ch\/de\/wp-json\/wp\/v2\/product_tag?post=59801"}],"curies":[{"name":"wp","href":"https:\/\/api.w.org\/{rel}","templated":true}]}}