{"id":59803,"date":"2021-10-04T13:49:07","date_gmt":"2021-10-04T11:49:07","guid":{"rendered":"https:\/\/teiaeducation.ch\/product\/waldorf-schultafel-mercurius\/"},"modified":"2024-04-02T13:22:38","modified_gmt":"2024-04-02T11:22:38","slug":"waldorf-schultafel-mercurius","status":"publish","type":"product","link":"https:\/\/teiaeducation.ch\/de\/produkt\/waldorf-schultafel-mercurius\/","title":{"rendered":"Waldorf Schultafel &#8211; Mercurius"},"content":{"rendered":"<p>Diese wunderbare Mercurius Schultafel aus Holz macht das Erstellen von sch\u00f6nen Waldorf-Tafelzeichnungen leicht und ist ein Muss f\u00fcr jeden Waldorflehrer oder -sch\u00fcler!<\/p>\n<p>Die Tafel ist aus wasserfest lackiertem Sperrholz gefertigt und hat abgerundete Ecken. Sie besteht aus einer sehr hochwertigen, einseitig gespritzten Lackschicht aus echtem schwarzem Schultafellack, um ihre Langlebigkeit zu gew\u00e4hrleisten. Diese Schultafel kann endlos abgewischt, geb\u00fcrstet oder mit Wasser gereinigt werden, ohne dass die Gefahr besteht, dass die Kreidefarbe oder gar Zeichnungen sichtbar bleiben.<\/p>\n<p>Damit der Lack nicht besch\u00e4digt wird, empfiehlt es sich, nur die ultraglatten Mercurius-<a href=\"https:\/\/teiaeducation.ch\/product\/waldorf-blackboard-chalk-12-mercurius\/\">Tafelkreidestifte<\/a> oder T<a href=\"https:\/\/teiaeducation.ch\/product\/blackboard-chalk-anti-dust-12-mercurius\/\">afelkreidestaub<\/a> zu verwenden.<\/p>\n<p>Die Schultafel ist ein langlebiges Kunstzubeh\u00f6r, das Sie immer wieder in der Schule, in der Ausbildung oder f\u00fcr viele lustige, kreative Bastelarbeiten zu Hause verwenden werden! Die Schultafel ist in Deutschland hergestellt und in unserem Shop in den Gr\u00f6\u00dfen 30 x 40cm und 40 x 55cm erh\u00e4ltlich. Bitte w\u00e4hlen Sie die gew\u00fcnschte Gr\u00f6\u00dfe.<\/p>\n<p>Inhalt:<\/p>\n<p>1 Schultafel (30 x 40cm \/ 40 x 55cm)<\/p>\n<h2>\u00dcber Mercurius<\/h2>\n<p><a href=\"https:\/\/teiaeducation.ch\/product-category\/brands\/mercurius\/\">Mercurius<\/a> ist der Hauptlieferant f\u00fcr <a href=\"https:\/\/teiaeducation.ch\/waldorf-steiner-schools-supplies\/\">Waldorfschulen<\/a> weltweit und ist ein spezialisierter Anbieter von hochwertigen und einzigartigen <a href=\"https:\/\/teiaeducation.ch\/product-category\/creative-art-craft\/\">kreativen Materialien<\/a>, <a href=\"https:\/\/teiaeducation.ch\/product-category\/hgh-quality-toys-play\/handmade-wooden-toys\/\">handgefertigtes Spielzeug<\/a> und Materialien zur Unterst\u00fctzung des Waldorf Lehrplans. Alle Mercurius Produkte sind speziell auf die Bed\u00fcrfnisse der <a href=\"https:\/\/teiaeducation.ch\/product-category\/education-method\/waldorf-steiner-toys-craft-materials\/\">Waldorfschulen<\/a> und der Erziehung zu Hause abgestimmt. Mercurius ist der weltweite Vertreter der bekannten Waldorfmarken <a href=\"https:\/\/teiaeducation.ch\/product-category\/brands\/stockmar\/\">Stockmar<\/a>, <a href=\"https:\/\/teiaeducation.ch\/product-category\/brands\/debresk\/\">Debresk<\/a>, <a href=\"https:\/\/teiaeducation.ch\/product-category\/brands\/filia\/\">Filia<\/a> und vieler anderer.<\/p>\n<p>Das Mercurius Kernsortiment umfasst Produkte, die zug\u00e4nglich, angemessen und erschwinglich sind und Lehrpl\u00e4ne wie Kunst- und <a href=\"https:\/\/teiaeducation.ch\/product-category\/learning-themes\/sensory-motor-skills\/music\/\">Musikunterricht<\/a>, klassischen Waldorfschulbedarf, Spielzeug und hochwertige <a href=\"https:\/\/teiaeducation.ch\/product-category\/classroom-essentials\/furniture-storage\/\">Schulm\u00f6bel<\/a> abdecken.<\/p>\n<p>Als sozial und \u00f6kologisch verantwortungsbewusstes Unternehmen ist Mercurius bestrebt, nur qualitativ hochwertige und sichere Produkte anzubieten, die alle geltenden Normen erf\u00fcllen. Alle ihre Produkte werden umfangreichen Sicherheits- und Umwelttests unterzogen. Soziale Eingliederung und eine f\u00fcr beide Seiten vorteilhafte Zusammenarbeit sind grundlegende Prinzipien. Mercurius ist bestrebt, Produkte und Dienstleistungen von Organisationen zu beziehen, die Menschen mit Behinderungen besch\u00e4ftigen, sowie von anderen Anbietern, deren soziale und \u00f6kologische Grunds\u00e4tze mit denen von Mercurius \u00fcbereinstimmen.<\/p>\n","protected":false},"excerpt":{"rendered":"<p>Artikelnummer: 25921001<\/p>\n<p>Die Mercurius Schultafel macht das Erstellen von sch\u00f6nen Waldorf-Tafelzeichnungen leicht und ist ein Muss f\u00fcr jeden Waldorflehrer oder -sch\u00fcler!<\/p>\n","protected":false},"featured_media":59804,"comment_status":"open","ping_status":"closed","template":"","meta":[],"product_brand":[],"product_cat":[21445,21446,23651,21479,21447,21579,21443,21563,22362,21564,21483,21450],"product_tag":[26326,26327,28687,28688,26957,28671,26363,28685,28679,28686,28669],"class_list":{"0":"post-59803","1":"product","2":"type-product","3":"status-publish","4":"has-post-thumbnail","6":"product_cat-3-6-jahre-vorschule","7":"product_cat-6-12-jahre-grundschule","8":"product_cat-back-to-school-de","9":"product_cat-lernmaterialien-spielzeug-montessori-waldorf-steiner-froebel","10":"product_cat-malen-basteln","11":"product_cat-mercurius-de","12":"product_cat-nach-alter","13":"product_cat-neuheiten","14":"product_cat-saisonale-kollektionen","15":"product_cat-unsere-marken","16":"product_cat-waldorf-steiner-paedagogik","17":"product_cat-zeichnen-malen","18":"product_tag-mercurius-de","19":"product_tag-mercurius-kunstbedarf","20":"product_tag-schultafel-mercurius","21":"product_tag-schultafel-waldorf","22":"product_tag-waldorf-farben","23":"product_tag-waldorf-farbung","24":"product_tag-waldorf-kunstbedarf","25":"product_tag-waldorf-tafelkreide-12-pastellfarben","26":"product_tag-waldorf-tafelzeichnung","27":"product_tag-waldorf-tafelzeichnung-de","28":"product_tag-waldorfkunstbedarf-schweiz","30":"first","31":"instock","32":"taxable","33":"shipping-taxable","34":"purchasable","35":"product-type-variable"},"yoast_head":"<!-- This site is optimized with the Yoast SEO plugin v27.1.1 - https:\/\/yoast.com\/product\/yoast-seo-wordpress\/ -->\n<title>Schultafel - Mercurius<\/title>\n<meta name=\"description\" content=\"Die Mercurius Schultafel macht das Erstellen von sch\u00f6nen Waldorf-Tafelzeichnungen leicht und ist ein Muss f\u00fcr jeden Waldorflehrer oder -sch\u00fcler.\" \/>\n<meta name=\"robots\" content=\"index, follow, max-snippet:-1, max-image-preview:large, max-video-preview:-1\" \/>\n<link rel=\"canonical\" href=\"https:\/\/teiaeducation.ch\/de\/produkt\/waldorf-schultafel-mercurius\/\" \/>\n<meta property=\"og:locale\" content=\"de_DE\" \/>\n<meta property=\"og:type\" content=\"article\" \/>\n<meta property=\"og:title\" content=\"Schultafel - Mercurius\" \/>\n<meta property=\"og:description\" content=\"Die Mercurius Schultafel macht das Erstellen von sch\u00f6nen Waldorf-Tafelzeichnungen leicht und ist ein Muss f\u00fcr jeden Waldorflehrer oder -sch\u00fcler.\" \/>\n<meta property=\"og:url\" content=\"https:\/\/teiaeducation.ch\/de\/produkt\/waldorf-schultafel-mercurius\/\" \/>\n<meta property=\"og:site_name\" content=\"Sustainable Educational Products &amp; Ecological Toys\u00a0\" \/>\n<meta property=\"article:publisher\" content=\"https:\/\/www.facebook.com\/teiaeducation\/\" \/>\n<meta property=\"article:modified_time\" content=\"2024-04-02T11:22:38+00:00\" \/>\n<meta property=\"og:image\" content=\"https:\/\/teiaeducation.ch\/wp-content\/uploads\/2021\/10\/Wooden-chalkboard-Mercurius-1.jpg\" \/>\n\t<meta property=\"og:image:width\" content=\"811\" \/>\n\t<meta property=\"og:image:height\" content=\"634\" \/>\n\t<meta property=\"og:image:type\" content=\"image\/jpeg\" \/>\n<script type=\"application\/ld+json\" class=\"yoast-schema-graph\">{\"@context\":\"https:\/\/schema.org\",\"@graph\":[{\"@type\":\"WebPage\",\"@id\":\"https:\/\/teiaeducation.ch\/de\/produkt\/waldorf-schultafel-mercurius\/\",\"url\":\"https:\/\/teiaeducation.ch\/de\/produkt\/waldorf-schultafel-mercurius\/\",\"name\":\"Schultafel - Mercurius\",\"isPartOf\":{\"@id\":\"https:\/\/teiaeducation.ch\/de\/#website\"},\"primaryImageOfPage\":{\"@id\":\"https:\/\/teiaeducation.ch\/de\/produkt\/waldorf-schultafel-mercurius\/#primaryimage\"},\"image\":{\"@id\":\"https:\/\/teiaeducation.ch\/de\/produkt\/waldorf-schultafel-mercurius\/#primaryimage\"},\"thumbnailUrl\":\"https:\/\/teiaeducation.ch\/wp-content\/uploads\/2021\/10\/Wooden-chalkboard-Mercurius-1.jpg\",\"datePublished\":\"2021-10-04T11:49:07+00:00\",\"dateModified\":\"2024-04-02T11:22:38+00:00\",\"description\":\"Die Mercurius Schultafel macht das Erstellen von sch\u00f6nen Waldorf-Tafelzeichnungen leicht und ist ein Muss f\u00fcr jeden Waldorflehrer oder -sch\u00fcler.\",\"breadcrumb\":{\"@id\":\"https:\/\/teiaeducation.ch\/de\/produkt\/waldorf-schultafel-mercurius\/#breadcrumb\"},\"inLanguage\":\"de-CH\",\"potentialAction\":[{\"@type\":\"ReadAction\",\"target\":[\"https:\/\/teiaeducation.ch\/de\/produkt\/waldorf-schultafel-mercurius\/\"]}]},{\"@type\":\"ImageObject\",\"inLanguage\":\"de-CH\",\"@id\":\"https:\/\/teiaeducation.ch\/de\/produkt\/waldorf-schultafel-mercurius\/#primaryimage\",\"url\":\"https:\/\/teiaeducation.ch\/wp-content\/uploads\/2021\/10\/Wooden-chalkboard-Mercurius-1.jpg\",\"contentUrl\":\"https:\/\/teiaeducation.ch\/wp-content\/uploads\/2021\/10\/Wooden-chalkboard-Mercurius-1.jpg\",\"width\":811,\"height\":634,\"caption\":\"Schultafel \/ Waldorf Tafelbild - Mercurius\"},{\"@type\":\"BreadcrumbList\",\"@id\":\"https:\/\/teiaeducation.ch\/de\/produkt\/waldorf-schultafel-mercurius\/#breadcrumb\",\"itemListElement\":[{\"@type\":\"ListItem\",\"position\":1,\"name\":\"Home\",\"item\":\"https:\/\/teiaeducation.ch\/de\/\"},{\"@type\":\"ListItem\",\"position\":2,\"name\":\"Laden\",\"item\":\"https:\/\/teiaeducation.ch\/de\/shop\/\"},{\"@type\":\"ListItem\",\"position\":3,\"name\":\"Unsere Marken\",\"item\":\"https:\/\/teiaeducation.ch\/de\/produkt-kategorie\/unsere-marken\/\"},{\"@type\":\"ListItem\",\"position\":4,\"name\":\"Mercurius\",\"item\":\"https:\/\/teiaeducation.ch\/de\/produkt-kategorie\/unsere-marken\/mercurius-de\/\"},{\"@type\":\"ListItem\",\"position\":5,\"name\":\"Waldorf Schultafel &#8211; Mercurius\"}]},{\"@type\":\"WebSite\",\"@id\":\"https:\/\/teiaeducation.ch\/de\/#website\",\"url\":\"https:\/\/teiaeducation.ch\/de\/\",\"name\":\"Sustainable Educational Products &amp; Ecological Toys\u00a0\",\"description\":\"Specialised Swiss shop selling sustainable educational toys and games, AMI certified Montessori materials, handmade ecological wooden Waldorf toys and arts &amp; crafts supplies, school supplies, children&#039;s furniture and Montessori reference and parenting books.\",\"publisher\":{\"@id\":\"https:\/\/teiaeducation.ch\/de\/#organization\"},\"alternateName\":\"Teia Education & Play\",\"potentialAction\":[{\"@type\":\"SearchAction\",\"target\":{\"@type\":\"EntryPoint\",\"urlTemplate\":\"https:\/\/teiaeducation.ch\/de\/?s={search_term_string}\"},\"query-input\":{\"@type\":\"PropertyValueSpecification\",\"valueRequired\":true,\"valueName\":\"search_term_string\"}}],\"inLanguage\":\"de-CH\"},{\"@type\":\"Organization\",\"@id\":\"https:\/\/teiaeducation.ch\/de\/#organization\",\"name\":\"Teia Education & Play\",\"url\":\"https:\/\/teiaeducation.ch\/de\/\",\"logo\":{\"@type\":\"ImageObject\",\"inLanguage\":\"de-CH\",\"@id\":\"https:\/\/teiaeducation.ch\/de\/#\/schema\/logo\/image\/\",\"url\":\"https:\/\/teiaeducation.ch\/wp-content\/uploads\/2020\/11\/Teia-Education-Switzerland-e1620156442216.jpg\",\"contentUrl\":\"https:\/\/teiaeducation.ch\/wp-content\/uploads\/2020\/11\/Teia-Education-Switzerland-e1620156442216.jpg\",\"width\":166,\"height\":145,\"caption\":\"Teia Education & Play\"},\"image\":{\"@id\":\"https:\/\/teiaeducation.ch\/de\/#\/schema\/logo\/image\/\"},\"sameAs\":[\"https:\/\/www.facebook.com\/teiaeducation\/\",\"https:\/\/x.com\/EducationTeia\",\"https:\/\/www.instagram.com\/teia.education\/\",\"https:\/\/www.linkedin.com\/company\/35501660\",\"https:\/\/www.pinterest.ch\/TeiaEducation\/\"]}]}<\/script>\n<!-- \/ Yoast SEO plugin. -->","yoast_head_json":{"title":"Schultafel - Mercurius","description":"Die Mercurius Schultafel macht das Erstellen von sch\u00f6nen Waldorf-Tafelzeichnungen leicht und ist ein Muss f\u00fcr jeden Waldorflehrer oder -sch\u00fcler.","robots":{"index":"index","follow":"follow","max-snippet":"max-snippet:-1","max-image-preview":"max-image-preview:large","max-video-preview":"max-video-preview:-1"},"canonical":"https:\/\/teiaeducation.ch\/de\/produkt\/waldorf-schultafel-mercurius\/","og_locale":"de_DE","og_type":"article","og_title":"Schultafel - Mercurius","og_description":"Die Mercurius Schultafel macht das Erstellen von sch\u00f6nen Waldorf-Tafelzeichnungen leicht und ist ein Muss f\u00fcr jeden Waldorflehrer oder -sch\u00fcler.","og_url":"https:\/\/teiaeducation.ch\/de\/produkt\/waldorf-schultafel-mercurius\/","og_site_name":"Sustainable Educational Products &amp; Ecological Toys\u00a0","article_publisher":"https:\/\/www.facebook.com\/teiaeducation\/","article_modified_time":"2024-04-02T11:22:38+00:00","og_image":[{"width":811,"height":634,"url":"https:\/\/teiaeducation.ch\/wp-content\/uploads\/2021\/10\/Wooden-chalkboard-Mercurius-1.jpg","type":"image\/jpeg"}],"schema":{"@context":"https:\/\/schema.org","@graph":[{"@type":"WebPage","@id":"https:\/\/teiaeducation.ch\/de\/produkt\/waldorf-schultafel-mercurius\/","url":"https:\/\/teiaeducation.ch\/de\/produkt\/waldorf-schultafel-mercurius\/","name":"Schultafel - Mercurius","isPartOf":{"@id":"https:\/\/teiaeducation.ch\/de\/#website"},"primaryImageOfPage":{"@id":"https:\/\/teiaeducation.ch\/de\/produkt\/waldorf-schultafel-mercurius\/#primaryimage"},"image":{"@id":"https:\/\/teiaeducation.ch\/de\/produkt\/waldorf-schultafel-mercurius\/#primaryimage"},"thumbnailUrl":"https:\/\/teiaeducation.ch\/wp-content\/uploads\/2021\/10\/Wooden-chalkboard-Mercurius-1.jpg","datePublished":"2021-10-04T11:49:07+00:00","dateModified":"2024-04-02T11:22:38+00:00","description":"Die Mercurius Schultafel macht das Erstellen von sch\u00f6nen Waldorf-Tafelzeichnungen leicht und ist ein Muss f\u00fcr jeden Waldorflehrer oder -sch\u00fcler.","breadcrumb":{"@id":"https:\/\/teiaeducation.ch\/de\/produkt\/waldorf-schultafel-mercurius\/#breadcrumb"},"inLanguage":"de-CH","potentialAction":[{"@type":"ReadAction","target":["https:\/\/teiaeducation.ch\/de\/produkt\/waldorf-schultafel-mercurius\/"]}]},{"@type":"ImageObject","inLanguage":"de-CH","@id":"https:\/\/teiaeducation.ch\/de\/produkt\/waldorf-schultafel-mercurius\/#primaryimage","url":"https:\/\/teiaeducation.ch\/wp-content\/uploads\/2021\/10\/Wooden-chalkboard-Mercurius-1.jpg","contentUrl":"https:\/\/teiaeducation.ch\/wp-content\/uploads\/2021\/10\/Wooden-chalkboard-Mercurius-1.jpg","width":811,"height":634,"caption":"Schultafel \/ Waldorf Tafelbild - Mercurius"},{"@type":"BreadcrumbList","@id":"https:\/\/teiaeducation.ch\/de\/produkt\/waldorf-schultafel-mercurius\/#breadcrumb","itemListElement":[{"@type":"ListItem","position":1,"name":"Home","item":"https:\/\/teiaeducation.ch\/de\/"},{"@type":"ListItem","position":2,"name":"Laden","item":"https:\/\/teiaeducation.ch\/de\/shop\/"},{"@type":"ListItem","position":3,"name":"Unsere Marken","item":"https:\/\/teiaeducation.ch\/de\/produkt-kategorie\/unsere-marken\/"},{"@type":"ListItem","position":4,"name":"Mercurius","item":"https:\/\/teiaeducation.ch\/de\/produkt-kategorie\/unsere-marken\/mercurius-de\/"},{"@type":"ListItem","position":5,"name":"Waldorf Schultafel &#8211; Mercurius"}]},{"@type":"WebSite","@id":"https:\/\/teiaeducation.ch\/de\/#website","url":"https:\/\/teiaeducation.ch\/de\/","name":"Sustainable Educational Products &amp; Ecological Toys\u00a0","description":"Specialised Swiss shop selling sustainable educational toys and games, AMI certified Montessori materials, handmade ecological wooden Waldorf toys and arts &amp; crafts supplies, school supplies, children&#039;s furniture and Montessori reference and parenting books.","publisher":{"@id":"https:\/\/teiaeducation.ch\/de\/#organization"},"alternateName":"Teia Education & Play","potentialAction":[{"@type":"SearchAction","target":{"@type":"EntryPoint","urlTemplate":"https:\/\/teiaeducation.ch\/de\/?s={search_term_string}"},"query-input":{"@type":"PropertyValueSpecification","valueRequired":true,"valueName":"search_term_string"}}],"inLanguage":"de-CH"},{"@type":"Organization","@id":"https:\/\/teiaeducation.ch\/de\/#organization","name":"Teia Education & Play","url":"https:\/\/teiaeducation.ch\/de\/","logo":{"@type":"ImageObject","inLanguage":"de-CH","@id":"https:\/\/teiaeducation.ch\/de\/#\/schema\/logo\/image\/","url":"https:\/\/teiaeducation.ch\/wp-content\/uploads\/2020\/11\/Teia-Education-Switzerland-e1620156442216.jpg","contentUrl":"https:\/\/teiaeducation.ch\/wp-content\/uploads\/2020\/11\/Teia-Education-Switzerland-e1620156442216.jpg","width":166,"height":145,"caption":"Teia Education & Play"},"image":{"@id":"https:\/\/teiaeducation.ch\/de\/#\/schema\/logo\/image\/"},"sameAs":["https:\/\/www.facebook.com\/teiaeducation\/","https:\/\/x.com\/EducationTeia","https:\/\/www.instagram.com\/teia.education\/","https:\/\/www.linkedin.com\/company\/35501660","https:\/\/www.pinterest.ch\/TeiaEducation\/"]}]}},"_links":{"self":[{"href":"https:\/\/teiaeducation.ch\/de\/wp-json\/wp\/v2\/product\/59803","targetHints":{"allow":["GET"]}}],"collection":[{"href":"https:\/\/teiaeducation.ch\/de\/wp-json\/wp\/v2\/product"}],"about":[{"href":"https:\/\/teiaeducation.ch\/de\/wp-json\/wp\/v2\/types\/product"}],"replies":[{"embeddable":true,"href":"https:\/\/teiaeducation.ch\/de\/wp-json\/wp\/v2\/comments?post=59803"}],"wp:featuredmedia":[{"embeddable":true,"href":"https:\/\/teiaeducation.ch\/de\/wp-json\/wp\/v2\/media\/59804"}],"wp:attachment":[{"href":"https:\/\/teiaeducation.ch\/de\/wp-json\/wp\/v2\/media?parent=59803"}],"wp:term":[{"taxonomy":"product_brand","embeddable":true,"href":"https:\/\/teiaeducation.ch\/de\/wp-json\/wp\/v2\/product_brand?post=59803"},{"taxonomy":"product_cat","embeddable":true,"href":"https:\/\/teiaeducation.ch\/de\/wp-json\/wp\/v2\/product_cat?post=59803"},{"taxonomy":"product_tag","embeddable":true,"href":"https:\/\/teiaeducation.ch\/de\/wp-json\/wp\/v2\/product_tag?post=59803"}],"curies":[{"name":"wp","href":"https:\/\/api.w.org\/{rel}","templated":true}]}}