{"id":59808,"date":"2021-10-04T13:26:45","date_gmt":"2021-10-04T11:26:45","guid":{"rendered":"https:\/\/teiaeducation.ch\/product\/skizzenblock-50-blatt-mercurius\/"},"modified":"2024-04-02T13:32:38","modified_gmt":"2024-04-02T11:32:38","slug":"skizzenblock-50-blatt-mercurius","status":"publish","type":"product","link":"https:\/\/teiaeducation.ch\/de\/produkt\/skizzenblock-50-blatt-mercurius\/","title":{"rendered":"Skizzenblock 50 blatt &#8211; Mercurius"},"content":{"rendered":"<p>Der Mercurius Waldorf Skizzen- und Aquarellblock ist ein unverzichtbares Accessoire im Werkzeugkasten des K\u00fcnstlers und eignet sich f\u00fcr allgemeine Zwecke wie das \u00dcben von Techniken, schnelle Studien und vorbereitende Mal- oder Zeichenarbeiten mit Buntstiften und Bleistiften. Der Block enth\u00e4lt 50 Blatt 170 g\/m\u00b2 schweres Skizzenpapier, das sich ideal zum Skizzieren, Zeichnen und sogar zum <a href=\"https:\/\/teiaeducation.ch\/product-category\/creative-art-craft\/painting\/\">Aquarellieren<\/a> (Nass-in-Nass) eignet.<\/p>\n<p>Das feinzahnige Oberfl\u00e4chenpapier ist s\u00e4urefrei, was ein Vergilben verhindert, und wird aus hochwertigem FSC-Papier von Mercurius in Deutschland hergestellt. Der Block misst 30 x 40 cm und ist ein langlebiges Kunstzubeh\u00f6r, das Sie immer wieder in der Schule, im Bildungsbereich oder f\u00fcr viele lustige, kreative Bastelarbeiten zu Hause verwenden werden!<\/p>\n<p>Inhalt:<\/p>\n<p>1 Skizzen-\/Aquarellblock<\/p>\n<h2>\u00dcber Mercurius<\/h2>\n<p><a href=\"https:\/\/teiaeducation.ch\/product-category\/brands\/mercurius\/\">Mercurius<\/a> ist der Hauptlieferant f\u00fcr <a href=\"https:\/\/teiaeducation.ch\/waldorf-steiner-schools-supplies\/\">Waldorfschulen<\/a> weltweit und ist ein spezialisierter Anbieter von hochwertigen und einzigartigen <a href=\"https:\/\/teiaeducation.ch\/product-category\/creative-art-craft\/\">kreativen Materialien<\/a>, <a href=\"https:\/\/teiaeducation.ch\/product-category\/hgh-quality-toys-play\/handmade-wooden-toys\/\">handgefertigtes Spielzeug<\/a> und Materialien zur Unterst\u00fctzung des Waldorf Lehrplans. Alle Mercurius Produkte sind speziell auf die Bed\u00fcrfnisse der <a href=\"https:\/\/teiaeducation.ch\/product-category\/education-method\/waldorf-steiner-toys-craft-materials\/\">Waldorfschulen<\/a> und der Erziehung zu Hause abgestimmt. Mercurius ist der weltweite Vertreter der bekannten Waldorfmarken <a href=\"https:\/\/teiaeducation.ch\/product-category\/brands\/stockmar\/\">Stockmar<\/a>, <a href=\"https:\/\/teiaeducation.ch\/product-category\/brands\/debresk\/\">Debresk<\/a>, <a href=\"https:\/\/teiaeducation.ch\/product-category\/brands\/filia\/\">Filia<\/a> und vieler anderer.<\/p>\n<p>Das Mercurius Kernsortiment umfasst Produkte, die zug\u00e4nglich, angemessen und erschwinglich sind und Lehrpl\u00e4ne wie Kunst- und <a href=\"https:\/\/teiaeducation.ch\/product-category\/learning-themes\/sensory-motor-skills\/music\/\">Musikunterricht<\/a>, klassischen Waldorfschulbedarf, Spielzeug und hochwertige <a href=\"https:\/\/teiaeducation.ch\/product-category\/classroom-essentials\/furniture-storage\/\">Schulm\u00f6bel<\/a> abdecken.<\/p>\n<p>Als sozial und \u00f6kologisch verantwortungsbewusstes Unternehmen ist Mercurius bestrebt, nur qualitativ hochwertige und sichere Produkte anzubieten, die alle geltenden Normen erf\u00fcllen. Alle ihre Produkte werden umfangreichen Sicherheits- und Umwelttests unterzogen. Soziale Eingliederung und eine f\u00fcr beide Seiten vorteilhafte Zusammenarbeit sind grundlegende Prinzipien. Mercurius ist bestrebt, Produkte und Dienstleistungen von Organisationen zu beziehen, die Menschen mit Behinderungen besch\u00e4ftigen, sowie von anderen Anbietern, deren soziale und \u00f6kologische Grunds\u00e4tze mit denen von Mercurius \u00fcbereinstimmen.<\/p>\n","protected":false},"excerpt":{"rendered":"<p>Artikelnummer: 10311100<\/p>\n<p>Der Mercurius Skizzenblock 50 blatt in schwerer Qualit\u00e4t ist ideal zum Skizzieren, Zeichnen und sogar (nass-in-nass) Malen mit Waldorf-Aquarellfarben!<\/p>\n","protected":false},"featured_media":56278,"comment_status":"open","ping_status":"closed","template":"","meta":[],"product_brand":[],"product_cat":[21445,21446,21479,21447,21457,21579,21443,21563,21494,21496,21482,21564,21483,21450],"product_tag":[28697,28692,28695,28694,28700,28690,28696,26326,28698,26327,28691,28701,28693,28699,28689,28670,26957,28672,28671,26363,28669],"class_list":{"0":"post-59808","1":"product","2":"type-product","3":"status-publish","4":"has-post-thumbnail","6":"product_cat-3-6-jahre-vorschule","7":"product_cat-6-12-jahre-grundschule","8":"product_cat-lernmaterialien-spielzeug-montessori-waldorf-steiner-froebel","9":"product_cat-malen-basteln","10":"product_cat-malen","11":"product_cat-mercurius-de","12":"product_cat-nach-alter","13":"product_cat-neuheiten","14":"product_cat-schulbedarf-fuer-zuhause","15":"product_cat-schulbedarf-fuer-zuhause-6-12-jahre","16":"product_cat-traditionelle-bildung","17":"product_cat-unsere-marken","18":"product_cat-waldorf-steiner-paedagogik","19":"product_cat-zeichnen-malen","20":"product_tag-ams-aquarellstifte","21":"product_tag-buntstifte-aus-europa","22":"product_tag-buntstifte-in-dose","23":"product_tag-farbeeffekt-stift","24":"product_tag-lyra-aquarellstifte","25":"product_tag-lyra-buntstifte","26":"product_tag-lyra-splender-de","27":"product_tag-mercurius-de","28":"product_tag-mercurius-aquarellstifte","29":"product_tag-mercurius-kunstbedarf","30":"product_tag-mercurius-farbgiganten","31":"product_tag-skizzier-aquarellblock-mercurius","32":"product_tag-splender-bleistift","33":"product_tag-stockmar-aquarellstifte","34":"product_tag-stockmar-buntstifte","35":"product_tag-waldorf-buntstifte","36":"product_tag-waldorf-farben","37":"product_tag-waldorf-farben-bleistiftset","38":"product_tag-waldorf-farbung","39":"product_tag-waldorf-kunstbedarf","40":"product_tag-waldorfkunstbedarf-schweiz","42":"first","43":"instock","44":"taxable","45":"shipping-taxable","46":"purchasable","47":"product-type-simple"},"yoast_head":"<!-- This site is optimized with the Yoast SEO plugin v27.1.1 - https:\/\/yoast.com\/product\/yoast-seo-wordpress\/ -->\n<title>Skizzenblock 50 blatt - Mercurius<\/title>\n<meta name=\"description\" content=\"Der Mercurius Skizzenblock 50 blatt in schwerer Qualit\u00e4t ist ideal zum Skizzieren, Zeichnen und sogar (nass-in-nass) Malen mit Waldorf-Aquarellfarben.\" \/>\n<meta name=\"robots\" content=\"index, follow, max-snippet:-1, max-image-preview:large, max-video-preview:-1\" \/>\n<link rel=\"canonical\" href=\"https:\/\/teiaeducation.ch\/de\/produkt\/skizzenblock-50-blatt-mercurius\/\" \/>\n<meta property=\"og:locale\" content=\"de_DE\" \/>\n<meta property=\"og:type\" content=\"article\" \/>\n<meta property=\"og:title\" content=\"Skizzenblock 50 blatt - Mercurius\" \/>\n<meta property=\"og:description\" content=\"Der Mercurius Skizzenblock 50 blatt in schwerer Qualit\u00e4t ist ideal zum Skizzieren, Zeichnen und sogar (nass-in-nass) Malen mit Waldorf-Aquarellfarben.\" \/>\n<meta property=\"og:url\" content=\"https:\/\/teiaeducation.ch\/de\/produkt\/skizzenblock-50-blatt-mercurius\/\" \/>\n<meta property=\"og:site_name\" content=\"Sustainable Educational Products &amp; Ecological Toys\u00a0\" \/>\n<meta property=\"article:publisher\" content=\"https:\/\/www.facebook.com\/teiaeducation\/\" \/>\n<meta property=\"article:modified_time\" content=\"2024-04-02T11:32:38+00:00\" \/>\n<meta property=\"og:image\" content=\"https:\/\/teiaeducation.ch\/wp-content\/uploads\/2021\/10\/Sketching-watercolour-pad-Mercurius.jpg\" \/>\n\t<meta property=\"og:image:width\" content=\"560\" \/>\n\t<meta property=\"og:image:height\" content=\"560\" \/>\n\t<meta property=\"og:image:type\" content=\"image\/jpeg\" \/>\n<script type=\"application\/ld+json\" class=\"yoast-schema-graph\">{\"@context\":\"https:\/\/schema.org\",\"@graph\":[{\"@type\":\"WebPage\",\"@id\":\"https:\/\/teiaeducation.ch\/de\/produkt\/skizzenblock-50-blatt-mercurius\/\",\"url\":\"https:\/\/teiaeducation.ch\/de\/produkt\/skizzenblock-50-blatt-mercurius\/\",\"name\":\"Skizzenblock 50 blatt - Mercurius\",\"isPartOf\":{\"@id\":\"https:\/\/teiaeducation.ch\/de\/#website\"},\"primaryImageOfPage\":{\"@id\":\"https:\/\/teiaeducation.ch\/de\/produkt\/skizzenblock-50-blatt-mercurius\/#primaryimage\"},\"image\":{\"@id\":\"https:\/\/teiaeducation.ch\/de\/produkt\/skizzenblock-50-blatt-mercurius\/#primaryimage\"},\"thumbnailUrl\":\"https:\/\/teiaeducation.ch\/wp-content\/uploads\/2021\/10\/Sketching-watercolour-pad-Mercurius.jpg\",\"datePublished\":\"2021-10-04T11:26:45+00:00\",\"dateModified\":\"2024-04-02T11:32:38+00:00\",\"description\":\"Der Mercurius Skizzenblock 50 blatt in schwerer Qualit\u00e4t ist ideal zum Skizzieren, Zeichnen und sogar (nass-in-nass) Malen mit Waldorf-Aquarellfarben.\",\"breadcrumb\":{\"@id\":\"https:\/\/teiaeducation.ch\/de\/produkt\/skizzenblock-50-blatt-mercurius\/#breadcrumb\"},\"inLanguage\":\"de-CH\",\"potentialAction\":[{\"@type\":\"ReadAction\",\"target\":[\"https:\/\/teiaeducation.ch\/de\/produkt\/skizzenblock-50-blatt-mercurius\/\"]}]},{\"@type\":\"ImageObject\",\"inLanguage\":\"de-CH\",\"@id\":\"https:\/\/teiaeducation.ch\/de\/produkt\/skizzenblock-50-blatt-mercurius\/#primaryimage\",\"url\":\"https:\/\/teiaeducation.ch\/wp-content\/uploads\/2021\/10\/Sketching-watercolour-pad-Mercurius.jpg\",\"contentUrl\":\"https:\/\/teiaeducation.ch\/wp-content\/uploads\/2021\/10\/Sketching-watercolour-pad-Mercurius.jpg\",\"width\":560,\"height\":560,\"caption\":\"Skizzen-\/Aquarellpapierblock Waldorf Mercurius\"},{\"@type\":\"BreadcrumbList\",\"@id\":\"https:\/\/teiaeducation.ch\/de\/produkt\/skizzenblock-50-blatt-mercurius\/#breadcrumb\",\"itemListElement\":[{\"@type\":\"ListItem\",\"position\":1,\"name\":\"Home\",\"item\":\"https:\/\/teiaeducation.ch\/de\/\"},{\"@type\":\"ListItem\",\"position\":2,\"name\":\"Laden\",\"item\":\"https:\/\/teiaeducation.ch\/de\/shop\/\"},{\"@type\":\"ListItem\",\"position\":3,\"name\":\"Nach Alter\",\"item\":\"https:\/\/teiaeducation.ch\/de\/produkt-kategorie\/nach-alter\/\"},{\"@type\":\"ListItem\",\"position\":4,\"name\":\"3-6 Jahre Vorschule\",\"item\":\"https:\/\/teiaeducation.ch\/de\/produkt-kategorie\/nach-alter\/3-6-jahre-vorschule\/\"},{\"@type\":\"ListItem\",\"position\":5,\"name\":\"Skizzenblock 50 blatt &#8211; Mercurius\"}]},{\"@type\":\"WebSite\",\"@id\":\"https:\/\/teiaeducation.ch\/de\/#website\",\"url\":\"https:\/\/teiaeducation.ch\/de\/\",\"name\":\"Sustainable Educational Products &amp; Ecological Toys\u00a0\",\"description\":\"Specialised Swiss shop selling sustainable educational toys and games, AMI certified Montessori materials, handmade ecological wooden Waldorf toys and arts &amp; crafts supplies, school supplies, children&#039;s furniture and Montessori reference and parenting books.\",\"publisher\":{\"@id\":\"https:\/\/teiaeducation.ch\/de\/#organization\"},\"alternateName\":\"Teia Education & Play\",\"potentialAction\":[{\"@type\":\"SearchAction\",\"target\":{\"@type\":\"EntryPoint\",\"urlTemplate\":\"https:\/\/teiaeducation.ch\/de\/?s={search_term_string}\"},\"query-input\":{\"@type\":\"PropertyValueSpecification\",\"valueRequired\":true,\"valueName\":\"search_term_string\"}}],\"inLanguage\":\"de-CH\"},{\"@type\":\"Organization\",\"@id\":\"https:\/\/teiaeducation.ch\/de\/#organization\",\"name\":\"Teia Education & Play\",\"url\":\"https:\/\/teiaeducation.ch\/de\/\",\"logo\":{\"@type\":\"ImageObject\",\"inLanguage\":\"de-CH\",\"@id\":\"https:\/\/teiaeducation.ch\/de\/#\/schema\/logo\/image\/\",\"url\":\"https:\/\/teiaeducation.ch\/wp-content\/uploads\/2020\/11\/Teia-Education-Switzerland-e1620156442216.jpg\",\"contentUrl\":\"https:\/\/teiaeducation.ch\/wp-content\/uploads\/2020\/11\/Teia-Education-Switzerland-e1620156442216.jpg\",\"width\":166,\"height\":145,\"caption\":\"Teia Education & Play\"},\"image\":{\"@id\":\"https:\/\/teiaeducation.ch\/de\/#\/schema\/logo\/image\/\"},\"sameAs\":[\"https:\/\/www.facebook.com\/teiaeducation\/\",\"https:\/\/x.com\/EducationTeia\",\"https:\/\/www.instagram.com\/teia.education\/\",\"https:\/\/www.linkedin.com\/company\/35501660\",\"https:\/\/www.pinterest.ch\/TeiaEducation\/\"]}]}<\/script>\n<!-- \/ Yoast SEO plugin. -->","yoast_head_json":{"title":"Skizzenblock 50 blatt - Mercurius","description":"Der Mercurius Skizzenblock 50 blatt in schwerer Qualit\u00e4t ist ideal zum Skizzieren, Zeichnen und sogar (nass-in-nass) Malen mit Waldorf-Aquarellfarben.","robots":{"index":"index","follow":"follow","max-snippet":"max-snippet:-1","max-image-preview":"max-image-preview:large","max-video-preview":"max-video-preview:-1"},"canonical":"https:\/\/teiaeducation.ch\/de\/produkt\/skizzenblock-50-blatt-mercurius\/","og_locale":"de_DE","og_type":"article","og_title":"Skizzenblock 50 blatt - Mercurius","og_description":"Der Mercurius Skizzenblock 50 blatt in schwerer Qualit\u00e4t ist ideal zum Skizzieren, Zeichnen und sogar (nass-in-nass) Malen mit Waldorf-Aquarellfarben.","og_url":"https:\/\/teiaeducation.ch\/de\/produkt\/skizzenblock-50-blatt-mercurius\/","og_site_name":"Sustainable Educational Products &amp; Ecological Toys\u00a0","article_publisher":"https:\/\/www.facebook.com\/teiaeducation\/","article_modified_time":"2024-04-02T11:32:38+00:00","og_image":[{"width":560,"height":560,"url":"https:\/\/teiaeducation.ch\/wp-content\/uploads\/2021\/10\/Sketching-watercolour-pad-Mercurius.jpg","type":"image\/jpeg"}],"schema":{"@context":"https:\/\/schema.org","@graph":[{"@type":"WebPage","@id":"https:\/\/teiaeducation.ch\/de\/produkt\/skizzenblock-50-blatt-mercurius\/","url":"https:\/\/teiaeducation.ch\/de\/produkt\/skizzenblock-50-blatt-mercurius\/","name":"Skizzenblock 50 blatt - Mercurius","isPartOf":{"@id":"https:\/\/teiaeducation.ch\/de\/#website"},"primaryImageOfPage":{"@id":"https:\/\/teiaeducation.ch\/de\/produkt\/skizzenblock-50-blatt-mercurius\/#primaryimage"},"image":{"@id":"https:\/\/teiaeducation.ch\/de\/produkt\/skizzenblock-50-blatt-mercurius\/#primaryimage"},"thumbnailUrl":"https:\/\/teiaeducation.ch\/wp-content\/uploads\/2021\/10\/Sketching-watercolour-pad-Mercurius.jpg","datePublished":"2021-10-04T11:26:45+00:00","dateModified":"2024-04-02T11:32:38+00:00","description":"Der Mercurius Skizzenblock 50 blatt in schwerer Qualit\u00e4t ist ideal zum Skizzieren, Zeichnen und sogar (nass-in-nass) Malen mit Waldorf-Aquarellfarben.","breadcrumb":{"@id":"https:\/\/teiaeducation.ch\/de\/produkt\/skizzenblock-50-blatt-mercurius\/#breadcrumb"},"inLanguage":"de-CH","potentialAction":[{"@type":"ReadAction","target":["https:\/\/teiaeducation.ch\/de\/produkt\/skizzenblock-50-blatt-mercurius\/"]}]},{"@type":"ImageObject","inLanguage":"de-CH","@id":"https:\/\/teiaeducation.ch\/de\/produkt\/skizzenblock-50-blatt-mercurius\/#primaryimage","url":"https:\/\/teiaeducation.ch\/wp-content\/uploads\/2021\/10\/Sketching-watercolour-pad-Mercurius.jpg","contentUrl":"https:\/\/teiaeducation.ch\/wp-content\/uploads\/2021\/10\/Sketching-watercolour-pad-Mercurius.jpg","width":560,"height":560,"caption":"Skizzen-\/Aquarellpapierblock Waldorf Mercurius"},{"@type":"BreadcrumbList","@id":"https:\/\/teiaeducation.ch\/de\/produkt\/skizzenblock-50-blatt-mercurius\/#breadcrumb","itemListElement":[{"@type":"ListItem","position":1,"name":"Home","item":"https:\/\/teiaeducation.ch\/de\/"},{"@type":"ListItem","position":2,"name":"Laden","item":"https:\/\/teiaeducation.ch\/de\/shop\/"},{"@type":"ListItem","position":3,"name":"Nach Alter","item":"https:\/\/teiaeducation.ch\/de\/produkt-kategorie\/nach-alter\/"},{"@type":"ListItem","position":4,"name":"3-6 Jahre Vorschule","item":"https:\/\/teiaeducation.ch\/de\/produkt-kategorie\/nach-alter\/3-6-jahre-vorschule\/"},{"@type":"ListItem","position":5,"name":"Skizzenblock 50 blatt &#8211; Mercurius"}]},{"@type":"WebSite","@id":"https:\/\/teiaeducation.ch\/de\/#website","url":"https:\/\/teiaeducation.ch\/de\/","name":"Sustainable Educational Products &amp; Ecological Toys\u00a0","description":"Specialised Swiss shop selling sustainable educational toys and games, AMI certified Montessori materials, handmade ecological wooden Waldorf toys and arts &amp; crafts supplies, school supplies, children&#039;s furniture and Montessori reference and parenting books.","publisher":{"@id":"https:\/\/teiaeducation.ch\/de\/#organization"},"alternateName":"Teia Education & Play","potentialAction":[{"@type":"SearchAction","target":{"@type":"EntryPoint","urlTemplate":"https:\/\/teiaeducation.ch\/de\/?s={search_term_string}"},"query-input":{"@type":"PropertyValueSpecification","valueRequired":true,"valueName":"search_term_string"}}],"inLanguage":"de-CH"},{"@type":"Organization","@id":"https:\/\/teiaeducation.ch\/de\/#organization","name":"Teia Education & Play","url":"https:\/\/teiaeducation.ch\/de\/","logo":{"@type":"ImageObject","inLanguage":"de-CH","@id":"https:\/\/teiaeducation.ch\/de\/#\/schema\/logo\/image\/","url":"https:\/\/teiaeducation.ch\/wp-content\/uploads\/2020\/11\/Teia-Education-Switzerland-e1620156442216.jpg","contentUrl":"https:\/\/teiaeducation.ch\/wp-content\/uploads\/2020\/11\/Teia-Education-Switzerland-e1620156442216.jpg","width":166,"height":145,"caption":"Teia Education & Play"},"image":{"@id":"https:\/\/teiaeducation.ch\/de\/#\/schema\/logo\/image\/"},"sameAs":["https:\/\/www.facebook.com\/teiaeducation\/","https:\/\/x.com\/EducationTeia","https:\/\/www.instagram.com\/teia.education\/","https:\/\/www.linkedin.com\/company\/35501660","https:\/\/www.pinterest.ch\/TeiaEducation\/"]}]}},"_links":{"self":[{"href":"https:\/\/teiaeducation.ch\/de\/wp-json\/wp\/v2\/product\/59808","targetHints":{"allow":["GET"]}}],"collection":[{"href":"https:\/\/teiaeducation.ch\/de\/wp-json\/wp\/v2\/product"}],"about":[{"href":"https:\/\/teiaeducation.ch\/de\/wp-json\/wp\/v2\/types\/product"}],"replies":[{"embeddable":true,"href":"https:\/\/teiaeducation.ch\/de\/wp-json\/wp\/v2\/comments?post=59808"}],"wp:featuredmedia":[{"embeddable":true,"href":"https:\/\/teiaeducation.ch\/de\/wp-json\/wp\/v2\/media\/56278"}],"wp:attachment":[{"href":"https:\/\/teiaeducation.ch\/de\/wp-json\/wp\/v2\/media?parent=59808"}],"wp:term":[{"taxonomy":"product_brand","embeddable":true,"href":"https:\/\/teiaeducation.ch\/de\/wp-json\/wp\/v2\/product_brand?post=59808"},{"taxonomy":"product_cat","embeddable":true,"href":"https:\/\/teiaeducation.ch\/de\/wp-json\/wp\/v2\/product_cat?post=59808"},{"taxonomy":"product_tag","embeddable":true,"href":"https:\/\/teiaeducation.ch\/de\/wp-json\/wp\/v2\/product_tag?post=59808"}],"curies":[{"name":"wp","href":"https:\/\/api.w.org\/{rel}","templated":true}]}}