{"id":59809,"date":"2021-10-04T12:35:19","date_gmt":"2021-10-04T10:35:19","guid":{"rendered":"https:\/\/teiaeducation.ch\/product\/stifteverlaengerer-farbriesen-mercurius\/"},"modified":"2024-11-11T14:08:31","modified_gmt":"2024-11-11T13:08:31","slug":"stifteverlaengerer-farbriesen-mercurius","status":"publish","type":"product","link":"https:\/\/teiaeducation.ch\/de\/produkt\/stifteverlaengerer-farbriesen-mercurius\/","title":{"rendered":"Stifteverl\u00e4ngerer f\u00fcr Farbriesen &#8211; Mercurius"},"content":{"rendered":"<p>Dieser wunderbare Mercurius <a href=\"https:\/\/teiaeducation.ch\/product-category\/education-method\/waldorf\/\">Waldorf<\/a> Stifteverl\u00e4ngerer f\u00fcr Farbriesen verl\u00e4ngert die Lebensdauer von Bleistiften und ist eine spannende Zusammenarbeit zwischen Mercurius und Lyra, zwei der f\u00fchrenden Hersteller von hochwertigem Kunstzubeh\u00f6r.<\/p>\n<p>Exklusiv f\u00fcr Mercurius wird dieser praktische Verl\u00e4ngerer aus FSC-Buchenholz in den Niederlanden hergestellt und kann verwendet werden, wenn Bleistifte durch zu h\u00e4ufiges Anspitzen zu kurz geworden sind. Er ist 8,8 cm lang und hat einen Durchmesser von 1,5 cm.<\/p>\n<p>Der Lyra Waldorf Stifteverl\u00e4ngerer f\u00fcr <a href=\"https:\/\/teiaeducation.ch\/product\/colour-giants-waldorf-assortment-12-colouring-pencils-in-tin-case-mercurius\/\">Farbriesen<\/a> ist ein langlebiges Kunstzubeh\u00f6r, das Sie immer wieder in Ihrer Schulumgebung, in der Ausbildung oder f\u00fcr viele lustige, kreative Bastelarbeiten zu Hause verwenden werden!<\/p>\n<p>Inhalt:<\/p>\n<p>1 Stifteverl\u00e4ngerer aus Holz<\/p>\n<h2>\u00dcber Mercurius<\/h2>\n<p><a href=\"https:\/\/teiaeducation.ch\/product-category\/brands\/mercurius\/\">Mercurius<\/a> ist der Hauptlieferant f\u00fcr <a href=\"https:\/\/teiaeducation.ch\/waldorf-steiner-schools-supplies\/\">Waldorfschulen<\/a> weltweit und ist ein spezialisierter Anbieter von hochwertigen und einzigartigen <a href=\"https:\/\/teiaeducation.ch\/product-category\/creative-art-craft\/\">kreativen Materialien<\/a>, <a href=\"https:\/\/teiaeducation.ch\/product-category\/hgh-quality-toys-play\/handmade-wooden-toys\/\">handgefertigtes Spielzeug<\/a> und Materialien zur Unterst\u00fctzung des Waldorf Lehrplans. Alle Mercurius Produkte sind speziell auf die Bed\u00fcrfnisse der <a href=\"https:\/\/teiaeducation.ch\/product-category\/education-method\/waldorf-steiner-toys-craft-materials\/\">Waldorfschulen<\/a> und der Erziehung zu Hause abgestimmt. Mercurius ist der weltweite Vertreter der bekannten Waldorfmarken <a href=\"https:\/\/teiaeducation.ch\/product-category\/brands\/stockmar\/\">Stockmar<\/a>, <a href=\"https:\/\/teiaeducation.ch\/product-category\/brands\/debresk\/\">Debresk<\/a>, <a href=\"https:\/\/teiaeducation.ch\/product-category\/brands\/filia\/\">Filia<\/a> und vieler anderer.<\/p>\n<p>Das Mercurius Kernsortiment umfasst Produkte, die zug\u00e4nglich, angemessen und erschwinglich sind und Lehrpl\u00e4ne wie Kunst- und <a href=\"https:\/\/teiaeducation.ch\/product-category\/learning-themes\/sensory-motor-skills\/music\/\">Musikunterricht<\/a>, klassischen Waldorfschulbedarf, Spielzeug und hochwertige <a href=\"https:\/\/teiaeducation.ch\/product-category\/classroom-essentials\/furniture-storage\/\">Schulm\u00f6bel<\/a> abdecken.<\/p>\n<p>Als sozial und \u00f6kologisch verantwortungsbewusstes Unternehmen ist Mercurius bestrebt, nur qualitativ hochwertige und sichere Produkte anzubieten, die alle geltenden Normen erf\u00fcllen. Alle ihre Produkte werden umfangreichen Sicherheits- und Umwelttests unterzogen. Soziale Eingliederung und eine f\u00fcr beide Seiten vorteilhafte Zusammenarbeit sind grundlegende Prinzipien. Mercurius ist bestrebt, Produkte und Dienstleistungen von Organisationen zu beziehen, die Menschen mit Behinderungen besch\u00e4ftigen, sowie von anderen Anbietern, deren soziale und \u00f6kologische Grunds\u00e4tze mit denen von Mercurius \u00fcbereinstimmen.<\/p>\n","protected":false},"excerpt":{"rendered":"<p>Artikelnummer: 20594010<\/p>\n<p>Der praktische Mercurius Stifteverl\u00e4ngerer aus Holz f\u00fcr Farbriesen verl\u00e4ngert die Lebensdauer von Bleistifte und ist in den Niederlanden hergestellt.<\/p>\n","protected":false},"featured_media":59810,"comment_status":"open","ping_status":"closed","template":"","meta":[],"product_brand":[],"product_cat":[21445,21446,23651,21479,21447,21579,21443,21563,22362,21668,21564,21483,21450],"product_tag":[28704,28702,28692,28695,28694,28690,28696,26326,26327,28691,28693,28703,28689,28670,26957,28672,28671,26363,28669],"class_list":{"0":"post-59809","1":"product","2":"type-product","3":"status-publish","4":"has-post-thumbnail","6":"product_cat-3-6-jahre-vorschule","7":"product_cat-6-12-jahre-grundschule","8":"product_cat-back-to-school-de","9":"product_cat-lernmaterialien-spielzeug-montessori-waldorf-steiner-froebel","10":"product_cat-malen-basteln","11":"product_cat-mercurius-de","12":"product_cat-nach-alter","13":"product_cat-neuheiten","14":"product_cat-saisonale-kollektionen","15":"product_cat-stockmar-de","16":"product_cat-unsere-marken","17":"product_cat-waldorf-steiner-paedagogik","18":"product_cat-zeichnen-malen","19":"product_tag-bleistiftverlangerer-aus-holz","20":"product_tag-blender-bleistift","21":"product_tag-buntstifte-aus-europa","22":"product_tag-buntstifte-in-dose","23":"product_tag-farbeeffekt-stift","24":"product_tag-lyra-buntstifte","25":"product_tag-lyra-splender-de","26":"product_tag-mercurius-de","27":"product_tag-mercurius-kunstbedarf","28":"product_tag-mercurius-farbgiganten","29":"product_tag-splender-bleistift","30":"product_tag-steiner-schulbedarf-fur-kunst","31":"product_tag-stockmar-buntstifte","32":"product_tag-waldorf-buntstifte","33":"product_tag-waldorf-farben","34":"product_tag-waldorf-farben-bleistiftset","35":"product_tag-waldorf-farbung","36":"product_tag-waldorf-kunstbedarf","37":"product_tag-waldorfkunstbedarf-schweiz","39":"first","40":"instock","41":"taxable","42":"shipping-taxable","43":"purchasable","44":"product-type-simple"},"yoast_head":"<!-- This site is optimized with the Yoast SEO plugin v27.1.1 - https:\/\/yoast.com\/product\/yoast-seo-wordpress\/ -->\n<title>Stifteverl\u00e4ngerer f\u00fcr Farbriesen - Mercurius<\/title>\n<meta name=\"description\" content=\"Der praktische Mercurius Stifteverl\u00e4ngerer aus Holz f\u00fcr Farbriesen verl\u00e4ngert die Lebensdauer von Bleistifte und ist in den Niederlanden hergestellt.\" \/>\n<meta name=\"robots\" content=\"index, follow, max-snippet:-1, max-image-preview:large, max-video-preview:-1\" \/>\n<link rel=\"canonical\" href=\"https:\/\/teiaeducation.ch\/de\/produkt\/stifteverlaengerer-farbriesen-mercurius\/\" \/>\n<meta property=\"og:locale\" content=\"de_DE\" \/>\n<meta property=\"og:type\" content=\"article\" \/>\n<meta property=\"og:title\" content=\"Stifteverl\u00e4ngerer f\u00fcr Farbriesen - Mercurius\" \/>\n<meta property=\"og:description\" content=\"Der praktische Mercurius Stifteverl\u00e4ngerer aus Holz f\u00fcr Farbriesen verl\u00e4ngert die Lebensdauer von Bleistifte und ist in den Niederlanden hergestellt.\" \/>\n<meta property=\"og:url\" content=\"https:\/\/teiaeducation.ch\/de\/produkt\/stifteverlaengerer-farbriesen-mercurius\/\" \/>\n<meta property=\"og:site_name\" content=\"Sustainable Educational Products &amp; Ecological Toys\u00a0\" \/>\n<meta property=\"article:publisher\" content=\"https:\/\/www.facebook.com\/teiaeducation\/\" \/>\n<meta property=\"article:modified_time\" content=\"2024-11-11T13:08:31+00:00\" \/>\n<meta property=\"og:image\" content=\"https:\/\/teiaeducation.ch\/wp-content\/uploads\/2021\/10\/Pencil-lengthener-for-colour-giants-Mercurius.jpg\" \/>\n\t<meta property=\"og:image:width\" content=\"560\" \/>\n\t<meta property=\"og:image:height\" content=\"560\" \/>\n\t<meta property=\"og:image:type\" content=\"image\/jpeg\" \/>\n<script type=\"application\/ld+json\" class=\"yoast-schema-graph\">{\"@context\":\"https:\/\/schema.org\",\"@graph\":[{\"@type\":\"WebPage\",\"@id\":\"https:\/\/teiaeducation.ch\/de\/produkt\/stifteverlaengerer-farbriesen-mercurius\/\",\"url\":\"https:\/\/teiaeducation.ch\/de\/produkt\/stifteverlaengerer-farbriesen-mercurius\/\",\"name\":\"Stifteverl\u00e4ngerer f\u00fcr Farbriesen - Mercurius\",\"isPartOf\":{\"@id\":\"https:\/\/teiaeducation.ch\/de\/#website\"},\"primaryImageOfPage\":{\"@id\":\"https:\/\/teiaeducation.ch\/de\/produkt\/stifteverlaengerer-farbriesen-mercurius\/#primaryimage\"},\"image\":{\"@id\":\"https:\/\/teiaeducation.ch\/de\/produkt\/stifteverlaengerer-farbriesen-mercurius\/#primaryimage\"},\"thumbnailUrl\":\"https:\/\/teiaeducation.ch\/wp-content\/uploads\/2021\/10\/Pencil-lengthener-for-colour-giants-Mercurius.jpg\",\"datePublished\":\"2021-10-04T10:35:19+00:00\",\"dateModified\":\"2024-11-11T13:08:31+00:00\",\"description\":\"Der praktische Mercurius Stifteverl\u00e4ngerer aus Holz f\u00fcr Farbriesen verl\u00e4ngert die Lebensdauer von Bleistifte und ist in den Niederlanden hergestellt.\",\"breadcrumb\":{\"@id\":\"https:\/\/teiaeducation.ch\/de\/produkt\/stifteverlaengerer-farbriesen-mercurius\/#breadcrumb\"},\"inLanguage\":\"de-CH\",\"potentialAction\":[{\"@type\":\"ReadAction\",\"target\":[\"https:\/\/teiaeducation.ch\/de\/produkt\/stifteverlaengerer-farbriesen-mercurius\/\"]}]},{\"@type\":\"ImageObject\",\"inLanguage\":\"de-CH\",\"@id\":\"https:\/\/teiaeducation.ch\/de\/produkt\/stifteverlaengerer-farbriesen-mercurius\/#primaryimage\",\"url\":\"https:\/\/teiaeducation.ch\/wp-content\/uploads\/2021\/10\/Pencil-lengthener-for-colour-giants-Mercurius.jpg\",\"contentUrl\":\"https:\/\/teiaeducation.ch\/wp-content\/uploads\/2021\/10\/Pencil-lengthener-for-colour-giants-Mercurius.jpg\",\"width\":560,\"height\":560,\"caption\":\"Stifteverl\u00e4ngerer Farbriesen - Mercurius\"},{\"@type\":\"BreadcrumbList\",\"@id\":\"https:\/\/teiaeducation.ch\/de\/produkt\/stifteverlaengerer-farbriesen-mercurius\/#breadcrumb\",\"itemListElement\":[{\"@type\":\"ListItem\",\"position\":1,\"name\":\"Home\",\"item\":\"https:\/\/teiaeducation.ch\/de\/\"},{\"@type\":\"ListItem\",\"position\":2,\"name\":\"Laden\",\"item\":\"https:\/\/teiaeducation.ch\/de\/shop\/\"},{\"@type\":\"ListItem\",\"position\":3,\"name\":\"Unsere Marken\",\"item\":\"https:\/\/teiaeducation.ch\/de\/produkt-kategorie\/unsere-marken\/\"},{\"@type\":\"ListItem\",\"position\":4,\"name\":\"Mercurius\",\"item\":\"https:\/\/teiaeducation.ch\/de\/produkt-kategorie\/unsere-marken\/mercurius-de\/\"},{\"@type\":\"ListItem\",\"position\":5,\"name\":\"Stifteverl\u00e4ngerer f\u00fcr Farbriesen &#8211; Mercurius\"}]},{\"@type\":\"WebSite\",\"@id\":\"https:\/\/teiaeducation.ch\/de\/#website\",\"url\":\"https:\/\/teiaeducation.ch\/de\/\",\"name\":\"Sustainable Educational Products &amp; Ecological Toys\u00a0\",\"description\":\"Specialised Swiss shop selling sustainable educational toys and games, AMI certified Montessori materials, handmade ecological wooden Waldorf toys and arts &amp; crafts supplies, school supplies, children&#039;s furniture and Montessori reference and parenting books.\",\"publisher\":{\"@id\":\"https:\/\/teiaeducation.ch\/de\/#organization\"},\"alternateName\":\"Teia Education & Play\",\"potentialAction\":[{\"@type\":\"SearchAction\",\"target\":{\"@type\":\"EntryPoint\",\"urlTemplate\":\"https:\/\/teiaeducation.ch\/de\/?s={search_term_string}\"},\"query-input\":{\"@type\":\"PropertyValueSpecification\",\"valueRequired\":true,\"valueName\":\"search_term_string\"}}],\"inLanguage\":\"de-CH\"},{\"@type\":\"Organization\",\"@id\":\"https:\/\/teiaeducation.ch\/de\/#organization\",\"name\":\"Teia Education & Play\",\"url\":\"https:\/\/teiaeducation.ch\/de\/\",\"logo\":{\"@type\":\"ImageObject\",\"inLanguage\":\"de-CH\",\"@id\":\"https:\/\/teiaeducation.ch\/de\/#\/schema\/logo\/image\/\",\"url\":\"https:\/\/teiaeducation.ch\/wp-content\/uploads\/2020\/11\/Teia-Education-Switzerland-e1620156442216.jpg\",\"contentUrl\":\"https:\/\/teiaeducation.ch\/wp-content\/uploads\/2020\/11\/Teia-Education-Switzerland-e1620156442216.jpg\",\"width\":166,\"height\":145,\"caption\":\"Teia Education & Play\"},\"image\":{\"@id\":\"https:\/\/teiaeducation.ch\/de\/#\/schema\/logo\/image\/\"},\"sameAs\":[\"https:\/\/www.facebook.com\/teiaeducation\/\",\"https:\/\/x.com\/EducationTeia\",\"https:\/\/www.instagram.com\/teia.education\/\",\"https:\/\/www.linkedin.com\/company\/35501660\",\"https:\/\/www.pinterest.ch\/TeiaEducation\/\"]}]}<\/script>\n<!-- \/ Yoast SEO plugin. -->","yoast_head_json":{"title":"Stifteverl\u00e4ngerer f\u00fcr Farbriesen - Mercurius","description":"Der praktische Mercurius Stifteverl\u00e4ngerer aus Holz f\u00fcr Farbriesen verl\u00e4ngert die Lebensdauer von Bleistifte und ist in den Niederlanden hergestellt.","robots":{"index":"index","follow":"follow","max-snippet":"max-snippet:-1","max-image-preview":"max-image-preview:large","max-video-preview":"max-video-preview:-1"},"canonical":"https:\/\/teiaeducation.ch\/de\/produkt\/stifteverlaengerer-farbriesen-mercurius\/","og_locale":"de_DE","og_type":"article","og_title":"Stifteverl\u00e4ngerer f\u00fcr Farbriesen - Mercurius","og_description":"Der praktische Mercurius Stifteverl\u00e4ngerer aus Holz f\u00fcr Farbriesen verl\u00e4ngert die Lebensdauer von Bleistifte und ist in den Niederlanden hergestellt.","og_url":"https:\/\/teiaeducation.ch\/de\/produkt\/stifteverlaengerer-farbriesen-mercurius\/","og_site_name":"Sustainable Educational Products &amp; Ecological Toys\u00a0","article_publisher":"https:\/\/www.facebook.com\/teiaeducation\/","article_modified_time":"2024-11-11T13:08:31+00:00","og_image":[{"width":560,"height":560,"url":"https:\/\/teiaeducation.ch\/wp-content\/uploads\/2021\/10\/Pencil-lengthener-for-colour-giants-Mercurius.jpg","type":"image\/jpeg"}],"schema":{"@context":"https:\/\/schema.org","@graph":[{"@type":"WebPage","@id":"https:\/\/teiaeducation.ch\/de\/produkt\/stifteverlaengerer-farbriesen-mercurius\/","url":"https:\/\/teiaeducation.ch\/de\/produkt\/stifteverlaengerer-farbriesen-mercurius\/","name":"Stifteverl\u00e4ngerer f\u00fcr Farbriesen - Mercurius","isPartOf":{"@id":"https:\/\/teiaeducation.ch\/de\/#website"},"primaryImageOfPage":{"@id":"https:\/\/teiaeducation.ch\/de\/produkt\/stifteverlaengerer-farbriesen-mercurius\/#primaryimage"},"image":{"@id":"https:\/\/teiaeducation.ch\/de\/produkt\/stifteverlaengerer-farbriesen-mercurius\/#primaryimage"},"thumbnailUrl":"https:\/\/teiaeducation.ch\/wp-content\/uploads\/2021\/10\/Pencil-lengthener-for-colour-giants-Mercurius.jpg","datePublished":"2021-10-04T10:35:19+00:00","dateModified":"2024-11-11T13:08:31+00:00","description":"Der praktische Mercurius Stifteverl\u00e4ngerer aus Holz f\u00fcr Farbriesen verl\u00e4ngert die Lebensdauer von Bleistifte und ist in den Niederlanden hergestellt.","breadcrumb":{"@id":"https:\/\/teiaeducation.ch\/de\/produkt\/stifteverlaengerer-farbriesen-mercurius\/#breadcrumb"},"inLanguage":"de-CH","potentialAction":[{"@type":"ReadAction","target":["https:\/\/teiaeducation.ch\/de\/produkt\/stifteverlaengerer-farbriesen-mercurius\/"]}]},{"@type":"ImageObject","inLanguage":"de-CH","@id":"https:\/\/teiaeducation.ch\/de\/produkt\/stifteverlaengerer-farbriesen-mercurius\/#primaryimage","url":"https:\/\/teiaeducation.ch\/wp-content\/uploads\/2021\/10\/Pencil-lengthener-for-colour-giants-Mercurius.jpg","contentUrl":"https:\/\/teiaeducation.ch\/wp-content\/uploads\/2021\/10\/Pencil-lengthener-for-colour-giants-Mercurius.jpg","width":560,"height":560,"caption":"Stifteverl\u00e4ngerer Farbriesen - Mercurius"},{"@type":"BreadcrumbList","@id":"https:\/\/teiaeducation.ch\/de\/produkt\/stifteverlaengerer-farbriesen-mercurius\/#breadcrumb","itemListElement":[{"@type":"ListItem","position":1,"name":"Home","item":"https:\/\/teiaeducation.ch\/de\/"},{"@type":"ListItem","position":2,"name":"Laden","item":"https:\/\/teiaeducation.ch\/de\/shop\/"},{"@type":"ListItem","position":3,"name":"Unsere Marken","item":"https:\/\/teiaeducation.ch\/de\/produkt-kategorie\/unsere-marken\/"},{"@type":"ListItem","position":4,"name":"Mercurius","item":"https:\/\/teiaeducation.ch\/de\/produkt-kategorie\/unsere-marken\/mercurius-de\/"},{"@type":"ListItem","position":5,"name":"Stifteverl\u00e4ngerer f\u00fcr Farbriesen &#8211; Mercurius"}]},{"@type":"WebSite","@id":"https:\/\/teiaeducation.ch\/de\/#website","url":"https:\/\/teiaeducation.ch\/de\/","name":"Sustainable Educational Products &amp; Ecological Toys\u00a0","description":"Specialised Swiss shop selling sustainable educational toys and games, AMI certified Montessori materials, handmade ecological wooden Waldorf toys and arts &amp; crafts supplies, school supplies, children&#039;s furniture and Montessori reference and parenting books.","publisher":{"@id":"https:\/\/teiaeducation.ch\/de\/#organization"},"alternateName":"Teia Education & Play","potentialAction":[{"@type":"SearchAction","target":{"@type":"EntryPoint","urlTemplate":"https:\/\/teiaeducation.ch\/de\/?s={search_term_string}"},"query-input":{"@type":"PropertyValueSpecification","valueRequired":true,"valueName":"search_term_string"}}],"inLanguage":"de-CH"},{"@type":"Organization","@id":"https:\/\/teiaeducation.ch\/de\/#organization","name":"Teia Education & Play","url":"https:\/\/teiaeducation.ch\/de\/","logo":{"@type":"ImageObject","inLanguage":"de-CH","@id":"https:\/\/teiaeducation.ch\/de\/#\/schema\/logo\/image\/","url":"https:\/\/teiaeducation.ch\/wp-content\/uploads\/2020\/11\/Teia-Education-Switzerland-e1620156442216.jpg","contentUrl":"https:\/\/teiaeducation.ch\/wp-content\/uploads\/2020\/11\/Teia-Education-Switzerland-e1620156442216.jpg","width":166,"height":145,"caption":"Teia Education & Play"},"image":{"@id":"https:\/\/teiaeducation.ch\/de\/#\/schema\/logo\/image\/"},"sameAs":["https:\/\/www.facebook.com\/teiaeducation\/","https:\/\/x.com\/EducationTeia","https:\/\/www.instagram.com\/teia.education\/","https:\/\/www.linkedin.com\/company\/35501660","https:\/\/www.pinterest.ch\/TeiaEducation\/"]}]}},"_links":{"self":[{"href":"https:\/\/teiaeducation.ch\/de\/wp-json\/wp\/v2\/product\/59809","targetHints":{"allow":["GET"]}}],"collection":[{"href":"https:\/\/teiaeducation.ch\/de\/wp-json\/wp\/v2\/product"}],"about":[{"href":"https:\/\/teiaeducation.ch\/de\/wp-json\/wp\/v2\/types\/product"}],"replies":[{"embeddable":true,"href":"https:\/\/teiaeducation.ch\/de\/wp-json\/wp\/v2\/comments?post=59809"}],"wp:featuredmedia":[{"embeddable":true,"href":"https:\/\/teiaeducation.ch\/de\/wp-json\/wp\/v2\/media\/59810"}],"wp:attachment":[{"href":"https:\/\/teiaeducation.ch\/de\/wp-json\/wp\/v2\/media?parent=59809"}],"wp:term":[{"taxonomy":"product_brand","embeddable":true,"href":"https:\/\/teiaeducation.ch\/de\/wp-json\/wp\/v2\/product_brand?post=59809"},{"taxonomy":"product_cat","embeddable":true,"href":"https:\/\/teiaeducation.ch\/de\/wp-json\/wp\/v2\/product_cat?post=59809"},{"taxonomy":"product_tag","embeddable":true,"href":"https:\/\/teiaeducation.ch\/de\/wp-json\/wp\/v2\/product_tag?post=59809"}],"curies":[{"name":"wp","href":"https:\/\/api.w.org\/{rel}","templated":true}]}}