{"id":59811,"date":"2021-10-04T11:08:52","date_gmt":"2021-10-04T09:08:52","guid":{"rendered":"https:\/\/teiaeducation.ch\/product\/waldorf-karton-wassermaltablett-mercurius\/"},"modified":"2024-04-02T13:51:06","modified_gmt":"2024-04-02T11:51:06","slug":"waldorf-karton-wassermaltablett-mercurius","status":"publish","type":"product","link":"https:\/\/teiaeducation.ch\/de\/produkt\/waldorf-karton-wassermaltablett-mercurius\/","title":{"rendered":"Waldorf-Karton-Wassermaltablett &#8211; Mercurius"},"content":{"rendered":"<p>Das Mercurius Waldorf-Karton-Wassermaltablett eignet sich hervorragend f\u00fcr die Aquarell<a href=\"https:\/\/teiaeducation.ch\/product-category\/creative-art-craft\/painting\/\">malerei<\/a> und ist ein fester Bestandteil des Waldorfbedarfs! Eine fantastische Idee aus Schweden: Dieses praktische FSC Karton-Wassermaltablett wurde speziell daf\u00fcr entwickelt, Wasser zu speichern, ohne auszulaufen &#8211; auch \u00fcber l\u00e4ngere Zeitr\u00e4ume. Einmal in Form gefaltet, hat das Fach die richtige Gr\u00f6\u00dfe f\u00fcr die g\u00e4ngigsten Papierformate (25 x 32,5 cm und 44 x 32,5 cm).<\/p>\n<p>Das Karton-Wassermaltablett ist ein langlebiges Produkt, das Sie immer wieder in Ihrer Schulumgebung, in der Ausbildung oder f\u00fcr viele lustige, kreative Bastelarbeiten zu Hause verwenden werden!<\/p>\n<p>Ein wunderbares <a href=\"https:\/\/teiaeducation.ch\/product-category\/education-method\/waldorf\/\">Waldorf<\/a> Steiner Kunstmittel, das sch\u00f6ne Papptablett wird in Schweden hergestellt und ist eine einfache und leichte L\u00f6sung f\u00fcr das Einweichen von nass-auf-nass Papier, um erstaunliche Malergebnisse zu erzielen. Die Kiste ist flach 89 x 57cm und wird mit einer einfachen Anleitung geliefert, so dass Sie sie leicht und m\u00fchelos in eine 52 x 4 2 x 7cm gro\u00dfe Wasserschale verwandeln k\u00f6nnen. Es ist ideal f\u00fcr Malaktivit\u00e4ten mit Kindern, die sowohl in der <a href=\"https:\/\/teiaeducation.ch\/product-category\/education-method\/the-montessori-pedagogy-materials-toys\/\">Montessori<\/a>&#8211; als auch in der Waldorfp\u00e4dagogik beliebt sind.<\/p>\n<p>Alle Mercurius Waldorf Mal- und Bastelbedarfsartikel werden nachhaltig in Europa hergestellt und sind sicher und ungiftig, da nur wasserbasierte Kleber und Lacke verwendet werden.<\/p>\n<p>Inhalt:<\/p>\n<p>1 Karton-Wassermaltablett<\/p>\n<h2>\u00dcber Mercurius<\/h2>\n<p><a href=\"https:\/\/teiaeducation.ch\/product-category\/brands\/mercurius\/\">Mercurius<\/a> ist der Hauptlieferant f\u00fcr <a href=\"https:\/\/teiaeducation.ch\/waldorf-steiner-schools-supplies\/\">Waldorfschulen<\/a> weltweit und ist ein spezialisierter Anbieter von hochwertigen und einzigartigen <a href=\"https:\/\/teiaeducation.ch\/product-category\/creative-art-craft\/\">kreativen Materialien<\/a>, <a href=\"https:\/\/teiaeducation.ch\/product-category\/hgh-quality-toys-play\/handmade-wooden-toys\/\">handgefertigtes Spielzeug<\/a> und Materialien zur Unterst\u00fctzung des Waldorf Lehrplans. Alle Mercurius Produkte sind speziell auf die Bed\u00fcrfnisse der <a href=\"https:\/\/teiaeducation.ch\/product-category\/education-method\/waldorf-steiner-toys-craft-materials\/\">Waldorfschulen<\/a> und der Erziehung zu Hause abgestimmt. Mercurius ist der weltweite Vertreter der bekannten Waldorfmarken <a href=\"https:\/\/teiaeducation.ch\/product-category\/brands\/stockmar\/\">Stockmar<\/a>, <a href=\"https:\/\/teiaeducation.ch\/product-category\/brands\/debresk\/\">Debresk<\/a>, <a href=\"https:\/\/teiaeducation.ch\/product-category\/brands\/filia\/\">Filia<\/a> und vieler anderer.<\/p>\n<p>Das Mercurius Kernsortiment umfasst Produkte, die zug\u00e4nglich, angemessen und erschwinglich sind und Lehrpl\u00e4ne wie Kunst- und <a href=\"https:\/\/teiaeducation.ch\/product-category\/learning-themes\/sensory-motor-skills\/music\/\">Musikunterricht<\/a>, klassischen Waldorfschulbedarf, Spielzeug und hochwertige <a href=\"https:\/\/teiaeducation.ch\/product-category\/classroom-essentials\/furniture-storage\/\">Schulm\u00f6bel<\/a> abdecken.<\/p>\n<p>Als sozial und \u00f6kologisch verantwortungsbewusstes Unternehmen ist Mercurius bestrebt, nur qualitativ hochwertige und sichere Produkte anzubieten, die alle geltenden Normen erf\u00fcllen. Alle ihre Produkte werden umfangreichen Sicherheits- und Umwelttests unterzogen. Soziale Eingliederung und eine f\u00fcr beide Seiten vorteilhafte Zusammenarbeit sind grundlegende Prinzipien. Mercurius ist bestrebt, Produkte und Dienstleistungen von Organisationen zu beziehen, die Menschen mit Behinderungen besch\u00e4ftigen, sowie von anderen Anbietern, deren soziale und \u00f6kologische Grunds\u00e4tze mit denen von Mercurius \u00fcbereinstimmen.<\/p>\n","protected":false},"excerpt":{"rendered":"<p>Artikelnummer: 25917001<\/p>\n<p>Der Mercurius Waldorf-Karton-Wassermaltablett ist perfekt f\u00fcr die Aquarellmalerei geeignet und kann Wasser \u00fcber lange Zeitr\u00e4ume aufnehmen, ohne auszulaufen!<\/p>\n","protected":false},"featured_media":59812,"comment_status":"open","ping_status":"closed","template":"","meta":[],"product_brand":[],"product_cat":[21445,21446,21671,23651,21449,21479,21558,21447,21457,21579,21443,21563,22362,21494,21495,21496,21557,21482,21564,21483],"product_tag":[28665,28660,21712,26362,28662,26326,26327,28663,26364,28658,28664,28668,26363,28659,28666],"class_list":{"0":"post-59811","1":"product","2":"type-product","3":"status-publish","4":"has-post-thumbnail","6":"product_cat-3-6-jahre-vorschule","7":"product_cat-6-12-jahre-grundschule","8":"product_cat-angebot","9":"product_cat-back-to-school-de","10":"product_cat-bastelwerkzeuge-aufbewahrung","11":"product_cat-lernmaterialien-spielzeug-montessori-waldorf-steiner-froebel","12":"product_cat-farbe-lernen","13":"product_cat-malen-basteln","14":"product_cat-malen","15":"product_cat-mercurius-de","16":"product_cat-nach-alter","17":"product_cat-neuheiten","18":"product_cat-saisonale-kollektionen","19":"product_cat-schulbedarf-fuer-zuhause","20":"product_cat-schulbedarf-fuer-zuhause-3-6-jahre","21":"product_cat-schulbedarf-fuer-zuhause-6-12-jahre","22":"product_cat-sensorische-motorische-fertigkeiten","23":"product_cat-traditionelle-bildung","24":"product_cat-unsere-marken","25":"product_cat-waldorf-steiner-paedagogik","26":"product_tag-aquarellmalen-mit-kindern","27":"product_tag-aquarellmalerei-glaser","28":"product_tag-hergestellt-in-deutschland","29":"product_tag-hergestellt-in-europa","30":"product_tag-holzhalter-und-farbdosen","31":"product_tag-mercurius-de","32":"product_tag-mercurius-kunstbedarf","33":"product_tag-montessori-kunstzubehor","34":"product_tag-nachhaltiger-kunstbedarf","35":"product_tag-stockmar-de","36":"product_tag-stockmar-aquarellfarben-de","37":"product_tag-waldorf-holzfarbdosen-100-ml","38":"product_tag-waldorf-kunstbedarf","39":"product_tag-waldorf-malereibedarf","40":"product_tag-waldorf-farbdosenhalter-aus-holz","42":"first","43":"instock","44":"sale","45":"taxable","46":"shipping-taxable","47":"purchasable","48":"product-type-simple"},"yoast_head":"<!-- This site is optimized with the Yoast SEO plugin v27.3 - https:\/\/yoast.com\/product\/yoast-seo-wordpress\/ -->\n<title>Waldorf-Karton-Wassermaltablett - Mercurius<\/title>\n<meta name=\"description\" content=\"Der Mercurius Waldorf-Karton-Wassermaltablett ist perfekt f\u00fcr die Aquarellmalerei geeignet und kann Wasser \u00fcber einen l\u00e4ngeren Zeitraum aufnehmen, ohne auszulaufen.\" \/>\n<meta name=\"robots\" content=\"index, follow, max-snippet:-1, max-image-preview:large, max-video-preview:-1\" \/>\n<link rel=\"canonical\" href=\"https:\/\/teiaeducation.ch\/de\/produkt\/waldorf-karton-wassermaltablett-mercurius\/\" \/>\n<meta property=\"og:locale\" content=\"de_DE\" \/>\n<meta property=\"og:type\" content=\"article\" \/>\n<meta property=\"og:title\" content=\"Waldorf-Karton-Wassermaltablett - Mercurius\" \/>\n<meta property=\"og:description\" content=\"Der Mercurius Waldorf-Karton-Wassermaltablett ist perfekt f\u00fcr die Aquarellmalerei geeignet und kann Wasser \u00fcber einen l\u00e4ngeren Zeitraum aufnehmen, ohne auszulaufen.\" \/>\n<meta property=\"og:url\" content=\"https:\/\/teiaeducation.ch\/de\/produkt\/waldorf-karton-wassermaltablett-mercurius\/\" \/>\n<meta property=\"og:site_name\" content=\"Sustainable Educational Products &amp; Ecological Toys\u00a0\" \/>\n<meta property=\"article:publisher\" content=\"https:\/\/www.facebook.com\/teiaeducation\/\" \/>\n<meta property=\"article:modified_time\" content=\"2024-04-02T11:51:06+00:00\" \/>\n<meta property=\"og:image\" content=\"https:\/\/teiaeducation.ch\/wp-content\/uploads\/2021\/10\/Waldorf-cardboard-water-painting-tray-Waldorf-watercolour-painting-supplies-Mercurius.jpg\" \/>\n\t<meta property=\"og:image:width\" content=\"900\" \/>\n\t<meta property=\"og:image:height\" content=\"885\" \/>\n\t<meta property=\"og:image:type\" content=\"image\/jpeg\" \/>\n<script type=\"application\/ld+json\" class=\"yoast-schema-graph\">{\"@context\":\"https:\\\/\\\/schema.org\",\"@graph\":[{\"@type\":\"WebPage\",\"@id\":\"https:\\\/\\\/teiaeducation.ch\\\/de\\\/produkt\\\/waldorf-karton-wassermaltablett-mercurius\\\/\",\"url\":\"https:\\\/\\\/teiaeducation.ch\\\/de\\\/produkt\\\/waldorf-karton-wassermaltablett-mercurius\\\/\",\"name\":\"Waldorf-Karton-Wassermaltablett - Mercurius\",\"isPartOf\":{\"@id\":\"https:\\\/\\\/teiaeducation.ch\\\/de\\\/#website\"},\"primaryImageOfPage\":{\"@id\":\"https:\\\/\\\/teiaeducation.ch\\\/de\\\/produkt\\\/waldorf-karton-wassermaltablett-mercurius\\\/#primaryimage\"},\"image\":{\"@id\":\"https:\\\/\\\/teiaeducation.ch\\\/de\\\/produkt\\\/waldorf-karton-wassermaltablett-mercurius\\\/#primaryimage\"},\"thumbnailUrl\":\"https:\\\/\\\/teiaeducation.ch\\\/wp-content\\\/uploads\\\/2021\\\/10\\\/Waldorf-cardboard-water-painting-tray-Waldorf-watercolour-painting-supplies-Mercurius.jpg\",\"datePublished\":\"2021-10-04T09:08:52+00:00\",\"dateModified\":\"2024-04-02T11:51:06+00:00\",\"description\":\"Der Mercurius Waldorf-Karton-Wassermaltablett ist perfekt f\u00fcr die Aquarellmalerei geeignet und kann Wasser \u00fcber einen l\u00e4ngeren Zeitraum aufnehmen, ohne auszulaufen.\",\"breadcrumb\":{\"@id\":\"https:\\\/\\\/teiaeducation.ch\\\/de\\\/produkt\\\/waldorf-karton-wassermaltablett-mercurius\\\/#breadcrumb\"},\"inLanguage\":\"de-CH\",\"potentialAction\":[{\"@type\":\"ReadAction\",\"target\":[\"https:\\\/\\\/teiaeducation.ch\\\/de\\\/produkt\\\/waldorf-karton-wassermaltablett-mercurius\\\/\"]}]},{\"@type\":\"ImageObject\",\"inLanguage\":\"de-CH\",\"@id\":\"https:\\\/\\\/teiaeducation.ch\\\/de\\\/produkt\\\/waldorf-karton-wassermaltablett-mercurius\\\/#primaryimage\",\"url\":\"https:\\\/\\\/teiaeducation.ch\\\/wp-content\\\/uploads\\\/2021\\\/10\\\/Waldorf-cardboard-water-painting-tray-Waldorf-watercolour-painting-supplies-Mercurius.jpg\",\"contentUrl\":\"https:\\\/\\\/teiaeducation.ch\\\/wp-content\\\/uploads\\\/2021\\\/10\\\/Waldorf-cardboard-water-painting-tray-Waldorf-watercolour-painting-supplies-Mercurius.jpg\",\"width\":900,\"height\":885,\"caption\":\"Waldorf-Karton-Wassermaltablett : Waldorf-Aquarell-Malbedarf - Mercurius\"},{\"@type\":\"BreadcrumbList\",\"@id\":\"https:\\\/\\\/teiaeducation.ch\\\/de\\\/produkt\\\/waldorf-karton-wassermaltablett-mercurius\\\/#breadcrumb\",\"itemListElement\":[{\"@type\":\"ListItem\",\"position\":1,\"name\":\"Home\",\"item\":\"https:\\\/\\\/teiaeducation.ch\\\/de\\\/\"},{\"@type\":\"ListItem\",\"position\":2,\"name\":\"Laden\",\"item\":\"https:\\\/\\\/teiaeducation.ch\\\/de\\\/shop\\\/\"},{\"@type\":\"ListItem\",\"position\":3,\"name\":\"Unsere Marken\",\"item\":\"https:\\\/\\\/teiaeducation.ch\\\/de\\\/produkt-kategorie\\\/unsere-marken\\\/\"},{\"@type\":\"ListItem\",\"position\":4,\"name\":\"Mercurius\",\"item\":\"https:\\\/\\\/teiaeducation.ch\\\/de\\\/produkt-kategorie\\\/unsere-marken\\\/mercurius-de\\\/\"},{\"@type\":\"ListItem\",\"position\":5,\"name\":\"Waldorf-Karton-Wassermaltablett &#8211; Mercurius\"}]},{\"@type\":\"WebSite\",\"@id\":\"https:\\\/\\\/teiaeducation.ch\\\/de\\\/#website\",\"url\":\"https:\\\/\\\/teiaeducation.ch\\\/de\\\/\",\"name\":\"Sustainable Educational Products &amp; Ecological Toys\u00a0\",\"description\":\"Specialised Swiss shop selling sustainable educational toys and games, AMI certified Montessori materials, handmade ecological wooden Waldorf toys and arts &amp; crafts supplies, school supplies, children&#039;s furniture and Montessori reference and parenting books.\",\"publisher\":{\"@id\":\"https:\\\/\\\/teiaeducation.ch\\\/de\\\/#organization\"},\"alternateName\":\"Teia Education & Play\",\"potentialAction\":[{\"@type\":\"SearchAction\",\"target\":{\"@type\":\"EntryPoint\",\"urlTemplate\":\"https:\\\/\\\/teiaeducation.ch\\\/de\\\/?s={search_term_string}\"},\"query-input\":{\"@type\":\"PropertyValueSpecification\",\"valueRequired\":true,\"valueName\":\"search_term_string\"}}],\"inLanguage\":\"de-CH\"},{\"@type\":\"Organization\",\"@id\":\"https:\\\/\\\/teiaeducation.ch\\\/de\\\/#organization\",\"name\":\"Teia Education & Play\",\"url\":\"https:\\\/\\\/teiaeducation.ch\\\/de\\\/\",\"logo\":{\"@type\":\"ImageObject\",\"inLanguage\":\"de-CH\",\"@id\":\"https:\\\/\\\/teiaeducation.ch\\\/de\\\/#\\\/schema\\\/logo\\\/image\\\/\",\"url\":\"https:\\\/\\\/teiaeducation.ch\\\/wp-content\\\/uploads\\\/2020\\\/11\\\/Teia-Education-Switzerland-e1620156442216.jpg\",\"contentUrl\":\"https:\\\/\\\/teiaeducation.ch\\\/wp-content\\\/uploads\\\/2020\\\/11\\\/Teia-Education-Switzerland-e1620156442216.jpg\",\"width\":166,\"height\":145,\"caption\":\"Teia Education & Play\"},\"image\":{\"@id\":\"https:\\\/\\\/teiaeducation.ch\\\/de\\\/#\\\/schema\\\/logo\\\/image\\\/\"},\"sameAs\":[\"https:\\\/\\\/www.facebook.com\\\/teiaeducation\\\/\",\"https:\\\/\\\/x.com\\\/EducationTeia\",\"https:\\\/\\\/www.instagram.com\\\/teia.education\\\/\",\"https:\\\/\\\/www.linkedin.com\\\/company\\\/35501660\",\"https:\\\/\\\/www.pinterest.ch\\\/TeiaEducation\\\/\"]}]}<\/script>\n<!-- \/ Yoast SEO plugin. -->","yoast_head_json":{"title":"Waldorf-Karton-Wassermaltablett - Mercurius","description":"Der Mercurius Waldorf-Karton-Wassermaltablett ist perfekt f\u00fcr die Aquarellmalerei geeignet und kann Wasser \u00fcber einen l\u00e4ngeren Zeitraum aufnehmen, ohne auszulaufen.","robots":{"index":"index","follow":"follow","max-snippet":"max-snippet:-1","max-image-preview":"max-image-preview:large","max-video-preview":"max-video-preview:-1"},"canonical":"https:\/\/teiaeducation.ch\/de\/produkt\/waldorf-karton-wassermaltablett-mercurius\/","og_locale":"de_DE","og_type":"article","og_title":"Waldorf-Karton-Wassermaltablett - Mercurius","og_description":"Der Mercurius Waldorf-Karton-Wassermaltablett ist perfekt f\u00fcr die Aquarellmalerei geeignet und kann Wasser \u00fcber einen l\u00e4ngeren Zeitraum aufnehmen, ohne auszulaufen.","og_url":"https:\/\/teiaeducation.ch\/de\/produkt\/waldorf-karton-wassermaltablett-mercurius\/","og_site_name":"Sustainable Educational Products &amp; Ecological Toys\u00a0","article_publisher":"https:\/\/www.facebook.com\/teiaeducation\/","article_modified_time":"2024-04-02T11:51:06+00:00","og_image":[{"width":900,"height":885,"url":"https:\/\/teiaeducation.ch\/wp-content\/uploads\/2021\/10\/Waldorf-cardboard-water-painting-tray-Waldorf-watercolour-painting-supplies-Mercurius.jpg","type":"image\/jpeg"}],"schema":{"@context":"https:\/\/schema.org","@graph":[{"@type":"WebPage","@id":"https:\/\/teiaeducation.ch\/de\/produkt\/waldorf-karton-wassermaltablett-mercurius\/","url":"https:\/\/teiaeducation.ch\/de\/produkt\/waldorf-karton-wassermaltablett-mercurius\/","name":"Waldorf-Karton-Wassermaltablett - Mercurius","isPartOf":{"@id":"https:\/\/teiaeducation.ch\/de\/#website"},"primaryImageOfPage":{"@id":"https:\/\/teiaeducation.ch\/de\/produkt\/waldorf-karton-wassermaltablett-mercurius\/#primaryimage"},"image":{"@id":"https:\/\/teiaeducation.ch\/de\/produkt\/waldorf-karton-wassermaltablett-mercurius\/#primaryimage"},"thumbnailUrl":"https:\/\/teiaeducation.ch\/wp-content\/uploads\/2021\/10\/Waldorf-cardboard-water-painting-tray-Waldorf-watercolour-painting-supplies-Mercurius.jpg","datePublished":"2021-10-04T09:08:52+00:00","dateModified":"2024-04-02T11:51:06+00:00","description":"Der Mercurius Waldorf-Karton-Wassermaltablett ist perfekt f\u00fcr die Aquarellmalerei geeignet und kann Wasser \u00fcber einen l\u00e4ngeren Zeitraum aufnehmen, ohne auszulaufen.","breadcrumb":{"@id":"https:\/\/teiaeducation.ch\/de\/produkt\/waldorf-karton-wassermaltablett-mercurius\/#breadcrumb"},"inLanguage":"de-CH","potentialAction":[{"@type":"ReadAction","target":["https:\/\/teiaeducation.ch\/de\/produkt\/waldorf-karton-wassermaltablett-mercurius\/"]}]},{"@type":"ImageObject","inLanguage":"de-CH","@id":"https:\/\/teiaeducation.ch\/de\/produkt\/waldorf-karton-wassermaltablett-mercurius\/#primaryimage","url":"https:\/\/teiaeducation.ch\/wp-content\/uploads\/2021\/10\/Waldorf-cardboard-water-painting-tray-Waldorf-watercolour-painting-supplies-Mercurius.jpg","contentUrl":"https:\/\/teiaeducation.ch\/wp-content\/uploads\/2021\/10\/Waldorf-cardboard-water-painting-tray-Waldorf-watercolour-painting-supplies-Mercurius.jpg","width":900,"height":885,"caption":"Waldorf-Karton-Wassermaltablett : Waldorf-Aquarell-Malbedarf - Mercurius"},{"@type":"BreadcrumbList","@id":"https:\/\/teiaeducation.ch\/de\/produkt\/waldorf-karton-wassermaltablett-mercurius\/#breadcrumb","itemListElement":[{"@type":"ListItem","position":1,"name":"Home","item":"https:\/\/teiaeducation.ch\/de\/"},{"@type":"ListItem","position":2,"name":"Laden","item":"https:\/\/teiaeducation.ch\/de\/shop\/"},{"@type":"ListItem","position":3,"name":"Unsere Marken","item":"https:\/\/teiaeducation.ch\/de\/produkt-kategorie\/unsere-marken\/"},{"@type":"ListItem","position":4,"name":"Mercurius","item":"https:\/\/teiaeducation.ch\/de\/produkt-kategorie\/unsere-marken\/mercurius-de\/"},{"@type":"ListItem","position":5,"name":"Waldorf-Karton-Wassermaltablett &#8211; Mercurius"}]},{"@type":"WebSite","@id":"https:\/\/teiaeducation.ch\/de\/#website","url":"https:\/\/teiaeducation.ch\/de\/","name":"Sustainable Educational Products &amp; Ecological Toys\u00a0","description":"Specialised Swiss shop selling sustainable educational toys and games, AMI certified Montessori materials, handmade ecological wooden Waldorf toys and arts &amp; crafts supplies, school supplies, children&#039;s furniture and Montessori reference and parenting books.","publisher":{"@id":"https:\/\/teiaeducation.ch\/de\/#organization"},"alternateName":"Teia Education & Play","potentialAction":[{"@type":"SearchAction","target":{"@type":"EntryPoint","urlTemplate":"https:\/\/teiaeducation.ch\/de\/?s={search_term_string}"},"query-input":{"@type":"PropertyValueSpecification","valueRequired":true,"valueName":"search_term_string"}}],"inLanguage":"de-CH"},{"@type":"Organization","@id":"https:\/\/teiaeducation.ch\/de\/#organization","name":"Teia Education & Play","url":"https:\/\/teiaeducation.ch\/de\/","logo":{"@type":"ImageObject","inLanguage":"de-CH","@id":"https:\/\/teiaeducation.ch\/de\/#\/schema\/logo\/image\/","url":"https:\/\/teiaeducation.ch\/wp-content\/uploads\/2020\/11\/Teia-Education-Switzerland-e1620156442216.jpg","contentUrl":"https:\/\/teiaeducation.ch\/wp-content\/uploads\/2020\/11\/Teia-Education-Switzerland-e1620156442216.jpg","width":166,"height":145,"caption":"Teia Education & Play"},"image":{"@id":"https:\/\/teiaeducation.ch\/de\/#\/schema\/logo\/image\/"},"sameAs":["https:\/\/www.facebook.com\/teiaeducation\/","https:\/\/x.com\/EducationTeia","https:\/\/www.instagram.com\/teia.education\/","https:\/\/www.linkedin.com\/company\/35501660","https:\/\/www.pinterest.ch\/TeiaEducation\/"]}]}},"_links":{"self":[{"href":"https:\/\/teiaeducation.ch\/de\/wp-json\/wp\/v2\/product\/59811","targetHints":{"allow":["GET"]}}],"collection":[{"href":"https:\/\/teiaeducation.ch\/de\/wp-json\/wp\/v2\/product"}],"about":[{"href":"https:\/\/teiaeducation.ch\/de\/wp-json\/wp\/v2\/types\/product"}],"replies":[{"embeddable":true,"href":"https:\/\/teiaeducation.ch\/de\/wp-json\/wp\/v2\/comments?post=59811"}],"wp:featuredmedia":[{"embeddable":true,"href":"https:\/\/teiaeducation.ch\/de\/wp-json\/wp\/v2\/media\/59812"}],"wp:attachment":[{"href":"https:\/\/teiaeducation.ch\/de\/wp-json\/wp\/v2\/media?parent=59811"}],"wp:term":[{"taxonomy":"product_brand","embeddable":true,"href":"https:\/\/teiaeducation.ch\/de\/wp-json\/wp\/v2\/product_brand?post=59811"},{"taxonomy":"product_cat","embeddable":true,"href":"https:\/\/teiaeducation.ch\/de\/wp-json\/wp\/v2\/product_cat?post=59811"},{"taxonomy":"product_tag","embeddable":true,"href":"https:\/\/teiaeducation.ch\/de\/wp-json\/wp\/v2\/product_tag?post=59811"}],"curies":[{"name":"wp","href":"https:\/\/api.w.org\/{rel}","templated":true}]}}