{"id":59819,"date":"2021-06-04T16:11:08","date_gmt":"2021-06-04T14:11:08","guid":{"rendered":"https:\/\/teiaeducation.ch\/product\/ams-farbriesen-aquarell-12-ass-mercurius\/"},"modified":"2024-11-11T14:03:12","modified_gmt":"2024-11-11T13:03:12","slug":"ams-farbriesen-aquarell-12-ass-mercurius","status":"publish","type":"product","link":"https:\/\/teiaeducation.ch\/de\/produkt\/ams-farbriesen-aquarell-12-ass-mercurius\/","title":{"rendered":"AMS Aquarellstifte Sortiment 12 Farben &#8211; Mercurius"},"content":{"rendered":"<p>Dieses wunderbare Mercurius AMS Aquarellstifte Sortiment in 12 Farben und 1 Pinsel ist eine spannende Zusammenarbeit zwischen <a href=\"https:\/\/teiaeducation.ch\/product-category\/brands\/stockmar\/\">Stockmar<\/a> und <a href=\"https:\/\/teiaeducation.ch\/product-category\/brands\/lyra\/\">Lyra<\/a>, zwei der f\u00fchrenden Hersteller von hochwertigem Waldorf Kunstzubeh\u00f6r.<\/p>\n<p>Diese exklusiv f\u00fcr Mercurius hergestellten, von <a href=\"https:\/\/teiaeducation.ch\/product-category\/education-method\/waldorf\/\">Waldorf<\/a> inspirierten Aquarellstifte haben eine sch\u00f6ne abgerundete, dreieckige Form, die gut und sicher in Kinderh\u00e4nden liegt. Sie bieten h\u00f6chste Qualit\u00e4t f\u00fcr zufriedenstellendes <a href=\"https:\/\/teiaeducation.ch\/product-category\/creative-art-craft\/drawing-colouring\/\">F\u00e4rben<\/a> und <a href=\"https:\/\/teiaeducation.ch\/product-category\/creative-art-craft\/painting\/\">Malen<\/a> mit extra dicken, unzerbrechlichen Minen.<\/p>\n<p>Von schwungvollen Zeichnungen bis hin zu leichten Aquarellen k\u00f6nnen diese Farbstifte sowohl zum Ausmalen als auch zum Aquarellieren verwendet werden. Mit einem feuchten Pinsel lassen sich aufregende Aquarelleffekte erzielen. Damit sind diese Aquarellstifte ideal f\u00fcr Skizzen und Illustrationen, in der Schule oder beim Lernen. Bei der Verwendung f\u00fcr Aquarelle sind die Farbkombinationen unendlich.<\/p>\n<p>Diese 12 Aquarellstifte umfassende Kollektion enth\u00e4lt die folgenden Farben, die nach dem Goetheschen Farbkreis abgestuft sind:<\/p>\n<p>01 Karminrot | 02 Zinnoberrot | 03 Orange | 04 Goldgelb | 07 Gr\u00fcn | 11 Blauviolett | 13 Rotbraun | 18 Preu\u00dfischblau | 19 Kobaltblau | 25 Gold | 26 Silber | 34 Perlrosa. Dieses Set enth\u00e4lt auch einen Pinsel.<\/p>\n<p>Diese Waldorf Aquarellstifte sind ein langlebiges Kunstzubeh\u00f6r, das Sie immer wieder in der Schule, im Unterricht oder f\u00fcr viele lustige, kreative Bastelarbeiten zu Hause verwenden werden!<\/p>\n<p>Jeder Farbstifte hat eine L\u00e4nge von 17,5 cm und einen Durchmesser von 1 cm mit einer Mine von 0,625 cm. Sie werden in Europa aus unlackiertem Weichholz hergestellt und in einer sch\u00f6nen Aufbewahrungsbox aus Karton geliefert.<\/p>\n<p>Inhalt:<\/p>\n<p>12 Aquarellstifte<br \/>\n1 Pinsel<br \/>\n1 Kartondose<\/p>\n<h2>\u00dcber Mercurius<\/h2>\n<p><a href=\"https:\/\/teiaeducation.ch\/product-category\/brands\/mercurius\/\">Mercurius<\/a> ist der Hauptlieferant f\u00fcr <a href=\"https:\/\/teiaeducation.ch\/waldorf-steiner-schools-supplies\/\">Waldorfschulen<\/a> weltweit und ist ein spezialisierter Anbieter von hochwertigen und einzigartigen <a href=\"https:\/\/teiaeducation.ch\/product-category\/creative-art-craft\/\">kreativen Materialien<\/a>, <a href=\"https:\/\/teiaeducation.ch\/product-category\/hgh-quality-toys-play\/handmade-wooden-toys\/\">handgefertigtes Spielzeug<\/a> und Materialien zur Unterst\u00fctzung des Waldorf Lehrplans. Alle Mercurius Produkte sind speziell auf die Bed\u00fcrfnisse der <a href=\"https:\/\/teiaeducation.ch\/product-category\/education-method\/waldorf-steiner-toys-craft-materials\/\">Waldorfschulen<\/a> und der Erziehung zu Hause abgestimmt. Mercurius ist der weltweite Vertreter der bekannten Waldorfmarken <a href=\"https:\/\/teiaeducation.ch\/product-category\/brands\/stockmar\/\">Stockmar<\/a>, <a href=\"https:\/\/teiaeducation.ch\/product-category\/brands\/debresk\/\">Debresk<\/a>, <a href=\"https:\/\/teiaeducation.ch\/product-category\/brands\/filia\/\">Filia<\/a> und vieler anderer.<\/p>\n<p>Das Mercurius Kernsortiment umfasst Produkte, die zug\u00e4nglich, angemessen und erschwinglich sind und Lehrpl\u00e4ne wie Kunst- und <a href=\"https:\/\/teiaeducation.ch\/product-category\/learning-themes\/sensory-motor-skills\/music\/\">Musikunterricht<\/a>, klassischen Waldorfschulbedarf, Spielzeug und hochwertige <a href=\"https:\/\/teiaeducation.ch\/product-category\/classroom-essentials\/furniture-storage\/\">Schulm\u00f6bel<\/a> abdecken.<\/p>\n<p>Als sozial und \u00f6kologisch verantwortungsbewusstes Unternehmen ist Mercurius bestrebt, nur qualitativ hochwertige und sichere Produkte anzubieten, die alle geltenden Normen erf\u00fcllen. Alle ihre Produkte werden umfangreichen Sicherheits- und Umwelttests unterzogen. Soziale Eingliederung und eine f\u00fcr beide Seiten vorteilhafte Zusammenarbeit sind grundlegende Prinzipien. Mercurius ist bestrebt, Produkte und Dienstleistungen von Organisationen zu beziehen, die Menschen mit Behinderungen besch\u00e4ftigen, sowie von anderen Anbietern, deren soziale und \u00f6kologische Grunds\u00e4tze mit denen von Mercurius \u00fcbereinstimmen.<\/p>\n","protected":false},"excerpt":{"rendered":"<p>Artikelnummer: <span data-sheets-value=\"{\" data-sheets-userformat=\"{\">85092912<\/span><\/p>\n<p>Dieses wunderbare Mercurius AMS Waldorf Aquarellstifte Sortiment in 12 Farben ist eine Zusammenarbeit zwischen Stockmar und Lyra!<\/p>\n","protected":false},"featured_media":59820,"comment_status":"open","ping_status":"closed","template":"","meta":[],"product_brand":[],"product_cat":[21445,21446,23651,21479,21447,21579,21443,21563,22362,21668,21564,21483,21450],"product_tag":[28697,28692,28695,28694,28700,28690,28696,26326,28698,26327,28691,28693,28699,28689,28670,26957,28672,28671,26363,28669],"class_list":{"0":"post-59819","1":"product","2":"type-product","3":"status-publish","4":"has-post-thumbnail","6":"product_cat-3-6-jahre-vorschule","7":"product_cat-6-12-jahre-grundschule","8":"product_cat-back-to-school-de","9":"product_cat-lernmaterialien-spielzeug-montessori-waldorf-steiner-froebel","10":"product_cat-malen-basteln","11":"product_cat-mercurius-de","12":"product_cat-nach-alter","13":"product_cat-neuheiten","14":"product_cat-saisonale-kollektionen","15":"product_cat-stockmar-de","16":"product_cat-unsere-marken","17":"product_cat-waldorf-steiner-paedagogik","18":"product_cat-zeichnen-malen","19":"product_tag-ams-aquarellstifte","20":"product_tag-buntstifte-aus-europa","21":"product_tag-buntstifte-in-dose","22":"product_tag-farbeeffekt-stift","23":"product_tag-lyra-aquarellstifte","24":"product_tag-lyra-buntstifte","25":"product_tag-lyra-splender-de","26":"product_tag-mercurius-de","27":"product_tag-mercurius-aquarellstifte","28":"product_tag-mercurius-kunstbedarf","29":"product_tag-mercurius-farbgiganten","30":"product_tag-splender-bleistift","31":"product_tag-stockmar-aquarellstifte","32":"product_tag-stockmar-buntstifte","33":"product_tag-waldorf-buntstifte","34":"product_tag-waldorf-farben","35":"product_tag-waldorf-farben-bleistiftset","36":"product_tag-waldorf-farbung","37":"product_tag-waldorf-kunstbedarf","38":"product_tag-waldorfkunstbedarf-schweiz","40":"first","41":"instock","42":"taxable","43":"shipping-taxable","44":"purchasable","45":"product-type-simple"},"yoast_head":"<!-- This site is optimized with the Yoast SEO plugin v27.3 - https:\/\/yoast.com\/product\/yoast-seo-wordpress\/ -->\n<title>AMS Aquarellstifte Sortiment 12 Farben - Mercurius<\/title>\n<meta name=\"description\" content=\"Dieses wunderbare Mercurius AMS Waldorf Aquarellstifte Sortiment in 12 Farben ist eine Zusammenarbeit zwischen Stockmar und Lyra.\" \/>\n<meta name=\"robots\" content=\"index, follow, max-snippet:-1, max-image-preview:large, max-video-preview:-1\" \/>\n<link rel=\"canonical\" href=\"https:\/\/teiaeducation.ch\/de\/produkt\/ams-farbriesen-aquarell-12-ass-mercurius\/\" \/>\n<meta property=\"og:locale\" content=\"de_DE\" \/>\n<meta property=\"og:type\" content=\"article\" \/>\n<meta property=\"og:title\" content=\"AMS Aquarellstifte Sortiment 12 Farben - Mercurius\" \/>\n<meta property=\"og:description\" content=\"Dieses wunderbare Mercurius AMS Waldorf Aquarellstifte Sortiment in 12 Farben ist eine Zusammenarbeit zwischen Stockmar und Lyra.\" \/>\n<meta property=\"og:url\" content=\"https:\/\/teiaeducation.ch\/de\/produkt\/ams-farbriesen-aquarell-12-ass-mercurius\/\" \/>\n<meta property=\"og:site_name\" content=\"Sustainable Educational Products &amp; Ecological Toys\u00a0\" \/>\n<meta property=\"article:publisher\" content=\"https:\/\/www.facebook.com\/teiaeducation\/\" \/>\n<meta property=\"article:modified_time\" content=\"2024-11-11T13:03:12+00:00\" \/>\n<meta property=\"og:image\" content=\"https:\/\/teiaeducation.ch\/wp-content\/uploads\/2021\/06\/AMS-water-colour-12-pencils-Mercurius.jpg\" \/>\n\t<meta property=\"og:image:width\" content=\"850\" \/>\n\t<meta property=\"og:image:height\" content=\"867\" \/>\n\t<meta property=\"og:image:type\" content=\"image\/jpeg\" \/>\n<script type=\"application\/ld+json\" class=\"yoast-schema-graph\">{\"@context\":\"https:\\\/\\\/schema.org\",\"@graph\":[{\"@type\":\"WebPage\",\"@id\":\"https:\\\/\\\/teiaeducation.ch\\\/de\\\/produkt\\\/ams-farbriesen-aquarell-12-ass-mercurius\\\/\",\"url\":\"https:\\\/\\\/teiaeducation.ch\\\/de\\\/produkt\\\/ams-farbriesen-aquarell-12-ass-mercurius\\\/\",\"name\":\"AMS Aquarellstifte Sortiment 12 Farben - Mercurius\",\"isPartOf\":{\"@id\":\"https:\\\/\\\/teiaeducation.ch\\\/de\\\/#website\"},\"primaryImageOfPage\":{\"@id\":\"https:\\\/\\\/teiaeducation.ch\\\/de\\\/produkt\\\/ams-farbriesen-aquarell-12-ass-mercurius\\\/#primaryimage\"},\"image\":{\"@id\":\"https:\\\/\\\/teiaeducation.ch\\\/de\\\/produkt\\\/ams-farbriesen-aquarell-12-ass-mercurius\\\/#primaryimage\"},\"thumbnailUrl\":\"https:\\\/\\\/teiaeducation.ch\\\/wp-content\\\/uploads\\\/2021\\\/06\\\/AMS-water-colour-12-pencils-Mercurius.jpg\",\"datePublished\":\"2021-06-04T14:11:08+00:00\",\"dateModified\":\"2024-11-11T13:03:12+00:00\",\"description\":\"Dieses wunderbare Mercurius AMS Waldorf Aquarellstifte Sortiment in 12 Farben ist eine Zusammenarbeit zwischen Stockmar und Lyra.\",\"breadcrumb\":{\"@id\":\"https:\\\/\\\/teiaeducation.ch\\\/de\\\/produkt\\\/ams-farbriesen-aquarell-12-ass-mercurius\\\/#breadcrumb\"},\"inLanguage\":\"de-CH\",\"potentialAction\":[{\"@type\":\"ReadAction\",\"target\":[\"https:\\\/\\\/teiaeducation.ch\\\/de\\\/produkt\\\/ams-farbriesen-aquarell-12-ass-mercurius\\\/\"]}]},{\"@type\":\"ImageObject\",\"inLanguage\":\"de-CH\",\"@id\":\"https:\\\/\\\/teiaeducation.ch\\\/de\\\/produkt\\\/ams-farbriesen-aquarell-12-ass-mercurius\\\/#primaryimage\",\"url\":\"https:\\\/\\\/teiaeducation.ch\\\/wp-content\\\/uploads\\\/2021\\\/06\\\/AMS-water-colour-12-pencils-Mercurius.jpg\",\"contentUrl\":\"https:\\\/\\\/teiaeducation.ch\\\/wp-content\\\/uploads\\\/2021\\\/06\\\/AMS-water-colour-12-pencils-Mercurius.jpg\",\"width\":850,\"height\":867,\"caption\":\"AMS Aquarellstifte Sortiment 12 Farben stockmar Mercurius\"},{\"@type\":\"BreadcrumbList\",\"@id\":\"https:\\\/\\\/teiaeducation.ch\\\/de\\\/produkt\\\/ams-farbriesen-aquarell-12-ass-mercurius\\\/#breadcrumb\",\"itemListElement\":[{\"@type\":\"ListItem\",\"position\":1,\"name\":\"Home\",\"item\":\"https:\\\/\\\/teiaeducation.ch\\\/de\\\/\"},{\"@type\":\"ListItem\",\"position\":2,\"name\":\"Laden\",\"item\":\"https:\\\/\\\/teiaeducation.ch\\\/de\\\/shop\\\/\"},{\"@type\":\"ListItem\",\"position\":3,\"name\":\"Unsere Marken\",\"item\":\"https:\\\/\\\/teiaeducation.ch\\\/de\\\/produkt-kategorie\\\/unsere-marken\\\/\"},{\"@type\":\"ListItem\",\"position\":4,\"name\":\"Mercurius\",\"item\":\"https:\\\/\\\/teiaeducation.ch\\\/de\\\/produkt-kategorie\\\/unsere-marken\\\/mercurius-de\\\/\"},{\"@type\":\"ListItem\",\"position\":5,\"name\":\"AMS Aquarellstifte Sortiment 12 Farben &#8211; Mercurius\"}]},{\"@type\":\"WebSite\",\"@id\":\"https:\\\/\\\/teiaeducation.ch\\\/de\\\/#website\",\"url\":\"https:\\\/\\\/teiaeducation.ch\\\/de\\\/\",\"name\":\"Sustainable Educational Products &amp; Ecological Toys\u00a0\",\"description\":\"Specialised Swiss shop selling sustainable educational toys and games, AMI certified Montessori materials, handmade ecological wooden Waldorf toys and arts &amp; crafts supplies, school supplies, children&#039;s furniture and Montessori reference and parenting books.\",\"publisher\":{\"@id\":\"https:\\\/\\\/teiaeducation.ch\\\/de\\\/#organization\"},\"alternateName\":\"Teia Education & Play\",\"potentialAction\":[{\"@type\":\"SearchAction\",\"target\":{\"@type\":\"EntryPoint\",\"urlTemplate\":\"https:\\\/\\\/teiaeducation.ch\\\/de\\\/?s={search_term_string}\"},\"query-input\":{\"@type\":\"PropertyValueSpecification\",\"valueRequired\":true,\"valueName\":\"search_term_string\"}}],\"inLanguage\":\"de-CH\"},{\"@type\":\"Organization\",\"@id\":\"https:\\\/\\\/teiaeducation.ch\\\/de\\\/#organization\",\"name\":\"Teia Education & Play\",\"url\":\"https:\\\/\\\/teiaeducation.ch\\\/de\\\/\",\"logo\":{\"@type\":\"ImageObject\",\"inLanguage\":\"de-CH\",\"@id\":\"https:\\\/\\\/teiaeducation.ch\\\/de\\\/#\\\/schema\\\/logo\\\/image\\\/\",\"url\":\"https:\\\/\\\/teiaeducation.ch\\\/wp-content\\\/uploads\\\/2020\\\/11\\\/Teia-Education-Switzerland-e1620156442216.jpg\",\"contentUrl\":\"https:\\\/\\\/teiaeducation.ch\\\/wp-content\\\/uploads\\\/2020\\\/11\\\/Teia-Education-Switzerland-e1620156442216.jpg\",\"width\":166,\"height\":145,\"caption\":\"Teia Education & Play\"},\"image\":{\"@id\":\"https:\\\/\\\/teiaeducation.ch\\\/de\\\/#\\\/schema\\\/logo\\\/image\\\/\"},\"sameAs\":[\"https:\\\/\\\/www.facebook.com\\\/teiaeducation\\\/\",\"https:\\\/\\\/x.com\\\/EducationTeia\",\"https:\\\/\\\/www.instagram.com\\\/teia.education\\\/\",\"https:\\\/\\\/www.linkedin.com\\\/company\\\/35501660\",\"https:\\\/\\\/www.pinterest.ch\\\/TeiaEducation\\\/\"]}]}<\/script>\n<!-- \/ Yoast SEO plugin. -->","yoast_head_json":{"title":"AMS Aquarellstifte Sortiment 12 Farben - Mercurius","description":"Dieses wunderbare Mercurius AMS Waldorf Aquarellstifte Sortiment in 12 Farben ist eine Zusammenarbeit zwischen Stockmar und Lyra.","robots":{"index":"index","follow":"follow","max-snippet":"max-snippet:-1","max-image-preview":"max-image-preview:large","max-video-preview":"max-video-preview:-1"},"canonical":"https:\/\/teiaeducation.ch\/de\/produkt\/ams-farbriesen-aquarell-12-ass-mercurius\/","og_locale":"de_DE","og_type":"article","og_title":"AMS Aquarellstifte Sortiment 12 Farben - Mercurius","og_description":"Dieses wunderbare Mercurius AMS Waldorf Aquarellstifte Sortiment in 12 Farben ist eine Zusammenarbeit zwischen Stockmar und Lyra.","og_url":"https:\/\/teiaeducation.ch\/de\/produkt\/ams-farbriesen-aquarell-12-ass-mercurius\/","og_site_name":"Sustainable Educational Products &amp; Ecological Toys\u00a0","article_publisher":"https:\/\/www.facebook.com\/teiaeducation\/","article_modified_time":"2024-11-11T13:03:12+00:00","og_image":[{"width":850,"height":867,"url":"https:\/\/teiaeducation.ch\/wp-content\/uploads\/2021\/06\/AMS-water-colour-12-pencils-Mercurius.jpg","type":"image\/jpeg"}],"schema":{"@context":"https:\/\/schema.org","@graph":[{"@type":"WebPage","@id":"https:\/\/teiaeducation.ch\/de\/produkt\/ams-farbriesen-aquarell-12-ass-mercurius\/","url":"https:\/\/teiaeducation.ch\/de\/produkt\/ams-farbriesen-aquarell-12-ass-mercurius\/","name":"AMS Aquarellstifte Sortiment 12 Farben - Mercurius","isPartOf":{"@id":"https:\/\/teiaeducation.ch\/de\/#website"},"primaryImageOfPage":{"@id":"https:\/\/teiaeducation.ch\/de\/produkt\/ams-farbriesen-aquarell-12-ass-mercurius\/#primaryimage"},"image":{"@id":"https:\/\/teiaeducation.ch\/de\/produkt\/ams-farbriesen-aquarell-12-ass-mercurius\/#primaryimage"},"thumbnailUrl":"https:\/\/teiaeducation.ch\/wp-content\/uploads\/2021\/06\/AMS-water-colour-12-pencils-Mercurius.jpg","datePublished":"2021-06-04T14:11:08+00:00","dateModified":"2024-11-11T13:03:12+00:00","description":"Dieses wunderbare Mercurius AMS Waldorf Aquarellstifte Sortiment in 12 Farben ist eine Zusammenarbeit zwischen Stockmar und Lyra.","breadcrumb":{"@id":"https:\/\/teiaeducation.ch\/de\/produkt\/ams-farbriesen-aquarell-12-ass-mercurius\/#breadcrumb"},"inLanguage":"de-CH","potentialAction":[{"@type":"ReadAction","target":["https:\/\/teiaeducation.ch\/de\/produkt\/ams-farbriesen-aquarell-12-ass-mercurius\/"]}]},{"@type":"ImageObject","inLanguage":"de-CH","@id":"https:\/\/teiaeducation.ch\/de\/produkt\/ams-farbriesen-aquarell-12-ass-mercurius\/#primaryimage","url":"https:\/\/teiaeducation.ch\/wp-content\/uploads\/2021\/06\/AMS-water-colour-12-pencils-Mercurius.jpg","contentUrl":"https:\/\/teiaeducation.ch\/wp-content\/uploads\/2021\/06\/AMS-water-colour-12-pencils-Mercurius.jpg","width":850,"height":867,"caption":"AMS Aquarellstifte Sortiment 12 Farben stockmar Mercurius"},{"@type":"BreadcrumbList","@id":"https:\/\/teiaeducation.ch\/de\/produkt\/ams-farbriesen-aquarell-12-ass-mercurius\/#breadcrumb","itemListElement":[{"@type":"ListItem","position":1,"name":"Home","item":"https:\/\/teiaeducation.ch\/de\/"},{"@type":"ListItem","position":2,"name":"Laden","item":"https:\/\/teiaeducation.ch\/de\/shop\/"},{"@type":"ListItem","position":3,"name":"Unsere Marken","item":"https:\/\/teiaeducation.ch\/de\/produkt-kategorie\/unsere-marken\/"},{"@type":"ListItem","position":4,"name":"Mercurius","item":"https:\/\/teiaeducation.ch\/de\/produkt-kategorie\/unsere-marken\/mercurius-de\/"},{"@type":"ListItem","position":5,"name":"AMS Aquarellstifte Sortiment 12 Farben &#8211; Mercurius"}]},{"@type":"WebSite","@id":"https:\/\/teiaeducation.ch\/de\/#website","url":"https:\/\/teiaeducation.ch\/de\/","name":"Sustainable Educational Products &amp; Ecological Toys\u00a0","description":"Specialised Swiss shop selling sustainable educational toys and games, AMI certified Montessori materials, handmade ecological wooden Waldorf toys and arts &amp; crafts supplies, school supplies, children&#039;s furniture and Montessori reference and parenting books.","publisher":{"@id":"https:\/\/teiaeducation.ch\/de\/#organization"},"alternateName":"Teia Education & Play","potentialAction":[{"@type":"SearchAction","target":{"@type":"EntryPoint","urlTemplate":"https:\/\/teiaeducation.ch\/de\/?s={search_term_string}"},"query-input":{"@type":"PropertyValueSpecification","valueRequired":true,"valueName":"search_term_string"}}],"inLanguage":"de-CH"},{"@type":"Organization","@id":"https:\/\/teiaeducation.ch\/de\/#organization","name":"Teia Education & Play","url":"https:\/\/teiaeducation.ch\/de\/","logo":{"@type":"ImageObject","inLanguage":"de-CH","@id":"https:\/\/teiaeducation.ch\/de\/#\/schema\/logo\/image\/","url":"https:\/\/teiaeducation.ch\/wp-content\/uploads\/2020\/11\/Teia-Education-Switzerland-e1620156442216.jpg","contentUrl":"https:\/\/teiaeducation.ch\/wp-content\/uploads\/2020\/11\/Teia-Education-Switzerland-e1620156442216.jpg","width":166,"height":145,"caption":"Teia Education & Play"},"image":{"@id":"https:\/\/teiaeducation.ch\/de\/#\/schema\/logo\/image\/"},"sameAs":["https:\/\/www.facebook.com\/teiaeducation\/","https:\/\/x.com\/EducationTeia","https:\/\/www.instagram.com\/teia.education\/","https:\/\/www.linkedin.com\/company\/35501660","https:\/\/www.pinterest.ch\/TeiaEducation\/"]}]}},"_links":{"self":[{"href":"https:\/\/teiaeducation.ch\/de\/wp-json\/wp\/v2\/product\/59819","targetHints":{"allow":["GET"]}}],"collection":[{"href":"https:\/\/teiaeducation.ch\/de\/wp-json\/wp\/v2\/product"}],"about":[{"href":"https:\/\/teiaeducation.ch\/de\/wp-json\/wp\/v2\/types\/product"}],"replies":[{"embeddable":true,"href":"https:\/\/teiaeducation.ch\/de\/wp-json\/wp\/v2\/comments?post=59819"}],"wp:featuredmedia":[{"embeddable":true,"href":"https:\/\/teiaeducation.ch\/de\/wp-json\/wp\/v2\/media\/59820"}],"wp:attachment":[{"href":"https:\/\/teiaeducation.ch\/de\/wp-json\/wp\/v2\/media?parent=59819"}],"wp:term":[{"taxonomy":"product_brand","embeddable":true,"href":"https:\/\/teiaeducation.ch\/de\/wp-json\/wp\/v2\/product_brand?post=59819"},{"taxonomy":"product_cat","embeddable":true,"href":"https:\/\/teiaeducation.ch\/de\/wp-json\/wp\/v2\/product_cat?post=59819"},{"taxonomy":"product_tag","embeddable":true,"href":"https:\/\/teiaeducation.ch\/de\/wp-json\/wp\/v2\/product_tag?post=59819"}],"curies":[{"name":"wp","href":"https:\/\/api.w.org\/{rel}","templated":true}]}}