{"id":59835,"date":"2021-06-04T11:30:49","date_gmt":"2021-06-04T09:30:49","guid":{"rendered":"https:\/\/teiaeducation.ch\/product\/malbrett-aus-holz-klein-30x40cm-mercurius\/"},"modified":"2024-11-07T15:10:02","modified_gmt":"2024-11-07T14:10:02","slug":"malbrett-aus-holz-klein-30x40cm-mercurius","status":"publish","type":"product","link":"https:\/\/teiaeducation.ch\/de\/produkt\/malbrett-aus-holz-klein-30x40cm-mercurius\/","title":{"rendered":"Waldorf Malbrett aus Holz klein 30 x 40cm &#8211; Mercurius"},"content":{"rendered":"<p>Das Mercurius\u00a0Malbrett aus Holz klein ist ein hochwertiges, langlebiges und multifunktionales Waldorf Kunstmittel zum Nass-in-Nass-<a href=\"https:\/\/teiaeducation.ch\/product-category\/creative-art-craft\/painting\/\">Malerei<\/a> und vielem mehr!<\/p>\n<p>Diese fabelhafte Malbrett eignet sich perfekt f\u00fcr die Nass-in-Nass-Malerei, die sowohl in der <a href=\"https:\/\/teiaeducation.ch\/product-category\/education-method\/the-montessori-pedagogy-materials-toys\/\">Montessori<\/a>&#8211; als auch in der <a href=\"https:\/\/teiaeducation.ch\/product-category\/education-method\/waldorf\/\">Waldorf<\/a> P\u00e4dagogik beliebt ist. Im Gegensatz zu anderen Holz- oder Kunsttafeln kann es nass werden und sch\u00fctzt Ihre Oberfl\u00e4chen bei k\u00fcnstlerischen Aktivit\u00e4ten oder unordentlichem Spiel. Au\u00dferdem ist es leicht zu reinigen.<\/p>\n<p>Die Mercurius Malbrett aus Holz sind stabil und haltbar, ohne zu schwer zu sein, und eignen sich daher f\u00fcr den Transport von Kunstwerken im Freien und zur Aufbewahrung. Sie eignen sich auch hervorragend zum Ausstellen von Naturfunden und Exemplaren, die Sie untersuchen wollen, oder zum Ausstellen aller Gegenst\u00e4nde f\u00fcr Ihr neues Studienthema.<\/p>\n<p>Ein langlebiges Produkt, das Sie zu Hause oder in der Schule immer wieder als Nass-in-Nass-Maltafel und f\u00fcr viele andere kreative Bastelarbeiten verwenden werden!<\/p>\n<p>Das kleine Malbrett aus Holz von Mercurius misst 30 x 40 cm und ist aus Schichtholz mit sch\u00f6n abgerundeten Kanten gefertigt. Es ist von hervorragender Qualit\u00e4t und wird in Europa hergestellt, wobei nur Klebstoffe und Lacke auf Wasserbasis verwendet werden, die ungiftig und sicher sind.<\/p>\n<p>Eine <a href=\"https:\/\/teiaeducation.ch\/product\/waldorf-wooden-painting-board-large-mercurius\/\">gr\u00f6\u00dfere Version<\/a> der Malbrett mit den Ma\u00dfen 40 x 55 cm ist ebenfalls in unserem Shop erh\u00e4ltlich.<\/p>\n<p>Inhalt:<\/p>\n<p>1 Malbrett aus Holz klein (30 x 40 cm)<\/p>\n<h2>\u00dcber Mercurius<\/h2>\n<p><a href=\"https:\/\/teiaeducation.ch\/product-category\/brands\/mercurius\/\">Mercurius<\/a> ist der Hauptlieferant f\u00fcr <a href=\"https:\/\/teiaeducation.ch\/waldorf-steiner-schools-supplies\/\">Waldorfschulen<\/a> weltweit und ist ein spezialisierter Anbieter von hochwertigen und einzigartigen <a href=\"https:\/\/teiaeducation.ch\/product-category\/creative-art-craft\/\">kreativen Materialien<\/a>, <a href=\"https:\/\/teiaeducation.ch\/product-category\/hgh-quality-toys-play\/handmade-wooden-toys\/\">handgefertigtes Spielzeug<\/a> und Materialien zur Unterst\u00fctzung des Waldorf Lehrplans. Alle Mercurius Produkte sind speziell auf die Bed\u00fcrfnisse der <a href=\"https:\/\/teiaeducation.ch\/product-category\/education-method\/waldorf-steiner-toys-craft-materials\/\">Waldorfschulen<\/a> und der Erziehung zu Hause abgestimmt. Mercurius ist der weltweite Vertreter der bekannten Waldorfmarken <a href=\"https:\/\/teiaeducation.ch\/product-category\/brands\/stockmar\/\">Stockmar<\/a>, <a href=\"https:\/\/teiaeducation.ch\/product-category\/brands\/debresk\/\">Debresk<\/a>, <a href=\"https:\/\/teiaeducation.ch\/product-category\/brands\/filia\/\">Filia<\/a> und vieler anderer.<\/p>\n<p>Das Mercurius Kernsortiment umfasst Produkte, die zug\u00e4nglich, angemessen und erschwinglich sind und Lehrpl\u00e4ne wie Kunst- und <a href=\"https:\/\/teiaeducation.ch\/product-category\/learning-themes\/sensory-motor-skills\/music\/\">Musikunterricht<\/a>, klassischen Waldorfschulbedarf, Spielzeug und hochwertige <a href=\"https:\/\/teiaeducation.ch\/product-category\/classroom-essentials\/furniture-storage\/\">Schulm\u00f6bel<\/a> abdecken.<\/p>\n<p>Als sozial und \u00f6kologisch verantwortungsbewusstes Unternehmen ist Mercurius bestrebt, nur qualitativ hochwertige und sichere Produkte anzubieten, die alle geltenden Normen erf\u00fcllen. Alle ihre Produkte werden umfangreichen Sicherheits- und Umwelttests unterzogen. Soziale Eingliederung und eine f\u00fcr beide Seiten vorteilhafte Zusammenarbeit sind grundlegende Prinzipien. Mercurius ist bestrebt, Produkte und Dienstleistungen von Organisationen zu beziehen, die Menschen mit Behinderungen besch\u00e4ftigen, sowie von anderen Anbietern, deren soziale und \u00f6kologische Grunds\u00e4tze mit denen von Mercurius \u00fcbereinstimmen.<\/p>\n","protected":false},"excerpt":{"rendered":"<p>Artikelnummer: 25920001<\/p>\n<p>Das Mercurius Malbrett aus Holz klein ist ein langlebiges und multifunktionales Waldorf Malmittel f\u00fcr Nass-in-Nass-Malerei und vieles mehr!<\/p>\n","protected":false},"featured_media":59832,"comment_status":"open","ping_status":"closed","template":"","meta":[],"product_brand":[],"product_cat":[21444,21445,21446,21449,21479,21464,21447,21457,21579,21443,21563,21494,21668,21564,21483,22363],"product_tag":[28712,28714,28713,28715,28708,26326,28710,28709,28658,26363,28718,28716,28711],"class_list":{"0":"post-59835","1":"product","2":"type-product","3":"status-publish","4":"has-post-thumbnail","6":"product_cat-1-3-jahre-kleinkind","7":"product_cat-3-6-jahre-vorschule","8":"product_cat-6-12-jahre-grundschule","9":"product_cat-bastelwerkzeuge-aufbewahrung","10":"product_cat-lernmaterialien-spielzeug-montessori-waldorf-steiner-froebel","11":"product_cat-herbstkollektion","12":"product_cat-malen-basteln","13":"product_cat-malen","14":"product_cat-mercurius-de","15":"product_cat-nach-alter","16":"product_cat-neuheiten","17":"product_cat-schulbedarf-fuer-zuhause","18":"product_cat-stockmar-de","19":"product_cat-unsere-marken","20":"product_cat-waldorf-steiner-paedagogik","21":"product_cat-winter-kollektion","22":"product_tag-holzbrett-fur-die-heimschule","23":"product_tag-holzplatten-fur-die-waldorfkunst","24":"product_tag-holzplatten-fur-kunst","25":"product_tag-holzplatten-fur-nass-in-nass-malerei","26":"product_tag-holztafel-zum-malen","27":"product_tag-mercurius-de","28":"product_tag-nass-in-nass-aquarellmalerei","29":"product_tag-nass-in-nass-malkarton","30":"product_tag-stockmar-de","31":"product_tag-waldorf-kunstbedarf","32":"product_tag-waldorf-malbrett-aus-holz-klein","33":"product_tag-waldorf-kunstbedarf-fur-nass-in-nass-aquarellmalerei","34":"product_tag-waldorf-malerei","36":"first","37":"instock","38":"taxable","39":"shipping-taxable","40":"purchasable","41":"product-type-simple"},"yoast_head":"<!-- This site is optimized with the Yoast SEO plugin v27.3 - https:\/\/yoast.com\/product\/yoast-seo-wordpress\/ -->\n<title>Waldorf Malbrett aus Holz klein 30 x 40cm - Mercurius<\/title>\n<meta name=\"description\" content=\"Das Mercurius Malbrett aus Holz klein ist ein langlebiges und multifunktionales Waldorf Malmittel f\u00fcr Nass-in-Nass-Malerei und vieles mehr.\" \/>\n<meta name=\"robots\" content=\"index, follow, max-snippet:-1, max-image-preview:large, max-video-preview:-1\" \/>\n<link rel=\"canonical\" href=\"https:\/\/teiaeducation.ch\/de\/produkt\/malbrett-aus-holz-klein-30x40cm-mercurius\/\" \/>\n<meta property=\"og:locale\" content=\"de_DE\" \/>\n<meta property=\"og:type\" content=\"article\" \/>\n<meta property=\"og:title\" content=\"Waldorf Malbrett aus Holz klein 30 x 40cm - Mercurius\" \/>\n<meta property=\"og:description\" content=\"Das Mercurius Malbrett aus Holz klein ist ein langlebiges und multifunktionales Waldorf Malmittel f\u00fcr Nass-in-Nass-Malerei und vieles mehr.\" \/>\n<meta property=\"og:url\" content=\"https:\/\/teiaeducation.ch\/de\/produkt\/malbrett-aus-holz-klein-30x40cm-mercurius\/\" \/>\n<meta property=\"og:site_name\" content=\"Sustainable Educational Products &amp; Ecological Toys\u00a0\" \/>\n<meta property=\"article:publisher\" content=\"https:\/\/www.facebook.com\/teiaeducation\/\" \/>\n<meta property=\"article:modified_time\" content=\"2024-11-07T14:10:02+00:00\" \/>\n<meta property=\"og:image\" content=\"https:\/\/teiaeducation.ch\/wp-content\/uploads\/2021\/06\/Painting-board-wood-large-Mercurius.jpg\" \/>\n\t<meta property=\"og:image:width\" content=\"850\" \/>\n\t<meta property=\"og:image:height\" content=\"850\" \/>\n\t<meta property=\"og:image:type\" content=\"image\/jpeg\" \/>\n<script type=\"application\/ld+json\" class=\"yoast-schema-graph\">{\"@context\":\"https:\\\/\\\/schema.org\",\"@graph\":[{\"@type\":\"WebPage\",\"@id\":\"https:\\\/\\\/teiaeducation.ch\\\/de\\\/produkt\\\/malbrett-aus-holz-klein-30x40cm-mercurius\\\/\",\"url\":\"https:\\\/\\\/teiaeducation.ch\\\/de\\\/produkt\\\/malbrett-aus-holz-klein-30x40cm-mercurius\\\/\",\"name\":\"Waldorf Malbrett aus Holz klein 30 x 40cm - Mercurius\",\"isPartOf\":{\"@id\":\"https:\\\/\\\/teiaeducation.ch\\\/de\\\/#website\"},\"primaryImageOfPage\":{\"@id\":\"https:\\\/\\\/teiaeducation.ch\\\/de\\\/produkt\\\/malbrett-aus-holz-klein-30x40cm-mercurius\\\/#primaryimage\"},\"image\":{\"@id\":\"https:\\\/\\\/teiaeducation.ch\\\/de\\\/produkt\\\/malbrett-aus-holz-klein-30x40cm-mercurius\\\/#primaryimage\"},\"thumbnailUrl\":\"https:\\\/\\\/teiaeducation.ch\\\/wp-content\\\/uploads\\\/2021\\\/06\\\/Painting-board-wood-large-Mercurius.jpg\",\"datePublished\":\"2021-06-04T09:30:49+00:00\",\"dateModified\":\"2024-11-07T14:10:02+00:00\",\"description\":\"Das Mercurius Malbrett aus Holz klein ist ein langlebiges und multifunktionales Waldorf Malmittel f\u00fcr Nass-in-Nass-Malerei und vieles mehr.\",\"breadcrumb\":{\"@id\":\"https:\\\/\\\/teiaeducation.ch\\\/de\\\/produkt\\\/malbrett-aus-holz-klein-30x40cm-mercurius\\\/#breadcrumb\"},\"inLanguage\":\"de-CH\",\"potentialAction\":[{\"@type\":\"ReadAction\",\"target\":[\"https:\\\/\\\/teiaeducation.ch\\\/de\\\/produkt\\\/malbrett-aus-holz-klein-30x40cm-mercurius\\\/\"]}]},{\"@type\":\"ImageObject\",\"inLanguage\":\"de-CH\",\"@id\":\"https:\\\/\\\/teiaeducation.ch\\\/de\\\/produkt\\\/malbrett-aus-holz-klein-30x40cm-mercurius\\\/#primaryimage\",\"url\":\"https:\\\/\\\/teiaeducation.ch\\\/wp-content\\\/uploads\\\/2021\\\/06\\\/Painting-board-wood-large-Mercurius.jpg\",\"contentUrl\":\"https:\\\/\\\/teiaeducation.ch\\\/wp-content\\\/uploads\\\/2021\\\/06\\\/Painting-board-wood-large-Mercurius.jpg\",\"width\":850,\"height\":850,\"caption\":\"Waldorf Malbrett aus Holz klein 30 x 40cm - Mercurius nass-in-nass-malerei\"},{\"@type\":\"BreadcrumbList\",\"@id\":\"https:\\\/\\\/teiaeducation.ch\\\/de\\\/produkt\\\/malbrett-aus-holz-klein-30x40cm-mercurius\\\/#breadcrumb\",\"itemListElement\":[{\"@type\":\"ListItem\",\"position\":1,\"name\":\"Home\",\"item\":\"https:\\\/\\\/teiaeducation.ch\\\/de\\\/\"},{\"@type\":\"ListItem\",\"position\":2,\"name\":\"Laden\",\"item\":\"https:\\\/\\\/teiaeducation.ch\\\/de\\\/shop\\\/\"},{\"@type\":\"ListItem\",\"position\":3,\"name\":\"Unsere Marken\",\"item\":\"https:\\\/\\\/teiaeducation.ch\\\/de\\\/produkt-kategorie\\\/unsere-marken\\\/\"},{\"@type\":\"ListItem\",\"position\":4,\"name\":\"Mercurius\",\"item\":\"https:\\\/\\\/teiaeducation.ch\\\/de\\\/produkt-kategorie\\\/unsere-marken\\\/mercurius-de\\\/\"},{\"@type\":\"ListItem\",\"position\":5,\"name\":\"Waldorf Malbrett aus Holz klein 30 x 40cm &#8211; Mercurius\"}]},{\"@type\":\"WebSite\",\"@id\":\"https:\\\/\\\/teiaeducation.ch\\\/de\\\/#website\",\"url\":\"https:\\\/\\\/teiaeducation.ch\\\/de\\\/\",\"name\":\"Sustainable Educational Products &amp; Ecological Toys\u00a0\",\"description\":\"Specialised Swiss shop selling sustainable educational toys and games, AMI certified Montessori materials, handmade ecological wooden Waldorf toys and arts &amp; crafts supplies, school supplies, children&#039;s furniture and Montessori reference and parenting books.\",\"publisher\":{\"@id\":\"https:\\\/\\\/teiaeducation.ch\\\/de\\\/#organization\"},\"alternateName\":\"Teia Education & Play\",\"potentialAction\":[{\"@type\":\"SearchAction\",\"target\":{\"@type\":\"EntryPoint\",\"urlTemplate\":\"https:\\\/\\\/teiaeducation.ch\\\/de\\\/?s={search_term_string}\"},\"query-input\":{\"@type\":\"PropertyValueSpecification\",\"valueRequired\":true,\"valueName\":\"search_term_string\"}}],\"inLanguage\":\"de-CH\"},{\"@type\":\"Organization\",\"@id\":\"https:\\\/\\\/teiaeducation.ch\\\/de\\\/#organization\",\"name\":\"Teia Education & Play\",\"url\":\"https:\\\/\\\/teiaeducation.ch\\\/de\\\/\",\"logo\":{\"@type\":\"ImageObject\",\"inLanguage\":\"de-CH\",\"@id\":\"https:\\\/\\\/teiaeducation.ch\\\/de\\\/#\\\/schema\\\/logo\\\/image\\\/\",\"url\":\"https:\\\/\\\/teiaeducation.ch\\\/wp-content\\\/uploads\\\/2020\\\/11\\\/Teia-Education-Switzerland-e1620156442216.jpg\",\"contentUrl\":\"https:\\\/\\\/teiaeducation.ch\\\/wp-content\\\/uploads\\\/2020\\\/11\\\/Teia-Education-Switzerland-e1620156442216.jpg\",\"width\":166,\"height\":145,\"caption\":\"Teia Education & Play\"},\"image\":{\"@id\":\"https:\\\/\\\/teiaeducation.ch\\\/de\\\/#\\\/schema\\\/logo\\\/image\\\/\"},\"sameAs\":[\"https:\\\/\\\/www.facebook.com\\\/teiaeducation\\\/\",\"https:\\\/\\\/x.com\\\/EducationTeia\",\"https:\\\/\\\/www.instagram.com\\\/teia.education\\\/\",\"https:\\\/\\\/www.linkedin.com\\\/company\\\/35501660\",\"https:\\\/\\\/www.pinterest.ch\\\/TeiaEducation\\\/\"]}]}<\/script>\n<!-- \/ Yoast SEO plugin. -->","yoast_head_json":{"title":"Waldorf Malbrett aus Holz klein 30 x 40cm - Mercurius","description":"Das Mercurius Malbrett aus Holz klein ist ein langlebiges und multifunktionales Waldorf Malmittel f\u00fcr Nass-in-Nass-Malerei und vieles mehr.","robots":{"index":"index","follow":"follow","max-snippet":"max-snippet:-1","max-image-preview":"max-image-preview:large","max-video-preview":"max-video-preview:-1"},"canonical":"https:\/\/teiaeducation.ch\/de\/produkt\/malbrett-aus-holz-klein-30x40cm-mercurius\/","og_locale":"de_DE","og_type":"article","og_title":"Waldorf Malbrett aus Holz klein 30 x 40cm - Mercurius","og_description":"Das Mercurius Malbrett aus Holz klein ist ein langlebiges und multifunktionales Waldorf Malmittel f\u00fcr Nass-in-Nass-Malerei und vieles mehr.","og_url":"https:\/\/teiaeducation.ch\/de\/produkt\/malbrett-aus-holz-klein-30x40cm-mercurius\/","og_site_name":"Sustainable Educational Products &amp; Ecological Toys\u00a0","article_publisher":"https:\/\/www.facebook.com\/teiaeducation\/","article_modified_time":"2024-11-07T14:10:02+00:00","og_image":[{"width":850,"height":850,"url":"https:\/\/teiaeducation.ch\/wp-content\/uploads\/2021\/06\/Painting-board-wood-large-Mercurius.jpg","type":"image\/jpeg"}],"schema":{"@context":"https:\/\/schema.org","@graph":[{"@type":"WebPage","@id":"https:\/\/teiaeducation.ch\/de\/produkt\/malbrett-aus-holz-klein-30x40cm-mercurius\/","url":"https:\/\/teiaeducation.ch\/de\/produkt\/malbrett-aus-holz-klein-30x40cm-mercurius\/","name":"Waldorf Malbrett aus Holz klein 30 x 40cm - Mercurius","isPartOf":{"@id":"https:\/\/teiaeducation.ch\/de\/#website"},"primaryImageOfPage":{"@id":"https:\/\/teiaeducation.ch\/de\/produkt\/malbrett-aus-holz-klein-30x40cm-mercurius\/#primaryimage"},"image":{"@id":"https:\/\/teiaeducation.ch\/de\/produkt\/malbrett-aus-holz-klein-30x40cm-mercurius\/#primaryimage"},"thumbnailUrl":"https:\/\/teiaeducation.ch\/wp-content\/uploads\/2021\/06\/Painting-board-wood-large-Mercurius.jpg","datePublished":"2021-06-04T09:30:49+00:00","dateModified":"2024-11-07T14:10:02+00:00","description":"Das Mercurius Malbrett aus Holz klein ist ein langlebiges und multifunktionales Waldorf Malmittel f\u00fcr Nass-in-Nass-Malerei und vieles mehr.","breadcrumb":{"@id":"https:\/\/teiaeducation.ch\/de\/produkt\/malbrett-aus-holz-klein-30x40cm-mercurius\/#breadcrumb"},"inLanguage":"de-CH","potentialAction":[{"@type":"ReadAction","target":["https:\/\/teiaeducation.ch\/de\/produkt\/malbrett-aus-holz-klein-30x40cm-mercurius\/"]}]},{"@type":"ImageObject","inLanguage":"de-CH","@id":"https:\/\/teiaeducation.ch\/de\/produkt\/malbrett-aus-holz-klein-30x40cm-mercurius\/#primaryimage","url":"https:\/\/teiaeducation.ch\/wp-content\/uploads\/2021\/06\/Painting-board-wood-large-Mercurius.jpg","contentUrl":"https:\/\/teiaeducation.ch\/wp-content\/uploads\/2021\/06\/Painting-board-wood-large-Mercurius.jpg","width":850,"height":850,"caption":"Waldorf Malbrett aus Holz klein 30 x 40cm - Mercurius nass-in-nass-malerei"},{"@type":"BreadcrumbList","@id":"https:\/\/teiaeducation.ch\/de\/produkt\/malbrett-aus-holz-klein-30x40cm-mercurius\/#breadcrumb","itemListElement":[{"@type":"ListItem","position":1,"name":"Home","item":"https:\/\/teiaeducation.ch\/de\/"},{"@type":"ListItem","position":2,"name":"Laden","item":"https:\/\/teiaeducation.ch\/de\/shop\/"},{"@type":"ListItem","position":3,"name":"Unsere Marken","item":"https:\/\/teiaeducation.ch\/de\/produkt-kategorie\/unsere-marken\/"},{"@type":"ListItem","position":4,"name":"Mercurius","item":"https:\/\/teiaeducation.ch\/de\/produkt-kategorie\/unsere-marken\/mercurius-de\/"},{"@type":"ListItem","position":5,"name":"Waldorf Malbrett aus Holz klein 30 x 40cm &#8211; Mercurius"}]},{"@type":"WebSite","@id":"https:\/\/teiaeducation.ch\/de\/#website","url":"https:\/\/teiaeducation.ch\/de\/","name":"Sustainable Educational Products &amp; Ecological Toys\u00a0","description":"Specialised Swiss shop selling sustainable educational toys and games, AMI certified Montessori materials, handmade ecological wooden Waldorf toys and arts &amp; crafts supplies, school supplies, children&#039;s furniture and Montessori reference and parenting books.","publisher":{"@id":"https:\/\/teiaeducation.ch\/de\/#organization"},"alternateName":"Teia Education & Play","potentialAction":[{"@type":"SearchAction","target":{"@type":"EntryPoint","urlTemplate":"https:\/\/teiaeducation.ch\/de\/?s={search_term_string}"},"query-input":{"@type":"PropertyValueSpecification","valueRequired":true,"valueName":"search_term_string"}}],"inLanguage":"de-CH"},{"@type":"Organization","@id":"https:\/\/teiaeducation.ch\/de\/#organization","name":"Teia Education & Play","url":"https:\/\/teiaeducation.ch\/de\/","logo":{"@type":"ImageObject","inLanguage":"de-CH","@id":"https:\/\/teiaeducation.ch\/de\/#\/schema\/logo\/image\/","url":"https:\/\/teiaeducation.ch\/wp-content\/uploads\/2020\/11\/Teia-Education-Switzerland-e1620156442216.jpg","contentUrl":"https:\/\/teiaeducation.ch\/wp-content\/uploads\/2020\/11\/Teia-Education-Switzerland-e1620156442216.jpg","width":166,"height":145,"caption":"Teia Education & Play"},"image":{"@id":"https:\/\/teiaeducation.ch\/de\/#\/schema\/logo\/image\/"},"sameAs":["https:\/\/www.facebook.com\/teiaeducation\/","https:\/\/x.com\/EducationTeia","https:\/\/www.instagram.com\/teia.education\/","https:\/\/www.linkedin.com\/company\/35501660","https:\/\/www.pinterest.ch\/TeiaEducation\/"]}]}},"_links":{"self":[{"href":"https:\/\/teiaeducation.ch\/de\/wp-json\/wp\/v2\/product\/59835","targetHints":{"allow":["GET"]}}],"collection":[{"href":"https:\/\/teiaeducation.ch\/de\/wp-json\/wp\/v2\/product"}],"about":[{"href":"https:\/\/teiaeducation.ch\/de\/wp-json\/wp\/v2\/types\/product"}],"replies":[{"embeddable":true,"href":"https:\/\/teiaeducation.ch\/de\/wp-json\/wp\/v2\/comments?post=59835"}],"wp:featuredmedia":[{"embeddable":true,"href":"https:\/\/teiaeducation.ch\/de\/wp-json\/wp\/v2\/media\/59832"}],"wp:attachment":[{"href":"https:\/\/teiaeducation.ch\/de\/wp-json\/wp\/v2\/media?parent=59835"}],"wp:term":[{"taxonomy":"product_brand","embeddable":true,"href":"https:\/\/teiaeducation.ch\/de\/wp-json\/wp\/v2\/product_brand?post=59835"},{"taxonomy":"product_cat","embeddable":true,"href":"https:\/\/teiaeducation.ch\/de\/wp-json\/wp\/v2\/product_cat?post=59835"},{"taxonomy":"product_tag","embeddable":true,"href":"https:\/\/teiaeducation.ch\/de\/wp-json\/wp\/v2\/product_tag?post=59835"}],"curies":[{"name":"wp","href":"https:\/\/api.w.org\/{rel}","templated":true}]}}