{"id":59841,"date":"2021-06-04T09:00:12","date_gmt":"2021-06-04T07:00:12","guid":{"rendered":"https:\/\/teiaeducation.ch\/product\/malbrett-kunststoff-gross-80x55cm-mercurius\/"},"modified":"2024-11-07T15:02:31","modified_gmt":"2024-11-07T14:02:31","slug":"malbrett-kunststoff-gross-80x55cm-mercurius","status":"publish","type":"product","link":"https:\/\/teiaeducation.ch\/de\/produkt\/malbrett-kunststoff-gross-80x55cm-mercurius\/","title":{"rendered":"Waldorf Malbrett aus Kunstoff gross 80 x 55 cm &#8211; Mercurius"},"content":{"rendered":"<p>Die biologisch abbaubare Mercurius Malbrett aus Kunstoff im Format gross ist ein hochwertiges, langlebiges und multifunktionales Waldorf Kunstmittel f\u00fcr Nass-in-Nass-<a href=\"https:\/\/teiaeducation.ch\/product-category\/creative-art-craft\/painting\/\">Malere<\/a>i (Aquarell) und vieles mehr!<\/p>\n<p>Diese fabelhafte, gro\u00dfformatige Malbrett aus recyceltem Kunstoff eignet sich perfekt f\u00fcr die Nass-in-Nass-Malerei mit Wasserfarben, die sowohl in der <a href=\"https:\/\/teiaeducation.ch\/product-category\/education-method\/the-montessori-pedagogy-materials-toys\/\">Montessori<\/a>&#8211; als auch in der <a href=\"https:\/\/teiaeducation.ch\/product-category\/education-method\/waldorf\/\">Waldorf<\/a> P\u00e4dagogik beliebt ist. Im Gegensatz zu anderen Malbretter kann es auch nass werden und sch\u00fctzt Ihre Oberfl\u00e4chen bei k\u00fcnstlerischen Aktivit\u00e4ten oder beim Spielen. Es ist leicht zu reinigen und vielseitig einsetzbar.<\/p>\n<p>Die Kunstoff Malbrett von Mercurius sind stabil und haltbar, ohne schwer zu sein, so dass sie sowohl f\u00fcr den Einsatz im Freien als auch f\u00fcr die Aufbewahrung geeignet sind. Sie eignen sich auch hervorragend zum Ausstellen von Naturfunden und Exemplaren, die Sie untersuchen wollen, oder zum Ausstellen aller Gegenst\u00e4nde f\u00fcr Ihr neues Studienthema.<\/p>\n<p>Dies ist ein langlebiges, umweltfreundliches Produkt, das Sie zu Hause oder in der Schule immer wieder als Nass-in-Nass-Maltafel und f\u00fcr viele andere kreative Bastelarbeiten verwenden werden!<\/p>\n<p>Dieser umweltfreundliche Waldorf Malbrett von Mercurius in gross misst 80 x 55 cm und ist aus sicherem, ungiftigem, recyceltem und biologisch abbaubarem Kunstoff mit abgerundeten Kanten hergestellt. Es wird in Europa nachhaltig hergestellt und ist von hervorragender Qualit\u00e4t.<\/p>\n<p>Eine <a href=\"https:\/\/teiaeducation.ch\/product\/waldorf-biodegradable-plastic-painting-board-small-mercurius\/\">kleinere Version<\/a> der Malbrett mit den Ma\u00dfen 50 x 55 cm ist ebenfalls in unserem Shop erh\u00e4ltlich.<\/p>\n<p>Inhalt:<\/p>\n<p>1 Malbrett aus recyceltem Kunstoff (80 x 55 cm)<\/p>\n<h2>\u00dcber Mercurius<\/h2>\n<p><a href=\"https:\/\/teiaeducation.ch\/product-category\/brands\/mercurius\/\">Mercurius<\/a> ist der Hauptlieferant f\u00fcr <a href=\"https:\/\/teiaeducation.ch\/waldorf-steiner-schools-supplies\/\">Waldorfschulen<\/a> weltweit und ist ein spezialisierter Anbieter von hochwertigen und einzigartigen <a href=\"https:\/\/teiaeducation.ch\/product-category\/creative-art-craft\/\">kreativen Materialien<\/a>, <a href=\"https:\/\/teiaeducation.ch\/product-category\/hgh-quality-toys-play\/handmade-wooden-toys\/\">handgefertigtes Spielzeug<\/a> und Materialien zur Unterst\u00fctzung des Waldorf Lehrplans. Alle Mercurius Produkte sind speziell auf die Bed\u00fcrfnisse der <a href=\"https:\/\/teiaeducation.ch\/product-category\/education-method\/waldorf-steiner-toys-craft-materials\/\">Waldorfschulen<\/a> und der Erziehung zu Hause abgestimmt. Mercurius ist der weltweite Vertreter der bekannten Waldorfmarken <a href=\"https:\/\/teiaeducation.ch\/product-category\/brands\/stockmar\/\">Stockmar<\/a>, <a href=\"https:\/\/teiaeducation.ch\/product-category\/brands\/debresk\/\">Debresk<\/a>, <a href=\"https:\/\/teiaeducation.ch\/product-category\/brands\/filia\/\">Filia<\/a> und vieler anderer.<\/p>\n<p>Das Mercurius Kernsortiment umfasst Produkte, die zug\u00e4nglich, angemessen und erschwinglich sind und Lehrpl\u00e4ne wie Kunst- und <a href=\"https:\/\/teiaeducation.ch\/product-category\/learning-themes\/sensory-motor-skills\/music\/\">Musikunterricht<\/a>, klassischen Waldorfschulbedarf, Spielzeug und hochwertige <a href=\"https:\/\/teiaeducation.ch\/product-category\/classroom-essentials\/furniture-storage\/\">Schulm\u00f6bel<\/a> abdecken.<\/p>\n<p>Als sozial und \u00f6kologisch verantwortungsbewusstes Unternehmen ist Mercurius bestrebt, nur qualitativ hochwertige und sichere Produkte anzubieten, die alle geltenden Normen erf\u00fcllen. Alle ihre Produkte werden umfangreichen Sicherheits- und Umwelttests unterzogen. Soziale Eingliederung und eine f\u00fcr beide Seiten vorteilhafte Zusammenarbeit sind grundlegende Prinzipien. Mercurius ist bestrebt, Produkte und Dienstleistungen von Organisationen zu beziehen, die Menschen mit Behinderungen besch\u00e4ftigen, sowie von anderen Anbietern, deren soziale und \u00f6kologische Grunds\u00e4tze mit denen von Mercurius \u00fcbereinstimmen.<\/p>\n","protected":false},"excerpt":{"rendered":"<p>Artikelnummer: 25920009<\/p>\n<p>Der Mercurius Malbrett gross aus recyceltem, biologisch abbaubarem Kunstoff ist langlebig f\u00fcr Nass-in-Nass-Malerei in der Waldorf P\u00e4dagogik!<\/p>\n","protected":false},"featured_media":56279,"comment_status":"open","ping_status":"closed","template":"","meta":[],"product_brand":[],"product_cat":[21444,21445,21446,21449,21479,21447,21457,21579,21443,21563,21494,21668,21564,21483],"product_tag":[28725,28719,28720,28721,26326,26364,28710,28709,28724,28658,28727,26363,28711,28722,28669,28723],"class_list":{"0":"post-59841","1":"product","2":"type-product","3":"status-publish","4":"has-post-thumbnail","6":"product_cat-1-3-jahre-kleinkind","7":"product_cat-3-6-jahre-vorschule","8":"product_cat-6-12-jahre-grundschule","9":"product_cat-bastelwerkzeuge-aufbewahrung","10":"product_cat-lernmaterialien-spielzeug-montessori-waldorf-steiner-froebel","11":"product_cat-malen-basteln","12":"product_cat-malen","13":"product_cat-mercurius-de","14":"product_cat-nach-alter","15":"product_cat-neuheiten","16":"product_cat-schulbedarf-fuer-zuhause","17":"product_cat-stockmar-de","18":"product_cat-unsere-marken","19":"product_cat-waldorf-steiner-paedagogik","20":"product_tag-biologisch-abbaubare-kunststoffprodukte","21":"product_tag-karton-fur-nass-in-nass-malerei","22":"product_tag-kunstdrucktafel","23":"product_tag-malplatte-aus-recyceltem-kunststoff","24":"product_tag-mercurius-de","25":"product_tag-nachhaltiger-kunstbedarf","26":"product_tag-nass-in-nass-aquarellmalerei","27":"product_tag-nass-in-nass-malkarton","28":"product_tag-recycelte-kunststoffprodukte","29":"product_tag-stockmar-de","30":"product_tag-waldorf-biologisch-abbaubarer-kunststoff-malkarton-gross","31":"product_tag-waldorf-kunstbedarf","32":"product_tag-waldorf-malerei","33":"product_tag-waldorf-maltafel","34":"product_tag-waldorfkunstbedarf-schweiz","35":"product_tag-wasserfester-zeichenkarton","37":"first","38":"instock","39":"taxable","40":"shipping-taxable","41":"purchasable","42":"product-type-simple"},"yoast_head":"<!-- This site is optimized with the Yoast SEO plugin v27.1.1 - https:\/\/yoast.com\/product\/yoast-seo-wordpress\/ -->\n<title>Waldorf Malbrett aus Kunstoff gross 80 x 55 cm - Mercurius<\/title>\n<meta name=\"description\" content=\"Der Mercurius Malbrett gross aus recyceltem, biologisch abbaubarem Kunstoff ist langlebig f\u00fcr Nass-in-Nass-Malerei in der Waldorf P\u00e4dagogik.\" \/>\n<meta name=\"robots\" content=\"index, follow, max-snippet:-1, max-image-preview:large, max-video-preview:-1\" \/>\n<link rel=\"canonical\" href=\"https:\/\/teiaeducation.ch\/de\/produkt\/malbrett-kunststoff-gross-80x55cm-mercurius\/\" \/>\n<meta property=\"og:locale\" content=\"de_DE\" \/>\n<meta property=\"og:type\" content=\"article\" \/>\n<meta property=\"og:title\" content=\"Waldorf Malbrett aus Kunstoff gross 80 x 55 cm - Mercurius\" \/>\n<meta property=\"og:description\" content=\"Der Mercurius Malbrett gross aus recyceltem, biologisch abbaubarem Kunstoff ist langlebig f\u00fcr Nass-in-Nass-Malerei in der Waldorf P\u00e4dagogik.\" \/>\n<meta property=\"og:url\" content=\"https:\/\/teiaeducation.ch\/de\/produkt\/malbrett-kunststoff-gross-80x55cm-mercurius\/\" \/>\n<meta property=\"og:site_name\" content=\"Sustainable Educational Products &amp; Ecological Toys\u00a0\" \/>\n<meta property=\"article:publisher\" content=\"https:\/\/www.facebook.com\/teiaeducation\/\" \/>\n<meta property=\"article:modified_time\" content=\"2024-11-07T14:02:31+00:00\" \/>\n<meta property=\"og:image\" content=\"https:\/\/teiaeducation.ch\/wp-content\/uploads\/2021\/06\/Biodegradable-plastic-painting-board-large-80-x-55cm-Waldorf-arts-supplies-Mercurius.jpg\" \/>\n\t<meta property=\"og:image:width\" content=\"1050\" \/>\n\t<meta property=\"og:image:height\" content=\"954\" \/>\n\t<meta property=\"og:image:type\" content=\"image\/jpeg\" \/>\n<script type=\"application\/ld+json\" class=\"yoast-schema-graph\">{\"@context\":\"https:\/\/schema.org\",\"@graph\":[{\"@type\":\"WebPage\",\"@id\":\"https:\/\/teiaeducation.ch\/de\/produkt\/malbrett-kunststoff-gross-80x55cm-mercurius\/\",\"url\":\"https:\/\/teiaeducation.ch\/de\/produkt\/malbrett-kunststoff-gross-80x55cm-mercurius\/\",\"name\":\"Waldorf Malbrett aus Kunstoff gross 80 x 55 cm - Mercurius\",\"isPartOf\":{\"@id\":\"https:\/\/teiaeducation.ch\/de\/#website\"},\"primaryImageOfPage\":{\"@id\":\"https:\/\/teiaeducation.ch\/de\/produkt\/malbrett-kunststoff-gross-80x55cm-mercurius\/#primaryimage\"},\"image\":{\"@id\":\"https:\/\/teiaeducation.ch\/de\/produkt\/malbrett-kunststoff-gross-80x55cm-mercurius\/#primaryimage\"},\"thumbnailUrl\":\"https:\/\/teiaeducation.ch\/wp-content\/uploads\/2021\/06\/Biodegradable-plastic-painting-board-large-80-x-55cm-Waldorf-arts-supplies-Mercurius.jpg\",\"datePublished\":\"2021-06-04T07:00:12+00:00\",\"dateModified\":\"2024-11-07T14:02:31+00:00\",\"description\":\"Der Mercurius Malbrett gross aus recyceltem, biologisch abbaubarem Kunstoff ist langlebig f\u00fcr Nass-in-Nass-Malerei in der Waldorf P\u00e4dagogik.\",\"breadcrumb\":{\"@id\":\"https:\/\/teiaeducation.ch\/de\/produkt\/malbrett-kunststoff-gross-80x55cm-mercurius\/#breadcrumb\"},\"inLanguage\":\"de-CH\",\"potentialAction\":[{\"@type\":\"ReadAction\",\"target\":[\"https:\/\/teiaeducation.ch\/de\/produkt\/malbrett-kunststoff-gross-80x55cm-mercurius\/\"]}]},{\"@type\":\"ImageObject\",\"inLanguage\":\"de-CH\",\"@id\":\"https:\/\/teiaeducation.ch\/de\/produkt\/malbrett-kunststoff-gross-80x55cm-mercurius\/#primaryimage\",\"url\":\"https:\/\/teiaeducation.ch\/wp-content\/uploads\/2021\/06\/Biodegradable-plastic-painting-board-large-80-x-55cm-Waldorf-arts-supplies-Mercurius.jpg\",\"contentUrl\":\"https:\/\/teiaeducation.ch\/wp-content\/uploads\/2021\/06\/Biodegradable-plastic-painting-board-large-80-x-55cm-Waldorf-arts-supplies-Mercurius.jpg\",\"width\":1050,\"height\":954,\"caption\":\"Biologisch abbaubarer Nass-in-Nass-Malerei Waldorf Malbrett aus Kunstoff gross 80 x 55 cm - Mercurius\"},{\"@type\":\"BreadcrumbList\",\"@id\":\"https:\/\/teiaeducation.ch\/de\/produkt\/malbrett-kunststoff-gross-80x55cm-mercurius\/#breadcrumb\",\"itemListElement\":[{\"@type\":\"ListItem\",\"position\":1,\"name\":\"Home\",\"item\":\"https:\/\/teiaeducation.ch\/de\/\"},{\"@type\":\"ListItem\",\"position\":2,\"name\":\"Laden\",\"item\":\"https:\/\/teiaeducation.ch\/de\/shop\/\"},{\"@type\":\"ListItem\",\"position\":3,\"name\":\"Unsere Marken\",\"item\":\"https:\/\/teiaeducation.ch\/de\/produkt-kategorie\/unsere-marken\/\"},{\"@type\":\"ListItem\",\"position\":4,\"name\":\"Mercurius\",\"item\":\"https:\/\/teiaeducation.ch\/de\/produkt-kategorie\/unsere-marken\/mercurius-de\/\"},{\"@type\":\"ListItem\",\"position\":5,\"name\":\"Waldorf Malbrett aus Kunstoff gross 80 x 55 cm &#8211; Mercurius\"}]},{\"@type\":\"WebSite\",\"@id\":\"https:\/\/teiaeducation.ch\/de\/#website\",\"url\":\"https:\/\/teiaeducation.ch\/de\/\",\"name\":\"Sustainable Educational Products &amp; Ecological Toys\u00a0\",\"description\":\"Specialised Swiss shop selling sustainable educational toys and games, AMI certified Montessori materials, handmade ecological wooden Waldorf toys and arts &amp; crafts supplies, school supplies, children&#039;s furniture and Montessori reference and parenting books.\",\"publisher\":{\"@id\":\"https:\/\/teiaeducation.ch\/de\/#organization\"},\"alternateName\":\"Teia Education & Play\",\"potentialAction\":[{\"@type\":\"SearchAction\",\"target\":{\"@type\":\"EntryPoint\",\"urlTemplate\":\"https:\/\/teiaeducation.ch\/de\/?s={search_term_string}\"},\"query-input\":{\"@type\":\"PropertyValueSpecification\",\"valueRequired\":true,\"valueName\":\"search_term_string\"}}],\"inLanguage\":\"de-CH\"},{\"@type\":\"Organization\",\"@id\":\"https:\/\/teiaeducation.ch\/de\/#organization\",\"name\":\"Teia Education & Play\",\"url\":\"https:\/\/teiaeducation.ch\/de\/\",\"logo\":{\"@type\":\"ImageObject\",\"inLanguage\":\"de-CH\",\"@id\":\"https:\/\/teiaeducation.ch\/de\/#\/schema\/logo\/image\/\",\"url\":\"https:\/\/teiaeducation.ch\/wp-content\/uploads\/2020\/11\/Teia-Education-Switzerland-e1620156442216.jpg\",\"contentUrl\":\"https:\/\/teiaeducation.ch\/wp-content\/uploads\/2020\/11\/Teia-Education-Switzerland-e1620156442216.jpg\",\"width\":166,\"height\":145,\"caption\":\"Teia Education & Play\"},\"image\":{\"@id\":\"https:\/\/teiaeducation.ch\/de\/#\/schema\/logo\/image\/\"},\"sameAs\":[\"https:\/\/www.facebook.com\/teiaeducation\/\",\"https:\/\/x.com\/EducationTeia\",\"https:\/\/www.instagram.com\/teia.education\/\",\"https:\/\/www.linkedin.com\/company\/35501660\",\"https:\/\/www.pinterest.ch\/TeiaEducation\/\"]}]}<\/script>\n<!-- \/ Yoast SEO plugin. -->","yoast_head_json":{"title":"Waldorf Malbrett aus Kunstoff gross 80 x 55 cm - Mercurius","description":"Der Mercurius Malbrett gross aus recyceltem, biologisch abbaubarem Kunstoff ist langlebig f\u00fcr Nass-in-Nass-Malerei in der Waldorf P\u00e4dagogik.","robots":{"index":"index","follow":"follow","max-snippet":"max-snippet:-1","max-image-preview":"max-image-preview:large","max-video-preview":"max-video-preview:-1"},"canonical":"https:\/\/teiaeducation.ch\/de\/produkt\/malbrett-kunststoff-gross-80x55cm-mercurius\/","og_locale":"de_DE","og_type":"article","og_title":"Waldorf Malbrett aus Kunstoff gross 80 x 55 cm - Mercurius","og_description":"Der Mercurius Malbrett gross aus recyceltem, biologisch abbaubarem Kunstoff ist langlebig f\u00fcr Nass-in-Nass-Malerei in der Waldorf P\u00e4dagogik.","og_url":"https:\/\/teiaeducation.ch\/de\/produkt\/malbrett-kunststoff-gross-80x55cm-mercurius\/","og_site_name":"Sustainable Educational Products &amp; Ecological Toys\u00a0","article_publisher":"https:\/\/www.facebook.com\/teiaeducation\/","article_modified_time":"2024-11-07T14:02:31+00:00","og_image":[{"width":1050,"height":954,"url":"https:\/\/teiaeducation.ch\/wp-content\/uploads\/2021\/06\/Biodegradable-plastic-painting-board-large-80-x-55cm-Waldorf-arts-supplies-Mercurius.jpg","type":"image\/jpeg"}],"schema":{"@context":"https:\/\/schema.org","@graph":[{"@type":"WebPage","@id":"https:\/\/teiaeducation.ch\/de\/produkt\/malbrett-kunststoff-gross-80x55cm-mercurius\/","url":"https:\/\/teiaeducation.ch\/de\/produkt\/malbrett-kunststoff-gross-80x55cm-mercurius\/","name":"Waldorf Malbrett aus Kunstoff gross 80 x 55 cm - Mercurius","isPartOf":{"@id":"https:\/\/teiaeducation.ch\/de\/#website"},"primaryImageOfPage":{"@id":"https:\/\/teiaeducation.ch\/de\/produkt\/malbrett-kunststoff-gross-80x55cm-mercurius\/#primaryimage"},"image":{"@id":"https:\/\/teiaeducation.ch\/de\/produkt\/malbrett-kunststoff-gross-80x55cm-mercurius\/#primaryimage"},"thumbnailUrl":"https:\/\/teiaeducation.ch\/wp-content\/uploads\/2021\/06\/Biodegradable-plastic-painting-board-large-80-x-55cm-Waldorf-arts-supplies-Mercurius.jpg","datePublished":"2021-06-04T07:00:12+00:00","dateModified":"2024-11-07T14:02:31+00:00","description":"Der Mercurius Malbrett gross aus recyceltem, biologisch abbaubarem Kunstoff ist langlebig f\u00fcr Nass-in-Nass-Malerei in der Waldorf P\u00e4dagogik.","breadcrumb":{"@id":"https:\/\/teiaeducation.ch\/de\/produkt\/malbrett-kunststoff-gross-80x55cm-mercurius\/#breadcrumb"},"inLanguage":"de-CH","potentialAction":[{"@type":"ReadAction","target":["https:\/\/teiaeducation.ch\/de\/produkt\/malbrett-kunststoff-gross-80x55cm-mercurius\/"]}]},{"@type":"ImageObject","inLanguage":"de-CH","@id":"https:\/\/teiaeducation.ch\/de\/produkt\/malbrett-kunststoff-gross-80x55cm-mercurius\/#primaryimage","url":"https:\/\/teiaeducation.ch\/wp-content\/uploads\/2021\/06\/Biodegradable-plastic-painting-board-large-80-x-55cm-Waldorf-arts-supplies-Mercurius.jpg","contentUrl":"https:\/\/teiaeducation.ch\/wp-content\/uploads\/2021\/06\/Biodegradable-plastic-painting-board-large-80-x-55cm-Waldorf-arts-supplies-Mercurius.jpg","width":1050,"height":954,"caption":"Biologisch abbaubarer Nass-in-Nass-Malerei Waldorf Malbrett aus Kunstoff gross 80 x 55 cm - Mercurius"},{"@type":"BreadcrumbList","@id":"https:\/\/teiaeducation.ch\/de\/produkt\/malbrett-kunststoff-gross-80x55cm-mercurius\/#breadcrumb","itemListElement":[{"@type":"ListItem","position":1,"name":"Home","item":"https:\/\/teiaeducation.ch\/de\/"},{"@type":"ListItem","position":2,"name":"Laden","item":"https:\/\/teiaeducation.ch\/de\/shop\/"},{"@type":"ListItem","position":3,"name":"Unsere Marken","item":"https:\/\/teiaeducation.ch\/de\/produkt-kategorie\/unsere-marken\/"},{"@type":"ListItem","position":4,"name":"Mercurius","item":"https:\/\/teiaeducation.ch\/de\/produkt-kategorie\/unsere-marken\/mercurius-de\/"},{"@type":"ListItem","position":5,"name":"Waldorf Malbrett aus Kunstoff gross 80 x 55 cm &#8211; Mercurius"}]},{"@type":"WebSite","@id":"https:\/\/teiaeducation.ch\/de\/#website","url":"https:\/\/teiaeducation.ch\/de\/","name":"Sustainable Educational Products &amp; Ecological Toys\u00a0","description":"Specialised Swiss shop selling sustainable educational toys and games, AMI certified Montessori materials, handmade ecological wooden Waldorf toys and arts &amp; crafts supplies, school supplies, children&#039;s furniture and Montessori reference and parenting books.","publisher":{"@id":"https:\/\/teiaeducation.ch\/de\/#organization"},"alternateName":"Teia Education & Play","potentialAction":[{"@type":"SearchAction","target":{"@type":"EntryPoint","urlTemplate":"https:\/\/teiaeducation.ch\/de\/?s={search_term_string}"},"query-input":{"@type":"PropertyValueSpecification","valueRequired":true,"valueName":"search_term_string"}}],"inLanguage":"de-CH"},{"@type":"Organization","@id":"https:\/\/teiaeducation.ch\/de\/#organization","name":"Teia Education & Play","url":"https:\/\/teiaeducation.ch\/de\/","logo":{"@type":"ImageObject","inLanguage":"de-CH","@id":"https:\/\/teiaeducation.ch\/de\/#\/schema\/logo\/image\/","url":"https:\/\/teiaeducation.ch\/wp-content\/uploads\/2020\/11\/Teia-Education-Switzerland-e1620156442216.jpg","contentUrl":"https:\/\/teiaeducation.ch\/wp-content\/uploads\/2020\/11\/Teia-Education-Switzerland-e1620156442216.jpg","width":166,"height":145,"caption":"Teia Education & Play"},"image":{"@id":"https:\/\/teiaeducation.ch\/de\/#\/schema\/logo\/image\/"},"sameAs":["https:\/\/www.facebook.com\/teiaeducation\/","https:\/\/x.com\/EducationTeia","https:\/\/www.instagram.com\/teia.education\/","https:\/\/www.linkedin.com\/company\/35501660","https:\/\/www.pinterest.ch\/TeiaEducation\/"]}]}},"_links":{"self":[{"href":"https:\/\/teiaeducation.ch\/de\/wp-json\/wp\/v2\/product\/59841","targetHints":{"allow":["GET"]}}],"collection":[{"href":"https:\/\/teiaeducation.ch\/de\/wp-json\/wp\/v2\/product"}],"about":[{"href":"https:\/\/teiaeducation.ch\/de\/wp-json\/wp\/v2\/types\/product"}],"replies":[{"embeddable":true,"href":"https:\/\/teiaeducation.ch\/de\/wp-json\/wp\/v2\/comments?post=59841"}],"wp:featuredmedia":[{"embeddable":true,"href":"https:\/\/teiaeducation.ch\/de\/wp-json\/wp\/v2\/media\/56279"}],"wp:attachment":[{"href":"https:\/\/teiaeducation.ch\/de\/wp-json\/wp\/v2\/media?parent=59841"}],"wp:term":[{"taxonomy":"product_brand","embeddable":true,"href":"https:\/\/teiaeducation.ch\/de\/wp-json\/wp\/v2\/product_brand?post=59841"},{"taxonomy":"product_cat","embeddable":true,"href":"https:\/\/teiaeducation.ch\/de\/wp-json\/wp\/v2\/product_cat?post=59841"},{"taxonomy":"product_tag","embeddable":true,"href":"https:\/\/teiaeducation.ch\/de\/wp-json\/wp\/v2\/product_tag?post=59841"}],"curies":[{"name":"wp","href":"https:\/\/api.w.org\/{rel}","templated":true}]}}