{"id":59843,"date":"2021-06-03T17:38:45","date_gmt":"2021-06-03T15:38:45","guid":{"rendered":"https:\/\/teiaeducation.ch\/product\/ams-farbriesen-24-ass-mercurius\/"},"modified":"2024-11-07T14:46:46","modified_gmt":"2024-11-07T13:46:46","slug":"ams-farbriesen-24-ass-mercurius","status":"publish","type":"product","link":"https:\/\/teiaeducation.ch\/de\/produkt\/ams-farbriesen-24-ass-mercurius\/","title":{"rendered":"Farbriesen Waldorfsortiment 24 Farben &#8211; Mercurius"},"content":{"rendered":"<p>Dieses wunderbare Mercurius- Farbriesen Waldorfsortiment mit 24 Farbstiften in sortierten Farben und eine Blechdose ist eine aufregende Zusammenarbeit zwischen <a href=\"https:\/\/teiaeducation.ch\/product-category\/brands\/stockmar\/\">Stockmar<\/a> und <a href=\"https:\/\/teiaeducation.ch\/product-category\/brands\/lyra\/\">Lyra<\/a>, zwei der f\u00fchrenden Hersteller von Kunstzubeh\u00f6r h\u00f6chster Qualit\u00e4t.<\/p>\n<p>Die exklusiv f\u00fcr Mercurius hergestellten, von Waldorf inspirierten gro\u00dfen Farbriesen haben eine sch\u00f6ne abgerundete, dreieckige Form, die gut und sicher in Kinderh\u00e4nden liegt. Sie bieten h\u00f6chste Qualit\u00e4t f\u00fcr zufriedenstellendes <a href=\"https:\/\/teiaeducation.ch\/product-category\/creative-art-craft\/drawing-colouring\/\">Zeichnen und Kolorieren<\/a> mit extra dicken, unzerbrechlichen Minen.<\/p>\n<p>Diese 24 Farbstiften Sammlung umfasst die Waldorf Farben:<\/p>\n<p>01 Karminrot \u00a6 02 Zinnoberrot \u00a6 03 Orange \u00a6 04 Goldgelb \u00a6 05 Zitronengelb \u00a6 06 Gelbgr\u00fcn \u00a6 07 Gr\u00fcn \u00a6 08 Blaugr\u00fcn \u00a6 09 Blau \u00a6 10 Ultramarin \u00a6 11 Blauviolett \u00a6 12 Rotviolett \u00a6 13 Rost \u00a6 14 Gelbbraun \u00a6 15 Schwarz \u00a6 18 Preu\u00dfischblau \u00a6 24 Rosa \u00a6 25 Gold \u00a6 26 Silber \u00a6 27 Helles Perlrosa \u00a6 39 Flieder \u00a6 67 Dunkelgr\u00fcn \u00a6 70 Hellgr\u00fcn \u00a6 76 Braun.<\/p>\n<p>Dieses Set enth\u00e4lt auch einen erstaunlichen zus\u00e4tzlichen farblosen Farbstift, den Splender, mit dem Sie eine fantastische Reihe von Schatten- und Raumeffekten erzeugen k\u00f6nnen. Es bindet und verdichtet die Farbpartikel, so dass Sie Ihrer gef\u00e4rbten Oberfl\u00e4che ein gl\u00e4nzendes Aussehen verleihen k\u00f6nnen.<\/p>\n<p>Diese Waldorf Farbstifte sind ein langlebiges Kunstzubeh\u00f6r, das Sie immer wieder in der Schule, im Unterricht oder f\u00fcr viele lustige, kreative Bastelarbeiten zu Hause verwenden werden!<\/p>\n<p>Jeder Farbstift hat eine L\u00e4nge von 17,5 cm und einen Durchmesser von 1 cm mit einer Mine von 0,625 cm. Sie werden in Europa aus unlackiertem Weichholz hergestellt und in einer sch\u00f6nen Blechdose geliefert.<\/p>\n<p>Inhalt:<\/p>\n<p>24 Farbstiften<br \/>\n1 Splender<br \/>\n1 Blechdose<\/p>\n<h2>\u00dcber Stockmar<\/h2>\n<p>Die renommierte Deutsche Marke\u00a0<a href=\"https:\/\/teiaeducation.ch\/de\/produkt-kategorie\/unsere-marken\/stockmar-de\/\">Stockmar<\/a>\u00a0produziert hochwertige Materialien, die in Rudolf Steiner \/\u00a0<a href=\"https:\/\/teiaeducation.ch\/de\/spielzeug-und-natuerlichen-kreatives-materialien-fuer-waldorf-steiner-schulen\/\">Waldorfschulen<\/a>\u00a0auf der ganzen Welt verwendet werden. Stockmars Bienenwachs zum\u00a0<a href=\"https:\/\/teiaeducation.ch\/de\/produkt\/modellierbienenwachs-15-farben-stockmar\/\">Modellieren<\/a>\u00a0und\u00a0<a href=\"https:\/\/teiaeducation.ch\/de\/produkt\/dekoratives-bienenwachs-breit-in-18-farben-stockmar\/\">Dekorieren<\/a>,\u00a0<a href=\"https:\/\/teiaeducation.ch\/de\/produkt\/wachsmalstifte-12-farben-stockmar\/\">Wachsmalstifte<\/a>, Wachsmalbl\u00f6cke und\u00a0<a href=\"https:\/\/teiaeducation.ch\/de\/produkt\/aquarellfarben-grundsortiment-6-farben-stockmar\/\">Aquarellfarben<\/a>\u00a0sprechen alle Sinne des Kindes an.<\/p>\n<p>Die in Deutschland aus Bienenwachs hergestellten\u00a0<a href=\"https:\/\/teiaeducation.ch\/de\/produkt-kategorie\/malen-basteln\/\">Materialien<\/a>\u00a0von Stockmar sind ungiftig und werden nach den h\u00f6chsten p\u00e4dagogischen, k\u00fcnstlerischen, sozialen und \u00f6kologischen Standards hergestellt und von unabh\u00e4ngigen Labors in Deutschland auf ihre Sicherheit und Reinheit gepr\u00fcft.<\/p>\n<p>Die breite und sorgf\u00e4ltig ausgew\u00e4hlte Farbpalette basiert auf\u00a0<a href=\"https:\/\/teiaeducation.ch\/de\/produkt\/groser-farbkreis-goethe-grimms\/\">Goethes Farbkreis<\/a>\u00a0und ist bei allen Stockmar Produkten einheitlich, um die Harmonie zwischen den\u00a0<a href=\"https:\/\/teiaeducation.ch\/de\/produkt-kategorie\/lernthemen\/sensorische-motorische-fertigkeiten\/farbe-lernen\/\">Farben<\/a>\u00a0und beim Mischen verschiedener Medien zu gew\u00e4hrleisten. Die Materialien sind reich pigmentiert, um lebendige Kunstwerke zu schaffen, und sind extrem langlebig.<\/p>\n","protected":false},"excerpt":{"rendered":"<p>Artikelnummer: 85090924<\/p>\n<p>Das Mercurius Farbriesen Waldorfsortiment mit 24 Farbstiften in ein Blechdose ist von hoher Qualit\u00e4t und wird in Europa von Stockmar und Lyra hergestellt.<\/p>\n","protected":false},"featured_media":59844,"comment_status":"open","ping_status":"closed","template":"","meta":[],"product_brand":[],"product_cat":[21445,21446,23651,21479,21447,21579,21443,21563,22362,21668,21564,21483,21450],"product_tag":[28702,28692,28695,28694,28690,28696,26326,26327,28691,28693,28703,28689,28670,26957,28672,28671,26363,28669],"class_list":{"0":"post-59843","1":"product","2":"type-product","3":"status-publish","4":"has-post-thumbnail","6":"product_cat-3-6-jahre-vorschule","7":"product_cat-6-12-jahre-grundschule","8":"product_cat-back-to-school-de","9":"product_cat-lernmaterialien-spielzeug-montessori-waldorf-steiner-froebel","10":"product_cat-malen-basteln","11":"product_cat-mercurius-de","12":"product_cat-nach-alter","13":"product_cat-neuheiten","14":"product_cat-saisonale-kollektionen","15":"product_cat-stockmar-de","16":"product_cat-unsere-marken","17":"product_cat-waldorf-steiner-paedagogik","18":"product_cat-zeichnen-malen","19":"product_tag-blender-bleistift","20":"product_tag-buntstifte-aus-europa","21":"product_tag-buntstifte-in-dose","22":"product_tag-farbeeffekt-stift","23":"product_tag-lyra-buntstifte","24":"product_tag-lyra-splender-de","25":"product_tag-mercurius-de","26":"product_tag-mercurius-kunstbedarf","27":"product_tag-mercurius-farbgiganten","28":"product_tag-splender-bleistift","29":"product_tag-steiner-schulbedarf-fur-kunst","30":"product_tag-stockmar-buntstifte","31":"product_tag-waldorf-buntstifte","32":"product_tag-waldorf-farben","33":"product_tag-waldorf-farben-bleistiftset","34":"product_tag-waldorf-farbung","35":"product_tag-waldorf-kunstbedarf","36":"product_tag-waldorfkunstbedarf-schweiz","38":"first","39":"outofstock","40":"taxable","41":"shipping-taxable","42":"purchasable","43":"product-type-simple"},"yoast_head":"<!-- This site is optimized with the Yoast SEO plugin v27.1.1 - https:\/\/yoast.com\/product\/yoast-seo-wordpress\/ -->\n<title>Farbriesen Waldorfsortiment 24 Farben - Mercurius<\/title>\n<meta name=\"description\" content=\"Das Mercurius Farbriesen Waldorfsortiment mit 24 Farbstiften in ein Blechdose ist von hoher Qualit\u00e4t und wird in Europa von Stockmar und Lyra hergestellt.\" \/>\n<meta name=\"robots\" content=\"index, follow, max-snippet:-1, max-image-preview:large, max-video-preview:-1\" \/>\n<link rel=\"canonical\" href=\"https:\/\/teiaeducation.ch\/de\/produkt\/ams-farbriesen-24-ass-mercurius\/\" \/>\n<meta property=\"og:locale\" content=\"de_DE\" \/>\n<meta property=\"og:type\" content=\"article\" \/>\n<meta property=\"og:title\" content=\"Farbriesen Waldorfsortiment 24 Farben - Mercurius\" \/>\n<meta property=\"og:description\" content=\"Das Mercurius Farbriesen Waldorfsortiment mit 24 Farbstiften in ein Blechdose ist von hoher Qualit\u00e4t und wird in Europa von Stockmar und Lyra hergestellt.\" \/>\n<meta property=\"og:url\" content=\"https:\/\/teiaeducation.ch\/de\/produkt\/ams-farbriesen-24-ass-mercurius\/\" \/>\n<meta property=\"og:site_name\" content=\"Sustainable Educational Products &amp; Ecological Toys\u00a0\" \/>\n<meta property=\"article:publisher\" content=\"https:\/\/www.facebook.com\/teiaeducation\/\" \/>\n<meta property=\"article:modified_time\" content=\"2024-11-07T13:46:46+00:00\" \/>\n<meta property=\"og:image\" content=\"https:\/\/teiaeducation.ch\/wp-content\/uploads\/2021\/06\/Colour-giants-Waldorf-assortment-24-colouring-pencils-in-tin-case-Mercurius-1.jpg\" \/>\n\t<meta property=\"og:image:width\" content=\"1050\" \/>\n\t<meta property=\"og:image:height\" content=\"1040\" \/>\n\t<meta property=\"og:image:type\" content=\"image\/jpeg\" \/>\n<script type=\"application\/ld+json\" class=\"yoast-schema-graph\">{\"@context\":\"https:\/\/schema.org\",\"@graph\":[{\"@type\":\"WebPage\",\"@id\":\"https:\/\/teiaeducation.ch\/de\/produkt\/ams-farbriesen-24-ass-mercurius\/\",\"url\":\"https:\/\/teiaeducation.ch\/de\/produkt\/ams-farbriesen-24-ass-mercurius\/\",\"name\":\"Farbriesen Waldorfsortiment 24 Farben - Mercurius\",\"isPartOf\":{\"@id\":\"https:\/\/teiaeducation.ch\/de\/#website\"},\"primaryImageOfPage\":{\"@id\":\"https:\/\/teiaeducation.ch\/de\/produkt\/ams-farbriesen-24-ass-mercurius\/#primaryimage\"},\"image\":{\"@id\":\"https:\/\/teiaeducation.ch\/de\/produkt\/ams-farbriesen-24-ass-mercurius\/#primaryimage\"},\"thumbnailUrl\":\"https:\/\/teiaeducation.ch\/wp-content\/uploads\/2021\/06\/Colour-giants-Waldorf-assortment-24-colouring-pencils-in-tin-case-Mercurius-1.jpg\",\"datePublished\":\"2021-06-03T15:38:45+00:00\",\"dateModified\":\"2024-11-07T13:46:46+00:00\",\"description\":\"Das Mercurius Farbriesen Waldorfsortiment mit 24 Farbstiften in ein Blechdose ist von hoher Qualit\u00e4t und wird in Europa von Stockmar und Lyra hergestellt.\",\"breadcrumb\":{\"@id\":\"https:\/\/teiaeducation.ch\/de\/produkt\/ams-farbriesen-24-ass-mercurius\/#breadcrumb\"},\"inLanguage\":\"de-CH\",\"potentialAction\":[{\"@type\":\"ReadAction\",\"target\":[\"https:\/\/teiaeducation.ch\/de\/produkt\/ams-farbriesen-24-ass-mercurius\/\"]}]},{\"@type\":\"ImageObject\",\"inLanguage\":\"de-CH\",\"@id\":\"https:\/\/teiaeducation.ch\/de\/produkt\/ams-farbriesen-24-ass-mercurius\/#primaryimage\",\"url\":\"https:\/\/teiaeducation.ch\/wp-content\/uploads\/2021\/06\/Colour-giants-Waldorf-assortment-24-colouring-pencils-in-tin-case-Mercurius-1.jpg\",\"contentUrl\":\"https:\/\/teiaeducation.ch\/wp-content\/uploads\/2021\/06\/Colour-giants-Waldorf-assortment-24-colouring-pencils-in-tin-case-Mercurius-1.jpg\",\"width\":1050,\"height\":1040,\"caption\":\"Farbriesen Waldorfsortiment 24 Farbstifte in Blechetui - Mercurius\"},{\"@type\":\"BreadcrumbList\",\"@id\":\"https:\/\/teiaeducation.ch\/de\/produkt\/ams-farbriesen-24-ass-mercurius\/#breadcrumb\",\"itemListElement\":[{\"@type\":\"ListItem\",\"position\":1,\"name\":\"Home\",\"item\":\"https:\/\/teiaeducation.ch\/de\/\"},{\"@type\":\"ListItem\",\"position\":2,\"name\":\"Laden\",\"item\":\"https:\/\/teiaeducation.ch\/de\/shop\/\"},{\"@type\":\"ListItem\",\"position\":3,\"name\":\"Unsere Marken\",\"item\":\"https:\/\/teiaeducation.ch\/de\/produkt-kategorie\/unsere-marken\/\"},{\"@type\":\"ListItem\",\"position\":4,\"name\":\"Mercurius\",\"item\":\"https:\/\/teiaeducation.ch\/de\/produkt-kategorie\/unsere-marken\/mercurius-de\/\"},{\"@type\":\"ListItem\",\"position\":5,\"name\":\"Farbriesen Waldorfsortiment 24 Farben &#8211; Mercurius\"}]},{\"@type\":\"WebSite\",\"@id\":\"https:\/\/teiaeducation.ch\/de\/#website\",\"url\":\"https:\/\/teiaeducation.ch\/de\/\",\"name\":\"Sustainable Educational Products &amp; Ecological Toys\u00a0\",\"description\":\"Specialised Swiss shop selling sustainable educational toys and games, AMI certified Montessori materials, handmade ecological wooden Waldorf toys and arts &amp; crafts supplies, school supplies, children&#039;s furniture and Montessori reference and parenting books.\",\"publisher\":{\"@id\":\"https:\/\/teiaeducation.ch\/de\/#organization\"},\"alternateName\":\"Teia Education & Play\",\"potentialAction\":[{\"@type\":\"SearchAction\",\"target\":{\"@type\":\"EntryPoint\",\"urlTemplate\":\"https:\/\/teiaeducation.ch\/de\/?s={search_term_string}\"},\"query-input\":{\"@type\":\"PropertyValueSpecification\",\"valueRequired\":true,\"valueName\":\"search_term_string\"}}],\"inLanguage\":\"de-CH\"},{\"@type\":\"Organization\",\"@id\":\"https:\/\/teiaeducation.ch\/de\/#organization\",\"name\":\"Teia Education & Play\",\"url\":\"https:\/\/teiaeducation.ch\/de\/\",\"logo\":{\"@type\":\"ImageObject\",\"inLanguage\":\"de-CH\",\"@id\":\"https:\/\/teiaeducation.ch\/de\/#\/schema\/logo\/image\/\",\"url\":\"https:\/\/teiaeducation.ch\/wp-content\/uploads\/2020\/11\/Teia-Education-Switzerland-e1620156442216.jpg\",\"contentUrl\":\"https:\/\/teiaeducation.ch\/wp-content\/uploads\/2020\/11\/Teia-Education-Switzerland-e1620156442216.jpg\",\"width\":166,\"height\":145,\"caption\":\"Teia Education & Play\"},\"image\":{\"@id\":\"https:\/\/teiaeducation.ch\/de\/#\/schema\/logo\/image\/\"},\"sameAs\":[\"https:\/\/www.facebook.com\/teiaeducation\/\",\"https:\/\/x.com\/EducationTeia\",\"https:\/\/www.instagram.com\/teia.education\/\",\"https:\/\/www.linkedin.com\/company\/35501660\",\"https:\/\/www.pinterest.ch\/TeiaEducation\/\"]}]}<\/script>\n<!-- \/ Yoast SEO plugin. -->","yoast_head_json":{"title":"Farbriesen Waldorfsortiment 24 Farben - Mercurius","description":"Das Mercurius Farbriesen Waldorfsortiment mit 24 Farbstiften in ein Blechdose ist von hoher Qualit\u00e4t und wird in Europa von Stockmar und Lyra hergestellt.","robots":{"index":"index","follow":"follow","max-snippet":"max-snippet:-1","max-image-preview":"max-image-preview:large","max-video-preview":"max-video-preview:-1"},"canonical":"https:\/\/teiaeducation.ch\/de\/produkt\/ams-farbriesen-24-ass-mercurius\/","og_locale":"de_DE","og_type":"article","og_title":"Farbriesen Waldorfsortiment 24 Farben - Mercurius","og_description":"Das Mercurius Farbriesen Waldorfsortiment mit 24 Farbstiften in ein Blechdose ist von hoher Qualit\u00e4t und wird in Europa von Stockmar und Lyra hergestellt.","og_url":"https:\/\/teiaeducation.ch\/de\/produkt\/ams-farbriesen-24-ass-mercurius\/","og_site_name":"Sustainable Educational Products &amp; Ecological Toys\u00a0","article_publisher":"https:\/\/www.facebook.com\/teiaeducation\/","article_modified_time":"2024-11-07T13:46:46+00:00","og_image":[{"width":1050,"height":1040,"url":"https:\/\/teiaeducation.ch\/wp-content\/uploads\/2021\/06\/Colour-giants-Waldorf-assortment-24-colouring-pencils-in-tin-case-Mercurius-1.jpg","type":"image\/jpeg"}],"schema":{"@context":"https:\/\/schema.org","@graph":[{"@type":"WebPage","@id":"https:\/\/teiaeducation.ch\/de\/produkt\/ams-farbriesen-24-ass-mercurius\/","url":"https:\/\/teiaeducation.ch\/de\/produkt\/ams-farbriesen-24-ass-mercurius\/","name":"Farbriesen Waldorfsortiment 24 Farben - Mercurius","isPartOf":{"@id":"https:\/\/teiaeducation.ch\/de\/#website"},"primaryImageOfPage":{"@id":"https:\/\/teiaeducation.ch\/de\/produkt\/ams-farbriesen-24-ass-mercurius\/#primaryimage"},"image":{"@id":"https:\/\/teiaeducation.ch\/de\/produkt\/ams-farbriesen-24-ass-mercurius\/#primaryimage"},"thumbnailUrl":"https:\/\/teiaeducation.ch\/wp-content\/uploads\/2021\/06\/Colour-giants-Waldorf-assortment-24-colouring-pencils-in-tin-case-Mercurius-1.jpg","datePublished":"2021-06-03T15:38:45+00:00","dateModified":"2024-11-07T13:46:46+00:00","description":"Das Mercurius Farbriesen Waldorfsortiment mit 24 Farbstiften in ein Blechdose ist von hoher Qualit\u00e4t und wird in Europa von Stockmar und Lyra hergestellt.","breadcrumb":{"@id":"https:\/\/teiaeducation.ch\/de\/produkt\/ams-farbriesen-24-ass-mercurius\/#breadcrumb"},"inLanguage":"de-CH","potentialAction":[{"@type":"ReadAction","target":["https:\/\/teiaeducation.ch\/de\/produkt\/ams-farbriesen-24-ass-mercurius\/"]}]},{"@type":"ImageObject","inLanguage":"de-CH","@id":"https:\/\/teiaeducation.ch\/de\/produkt\/ams-farbriesen-24-ass-mercurius\/#primaryimage","url":"https:\/\/teiaeducation.ch\/wp-content\/uploads\/2021\/06\/Colour-giants-Waldorf-assortment-24-colouring-pencils-in-tin-case-Mercurius-1.jpg","contentUrl":"https:\/\/teiaeducation.ch\/wp-content\/uploads\/2021\/06\/Colour-giants-Waldorf-assortment-24-colouring-pencils-in-tin-case-Mercurius-1.jpg","width":1050,"height":1040,"caption":"Farbriesen Waldorfsortiment 24 Farbstifte in Blechetui - Mercurius"},{"@type":"BreadcrumbList","@id":"https:\/\/teiaeducation.ch\/de\/produkt\/ams-farbriesen-24-ass-mercurius\/#breadcrumb","itemListElement":[{"@type":"ListItem","position":1,"name":"Home","item":"https:\/\/teiaeducation.ch\/de\/"},{"@type":"ListItem","position":2,"name":"Laden","item":"https:\/\/teiaeducation.ch\/de\/shop\/"},{"@type":"ListItem","position":3,"name":"Unsere Marken","item":"https:\/\/teiaeducation.ch\/de\/produkt-kategorie\/unsere-marken\/"},{"@type":"ListItem","position":4,"name":"Mercurius","item":"https:\/\/teiaeducation.ch\/de\/produkt-kategorie\/unsere-marken\/mercurius-de\/"},{"@type":"ListItem","position":5,"name":"Farbriesen Waldorfsortiment 24 Farben &#8211; Mercurius"}]},{"@type":"WebSite","@id":"https:\/\/teiaeducation.ch\/de\/#website","url":"https:\/\/teiaeducation.ch\/de\/","name":"Sustainable Educational Products &amp; Ecological Toys\u00a0","description":"Specialised Swiss shop selling sustainable educational toys and games, AMI certified Montessori materials, handmade ecological wooden Waldorf toys and arts &amp; crafts supplies, school supplies, children&#039;s furniture and Montessori reference and parenting books.","publisher":{"@id":"https:\/\/teiaeducation.ch\/de\/#organization"},"alternateName":"Teia Education & Play","potentialAction":[{"@type":"SearchAction","target":{"@type":"EntryPoint","urlTemplate":"https:\/\/teiaeducation.ch\/de\/?s={search_term_string}"},"query-input":{"@type":"PropertyValueSpecification","valueRequired":true,"valueName":"search_term_string"}}],"inLanguage":"de-CH"},{"@type":"Organization","@id":"https:\/\/teiaeducation.ch\/de\/#organization","name":"Teia Education & Play","url":"https:\/\/teiaeducation.ch\/de\/","logo":{"@type":"ImageObject","inLanguage":"de-CH","@id":"https:\/\/teiaeducation.ch\/de\/#\/schema\/logo\/image\/","url":"https:\/\/teiaeducation.ch\/wp-content\/uploads\/2020\/11\/Teia-Education-Switzerland-e1620156442216.jpg","contentUrl":"https:\/\/teiaeducation.ch\/wp-content\/uploads\/2020\/11\/Teia-Education-Switzerland-e1620156442216.jpg","width":166,"height":145,"caption":"Teia Education & Play"},"image":{"@id":"https:\/\/teiaeducation.ch\/de\/#\/schema\/logo\/image\/"},"sameAs":["https:\/\/www.facebook.com\/teiaeducation\/","https:\/\/x.com\/EducationTeia","https:\/\/www.instagram.com\/teia.education\/","https:\/\/www.linkedin.com\/company\/35501660","https:\/\/www.pinterest.ch\/TeiaEducation\/"]}]}},"_links":{"self":[{"href":"https:\/\/teiaeducation.ch\/de\/wp-json\/wp\/v2\/product\/59843","targetHints":{"allow":["GET"]}}],"collection":[{"href":"https:\/\/teiaeducation.ch\/de\/wp-json\/wp\/v2\/product"}],"about":[{"href":"https:\/\/teiaeducation.ch\/de\/wp-json\/wp\/v2\/types\/product"}],"replies":[{"embeddable":true,"href":"https:\/\/teiaeducation.ch\/de\/wp-json\/wp\/v2\/comments?post=59843"}],"wp:featuredmedia":[{"embeddable":true,"href":"https:\/\/teiaeducation.ch\/de\/wp-json\/wp\/v2\/media\/59844"}],"wp:attachment":[{"href":"https:\/\/teiaeducation.ch\/de\/wp-json\/wp\/v2\/media?parent=59843"}],"wp:term":[{"taxonomy":"product_brand","embeddable":true,"href":"https:\/\/teiaeducation.ch\/de\/wp-json\/wp\/v2\/product_brand?post=59843"},{"taxonomy":"product_cat","embeddable":true,"href":"https:\/\/teiaeducation.ch\/de\/wp-json\/wp\/v2\/product_cat?post=59843"},{"taxonomy":"product_tag","embeddable":true,"href":"https:\/\/teiaeducation.ch\/de\/wp-json\/wp\/v2\/product_tag?post=59843"}],"curies":[{"name":"wp","href":"https:\/\/api.w.org\/{rel}","templated":true}]}}