{"id":59850,"date":"2022-03-24T14:37:57","date_gmt":"2022-03-24T13:37:57","guid":{"rendered":"https:\/\/teiaeducation.ch\/product\/farbstiftset-rondo-seccorell\/"},"modified":"2025-03-29T22:52:11","modified_gmt":"2025-03-29T21:52:11","slug":"farbstiftset-rondo-seccorell","status":"publish","type":"product","link":"https:\/\/teiaeducation.ch\/de\/produkt\/farbstiftset-rondo-seccorell\/","title":{"rendered":"Farbstiftset Rondo &#8211; Seccorell"},"content":{"rendered":"<p>Das Farbstiftset Rondo von Seccorell in einer Pappschachtel mit einem Bodeneinsatz aus &#8220;Kakaoschalen&#8221;-Deckpapier aus Kakaobohnenschalen mit einer wundersch\u00f6nen Illustration von Andrea Rei\u00df. Rondo ist ein wundersch\u00f6nes Set mit ungiftigen Waldorf-Wischpastellkreiden in Originalgr\u00f6\u00dfe, um das Seccorell-Malsystem zu erkunden!<\/p>\n<p>Dieses Set enth\u00e4lt 8 ungiftige Malstifte in den Grundfarben, 1 Reinigungspinsel mit Naturfasern, 1 Radiergummi, 2 Wattepads und 1 Reibeblock mit Pastellkreide. Die Box bietet Platz f\u00fcr 24 Farbstifte, wenn der Bodeneinsatz entfernt wird.<\/p>\n<p>Mit diesen einzigartigen, von der Waldorfp\u00e4dagogik inspirierten, mischbaren Wischpastellkreiden lassen sich vertr\u00e4umte Kunstwerke mit einem wundersch\u00f6nen aquarell\u00e4hnlichen Effekt schaffen, der von sehr zarten bis zu intensiven Farben reicht.<\/p>\n<p>Die nachhaltig produzierten Seccorell-Farbst\u00e4bchen, die in Waldorfschulen und Grundschulen zum Einsatz kommen, werden auf dem Reibeblock gerieben, um Farbpulver herzustellen. Dieses Pulver wird dann mit den Fingerspitzen vollst\u00e4ndig auf das Malpapier oder eine nat\u00fcrliche Oberfl\u00e4che gestrichen oder gerieben. Durch Abwischen mit einem Papiertuch werden die Farben fixiert.<\/p>\n<p>Das Sp\u00e4nepulver kann zur Farbmischung geschichtet werden und durch Wischen, Kreisen und Mischen k\u00f6nnen die verschiedenen Farbnuancen, Intensit\u00e4ten und Mischungsverh\u00e4ltnisse kreativ herausgearbeitet werden. Der beiliegende Radiergummi kann zum Hervorheben verwendet werden, und die Farbstifte k\u00f6nnen auch wie Buntstifte verwendet werden, um Umrisse zu definieren.<\/p>\n<p>Seccorell Farbstifte sind gesundheitlich unbedenklich und sehr langlebig, da sie bis zum letzten Rest verwendet werden k\u00f6nnen. Sie bestehen aus gebundenen Mineralpigmenten, die sich durch Waschen der H\u00e4nde mit Wasser und Seife leicht entfernen lassen.<\/p>\n<p>Seccorell ist eine Marke des Familienunternehmens MeiArt und bietet ein einzigartiges Malsystem und eine neue Art des Umgangs mit Farbe und ihren Einsatzm\u00f6glichkeiten. Ihre Farbstifte sind ungiftig und werden vollst\u00e4ndig in Deutschland hergestellt. Diese innovativen Wischpastelle schlie\u00dfen eine L\u00fccke zwischen der Aquarell- und der Pastelltechnik. Sie ben\u00f6tigen weder Wasser noch ein Fixiermittel, um wie Aquarellfarben zu malen, und erreichen eine Wischfestigkeit, die sonst nur Buntstiftbilder haben.<\/p>\n<p>Das Seccorell Farbstiftset Rondo ist sowohl f\u00fcr Kinder ab 3 Jahren als auch f\u00fcr Erwachsene geeignet.<\/p>\n<p>Inhalt:<\/p>\n<p>8 Wischpastelle in Originalgr\u00f6\u00dfe<br \/>\n1 Reinigungsb\u00fcrste<br \/>\n1 Radiergummi<br \/>\n1 Reibeblock Pastellreibe<br \/>\n2 Watteb\u00e4usche<br \/>\n1 runde Pappschachtel (87 x 52 mm)<\/p>\n","protected":false},"excerpt":{"rendered":"<p>Artikelnummer: 001SMRondo<\/p>\n<p>Das Farbstiftset Rondo enth\u00e4lt ungiftige Waldorf-Wischpastellkreiden in Originalgr\u00f6\u00dfe und bietet eine gute M\u00f6glichkeit, das Seccorell-Malsystem zu erkunden.<\/p>\n","protected":false},"featured_media":45719,"comment_status":"open","ping_status":"closed","template":"","meta":[],"product_brand":[],"product_cat":[21445,21446,21479,21670,21490,21484,22422,21447,21457,21443,21563,22362,23069,23636,21564,21483,22363,21450],"product_tag":[28735,28728,28736,28734,28730,28733,28732,28731,28729],"class_list":{"0":"post-59850","1":"product","2":"type-product","3":"status-publish","4":"has-post-thumbnail","6":"product_cat-3-6-jahre-vorschule","7":"product_cat-6-12-jahre-grundschule","8":"product_cat-lernmaterialien-spielzeug-montessori-waldorf-steiner-froebel","9":"product_cat-fruehjahrskollektion","10":"product_cat-geschenk-guide-kreativ","11":"product_cat-geschenk-guides","12":"product_cat-geschenke-fuer-das-osterkoerbchen","13":"product_cat-malen-basteln","14":"product_cat-malen","15":"product_cat-nach-alter","16":"product_cat-neuheiten","17":"product_cat-saisonale-kollektionen","18":"product_cat-seccorell-de","19":"product_cat-sommer-kollektion","20":"product_cat-unsere-marken","21":"product_cat-waldorf-steiner-paedagogik","22":"product_cat-winter-kollektion","23":"product_cat-zeichnen-malen","24":"product_tag-farbstifte-taschenset-kaninchen-seccorell","25":"product_tag-farbstiftset-mini-seccorell","26":"product_tag-farbstiftset-rondo-seccorell","27":"product_tag-farbstiftset-scola-seccorell","28":"product_tag-seccorell-anstrichsystem","29":"product_tag-seccorell-farbstifte","30":"product_tag-ungiftige-und-nachhaltig-produzierte-seccorell-farbstifte","31":"product_tag-waldorf-aquarellfarbe","32":"product_tag-waldorf-schmierpastellkreide","34":"first","35":"outofstock","36":"taxable","37":"shipping-taxable","38":"purchasable","39":"product-type-simple"},"yoast_head":"<!-- This site is optimized with the Yoast SEO plugin v27.1.1 - https:\/\/yoast.com\/product\/yoast-seo-wordpress\/ -->\n<title>Farbstiftset Rondo - Seccorell<\/title>\n<meta name=\"description\" content=\"Das Farbstiftset Rondo enth\u00e4lt ungiftige Waldorf-Wischpastellkreiden in Originalgr\u00f6\u00dfe und bietet eine gute M\u00f6glichkeit, das Seccorell-Malsystem zu entdecken.\" \/>\n<meta name=\"robots\" content=\"index, follow, max-snippet:-1, max-image-preview:large, max-video-preview:-1\" \/>\n<link rel=\"canonical\" href=\"https:\/\/teiaeducation.ch\/de\/produkt\/farbstiftset-rondo-seccorell\/\" \/>\n<meta property=\"og:locale\" content=\"de_DE\" \/>\n<meta property=\"og:type\" content=\"article\" \/>\n<meta property=\"og:title\" content=\"Farbstiftset Rondo - Seccorell\" \/>\n<meta property=\"og:description\" content=\"Das Farbstiftset Rondo enth\u00e4lt ungiftige Waldorf-Wischpastellkreiden in Originalgr\u00f6\u00dfe und bietet eine gute M\u00f6glichkeit, das Seccorell-Malsystem zu entdecken.\" \/>\n<meta property=\"og:url\" content=\"https:\/\/teiaeducation.ch\/de\/produkt\/farbstiftset-rondo-seccorell\/\" \/>\n<meta property=\"og:site_name\" content=\"Sustainable Educational Products &amp; Ecological Toys\u00a0\" \/>\n<meta property=\"article:publisher\" content=\"https:\/\/www.facebook.com\/teiaeducation\/\" \/>\n<meta property=\"article:modified_time\" content=\"2025-03-29T21:52:11+00:00\" \/>\n<meta property=\"og:image\" content=\"https:\/\/teiaeducation.ch\/wp-content\/uploads\/2022\/03\/Pastels-Rondo-Seccorell-2.jpg\" \/>\n\t<meta property=\"og:image:width\" content=\"903\" \/>\n\t<meta property=\"og:image:height\" content=\"900\" \/>\n\t<meta property=\"og:image:type\" content=\"image\/jpeg\" \/>\n<script type=\"application\/ld+json\" class=\"yoast-schema-graph\">{\"@context\":\"https:\/\/schema.org\",\"@graph\":[{\"@type\":\"WebPage\",\"@id\":\"https:\/\/teiaeducation.ch\/de\/produkt\/farbstiftset-rondo-seccorell\/\",\"url\":\"https:\/\/teiaeducation.ch\/de\/produkt\/farbstiftset-rondo-seccorell\/\",\"name\":\"Farbstiftset Rondo - Seccorell\",\"isPartOf\":{\"@id\":\"https:\/\/teiaeducation.ch\/de\/#website\"},\"primaryImageOfPage\":{\"@id\":\"https:\/\/teiaeducation.ch\/de\/produkt\/farbstiftset-rondo-seccorell\/#primaryimage\"},\"image\":{\"@id\":\"https:\/\/teiaeducation.ch\/de\/produkt\/farbstiftset-rondo-seccorell\/#primaryimage\"},\"thumbnailUrl\":\"https:\/\/teiaeducation.ch\/wp-content\/uploads\/2022\/03\/Pastels-Rondo-Seccorell-2.jpg\",\"datePublished\":\"2022-03-24T13:37:57+00:00\",\"dateModified\":\"2025-03-29T21:52:11+00:00\",\"description\":\"Das Farbstiftset Rondo enth\u00e4lt ungiftige Waldorf-Wischpastellkreiden in Originalgr\u00f6\u00dfe und bietet eine gute M\u00f6glichkeit, das Seccorell-Malsystem zu entdecken.\",\"breadcrumb\":{\"@id\":\"https:\/\/teiaeducation.ch\/de\/produkt\/farbstiftset-rondo-seccorell\/#breadcrumb\"},\"inLanguage\":\"de-CH\",\"potentialAction\":[{\"@type\":\"ReadAction\",\"target\":[\"https:\/\/teiaeducation.ch\/de\/produkt\/farbstiftset-rondo-seccorell\/\"]}]},{\"@type\":\"ImageObject\",\"inLanguage\":\"de-CH\",\"@id\":\"https:\/\/teiaeducation.ch\/de\/produkt\/farbstiftset-rondo-seccorell\/#primaryimage\",\"url\":\"https:\/\/teiaeducation.ch\/wp-content\/uploads\/2022\/03\/Pastels-Rondo-Seccorell-2.jpg\",\"contentUrl\":\"https:\/\/teiaeducation.ch\/wp-content\/uploads\/2022\/03\/Pastels-Rondo-Seccorell-2.jpg\",\"width\":903,\"height\":900,\"caption\":\"Farbstiftset Rondo seccorell ungiftige Wischpasten Waldorf\"},{\"@type\":\"BreadcrumbList\",\"@id\":\"https:\/\/teiaeducation.ch\/de\/produkt\/farbstiftset-rondo-seccorell\/#breadcrumb\",\"itemListElement\":[{\"@type\":\"ListItem\",\"position\":1,\"name\":\"Home\",\"item\":\"https:\/\/teiaeducation.ch\/de\/\"},{\"@type\":\"ListItem\",\"position\":2,\"name\":\"Laden\",\"item\":\"https:\/\/teiaeducation.ch\/de\/shop\/\"},{\"@type\":\"ListItem\",\"position\":3,\"name\":\"Unsere Marken\",\"item\":\"https:\/\/teiaeducation.ch\/de\/produkt-kategorie\/unsere-marken\/\"},{\"@type\":\"ListItem\",\"position\":4,\"name\":\"Seccorell\",\"item\":\"https:\/\/teiaeducation.ch\/de\/produkt-kategorie\/unsere-marken\/seccorell-de\/\"},{\"@type\":\"ListItem\",\"position\":5,\"name\":\"Farbstiftset Rondo &#8211; Seccorell\"}]},{\"@type\":\"WebSite\",\"@id\":\"https:\/\/teiaeducation.ch\/de\/#website\",\"url\":\"https:\/\/teiaeducation.ch\/de\/\",\"name\":\"Sustainable Educational Products &amp; Ecological Toys\u00a0\",\"description\":\"Specialised Swiss shop selling sustainable educational toys and games, AMI certified Montessori materials, handmade ecological wooden Waldorf toys and arts &amp; crafts supplies, school supplies, children&#039;s furniture and Montessori reference and parenting books.\",\"publisher\":{\"@id\":\"https:\/\/teiaeducation.ch\/de\/#organization\"},\"alternateName\":\"Teia Education & Play\",\"potentialAction\":[{\"@type\":\"SearchAction\",\"target\":{\"@type\":\"EntryPoint\",\"urlTemplate\":\"https:\/\/teiaeducation.ch\/de\/?s={search_term_string}\"},\"query-input\":{\"@type\":\"PropertyValueSpecification\",\"valueRequired\":true,\"valueName\":\"search_term_string\"}}],\"inLanguage\":\"de-CH\"},{\"@type\":\"Organization\",\"@id\":\"https:\/\/teiaeducation.ch\/de\/#organization\",\"name\":\"Teia Education & Play\",\"url\":\"https:\/\/teiaeducation.ch\/de\/\",\"logo\":{\"@type\":\"ImageObject\",\"inLanguage\":\"de-CH\",\"@id\":\"https:\/\/teiaeducation.ch\/de\/#\/schema\/logo\/image\/\",\"url\":\"https:\/\/teiaeducation.ch\/wp-content\/uploads\/2020\/11\/Teia-Education-Switzerland-e1620156442216.jpg\",\"contentUrl\":\"https:\/\/teiaeducation.ch\/wp-content\/uploads\/2020\/11\/Teia-Education-Switzerland-e1620156442216.jpg\",\"width\":166,\"height\":145,\"caption\":\"Teia Education & Play\"},\"image\":{\"@id\":\"https:\/\/teiaeducation.ch\/de\/#\/schema\/logo\/image\/\"},\"sameAs\":[\"https:\/\/www.facebook.com\/teiaeducation\/\",\"https:\/\/x.com\/EducationTeia\",\"https:\/\/www.instagram.com\/teia.education\/\",\"https:\/\/www.linkedin.com\/company\/35501660\",\"https:\/\/www.pinterest.ch\/TeiaEducation\/\"]}]}<\/script>\n<!-- \/ Yoast SEO plugin. -->","yoast_head_json":{"title":"Farbstiftset Rondo - Seccorell","description":"Das Farbstiftset Rondo enth\u00e4lt ungiftige Waldorf-Wischpastellkreiden in Originalgr\u00f6\u00dfe und bietet eine gute M\u00f6glichkeit, das Seccorell-Malsystem zu entdecken.","robots":{"index":"index","follow":"follow","max-snippet":"max-snippet:-1","max-image-preview":"max-image-preview:large","max-video-preview":"max-video-preview:-1"},"canonical":"https:\/\/teiaeducation.ch\/de\/produkt\/farbstiftset-rondo-seccorell\/","og_locale":"de_DE","og_type":"article","og_title":"Farbstiftset Rondo - Seccorell","og_description":"Das Farbstiftset Rondo enth\u00e4lt ungiftige Waldorf-Wischpastellkreiden in Originalgr\u00f6\u00dfe und bietet eine gute M\u00f6glichkeit, das Seccorell-Malsystem zu entdecken.","og_url":"https:\/\/teiaeducation.ch\/de\/produkt\/farbstiftset-rondo-seccorell\/","og_site_name":"Sustainable Educational Products &amp; Ecological Toys\u00a0","article_publisher":"https:\/\/www.facebook.com\/teiaeducation\/","article_modified_time":"2025-03-29T21:52:11+00:00","og_image":[{"width":903,"height":900,"url":"https:\/\/teiaeducation.ch\/wp-content\/uploads\/2022\/03\/Pastels-Rondo-Seccorell-2.jpg","type":"image\/jpeg"}],"schema":{"@context":"https:\/\/schema.org","@graph":[{"@type":"WebPage","@id":"https:\/\/teiaeducation.ch\/de\/produkt\/farbstiftset-rondo-seccorell\/","url":"https:\/\/teiaeducation.ch\/de\/produkt\/farbstiftset-rondo-seccorell\/","name":"Farbstiftset Rondo - Seccorell","isPartOf":{"@id":"https:\/\/teiaeducation.ch\/de\/#website"},"primaryImageOfPage":{"@id":"https:\/\/teiaeducation.ch\/de\/produkt\/farbstiftset-rondo-seccorell\/#primaryimage"},"image":{"@id":"https:\/\/teiaeducation.ch\/de\/produkt\/farbstiftset-rondo-seccorell\/#primaryimage"},"thumbnailUrl":"https:\/\/teiaeducation.ch\/wp-content\/uploads\/2022\/03\/Pastels-Rondo-Seccorell-2.jpg","datePublished":"2022-03-24T13:37:57+00:00","dateModified":"2025-03-29T21:52:11+00:00","description":"Das Farbstiftset Rondo enth\u00e4lt ungiftige Waldorf-Wischpastellkreiden in Originalgr\u00f6\u00dfe und bietet eine gute M\u00f6glichkeit, das Seccorell-Malsystem zu entdecken.","breadcrumb":{"@id":"https:\/\/teiaeducation.ch\/de\/produkt\/farbstiftset-rondo-seccorell\/#breadcrumb"},"inLanguage":"de-CH","potentialAction":[{"@type":"ReadAction","target":["https:\/\/teiaeducation.ch\/de\/produkt\/farbstiftset-rondo-seccorell\/"]}]},{"@type":"ImageObject","inLanguage":"de-CH","@id":"https:\/\/teiaeducation.ch\/de\/produkt\/farbstiftset-rondo-seccorell\/#primaryimage","url":"https:\/\/teiaeducation.ch\/wp-content\/uploads\/2022\/03\/Pastels-Rondo-Seccorell-2.jpg","contentUrl":"https:\/\/teiaeducation.ch\/wp-content\/uploads\/2022\/03\/Pastels-Rondo-Seccorell-2.jpg","width":903,"height":900,"caption":"Farbstiftset Rondo seccorell ungiftige Wischpasten Waldorf"},{"@type":"BreadcrumbList","@id":"https:\/\/teiaeducation.ch\/de\/produkt\/farbstiftset-rondo-seccorell\/#breadcrumb","itemListElement":[{"@type":"ListItem","position":1,"name":"Home","item":"https:\/\/teiaeducation.ch\/de\/"},{"@type":"ListItem","position":2,"name":"Laden","item":"https:\/\/teiaeducation.ch\/de\/shop\/"},{"@type":"ListItem","position":3,"name":"Unsere Marken","item":"https:\/\/teiaeducation.ch\/de\/produkt-kategorie\/unsere-marken\/"},{"@type":"ListItem","position":4,"name":"Seccorell","item":"https:\/\/teiaeducation.ch\/de\/produkt-kategorie\/unsere-marken\/seccorell-de\/"},{"@type":"ListItem","position":5,"name":"Farbstiftset Rondo &#8211; Seccorell"}]},{"@type":"WebSite","@id":"https:\/\/teiaeducation.ch\/de\/#website","url":"https:\/\/teiaeducation.ch\/de\/","name":"Sustainable Educational Products &amp; Ecological Toys\u00a0","description":"Specialised Swiss shop selling sustainable educational toys and games, AMI certified Montessori materials, handmade ecological wooden Waldorf toys and arts &amp; crafts supplies, school supplies, children&#039;s furniture and Montessori reference and parenting books.","publisher":{"@id":"https:\/\/teiaeducation.ch\/de\/#organization"},"alternateName":"Teia Education & Play","potentialAction":[{"@type":"SearchAction","target":{"@type":"EntryPoint","urlTemplate":"https:\/\/teiaeducation.ch\/de\/?s={search_term_string}"},"query-input":{"@type":"PropertyValueSpecification","valueRequired":true,"valueName":"search_term_string"}}],"inLanguage":"de-CH"},{"@type":"Organization","@id":"https:\/\/teiaeducation.ch\/de\/#organization","name":"Teia Education & Play","url":"https:\/\/teiaeducation.ch\/de\/","logo":{"@type":"ImageObject","inLanguage":"de-CH","@id":"https:\/\/teiaeducation.ch\/de\/#\/schema\/logo\/image\/","url":"https:\/\/teiaeducation.ch\/wp-content\/uploads\/2020\/11\/Teia-Education-Switzerland-e1620156442216.jpg","contentUrl":"https:\/\/teiaeducation.ch\/wp-content\/uploads\/2020\/11\/Teia-Education-Switzerland-e1620156442216.jpg","width":166,"height":145,"caption":"Teia Education & Play"},"image":{"@id":"https:\/\/teiaeducation.ch\/de\/#\/schema\/logo\/image\/"},"sameAs":["https:\/\/www.facebook.com\/teiaeducation\/","https:\/\/x.com\/EducationTeia","https:\/\/www.instagram.com\/teia.education\/","https:\/\/www.linkedin.com\/company\/35501660","https:\/\/www.pinterest.ch\/TeiaEducation\/"]}]}},"_links":{"self":[{"href":"https:\/\/teiaeducation.ch\/de\/wp-json\/wp\/v2\/product\/59850","targetHints":{"allow":["GET"]}}],"collection":[{"href":"https:\/\/teiaeducation.ch\/de\/wp-json\/wp\/v2\/product"}],"about":[{"href":"https:\/\/teiaeducation.ch\/de\/wp-json\/wp\/v2\/types\/product"}],"replies":[{"embeddable":true,"href":"https:\/\/teiaeducation.ch\/de\/wp-json\/wp\/v2\/comments?post=59850"}],"wp:featuredmedia":[{"embeddable":true,"href":"https:\/\/teiaeducation.ch\/de\/wp-json\/wp\/v2\/media\/45719"}],"wp:attachment":[{"href":"https:\/\/teiaeducation.ch\/de\/wp-json\/wp\/v2\/media?parent=59850"}],"wp:term":[{"taxonomy":"product_brand","embeddable":true,"href":"https:\/\/teiaeducation.ch\/de\/wp-json\/wp\/v2\/product_brand?post=59850"},{"taxonomy":"product_cat","embeddable":true,"href":"https:\/\/teiaeducation.ch\/de\/wp-json\/wp\/v2\/product_cat?post=59850"},{"taxonomy":"product_tag","embeddable":true,"href":"https:\/\/teiaeducation.ch\/de\/wp-json\/wp\/v2\/product_tag?post=59850"}],"curies":[{"name":"wp","href":"https:\/\/api.w.org\/{rel}","templated":true}]}}