{"id":59851,"date":"2022-03-24T11:46:38","date_gmt":"2022-03-24T10:46:38","guid":{"rendered":"https:\/\/teiaeducation.ch\/product\/farbstiftset-mini-seccorell\/"},"modified":"2025-10-05T22:04:54","modified_gmt":"2025-10-05T20:04:54","slug":"farbstiftset-mini-seccorell","status":"publish","type":"product","link":"https:\/\/teiaeducation.ch\/de\/produkt\/farbstiftset-mini-seccorell\/","title":{"rendered":"Farbstiftset mini &#8211; Seccorell"},"content":{"rendered":"<p>Farbstift mini ist ein h\u00fcbsches, streichholzschachtelgro\u00dfes Set mit ungiftigen Waldorf-Wischpastellkreiden in halber Gr\u00f6\u00dfe und bietet eine tolle M\u00f6glichkeit, das Seccorell-Malsystem zu erkunden! Dieses Set enth\u00e4lt 8 halbgro\u00dfe ungiftige Malstifte, 1 Mini-Reinigungspinsel mit Naturfasern, 1 Mini-Radiergummi und 1 Pastellreibe an der Au\u00dfenseite der Streichholzschachtel.<\/p>\n<p>Mit diesen einzigartigen, von der Waldorfp\u00e4dagogik inspirierten, mischbaren Wischpastellkreiden lassen sich vertr\u00e4umte Kunstwerke mit einem wundersch\u00f6nen aquarell\u00e4hnlichen Effekt schaffen, der von sehr zarten bis zu intensiven Farben reicht.<\/p>\n<p>Die nachhaltig produzierten Seccorell-Farbst\u00e4bchen, die in Waldorfschulen und Grundschulen zum Einsatz kommen, werden auf dem Reibeblock gerieben, um Farbpulver herzustellen. Dieses Pulver wird dann mit den Fingerspitzen vollst\u00e4ndig auf das Malpapier oder eine nat\u00fcrliche Oberfl\u00e4che gestrichen oder gerieben. Durch Abwischen mit einem Papiertuch werden die Farben fixiert.<\/p>\n<p>Das Sp\u00e4nepulver kann zur Farbmischung geschichtet werden und durch Wischen, Kreisen und Mischen k\u00f6nnen die verschiedenen Farbnuancen, Intensit\u00e4ten und Mischungsverh\u00e4ltnisse kreativ herausgearbeitet werden. Der beiliegende Radiergummi kann zum Hervorheben verwendet werden, und die Farbstifte k\u00f6nnen auch wie Buntstifte verwendet werden, um Umrisse zu definieren.<\/p>\n<p>Seccorell Farbstifte sind gesundheitlich unbedenklich und sehr langlebig, da sie bis zum letzten Rest verwendet werden k\u00f6nnen. Sie bestehen aus gebundenen Mineralpigmenten, die sich durch Waschen der H\u00e4nde mit Wasser und Seife leicht entfernen lassen.<\/p>\n<p>Seccorell ist eine Marke des Familienunternehmens MeiArt und bietet ein einzigartiges Malsystem und eine neue Art des Umgangs mit Farbe und ihren Einsatzm\u00f6glichkeiten. Ihre Farbstifte sind ungiftig und werden vollst\u00e4ndig in Deutschland hergestellt. Diese innovativen Wischpastelle schlie\u00dfen eine L\u00fccke zwischen der Aquarell- und der Pastelltechnik. Sie ben\u00f6tigen weder Wasser noch ein Fixiermittel, um wie Aquarellfarben zu malen, und erreichen eine Wischfestigkeit, die sonst nur Buntstiftbilder haben.<\/p>\n<p>Seccorell Malstifte sind sowohl f\u00fcr Kinder ab 3 Jahren als auch f\u00fcr Erwachsene geeignet.<\/p>\n<p>Inhalt:<\/p>\n<p>8 halbgro\u00dfe Wischpastelle<br \/>\n1 Mini-Reinigungsb\u00fcrste<br \/>\n1 Mini-Radiergummi<br \/>\n1 pastellfarbene Reibe (an der Au\u00dfenseite der Streichholzschachtel)<br \/>\n1 Streichholzschachtel aus Karton zur Aufbewahrung (52 x 35 x 18 mm)<br \/>\nEine Informationsbrosch\u00fcre<\/p>\n","protected":false},"excerpt":{"rendered":"<p>Artikelnummer: 001SMMini<\/p>\n<p>Das Farbstiftset mini enth\u00e4lt ungiftige Waldorfschmierpastellkreiden in halber Gr\u00f6\u00dfe und bietet eine gute M\u00f6glichkeit, das Secorell-Malsystem zu entdecken!<\/p>\n","protected":false},"featured_media":45683,"comment_status":"open","ping_status":"closed","template":"","meta":[],"product_brand":[],"product_cat":[21445,21446,21479,21670,21447,21457,21443,21563,22362,23069,21564,21483,22363,21450],"product_tag":[28728,28730,28733,28732,28731,28729],"class_list":{"0":"post-59851","1":"product","2":"type-product","3":"status-publish","4":"has-post-thumbnail","6":"product_cat-3-6-jahre-vorschule","7":"product_cat-6-12-jahre-grundschule","8":"product_cat-lernmaterialien-spielzeug-montessori-waldorf-steiner-froebel","9":"product_cat-fruehjahrskollektion","10":"product_cat-malen-basteln","11":"product_cat-malen","12":"product_cat-nach-alter","13":"product_cat-neuheiten","14":"product_cat-saisonale-kollektionen","15":"product_cat-seccorell-de","16":"product_cat-unsere-marken","17":"product_cat-waldorf-steiner-paedagogik","18":"product_cat-winter-kollektion","19":"product_cat-zeichnen-malen","20":"product_tag-farbstiftset-mini-seccorell","21":"product_tag-seccorell-anstrichsystem","22":"product_tag-seccorell-farbstifte","23":"product_tag-ungiftige-und-nachhaltig-produzierte-seccorell-farbstifte","24":"product_tag-waldorf-aquarellfarbe","25":"product_tag-waldorf-schmierpastellkreide","27":"first","28":"outofstock","29":"taxable","30":"shipping-taxable","31":"purchasable","32":"product-type-simple"},"yoast_head":"<!-- This site is optimized with the Yoast SEO plugin v27.1.1 - https:\/\/yoast.com\/product\/yoast-seo-wordpress\/ -->\n<title>Farbstiftset mini - Seccorell<\/title>\n<meta name=\"description\" content=\"Das Farbstiftset mini enth\u00e4lt ungiftige Waldorfschmierpastellkreiden in halber Gr\u00f6\u00dfe und bietet eine gute M\u00f6glichkeit, das Seccorell-Malsystem zu erkunden\" \/>\n<meta name=\"robots\" content=\"index, follow, max-snippet:-1, max-image-preview:large, max-video-preview:-1\" \/>\n<link rel=\"canonical\" href=\"https:\/\/teiaeducation.ch\/de\/produkt\/farbstiftset-mini-seccorell\/\" \/>\n<meta property=\"og:locale\" content=\"de_DE\" \/>\n<meta property=\"og:type\" content=\"article\" \/>\n<meta property=\"og:title\" content=\"Farbstiftset mini - Seccorell\" \/>\n<meta property=\"og:description\" content=\"Das Farbstiftset mini enth\u00e4lt ungiftige Waldorfschmierpastellkreiden in halber Gr\u00f6\u00dfe und bietet eine gute M\u00f6glichkeit, das Seccorell-Malsystem zu erkunden\" \/>\n<meta property=\"og:url\" content=\"https:\/\/teiaeducation.ch\/de\/produkt\/farbstiftset-mini-seccorell\/\" \/>\n<meta property=\"og:site_name\" content=\"Sustainable Educational Products &amp; Ecological Toys\u00a0\" \/>\n<meta property=\"article:publisher\" content=\"https:\/\/www.facebook.com\/teiaeducation\/\" \/>\n<meta property=\"article:modified_time\" content=\"2025-10-05T20:04:54+00:00\" \/>\n<meta property=\"og:image\" content=\"https:\/\/teiaeducation.ch\/wp-content\/uploads\/2022\/03\/Smudge-pastels-Mini-\u2013-Seccorell-3.jpg\" \/>\n\t<meta property=\"og:image:width\" content=\"917\" \/>\n\t<meta property=\"og:image:height\" content=\"900\" \/>\n\t<meta property=\"og:image:type\" content=\"image\/jpeg\" \/>\n<script type=\"application\/ld+json\" class=\"yoast-schema-graph\">{\"@context\":\"https:\/\/schema.org\",\"@graph\":[{\"@type\":\"WebPage\",\"@id\":\"https:\/\/teiaeducation.ch\/de\/produkt\/farbstiftset-mini-seccorell\/\",\"url\":\"https:\/\/teiaeducation.ch\/de\/produkt\/farbstiftset-mini-seccorell\/\",\"name\":\"Farbstiftset mini - Seccorell\",\"isPartOf\":{\"@id\":\"https:\/\/teiaeducation.ch\/de\/#website\"},\"primaryImageOfPage\":{\"@id\":\"https:\/\/teiaeducation.ch\/de\/produkt\/farbstiftset-mini-seccorell\/#primaryimage\"},\"image\":{\"@id\":\"https:\/\/teiaeducation.ch\/de\/produkt\/farbstiftset-mini-seccorell\/#primaryimage\"},\"thumbnailUrl\":\"https:\/\/teiaeducation.ch\/wp-content\/uploads\/2022\/03\/Smudge-pastels-Mini-\u2013-Seccorell-3.jpg\",\"datePublished\":\"2022-03-24T10:46:38+00:00\",\"dateModified\":\"2025-10-05T20:04:54+00:00\",\"description\":\"Das Farbstiftset mini enth\u00e4lt ungiftige Waldorfschmierpastellkreiden in halber Gr\u00f6\u00dfe und bietet eine gute M\u00f6glichkeit, das Seccorell-Malsystem zu erkunden\",\"breadcrumb\":{\"@id\":\"https:\/\/teiaeducation.ch\/de\/produkt\/farbstiftset-mini-seccorell\/#breadcrumb\"},\"inLanguage\":\"de-CH\",\"potentialAction\":[{\"@type\":\"ReadAction\",\"target\":[\"https:\/\/teiaeducation.ch\/de\/produkt\/farbstiftset-mini-seccorell\/\"]}]},{\"@type\":\"ImageObject\",\"inLanguage\":\"de-CH\",\"@id\":\"https:\/\/teiaeducation.ch\/de\/produkt\/farbstiftset-mini-seccorell\/#primaryimage\",\"url\":\"https:\/\/teiaeducation.ch\/wp-content\/uploads\/2022\/03\/Smudge-pastels-Mini-\u2013-Seccorell-3.jpg\",\"contentUrl\":\"https:\/\/teiaeducation.ch\/wp-content\/uploads\/2022\/03\/Smudge-pastels-Mini-\u2013-Seccorell-3.jpg\",\"width\":917,\"height\":900,\"caption\":\"Farbstiftset mini seccorell ungiftige Wischpasten Waldorf\"},{\"@type\":\"BreadcrumbList\",\"@id\":\"https:\/\/teiaeducation.ch\/de\/produkt\/farbstiftset-mini-seccorell\/#breadcrumb\",\"itemListElement\":[{\"@type\":\"ListItem\",\"position\":1,\"name\":\"Home\",\"item\":\"https:\/\/teiaeducation.ch\/de\/\"},{\"@type\":\"ListItem\",\"position\":2,\"name\":\"Laden\",\"item\":\"https:\/\/teiaeducation.ch\/de\/shop\/\"},{\"@type\":\"ListItem\",\"position\":3,\"name\":\"Unsere Marken\",\"item\":\"https:\/\/teiaeducation.ch\/de\/produkt-kategorie\/unsere-marken\/\"},{\"@type\":\"ListItem\",\"position\":4,\"name\":\"Seccorell\",\"item\":\"https:\/\/teiaeducation.ch\/de\/produkt-kategorie\/unsere-marken\/seccorell-de\/\"},{\"@type\":\"ListItem\",\"position\":5,\"name\":\"Farbstiftset mini &#8211; Seccorell\"}]},{\"@type\":\"WebSite\",\"@id\":\"https:\/\/teiaeducation.ch\/de\/#website\",\"url\":\"https:\/\/teiaeducation.ch\/de\/\",\"name\":\"Sustainable Educational Products &amp; Ecological Toys\u00a0\",\"description\":\"Specialised Swiss shop selling sustainable educational toys and games, AMI certified Montessori materials, handmade ecological wooden Waldorf toys and arts &amp; crafts supplies, school supplies, children&#039;s furniture and Montessori reference and parenting books.\",\"publisher\":{\"@id\":\"https:\/\/teiaeducation.ch\/de\/#organization\"},\"alternateName\":\"Teia Education & Play\",\"potentialAction\":[{\"@type\":\"SearchAction\",\"target\":{\"@type\":\"EntryPoint\",\"urlTemplate\":\"https:\/\/teiaeducation.ch\/de\/?s={search_term_string}\"},\"query-input\":{\"@type\":\"PropertyValueSpecification\",\"valueRequired\":true,\"valueName\":\"search_term_string\"}}],\"inLanguage\":\"de-CH\"},{\"@type\":\"Organization\",\"@id\":\"https:\/\/teiaeducation.ch\/de\/#organization\",\"name\":\"Teia Education & Play\",\"url\":\"https:\/\/teiaeducation.ch\/de\/\",\"logo\":{\"@type\":\"ImageObject\",\"inLanguage\":\"de-CH\",\"@id\":\"https:\/\/teiaeducation.ch\/de\/#\/schema\/logo\/image\/\",\"url\":\"https:\/\/teiaeducation.ch\/wp-content\/uploads\/2020\/11\/Teia-Education-Switzerland-e1620156442216.jpg\",\"contentUrl\":\"https:\/\/teiaeducation.ch\/wp-content\/uploads\/2020\/11\/Teia-Education-Switzerland-e1620156442216.jpg\",\"width\":166,\"height\":145,\"caption\":\"Teia Education & Play\"},\"image\":{\"@id\":\"https:\/\/teiaeducation.ch\/de\/#\/schema\/logo\/image\/\"},\"sameAs\":[\"https:\/\/www.facebook.com\/teiaeducation\/\",\"https:\/\/x.com\/EducationTeia\",\"https:\/\/www.instagram.com\/teia.education\/\",\"https:\/\/www.linkedin.com\/company\/35501660\",\"https:\/\/www.pinterest.ch\/TeiaEducation\/\"]}]}<\/script>\n<!-- \/ Yoast SEO plugin. -->","yoast_head_json":{"title":"Farbstiftset mini - Seccorell","description":"Das Farbstiftset mini enth\u00e4lt ungiftige Waldorfschmierpastellkreiden in halber Gr\u00f6\u00dfe und bietet eine gute M\u00f6glichkeit, das Seccorell-Malsystem zu erkunden","robots":{"index":"index","follow":"follow","max-snippet":"max-snippet:-1","max-image-preview":"max-image-preview:large","max-video-preview":"max-video-preview:-1"},"canonical":"https:\/\/teiaeducation.ch\/de\/produkt\/farbstiftset-mini-seccorell\/","og_locale":"de_DE","og_type":"article","og_title":"Farbstiftset mini - Seccorell","og_description":"Das Farbstiftset mini enth\u00e4lt ungiftige Waldorfschmierpastellkreiden in halber Gr\u00f6\u00dfe und bietet eine gute M\u00f6glichkeit, das Seccorell-Malsystem zu erkunden","og_url":"https:\/\/teiaeducation.ch\/de\/produkt\/farbstiftset-mini-seccorell\/","og_site_name":"Sustainable Educational Products &amp; Ecological Toys\u00a0","article_publisher":"https:\/\/www.facebook.com\/teiaeducation\/","article_modified_time":"2025-10-05T20:04:54+00:00","og_image":[{"width":917,"height":900,"url":"https:\/\/teiaeducation.ch\/wp-content\/uploads\/2022\/03\/Smudge-pastels-Mini-\u2013-Seccorell-3.jpg","type":"image\/jpeg"}],"schema":{"@context":"https:\/\/schema.org","@graph":[{"@type":"WebPage","@id":"https:\/\/teiaeducation.ch\/de\/produkt\/farbstiftset-mini-seccorell\/","url":"https:\/\/teiaeducation.ch\/de\/produkt\/farbstiftset-mini-seccorell\/","name":"Farbstiftset mini - Seccorell","isPartOf":{"@id":"https:\/\/teiaeducation.ch\/de\/#website"},"primaryImageOfPage":{"@id":"https:\/\/teiaeducation.ch\/de\/produkt\/farbstiftset-mini-seccorell\/#primaryimage"},"image":{"@id":"https:\/\/teiaeducation.ch\/de\/produkt\/farbstiftset-mini-seccorell\/#primaryimage"},"thumbnailUrl":"https:\/\/teiaeducation.ch\/wp-content\/uploads\/2022\/03\/Smudge-pastels-Mini-\u2013-Seccorell-3.jpg","datePublished":"2022-03-24T10:46:38+00:00","dateModified":"2025-10-05T20:04:54+00:00","description":"Das Farbstiftset mini enth\u00e4lt ungiftige Waldorfschmierpastellkreiden in halber Gr\u00f6\u00dfe und bietet eine gute M\u00f6glichkeit, das Seccorell-Malsystem zu erkunden","breadcrumb":{"@id":"https:\/\/teiaeducation.ch\/de\/produkt\/farbstiftset-mini-seccorell\/#breadcrumb"},"inLanguage":"de-CH","potentialAction":[{"@type":"ReadAction","target":["https:\/\/teiaeducation.ch\/de\/produkt\/farbstiftset-mini-seccorell\/"]}]},{"@type":"ImageObject","inLanguage":"de-CH","@id":"https:\/\/teiaeducation.ch\/de\/produkt\/farbstiftset-mini-seccorell\/#primaryimage","url":"https:\/\/teiaeducation.ch\/wp-content\/uploads\/2022\/03\/Smudge-pastels-Mini-\u2013-Seccorell-3.jpg","contentUrl":"https:\/\/teiaeducation.ch\/wp-content\/uploads\/2022\/03\/Smudge-pastels-Mini-\u2013-Seccorell-3.jpg","width":917,"height":900,"caption":"Farbstiftset mini seccorell ungiftige Wischpasten Waldorf"},{"@type":"BreadcrumbList","@id":"https:\/\/teiaeducation.ch\/de\/produkt\/farbstiftset-mini-seccorell\/#breadcrumb","itemListElement":[{"@type":"ListItem","position":1,"name":"Home","item":"https:\/\/teiaeducation.ch\/de\/"},{"@type":"ListItem","position":2,"name":"Laden","item":"https:\/\/teiaeducation.ch\/de\/shop\/"},{"@type":"ListItem","position":3,"name":"Unsere Marken","item":"https:\/\/teiaeducation.ch\/de\/produkt-kategorie\/unsere-marken\/"},{"@type":"ListItem","position":4,"name":"Seccorell","item":"https:\/\/teiaeducation.ch\/de\/produkt-kategorie\/unsere-marken\/seccorell-de\/"},{"@type":"ListItem","position":5,"name":"Farbstiftset mini &#8211; Seccorell"}]},{"@type":"WebSite","@id":"https:\/\/teiaeducation.ch\/de\/#website","url":"https:\/\/teiaeducation.ch\/de\/","name":"Sustainable Educational Products &amp; Ecological Toys\u00a0","description":"Specialised Swiss shop selling sustainable educational toys and games, AMI certified Montessori materials, handmade ecological wooden Waldorf toys and arts &amp; crafts supplies, school supplies, children&#039;s furniture and Montessori reference and parenting books.","publisher":{"@id":"https:\/\/teiaeducation.ch\/de\/#organization"},"alternateName":"Teia Education & Play","potentialAction":[{"@type":"SearchAction","target":{"@type":"EntryPoint","urlTemplate":"https:\/\/teiaeducation.ch\/de\/?s={search_term_string}"},"query-input":{"@type":"PropertyValueSpecification","valueRequired":true,"valueName":"search_term_string"}}],"inLanguage":"de-CH"},{"@type":"Organization","@id":"https:\/\/teiaeducation.ch\/de\/#organization","name":"Teia Education & Play","url":"https:\/\/teiaeducation.ch\/de\/","logo":{"@type":"ImageObject","inLanguage":"de-CH","@id":"https:\/\/teiaeducation.ch\/de\/#\/schema\/logo\/image\/","url":"https:\/\/teiaeducation.ch\/wp-content\/uploads\/2020\/11\/Teia-Education-Switzerland-e1620156442216.jpg","contentUrl":"https:\/\/teiaeducation.ch\/wp-content\/uploads\/2020\/11\/Teia-Education-Switzerland-e1620156442216.jpg","width":166,"height":145,"caption":"Teia Education & Play"},"image":{"@id":"https:\/\/teiaeducation.ch\/de\/#\/schema\/logo\/image\/"},"sameAs":["https:\/\/www.facebook.com\/teiaeducation\/","https:\/\/x.com\/EducationTeia","https:\/\/www.instagram.com\/teia.education\/","https:\/\/www.linkedin.com\/company\/35501660","https:\/\/www.pinterest.ch\/TeiaEducation\/"]}]}},"_links":{"self":[{"href":"https:\/\/teiaeducation.ch\/de\/wp-json\/wp\/v2\/product\/59851","targetHints":{"allow":["GET"]}}],"collection":[{"href":"https:\/\/teiaeducation.ch\/de\/wp-json\/wp\/v2\/product"}],"about":[{"href":"https:\/\/teiaeducation.ch\/de\/wp-json\/wp\/v2\/types\/product"}],"replies":[{"embeddable":true,"href":"https:\/\/teiaeducation.ch\/de\/wp-json\/wp\/v2\/comments?post=59851"}],"wp:featuredmedia":[{"embeddable":true,"href":"https:\/\/teiaeducation.ch\/de\/wp-json\/wp\/v2\/media\/45683"}],"wp:attachment":[{"href":"https:\/\/teiaeducation.ch\/de\/wp-json\/wp\/v2\/media?parent=59851"}],"wp:term":[{"taxonomy":"product_brand","embeddable":true,"href":"https:\/\/teiaeducation.ch\/de\/wp-json\/wp\/v2\/product_brand?post=59851"},{"taxonomy":"product_cat","embeddable":true,"href":"https:\/\/teiaeducation.ch\/de\/wp-json\/wp\/v2\/product_cat?post=59851"},{"taxonomy":"product_tag","embeddable":true,"href":"https:\/\/teiaeducation.ch\/de\/wp-json\/wp\/v2\/product_tag?post=59851"}],"curies":[{"name":"wp","href":"https:\/\/api.w.org\/{rel}","templated":true}]}}