{"id":59852,"date":"2022-03-21T09:25:01","date_gmt":"2022-03-21T08:25:01","guid":{"rendered":"https:\/\/teiaeducation.ch\/product\/malbuch-die-wurzelkinder-seccorell\/"},"modified":"2025-01-30T22:26:35","modified_gmt":"2025-01-30T21:26:35","slug":"malbuch-die-wurzelkinder-seccorell","status":"publish","type":"product","link":"https:\/\/teiaeducation.ch\/de\/produkt\/malbuch-die-wurzelkinder-seccorell\/","title":{"rendered":"Malbuch die Wurzelkinder &#8211; Seccorell"},"content":{"rendered":"<p>Dieses sch\u00f6ne Seccorell-<a href=\"https:\/\/teiaeducation.ch\/product-category\/creative-art-craft\/drawing-colouring\/\">Malbuch<\/a> hilft Kindern, sich auf den <a href=\"https:\/\/teiaeducation.ch\/product-category\/seasonal-collections\/spring-collection\/\">Fr\u00fchling<\/a> vorzubereiten! Das Malbuch enth\u00e4lt Illustrationen von Annette Frankholz zu Szenen, die auf dem <a href=\"https:\/\/teiaeducation.ch\/product-category\/childrens-books\/story-books\/\">Kinderbuchklassiker<\/a> &#8220;<a href=\"https:\/\/teiaeducation.ch\/product\/the-story-of-the-root-children-sibylle-olfers\/\">Die Geschichte von den Wurzelkindern<\/a>&#8221; von Sibylle von Olfers basieren.<\/p>\n<p>Mit seinen gro\u00dfen Ausmalfl\u00e4chen eignet sich das Buch zum Malen mit den Seccorell <a href=\"https:\/\/teiaeducation.ch\/product\/paint-sticks-set-rondo-seccorell\/\">Wischpastellstiften<\/a>, um den Wechsel der <a href=\"https:\/\/teiaeducation.ch\/product-category\/learning-themes\/culture-science\/seasons-weather\/\">Jahreszeiten<\/a> farblich zu gestalten und sich damit zu besch\u00e4ftigen.<\/p>\n<p>Mit Hilfe der Ausmalbilder lernen die Kinder den immer wiederkehrenden Kreislauf in der <a href=\"https:\/\/teiaeducation.ch\/product-category\/childrens-books\/nature-books\/\">Natur<\/a> kennen: Nach dem langen <a href=\"https:\/\/teiaeducation.ch\/product-category\/seasonal-collections\/winter-collection\/\">Winter<\/a>schlaf erwachen die kleinen Wurzelkinder im Fr\u00fchling zu neuem Leben und gehen mit ihren neu gen\u00e4hten bunten Kleidern aus Blumen und Gr\u00e4sern in die Welt hinaus. Wenn der <a href=\"https:\/\/teiaeducation.ch\/product-category\/seasonal-collections\/summer-collection\/\">Sommer<\/a> kommt, k\u00f6nnen die Wurzelkinder auf den sch\u00f6nen Feldern, Teichen und Wiesen spielen. Bis der kalte <a href=\"https:\/\/teiaeducation.ch\/product-category\/seasonal-collections\/autumn-collection\/\">Herbst<\/a>wind einsetzt und sie zur\u00fcck in die Arme von Mutter Erde treibt.<\/p>\n<p>Die Geschichte der Wurzelkinder ist ein wundersch\u00f6nes M\u00e4rchenbuch, das an <a href=\"https:\/\/teiaeducation.ch\/waldorf-steiner-schools-supplies\/\">Waldorfschulen<\/a> auf der ganzen Welt beliebt ist und von Generationen von Kindern geliebt wurde!<\/p>\n<p>Das Malbuch wird auf hochwertigem FSC-Papier in Deutschland vom Esslinger Verlag gedruckt und ist f\u00fcr Kinder von 3 bis 5 Jahren geeignet. Es kann auch von Erwachsenen zum achtsamen Ausmalen verwendet werden.<\/p>\n<div id=\"bookDescription_feature_div\" class=\"celwidget\" data-feature-name=\"bookDescription\" data-csa-c-id=\"bww3ej-7n6l9q-4mzs1y-lc2h1o\" data-cel-widget=\"bookDescription_feature_div\">\n<div class=\"a-expander-collapsed-height a-row a-expander-container a-spacing-base a-expander-partial-collapse-container\" data-a-expander-name=\"book_description_expander\" data-a-expander-collapsed-height=\"140\">\n<div class=\"a-expander-content a-expander-partial-collapse-content\" aria-expanded=\"false\">\n<p>Inhalt:<\/p>\n<p>1 Malbuch, 24 Seiten.<\/p>\n<p><em>! Die gezeigten Beispiele wurden mit den 8 Seccorell-Grundfarben erstellt. Wir empfehlen, die Farben einzureiben (z. B. auf einem Blatt Papier) und sie dann mit dem Finger oder einem Wattest\u00e4bchen aufzunehmen.<\/em><\/p>\n<h2>\u00dcber Seccorell<\/h2>\n<p><a href=\"https:\/\/teiaeducation.ch\/product-category\/brands\/seccorell\/\">Seccorell<\/a> ist eine Marke des Familienunternehmens MeiArt und bietet ein einzigartiges <a href=\"https:\/\/teiaeducation.ch\/product-category\/creative-art-craft\/painting\/\">Mal<\/a>system und eine neue Art des Umgangs mit <a href=\"https:\/\/teiaeducation.ch\/product-category\/learning-themes\/sensory-motor-skills\/learning-about-colour\/\">Farbe<\/a> und ihren Einsatzm\u00f6glichkeiten. Ihre Farbstifte sind ungiftig und werden vollst\u00e4ndig in Deutschland hergestellt.<\/p>\n<p>Diese innovativen Wischpastelle schlie\u00dfen eine L\u00fccke zwischen der Aquarell- und der Pastelltechnik. Sie ben\u00f6tigen weder Wasser noch ein Fixiermittel, um wie Aquarellfarben zu malen, und erreichen eine Wischfestigkeit, die sonst nur Buntstiftbilder haben.<\/p>\n<\/div>\n<\/div>\n<\/div>\n","protected":false},"excerpt":{"rendered":"<p>Artikelnummer: 007ABWK<\/p>\n<p>Basierend auf dem Kinderbuchklassiker &#8220;Die Geschichte von den Wurzelkindern&#8221; hilft dieses sch\u00f6ne Malbuch Kindern, sich auf den Fr\u00fchling vorzubereiten!<\/p>\n","protected":false},"featured_media":45595,"comment_status":"open","ping_status":"closed","template":"","meta":[],"product_brand":[],"product_cat":[21445,21467,23651,21479,21670,21490,21484,22422,21464,21521,21466,21447,21510,21509,21457,21443,21689,21563,21472,22362,23069,23636,21678,21564,21483,22363],"product_tag":[28739,28745,28742,28741,28746,28737,28738,28744,28743,28740],"class_list":{"0":"post-59852","1":"product","2":"type-product","3":"status-publish","4":"has-post-thumbnail","6":"product_cat-3-6-jahre-vorschule","7":"product_cat-aktivitaetsbuecher-sticker","8":"product_cat-back-to-school-de","9":"product_cat-lernmaterialien-spielzeug-montessori-waldorf-steiner-froebel","10":"product_cat-fruehjahrskollektion","11":"product_cat-geschenk-guide-kreativ","12":"product_cat-geschenk-guides","13":"product_cat-geschenke-fuer-das-osterkoerbchen","14":"product_cat-herbstkollektion","15":"product_cat-jahreszeiten-wetter","16":"product_cat-kinderbuecher","17":"product_cat-malen-basteln","18":"product_cat-kultur-wissenschaft","19":"product_cat-lernthemen","20":"product_cat-malen","21":"product_cat-nach-alter","22":"product_cat-naturspiel","23":"product_cat-neuheiten","24":"product_cat-saison-buecher","25":"product_cat-saisonale-kollektionen","26":"product_cat-seccorell-de","27":"product_cat-sommer-kollektion","28":"product_cat-kinder-spielzeug","29":"product_cat-unsere-marken","30":"product_cat-waldorf-steiner-paedagogik","31":"product_cat-winter-kollektion","32":"product_tag-annette-frankholz-de","33":"product_tag-esslinger-verlag-de","34":"product_tag-jahreszeiten-malbuch-fur-kinder","35":"product_tag-klassisches-kinderbuch-die-geschichte-der-wurzelkinder","36":"product_tag-malbuch-die-wurzelkinder-de","37":"product_tag-malbuch-die-wurzelkinder","38":"product_tag-seccorell-de","39":"product_tag-seccorell-wischpastellstifte","40":"product_tag-waldorf-malbuch-die-wurzelkinder","41":"product_tag-wurzelkindern-von-sibylle-von-olfers","43":"first","44":"outofstock","45":"taxable","46":"shipping-taxable","47":"purchasable","48":"product-type-simple"},"yoast_head":"<!-- This site is optimized with the Yoast SEO plugin v27.1.1 - https:\/\/yoast.com\/product\/yoast-seo-wordpress\/ -->\n<title>Malbuch die Wurzelkinder - Seccorell<\/title>\n<meta name=\"description\" content=\"Basierend auf dem Kinderbuchklassiker Die Geschichte von den Wurzelkindern hilft dieses Malbuch Kindern, sich auf den Fr\u00fchling vorzubereiten!\" \/>\n<meta name=\"robots\" content=\"index, follow, max-snippet:-1, max-image-preview:large, max-video-preview:-1\" \/>\n<link rel=\"canonical\" href=\"https:\/\/teiaeducation.ch\/de\/produkt\/malbuch-die-wurzelkinder-seccorell\/\" \/>\n<meta property=\"og:locale\" content=\"de_DE\" \/>\n<meta property=\"og:type\" content=\"article\" \/>\n<meta property=\"og:title\" content=\"Malbuch die Wurzelkinder - Seccorell\" \/>\n<meta property=\"og:description\" content=\"Basierend auf dem Kinderbuchklassiker Die Geschichte von den Wurzelkindern hilft dieses Malbuch Kindern, sich auf den Fr\u00fchling vorzubereiten!\" \/>\n<meta property=\"og:url\" content=\"https:\/\/teiaeducation.ch\/de\/produkt\/malbuch-die-wurzelkinder-seccorell\/\" \/>\n<meta property=\"og:site_name\" content=\"Sustainable Educational Products &amp; Ecological Toys\u00a0\" \/>\n<meta property=\"article:publisher\" content=\"https:\/\/www.facebook.com\/teiaeducation\/\" \/>\n<meta property=\"article:modified_time\" content=\"2025-01-30T21:26:35+00:00\" \/>\n<meta property=\"og:image\" content=\"https:\/\/teiaeducation.ch\/wp-content\/uploads\/2022\/03\/Colouring-book-the-story-of-the-root-children-Wurzelkindern-1-1.jpg\" \/>\n\t<meta property=\"og:image:width\" content=\"691\" \/>\n\t<meta property=\"og:image:height\" content=\"900\" \/>\n\t<meta property=\"og:image:type\" content=\"image\/jpeg\" \/>\n<script type=\"application\/ld+json\" class=\"yoast-schema-graph\">{\"@context\":\"https:\/\/schema.org\",\"@graph\":[{\"@type\":\"WebPage\",\"@id\":\"https:\/\/teiaeducation.ch\/de\/produkt\/malbuch-die-wurzelkinder-seccorell\/\",\"url\":\"https:\/\/teiaeducation.ch\/de\/produkt\/malbuch-die-wurzelkinder-seccorell\/\",\"name\":\"Malbuch die Wurzelkinder - Seccorell\",\"isPartOf\":{\"@id\":\"https:\/\/teiaeducation.ch\/de\/#website\"},\"primaryImageOfPage\":{\"@id\":\"https:\/\/teiaeducation.ch\/de\/produkt\/malbuch-die-wurzelkinder-seccorell\/#primaryimage\"},\"image\":{\"@id\":\"https:\/\/teiaeducation.ch\/de\/produkt\/malbuch-die-wurzelkinder-seccorell\/#primaryimage\"},\"thumbnailUrl\":\"https:\/\/teiaeducation.ch\/wp-content\/uploads\/2022\/03\/Colouring-book-the-story-of-the-root-children-Wurzelkindern-1-1.jpg\",\"datePublished\":\"2022-03-21T08:25:01+00:00\",\"dateModified\":\"2025-01-30T21:26:35+00:00\",\"description\":\"Basierend auf dem Kinderbuchklassiker Die Geschichte von den Wurzelkindern hilft dieses Malbuch Kindern, sich auf den Fr\u00fchling vorzubereiten!\",\"breadcrumb\":{\"@id\":\"https:\/\/teiaeducation.ch\/de\/produkt\/malbuch-die-wurzelkinder-seccorell\/#breadcrumb\"},\"inLanguage\":\"de-CH\",\"potentialAction\":[{\"@type\":\"ReadAction\",\"target\":[\"https:\/\/teiaeducation.ch\/de\/produkt\/malbuch-die-wurzelkinder-seccorell\/\"]}]},{\"@type\":\"ImageObject\",\"inLanguage\":\"de-CH\",\"@id\":\"https:\/\/teiaeducation.ch\/de\/produkt\/malbuch-die-wurzelkinder-seccorell\/#primaryimage\",\"url\":\"https:\/\/teiaeducation.ch\/wp-content\/uploads\/2022\/03\/Colouring-book-the-story-of-the-root-children-Wurzelkindern-1-1.jpg\",\"contentUrl\":\"https:\/\/teiaeducation.ch\/wp-content\/uploads\/2022\/03\/Colouring-book-the-story-of-the-root-children-Wurzelkindern-1-1.jpg\",\"width\":691,\"height\":900,\"caption\":\"Malbuch die Wurzelkinder\"},{\"@type\":\"BreadcrumbList\",\"@id\":\"https:\/\/teiaeducation.ch\/de\/produkt\/malbuch-die-wurzelkinder-seccorell\/#breadcrumb\",\"itemListElement\":[{\"@type\":\"ListItem\",\"position\":1,\"name\":\"Home\",\"item\":\"https:\/\/teiaeducation.ch\/de\/\"},{\"@type\":\"ListItem\",\"position\":2,\"name\":\"Laden\",\"item\":\"https:\/\/teiaeducation.ch\/de\/shop\/\"},{\"@type\":\"ListItem\",\"position\":3,\"name\":\"Unsere Marken\",\"item\":\"https:\/\/teiaeducation.ch\/de\/produkt-kategorie\/unsere-marken\/\"},{\"@type\":\"ListItem\",\"position\":4,\"name\":\"Seccorell\",\"item\":\"https:\/\/teiaeducation.ch\/de\/produkt-kategorie\/unsere-marken\/seccorell-de\/\"},{\"@type\":\"ListItem\",\"position\":5,\"name\":\"Malbuch die Wurzelkinder &#8211; Seccorell\"}]},{\"@type\":\"WebSite\",\"@id\":\"https:\/\/teiaeducation.ch\/de\/#website\",\"url\":\"https:\/\/teiaeducation.ch\/de\/\",\"name\":\"Sustainable Educational Products &amp; Ecological Toys\u00a0\",\"description\":\"Specialised Swiss shop selling sustainable educational toys and games, AMI certified Montessori materials, handmade ecological wooden Waldorf toys and arts &amp; crafts supplies, school supplies, children&#039;s furniture and Montessori reference and parenting books.\",\"publisher\":{\"@id\":\"https:\/\/teiaeducation.ch\/de\/#organization\"},\"alternateName\":\"Teia Education & Play\",\"potentialAction\":[{\"@type\":\"SearchAction\",\"target\":{\"@type\":\"EntryPoint\",\"urlTemplate\":\"https:\/\/teiaeducation.ch\/de\/?s={search_term_string}\"},\"query-input\":{\"@type\":\"PropertyValueSpecification\",\"valueRequired\":true,\"valueName\":\"search_term_string\"}}],\"inLanguage\":\"de-CH\"},{\"@type\":\"Organization\",\"@id\":\"https:\/\/teiaeducation.ch\/de\/#organization\",\"name\":\"Teia Education & Play\",\"url\":\"https:\/\/teiaeducation.ch\/de\/\",\"logo\":{\"@type\":\"ImageObject\",\"inLanguage\":\"de-CH\",\"@id\":\"https:\/\/teiaeducation.ch\/de\/#\/schema\/logo\/image\/\",\"url\":\"https:\/\/teiaeducation.ch\/wp-content\/uploads\/2020\/11\/Teia-Education-Switzerland-e1620156442216.jpg\",\"contentUrl\":\"https:\/\/teiaeducation.ch\/wp-content\/uploads\/2020\/11\/Teia-Education-Switzerland-e1620156442216.jpg\",\"width\":166,\"height\":145,\"caption\":\"Teia Education & Play\"},\"image\":{\"@id\":\"https:\/\/teiaeducation.ch\/de\/#\/schema\/logo\/image\/\"},\"sameAs\":[\"https:\/\/www.facebook.com\/teiaeducation\/\",\"https:\/\/x.com\/EducationTeia\",\"https:\/\/www.instagram.com\/teia.education\/\",\"https:\/\/www.linkedin.com\/company\/35501660\",\"https:\/\/www.pinterest.ch\/TeiaEducation\/\"]}]}<\/script>\n<!-- \/ Yoast SEO plugin. -->","yoast_head_json":{"title":"Malbuch die Wurzelkinder - Seccorell","description":"Basierend auf dem Kinderbuchklassiker Die Geschichte von den Wurzelkindern hilft dieses Malbuch Kindern, sich auf den Fr\u00fchling vorzubereiten!","robots":{"index":"index","follow":"follow","max-snippet":"max-snippet:-1","max-image-preview":"max-image-preview:large","max-video-preview":"max-video-preview:-1"},"canonical":"https:\/\/teiaeducation.ch\/de\/produkt\/malbuch-die-wurzelkinder-seccorell\/","og_locale":"de_DE","og_type":"article","og_title":"Malbuch die Wurzelkinder - Seccorell","og_description":"Basierend auf dem Kinderbuchklassiker Die Geschichte von den Wurzelkindern hilft dieses Malbuch Kindern, sich auf den Fr\u00fchling vorzubereiten!","og_url":"https:\/\/teiaeducation.ch\/de\/produkt\/malbuch-die-wurzelkinder-seccorell\/","og_site_name":"Sustainable Educational Products &amp; Ecological Toys\u00a0","article_publisher":"https:\/\/www.facebook.com\/teiaeducation\/","article_modified_time":"2025-01-30T21:26:35+00:00","og_image":[{"width":691,"height":900,"url":"https:\/\/teiaeducation.ch\/wp-content\/uploads\/2022\/03\/Colouring-book-the-story-of-the-root-children-Wurzelkindern-1-1.jpg","type":"image\/jpeg"}],"schema":{"@context":"https:\/\/schema.org","@graph":[{"@type":"WebPage","@id":"https:\/\/teiaeducation.ch\/de\/produkt\/malbuch-die-wurzelkinder-seccorell\/","url":"https:\/\/teiaeducation.ch\/de\/produkt\/malbuch-die-wurzelkinder-seccorell\/","name":"Malbuch die Wurzelkinder - Seccorell","isPartOf":{"@id":"https:\/\/teiaeducation.ch\/de\/#website"},"primaryImageOfPage":{"@id":"https:\/\/teiaeducation.ch\/de\/produkt\/malbuch-die-wurzelkinder-seccorell\/#primaryimage"},"image":{"@id":"https:\/\/teiaeducation.ch\/de\/produkt\/malbuch-die-wurzelkinder-seccorell\/#primaryimage"},"thumbnailUrl":"https:\/\/teiaeducation.ch\/wp-content\/uploads\/2022\/03\/Colouring-book-the-story-of-the-root-children-Wurzelkindern-1-1.jpg","datePublished":"2022-03-21T08:25:01+00:00","dateModified":"2025-01-30T21:26:35+00:00","description":"Basierend auf dem Kinderbuchklassiker Die Geschichte von den Wurzelkindern hilft dieses Malbuch Kindern, sich auf den Fr\u00fchling vorzubereiten!","breadcrumb":{"@id":"https:\/\/teiaeducation.ch\/de\/produkt\/malbuch-die-wurzelkinder-seccorell\/#breadcrumb"},"inLanguage":"de-CH","potentialAction":[{"@type":"ReadAction","target":["https:\/\/teiaeducation.ch\/de\/produkt\/malbuch-die-wurzelkinder-seccorell\/"]}]},{"@type":"ImageObject","inLanguage":"de-CH","@id":"https:\/\/teiaeducation.ch\/de\/produkt\/malbuch-die-wurzelkinder-seccorell\/#primaryimage","url":"https:\/\/teiaeducation.ch\/wp-content\/uploads\/2022\/03\/Colouring-book-the-story-of-the-root-children-Wurzelkindern-1-1.jpg","contentUrl":"https:\/\/teiaeducation.ch\/wp-content\/uploads\/2022\/03\/Colouring-book-the-story-of-the-root-children-Wurzelkindern-1-1.jpg","width":691,"height":900,"caption":"Malbuch die Wurzelkinder"},{"@type":"BreadcrumbList","@id":"https:\/\/teiaeducation.ch\/de\/produkt\/malbuch-die-wurzelkinder-seccorell\/#breadcrumb","itemListElement":[{"@type":"ListItem","position":1,"name":"Home","item":"https:\/\/teiaeducation.ch\/de\/"},{"@type":"ListItem","position":2,"name":"Laden","item":"https:\/\/teiaeducation.ch\/de\/shop\/"},{"@type":"ListItem","position":3,"name":"Unsere Marken","item":"https:\/\/teiaeducation.ch\/de\/produkt-kategorie\/unsere-marken\/"},{"@type":"ListItem","position":4,"name":"Seccorell","item":"https:\/\/teiaeducation.ch\/de\/produkt-kategorie\/unsere-marken\/seccorell-de\/"},{"@type":"ListItem","position":5,"name":"Malbuch die Wurzelkinder &#8211; Seccorell"}]},{"@type":"WebSite","@id":"https:\/\/teiaeducation.ch\/de\/#website","url":"https:\/\/teiaeducation.ch\/de\/","name":"Sustainable Educational Products &amp; Ecological Toys\u00a0","description":"Specialised Swiss shop selling sustainable educational toys and games, AMI certified Montessori materials, handmade ecological wooden Waldorf toys and arts &amp; crafts supplies, school supplies, children&#039;s furniture and Montessori reference and parenting books.","publisher":{"@id":"https:\/\/teiaeducation.ch\/de\/#organization"},"alternateName":"Teia Education & Play","potentialAction":[{"@type":"SearchAction","target":{"@type":"EntryPoint","urlTemplate":"https:\/\/teiaeducation.ch\/de\/?s={search_term_string}"},"query-input":{"@type":"PropertyValueSpecification","valueRequired":true,"valueName":"search_term_string"}}],"inLanguage":"de-CH"},{"@type":"Organization","@id":"https:\/\/teiaeducation.ch\/de\/#organization","name":"Teia Education & Play","url":"https:\/\/teiaeducation.ch\/de\/","logo":{"@type":"ImageObject","inLanguage":"de-CH","@id":"https:\/\/teiaeducation.ch\/de\/#\/schema\/logo\/image\/","url":"https:\/\/teiaeducation.ch\/wp-content\/uploads\/2020\/11\/Teia-Education-Switzerland-e1620156442216.jpg","contentUrl":"https:\/\/teiaeducation.ch\/wp-content\/uploads\/2020\/11\/Teia-Education-Switzerland-e1620156442216.jpg","width":166,"height":145,"caption":"Teia Education & Play"},"image":{"@id":"https:\/\/teiaeducation.ch\/de\/#\/schema\/logo\/image\/"},"sameAs":["https:\/\/www.facebook.com\/teiaeducation\/","https:\/\/x.com\/EducationTeia","https:\/\/www.instagram.com\/teia.education\/","https:\/\/www.linkedin.com\/company\/35501660","https:\/\/www.pinterest.ch\/TeiaEducation\/"]}]}},"_links":{"self":[{"href":"https:\/\/teiaeducation.ch\/de\/wp-json\/wp\/v2\/product\/59852","targetHints":{"allow":["GET"]}}],"collection":[{"href":"https:\/\/teiaeducation.ch\/de\/wp-json\/wp\/v2\/product"}],"about":[{"href":"https:\/\/teiaeducation.ch\/de\/wp-json\/wp\/v2\/types\/product"}],"replies":[{"embeddable":true,"href":"https:\/\/teiaeducation.ch\/de\/wp-json\/wp\/v2\/comments?post=59852"}],"wp:featuredmedia":[{"embeddable":true,"href":"https:\/\/teiaeducation.ch\/de\/wp-json\/wp\/v2\/media\/45595"}],"wp:attachment":[{"href":"https:\/\/teiaeducation.ch\/de\/wp-json\/wp\/v2\/media?parent=59852"}],"wp:term":[{"taxonomy":"product_brand","embeddable":true,"href":"https:\/\/teiaeducation.ch\/de\/wp-json\/wp\/v2\/product_brand?post=59852"},{"taxonomy":"product_cat","embeddable":true,"href":"https:\/\/teiaeducation.ch\/de\/wp-json\/wp\/v2\/product_cat?post=59852"},{"taxonomy":"product_tag","embeddable":true,"href":"https:\/\/teiaeducation.ch\/de\/wp-json\/wp\/v2\/product_tag?post=59852"}],"curies":[{"name":"wp","href":"https:\/\/api.w.org\/{rel}","templated":true}]}}