{"id":59853,"date":"2022-04-21T19:21:44","date_gmt":"2022-04-21T17:21:44","guid":{"rendered":"https:\/\/teiaeducation.ch\/product\/mal-und-zeichnungsset-sechseckig-stockmar\/"},"modified":"2024-11-11T15:33:50","modified_gmt":"2024-11-11T14:33:50","slug":"mal-und-zeichnungsset-sechseckig-stockmar","status":"publish","type":"product","link":"https:\/\/teiaeducation.ch\/de\/produkt\/mal-und-zeichnungsset-sechseckig-stockmar\/","title":{"rendered":"Set Malen und Zeichnen Hexagonal &#8211; Stockmar"},"content":{"rendered":"<p>Ein sch\u00f6nes und praktisches Set Malen und Zeichnen Hexagonal <span data-sheets-value=\"{\" data-sheets-userformat=\"{\">(Deutsche Version) <\/span>von hochwertigem Stockmar Kunstzubeh\u00f6r, darunter: 18 sechseckigen Buntstiften, 12 deckenden Farben Aquarelltabs, 1 Stockmar Zeichenblock (120 g\/m\u00b2), einer Tube deckende wei\u00dfe Farbe, einer Mischpalette und ein 5 mm Katzenzungenb\u00fcrste. Zum Set geh\u00f6rt auch ein hochwertiger Malpinsel des traditionsbewussten deutschen Pinselherstellers Zahn.<\/p>\n<p>Dieses wunderbare Set wird jeden, der gerne kreativ ist, begeistern und ist ein sch\u00f6nes Geschenk f\u00fcr K\u00fcnstler jeden Niveaus!<\/p>\n<p>Der Stockmar Zeichenblock (120 g\/qm &#8211; 50 Blatt) mit den Ma\u00dfen 18,7 x 25,3 cm bietet die ideale Oberfl\u00e4che zum Zeichnen mit Buntstiften, zum Malen mit den Deckfarben oder f\u00fcr Mischtechniken. Die Buntstiften aus FSC-zertifiziertem Lindenholz sind in einem klassischen Blechdose untergebracht, das die Aufbewahrung und den Transport erleichtert, und gleiten mit einer fast cremigen Konsistenz wunderbar auf das Blatt. Die einzelnen Aquarelltabs haben eine einzigartige Leuchtkraft durch eine sehr hohe Konzentration von Farbpigmenten, die besonders intensiv sind.<\/p>\n<p>Stockmar Deckfarben eignen sich f\u00fcr verschiedene Maltechniken, darunter die klassische Deckfarbenmalerei (\u00dcbermalung), die klassische Aquarellmalerei, die Lasurmalerei oder Mischtechniken. Die kultige Stockmar Mischpalette ist nicht am Kasten befestigt, so dass Sie sie dort abstellen k\u00f6nnen, wo es f\u00fcr Ihre Arbeit am praktischsten ist &#8211; und nat\u00fcrlich ist sie leichter zu reinigen als ein Malkastendeckel, der als Palette verwendet wird.<\/p>\n<p>Die Farbpalette der Buntstifte und Farben folgt der erweiterten Fassung von Goethes &#8220;Farbenlehre&#8221;: Jeder im Sortiment enthaltene Ton ist so abgestimmt, dass er sich mit jeder anderen Farbe gut mischen l\u00e4sst. Harmonische Zwischenabstufungen und grenzenlose Farbverl\u00e4ufe sind auch in der Nass-in-Nass-Technik m\u00f6glich.<\/p>\n<p>Jedes Set enth\u00e4lt die folgenden Farben aus dem Stockmar Sortiment:<\/p>\n<p>Buntstifte:<\/p>\n<p>01 Karminrot | 02 Zinnoberrot | 03 Orange | 04 Goldgelb | 05 Zitronengelb | 06 Gelbgr\u00fcn | 07 Gr\u00fcn | 09 Blau | 10 Ultramarin | 11 Blauviolett | 12 Rotviolett | 13 Rost | 14 Gelbbraun | 15 Schwarz | 24 Rosa | 25 Gold | 26 Silber | 42 Magenta.<\/p>\n<p>Farbe:<\/p>\n<p>01 Karminrot | 02 Zinnoberrot | 04 Goldgelb | 05 Zitronengelb | 08 Blaugr\u00fcn | 10 Ultramarin | 12 Violett | 13 Rost | 15 Schwarz | 18 Preu\u00dfischblau | 33 Orange | 36 Saftgr\u00fcn.<\/p>\n<p>Dieses <span data-sheets-value=\"{\" data-sheets-userformat=\"{\">Zeichen- und Malset<\/span> ist f\u00fcr Kinder ab 3 Jahren geeignet.<\/p>\n<p>Inhalt:<\/p>\n<p>1 Blechdose mit 18 farbigen sechseckigen Buntstiften<br \/>\n1 Zeichenblock (120 g\/m\u00b2 &#8211; 50 Blatt)<br \/>\n1 Mischpalette<br \/>\n12 deckenden Farben Aquarelltabs<br \/>\n1 Tube deckende wei\u00dfe Farbe<br \/>\n1 Malpinsel<br \/>\n1 5 mm Katzenzungenb\u00fcrste<\/p>\n<h2>\u00dcber Stockmar<\/h2>\n<p>Die renommierte Deutsche Marke\u00a0<a href=\"https:\/\/teiaeducation.ch\/de\/produkt-kategorie\/unsere-marken\/stockmar-de\/\">Stockmar<\/a>\u00a0produziert hochwertige Materialien, die in Rudolf Steiner \/\u00a0<a href=\"https:\/\/teiaeducation.ch\/de\/spielzeug-und-natuerlichen-kreatives-materialien-fuer-waldorf-steiner-schulen\/\">Waldorfschulen<\/a>\u00a0auf der ganzen Welt verwendet werden. Stockmars Bienenwachs zum\u00a0<a href=\"https:\/\/teiaeducation.ch\/de\/produkt\/modellierbienenwachs-15-farben-stockmar\/\">Modellieren<\/a>\u00a0und\u00a0<a href=\"https:\/\/teiaeducation.ch\/de\/produkt\/dekoratives-bienenwachs-breit-in-18-farben-stockmar\/\">Dekorieren<\/a>,\u00a0<a href=\"https:\/\/teiaeducation.ch\/de\/produkt\/wachsmalstifte-12-farben-stockmar\/\">Wachsmalstifte<\/a>, Wachsmalbl\u00f6cke und\u00a0<a href=\"https:\/\/teiaeducation.ch\/de\/produkt\/aquarellfarben-grundsortiment-6-farben-stockmar\/\">Aquarellfarben<\/a>\u00a0sprechen alle Sinne des Kindes an.<\/p>\n<p>Die in Deutschland aus Bienenwachs hergestellten\u00a0<a href=\"https:\/\/teiaeducation.ch\/de\/produkt-kategorie\/malen-basteln\/\">Materialien<\/a>\u00a0von Stockmar sind ungiftig und werden nach den h\u00f6chsten p\u00e4dagogischen, k\u00fcnstlerischen, sozialen und \u00f6kologischen Standards hergestellt und von unabh\u00e4ngigen Labors in Deutschland auf ihre Sicherheit und Reinheit gepr\u00fcft.<\/p>\n<p>Die breite und sorgf\u00e4ltig ausgew\u00e4hlte Farbpalette basiert auf\u00a0<a href=\"https:\/\/teiaeducation.ch\/de\/produkt\/groser-farbkreis-goethe-grimms\/\">Goethes Farbkreis<\/a>\u00a0und ist bei allen Stockmar Produkten einheitlich, um die Harmonie zwischen den\u00a0<a href=\"https:\/\/teiaeducation.ch\/de\/produkt-kategorie\/lernthemen\/sensorische-motorische-fertigkeiten\/farbe-lernen\/\">Farben<\/a>\u00a0und beim Mischen verschiedener Medien zu gew\u00e4hrleisten. Die Materialien sind reich pigmentiert, um lebendige Kunstwerke zu schaffen, und sind extrem langlebig.<\/p>\n","protected":false},"excerpt":{"rendered":"<p>Artikelnummer: 85077002<\/p>\n<p>Ein sch\u00f6nes Set Malen und Zeichnen Hexagonal von hochwertigem Stockmar Kunstzubeh\u00f6r, darunter: Buntstiften, Aquarelltabs, Zeichenblock und Malpinsel!<\/p>\n","protected":false},"featured_media":46771,"comment_status":"open","ping_status":"closed","template":"","meta":[],"product_brand":[],"product_cat":[21445,21446,21479,21490,21484,21447,21457,21443,21563,21494,21495,21496,21668,21482,21564,24314,21483,21450],"product_tag":[23084,28748,23091,28747,23082,23080,23081,23079,23083,23092,28749],"class_list":{"0":"post-59853","1":"product","2":"type-product","3":"status-publish","4":"has-post-thumbnail","6":"product_cat-3-6-jahre-vorschule","7":"product_cat-6-12-jahre-grundschule","8":"product_cat-lernmaterialien-spielzeug-montessori-waldorf-steiner-froebel","9":"product_cat-geschenk-guide-kreativ","10":"product_cat-geschenk-guides","11":"product_cat-malen-basteln","12":"product_cat-malen","13":"product_cat-nach-alter","14":"product_cat-neuheiten","15":"product_cat-schulbedarf-fuer-zuhause","16":"product_cat-schulbedarf-fuer-zuhause-3-6-jahre","17":"product_cat-schulbedarf-fuer-zuhause-6-12-jahre","18":"product_cat-stockmar-de","19":"product_cat-traditionelle-bildung","20":"product_cat-unsere-marken","21":"product_cat-valentinstag","22":"product_cat-waldorf-steiner-paedagogik","23":"product_cat-zeichnen-malen","24":"product_tag-steiner-waldorfschulbedarf-schweiz","25":"product_tag-stockmar-aquarell-deckfarben-set-12-farben","26":"product_tag-stockmar-aquarellfarbe","27":"product_tag-stockmar-aquarellfarben-sortiment-6-farben-erganzungsset","28":"product_tag-stockmar-deutschland","29":"product_tag-stockmar-schweiz-de","30":"product_tag-stockmar-suisse-de","31":"product_tag-stockmar-switzerland-de","32":"product_tag-stockmar-waldorf-bedarf","33":"product_tag-ungiftige-aquarellfarbe","34":"product_tag-zeichen-und-malset-sechseckig-deutsche-version","36":"first","37":"instock","38":"taxable","39":"shipping-taxable","40":"purchasable","41":"product-type-simple"},"yoast_head":"<!-- This site is optimized with the Yoast SEO plugin v27.1.1 - https:\/\/yoast.com\/product\/yoast-seo-wordpress\/ -->\n<title>Set Malen und Zeichnen Hexagonal - Stockmar<\/title>\n<meta name=\"description\" content=\"Ein sch\u00f6nes Set Malen und Zeichnen Hexagonal von hochwertigem Stockmar Kunstzubeh\u00f6r, darunter: Buntstiften, Aquarelltabs, Zeichenblock und Malpinsel.\" \/>\n<meta name=\"robots\" content=\"index, follow, max-snippet:-1, max-image-preview:large, max-video-preview:-1\" \/>\n<link rel=\"canonical\" href=\"https:\/\/teiaeducation.ch\/de\/produkt\/mal-und-zeichnungsset-sechseckig-stockmar\/\" \/>\n<meta property=\"og:locale\" content=\"de_DE\" \/>\n<meta property=\"og:type\" content=\"article\" \/>\n<meta property=\"og:title\" content=\"Set Malen und Zeichnen Hexagonal - Stockmar\" \/>\n<meta property=\"og:description\" content=\"Ein sch\u00f6nes Set Malen und Zeichnen Hexagonal von hochwertigem Stockmar Kunstzubeh\u00f6r, darunter: Buntstiften, Aquarelltabs, Zeichenblock und Malpinsel.\" \/>\n<meta property=\"og:url\" content=\"https:\/\/teiaeducation.ch\/de\/produkt\/mal-und-zeichnungsset-sechseckig-stockmar\/\" \/>\n<meta property=\"og:site_name\" content=\"Sustainable Educational Products &amp; Ecological Toys\u00a0\" \/>\n<meta property=\"article:publisher\" content=\"https:\/\/www.facebook.com\/teiaeducation\/\" \/>\n<meta property=\"article:modified_time\" content=\"2024-11-11T14:33:50+00:00\" \/>\n<meta property=\"og:image\" content=\"https:\/\/teiaeducation.ch\/wp-content\/uploads\/2021\/10\/Drawing-painting-set-hexagonal-Stockmar.jpg\" \/>\n\t<meta property=\"og:image:width\" content=\"432\" \/>\n\t<meta property=\"og:image:height\" content=\"432\" \/>\n\t<meta property=\"og:image:type\" content=\"image\/jpeg\" \/>\n<script type=\"application\/ld+json\" class=\"yoast-schema-graph\">{\"@context\":\"https:\/\/schema.org\",\"@graph\":[{\"@type\":\"WebPage\",\"@id\":\"https:\/\/teiaeducation.ch\/de\/produkt\/mal-und-zeichnungsset-sechseckig-stockmar\/\",\"url\":\"https:\/\/teiaeducation.ch\/de\/produkt\/mal-und-zeichnungsset-sechseckig-stockmar\/\",\"name\":\"Set Malen und Zeichnen Hexagonal - Stockmar\",\"isPartOf\":{\"@id\":\"https:\/\/teiaeducation.ch\/de\/#website\"},\"primaryImageOfPage\":{\"@id\":\"https:\/\/teiaeducation.ch\/de\/produkt\/mal-und-zeichnungsset-sechseckig-stockmar\/#primaryimage\"},\"image\":{\"@id\":\"https:\/\/teiaeducation.ch\/de\/produkt\/mal-und-zeichnungsset-sechseckig-stockmar\/#primaryimage\"},\"thumbnailUrl\":\"https:\/\/teiaeducation.ch\/wp-content\/uploads\/2021\/10\/Drawing-painting-set-hexagonal-Stockmar.jpg\",\"datePublished\":\"2022-04-21T17:21:44+00:00\",\"dateModified\":\"2024-11-11T14:33:50+00:00\",\"description\":\"Ein sch\u00f6nes Set Malen und Zeichnen Hexagonal von hochwertigem Stockmar Kunstzubeh\u00f6r, darunter: Buntstiften, Aquarelltabs, Zeichenblock und Malpinsel.\",\"breadcrumb\":{\"@id\":\"https:\/\/teiaeducation.ch\/de\/produkt\/mal-und-zeichnungsset-sechseckig-stockmar\/#breadcrumb\"},\"inLanguage\":\"de-CH\",\"potentialAction\":[{\"@type\":\"ReadAction\",\"target\":[\"https:\/\/teiaeducation.ch\/de\/produkt\/mal-und-zeichnungsset-sechseckig-stockmar\/\"]}]},{\"@type\":\"ImageObject\",\"inLanguage\":\"de-CH\",\"@id\":\"https:\/\/teiaeducation.ch\/de\/produkt\/mal-und-zeichnungsset-sechseckig-stockmar\/#primaryimage\",\"url\":\"https:\/\/teiaeducation.ch\/wp-content\/uploads\/2021\/10\/Drawing-painting-set-hexagonal-Stockmar.jpg\",\"contentUrl\":\"https:\/\/teiaeducation.ch\/wp-content\/uploads\/2021\/10\/Drawing-painting-set-hexagonal-Stockmar.jpg\",\"width\":432,\"height\":432,\"caption\":\"Set Malen und Zeichnen Hexagonal - Stockmar\"},{\"@type\":\"BreadcrumbList\",\"@id\":\"https:\/\/teiaeducation.ch\/de\/produkt\/mal-und-zeichnungsset-sechseckig-stockmar\/#breadcrumb\",\"itemListElement\":[{\"@type\":\"ListItem\",\"position\":1,\"name\":\"Home\",\"item\":\"https:\/\/teiaeducation.ch\/de\/\"},{\"@type\":\"ListItem\",\"position\":2,\"name\":\"Laden\",\"item\":\"https:\/\/teiaeducation.ch\/de\/shop\/\"},{\"@type\":\"ListItem\",\"position\":3,\"name\":\"Nach Alter\",\"item\":\"https:\/\/teiaeducation.ch\/de\/produkt-kategorie\/nach-alter\/\"},{\"@type\":\"ListItem\",\"position\":4,\"name\":\"3-6 Jahre Vorschule\",\"item\":\"https:\/\/teiaeducation.ch\/de\/produkt-kategorie\/nach-alter\/3-6-jahre-vorschule\/\"},{\"@type\":\"ListItem\",\"position\":5,\"name\":\"Set Malen und Zeichnen Hexagonal &#8211; Stockmar\"}]},{\"@type\":\"WebSite\",\"@id\":\"https:\/\/teiaeducation.ch\/de\/#website\",\"url\":\"https:\/\/teiaeducation.ch\/de\/\",\"name\":\"Sustainable Educational Products &amp; Ecological Toys\u00a0\",\"description\":\"Specialised Swiss shop selling sustainable educational toys and games, AMI certified Montessori materials, handmade ecological wooden Waldorf toys and arts &amp; crafts supplies, school supplies, children&#039;s furniture and Montessori reference and parenting books.\",\"publisher\":{\"@id\":\"https:\/\/teiaeducation.ch\/de\/#organization\"},\"alternateName\":\"Teia Education & Play\",\"potentialAction\":[{\"@type\":\"SearchAction\",\"target\":{\"@type\":\"EntryPoint\",\"urlTemplate\":\"https:\/\/teiaeducation.ch\/de\/?s={search_term_string}\"},\"query-input\":{\"@type\":\"PropertyValueSpecification\",\"valueRequired\":true,\"valueName\":\"search_term_string\"}}],\"inLanguage\":\"de-CH\"},{\"@type\":\"Organization\",\"@id\":\"https:\/\/teiaeducation.ch\/de\/#organization\",\"name\":\"Teia Education & Play\",\"url\":\"https:\/\/teiaeducation.ch\/de\/\",\"logo\":{\"@type\":\"ImageObject\",\"inLanguage\":\"de-CH\",\"@id\":\"https:\/\/teiaeducation.ch\/de\/#\/schema\/logo\/image\/\",\"url\":\"https:\/\/teiaeducation.ch\/wp-content\/uploads\/2020\/11\/Teia-Education-Switzerland-e1620156442216.jpg\",\"contentUrl\":\"https:\/\/teiaeducation.ch\/wp-content\/uploads\/2020\/11\/Teia-Education-Switzerland-e1620156442216.jpg\",\"width\":166,\"height\":145,\"caption\":\"Teia Education & Play\"},\"image\":{\"@id\":\"https:\/\/teiaeducation.ch\/de\/#\/schema\/logo\/image\/\"},\"sameAs\":[\"https:\/\/www.facebook.com\/teiaeducation\/\",\"https:\/\/x.com\/EducationTeia\",\"https:\/\/www.instagram.com\/teia.education\/\",\"https:\/\/www.linkedin.com\/company\/35501660\",\"https:\/\/www.pinterest.ch\/TeiaEducation\/\"]}]}<\/script>\n<!-- \/ Yoast SEO plugin. -->","yoast_head_json":{"title":"Set Malen und Zeichnen Hexagonal - Stockmar","description":"Ein sch\u00f6nes Set Malen und Zeichnen Hexagonal von hochwertigem Stockmar Kunstzubeh\u00f6r, darunter: Buntstiften, Aquarelltabs, Zeichenblock und Malpinsel.","robots":{"index":"index","follow":"follow","max-snippet":"max-snippet:-1","max-image-preview":"max-image-preview:large","max-video-preview":"max-video-preview:-1"},"canonical":"https:\/\/teiaeducation.ch\/de\/produkt\/mal-und-zeichnungsset-sechseckig-stockmar\/","og_locale":"de_DE","og_type":"article","og_title":"Set Malen und Zeichnen Hexagonal - Stockmar","og_description":"Ein sch\u00f6nes Set Malen und Zeichnen Hexagonal von hochwertigem Stockmar Kunstzubeh\u00f6r, darunter: Buntstiften, Aquarelltabs, Zeichenblock und Malpinsel.","og_url":"https:\/\/teiaeducation.ch\/de\/produkt\/mal-und-zeichnungsset-sechseckig-stockmar\/","og_site_name":"Sustainable Educational Products &amp; Ecological Toys\u00a0","article_publisher":"https:\/\/www.facebook.com\/teiaeducation\/","article_modified_time":"2024-11-11T14:33:50+00:00","og_image":[{"width":432,"height":432,"url":"https:\/\/teiaeducation.ch\/wp-content\/uploads\/2021\/10\/Drawing-painting-set-hexagonal-Stockmar.jpg","type":"image\/jpeg"}],"schema":{"@context":"https:\/\/schema.org","@graph":[{"@type":"WebPage","@id":"https:\/\/teiaeducation.ch\/de\/produkt\/mal-und-zeichnungsset-sechseckig-stockmar\/","url":"https:\/\/teiaeducation.ch\/de\/produkt\/mal-und-zeichnungsset-sechseckig-stockmar\/","name":"Set Malen und Zeichnen Hexagonal - Stockmar","isPartOf":{"@id":"https:\/\/teiaeducation.ch\/de\/#website"},"primaryImageOfPage":{"@id":"https:\/\/teiaeducation.ch\/de\/produkt\/mal-und-zeichnungsset-sechseckig-stockmar\/#primaryimage"},"image":{"@id":"https:\/\/teiaeducation.ch\/de\/produkt\/mal-und-zeichnungsset-sechseckig-stockmar\/#primaryimage"},"thumbnailUrl":"https:\/\/teiaeducation.ch\/wp-content\/uploads\/2021\/10\/Drawing-painting-set-hexagonal-Stockmar.jpg","datePublished":"2022-04-21T17:21:44+00:00","dateModified":"2024-11-11T14:33:50+00:00","description":"Ein sch\u00f6nes Set Malen und Zeichnen Hexagonal von hochwertigem Stockmar Kunstzubeh\u00f6r, darunter: Buntstiften, Aquarelltabs, Zeichenblock und Malpinsel.","breadcrumb":{"@id":"https:\/\/teiaeducation.ch\/de\/produkt\/mal-und-zeichnungsset-sechseckig-stockmar\/#breadcrumb"},"inLanguage":"de-CH","potentialAction":[{"@type":"ReadAction","target":["https:\/\/teiaeducation.ch\/de\/produkt\/mal-und-zeichnungsset-sechseckig-stockmar\/"]}]},{"@type":"ImageObject","inLanguage":"de-CH","@id":"https:\/\/teiaeducation.ch\/de\/produkt\/mal-und-zeichnungsset-sechseckig-stockmar\/#primaryimage","url":"https:\/\/teiaeducation.ch\/wp-content\/uploads\/2021\/10\/Drawing-painting-set-hexagonal-Stockmar.jpg","contentUrl":"https:\/\/teiaeducation.ch\/wp-content\/uploads\/2021\/10\/Drawing-painting-set-hexagonal-Stockmar.jpg","width":432,"height":432,"caption":"Set Malen und Zeichnen Hexagonal - Stockmar"},{"@type":"BreadcrumbList","@id":"https:\/\/teiaeducation.ch\/de\/produkt\/mal-und-zeichnungsset-sechseckig-stockmar\/#breadcrumb","itemListElement":[{"@type":"ListItem","position":1,"name":"Home","item":"https:\/\/teiaeducation.ch\/de\/"},{"@type":"ListItem","position":2,"name":"Laden","item":"https:\/\/teiaeducation.ch\/de\/shop\/"},{"@type":"ListItem","position":3,"name":"Nach Alter","item":"https:\/\/teiaeducation.ch\/de\/produkt-kategorie\/nach-alter\/"},{"@type":"ListItem","position":4,"name":"3-6 Jahre Vorschule","item":"https:\/\/teiaeducation.ch\/de\/produkt-kategorie\/nach-alter\/3-6-jahre-vorschule\/"},{"@type":"ListItem","position":5,"name":"Set Malen und Zeichnen Hexagonal &#8211; Stockmar"}]},{"@type":"WebSite","@id":"https:\/\/teiaeducation.ch\/de\/#website","url":"https:\/\/teiaeducation.ch\/de\/","name":"Sustainable Educational Products &amp; Ecological Toys\u00a0","description":"Specialised Swiss shop selling sustainable educational toys and games, AMI certified Montessori materials, handmade ecological wooden Waldorf toys and arts &amp; crafts supplies, school supplies, children&#039;s furniture and Montessori reference and parenting books.","publisher":{"@id":"https:\/\/teiaeducation.ch\/de\/#organization"},"alternateName":"Teia Education & Play","potentialAction":[{"@type":"SearchAction","target":{"@type":"EntryPoint","urlTemplate":"https:\/\/teiaeducation.ch\/de\/?s={search_term_string}"},"query-input":{"@type":"PropertyValueSpecification","valueRequired":true,"valueName":"search_term_string"}}],"inLanguage":"de-CH"},{"@type":"Organization","@id":"https:\/\/teiaeducation.ch\/de\/#organization","name":"Teia Education & Play","url":"https:\/\/teiaeducation.ch\/de\/","logo":{"@type":"ImageObject","inLanguage":"de-CH","@id":"https:\/\/teiaeducation.ch\/de\/#\/schema\/logo\/image\/","url":"https:\/\/teiaeducation.ch\/wp-content\/uploads\/2020\/11\/Teia-Education-Switzerland-e1620156442216.jpg","contentUrl":"https:\/\/teiaeducation.ch\/wp-content\/uploads\/2020\/11\/Teia-Education-Switzerland-e1620156442216.jpg","width":166,"height":145,"caption":"Teia Education & Play"},"image":{"@id":"https:\/\/teiaeducation.ch\/de\/#\/schema\/logo\/image\/"},"sameAs":["https:\/\/www.facebook.com\/teiaeducation\/","https:\/\/x.com\/EducationTeia","https:\/\/www.instagram.com\/teia.education\/","https:\/\/www.linkedin.com\/company\/35501660","https:\/\/www.pinterest.ch\/TeiaEducation\/"]}]}},"_links":{"self":[{"href":"https:\/\/teiaeducation.ch\/de\/wp-json\/wp\/v2\/product\/59853","targetHints":{"allow":["GET"]}}],"collection":[{"href":"https:\/\/teiaeducation.ch\/de\/wp-json\/wp\/v2\/product"}],"about":[{"href":"https:\/\/teiaeducation.ch\/de\/wp-json\/wp\/v2\/types\/product"}],"replies":[{"embeddable":true,"href":"https:\/\/teiaeducation.ch\/de\/wp-json\/wp\/v2\/comments?post=59853"}],"wp:featuredmedia":[{"embeddable":true,"href":"https:\/\/teiaeducation.ch\/de\/wp-json\/wp\/v2\/media\/46771"}],"wp:attachment":[{"href":"https:\/\/teiaeducation.ch\/de\/wp-json\/wp\/v2\/media?parent=59853"}],"wp:term":[{"taxonomy":"product_brand","embeddable":true,"href":"https:\/\/teiaeducation.ch\/de\/wp-json\/wp\/v2\/product_brand?post=59853"},{"taxonomy":"product_cat","embeddable":true,"href":"https:\/\/teiaeducation.ch\/de\/wp-json\/wp\/v2\/product_cat?post=59853"},{"taxonomy":"product_tag","embeddable":true,"href":"https:\/\/teiaeducation.ch\/de\/wp-json\/wp\/v2\/product_tag?post=59853"}],"curies":[{"name":"wp","href":"https:\/\/api.w.org\/{rel}","templated":true}]}}