{"id":59884,"date":"2021-10-15T16:12:21","date_gmt":"2021-10-15T14:12:21","guid":{"rendered":"https:\/\/teiaeducation.ch\/product\/doppelter-bleistiftspitzer-stockmar\/"},"modified":"2026-01-20T13:17:43","modified_gmt":"2026-01-20T12:17:43","slug":"doppelter-bleistiftspitzer-stockmar","status":"publish","type":"product","link":"https:\/\/teiaeducation.ch\/de\/produkt\/doppelter-bleistiftspitzer-stockmar\/","title":{"rendered":"Doppelspitzerdose f\u00fcr Buntstifte &#8211; Stockmar"},"content":{"rendered":"<p>Dieser wunderbare Stockmar Doppelspitzerdose aus Holz eignet sich zum sicheren Anspitzen von sowohl dicken als auch d\u00fcnnen <a href=\"https:\/\/teiaeducation.ch\/product-category\/creative-art-craft\/drawing-colouring\/\">Buntstiften<\/a> mit einer dreieckigen sowie sechseckigen Form mit einem maximalen Durchmesser von 11mm. Das Metallmahlwerk ist f\u00fcr zus\u00e4tzliche Stabilit\u00e4t in den Deckel eingelassen. Der Anspitzer hat ein wabenf\u00f6rmiges Tablett, dessen Deckel vollst\u00e4ndig verschlie\u00dfbar ist und fest verschlossen bleibt, um ein versehentliches Versch\u00fctten zu vermeiden. So l\u00e4sst sich der Anspitzer leichter in einer Schultasche transportieren.<\/p>\n<p>Der Metallschleifer des Doppelspitzerdose verf\u00fcgt \u00fcber zwei Stahlklingen, die exklusiv f\u00fcr Stockmar, einen f\u00fchrenden Hersteller von hochwertigem <a href=\"https:\/\/teiaeducation.ch\/product-category\/education-method\/waldorf-steiner-toys-craft-materials\/\">Waldorf<\/a> Kunstzubeh\u00f6r, entwickelt wurden. Die Stahlklingen sind durch eine leicht zug\u00e4ngliche Schraube sehr einfach zu wechseln.<\/p>\n<p>Der aus FSC-zertifiziertem Lindenholz hergestellte Stockmar Doppelspitzerdose wird in Deutschland hergestellt und ist ein langlebiges Kunstzubeh\u00f6r, das Sie immer wieder in Ihrer Schulumgebung, in der Ausbildung oder f\u00fcr viele lustige, kreative Bastelarbeiten zu Hause verwenden werden!<\/p>\n<p>Inhalt:<\/p>\n<p>1 Doppelspitzerdose aus Holz<\/p>\n<h2>\u00dcber Stockmar<\/h2>\n<p>Die renommierte Deutsche Marke <a href=\"https:\/\/teiaeducation.ch\/product-category\/brands\/stockmar\/\">Stockmar<\/a> produziert hochwertige Materialien, die in Rudolf Steiner \/ <a href=\"https:\/\/teiaeducation.ch\/waldorf-steiner-schools-supplies\/\">Waldorfschulen<\/a> auf der ganzen Welt verwendet werden. Stockmars Bienenwachs zum <a href=\"https:\/\/teiaeducation.ch\/product\/modelling-beeswax-15-stockmar\/\">Modellieren<\/a> und <a href=\"https:\/\/teiaeducation.ch\/product\/decorating-beeswax-wide-18-stockmar\/\">Dekorieren<\/a>, <a href=\"https:\/\/teiaeducation.ch\/product\/wax-stick-crayons-12-stockmar\/\">Wachsmalstifte<\/a>, Wachsmalbl\u00f6cke und <a href=\"https:\/\/teiaeducation.ch\/product\/watercolour-paints-assortment-6-colours-stockmar\/\">Aquarellfarben<\/a> sprechen alle Sinne des Kindes an.<\/p>\n<p>Die in Deutschland aus Bienenwachs hergestellten <a href=\"https:\/\/teiaeducation.ch\/product-category\/creative-art-craft\/\">Materialien<\/a> von Stockmar sind ungiftig und werden nach den h\u00f6chsten p\u00e4dagogischen, k\u00fcnstlerischen, sozialen und \u00f6kologischen Standards hergestellt und von unabh\u00e4ngigen Labors in Deutschland auf ihre Sicherheit und Reinheit gepr\u00fcft.<\/p>\n<p>Die breite und sorgf\u00e4ltig ausgew\u00e4hlte Farbpalette basiert auf <a href=\"https:\/\/teiaeducation.ch\/product\/large-colour-circle-goethe-grimms\/\">Goethes Farbkreis<\/a> und ist bei allen Stockmar Produkten einheitlich, um die Harmonie zwischen den <a href=\"https:\/\/teiaeducation.ch\/product-category\/learning-themes\/sensory-motor-skills\/learning-about-colour\/\">Farben<\/a> und beim Mischen verschiedener Medien zu gew\u00e4hrleisten. Die Materialien sind reich pigmentiert, um lebendige Kunstwerke zu schaffen, und sind extrem langlebig.<\/p>\n","protected":false},"excerpt":{"rendered":"<p>Artikelnummer: 85009000<\/p>\n<p>Der Stockmar Doppelspitzerdose aus Holz eignet sich zum Anspitzen von dicken und auch d\u00fcnnen Buntstiften mit einer dreieckigen sowie sechseckigen Form!<\/p>\n","protected":false},"featured_media":59885,"comment_status":"open","ping_status":"closed","template":"","meta":[],"product_brand":[],"product_cat":[21445,21446,23651,21449,21479,21447,21443,21563,22362,21668,21564,21483,21450],"product_tag":[28702,28692,28695,28750,28694,28690,28696,26326,26327,28691,28693,28703,28689,28670,26957,28672,28671,26363,28669],"class_list":{"0":"post-59884","1":"product","2":"type-product","3":"status-publish","4":"has-post-thumbnail","6":"product_cat-3-6-jahre-vorschule","7":"product_cat-6-12-jahre-grundschule","8":"product_cat-back-to-school-de","9":"product_cat-bastelwerkzeuge-aufbewahrung","10":"product_cat-lernmaterialien-spielzeug-montessori-waldorf-steiner-froebel","11":"product_cat-malen-basteln","12":"product_cat-nach-alter","13":"product_cat-neuheiten","14":"product_cat-saisonale-kollektionen","15":"product_cat-stockmar-de","16":"product_cat-unsere-marken","17":"product_cat-waldorf-steiner-paedagogik","18":"product_cat-zeichnen-malen","19":"product_tag-blender-bleistift","20":"product_tag-buntstifte-aus-europa","21":"product_tag-buntstifte-in-dose","22":"product_tag-doppelter-bleistiftspitzer-stockmar","23":"product_tag-farbeeffekt-stift","24":"product_tag-lyra-buntstifte","25":"product_tag-lyra-splender-de","26":"product_tag-mercurius-de","27":"product_tag-mercurius-kunstbedarf","28":"product_tag-mercurius-farbgiganten","29":"product_tag-splender-bleistift","30":"product_tag-steiner-schulbedarf-fur-kunst","31":"product_tag-stockmar-buntstifte","32":"product_tag-waldorf-buntstifte","33":"product_tag-waldorf-farben","34":"product_tag-waldorf-farben-bleistiftset","35":"product_tag-waldorf-farbung","36":"product_tag-waldorf-kunstbedarf","37":"product_tag-waldorfkunstbedarf-schweiz","39":"first","40":"instock","41":"taxable","42":"shipping-taxable","43":"purchasable","44":"product-type-simple"},"yoast_head":"<!-- This site is optimized with the Yoast SEO Premium plugin v25.8 (Yoast SEO v27.4) - https:\/\/yoast.com\/product\/yoast-seo-premium-wordpress\/ -->\n<title>Doppelspitzerdose f\u00fcr Buntstifte - Stockmar<\/title>\n<meta name=\"description\" content=\"Der Stockmar Doppelspitzerdose aus Holz eignet sich zum Anspitzen von dicken und auch d\u00fcnnen Buntstiften mit einer dreieckigen sowie sechseckigen Form.\" \/>\n<meta name=\"robots\" content=\"index, follow, max-snippet:-1, max-image-preview:large, max-video-preview:-1\" \/>\n<link rel=\"canonical\" href=\"https:\/\/teiaeducation.ch\/de\/produkt\/doppelter-bleistiftspitzer-stockmar\/\" \/>\n<meta property=\"og:locale\" content=\"de_DE\" \/>\n<meta property=\"og:type\" content=\"article\" \/>\n<meta property=\"og:title\" content=\"Doppelspitzerdose f\u00fcr Buntstifte - Stockmar\" \/>\n<meta property=\"og:description\" content=\"Der Stockmar Doppelspitzerdose aus Holz eignet sich zum Anspitzen von dicken und auch d\u00fcnnen Buntstiften mit einer dreieckigen sowie sechseckigen Form.\" \/>\n<meta property=\"og:url\" content=\"https:\/\/teiaeducation.ch\/de\/produkt\/doppelter-bleistiftspitzer-stockmar\/\" \/>\n<meta property=\"og:site_name\" content=\"Sustainable Educational Products &amp; Ecological Toys\u00a0\" \/>\n<meta property=\"article:publisher\" content=\"https:\/\/www.facebook.com\/teiaeducation\/\" \/>\n<meta property=\"article:modified_time\" content=\"2026-01-20T12:17:43+00:00\" \/>\n<meta property=\"og:image\" content=\"https:\/\/teiaeducation.ch\/wp-content\/uploads\/2021\/10\/Dual-pencil-sharpener-Stockmar1.jpg\" \/>\n\t<meta property=\"og:image:width\" content=\"560\" \/>\n\t<meta property=\"og:image:height\" content=\"560\" \/>\n\t<meta property=\"og:image:type\" content=\"image\/jpeg\" \/>\n<script type=\"application\/ld+json\" class=\"yoast-schema-graph\">{\"@context\":\"https:\\\/\\\/schema.org\",\"@graph\":[{\"@type\":\"WebPage\",\"@id\":\"https:\\\/\\\/teiaeducation.ch\\\/de\\\/produkt\\\/doppelter-bleistiftspitzer-stockmar\\\/\",\"url\":\"https:\\\/\\\/teiaeducation.ch\\\/de\\\/produkt\\\/doppelter-bleistiftspitzer-stockmar\\\/\",\"name\":\"Doppelspitzerdose f\u00fcr Buntstifte - Stockmar\",\"isPartOf\":{\"@id\":\"https:\\\/\\\/teiaeducation.ch\\\/de\\\/#website\"},\"primaryImageOfPage\":{\"@id\":\"https:\\\/\\\/teiaeducation.ch\\\/de\\\/produkt\\\/doppelter-bleistiftspitzer-stockmar\\\/#primaryimage\"},\"image\":{\"@id\":\"https:\\\/\\\/teiaeducation.ch\\\/de\\\/produkt\\\/doppelter-bleistiftspitzer-stockmar\\\/#primaryimage\"},\"thumbnailUrl\":\"https:\\\/\\\/teiaeducation.ch\\\/wp-content\\\/uploads\\\/2021\\\/10\\\/Dual-pencil-sharpener-Stockmar1.jpg\",\"datePublished\":\"2021-10-15T14:12:21+00:00\",\"dateModified\":\"2026-01-20T12:17:43+00:00\",\"description\":\"Der Stockmar Doppelspitzerdose aus Holz eignet sich zum Anspitzen von dicken und auch d\u00fcnnen Buntstiften mit einer dreieckigen sowie sechseckigen Form.\",\"breadcrumb\":{\"@id\":\"https:\\\/\\\/teiaeducation.ch\\\/de\\\/produkt\\\/doppelter-bleistiftspitzer-stockmar\\\/#breadcrumb\"},\"inLanguage\":\"de-CH\",\"potentialAction\":[{\"@type\":\"ReadAction\",\"target\":[\"https:\\\/\\\/teiaeducation.ch\\\/de\\\/produkt\\\/doppelter-bleistiftspitzer-stockmar\\\/\"]}]},{\"@type\":\"ImageObject\",\"inLanguage\":\"de-CH\",\"@id\":\"https:\\\/\\\/teiaeducation.ch\\\/de\\\/produkt\\\/doppelter-bleistiftspitzer-stockmar\\\/#primaryimage\",\"url\":\"https:\\\/\\\/teiaeducation.ch\\\/wp-content\\\/uploads\\\/2021\\\/10\\\/Dual-pencil-sharpener-Stockmar1.jpg\",\"contentUrl\":\"https:\\\/\\\/teiaeducation.ch\\\/wp-content\\\/uploads\\\/2021\\\/10\\\/Dual-pencil-sharpener-Stockmar1.jpg\",\"width\":560,\"height\":560,\"caption\":\"Doppelspitzerdose f\u00fcr Buntstifte aus holz Stockmar\"},{\"@type\":\"BreadcrumbList\",\"@id\":\"https:\\\/\\\/teiaeducation.ch\\\/de\\\/produkt\\\/doppelter-bleistiftspitzer-stockmar\\\/#breadcrumb\",\"itemListElement\":[{\"@type\":\"ListItem\",\"position\":1,\"name\":\"Home\",\"item\":\"https:\\\/\\\/teiaeducation.ch\\\/de\\\/\"},{\"@type\":\"ListItem\",\"position\":2,\"name\":\"Laden\",\"item\":\"https:\\\/\\\/teiaeducation.ch\\\/de\\\/shop\\\/\"},{\"@type\":\"ListItem\",\"position\":3,\"name\":\"Nach Alter\",\"item\":\"https:\\\/\\\/teiaeducation.ch\\\/de\\\/produkt-kategorie\\\/nach-alter\\\/\"},{\"@type\":\"ListItem\",\"position\":4,\"name\":\"3-6 Jahre Vorschule\",\"item\":\"https:\\\/\\\/teiaeducation.ch\\\/de\\\/produkt-kategorie\\\/nach-alter\\\/3-6-jahre-vorschule\\\/\"},{\"@type\":\"ListItem\",\"position\":5,\"name\":\"Doppelspitzerdose f\u00fcr Buntstifte &#8211; Stockmar\"}]},{\"@type\":\"WebSite\",\"@id\":\"https:\\\/\\\/teiaeducation.ch\\\/de\\\/#website\",\"url\":\"https:\\\/\\\/teiaeducation.ch\\\/de\\\/\",\"name\":\"Sustainable Educational Products &amp; Ecological Toys\u00a0\",\"description\":\"Specialised Swiss shop selling sustainable educational toys and games, AMI certified Montessori materials, handmade ecological wooden Waldorf toys and arts &amp; crafts supplies, school supplies, children&#039;s furniture and Montessori reference and parenting books.\",\"publisher\":{\"@id\":\"https:\\\/\\\/teiaeducation.ch\\\/de\\\/#organization\"},\"alternateName\":\"Teia Education & Play\",\"potentialAction\":[{\"@type\":\"SearchAction\",\"target\":{\"@type\":\"EntryPoint\",\"urlTemplate\":\"https:\\\/\\\/teiaeducation.ch\\\/de\\\/?s={search_term_string}\"},\"query-input\":{\"@type\":\"PropertyValueSpecification\",\"valueRequired\":true,\"valueName\":\"search_term_string\"}}],\"inLanguage\":\"de-CH\"},{\"@type\":\"Organization\",\"@id\":\"https:\\\/\\\/teiaeducation.ch\\\/de\\\/#organization\",\"name\":\"Teia Education & Play\",\"url\":\"https:\\\/\\\/teiaeducation.ch\\\/de\\\/\",\"logo\":{\"@type\":\"ImageObject\",\"inLanguage\":\"de-CH\",\"@id\":\"https:\\\/\\\/teiaeducation.ch\\\/de\\\/#\\\/schema\\\/logo\\\/image\\\/\",\"url\":\"https:\\\/\\\/teiaeducation.ch\\\/wp-content\\\/uploads\\\/2020\\\/11\\\/Teia-Education-Switzerland-e1620156442216.jpg\",\"contentUrl\":\"https:\\\/\\\/teiaeducation.ch\\\/wp-content\\\/uploads\\\/2020\\\/11\\\/Teia-Education-Switzerland-e1620156442216.jpg\",\"width\":166,\"height\":145,\"caption\":\"Teia Education & Play\"},\"image\":{\"@id\":\"https:\\\/\\\/teiaeducation.ch\\\/de\\\/#\\\/schema\\\/logo\\\/image\\\/\"},\"sameAs\":[\"https:\\\/\\\/www.facebook.com\\\/teiaeducation\\\/\",\"https:\\\/\\\/x.com\\\/EducationTeia\",\"https:\\\/\\\/www.instagram.com\\\/teia.education\\\/\",\"https:\\\/\\\/www.linkedin.com\\\/company\\\/35501660\",\"https:\\\/\\\/www.pinterest.ch\\\/TeiaEducation\\\/\"]}]}<\/script>\n<meta property=\"product:price:amount\" content=\"20.90\" \/>\n<meta property=\"product:price:currency\" content=\"CHF\" \/>\n<meta property=\"og:availability\" content=\"instock\" \/>\n<meta property=\"product:availability\" content=\"instock\" \/>\n<meta property=\"product:retailer_item_id\" content=\"00000000000000000000000000000000000000000000037000\" \/>\n<meta property=\"product:condition\" content=\"new\" \/>\n<!-- \/ Yoast SEO Premium plugin. -->","yoast_head_json":{"title":"Doppelspitzerdose f\u00fcr Buntstifte - Stockmar","description":"Der Stockmar Doppelspitzerdose aus Holz eignet sich zum Anspitzen von dicken und auch d\u00fcnnen Buntstiften mit einer dreieckigen sowie sechseckigen Form.","robots":{"index":"index","follow":"follow","max-snippet":"max-snippet:-1","max-image-preview":"max-image-preview:large","max-video-preview":"max-video-preview:-1"},"canonical":"https:\/\/teiaeducation.ch\/de\/produkt\/doppelter-bleistiftspitzer-stockmar\/","og_locale":"de_DE","og_type":"article","og_title":"Doppelspitzerdose f\u00fcr Buntstifte - Stockmar","og_description":"Der Stockmar Doppelspitzerdose aus Holz eignet sich zum Anspitzen von dicken und auch d\u00fcnnen Buntstiften mit einer dreieckigen sowie sechseckigen Form.","og_url":"https:\/\/teiaeducation.ch\/de\/produkt\/doppelter-bleistiftspitzer-stockmar\/","og_site_name":"Sustainable Educational Products &amp; Ecological Toys\u00a0","article_publisher":"https:\/\/www.facebook.com\/teiaeducation\/","article_modified_time":"2026-01-20T12:17:43+00:00","og_image":[{"width":560,"height":560,"url":"https:\/\/teiaeducation.ch\/wp-content\/uploads\/2021\/10\/Dual-pencil-sharpener-Stockmar1.jpg","type":"image\/jpeg"}],"schema":{"@context":"https:\/\/schema.org","@graph":[{"@type":"WebPage","@id":"https:\/\/teiaeducation.ch\/de\/produkt\/doppelter-bleistiftspitzer-stockmar\/","url":"https:\/\/teiaeducation.ch\/de\/produkt\/doppelter-bleistiftspitzer-stockmar\/","name":"Doppelspitzerdose f\u00fcr Buntstifte - Stockmar","isPartOf":{"@id":"https:\/\/teiaeducation.ch\/de\/#website"},"primaryImageOfPage":{"@id":"https:\/\/teiaeducation.ch\/de\/produkt\/doppelter-bleistiftspitzer-stockmar\/#primaryimage"},"image":{"@id":"https:\/\/teiaeducation.ch\/de\/produkt\/doppelter-bleistiftspitzer-stockmar\/#primaryimage"},"thumbnailUrl":"https:\/\/teiaeducation.ch\/wp-content\/uploads\/2021\/10\/Dual-pencil-sharpener-Stockmar1.jpg","datePublished":"2021-10-15T14:12:21+00:00","dateModified":"2026-01-20T12:17:43+00:00","description":"Der Stockmar Doppelspitzerdose aus Holz eignet sich zum Anspitzen von dicken und auch d\u00fcnnen Buntstiften mit einer dreieckigen sowie sechseckigen Form.","breadcrumb":{"@id":"https:\/\/teiaeducation.ch\/de\/produkt\/doppelter-bleistiftspitzer-stockmar\/#breadcrumb"},"inLanguage":"de-CH","potentialAction":[{"@type":"ReadAction","target":["https:\/\/teiaeducation.ch\/de\/produkt\/doppelter-bleistiftspitzer-stockmar\/"]}]},{"@type":"ImageObject","inLanguage":"de-CH","@id":"https:\/\/teiaeducation.ch\/de\/produkt\/doppelter-bleistiftspitzer-stockmar\/#primaryimage","url":"https:\/\/teiaeducation.ch\/wp-content\/uploads\/2021\/10\/Dual-pencil-sharpener-Stockmar1.jpg","contentUrl":"https:\/\/teiaeducation.ch\/wp-content\/uploads\/2021\/10\/Dual-pencil-sharpener-Stockmar1.jpg","width":560,"height":560,"caption":"Doppelspitzerdose f\u00fcr Buntstifte aus holz Stockmar"},{"@type":"BreadcrumbList","@id":"https:\/\/teiaeducation.ch\/de\/produkt\/doppelter-bleistiftspitzer-stockmar\/#breadcrumb","itemListElement":[{"@type":"ListItem","position":1,"name":"Home","item":"https:\/\/teiaeducation.ch\/de\/"},{"@type":"ListItem","position":2,"name":"Laden","item":"https:\/\/teiaeducation.ch\/de\/shop\/"},{"@type":"ListItem","position":3,"name":"Nach Alter","item":"https:\/\/teiaeducation.ch\/de\/produkt-kategorie\/nach-alter\/"},{"@type":"ListItem","position":4,"name":"3-6 Jahre Vorschule","item":"https:\/\/teiaeducation.ch\/de\/produkt-kategorie\/nach-alter\/3-6-jahre-vorschule\/"},{"@type":"ListItem","position":5,"name":"Doppelspitzerdose f\u00fcr Buntstifte &#8211; Stockmar"}]},{"@type":"WebSite","@id":"https:\/\/teiaeducation.ch\/de\/#website","url":"https:\/\/teiaeducation.ch\/de\/","name":"Sustainable Educational Products &amp; Ecological Toys\u00a0","description":"Specialised Swiss shop selling sustainable educational toys and games, AMI certified Montessori materials, handmade ecological wooden Waldorf toys and arts &amp; crafts supplies, school supplies, children&#039;s furniture and Montessori reference and parenting books.","publisher":{"@id":"https:\/\/teiaeducation.ch\/de\/#organization"},"alternateName":"Teia Education & Play","potentialAction":[{"@type":"SearchAction","target":{"@type":"EntryPoint","urlTemplate":"https:\/\/teiaeducation.ch\/de\/?s={search_term_string}"},"query-input":{"@type":"PropertyValueSpecification","valueRequired":true,"valueName":"search_term_string"}}],"inLanguage":"de-CH"},{"@type":"Organization","@id":"https:\/\/teiaeducation.ch\/de\/#organization","name":"Teia Education & Play","url":"https:\/\/teiaeducation.ch\/de\/","logo":{"@type":"ImageObject","inLanguage":"de-CH","@id":"https:\/\/teiaeducation.ch\/de\/#\/schema\/logo\/image\/","url":"https:\/\/teiaeducation.ch\/wp-content\/uploads\/2020\/11\/Teia-Education-Switzerland-e1620156442216.jpg","contentUrl":"https:\/\/teiaeducation.ch\/wp-content\/uploads\/2020\/11\/Teia-Education-Switzerland-e1620156442216.jpg","width":166,"height":145,"caption":"Teia Education & Play"},"image":{"@id":"https:\/\/teiaeducation.ch\/de\/#\/schema\/logo\/image\/"},"sameAs":["https:\/\/www.facebook.com\/teiaeducation\/","https:\/\/x.com\/EducationTeia","https:\/\/www.instagram.com\/teia.education\/","https:\/\/www.linkedin.com\/company\/35501660","https:\/\/www.pinterest.ch\/TeiaEducation\/"]}]},"product_price_amount":"20.90","product_price_currency":"CHF","og_availability":"instock","product_availability":"instock","product_retailer_item_id":"00000000000000000000000000000000000000000000037000","product_condition":"new"},"_links":{"self":[{"href":"https:\/\/teiaeducation.ch\/de\/wp-json\/wp\/v2\/product\/59884","targetHints":{"allow":["GET"]}}],"collection":[{"href":"https:\/\/teiaeducation.ch\/de\/wp-json\/wp\/v2\/product"}],"about":[{"href":"https:\/\/teiaeducation.ch\/de\/wp-json\/wp\/v2\/types\/product"}],"replies":[{"embeddable":true,"href":"https:\/\/teiaeducation.ch\/de\/wp-json\/wp\/v2\/comments?post=59884"}],"wp:featuredmedia":[{"embeddable":true,"href":"https:\/\/teiaeducation.ch\/de\/wp-json\/wp\/v2\/media\/59885"}],"wp:attachment":[{"href":"https:\/\/teiaeducation.ch\/de\/wp-json\/wp\/v2\/media?parent=59884"}],"wp:term":[{"taxonomy":"product_brand","embeddable":true,"href":"https:\/\/teiaeducation.ch\/de\/wp-json\/wp\/v2\/product_brand?post=59884"},{"taxonomy":"product_cat","embeddable":true,"href":"https:\/\/teiaeducation.ch\/de\/wp-json\/wp\/v2\/product_cat?post=59884"},{"taxonomy":"product_tag","embeddable":true,"href":"https:\/\/teiaeducation.ch\/de\/wp-json\/wp\/v2\/product_tag?post=59884"}],"curies":[{"name":"wp","href":"https:\/\/api.w.org\/{rel}","templated":true}]}}