{"id":59887,"date":"2021-10-15T15:38:28","date_gmt":"2021-10-15T13:38:28","guid":{"rendered":"https:\/\/teiaeducation.ch\/product\/aquarellfarben-sortiment-ergaenzungsset-stockmar\/"},"modified":"2024-11-11T14:21:36","modified_gmt":"2024-11-11T13:21:36","slug":"aquarellfarben-sortiment-ergaenzungsset-stockmar","status":"publish","type":"product","link":"https:\/\/teiaeducation.ch\/de\/produkt\/aquarellfarben-sortiment-ergaenzungsset-stockmar\/","title":{"rendered":"Aquarellfarben sortiment 6 Erg\u00e4nzungfarben \u00e0 20 ml &#8211; Stockmar"},"content":{"rendered":"<p>Ein Set ungiftiger, hochwertiger Stockmar Waldorf Aquarellfarben Sortiment, bestehend aus 6 x 20 ml Flaschen mit leuchtenden, l\u00f6slichen Pulver Erg\u00e4nzungfarben als Erg\u00e4nzungsset zum <a href=\"https:\/\/teiaeducation.ch\/product\/watercolour-paints-assortment-6-colours-stockmar\/\">Basissortiment<\/a>. Diese Stockmar Aquarellfarben sind Kunstprodukte, die f\u00fcr ihre hervorragenden Lasureigenschaften, ihre nat\u00fcrliche Transparenz und Lichtechtheit bekannt sind.<\/p>\n<p>Sehr konzentriert und lang anhaltend, wird nur eine kleine Menge der <a href=\"https:\/\/teiaeducation.ch\/product-category\/creative-art-craft\/painting\/\">Aquarellfarben<\/a> verwendet, um in Wasser zu verd\u00fcnnen. Die Aquarellfarben bleiben nach dem Trocknen vollst\u00e4ndig wasserl\u00f6slich. Es wird empfohlen, Farbreste im K\u00fchlschrank aufzubewahren.<\/p>\n<p>Die Farbpalette der Lackfarben folgt der erweiterten Version von Goethes &#8220;Farbenlehre&#8221;: Jeder im Sortiment enthaltene Ton ist so abgestimmt, dass er sich mit allen anderen Farben gut mischen l\u00e4sst. Harmonische Zwischenabstufungen und grenzenlose Farbverl\u00e4ufe sind auch in der Nass-in-Nass-Technik m\u00f6glich.<\/p>\n<p>Das Set enth\u00e4lt die folgenden Farben aus dem Stockmar Sortiment:<\/p>\n<p>08 Blau-Gr\u00fcn | 12 Rot-Violett | 13 Rost | 15 Schwarz | 16 Wei\u00df | 31 Indigo.<\/p>\n<p>Das Stockmar Aquarellfarben Sortiment ist f\u00fcr Kinder ab 3 Jahren geeignet.<\/p>\n<p>Inhalt:<\/p>\n<p>6 x 20 ml Flaschen mit ungiftigem Aquarellfarbenpulver<\/p>\n<h2>\u00dcber Stockmar<\/h2>\n<p>Die renommierte Deutsche Marke\u00a0<a href=\"https:\/\/teiaeducation.ch\/de\/produkt-kategorie\/unsere-marken\/stockmar-de\/\">Stockmar<\/a>\u00a0produziert hochwertige Materialien, die in Rudolf Steiner \/\u00a0<a href=\"https:\/\/teiaeducation.ch\/de\/spielzeug-und-natuerlichen-kreatives-materialien-fuer-waldorf-steiner-schulen\/\">Waldorfschulen<\/a>\u00a0auf der ganzen Welt verwendet werden. Stockmars Bienenwachs zum\u00a0<a href=\"https:\/\/teiaeducation.ch\/de\/produkt\/modellierbienenwachs-15-farben-stockmar\/\">Modellieren<\/a>\u00a0und\u00a0<a href=\"https:\/\/teiaeducation.ch\/de\/produkt\/dekoratives-bienenwachs-breit-in-18-farben-stockmar\/\">Dekorieren<\/a>,\u00a0<a href=\"https:\/\/teiaeducation.ch\/de\/produkt\/wachsmalstifte-12-farben-stockmar\/\">Wachsmalstifte<\/a>, Wachsmalbl\u00f6cke und\u00a0<a href=\"https:\/\/teiaeducation.ch\/de\/produkt\/aquarellfarben-grundsortiment-6-farben-stockmar\/\">Aquarellfarben<\/a>\u00a0sprechen alle Sinne des Kindes an.<\/p>\n<p>Die in Deutschland aus Bienenwachs hergestellten\u00a0<a href=\"https:\/\/teiaeducation.ch\/de\/produkt-kategorie\/malen-basteln\/\">Materialien<\/a>\u00a0von Stockmar sind ungiftig und werden nach den h\u00f6chsten p\u00e4dagogischen, k\u00fcnstlerischen, sozialen und \u00f6kologischen Standards hergestellt und von unabh\u00e4ngigen Labors in Deutschland auf ihre Sicherheit und Reinheit gepr\u00fcft.<\/p>\n<p>Die breite und sorgf\u00e4ltig ausgew\u00e4hlte Farbpalette basiert auf\u00a0<a href=\"https:\/\/teiaeducation.ch\/de\/produkt\/groser-farbkreis-goethe-grimms\/\">Goethes Farbkreis<\/a>\u00a0und ist bei allen Stockmar Produkten einheitlich, um die Harmonie zwischen den\u00a0<a href=\"https:\/\/teiaeducation.ch\/de\/produkt-kategorie\/lernthemen\/sensorische-motorische-fertigkeiten\/farbe-lernen\/\">Farben<\/a>\u00a0und beim Mischen verschiedener Medien zu gew\u00e4hrleisten. Die Materialien sind reich pigmentiert, um lebendige Kunstwerke zu schaffen, und sind extrem langlebig.<\/p>\n","protected":false},"excerpt":{"rendered":"<p>Artikelnummer: 85043042<\/p>\n<p>Ein ungiftiges, hochwertiges Stockmar Waldorf Aquarellfarben Sortiment mit leuchtenden l\u00f6slichen Pulver Aquarellfarben in 6 Erg\u00e4nzungfarben!<\/p>\n","protected":false},"featured_media":59888,"comment_status":"open","ping_status":"closed","template":"","meta":[],"product_brand":[],"product_cat":[21445,21446,21479,21670,21484,22422,21447,21457,21443,21563,22362,21494,21495,21668,21482,21564,21483],"product_tag":[23084,23091,28747,23082,23080,23081,23079,23083,23092],"class_list":{"0":"post-59887","1":"product","2":"type-product","3":"status-publish","4":"has-post-thumbnail","6":"product_cat-3-6-jahre-vorschule","7":"product_cat-6-12-jahre-grundschule","8":"product_cat-lernmaterialien-spielzeug-montessori-waldorf-steiner-froebel","9":"product_cat-fruehjahrskollektion","10":"product_cat-geschenk-guides","11":"product_cat-geschenke-fuer-das-osterkoerbchen","12":"product_cat-malen-basteln","13":"product_cat-malen","14":"product_cat-nach-alter","15":"product_cat-neuheiten","16":"product_cat-saisonale-kollektionen","17":"product_cat-schulbedarf-fuer-zuhause","18":"product_cat-schulbedarf-fuer-zuhause-3-6-jahre","19":"product_cat-stockmar-de","20":"product_cat-traditionelle-bildung","21":"product_cat-unsere-marken","22":"product_cat-waldorf-steiner-paedagogik","23":"product_tag-steiner-waldorfschulbedarf-schweiz","24":"product_tag-stockmar-aquarellfarbe","25":"product_tag-stockmar-aquarellfarben-sortiment-6-farben-erganzungsset","26":"product_tag-stockmar-deutschland","27":"product_tag-stockmar-schweiz-de","28":"product_tag-stockmar-suisse-de","29":"product_tag-stockmar-switzerland-de","30":"product_tag-stockmar-waldorf-bedarf","31":"product_tag-ungiftige-aquarellfarbe","33":"first","34":"instock","35":"taxable","36":"shipping-taxable","37":"purchasable","38":"product-type-simple"},"yoast_head":"<!-- This site is optimized with the Yoast SEO Premium plugin v25.8 (Yoast SEO v27.4) - https:\/\/yoast.com\/product\/yoast-seo-premium-wordpress\/ -->\n<title>Aquarellfarben sortiment 6 Erg\u00e4nzungfarben \u00e0 20 ml - Stockmar<\/title>\n<meta name=\"description\" content=\"Ein ungiftiges, hochwertiges Stockmar Waldorf Aquarellfarben Sortiment mit leuchtenden l\u00f6slichen Pulver Aquarellfarben in 6 Erg\u00e4nzungfarben.\" \/>\n<meta name=\"robots\" content=\"index, follow, max-snippet:-1, max-image-preview:large, max-video-preview:-1\" \/>\n<link rel=\"canonical\" href=\"https:\/\/teiaeducation.ch\/de\/produkt\/aquarellfarben-sortiment-ergaenzungsset-stockmar\/\" \/>\n<meta property=\"og:locale\" content=\"de_DE\" \/>\n<meta property=\"og:type\" content=\"article\" \/>\n<meta property=\"og:title\" content=\"Aquarellfarben sortiment 6 Erg\u00e4nzungfarben \u00e0 20 ml - Stockmar\" \/>\n<meta property=\"og:description\" content=\"Ein ungiftiges, hochwertiges Stockmar Waldorf Aquarellfarben Sortiment mit leuchtenden l\u00f6slichen Pulver Aquarellfarben in 6 Erg\u00e4nzungfarben.\" \/>\n<meta property=\"og:url\" content=\"https:\/\/teiaeducation.ch\/de\/produkt\/aquarellfarben-sortiment-ergaenzungsset-stockmar\/\" \/>\n<meta property=\"og:site_name\" content=\"Sustainable Educational Products &amp; Ecological Toys\u00a0\" \/>\n<meta property=\"article:publisher\" content=\"https:\/\/www.facebook.com\/teiaeducation\/\" \/>\n<meta property=\"article:modified_time\" content=\"2024-11-11T13:21:36+00:00\" \/>\n<meta property=\"og:image\" content=\"https:\/\/teiaeducation.ch\/wp-content\/uploads\/2021\/10\/Watercolour-paints-assortment-6-colours-supplement-set-Waldorf-art-supplies-Stockmar.jpg\" \/>\n\t<meta property=\"og:image:width\" content=\"560\" \/>\n\t<meta property=\"og:image:height\" content=\"560\" \/>\n\t<meta property=\"og:image:type\" content=\"image\/jpeg\" \/>\n<script type=\"application\/ld+json\" class=\"yoast-schema-graph\">{\"@context\":\"https:\\\/\\\/schema.org\",\"@graph\":[{\"@type\":\"WebPage\",\"@id\":\"https:\\\/\\\/teiaeducation.ch\\\/de\\\/produkt\\\/aquarellfarben-sortiment-ergaenzungsset-stockmar\\\/\",\"url\":\"https:\\\/\\\/teiaeducation.ch\\\/de\\\/produkt\\\/aquarellfarben-sortiment-ergaenzungsset-stockmar\\\/\",\"name\":\"Aquarellfarben sortiment 6 Erg\u00e4nzungfarben \u00e0 20 ml - Stockmar\",\"isPartOf\":{\"@id\":\"https:\\\/\\\/teiaeducation.ch\\\/de\\\/#website\"},\"primaryImageOfPage\":{\"@id\":\"https:\\\/\\\/teiaeducation.ch\\\/de\\\/produkt\\\/aquarellfarben-sortiment-ergaenzungsset-stockmar\\\/#primaryimage\"},\"image\":{\"@id\":\"https:\\\/\\\/teiaeducation.ch\\\/de\\\/produkt\\\/aquarellfarben-sortiment-ergaenzungsset-stockmar\\\/#primaryimage\"},\"thumbnailUrl\":\"https:\\\/\\\/teiaeducation.ch\\\/wp-content\\\/uploads\\\/2021\\\/10\\\/Watercolour-paints-assortment-6-colours-supplement-set-Waldorf-art-supplies-Stockmar.jpg\",\"datePublished\":\"2021-10-15T13:38:28+00:00\",\"dateModified\":\"2024-11-11T13:21:36+00:00\",\"description\":\"Ein ungiftiges, hochwertiges Stockmar Waldorf Aquarellfarben Sortiment mit leuchtenden l\u00f6slichen Pulver Aquarellfarben in 6 Erg\u00e4nzungfarben.\",\"breadcrumb\":{\"@id\":\"https:\\\/\\\/teiaeducation.ch\\\/de\\\/produkt\\\/aquarellfarben-sortiment-ergaenzungsset-stockmar\\\/#breadcrumb\"},\"inLanguage\":\"de-CH\",\"potentialAction\":[{\"@type\":\"ReadAction\",\"target\":[\"https:\\\/\\\/teiaeducation.ch\\\/de\\\/produkt\\\/aquarellfarben-sortiment-ergaenzungsset-stockmar\\\/\"]}]},{\"@type\":\"ImageObject\",\"inLanguage\":\"de-CH\",\"@id\":\"https:\\\/\\\/teiaeducation.ch\\\/de\\\/produkt\\\/aquarellfarben-sortiment-ergaenzungsset-stockmar\\\/#primaryimage\",\"url\":\"https:\\\/\\\/teiaeducation.ch\\\/wp-content\\\/uploads\\\/2021\\\/10\\\/Watercolour-paints-assortment-6-colours-supplement-set-Waldorf-art-supplies-Stockmar.jpg\",\"contentUrl\":\"https:\\\/\\\/teiaeducation.ch\\\/wp-content\\\/uploads\\\/2021\\\/10\\\/Watercolour-paints-assortment-6-colours-supplement-set-Waldorf-art-supplies-Stockmar.jpg\",\"width\":560,\"height\":560,\"caption\":\"Aquarellfarben-Sortiment: Erg\u00e4nzungsset \\\/ Waldorf-Kunstbedarf - Stockmar\"},{\"@type\":\"BreadcrumbList\",\"@id\":\"https:\\\/\\\/teiaeducation.ch\\\/de\\\/produkt\\\/aquarellfarben-sortiment-ergaenzungsset-stockmar\\\/#breadcrumb\",\"itemListElement\":[{\"@type\":\"ListItem\",\"position\":1,\"name\":\"Home\",\"item\":\"https:\\\/\\\/teiaeducation.ch\\\/de\\\/\"},{\"@type\":\"ListItem\",\"position\":2,\"name\":\"Laden\",\"item\":\"https:\\\/\\\/teiaeducation.ch\\\/de\\\/shop\\\/\"},{\"@type\":\"ListItem\",\"position\":3,\"name\":\"Unsere Marken\",\"item\":\"https:\\\/\\\/teiaeducation.ch\\\/de\\\/produkt-kategorie\\\/unsere-marken\\\/\"},{\"@type\":\"ListItem\",\"position\":4,\"name\":\"Stockmar\",\"item\":\"https:\\\/\\\/teiaeducation.ch\\\/de\\\/produkt-kategorie\\\/unsere-marken\\\/stockmar-de\\\/\"},{\"@type\":\"ListItem\",\"position\":5,\"name\":\"Aquarellfarben sortiment 6 Erg\u00e4nzungfarben \u00e0 20 ml &#8211; Stockmar\"}]},{\"@type\":\"WebSite\",\"@id\":\"https:\\\/\\\/teiaeducation.ch\\\/de\\\/#website\",\"url\":\"https:\\\/\\\/teiaeducation.ch\\\/de\\\/\",\"name\":\"Sustainable Educational Products &amp; Ecological Toys\u00a0\",\"description\":\"Specialised Swiss shop selling sustainable educational toys and games, AMI certified Montessori materials, handmade ecological wooden Waldorf toys and arts &amp; crafts supplies, school supplies, children&#039;s furniture and Montessori reference and parenting books.\",\"publisher\":{\"@id\":\"https:\\\/\\\/teiaeducation.ch\\\/de\\\/#organization\"},\"alternateName\":\"Teia Education & Play\",\"potentialAction\":[{\"@type\":\"SearchAction\",\"target\":{\"@type\":\"EntryPoint\",\"urlTemplate\":\"https:\\\/\\\/teiaeducation.ch\\\/de\\\/?s={search_term_string}\"},\"query-input\":{\"@type\":\"PropertyValueSpecification\",\"valueRequired\":true,\"valueName\":\"search_term_string\"}}],\"inLanguage\":\"de-CH\"},{\"@type\":\"Organization\",\"@id\":\"https:\\\/\\\/teiaeducation.ch\\\/de\\\/#organization\",\"name\":\"Teia Education & Play\",\"url\":\"https:\\\/\\\/teiaeducation.ch\\\/de\\\/\",\"logo\":{\"@type\":\"ImageObject\",\"inLanguage\":\"de-CH\",\"@id\":\"https:\\\/\\\/teiaeducation.ch\\\/de\\\/#\\\/schema\\\/logo\\\/image\\\/\",\"url\":\"https:\\\/\\\/teiaeducation.ch\\\/wp-content\\\/uploads\\\/2020\\\/11\\\/Teia-Education-Switzerland-e1620156442216.jpg\",\"contentUrl\":\"https:\\\/\\\/teiaeducation.ch\\\/wp-content\\\/uploads\\\/2020\\\/11\\\/Teia-Education-Switzerland-e1620156442216.jpg\",\"width\":166,\"height\":145,\"caption\":\"Teia Education & Play\"},\"image\":{\"@id\":\"https:\\\/\\\/teiaeducation.ch\\\/de\\\/#\\\/schema\\\/logo\\\/image\\\/\"},\"sameAs\":[\"https:\\\/\\\/www.facebook.com\\\/teiaeducation\\\/\",\"https:\\\/\\\/x.com\\\/EducationTeia\",\"https:\\\/\\\/www.instagram.com\\\/teia.education\\\/\",\"https:\\\/\\\/www.linkedin.com\\\/company\\\/35501660\",\"https:\\\/\\\/www.pinterest.ch\\\/TeiaEducation\\\/\"]}]}<\/script>\n<meta property=\"product:price:amount\" content=\"49.00\" \/>\n<meta property=\"product:price:currency\" content=\"CHF\" \/>\n<meta property=\"og:availability\" content=\"instock\" \/>\n<meta property=\"product:availability\" content=\"instock\" \/>\n<meta property=\"product:retailer_item_id\" content=\"00000000000000000000000000000000000000000000027270\" \/>\n<meta property=\"product:condition\" content=\"new\" \/>\n<!-- \/ Yoast SEO Premium plugin. -->","yoast_head_json":{"title":"Aquarellfarben sortiment 6 Erg\u00e4nzungfarben \u00e0 20 ml - Stockmar","description":"Ein ungiftiges, hochwertiges Stockmar Waldorf Aquarellfarben Sortiment mit leuchtenden l\u00f6slichen Pulver Aquarellfarben in 6 Erg\u00e4nzungfarben.","robots":{"index":"index","follow":"follow","max-snippet":"max-snippet:-1","max-image-preview":"max-image-preview:large","max-video-preview":"max-video-preview:-1"},"canonical":"https:\/\/teiaeducation.ch\/de\/produkt\/aquarellfarben-sortiment-ergaenzungsset-stockmar\/","og_locale":"de_DE","og_type":"article","og_title":"Aquarellfarben sortiment 6 Erg\u00e4nzungfarben \u00e0 20 ml - Stockmar","og_description":"Ein ungiftiges, hochwertiges Stockmar Waldorf Aquarellfarben Sortiment mit leuchtenden l\u00f6slichen Pulver Aquarellfarben in 6 Erg\u00e4nzungfarben.","og_url":"https:\/\/teiaeducation.ch\/de\/produkt\/aquarellfarben-sortiment-ergaenzungsset-stockmar\/","og_site_name":"Sustainable Educational Products &amp; Ecological Toys\u00a0","article_publisher":"https:\/\/www.facebook.com\/teiaeducation\/","article_modified_time":"2024-11-11T13:21:36+00:00","og_image":[{"width":560,"height":560,"url":"https:\/\/teiaeducation.ch\/wp-content\/uploads\/2021\/10\/Watercolour-paints-assortment-6-colours-supplement-set-Waldorf-art-supplies-Stockmar.jpg","type":"image\/jpeg"}],"schema":{"@context":"https:\/\/schema.org","@graph":[{"@type":"WebPage","@id":"https:\/\/teiaeducation.ch\/de\/produkt\/aquarellfarben-sortiment-ergaenzungsset-stockmar\/","url":"https:\/\/teiaeducation.ch\/de\/produkt\/aquarellfarben-sortiment-ergaenzungsset-stockmar\/","name":"Aquarellfarben sortiment 6 Erg\u00e4nzungfarben \u00e0 20 ml - Stockmar","isPartOf":{"@id":"https:\/\/teiaeducation.ch\/de\/#website"},"primaryImageOfPage":{"@id":"https:\/\/teiaeducation.ch\/de\/produkt\/aquarellfarben-sortiment-ergaenzungsset-stockmar\/#primaryimage"},"image":{"@id":"https:\/\/teiaeducation.ch\/de\/produkt\/aquarellfarben-sortiment-ergaenzungsset-stockmar\/#primaryimage"},"thumbnailUrl":"https:\/\/teiaeducation.ch\/wp-content\/uploads\/2021\/10\/Watercolour-paints-assortment-6-colours-supplement-set-Waldorf-art-supplies-Stockmar.jpg","datePublished":"2021-10-15T13:38:28+00:00","dateModified":"2024-11-11T13:21:36+00:00","description":"Ein ungiftiges, hochwertiges Stockmar Waldorf Aquarellfarben Sortiment mit leuchtenden l\u00f6slichen Pulver Aquarellfarben in 6 Erg\u00e4nzungfarben.","breadcrumb":{"@id":"https:\/\/teiaeducation.ch\/de\/produkt\/aquarellfarben-sortiment-ergaenzungsset-stockmar\/#breadcrumb"},"inLanguage":"de-CH","potentialAction":[{"@type":"ReadAction","target":["https:\/\/teiaeducation.ch\/de\/produkt\/aquarellfarben-sortiment-ergaenzungsset-stockmar\/"]}]},{"@type":"ImageObject","inLanguage":"de-CH","@id":"https:\/\/teiaeducation.ch\/de\/produkt\/aquarellfarben-sortiment-ergaenzungsset-stockmar\/#primaryimage","url":"https:\/\/teiaeducation.ch\/wp-content\/uploads\/2021\/10\/Watercolour-paints-assortment-6-colours-supplement-set-Waldorf-art-supplies-Stockmar.jpg","contentUrl":"https:\/\/teiaeducation.ch\/wp-content\/uploads\/2021\/10\/Watercolour-paints-assortment-6-colours-supplement-set-Waldorf-art-supplies-Stockmar.jpg","width":560,"height":560,"caption":"Aquarellfarben-Sortiment: Erg\u00e4nzungsset \/ Waldorf-Kunstbedarf - Stockmar"},{"@type":"BreadcrumbList","@id":"https:\/\/teiaeducation.ch\/de\/produkt\/aquarellfarben-sortiment-ergaenzungsset-stockmar\/#breadcrumb","itemListElement":[{"@type":"ListItem","position":1,"name":"Home","item":"https:\/\/teiaeducation.ch\/de\/"},{"@type":"ListItem","position":2,"name":"Laden","item":"https:\/\/teiaeducation.ch\/de\/shop\/"},{"@type":"ListItem","position":3,"name":"Unsere Marken","item":"https:\/\/teiaeducation.ch\/de\/produkt-kategorie\/unsere-marken\/"},{"@type":"ListItem","position":4,"name":"Stockmar","item":"https:\/\/teiaeducation.ch\/de\/produkt-kategorie\/unsere-marken\/stockmar-de\/"},{"@type":"ListItem","position":5,"name":"Aquarellfarben sortiment 6 Erg\u00e4nzungfarben \u00e0 20 ml &#8211; Stockmar"}]},{"@type":"WebSite","@id":"https:\/\/teiaeducation.ch\/de\/#website","url":"https:\/\/teiaeducation.ch\/de\/","name":"Sustainable Educational Products &amp; Ecological Toys\u00a0","description":"Specialised Swiss shop selling sustainable educational toys and games, AMI certified Montessori materials, handmade ecological wooden Waldorf toys and arts &amp; crafts supplies, school supplies, children&#039;s furniture and Montessori reference and parenting books.","publisher":{"@id":"https:\/\/teiaeducation.ch\/de\/#organization"},"alternateName":"Teia Education & Play","potentialAction":[{"@type":"SearchAction","target":{"@type":"EntryPoint","urlTemplate":"https:\/\/teiaeducation.ch\/de\/?s={search_term_string}"},"query-input":{"@type":"PropertyValueSpecification","valueRequired":true,"valueName":"search_term_string"}}],"inLanguage":"de-CH"},{"@type":"Organization","@id":"https:\/\/teiaeducation.ch\/de\/#organization","name":"Teia Education & Play","url":"https:\/\/teiaeducation.ch\/de\/","logo":{"@type":"ImageObject","inLanguage":"de-CH","@id":"https:\/\/teiaeducation.ch\/de\/#\/schema\/logo\/image\/","url":"https:\/\/teiaeducation.ch\/wp-content\/uploads\/2020\/11\/Teia-Education-Switzerland-e1620156442216.jpg","contentUrl":"https:\/\/teiaeducation.ch\/wp-content\/uploads\/2020\/11\/Teia-Education-Switzerland-e1620156442216.jpg","width":166,"height":145,"caption":"Teia Education & Play"},"image":{"@id":"https:\/\/teiaeducation.ch\/de\/#\/schema\/logo\/image\/"},"sameAs":["https:\/\/www.facebook.com\/teiaeducation\/","https:\/\/x.com\/EducationTeia","https:\/\/www.instagram.com\/teia.education\/","https:\/\/www.linkedin.com\/company\/35501660","https:\/\/www.pinterest.ch\/TeiaEducation\/"]}]},"product_price_amount":"49.00","product_price_currency":"CHF","og_availability":"instock","product_availability":"instock","product_retailer_item_id":"00000000000000000000000000000000000000000000027270","product_condition":"new"},"_links":{"self":[{"href":"https:\/\/teiaeducation.ch\/de\/wp-json\/wp\/v2\/product\/59887","targetHints":{"allow":["GET"]}}],"collection":[{"href":"https:\/\/teiaeducation.ch\/de\/wp-json\/wp\/v2\/product"}],"about":[{"href":"https:\/\/teiaeducation.ch\/de\/wp-json\/wp\/v2\/types\/product"}],"replies":[{"embeddable":true,"href":"https:\/\/teiaeducation.ch\/de\/wp-json\/wp\/v2\/comments?post=59887"}],"wp:featuredmedia":[{"embeddable":true,"href":"https:\/\/teiaeducation.ch\/de\/wp-json\/wp\/v2\/media\/59888"}],"wp:attachment":[{"href":"https:\/\/teiaeducation.ch\/de\/wp-json\/wp\/v2\/media?parent=59887"}],"wp:term":[{"taxonomy":"product_brand","embeddable":true,"href":"https:\/\/teiaeducation.ch\/de\/wp-json\/wp\/v2\/product_brand?post=59887"},{"taxonomy":"product_cat","embeddable":true,"href":"https:\/\/teiaeducation.ch\/de\/wp-json\/wp\/v2\/product_cat?post=59887"},{"taxonomy":"product_tag","embeddable":true,"href":"https:\/\/teiaeducation.ch\/de\/wp-json\/wp\/v2\/product_tag?post=59887"}],"curies":[{"name":"wp","href":"https:\/\/api.w.org\/{rel}","templated":true}]}}