{"id":59894,"date":"2021-06-04T14:24:46","date_gmt":"2021-06-04T12:24:46","guid":{"rendered":"https:\/\/teiaeducation.ch\/product\/dekoratives-bienenwachs-schmal-in-12-farben-stockmar\/"},"modified":"2024-11-07T15:34:35","modified_gmt":"2024-11-07T14:34:35","slug":"dekoratives-bienenwachs-schmal-in-12-farben-stockmar","status":"publish","type":"product","link":"https:\/\/teiaeducation.ch\/de\/produkt\/dekoratives-bienenwachs-schmal-in-12-farben-stockmar\/","title":{"rendered":"Wachsfolien klein Sortiment 12 Farben &#8211; Stockmar"},"content":{"rendered":"<p>Dieses reizvolle Set aus ungiftigen, hochwertigen, extra d\u00fcnnen und biegsamen, Stockmar Wachsfolien klein Sortiment in 12 Farben ist ein typisches <a href=\"https:\/\/teiaeducation.ch\/product-category\/education-method\/waldorf-steiner-toys-craft-materials\/\">Waldorf<\/a> Kunstprodukt und hat eine hohe p\u00e4dagogische und k\u00fcnstlerische Qualit\u00e4t. Dekoratives Wachsfolien ist ein ideales Material, um Kerzenschachteln, Bilderrahmen und vieles mehr mit lustigen Formen in kleine, pers\u00f6nliche Kunstwerke zu verwandeln! Der angenehme Duft der platten und ihre saubere Handhabung sprechen die Sinne des Kindes an.<\/p>\n<p>Mit einer Mischung aus mit Ton behandeltem mikrokristallinem Wachs, Pflanzenharzen und Farbpigmenten ist das Stockmar Wachsfolien eine vegane Alternative zum Dekorieren und Modellieren. Mit reinem, naturbelassenem Bienenwachs als Bindemittel in lebendigen und leuchtenden Farben hergestellt, wird das Stockmar Dekobienenwachs nach dem Erw\u00e4rmen in den H\u00e4nden geschmeidig, br\u00f6ckelt nicht und trocknet nicht aus. Die platten k\u00f6nnen geknetet oder in verschiedene Formen geschnitten werden oder auf die traditionelle Waldorf-Art verwendet werden, um Bienenwachs- oder Paraffinkerzen zu umwickeln. Bei der Verwendung als Kerzendekoration brennt das Wachs sicher, wenn es mit der Kerze angez\u00fcndet wird.<\/p>\n<p>Die Wachsfolien haften auch auf vielen anderen Oberfl\u00e4chen wie Holz und Glas. Die mit Bienenwachs hergestellten Figuren h\u00e4rten aus und behalten ihre Form, k\u00f6nnen aber bei Bedarf erw\u00e4rmt und umgestaltet werden. Auch nach dem Aush\u00e4rten bleiben die Leuchtkraft und der feine Glanz der Farben erhalten.<\/p>\n<p>Mit dem dekorativen Bienenwachs machen Kinder Kunst mit allen Sinnen erlebbar, denn beim Formen wirken Duft, Farbe und Konsistenz zusammen. Das Stockmar Dekobienenwachs erf\u00fcllt h\u00f6chste p\u00e4dagogische, \u00e4sthetische und k\u00fcnstlerische Anspr\u00fcche und verspricht jahrelang pures Bastelvergn\u00fcgen f\u00fcr Kinder und Erwachsene gleicherma\u00dfen.<\/p>\n<p>Dieses Set enth\u00e4lt 12 Folien mit den Ma\u00dfen 200 x 40 x 0,9 mm in den folgenden Farben aus dem Stockmar Sortiment:<\/p>\n<p>01 Karminrot | 02 Zinnoberrot | 03 Orange | 04 Goldgelb | 07 Gr\u00fcn | 09 Blau | 12 Rotviolett | 13 Rost | 15 Schwarz | 24 Rosa | 25 Gold | 26 Silber.<\/p>\n<p>Die Stockmar Wachsfolien wurde mit dem Spielgut\u00ae-Siegel ausgezeichnet und sind f\u00fcr Kinder ab 4 Jahren geeignet.<\/p>\n<p>Tipps und Techniken zum Experimentieren mit diee Wachsfolien finden Sie in diesem <a href=\"https:\/\/teiaeducation.ch\/stockmar_decorating-wax_techniques-and-tips_introduction_en-2\/\">Stockmar-Leitfaden<\/a>.<\/p>\n<p>Inhalt:<\/p>\n<p>Dekoratives Wachsfolien klein in 12 Farben<br \/>\n1 Kartondose<\/p>\n<h2>\u00dcber Stockmar<\/h2>\n<p>Die renommierte Deutsche Marke\u00a0<a href=\"https:\/\/teiaeducation.ch\/de\/produkt-kategorie\/unsere-marken\/stockmar-de\/\">Stockmar<\/a>\u00a0produziert hochwertige Materialien, die in Rudolf Steiner \/\u00a0<a href=\"https:\/\/teiaeducation.ch\/de\/spielzeug-und-natuerlichen-kreatives-materialien-fuer-waldorf-steiner-schulen\/\">Waldorfschulen<\/a>\u00a0auf der ganzen Welt verwendet werden. Stockmars Bienenwachs zum\u00a0<a href=\"https:\/\/teiaeducation.ch\/de\/produkt\/modellierbienenwachs-15-farben-stockmar\/\">Modellieren<\/a>\u00a0und\u00a0<a href=\"https:\/\/teiaeducation.ch\/de\/produkt\/dekoratives-bienenwachs-breit-in-18-farben-stockmar\/\">Dekorieren<\/a>,\u00a0<a href=\"https:\/\/teiaeducation.ch\/de\/produkt\/wachsmalstifte-12-farben-stockmar\/\">Wachsmalstifte<\/a>, Wachsmalbl\u00f6cke und\u00a0<a href=\"https:\/\/teiaeducation.ch\/de\/produkt\/aquarellfarben-grundsortiment-6-farben-stockmar\/\">Aquarellfarben<\/a>\u00a0sprechen alle Sinne des Kindes an.<\/p>\n<p>Die in Deutschland aus Bienenwachs hergestellten\u00a0<a href=\"https:\/\/teiaeducation.ch\/de\/produkt-kategorie\/malen-basteln\/\">Materialien<\/a>\u00a0von Stockmar sind ungiftig und werden nach den h\u00f6chsten p\u00e4dagogischen, k\u00fcnstlerischen, sozialen und \u00f6kologischen Standards hergestellt und von unabh\u00e4ngigen Labors in Deutschland auf ihre Sicherheit und Reinheit gepr\u00fcft.<\/p>\n<p>Die breite und sorgf\u00e4ltig ausgew\u00e4hlte Farbpalette basiert auf\u00a0<a href=\"https:\/\/teiaeducation.ch\/de\/produkt\/groser-farbkreis-goethe-grimms\/\">Goethes Farbkreis<\/a>\u00a0und ist bei allen Stockmar Produkten einheitlich, um die Harmonie zwischen den\u00a0<a href=\"https:\/\/teiaeducation.ch\/de\/produkt-kategorie\/lernthemen\/sensorische-motorische-fertigkeiten\/farbe-lernen\/\">Farben<\/a>\u00a0und beim Mischen verschiedener Medien zu gew\u00e4hrleisten. Die Materialien sind reich pigmentiert, um lebendige Kunstwerke zu schaffen, und sind extrem langlebig.<\/p>\n","protected":false},"excerpt":{"rendered":"<p>Artikelnummer: 85063000<\/p>\n<p>Die ungiftigen, hochwertigen Stockmar d\u00fcnnen und biegsamen Wachsfolien klein in 12 Waldorf Farben sind ideal f\u00fcr die Dekoration von Wachskerzen!<\/p>\n","protected":false},"featured_media":59895,"comment_status":"open","ping_status":"closed","template":"","meta":[],"product_brand":[],"product_cat":[21445,21446,21479,21465,21456,21447,21443,22349,21563,21668,21564,21483,22363],"product_tag":[23084,28757,28756,28754,23082,28753,23087,23080,23081,23079,23083,28752,28751,28755],"class_list":{"0":"post-59894","1":"product","2":"type-product","3":"status-publish","4":"has-post-thumbnail","6":"product_cat-3-6-jahre-vorschule","7":"product_cat-6-12-jahre-grundschule","8":"product_cat-lernmaterialien-spielzeug-montessori-waldorf-steiner-froebel","9":"product_cat-feier-festlichkeiten","10":"product_cat-kneten-modellieren-malen-basteln","11":"product_cat-malen-basteln","12":"product_cat-nach-alter","13":"product_cat-natur-saisonale-tische-de","14":"product_cat-neuheiten","15":"product_cat-stockmar-de","16":"product_cat-unsere-marken","17":"product_cat-waldorf-steiner-paedagogik","18":"product_cat-winter-kollektion","19":"product_tag-steiner-waldorfschulbedarf-schweiz","20":"product_tag-stockmar-bienenwachs-zum-dekorieren","21":"product_tag-stockmar-bienenwachsplatten","22":"product_tag-stockmar-dekoration-bienenwachsplatten-schmal","23":"product_tag-stockmar-deutschland","24":"product_tag-stockmar-naturknetwachs","25":"product_tag-stockmar-naturliche-wachsmalstifte","26":"product_tag-stockmar-schweiz-de","27":"product_tag-stockmar-suisse-de","28":"product_tag-stockmar-switzerland-de","29":"product_tag-stockmar-waldorf-bedarf","30":"product_tag-ungiftig-modellierendes-bienenwachs-waldorf","31":"product_tag-ungiftiges-modellierwachs","32":"product_tag-waldorfkerzen-und-wachsdekorationsartikel","34":"first","35":"instock","36":"taxable","37":"shipping-taxable","38":"purchasable","39":"product-type-simple"},"yoast_head":"<!-- This site is optimized with the Yoast SEO plugin v27.1.1 - https:\/\/yoast.com\/product\/yoast-seo-wordpress\/ -->\n<title>Wachsfolien klein Sortiment 12 Farben - Stockmar<\/title>\n<meta name=\"description\" content=\"Die ungiftigen, hochwertigen Stockmar d\u00fcnnen und biegsamen Wachsfolien klein in 12 Waldorf Farben sind ideal f\u00fcr die Dekoration von Wachskerzen.\" \/>\n<meta name=\"robots\" content=\"index, follow, max-snippet:-1, max-image-preview:large, max-video-preview:-1\" \/>\n<link rel=\"canonical\" href=\"https:\/\/teiaeducation.ch\/de\/produkt\/dekoratives-bienenwachs-schmal-in-12-farben-stockmar\/\" \/>\n<meta property=\"og:locale\" content=\"de_DE\" \/>\n<meta property=\"og:type\" content=\"article\" \/>\n<meta property=\"og:title\" content=\"Wachsfolien klein Sortiment 12 Farben - Stockmar\" \/>\n<meta property=\"og:description\" content=\"Die ungiftigen, hochwertigen Stockmar d\u00fcnnen und biegsamen Wachsfolien klein in 12 Waldorf Farben sind ideal f\u00fcr die Dekoration von Wachskerzen.\" \/>\n<meta property=\"og:url\" content=\"https:\/\/teiaeducation.ch\/de\/produkt\/dekoratives-bienenwachs-schmal-in-12-farben-stockmar\/\" \/>\n<meta property=\"og:site_name\" content=\"Sustainable Educational Products &amp; Ecological Toys\u00a0\" \/>\n<meta property=\"article:publisher\" content=\"https:\/\/www.facebook.com\/teiaeducation\/\" \/>\n<meta property=\"article:modified_time\" content=\"2024-11-07T14:34:35+00:00\" \/>\n<meta property=\"og:image\" content=\"https:\/\/teiaeducation.ch\/wp-content\/uploads\/2021\/06\/Decorating-beeswax-narrow-12-Waldorf-art-supplies-Stockmar.jpg\" \/>\n\t<meta property=\"og:image:width\" content=\"1097\" \/>\n\t<meta property=\"og:image:height\" content=\"1049\" \/>\n\t<meta property=\"og:image:type\" content=\"image\/jpeg\" \/>\n<script type=\"application\/ld+json\" class=\"yoast-schema-graph\">{\"@context\":\"https:\/\/schema.org\",\"@graph\":[{\"@type\":\"WebPage\",\"@id\":\"https:\/\/teiaeducation.ch\/de\/produkt\/dekoratives-bienenwachs-schmal-in-12-farben-stockmar\/\",\"url\":\"https:\/\/teiaeducation.ch\/de\/produkt\/dekoratives-bienenwachs-schmal-in-12-farben-stockmar\/\",\"name\":\"Wachsfolien klein Sortiment 12 Farben - Stockmar\",\"isPartOf\":{\"@id\":\"https:\/\/teiaeducation.ch\/de\/#website\"},\"primaryImageOfPage\":{\"@id\":\"https:\/\/teiaeducation.ch\/de\/produkt\/dekoratives-bienenwachs-schmal-in-12-farben-stockmar\/#primaryimage\"},\"image\":{\"@id\":\"https:\/\/teiaeducation.ch\/de\/produkt\/dekoratives-bienenwachs-schmal-in-12-farben-stockmar\/#primaryimage\"},\"thumbnailUrl\":\"https:\/\/teiaeducation.ch\/wp-content\/uploads\/2021\/06\/Decorating-beeswax-narrow-12-Waldorf-art-supplies-Stockmar.jpg\",\"datePublished\":\"2021-06-04T12:24:46+00:00\",\"dateModified\":\"2024-11-07T14:34:35+00:00\",\"description\":\"Die ungiftigen, hochwertigen Stockmar d\u00fcnnen und biegsamen Wachsfolien klein in 12 Waldorf Farben sind ideal f\u00fcr die Dekoration von Wachskerzen.\",\"breadcrumb\":{\"@id\":\"https:\/\/teiaeducation.ch\/de\/produkt\/dekoratives-bienenwachs-schmal-in-12-farben-stockmar\/#breadcrumb\"},\"inLanguage\":\"de-CH\",\"potentialAction\":[{\"@type\":\"ReadAction\",\"target\":[\"https:\/\/teiaeducation.ch\/de\/produkt\/dekoratives-bienenwachs-schmal-in-12-farben-stockmar\/\"]}]},{\"@type\":\"ImageObject\",\"inLanguage\":\"de-CH\",\"@id\":\"https:\/\/teiaeducation.ch\/de\/produkt\/dekoratives-bienenwachs-schmal-in-12-farben-stockmar\/#primaryimage\",\"url\":\"https:\/\/teiaeducation.ch\/wp-content\/uploads\/2021\/06\/Decorating-beeswax-narrow-12-Waldorf-art-supplies-Stockmar.jpg\",\"contentUrl\":\"https:\/\/teiaeducation.ch\/wp-content\/uploads\/2021\/06\/Decorating-beeswax-narrow-12-Waldorf-art-supplies-Stockmar.jpg\",\"width\":1097,\"height\":1049,\"caption\":\"Dekoratives Bienenwachs schmal in 12 Farben : Waldorf-Kunstbedarf - Stockmar\"},{\"@type\":\"BreadcrumbList\",\"@id\":\"https:\/\/teiaeducation.ch\/de\/produkt\/dekoratives-bienenwachs-schmal-in-12-farben-stockmar\/#breadcrumb\",\"itemListElement\":[{\"@type\":\"ListItem\",\"position\":1,\"name\":\"Home\",\"item\":\"https:\/\/teiaeducation.ch\/de\/\"},{\"@type\":\"ListItem\",\"position\":2,\"name\":\"Laden\",\"item\":\"https:\/\/teiaeducation.ch\/de\/shop\/\"},{\"@type\":\"ListItem\",\"position\":3,\"name\":\"Unsere Marken\",\"item\":\"https:\/\/teiaeducation.ch\/de\/produkt-kategorie\/unsere-marken\/\"},{\"@type\":\"ListItem\",\"position\":4,\"name\":\"Stockmar\",\"item\":\"https:\/\/teiaeducation.ch\/de\/produkt-kategorie\/unsere-marken\/stockmar-de\/\"},{\"@type\":\"ListItem\",\"position\":5,\"name\":\"Wachsfolien klein Sortiment 12 Farben &#8211; Stockmar\"}]},{\"@type\":\"WebSite\",\"@id\":\"https:\/\/teiaeducation.ch\/de\/#website\",\"url\":\"https:\/\/teiaeducation.ch\/de\/\",\"name\":\"Sustainable Educational Products &amp; Ecological Toys\u00a0\",\"description\":\"Specialised Swiss shop selling sustainable educational toys and games, AMI certified Montessori materials, handmade ecological wooden Waldorf toys and arts &amp; crafts supplies, school supplies, children&#039;s furniture and Montessori reference and parenting books.\",\"publisher\":{\"@id\":\"https:\/\/teiaeducation.ch\/de\/#organization\"},\"alternateName\":\"Teia Education & Play\",\"potentialAction\":[{\"@type\":\"SearchAction\",\"target\":{\"@type\":\"EntryPoint\",\"urlTemplate\":\"https:\/\/teiaeducation.ch\/de\/?s={search_term_string}\"},\"query-input\":{\"@type\":\"PropertyValueSpecification\",\"valueRequired\":true,\"valueName\":\"search_term_string\"}}],\"inLanguage\":\"de-CH\"},{\"@type\":\"Organization\",\"@id\":\"https:\/\/teiaeducation.ch\/de\/#organization\",\"name\":\"Teia Education & Play\",\"url\":\"https:\/\/teiaeducation.ch\/de\/\",\"logo\":{\"@type\":\"ImageObject\",\"inLanguage\":\"de-CH\",\"@id\":\"https:\/\/teiaeducation.ch\/de\/#\/schema\/logo\/image\/\",\"url\":\"https:\/\/teiaeducation.ch\/wp-content\/uploads\/2020\/11\/Teia-Education-Switzerland-e1620156442216.jpg\",\"contentUrl\":\"https:\/\/teiaeducation.ch\/wp-content\/uploads\/2020\/11\/Teia-Education-Switzerland-e1620156442216.jpg\",\"width\":166,\"height\":145,\"caption\":\"Teia Education & Play\"},\"image\":{\"@id\":\"https:\/\/teiaeducation.ch\/de\/#\/schema\/logo\/image\/\"},\"sameAs\":[\"https:\/\/www.facebook.com\/teiaeducation\/\",\"https:\/\/x.com\/EducationTeia\",\"https:\/\/www.instagram.com\/teia.education\/\",\"https:\/\/www.linkedin.com\/company\/35501660\",\"https:\/\/www.pinterest.ch\/TeiaEducation\/\"]}]}<\/script>\n<!-- \/ Yoast SEO plugin. -->","yoast_head_json":{"title":"Wachsfolien klein Sortiment 12 Farben - Stockmar","description":"Die ungiftigen, hochwertigen Stockmar d\u00fcnnen und biegsamen Wachsfolien klein in 12 Waldorf Farben sind ideal f\u00fcr die Dekoration von Wachskerzen.","robots":{"index":"index","follow":"follow","max-snippet":"max-snippet:-1","max-image-preview":"max-image-preview:large","max-video-preview":"max-video-preview:-1"},"canonical":"https:\/\/teiaeducation.ch\/de\/produkt\/dekoratives-bienenwachs-schmal-in-12-farben-stockmar\/","og_locale":"de_DE","og_type":"article","og_title":"Wachsfolien klein Sortiment 12 Farben - Stockmar","og_description":"Die ungiftigen, hochwertigen Stockmar d\u00fcnnen und biegsamen Wachsfolien klein in 12 Waldorf Farben sind ideal f\u00fcr die Dekoration von Wachskerzen.","og_url":"https:\/\/teiaeducation.ch\/de\/produkt\/dekoratives-bienenwachs-schmal-in-12-farben-stockmar\/","og_site_name":"Sustainable Educational Products &amp; Ecological Toys\u00a0","article_publisher":"https:\/\/www.facebook.com\/teiaeducation\/","article_modified_time":"2024-11-07T14:34:35+00:00","og_image":[{"width":1097,"height":1049,"url":"https:\/\/teiaeducation.ch\/wp-content\/uploads\/2021\/06\/Decorating-beeswax-narrow-12-Waldorf-art-supplies-Stockmar.jpg","type":"image\/jpeg"}],"schema":{"@context":"https:\/\/schema.org","@graph":[{"@type":"WebPage","@id":"https:\/\/teiaeducation.ch\/de\/produkt\/dekoratives-bienenwachs-schmal-in-12-farben-stockmar\/","url":"https:\/\/teiaeducation.ch\/de\/produkt\/dekoratives-bienenwachs-schmal-in-12-farben-stockmar\/","name":"Wachsfolien klein Sortiment 12 Farben - Stockmar","isPartOf":{"@id":"https:\/\/teiaeducation.ch\/de\/#website"},"primaryImageOfPage":{"@id":"https:\/\/teiaeducation.ch\/de\/produkt\/dekoratives-bienenwachs-schmal-in-12-farben-stockmar\/#primaryimage"},"image":{"@id":"https:\/\/teiaeducation.ch\/de\/produkt\/dekoratives-bienenwachs-schmal-in-12-farben-stockmar\/#primaryimage"},"thumbnailUrl":"https:\/\/teiaeducation.ch\/wp-content\/uploads\/2021\/06\/Decorating-beeswax-narrow-12-Waldorf-art-supplies-Stockmar.jpg","datePublished":"2021-06-04T12:24:46+00:00","dateModified":"2024-11-07T14:34:35+00:00","description":"Die ungiftigen, hochwertigen Stockmar d\u00fcnnen und biegsamen Wachsfolien klein in 12 Waldorf Farben sind ideal f\u00fcr die Dekoration von Wachskerzen.","breadcrumb":{"@id":"https:\/\/teiaeducation.ch\/de\/produkt\/dekoratives-bienenwachs-schmal-in-12-farben-stockmar\/#breadcrumb"},"inLanguage":"de-CH","potentialAction":[{"@type":"ReadAction","target":["https:\/\/teiaeducation.ch\/de\/produkt\/dekoratives-bienenwachs-schmal-in-12-farben-stockmar\/"]}]},{"@type":"ImageObject","inLanguage":"de-CH","@id":"https:\/\/teiaeducation.ch\/de\/produkt\/dekoratives-bienenwachs-schmal-in-12-farben-stockmar\/#primaryimage","url":"https:\/\/teiaeducation.ch\/wp-content\/uploads\/2021\/06\/Decorating-beeswax-narrow-12-Waldorf-art-supplies-Stockmar.jpg","contentUrl":"https:\/\/teiaeducation.ch\/wp-content\/uploads\/2021\/06\/Decorating-beeswax-narrow-12-Waldorf-art-supplies-Stockmar.jpg","width":1097,"height":1049,"caption":"Dekoratives Bienenwachs schmal in 12 Farben : Waldorf-Kunstbedarf - Stockmar"},{"@type":"BreadcrumbList","@id":"https:\/\/teiaeducation.ch\/de\/produkt\/dekoratives-bienenwachs-schmal-in-12-farben-stockmar\/#breadcrumb","itemListElement":[{"@type":"ListItem","position":1,"name":"Home","item":"https:\/\/teiaeducation.ch\/de\/"},{"@type":"ListItem","position":2,"name":"Laden","item":"https:\/\/teiaeducation.ch\/de\/shop\/"},{"@type":"ListItem","position":3,"name":"Unsere Marken","item":"https:\/\/teiaeducation.ch\/de\/produkt-kategorie\/unsere-marken\/"},{"@type":"ListItem","position":4,"name":"Stockmar","item":"https:\/\/teiaeducation.ch\/de\/produkt-kategorie\/unsere-marken\/stockmar-de\/"},{"@type":"ListItem","position":5,"name":"Wachsfolien klein Sortiment 12 Farben &#8211; Stockmar"}]},{"@type":"WebSite","@id":"https:\/\/teiaeducation.ch\/de\/#website","url":"https:\/\/teiaeducation.ch\/de\/","name":"Sustainable Educational Products &amp; Ecological Toys\u00a0","description":"Specialised Swiss shop selling sustainable educational toys and games, AMI certified Montessori materials, handmade ecological wooden Waldorf toys and arts &amp; crafts supplies, school supplies, children&#039;s furniture and Montessori reference and parenting books.","publisher":{"@id":"https:\/\/teiaeducation.ch\/de\/#organization"},"alternateName":"Teia Education & Play","potentialAction":[{"@type":"SearchAction","target":{"@type":"EntryPoint","urlTemplate":"https:\/\/teiaeducation.ch\/de\/?s={search_term_string}"},"query-input":{"@type":"PropertyValueSpecification","valueRequired":true,"valueName":"search_term_string"}}],"inLanguage":"de-CH"},{"@type":"Organization","@id":"https:\/\/teiaeducation.ch\/de\/#organization","name":"Teia Education & Play","url":"https:\/\/teiaeducation.ch\/de\/","logo":{"@type":"ImageObject","inLanguage":"de-CH","@id":"https:\/\/teiaeducation.ch\/de\/#\/schema\/logo\/image\/","url":"https:\/\/teiaeducation.ch\/wp-content\/uploads\/2020\/11\/Teia-Education-Switzerland-e1620156442216.jpg","contentUrl":"https:\/\/teiaeducation.ch\/wp-content\/uploads\/2020\/11\/Teia-Education-Switzerland-e1620156442216.jpg","width":166,"height":145,"caption":"Teia Education & Play"},"image":{"@id":"https:\/\/teiaeducation.ch\/de\/#\/schema\/logo\/image\/"},"sameAs":["https:\/\/www.facebook.com\/teiaeducation\/","https:\/\/x.com\/EducationTeia","https:\/\/www.instagram.com\/teia.education\/","https:\/\/www.linkedin.com\/company\/35501660","https:\/\/www.pinterest.ch\/TeiaEducation\/"]}]}},"_links":{"self":[{"href":"https:\/\/teiaeducation.ch\/de\/wp-json\/wp\/v2\/product\/59894","targetHints":{"allow":["GET"]}}],"collection":[{"href":"https:\/\/teiaeducation.ch\/de\/wp-json\/wp\/v2\/product"}],"about":[{"href":"https:\/\/teiaeducation.ch\/de\/wp-json\/wp\/v2\/types\/product"}],"replies":[{"embeddable":true,"href":"https:\/\/teiaeducation.ch\/de\/wp-json\/wp\/v2\/comments?post=59894"}],"wp:featuredmedia":[{"embeddable":true,"href":"https:\/\/teiaeducation.ch\/de\/wp-json\/wp\/v2\/media\/59895"}],"wp:attachment":[{"href":"https:\/\/teiaeducation.ch\/de\/wp-json\/wp\/v2\/media?parent=59894"}],"wp:term":[{"taxonomy":"product_brand","embeddable":true,"href":"https:\/\/teiaeducation.ch\/de\/wp-json\/wp\/v2\/product_brand?post=59894"},{"taxonomy":"product_cat","embeddable":true,"href":"https:\/\/teiaeducation.ch\/de\/wp-json\/wp\/v2\/product_cat?post=59894"},{"taxonomy":"product_tag","embeddable":true,"href":"https:\/\/teiaeducation.ch\/de\/wp-json\/wp\/v2\/product_tag?post=59894"}],"curies":[{"name":"wp","href":"https:\/\/api.w.org\/{rel}","templated":true}]}}