{"id":59896,"date":"2020-10-16T09:43:36","date_gmt":"2020-10-16T07:43:36","guid":{"rendered":"https:\/\/teiaeducation.ch\/product\/wachsmalstifte-block-stick-mix-16-stueck-stockmar\/"},"modified":"2026-01-02T16:34:00","modified_gmt":"2026-01-02T15:34:00","slug":"wachsmalstifte-block-stick-mix-16-stueck-stockmar","status":"publish","type":"product","link":"https:\/\/teiaeducation.ch\/de\/produkt\/wachsmalstifte-block-stick-mix-16-stueck-stockmar\/","title":{"rendered":"Wachsmalstifte &#038; Wachsmalbl\u00f6cke Kombisortiment 16 St &#8211; Stockmar"},"content":{"rendered":"<p>Ein Set aus ungiftigem, hochwertigem Waldorf Kunstzubeh\u00f6r Stockmar Wachsmalstifte and Wachsmalbl\u00f6cke Kombisortiment inklusive Blechdose und kleinem Spachtel. Das Set enth\u00e4lt 8 unzerbrechliche Wachsmalstifte und 8 unzerbrechliche Wachsmalbl\u00f6cke.<\/p>\n<p>Die Gr\u00f6\u00dfe und Form der Wachsmalbl\u00f6cke und Wachsmalstifte liegen gut in der Hand und sind besonders f\u00fcr kleine Kinder geeignet. Die Wachsmalkreiden von Stockmar enthalten reines Bienenwachs als Bindemittel und erf\u00fcllen h\u00f6chste p\u00e4dagogische, \u00e4sthetische und k\u00fcnstlerische Anspr\u00fcche und versprechen jahrelangen reinen Malspa\u00df. Die Wachsmalstifte und bl\u00f6cke haben einen angenehmen Duft, der die <a href=\"https:\/\/teiaeducation.ch\/product-category\/play\/sensory-play\/\">Sinne<\/a> des Kindes anspricht.<\/p>\n<p>Die ungiftigen Wachsmalstifte mit ihren hervorragenden Zeicheneigenschaften, die garantiert nicht br\u00f6ckeln, kleben oder verschmieren, sind Bestandteil eines fundierten Konzepts der Waldorf-Kunstp\u00e4dagogik f\u00fcr Kinder. Die Form der Wachsmalbl\u00f6cke erm\u00f6glicht es, durch Ziehen des Blocks \u00fcber das Papier eine Vielzahl von k\u00fcnstlerischen Effekten wie z.B. Wellen zu erzeugen.<\/p>\n<p>Die Farbskala der Wachsmalstifte und Wachsmalbl\u00f6cke folgt der erweiterten Fassung von Goethes \u201cFarbenlehre\u201d: Jeder im Sortiment enthaltene Ton ist so abgestimmt, dass er sich mit jeder der anderen Farben gut mischen l\u00e4sst. Harmonische Zwischenabstufungen und grenzenlose Farbverl\u00e4ufe sind auch beim Zeichnen, Malen, gro\u00dfz\u00fcgigen Auftragen, Schichten, Schaben oder Schmelzen von Farben m\u00f6glich. Die nat\u00fcrliche Transparenz des Wachses und das Fehlen von F\u00fcllstoffen f\u00fchren zu einer Lasurf\u00e4higkeit, die mit der von Aquarellfarbe vergleichbar ist.<\/p>\n<p>Das Stockmar Waldorf- Wachsmalstifte and Wachsmalbl\u00f6cke Kombisortiment enth\u00e4lt die folgenden Farben aus dem Stockmar Sortiment:<\/p>\n<p>01 Karminrot | 03 Orange | 05 Zitronengelb | 07 Gr\u00fcn | 09 Blau | 11 Blauviolett | 13 Rost | 15 Schwarz<\/p>\n<p>Nach dem Auftragen sind die Farben wischfest und haben eine hohe Leuchtkraft.<\/p>\n<p>Die Stockmar Wachsmalbl\u00f6cke und Wachsmalstifte sind f\u00fcr Kinder ab 3 Jahren geeignet und wurden mit dem Spielgut\u00ae-Siegel ausgezeichnet.<\/p>\n<p>Inhalt:<\/p>\n<p>8 Wachsmalbl\u00f6cke<br \/>\n8 Wachsmalstifte<br \/>\n1 Blechdose<br \/>\n1 Spachtel<\/p>\n<h2>\u00dcber Stockmar<\/h2>\n<p>Die renommierte Deutsche Marke\u00a0<a href=\"https:\/\/teiaeducation.ch\/de\/produkt-kategorie\/unsere-marken\/stockmar-de\/\">Stockmar<\/a>\u00a0produziert hochwertige Materialien, die in Rudolf Steiner \/\u00a0<a href=\"https:\/\/teiaeducation.ch\/de\/spielzeug-und-natuerlichen-kreatives-materialien-fuer-waldorf-steiner-schulen\/\">Waldorfschulen<\/a>\u00a0auf der ganzen Welt verwendet werden. Stockmars Bienenwachs zum\u00a0<a href=\"https:\/\/teiaeducation.ch\/de\/produkt\/modellierbienenwachs-15-farben-stockmar\/\">Modellieren<\/a>\u00a0und\u00a0<a href=\"https:\/\/teiaeducation.ch\/de\/produkt\/dekoratives-bienenwachs-breit-in-18-farben-stockmar\/\">Dekorieren<\/a>,\u00a0<a href=\"https:\/\/teiaeducation.ch\/de\/produkt\/wachsmalstifte-12-farben-stockmar\/\">Wachsmalstifte<\/a>, Wachsmalbl\u00f6cke und\u00a0<a href=\"https:\/\/teiaeducation.ch\/de\/produkt\/aquarellfarben-grundsortiment-6-farben-stockmar\/\">Aquarellfarben<\/a>\u00a0sprechen alle Sinne des Kindes an.<\/p>\n<p>Die in Deutschland aus Bienenwachs hergestellten\u00a0<a href=\"https:\/\/teiaeducation.ch\/de\/produkt-kategorie\/malen-basteln\/\">Materialien<\/a>\u00a0von Stockmar sind ungiftig und werden nach den h\u00f6chsten p\u00e4dagogischen, k\u00fcnstlerischen, sozialen und \u00f6kologischen Standards hergestellt und von unabh\u00e4ngigen Labors in Deutschland auf ihre Sicherheit und Reinheit gepr\u00fcft.<\/p>\n<p>Die breite und sorgf\u00e4ltig ausgew\u00e4hlte Farbpalette basiert auf\u00a0<a href=\"https:\/\/teiaeducation.ch\/de\/produkt\/groser-farbkreis-goethe-grimms\/\">Goethes Farbkreis<\/a>\u00a0und ist bei allen Stockmar Produkten einheitlich, um die Harmonie zwischen den\u00a0<a href=\"https:\/\/teiaeducation.ch\/de\/produkt-kategorie\/lernthemen\/sensorische-motorische-fertigkeiten\/farbe-lernen\/\">Farben<\/a>\u00a0und beim Mischen verschiedener Medien zu gew\u00e4hrleisten. Die Materialien sind reich pigmentiert, um lebendige Kunstwerke zu schaffen, und sind extrem langlebig.<\/p>\n","protected":false},"excerpt":{"rendered":"<p>Artikelnummer: 85035061<\/p>\n<p>Ungiftige hochwertige Stockmar Waldorf Wachsmalstifte &amp; Wachsmalbl\u00f6cke Kombisortiment in sortierten Farben f\u00fcr h\u00f6chste k\u00fcnstlerische Anspr\u00fcche!<\/p>\n","protected":false},"featured_media":59897,"comment_status":"open","ping_status":"closed","template":"","meta":[],"product_brand":[],"product_cat":[21445,21446,22033,21479,21490,21484,21447,21443,21563,21668,21564,21483,21450],"product_tag":[23084,23082,23087,23080,23081,23079,23083,23086,23093],"class_list":{"0":"post-59896","1":"product","2":"type-product","3":"status-publish","4":"has-post-thumbnail","6":"product_cat-3-6-jahre-vorschule","7":"product_cat-6-12-jahre-grundschule","8":"product_cat-adventskalender-geschenke-strumpffueller","9":"product_cat-lernmaterialien-spielzeug-montessori-waldorf-steiner-froebel","10":"product_cat-geschenk-guide-kreativ","11":"product_cat-geschenk-guides","12":"product_cat-malen-basteln","13":"product_cat-nach-alter","14":"product_cat-neuheiten","15":"product_cat-stockmar-de","16":"product_cat-unsere-marken","17":"product_cat-waldorf-steiner-paedagogik","18":"product_cat-zeichnen-malen","19":"product_tag-steiner-waldorfschulbedarf-schweiz","20":"product_tag-stockmar-deutschland","21":"product_tag-stockmar-naturliche-wachsmalstifte","22":"product_tag-stockmar-schweiz-de","23":"product_tag-stockmar-suisse-de","24":"product_tag-stockmar-switzerland-de","25":"product_tag-stockmar-waldorf-bedarf","26":"product_tag-ungiftige-wachsmalstifte","27":"product_tag-wachsmalblocke-waldorfsortiment-stockmar","29":"first","30":"outofstock","31":"taxable","32":"shipping-taxable","33":"purchasable","34":"product-type-simple"},"yoast_head":"<!-- This site is optimized with the Yoast SEO plugin v27.1.1 - https:\/\/yoast.com\/product\/yoast-seo-wordpress\/ -->\n<title>Wachsmalstifte &amp; Wachsmalbl\u00f6cke Kombisortiment 16 St - Stockmar<\/title>\n<meta name=\"description\" content=\"Ungiftige hochwertige Stockmar Waldorf Wachsmalstifte &amp; Wachsmalbl\u00f6cke Kombisortiment in sortierten Farben f\u00fcr h\u00f6chste k\u00fcnstlerische Anspr\u00fcche.\" \/>\n<meta name=\"robots\" content=\"index, follow, max-snippet:-1, max-image-preview:large, max-video-preview:-1\" \/>\n<link rel=\"canonical\" href=\"https:\/\/teiaeducation.ch\/de\/produkt\/wachsmalstifte-block-stick-mix-16-stueck-stockmar\/\" \/>\n<meta property=\"og:locale\" content=\"de_DE\" \/>\n<meta property=\"og:type\" content=\"article\" \/>\n<meta property=\"og:title\" content=\"Wachsmalstifte &amp; Wachsmalbl\u00f6cke Kombisortiment 16 St - Stockmar\" \/>\n<meta property=\"og:description\" content=\"Ungiftige hochwertige Stockmar Waldorf Wachsmalstifte &amp; Wachsmalbl\u00f6cke Kombisortiment in sortierten Farben f\u00fcr h\u00f6chste k\u00fcnstlerische Anspr\u00fcche.\" \/>\n<meta property=\"og:url\" content=\"https:\/\/teiaeducation.ch\/de\/produkt\/wachsmalstifte-block-stick-mix-16-stueck-stockmar\/\" \/>\n<meta property=\"og:site_name\" content=\"Sustainable Educational Products &amp; Ecological Toys\u00a0\" \/>\n<meta property=\"article:publisher\" content=\"https:\/\/www.facebook.com\/teiaeducation\/\" \/>\n<meta property=\"article:modified_time\" content=\"2026-01-02T15:34:00+00:00\" \/>\n<meta property=\"og:image\" content=\"https:\/\/teiaeducation.ch\/wp-content\/uploads\/2020\/10\/Wax-crayons-mix-16-Waldorf-art-supplies-Stockmar.jpg\" \/>\n\t<meta property=\"og:image:width\" content=\"850\" \/>\n\t<meta property=\"og:image:height\" content=\"900\" \/>\n\t<meta property=\"og:image:type\" content=\"image\/jpeg\" \/>\n<script type=\"application\/ld+json\" class=\"yoast-schema-graph\">{\"@context\":\"https:\/\/schema.org\",\"@graph\":[{\"@type\":\"WebPage\",\"@id\":\"https:\/\/teiaeducation.ch\/de\/produkt\/wachsmalstifte-block-stick-mix-16-stueck-stockmar\/\",\"url\":\"https:\/\/teiaeducation.ch\/de\/produkt\/wachsmalstifte-block-stick-mix-16-stueck-stockmar\/\",\"name\":\"Wachsmalstifte & Wachsmalbl\u00f6cke Kombisortiment 16 St - Stockmar\",\"isPartOf\":{\"@id\":\"https:\/\/teiaeducation.ch\/de\/#website\"},\"primaryImageOfPage\":{\"@id\":\"https:\/\/teiaeducation.ch\/de\/produkt\/wachsmalstifte-block-stick-mix-16-stueck-stockmar\/#primaryimage\"},\"image\":{\"@id\":\"https:\/\/teiaeducation.ch\/de\/produkt\/wachsmalstifte-block-stick-mix-16-stueck-stockmar\/#primaryimage\"},\"thumbnailUrl\":\"https:\/\/teiaeducation.ch\/wp-content\/uploads\/2020\/10\/Wax-crayons-mix-16-Waldorf-art-supplies-Stockmar.jpg\",\"datePublished\":\"2020-10-16T07:43:36+00:00\",\"dateModified\":\"2026-01-02T15:34:00+00:00\",\"description\":\"Ungiftige hochwertige Stockmar Waldorf Wachsmalstifte & Wachsmalbl\u00f6cke Kombisortiment in sortierten Farben f\u00fcr h\u00f6chste k\u00fcnstlerische Anspr\u00fcche.\",\"breadcrumb\":{\"@id\":\"https:\/\/teiaeducation.ch\/de\/produkt\/wachsmalstifte-block-stick-mix-16-stueck-stockmar\/#breadcrumb\"},\"inLanguage\":\"de-CH\",\"potentialAction\":[{\"@type\":\"ReadAction\",\"target\":[\"https:\/\/teiaeducation.ch\/de\/produkt\/wachsmalstifte-block-stick-mix-16-stueck-stockmar\/\"]}]},{\"@type\":\"ImageObject\",\"inLanguage\":\"de-CH\",\"@id\":\"https:\/\/teiaeducation.ch\/de\/produkt\/wachsmalstifte-block-stick-mix-16-stueck-stockmar\/#primaryimage\",\"url\":\"https:\/\/teiaeducation.ch\/wp-content\/uploads\/2020\/10\/Wax-crayons-mix-16-Waldorf-art-supplies-Stockmar.jpg\",\"contentUrl\":\"https:\/\/teiaeducation.ch\/wp-content\/uploads\/2020\/10\/Wax-crayons-mix-16-Waldorf-art-supplies-Stockmar.jpg\",\"width\":850,\"height\":900,\"caption\":\"Wachsmalstifte Block &amp; Stick Mix 16 St\u00fcck : Waldorf-Kunstbedarf - Stockmar\"},{\"@type\":\"BreadcrumbList\",\"@id\":\"https:\/\/teiaeducation.ch\/de\/produkt\/wachsmalstifte-block-stick-mix-16-stueck-stockmar\/#breadcrumb\",\"itemListElement\":[{\"@type\":\"ListItem\",\"position\":1,\"name\":\"Home\",\"item\":\"https:\/\/teiaeducation.ch\/de\/\"},{\"@type\":\"ListItem\",\"position\":2,\"name\":\"Laden\",\"item\":\"https:\/\/teiaeducation.ch\/de\/shop\/\"},{\"@type\":\"ListItem\",\"position\":3,\"name\":\"Unsere Marken\",\"item\":\"https:\/\/teiaeducation.ch\/de\/produkt-kategorie\/unsere-marken\/\"},{\"@type\":\"ListItem\",\"position\":4,\"name\":\"Stockmar\",\"item\":\"https:\/\/teiaeducation.ch\/de\/produkt-kategorie\/unsere-marken\/stockmar-de\/\"},{\"@type\":\"ListItem\",\"position\":5,\"name\":\"Wachsmalstifte &#038; Wachsmalbl\u00f6cke Kombisortiment 16 St &#8211; Stockmar\"}]},{\"@type\":\"WebSite\",\"@id\":\"https:\/\/teiaeducation.ch\/de\/#website\",\"url\":\"https:\/\/teiaeducation.ch\/de\/\",\"name\":\"Sustainable Educational Products &amp; Ecological Toys\u00a0\",\"description\":\"Specialised Swiss shop selling sustainable educational toys and games, AMI certified Montessori materials, handmade ecological wooden Waldorf toys and arts &amp; crafts supplies, school supplies, children&#039;s furniture and Montessori reference and parenting books.\",\"publisher\":{\"@id\":\"https:\/\/teiaeducation.ch\/de\/#organization\"},\"alternateName\":\"Teia Education & Play\",\"potentialAction\":[{\"@type\":\"SearchAction\",\"target\":{\"@type\":\"EntryPoint\",\"urlTemplate\":\"https:\/\/teiaeducation.ch\/de\/?s={search_term_string}\"},\"query-input\":{\"@type\":\"PropertyValueSpecification\",\"valueRequired\":true,\"valueName\":\"search_term_string\"}}],\"inLanguage\":\"de-CH\"},{\"@type\":\"Organization\",\"@id\":\"https:\/\/teiaeducation.ch\/de\/#organization\",\"name\":\"Teia Education & Play\",\"url\":\"https:\/\/teiaeducation.ch\/de\/\",\"logo\":{\"@type\":\"ImageObject\",\"inLanguage\":\"de-CH\",\"@id\":\"https:\/\/teiaeducation.ch\/de\/#\/schema\/logo\/image\/\",\"url\":\"https:\/\/teiaeducation.ch\/wp-content\/uploads\/2020\/11\/Teia-Education-Switzerland-e1620156442216.jpg\",\"contentUrl\":\"https:\/\/teiaeducation.ch\/wp-content\/uploads\/2020\/11\/Teia-Education-Switzerland-e1620156442216.jpg\",\"width\":166,\"height\":145,\"caption\":\"Teia Education & Play\"},\"image\":{\"@id\":\"https:\/\/teiaeducation.ch\/de\/#\/schema\/logo\/image\/\"},\"sameAs\":[\"https:\/\/www.facebook.com\/teiaeducation\/\",\"https:\/\/x.com\/EducationTeia\",\"https:\/\/www.instagram.com\/teia.education\/\",\"https:\/\/www.linkedin.com\/company\/35501660\",\"https:\/\/www.pinterest.ch\/TeiaEducation\/\"]}]}<\/script>\n<!-- \/ Yoast SEO plugin. -->","yoast_head_json":{"title":"Wachsmalstifte & Wachsmalbl\u00f6cke Kombisortiment 16 St - Stockmar","description":"Ungiftige hochwertige Stockmar Waldorf Wachsmalstifte & Wachsmalbl\u00f6cke Kombisortiment in sortierten Farben f\u00fcr h\u00f6chste k\u00fcnstlerische Anspr\u00fcche.","robots":{"index":"index","follow":"follow","max-snippet":"max-snippet:-1","max-image-preview":"max-image-preview:large","max-video-preview":"max-video-preview:-1"},"canonical":"https:\/\/teiaeducation.ch\/de\/produkt\/wachsmalstifte-block-stick-mix-16-stueck-stockmar\/","og_locale":"de_DE","og_type":"article","og_title":"Wachsmalstifte & Wachsmalbl\u00f6cke Kombisortiment 16 St - Stockmar","og_description":"Ungiftige hochwertige Stockmar Waldorf Wachsmalstifte & Wachsmalbl\u00f6cke Kombisortiment in sortierten Farben f\u00fcr h\u00f6chste k\u00fcnstlerische Anspr\u00fcche.","og_url":"https:\/\/teiaeducation.ch\/de\/produkt\/wachsmalstifte-block-stick-mix-16-stueck-stockmar\/","og_site_name":"Sustainable Educational Products &amp; Ecological Toys\u00a0","article_publisher":"https:\/\/www.facebook.com\/teiaeducation\/","article_modified_time":"2026-01-02T15:34:00+00:00","og_image":[{"width":850,"height":900,"url":"https:\/\/teiaeducation.ch\/wp-content\/uploads\/2020\/10\/Wax-crayons-mix-16-Waldorf-art-supplies-Stockmar.jpg","type":"image\/jpeg"}],"schema":{"@context":"https:\/\/schema.org","@graph":[{"@type":"WebPage","@id":"https:\/\/teiaeducation.ch\/de\/produkt\/wachsmalstifte-block-stick-mix-16-stueck-stockmar\/","url":"https:\/\/teiaeducation.ch\/de\/produkt\/wachsmalstifte-block-stick-mix-16-stueck-stockmar\/","name":"Wachsmalstifte & Wachsmalbl\u00f6cke Kombisortiment 16 St - Stockmar","isPartOf":{"@id":"https:\/\/teiaeducation.ch\/de\/#website"},"primaryImageOfPage":{"@id":"https:\/\/teiaeducation.ch\/de\/produkt\/wachsmalstifte-block-stick-mix-16-stueck-stockmar\/#primaryimage"},"image":{"@id":"https:\/\/teiaeducation.ch\/de\/produkt\/wachsmalstifte-block-stick-mix-16-stueck-stockmar\/#primaryimage"},"thumbnailUrl":"https:\/\/teiaeducation.ch\/wp-content\/uploads\/2020\/10\/Wax-crayons-mix-16-Waldorf-art-supplies-Stockmar.jpg","datePublished":"2020-10-16T07:43:36+00:00","dateModified":"2026-01-02T15:34:00+00:00","description":"Ungiftige hochwertige Stockmar Waldorf Wachsmalstifte & Wachsmalbl\u00f6cke Kombisortiment in sortierten Farben f\u00fcr h\u00f6chste k\u00fcnstlerische Anspr\u00fcche.","breadcrumb":{"@id":"https:\/\/teiaeducation.ch\/de\/produkt\/wachsmalstifte-block-stick-mix-16-stueck-stockmar\/#breadcrumb"},"inLanguage":"de-CH","potentialAction":[{"@type":"ReadAction","target":["https:\/\/teiaeducation.ch\/de\/produkt\/wachsmalstifte-block-stick-mix-16-stueck-stockmar\/"]}]},{"@type":"ImageObject","inLanguage":"de-CH","@id":"https:\/\/teiaeducation.ch\/de\/produkt\/wachsmalstifte-block-stick-mix-16-stueck-stockmar\/#primaryimage","url":"https:\/\/teiaeducation.ch\/wp-content\/uploads\/2020\/10\/Wax-crayons-mix-16-Waldorf-art-supplies-Stockmar.jpg","contentUrl":"https:\/\/teiaeducation.ch\/wp-content\/uploads\/2020\/10\/Wax-crayons-mix-16-Waldorf-art-supplies-Stockmar.jpg","width":850,"height":900,"caption":"Wachsmalstifte Block &amp; Stick Mix 16 St\u00fcck : Waldorf-Kunstbedarf - Stockmar"},{"@type":"BreadcrumbList","@id":"https:\/\/teiaeducation.ch\/de\/produkt\/wachsmalstifte-block-stick-mix-16-stueck-stockmar\/#breadcrumb","itemListElement":[{"@type":"ListItem","position":1,"name":"Home","item":"https:\/\/teiaeducation.ch\/de\/"},{"@type":"ListItem","position":2,"name":"Laden","item":"https:\/\/teiaeducation.ch\/de\/shop\/"},{"@type":"ListItem","position":3,"name":"Unsere Marken","item":"https:\/\/teiaeducation.ch\/de\/produkt-kategorie\/unsere-marken\/"},{"@type":"ListItem","position":4,"name":"Stockmar","item":"https:\/\/teiaeducation.ch\/de\/produkt-kategorie\/unsere-marken\/stockmar-de\/"},{"@type":"ListItem","position":5,"name":"Wachsmalstifte &#038; Wachsmalbl\u00f6cke Kombisortiment 16 St &#8211; Stockmar"}]},{"@type":"WebSite","@id":"https:\/\/teiaeducation.ch\/de\/#website","url":"https:\/\/teiaeducation.ch\/de\/","name":"Sustainable Educational Products &amp; Ecological Toys\u00a0","description":"Specialised Swiss shop selling sustainable educational toys and games, AMI certified Montessori materials, handmade ecological wooden Waldorf toys and arts &amp; crafts supplies, school supplies, children&#039;s furniture and Montessori reference and parenting books.","publisher":{"@id":"https:\/\/teiaeducation.ch\/de\/#organization"},"alternateName":"Teia Education & Play","potentialAction":[{"@type":"SearchAction","target":{"@type":"EntryPoint","urlTemplate":"https:\/\/teiaeducation.ch\/de\/?s={search_term_string}"},"query-input":{"@type":"PropertyValueSpecification","valueRequired":true,"valueName":"search_term_string"}}],"inLanguage":"de-CH"},{"@type":"Organization","@id":"https:\/\/teiaeducation.ch\/de\/#organization","name":"Teia Education & Play","url":"https:\/\/teiaeducation.ch\/de\/","logo":{"@type":"ImageObject","inLanguage":"de-CH","@id":"https:\/\/teiaeducation.ch\/de\/#\/schema\/logo\/image\/","url":"https:\/\/teiaeducation.ch\/wp-content\/uploads\/2020\/11\/Teia-Education-Switzerland-e1620156442216.jpg","contentUrl":"https:\/\/teiaeducation.ch\/wp-content\/uploads\/2020\/11\/Teia-Education-Switzerland-e1620156442216.jpg","width":166,"height":145,"caption":"Teia Education & Play"},"image":{"@id":"https:\/\/teiaeducation.ch\/de\/#\/schema\/logo\/image\/"},"sameAs":["https:\/\/www.facebook.com\/teiaeducation\/","https:\/\/x.com\/EducationTeia","https:\/\/www.instagram.com\/teia.education\/","https:\/\/www.linkedin.com\/company\/35501660","https:\/\/www.pinterest.ch\/TeiaEducation\/"]}]}},"_links":{"self":[{"href":"https:\/\/teiaeducation.ch\/de\/wp-json\/wp\/v2\/product\/59896","targetHints":{"allow":["GET"]}}],"collection":[{"href":"https:\/\/teiaeducation.ch\/de\/wp-json\/wp\/v2\/product"}],"about":[{"href":"https:\/\/teiaeducation.ch\/de\/wp-json\/wp\/v2\/types\/product"}],"replies":[{"embeddable":true,"href":"https:\/\/teiaeducation.ch\/de\/wp-json\/wp\/v2\/comments?post=59896"}],"wp:featuredmedia":[{"embeddable":true,"href":"https:\/\/teiaeducation.ch\/de\/wp-json\/wp\/v2\/media\/59897"}],"wp:attachment":[{"href":"https:\/\/teiaeducation.ch\/de\/wp-json\/wp\/v2\/media?parent=59896"}],"wp:term":[{"taxonomy":"product_brand","embeddable":true,"href":"https:\/\/teiaeducation.ch\/de\/wp-json\/wp\/v2\/product_brand?post=59896"},{"taxonomy":"product_cat","embeddable":true,"href":"https:\/\/teiaeducation.ch\/de\/wp-json\/wp\/v2\/product_cat?post=59896"},{"taxonomy":"product_tag","embeddable":true,"href":"https:\/\/teiaeducation.ch\/de\/wp-json\/wp\/v2\/product_tag?post=59896"}],"curies":[{"name":"wp","href":"https:\/\/api.w.org\/{rel}","templated":true}]}}