{"id":59909,"date":"2022-05-19T11:14:16","date_gmt":"2022-05-19T09:14:16","guid":{"rendered":"https:\/\/teiaeducation.ch\/product\/mobiles-bastelset-mit-7-maerchenhaften-wollvoegel-filges\/"},"modified":"2024-04-09T11:21:06","modified_gmt":"2024-04-09T09:21:06","slug":"mobiles-bastelset-mit-7-maerchenhaften-wollvoegel-filges","status":"publish","type":"product","link":"https:\/\/teiaeducation.ch\/de\/produkt\/mobiles-bastelset-mit-7-maerchenhaften-wollvoegel-filges\/","title":{"rendered":"Mobiles Bastelset mit 7 m\u00e4rchenhaften Wollv\u00f6gel &#8211; Filges"},"content":{"rendered":"<p>Das Filges-Bastelset zur Herstellung eines dekorativen Baby-Mobiles mit V\u00f6geln aus Bio-Wolle ist eine sch\u00f6ne Geschenkidee f\u00fcr Baby-Partys, den ersten Geburtstag und bietet einen tollen Einstieg ins Filzen. Das Set f\u00fcr bis zu 7 gefilzte V\u00f6gel enth\u00e4lt reine Bioland-Pflanzenschurwolle in feinster Qualit\u00e4t in 7 Farben, naturbelassene Schafwolle in Wei\u00df zum \u00dcben, 1 Buchenholzring und ein kleines Wollfilzblatt f\u00fcr die Vogelschn\u00e4bel.<\/p>\n<p>Die im Set enthaltene feine, langfaserige, gek\u00e4mmte Wolle ist nat\u00fcrlich pflanzengef\u00e4rbt und in wundersch\u00f6nen, von <a href=\"https:\/\/teiaeducation.ch\/product-category\/education-method\/waldorf-steiner-toys-craft-materials\/\">Waldorf<\/a> inspirierten Farben gehalten. Ideal zum Trocken- und Nassfilzen. Dieses herrlich weiche, nat\u00fcrliche Wollsortiment enth\u00e4lt alle Farben, die Sie f\u00fcr die Herstellung von Filzv\u00f6geln und anderen Filztieren, M\u00e4rchenfiguren, Waldorfpuppen und vielem mehr ben\u00f6tigen.<\/p>\n<p>Die pflanzengef\u00e4rbte M\u00e4rchenfilzwolle wird in Deutschland ohne Chemikalien nach traditionellen handwerklichen Methoden hergestellt. Filges Wolle ist reine Bio-Schurwolle, die zu 100% den strengen Richtlinien von Bioland entspricht. Es ist sehr langlebig, umweltfreundlich und sicher, da es ohne den Einsatz von Chemikalien hergestellt wird.<\/p>\n<p><a href=\"https:\/\/teiaeducation.ch\/product-category\/brands\/filges\/\">Filges<\/a> ist eine kleine deutsche Familienmarke, die sich auf feinste, pflanzlich gef\u00e4rbte Wolle und Seide in traditioneller, handwerklicher Verarbeitung spezialisiert hat.<\/p>\n<p>Filges ist ein Bioland-zertifizierter Hersteller von Schafwolle. Als Mitglied des IVN (Internationaler Verband der Naturtextilwirtschaft) stammt die Wolle von Filges ausschlie\u00dflich von zertifizierten Bio-Schafen aus Deutschland. Die Farbstoffe von Filges sind auf pflanzlicher Basis und die Produktion ist nachhaltig, \u00f6kologisch und emissionsfrei.<\/p>\n<p>Inhalt:<\/p>\n<p>Pflanzlich gef\u00e4rbte Schurwolle in 7 Farben<br \/>\nNat\u00fcrliche Schafwolle in Wei\u00df<br \/>\nWollfilz f\u00fcr die Schn\u00e4bel der V\u00f6gel<br \/>\n1 Ring aus Buchenholz<br \/>\n1 Anleitungsheft<\/p>\n","protected":false},"excerpt":{"rendered":"<p>Artikelnummer: <span data-sheets-value=\"{\"1\":2,\"2\":\"35325100\"}\" data-sheets-userformat=\"{\"2\":4291,\"3\":{\"1\":1},\"4\":{\"1\":2,\"2\":16777215},\"9\":0,\"10\":2,\"15\":\"Lato\"}\">35325772<\/span><\/p>\n<p>Das Filges-Bastelset zur Herstellung eines Mobiles mit V\u00f6geln aus Bio-Wolle ist ein toller Einstieg ins Filzen und eine sch\u00f6ne Geschenkidee f\u00fcr Babypartys!<\/p>\n","protected":false},"featured_media":48145,"comment_status":"open","ping_status":"closed","template":"","meta":[],"product_brand":[],"product_cat":[25967,21444,21448,21479,21627,21452,21447,21443,21563,22362,21564,21483,22363],"product_tag":[28767,28760,28765,28758,28764,28766,28759,27841,27849,28770,28771,28761,28762,27871,27842,28763],"class_list":{"0":"post-59909","1":"product","2":"type-product","3":"status-publish","4":"has-post-thumbnail","6":"product_cat-0-12-monate-baby","7":"product_cat-1-3-jahre-kleinkind","8":"product_cat-bastelsets","9":"product_cat-lernmaterialien-spielzeug-montessori-waldorf-steiner-froebel","10":"product_cat-filges-de","11":"product_cat-filzen","12":"product_cat-malen-basteln","13":"product_cat-nach-alter","14":"product_cat-neuheiten","15":"product_cat-saisonale-kollektionen","16":"product_cat-unsere-marken","17":"product_cat-waldorf-steiner-paedagogik","18":"product_cat-winter-kollektion","19":"product_tag-bio-filzkugel-bausatz-filges","20":"product_tag-biologische-filzwolle","21":"product_tag-filges-bioland-wolle","22":"product_tag-filges-filzwolle","23":"product_tag-filges-marchenwolle-erdtone","24":"product_tag-filges-marchenwolle-gruntone","25":"product_tag-filges-wollschweiz","26":"product_tag-marchenwolle-pflanzengefarbt","27":"product_tag-naturliche-filzwolle","28":"product_tag-pflanzengefarbte-marchenfilzwolle-5-grun-und-erdtone-25g-filges","29":"product_tag-trockenfilz-starterset-filges","30":"product_tag-waldorf-bastelbedarf-de","31":"product_tag-waldorf-bastelmaterial","32":"product_tag-waldorf-bedarf","33":"product_tag-waldorf-filzwolle","34":"product_tag-waldorf-wolle","36":"first","37":"instock","38":"taxable","39":"shipping-taxable","40":"purchasable","41":"product-type-simple"},"yoast_head":"<!-- This site is optimized with the Yoast SEO plugin v27.1.1 - https:\/\/yoast.com\/product\/yoast-seo-wordpress\/ -->\n<title>Mobiles Bastelset mit 7 m\u00e4rchenhaften Wollv\u00f6gel - Filges<\/title>\n<meta name=\"description\" content=\"Das Filges-Bastelset zur Herstellung eines Mobiles mit V\u00f6geln aus Bio-Wolle ist ein toller Einstieg ins Filzen und eine sch\u00f6ne Geschenkidee f\u00fcr Babypartys!\" \/>\n<meta name=\"robots\" content=\"index, follow, max-snippet:-1, max-image-preview:large, max-video-preview:-1\" \/>\n<link rel=\"canonical\" href=\"https:\/\/teiaeducation.ch\/de\/produkt\/mobiles-bastelset-mit-7-maerchenhaften-wollvoegel-filges\/\" \/>\n<meta property=\"og:locale\" content=\"de_DE\" \/>\n<meta property=\"og:type\" content=\"article\" \/>\n<meta property=\"og:title\" content=\"Mobiles Bastelset mit 7 m\u00e4rchenhaften Wollv\u00f6gel - Filges\" \/>\n<meta property=\"og:description\" content=\"Das Filges-Bastelset zur Herstellung eines Mobiles mit V\u00f6geln aus Bio-Wolle ist ein toller Einstieg ins Filzen und eine sch\u00f6ne Geschenkidee f\u00fcr Babypartys!\" \/>\n<meta property=\"og:url\" content=\"https:\/\/teiaeducation.ch\/de\/produkt\/mobiles-bastelset-mit-7-maerchenhaften-wollvoegel-filges\/\" \/>\n<meta property=\"og:site_name\" content=\"Sustainable Educational Products &amp; Ecological Toys\u00a0\" \/>\n<meta property=\"article:publisher\" content=\"https:\/\/www.facebook.com\/teiaeducation\/\" \/>\n<meta property=\"article:modified_time\" content=\"2024-04-09T09:21:06+00:00\" \/>\n<meta property=\"og:image\" content=\"https:\/\/teiaeducation.ch\/wp-content\/uploads\/2022\/05\/Filges-mobile-craft-set-with-7-fairy-tale-organic-wool-birds.jpg\" \/>\n\t<meta property=\"og:image:width\" content=\"1589\" \/>\n\t<meta property=\"og:image:height\" content=\"1657\" \/>\n\t<meta property=\"og:image:type\" content=\"image\/jpeg\" \/>\n<script type=\"application\/ld+json\" class=\"yoast-schema-graph\">{\"@context\":\"https:\/\/schema.org\",\"@graph\":[{\"@type\":\"WebPage\",\"@id\":\"https:\/\/teiaeducation.ch\/de\/produkt\/mobiles-bastelset-mit-7-maerchenhaften-wollvoegel-filges\/\",\"url\":\"https:\/\/teiaeducation.ch\/de\/produkt\/mobiles-bastelset-mit-7-maerchenhaften-wollvoegel-filges\/\",\"name\":\"Mobiles Bastelset mit 7 m\u00e4rchenhaften Wollv\u00f6gel - Filges\",\"isPartOf\":{\"@id\":\"https:\/\/teiaeducation.ch\/de\/#website\"},\"primaryImageOfPage\":{\"@id\":\"https:\/\/teiaeducation.ch\/de\/produkt\/mobiles-bastelset-mit-7-maerchenhaften-wollvoegel-filges\/#primaryimage\"},\"image\":{\"@id\":\"https:\/\/teiaeducation.ch\/de\/produkt\/mobiles-bastelset-mit-7-maerchenhaften-wollvoegel-filges\/#primaryimage\"},\"thumbnailUrl\":\"https:\/\/teiaeducation.ch\/wp-content\/uploads\/2022\/05\/Filges-mobile-craft-set-with-7-fairy-tale-organic-wool-birds.jpg\",\"datePublished\":\"2022-05-19T09:14:16+00:00\",\"dateModified\":\"2024-04-09T09:21:06+00:00\",\"description\":\"Das Filges-Bastelset zur Herstellung eines Mobiles mit V\u00f6geln aus Bio-Wolle ist ein toller Einstieg ins Filzen und eine sch\u00f6ne Geschenkidee f\u00fcr Babypartys!\",\"breadcrumb\":{\"@id\":\"https:\/\/teiaeducation.ch\/de\/produkt\/mobiles-bastelset-mit-7-maerchenhaften-wollvoegel-filges\/#breadcrumb\"},\"inLanguage\":\"de-CH\",\"potentialAction\":[{\"@type\":\"ReadAction\",\"target\":[\"https:\/\/teiaeducation.ch\/de\/produkt\/mobiles-bastelset-mit-7-maerchenhaften-wollvoegel-filges\/\"]}]},{\"@type\":\"ImageObject\",\"inLanguage\":\"de-CH\",\"@id\":\"https:\/\/teiaeducation.ch\/de\/produkt\/mobiles-bastelset-mit-7-maerchenhaften-wollvoegel-filges\/#primaryimage\",\"url\":\"https:\/\/teiaeducation.ch\/wp-content\/uploads\/2022\/05\/Filges-mobile-craft-set-with-7-fairy-tale-organic-wool-birds.jpg\",\"contentUrl\":\"https:\/\/teiaeducation.ch\/wp-content\/uploads\/2022\/05\/Filges-mobile-craft-set-with-7-fairy-tale-organic-wool-birds.jpg\",\"width\":1589,\"height\":1657,\"caption\":\"Filges Mobiles Bastelset mit 7 m\u00e4rchenhaften Wollv\u00f6gel\"},{\"@type\":\"BreadcrumbList\",\"@id\":\"https:\/\/teiaeducation.ch\/de\/produkt\/mobiles-bastelset-mit-7-maerchenhaften-wollvoegel-filges\/#breadcrumb\",\"itemListElement\":[{\"@type\":\"ListItem\",\"position\":1,\"name\":\"Home\",\"item\":\"https:\/\/teiaeducation.ch\/de\/\"},{\"@type\":\"ListItem\",\"position\":2,\"name\":\"Laden\",\"item\":\"https:\/\/teiaeducation.ch\/de\/shop\/\"},{\"@type\":\"ListItem\",\"position\":3,\"name\":\"Unsere Marken\",\"item\":\"https:\/\/teiaeducation.ch\/de\/produkt-kategorie\/unsere-marken\/\"},{\"@type\":\"ListItem\",\"position\":4,\"name\":\"Filges\",\"item\":\"https:\/\/teiaeducation.ch\/de\/produkt-kategorie\/unsere-marken\/filges-de\/\"},{\"@type\":\"ListItem\",\"position\":5,\"name\":\"Mobiles Bastelset mit 7 m\u00e4rchenhaften Wollv\u00f6gel &#8211; Filges\"}]},{\"@type\":\"WebSite\",\"@id\":\"https:\/\/teiaeducation.ch\/de\/#website\",\"url\":\"https:\/\/teiaeducation.ch\/de\/\",\"name\":\"Sustainable Educational Products &amp; Ecological Toys\u00a0\",\"description\":\"Specialised Swiss shop selling sustainable educational toys and games, AMI certified Montessori materials, handmade ecological wooden Waldorf toys and arts &amp; crafts supplies, school supplies, children&#039;s furniture and Montessori reference and parenting books.\",\"publisher\":{\"@id\":\"https:\/\/teiaeducation.ch\/de\/#organization\"},\"alternateName\":\"Teia Education & Play\",\"potentialAction\":[{\"@type\":\"SearchAction\",\"target\":{\"@type\":\"EntryPoint\",\"urlTemplate\":\"https:\/\/teiaeducation.ch\/de\/?s={search_term_string}\"},\"query-input\":{\"@type\":\"PropertyValueSpecification\",\"valueRequired\":true,\"valueName\":\"search_term_string\"}}],\"inLanguage\":\"de-CH\"},{\"@type\":\"Organization\",\"@id\":\"https:\/\/teiaeducation.ch\/de\/#organization\",\"name\":\"Teia Education & Play\",\"url\":\"https:\/\/teiaeducation.ch\/de\/\",\"logo\":{\"@type\":\"ImageObject\",\"inLanguage\":\"de-CH\",\"@id\":\"https:\/\/teiaeducation.ch\/de\/#\/schema\/logo\/image\/\",\"url\":\"https:\/\/teiaeducation.ch\/wp-content\/uploads\/2020\/11\/Teia-Education-Switzerland-e1620156442216.jpg\",\"contentUrl\":\"https:\/\/teiaeducation.ch\/wp-content\/uploads\/2020\/11\/Teia-Education-Switzerland-e1620156442216.jpg\",\"width\":166,\"height\":145,\"caption\":\"Teia Education & Play\"},\"image\":{\"@id\":\"https:\/\/teiaeducation.ch\/de\/#\/schema\/logo\/image\/\"},\"sameAs\":[\"https:\/\/www.facebook.com\/teiaeducation\/\",\"https:\/\/x.com\/EducationTeia\",\"https:\/\/www.instagram.com\/teia.education\/\",\"https:\/\/www.linkedin.com\/company\/35501660\",\"https:\/\/www.pinterest.ch\/TeiaEducation\/\"]}]}<\/script>\n<!-- \/ Yoast SEO plugin. -->","yoast_head_json":{"title":"Mobiles Bastelset mit 7 m\u00e4rchenhaften Wollv\u00f6gel - Filges","description":"Das Filges-Bastelset zur Herstellung eines Mobiles mit V\u00f6geln aus Bio-Wolle ist ein toller Einstieg ins Filzen und eine sch\u00f6ne Geschenkidee f\u00fcr Babypartys!","robots":{"index":"index","follow":"follow","max-snippet":"max-snippet:-1","max-image-preview":"max-image-preview:large","max-video-preview":"max-video-preview:-1"},"canonical":"https:\/\/teiaeducation.ch\/de\/produkt\/mobiles-bastelset-mit-7-maerchenhaften-wollvoegel-filges\/","og_locale":"de_DE","og_type":"article","og_title":"Mobiles Bastelset mit 7 m\u00e4rchenhaften Wollv\u00f6gel - Filges","og_description":"Das Filges-Bastelset zur Herstellung eines Mobiles mit V\u00f6geln aus Bio-Wolle ist ein toller Einstieg ins Filzen und eine sch\u00f6ne Geschenkidee f\u00fcr Babypartys!","og_url":"https:\/\/teiaeducation.ch\/de\/produkt\/mobiles-bastelset-mit-7-maerchenhaften-wollvoegel-filges\/","og_site_name":"Sustainable Educational Products &amp; Ecological Toys\u00a0","article_publisher":"https:\/\/www.facebook.com\/teiaeducation\/","article_modified_time":"2024-04-09T09:21:06+00:00","og_image":[{"width":1589,"height":1657,"url":"https:\/\/teiaeducation.ch\/wp-content\/uploads\/2022\/05\/Filges-mobile-craft-set-with-7-fairy-tale-organic-wool-birds.jpg","type":"image\/jpeg"}],"schema":{"@context":"https:\/\/schema.org","@graph":[{"@type":"WebPage","@id":"https:\/\/teiaeducation.ch\/de\/produkt\/mobiles-bastelset-mit-7-maerchenhaften-wollvoegel-filges\/","url":"https:\/\/teiaeducation.ch\/de\/produkt\/mobiles-bastelset-mit-7-maerchenhaften-wollvoegel-filges\/","name":"Mobiles Bastelset mit 7 m\u00e4rchenhaften Wollv\u00f6gel - Filges","isPartOf":{"@id":"https:\/\/teiaeducation.ch\/de\/#website"},"primaryImageOfPage":{"@id":"https:\/\/teiaeducation.ch\/de\/produkt\/mobiles-bastelset-mit-7-maerchenhaften-wollvoegel-filges\/#primaryimage"},"image":{"@id":"https:\/\/teiaeducation.ch\/de\/produkt\/mobiles-bastelset-mit-7-maerchenhaften-wollvoegel-filges\/#primaryimage"},"thumbnailUrl":"https:\/\/teiaeducation.ch\/wp-content\/uploads\/2022\/05\/Filges-mobile-craft-set-with-7-fairy-tale-organic-wool-birds.jpg","datePublished":"2022-05-19T09:14:16+00:00","dateModified":"2024-04-09T09:21:06+00:00","description":"Das Filges-Bastelset zur Herstellung eines Mobiles mit V\u00f6geln aus Bio-Wolle ist ein toller Einstieg ins Filzen und eine sch\u00f6ne Geschenkidee f\u00fcr Babypartys!","breadcrumb":{"@id":"https:\/\/teiaeducation.ch\/de\/produkt\/mobiles-bastelset-mit-7-maerchenhaften-wollvoegel-filges\/#breadcrumb"},"inLanguage":"de-CH","potentialAction":[{"@type":"ReadAction","target":["https:\/\/teiaeducation.ch\/de\/produkt\/mobiles-bastelset-mit-7-maerchenhaften-wollvoegel-filges\/"]}]},{"@type":"ImageObject","inLanguage":"de-CH","@id":"https:\/\/teiaeducation.ch\/de\/produkt\/mobiles-bastelset-mit-7-maerchenhaften-wollvoegel-filges\/#primaryimage","url":"https:\/\/teiaeducation.ch\/wp-content\/uploads\/2022\/05\/Filges-mobile-craft-set-with-7-fairy-tale-organic-wool-birds.jpg","contentUrl":"https:\/\/teiaeducation.ch\/wp-content\/uploads\/2022\/05\/Filges-mobile-craft-set-with-7-fairy-tale-organic-wool-birds.jpg","width":1589,"height":1657,"caption":"Filges Mobiles Bastelset mit 7 m\u00e4rchenhaften Wollv\u00f6gel"},{"@type":"BreadcrumbList","@id":"https:\/\/teiaeducation.ch\/de\/produkt\/mobiles-bastelset-mit-7-maerchenhaften-wollvoegel-filges\/#breadcrumb","itemListElement":[{"@type":"ListItem","position":1,"name":"Home","item":"https:\/\/teiaeducation.ch\/de\/"},{"@type":"ListItem","position":2,"name":"Laden","item":"https:\/\/teiaeducation.ch\/de\/shop\/"},{"@type":"ListItem","position":3,"name":"Unsere Marken","item":"https:\/\/teiaeducation.ch\/de\/produkt-kategorie\/unsere-marken\/"},{"@type":"ListItem","position":4,"name":"Filges","item":"https:\/\/teiaeducation.ch\/de\/produkt-kategorie\/unsere-marken\/filges-de\/"},{"@type":"ListItem","position":5,"name":"Mobiles Bastelset mit 7 m\u00e4rchenhaften Wollv\u00f6gel &#8211; Filges"}]},{"@type":"WebSite","@id":"https:\/\/teiaeducation.ch\/de\/#website","url":"https:\/\/teiaeducation.ch\/de\/","name":"Sustainable Educational Products &amp; Ecological Toys\u00a0","description":"Specialised Swiss shop selling sustainable educational toys and games, AMI certified Montessori materials, handmade ecological wooden Waldorf toys and arts &amp; crafts supplies, school supplies, children&#039;s furniture and Montessori reference and parenting books.","publisher":{"@id":"https:\/\/teiaeducation.ch\/de\/#organization"},"alternateName":"Teia Education & Play","potentialAction":[{"@type":"SearchAction","target":{"@type":"EntryPoint","urlTemplate":"https:\/\/teiaeducation.ch\/de\/?s={search_term_string}"},"query-input":{"@type":"PropertyValueSpecification","valueRequired":true,"valueName":"search_term_string"}}],"inLanguage":"de-CH"},{"@type":"Organization","@id":"https:\/\/teiaeducation.ch\/de\/#organization","name":"Teia Education & Play","url":"https:\/\/teiaeducation.ch\/de\/","logo":{"@type":"ImageObject","inLanguage":"de-CH","@id":"https:\/\/teiaeducation.ch\/de\/#\/schema\/logo\/image\/","url":"https:\/\/teiaeducation.ch\/wp-content\/uploads\/2020\/11\/Teia-Education-Switzerland-e1620156442216.jpg","contentUrl":"https:\/\/teiaeducation.ch\/wp-content\/uploads\/2020\/11\/Teia-Education-Switzerland-e1620156442216.jpg","width":166,"height":145,"caption":"Teia Education & Play"},"image":{"@id":"https:\/\/teiaeducation.ch\/de\/#\/schema\/logo\/image\/"},"sameAs":["https:\/\/www.facebook.com\/teiaeducation\/","https:\/\/x.com\/EducationTeia","https:\/\/www.instagram.com\/teia.education\/","https:\/\/www.linkedin.com\/company\/35501660","https:\/\/www.pinterest.ch\/TeiaEducation\/"]}]}},"_links":{"self":[{"href":"https:\/\/teiaeducation.ch\/de\/wp-json\/wp\/v2\/product\/59909","targetHints":{"allow":["GET"]}}],"collection":[{"href":"https:\/\/teiaeducation.ch\/de\/wp-json\/wp\/v2\/product"}],"about":[{"href":"https:\/\/teiaeducation.ch\/de\/wp-json\/wp\/v2\/types\/product"}],"replies":[{"embeddable":true,"href":"https:\/\/teiaeducation.ch\/de\/wp-json\/wp\/v2\/comments?post=59909"}],"wp:featuredmedia":[{"embeddable":true,"href":"https:\/\/teiaeducation.ch\/de\/wp-json\/wp\/v2\/media\/48145"}],"wp:attachment":[{"href":"https:\/\/teiaeducation.ch\/de\/wp-json\/wp\/v2\/media?parent=59909"}],"wp:term":[{"taxonomy":"product_brand","embeddable":true,"href":"https:\/\/teiaeducation.ch\/de\/wp-json\/wp\/v2\/product_brand?post=59909"},{"taxonomy":"product_cat","embeddable":true,"href":"https:\/\/teiaeducation.ch\/de\/wp-json\/wp\/v2\/product_cat?post=59909"},{"taxonomy":"product_tag","embeddable":true,"href":"https:\/\/teiaeducation.ch\/de\/wp-json\/wp\/v2\/product_tag?post=59909"}],"curies":[{"name":"wp","href":"https:\/\/api.w.org\/{rel}","templated":true}]}}