{"id":59911,"date":"2022-05-16T11:41:42","date_gmt":"2022-05-16T09:41:42","guid":{"rendered":"https:\/\/teiaeducation.ch\/product\/jahreszeiten-tuecher-aus-wolle-fruehling-filges\/"},"modified":"2024-09-27T14:27:22","modified_gmt":"2024-09-27T12:27:22","slug":"jahreszeiten-tuecher-aus-wolle-fruehling-filges","status":"publish","type":"product","link":"https:\/\/teiaeducation.ch\/de\/produkt\/jahreszeiten-tuecher-aus-wolle-fruehling-filges\/","title":{"rendered":"Jahreszeiten T\u00fccher aus Wolle Fr\u00fchling &#8211; Filges"},"content":{"rendered":"<p>Die Filges-Jahreszeitent\u00fccher aus 100% Bio-Wolle in der saisonalen Farbauswahl Spring ist ein wundersch\u00f6nes Set aus 3 hochwertigen, langlebigen und vielseitigen Wollt\u00fcchern, die speziell als spielerische und m\u00fchelose Dekoration f\u00fcr <a href=\"https:\/\/teiaeducation.ch\/product-category\/celebrations\/nature-seasonal-tables\/\">saisonale Tische<\/a> entwickelt wurden.<\/p>\n<p>Die Fr\u00fchlingst\u00fccher bestehen aus 100% Bioland-Schafwolle aus kontrolliert biologischer Tierhaltung (kbT) und sind handgef\u00e4rbt, wobei pflanzliche Farbstoffe verwendet werden. Sie sind ideal f\u00fcr die Gestaltung des Hintergrunds und des Bodens einer Waldorf-Naturtafel oder -szene.<\/p>\n<p>Jedes der Wollt\u00fccher ist 65 cm x 65 cm gro\u00df. Dieses Set ist in den harmonischen Fr\u00fchlingsfarben Hellgelb, Hellgr\u00fcn und Rosa gehalten.<\/p>\n<p>Ein Waldorf-Natur- oder Jahreszeitentisch wird verwendet, um eine einfache Sammlung von nat\u00fcrlichen und verschiedenen Gegenst\u00e4nden auszustellen, die mit einer bestimmten (oder der aktuellen) Jahreszeit in Verbindung stehen, und hilft den Kindern, die Ver\u00e4nderungen in den Jahreszeiten und der nat\u00fcrlichen Umgebung um sie herum zu beobachten.<\/p>\n<p>Die gesamte Wolle von <a href=\"https:\/\/teiaeducation.ch\/product-category\/brands\/filges\/\">Filges<\/a> wird in Deutschland ohne den Einsatz von Chemikalien und nach traditionellen handwerklichen Methoden hergestellt. Es wurde nur mit nat\u00fcrlichen Pflanzenfarbstoffen gef\u00e4rbt. Filges Wolle ist reine Bio-Schurwolle, die zu 100% den strengen Richtlinien von Bioland entspricht. Filges Wolle ist sehr langlebig, umweltfreundlich und sicher, ohne den Einsatz von Chemikalien hergestellt.<\/p>\n<p>Filges ist eine kleine deutsche Familienmarke, die sich auf feinste, pflanzlich gef\u00e4rbte Wolle und Seide in traditioneller, handwerklicher Verarbeitung spezialisiert hat.<\/p>\n<p>Filges ist ein Bioland-zertifizierter Hersteller von Schafwolle. Als Mitglied des IVN (Internationaler Verband der Naturtextilwirtschaft) stammt die Wolle von Filges ausschlie\u00dflich von zertifizierten Bio-Schafen aus Deutschland. Die Farbstoffe von Filges sind auf pflanzlicher Basis und die Produktion ist nachhaltig, \u00f6kologisch und emissionsfrei.<\/p>\n<p>Inhalt:<\/p>\n<p>3 x 100% Wolle T\u00fccher<\/p>\n","protected":false},"excerpt":{"rendered":"<p>Artikelnummer: FSCWS621<\/p>\n<p>Die Filges Fr\u00fchlings-Jahreszeitent\u00fccher aus 100% Bio-Wolle wurden speziell als spielerische und m\u00fchelose Dekoration f\u00fcr saisonale Tische entwickelt.<\/p>\n","protected":false},"featured_media":48016,"comment_status":"open","ping_status":"closed","template":"","meta":[],"product_brand":[],"product_cat":[21444,21445,21446,21479,21465,21627,21670,21484,21443,22349,21563,22362,21695,21678,21564,24314,21483],"product_tag":[28779,28777,28775,28774,28776,21712,28781,28780,28761,28762,28783,28778,28782,28763,28772,28773],"class_list":{"0":"post-59911","1":"product","2":"type-product","3":"status-publish","4":"has-post-thumbnail","6":"product_cat-1-3-jahre-kleinkind","7":"product_cat-3-6-jahre-vorschule","8":"product_cat-6-12-jahre-grundschule","9":"product_cat-lernmaterialien-spielzeug-montessori-waldorf-steiner-froebel","10":"product_cat-feier-festlichkeiten","11":"product_cat-filges-de","12":"product_cat-fruehjahrskollektion","13":"product_cat-geschenk-guides","14":"product_cat-nach-alter","15":"product_cat-natur-saisonale-tische-de","16":"product_cat-neuheiten","17":"product_cat-saisonale-kollektionen","18":"product_cat-sinnliches-spiel","19":"product_cat-kinder-spielzeug","20":"product_cat-unsere-marken","21":"product_cat-valentinstag","22":"product_cat-waldorf-steiner-paedagogik","23":"product_tag-100-wolle-bio-wolle","24":"product_tag-100-wolle-saisonales-tuch-waldorf","25":"product_tag-100-wollfilz","26":"product_tag-filges-filz","27":"product_tag-filges-schweiz","28":"product_tag-hergestellt-in-deutschland","29":"product_tag-jahreszeiten-tucher-aus-wolle","30":"product_tag-jahreszeiten-tucher-aus-wolle-spring-filges","31":"product_tag-waldorf-bastelbedarf-de","32":"product_tag-waldorf-bastelmaterial","33":"product_tag-waldorf-natur-tischdekoration","34":"product_tag-waldorf-nature-tischwolltuch","35":"product_tag-waldorf-saisonale-tischdekoration","36":"product_tag-waldorf-wolle","37":"product_tag-waldorf-bastelbedarf-de-2","38":"product_tag-wollfilz","40":"first","41":"outofstock","42":"taxable","43":"shipping-taxable","44":"purchasable","45":"product-type-simple"},"yoast_head":"<!-- This site is optimized with the Yoast SEO plugin v27.1.1 - https:\/\/yoast.com\/product\/yoast-seo-wordpress\/ -->\n<title>Jahreszeiten T\u00fccher aus Wolle Fr\u00fchling - Filges<\/title>\n<meta name=\"description\" content=\"Die Filges Fr\u00fchlings-Jahreszeitent\u00fccher aus 100% Bio-Wolle wurden speziell als spielerische und m\u00fchelose Dekoration f\u00fcr saisonale Tische entwickelt.\" \/>\n<meta name=\"robots\" content=\"index, follow, max-snippet:-1, max-image-preview:large, max-video-preview:-1\" \/>\n<link rel=\"canonical\" href=\"https:\/\/teiaeducation.ch\/de\/produkt\/jahreszeiten-tuecher-aus-wolle-fruehling-filges\/\" \/>\n<meta property=\"og:locale\" content=\"de_DE\" \/>\n<meta property=\"og:type\" content=\"article\" \/>\n<meta property=\"og:title\" content=\"Jahreszeiten T\u00fccher aus Wolle Fr\u00fchling - Filges\" \/>\n<meta property=\"og:description\" content=\"Die Filges Fr\u00fchlings-Jahreszeitent\u00fccher aus 100% Bio-Wolle wurden speziell als spielerische und m\u00fchelose Dekoration f\u00fcr saisonale Tische entwickelt.\" \/>\n<meta property=\"og:url\" content=\"https:\/\/teiaeducation.ch\/de\/produkt\/jahreszeiten-tuecher-aus-wolle-fruehling-filges\/\" \/>\n<meta property=\"og:site_name\" content=\"Sustainable Educational Products &amp; Ecological Toys\u00a0\" \/>\n<meta property=\"article:publisher\" content=\"https:\/\/www.facebook.com\/teiaeducation\/\" \/>\n<meta property=\"article:modified_time\" content=\"2024-09-27T12:27:22+00:00\" \/>\n<meta property=\"og:image\" content=\"https:\/\/teiaeducation.ch\/wp-content\/uploads\/2022\/05\/Seasons-cloths-of-wool-Spring-Filges.jpg\" \/>\n\t<meta property=\"og:image:width\" content=\"1200\" \/>\n\t<meta property=\"og:image:height\" content=\"1200\" \/>\n\t<meta property=\"og:image:type\" content=\"image\/jpeg\" \/>\n<script type=\"application\/ld+json\" class=\"yoast-schema-graph\">{\"@context\":\"https:\/\/schema.org\",\"@graph\":[{\"@type\":\"WebPage\",\"@id\":\"https:\/\/teiaeducation.ch\/de\/produkt\/jahreszeiten-tuecher-aus-wolle-fruehling-filges\/\",\"url\":\"https:\/\/teiaeducation.ch\/de\/produkt\/jahreszeiten-tuecher-aus-wolle-fruehling-filges\/\",\"name\":\"Jahreszeiten T\u00fccher aus Wolle Fr\u00fchling - Filges\",\"isPartOf\":{\"@id\":\"https:\/\/teiaeducation.ch\/de\/#website\"},\"primaryImageOfPage\":{\"@id\":\"https:\/\/teiaeducation.ch\/de\/produkt\/jahreszeiten-tuecher-aus-wolle-fruehling-filges\/#primaryimage\"},\"image\":{\"@id\":\"https:\/\/teiaeducation.ch\/de\/produkt\/jahreszeiten-tuecher-aus-wolle-fruehling-filges\/#primaryimage\"},\"thumbnailUrl\":\"https:\/\/teiaeducation.ch\/wp-content\/uploads\/2022\/05\/Seasons-cloths-of-wool-Spring-Filges.jpg\",\"datePublished\":\"2022-05-16T09:41:42+00:00\",\"dateModified\":\"2024-09-27T12:27:22+00:00\",\"description\":\"Die Filges Fr\u00fchlings-Jahreszeitent\u00fccher aus 100% Bio-Wolle wurden speziell als spielerische und m\u00fchelose Dekoration f\u00fcr saisonale Tische entwickelt.\",\"breadcrumb\":{\"@id\":\"https:\/\/teiaeducation.ch\/de\/produkt\/jahreszeiten-tuecher-aus-wolle-fruehling-filges\/#breadcrumb\"},\"inLanguage\":\"de-CH\",\"potentialAction\":[{\"@type\":\"ReadAction\",\"target\":[\"https:\/\/teiaeducation.ch\/de\/produkt\/jahreszeiten-tuecher-aus-wolle-fruehling-filges\/\"]}]},{\"@type\":\"ImageObject\",\"inLanguage\":\"de-CH\",\"@id\":\"https:\/\/teiaeducation.ch\/de\/produkt\/jahreszeiten-tuecher-aus-wolle-fruehling-filges\/#primaryimage\",\"url\":\"https:\/\/teiaeducation.ch\/wp-content\/uploads\/2022\/05\/Seasons-cloths-of-wool-Spring-Filges.jpg\",\"contentUrl\":\"https:\/\/teiaeducation.ch\/wp-content\/uploads\/2022\/05\/Seasons-cloths-of-wool-Spring-Filges.jpg\",\"width\":1200,\"height\":1200,\"caption\":\"Jahreszeiten T\u00fccher aus Wolle Fr\u00fchling - Filges\"},{\"@type\":\"BreadcrumbList\",\"@id\":\"https:\/\/teiaeducation.ch\/de\/produkt\/jahreszeiten-tuecher-aus-wolle-fruehling-filges\/#breadcrumb\",\"itemListElement\":[{\"@type\":\"ListItem\",\"position\":1,\"name\":\"Home\",\"item\":\"https:\/\/teiaeducation.ch\/de\/\"},{\"@type\":\"ListItem\",\"position\":2,\"name\":\"Laden\",\"item\":\"https:\/\/teiaeducation.ch\/de\/shop\/\"},{\"@type\":\"ListItem\",\"position\":3,\"name\":\"Unsere Marken\",\"item\":\"https:\/\/teiaeducation.ch\/de\/produkt-kategorie\/unsere-marken\/\"},{\"@type\":\"ListItem\",\"position\":4,\"name\":\"Filges\",\"item\":\"https:\/\/teiaeducation.ch\/de\/produkt-kategorie\/unsere-marken\/filges-de\/\"},{\"@type\":\"ListItem\",\"position\":5,\"name\":\"Jahreszeiten T\u00fccher aus Wolle Fr\u00fchling &#8211; Filges\"}]},{\"@type\":\"WebSite\",\"@id\":\"https:\/\/teiaeducation.ch\/de\/#website\",\"url\":\"https:\/\/teiaeducation.ch\/de\/\",\"name\":\"Sustainable Educational Products &amp; Ecological Toys\u00a0\",\"description\":\"Specialised Swiss shop selling sustainable educational toys and games, AMI certified Montessori materials, handmade ecological wooden Waldorf toys and arts &amp; crafts supplies, school supplies, children&#039;s furniture and Montessori reference and parenting books.\",\"publisher\":{\"@id\":\"https:\/\/teiaeducation.ch\/de\/#organization\"},\"alternateName\":\"Teia Education & Play\",\"potentialAction\":[{\"@type\":\"SearchAction\",\"target\":{\"@type\":\"EntryPoint\",\"urlTemplate\":\"https:\/\/teiaeducation.ch\/de\/?s={search_term_string}\"},\"query-input\":{\"@type\":\"PropertyValueSpecification\",\"valueRequired\":true,\"valueName\":\"search_term_string\"}}],\"inLanguage\":\"de-CH\"},{\"@type\":\"Organization\",\"@id\":\"https:\/\/teiaeducation.ch\/de\/#organization\",\"name\":\"Teia Education & Play\",\"url\":\"https:\/\/teiaeducation.ch\/de\/\",\"logo\":{\"@type\":\"ImageObject\",\"inLanguage\":\"de-CH\",\"@id\":\"https:\/\/teiaeducation.ch\/de\/#\/schema\/logo\/image\/\",\"url\":\"https:\/\/teiaeducation.ch\/wp-content\/uploads\/2020\/11\/Teia-Education-Switzerland-e1620156442216.jpg\",\"contentUrl\":\"https:\/\/teiaeducation.ch\/wp-content\/uploads\/2020\/11\/Teia-Education-Switzerland-e1620156442216.jpg\",\"width\":166,\"height\":145,\"caption\":\"Teia Education & Play\"},\"image\":{\"@id\":\"https:\/\/teiaeducation.ch\/de\/#\/schema\/logo\/image\/\"},\"sameAs\":[\"https:\/\/www.facebook.com\/teiaeducation\/\",\"https:\/\/x.com\/EducationTeia\",\"https:\/\/www.instagram.com\/teia.education\/\",\"https:\/\/www.linkedin.com\/company\/35501660\",\"https:\/\/www.pinterest.ch\/TeiaEducation\/\"]}]}<\/script>\n<!-- \/ Yoast SEO plugin. -->","yoast_head_json":{"title":"Jahreszeiten T\u00fccher aus Wolle Fr\u00fchling - Filges","description":"Die Filges Fr\u00fchlings-Jahreszeitent\u00fccher aus 100% Bio-Wolle wurden speziell als spielerische und m\u00fchelose Dekoration f\u00fcr saisonale Tische entwickelt.","robots":{"index":"index","follow":"follow","max-snippet":"max-snippet:-1","max-image-preview":"max-image-preview:large","max-video-preview":"max-video-preview:-1"},"canonical":"https:\/\/teiaeducation.ch\/de\/produkt\/jahreszeiten-tuecher-aus-wolle-fruehling-filges\/","og_locale":"de_DE","og_type":"article","og_title":"Jahreszeiten T\u00fccher aus Wolle Fr\u00fchling - Filges","og_description":"Die Filges Fr\u00fchlings-Jahreszeitent\u00fccher aus 100% Bio-Wolle wurden speziell als spielerische und m\u00fchelose Dekoration f\u00fcr saisonale Tische entwickelt.","og_url":"https:\/\/teiaeducation.ch\/de\/produkt\/jahreszeiten-tuecher-aus-wolle-fruehling-filges\/","og_site_name":"Sustainable Educational Products &amp; Ecological Toys\u00a0","article_publisher":"https:\/\/www.facebook.com\/teiaeducation\/","article_modified_time":"2024-09-27T12:27:22+00:00","og_image":[{"width":1200,"height":1200,"url":"https:\/\/teiaeducation.ch\/wp-content\/uploads\/2022\/05\/Seasons-cloths-of-wool-Spring-Filges.jpg","type":"image\/jpeg"}],"schema":{"@context":"https:\/\/schema.org","@graph":[{"@type":"WebPage","@id":"https:\/\/teiaeducation.ch\/de\/produkt\/jahreszeiten-tuecher-aus-wolle-fruehling-filges\/","url":"https:\/\/teiaeducation.ch\/de\/produkt\/jahreszeiten-tuecher-aus-wolle-fruehling-filges\/","name":"Jahreszeiten T\u00fccher aus Wolle Fr\u00fchling - Filges","isPartOf":{"@id":"https:\/\/teiaeducation.ch\/de\/#website"},"primaryImageOfPage":{"@id":"https:\/\/teiaeducation.ch\/de\/produkt\/jahreszeiten-tuecher-aus-wolle-fruehling-filges\/#primaryimage"},"image":{"@id":"https:\/\/teiaeducation.ch\/de\/produkt\/jahreszeiten-tuecher-aus-wolle-fruehling-filges\/#primaryimage"},"thumbnailUrl":"https:\/\/teiaeducation.ch\/wp-content\/uploads\/2022\/05\/Seasons-cloths-of-wool-Spring-Filges.jpg","datePublished":"2022-05-16T09:41:42+00:00","dateModified":"2024-09-27T12:27:22+00:00","description":"Die Filges Fr\u00fchlings-Jahreszeitent\u00fccher aus 100% Bio-Wolle wurden speziell als spielerische und m\u00fchelose Dekoration f\u00fcr saisonale Tische entwickelt.","breadcrumb":{"@id":"https:\/\/teiaeducation.ch\/de\/produkt\/jahreszeiten-tuecher-aus-wolle-fruehling-filges\/#breadcrumb"},"inLanguage":"de-CH","potentialAction":[{"@type":"ReadAction","target":["https:\/\/teiaeducation.ch\/de\/produkt\/jahreszeiten-tuecher-aus-wolle-fruehling-filges\/"]}]},{"@type":"ImageObject","inLanguage":"de-CH","@id":"https:\/\/teiaeducation.ch\/de\/produkt\/jahreszeiten-tuecher-aus-wolle-fruehling-filges\/#primaryimage","url":"https:\/\/teiaeducation.ch\/wp-content\/uploads\/2022\/05\/Seasons-cloths-of-wool-Spring-Filges.jpg","contentUrl":"https:\/\/teiaeducation.ch\/wp-content\/uploads\/2022\/05\/Seasons-cloths-of-wool-Spring-Filges.jpg","width":1200,"height":1200,"caption":"Jahreszeiten T\u00fccher aus Wolle Fr\u00fchling - Filges"},{"@type":"BreadcrumbList","@id":"https:\/\/teiaeducation.ch\/de\/produkt\/jahreszeiten-tuecher-aus-wolle-fruehling-filges\/#breadcrumb","itemListElement":[{"@type":"ListItem","position":1,"name":"Home","item":"https:\/\/teiaeducation.ch\/de\/"},{"@type":"ListItem","position":2,"name":"Laden","item":"https:\/\/teiaeducation.ch\/de\/shop\/"},{"@type":"ListItem","position":3,"name":"Unsere Marken","item":"https:\/\/teiaeducation.ch\/de\/produkt-kategorie\/unsere-marken\/"},{"@type":"ListItem","position":4,"name":"Filges","item":"https:\/\/teiaeducation.ch\/de\/produkt-kategorie\/unsere-marken\/filges-de\/"},{"@type":"ListItem","position":5,"name":"Jahreszeiten T\u00fccher aus Wolle Fr\u00fchling &#8211; Filges"}]},{"@type":"WebSite","@id":"https:\/\/teiaeducation.ch\/de\/#website","url":"https:\/\/teiaeducation.ch\/de\/","name":"Sustainable Educational Products &amp; Ecological Toys\u00a0","description":"Specialised Swiss shop selling sustainable educational toys and games, AMI certified Montessori materials, handmade ecological wooden Waldorf toys and arts &amp; crafts supplies, school supplies, children&#039;s furniture and Montessori reference and parenting books.","publisher":{"@id":"https:\/\/teiaeducation.ch\/de\/#organization"},"alternateName":"Teia Education & Play","potentialAction":[{"@type":"SearchAction","target":{"@type":"EntryPoint","urlTemplate":"https:\/\/teiaeducation.ch\/de\/?s={search_term_string}"},"query-input":{"@type":"PropertyValueSpecification","valueRequired":true,"valueName":"search_term_string"}}],"inLanguage":"de-CH"},{"@type":"Organization","@id":"https:\/\/teiaeducation.ch\/de\/#organization","name":"Teia Education & Play","url":"https:\/\/teiaeducation.ch\/de\/","logo":{"@type":"ImageObject","inLanguage":"de-CH","@id":"https:\/\/teiaeducation.ch\/de\/#\/schema\/logo\/image\/","url":"https:\/\/teiaeducation.ch\/wp-content\/uploads\/2020\/11\/Teia-Education-Switzerland-e1620156442216.jpg","contentUrl":"https:\/\/teiaeducation.ch\/wp-content\/uploads\/2020\/11\/Teia-Education-Switzerland-e1620156442216.jpg","width":166,"height":145,"caption":"Teia Education & Play"},"image":{"@id":"https:\/\/teiaeducation.ch\/de\/#\/schema\/logo\/image\/"},"sameAs":["https:\/\/www.facebook.com\/teiaeducation\/","https:\/\/x.com\/EducationTeia","https:\/\/www.instagram.com\/teia.education\/","https:\/\/www.linkedin.com\/company\/35501660","https:\/\/www.pinterest.ch\/TeiaEducation\/"]}]}},"_links":{"self":[{"href":"https:\/\/teiaeducation.ch\/de\/wp-json\/wp\/v2\/product\/59911","targetHints":{"allow":["GET"]}}],"collection":[{"href":"https:\/\/teiaeducation.ch\/de\/wp-json\/wp\/v2\/product"}],"about":[{"href":"https:\/\/teiaeducation.ch\/de\/wp-json\/wp\/v2\/types\/product"}],"replies":[{"embeddable":true,"href":"https:\/\/teiaeducation.ch\/de\/wp-json\/wp\/v2\/comments?post=59911"}],"wp:featuredmedia":[{"embeddable":true,"href":"https:\/\/teiaeducation.ch\/de\/wp-json\/wp\/v2\/media\/48016"}],"wp:attachment":[{"href":"https:\/\/teiaeducation.ch\/de\/wp-json\/wp\/v2\/media?parent=59911"}],"wp:term":[{"taxonomy":"product_brand","embeddable":true,"href":"https:\/\/teiaeducation.ch\/de\/wp-json\/wp\/v2\/product_brand?post=59911"},{"taxonomy":"product_cat","embeddable":true,"href":"https:\/\/teiaeducation.ch\/de\/wp-json\/wp\/v2\/product_cat?post=59911"},{"taxonomy":"product_tag","embeddable":true,"href":"https:\/\/teiaeducation.ch\/de\/wp-json\/wp\/v2\/product_tag?post=59911"}],"curies":[{"name":"wp","href":"https:\/\/api.w.org\/{rel}","templated":true}]}}