{"id":59912,"date":"2022-05-16T11:07:39","date_gmt":"2022-05-16T09:07:39","guid":{"rendered":"https:\/\/teiaeducation.ch\/product\/bio-wollfilz-flechtstern-filges\/"},"modified":"2024-04-09T12:08:53","modified_gmt":"2024-04-09T10:08:53","slug":"bio-wollfilz-flechtstern-filges","status":"publish","type":"product","link":"https:\/\/teiaeducation.ch\/de\/produkt\/bio-wollfilz-flechtstern-filges\/","title":{"rendered":"Bio-Wollfilz Flechtstern &#8211; Filges"},"content":{"rendered":"<p>Mit dem Filges-Bio-Wollfilz-Flechtstern und einer Probe des bunten Wollgarns lernen die Kinder mit viel Spa\u00df das Flechten. Ein tolles Geschenk f\u00fcr kreative und handwerklich begabte Kinder: Aus dem gestrickten Zopf, den der Stern produziert, lassen sich Springseile, Armb\u00e4nder, Platzdeckchen, G\u00fcrtel, Wanddekorationen und G\u00fcrtel herstellen. Es kann sogar zu Namen geformt werden, um pers\u00f6nliche Accessoires zu gestalten.<\/p>\n<p>Das Flechten ist eine sehr taktile Erfahrung und eine lustige, kreative Waldorf-Handarbeitst\u00e4tigkeit. Zusammen mit dem <a href=\"https:\/\/teiaeducation.ch\/product-category\/creative-art-craft\/knitting\/\">Stricken<\/a> wird es in <a href=\"\/?product_cat=waldorf\">Waldorf<\/a>schulen weltweit ab einem Alter von etwa 6 Jahren unterrichtet, und die Projekte k\u00f6nnen von Anf\u00e4ngern bis zu Fortgeschrittenen reichen.<\/p>\n<p>Das Flechthandwerk hat viele Vorteile f\u00fcr Kinder, unter anderem die Entwicklung der Feinmotorik, der Hand-Augen-Koordination und der Konzentration und Geduld, die f\u00fcr die Konzentration auf eine Aufgabe erforderlich sind. Es verbessert die F\u00e4higkeit, Prozesse zu verstehen und zu befolgen, und f\u00f6rdert die Probleml\u00f6sungskompetenz bei der \u00dcberwindung von Fehlern. Dies ist ein beruhigendes und befriedigendes Handwerk, das den Kindern auch ein Gef\u00fchl von Stolz und Erfolg auf ihre Kreationen vermittelt. Die sinnliche Erfahrung, mit Naturfasern zu arbeiten, schafft f\u00fcr beide Kinder eine aktive Verbindung zur nat\u00fcrlichen Welt. Das Flechten wird sowohl in der Montessori- als auch in der Waldorfp\u00e4dagogik verwendet und ist eines der Waldorfhandwerke.<\/p>\n<p>Das enthaltene Wollgarn wird in Deutschland hergestellt und nach traditionellen, handwerklichen Methoden ohne den Einsatz von Chemikalien pflanzengef\u00e4rbt. Filges Wolle ist reine Bio-Schurwolle, die zu 100% den strengen Richtlinien von Bioland entspricht und sehr langlebig, umweltfreundlich und sicher ist.<\/p>\n<p>Filges ist eine kleine deutsche Familienmarke, die sich auf feinste, pflanzlich gef\u00e4rbte Wolle und Seide in traditioneller, handwerklicher Verarbeitung spezialisiert hat.<\/p>\n<p><a href=\"https:\/\/teiaeducation.ch\/product-category\/brands\/filges\/\">Filges<\/a> ist ein Bioland-zertifizierter Hersteller von Schafwolle. Als Mitglied des IVN (Internationaler Verband der Naturtextilwirtschaft) stammt die Wolle von Filges ausschlie\u00dflich von zertifizierten Bio-Schafen aus Deutschland. Die Farbstoffe von Filges sind auf pflanzlicher Basis und die Produktion ist nachhaltig, \u00f6kologisch und emissionsfrei.<\/p>\n<p>Achtung! Wegen der scharfen Spitzen nicht f\u00fcr Kinder unter 5 Jahren geeignet.<\/p>\n<p>Inhalt:<\/p>\n<p>1 Wollfilz-Flechtstern<br \/>\n1 Muster eines Wollgarns<\/p>\n","protected":false},"excerpt":{"rendered":"<p>Artikelnummer: FWKD786<\/p>\n<p>Mit dem Filges Bio-Wollfilz-Flechtstern k\u00f6nnen Kinder mit viel Spa\u00df das Flechten lernen. Ein tolles Geschenk f\u00fcr kreative Kinder, die gerne basteln!<\/p>\n","protected":false},"featured_media":47999,"comment_status":"open","ping_status":"closed","template":"","meta":[],"product_brand":[],"product_cat":[21445,21446,21449,21479,21627,21490,21484,21464,21447,21509,21559,21443,21563,22362,21557,21695,21678,21564,24314,21483],"product_tag":[28789,28785,28790,28788,28786,28787],"class_list":{"0":"post-59912","1":"product","2":"type-product","3":"status-publish","4":"has-post-thumbnail","6":"product_cat-3-6-jahre-vorschule","7":"product_cat-6-12-jahre-grundschule","8":"product_cat-bastelwerkzeuge-aufbewahrung","9":"product_cat-lernmaterialien-spielzeug-montessori-waldorf-steiner-froebel","10":"product_cat-filges-de","11":"product_cat-geschenk-guide-kreativ","12":"product_cat-geschenk-guides","13":"product_cat-herbstkollektion","14":"product_cat-malen-basteln","15":"product_cat-lernthemen","16":"product_cat-motorische-fertigkeiten","17":"product_cat-nach-alter","18":"product_cat-neuheiten","19":"product_cat-saisonale-kollektionen","20":"product_cat-sensorische-motorische-fertigkeiten","21":"product_cat-sinnliches-spiel","22":"product_cat-kinder-spielzeug","23":"product_cat-unsere-marken","24":"product_cat-valentinstag","25":"product_cat-waldorf-steiner-paedagogik","26":"product_tag-bio-wollfilz-flechtstern","27":"product_tag-bio-wollfilz-flechtstern-filges","28":"product_tag-bio-wollfilzgeflecht","29":"product_tag-filges-flechtstern-wollfilz","30":"product_tag-flechtstern","31":"product_tag-waldorf-flechtstern","33":"first","34":"instock","35":"taxable","36":"shipping-taxable","37":"purchasable","38":"product-type-simple"},"yoast_head":"<!-- This site is optimized with the Yoast SEO plugin v27.1.1 - https:\/\/yoast.com\/product\/yoast-seo-wordpress\/ -->\n<title>Bio-Wollfilz Flechtstern - Filges - Teia Education &amp; Play<\/title>\n<meta name=\"description\" content=\"Mit dem Filges Bio-Wollfilz-Flechtstern k\u00f6nnen Kinder mit viel Spa\u00df das Flechten lernen. Ein tolles Geschenk f\u00fcr kreative Kinder, die gerne basteln!\" \/>\n<meta name=\"robots\" content=\"index, follow, max-snippet:-1, max-image-preview:large, max-video-preview:-1\" \/>\n<link rel=\"canonical\" href=\"https:\/\/teiaeducation.ch\/de\/produkt\/bio-wollfilz-flechtstern-filges\/\" \/>\n<meta property=\"og:locale\" content=\"de_DE\" \/>\n<meta property=\"og:type\" content=\"article\" \/>\n<meta property=\"og:title\" content=\"Bio-Wollfilz Flechtstern - Filges - Teia Education &amp; Play\" \/>\n<meta property=\"og:description\" content=\"Mit dem Filges Bio-Wollfilz-Flechtstern k\u00f6nnen Kinder mit viel Spa\u00df das Flechten lernen. Ein tolles Geschenk f\u00fcr kreative Kinder, die gerne basteln!\" \/>\n<meta property=\"og:url\" content=\"https:\/\/teiaeducation.ch\/de\/produkt\/bio-wollfilz-flechtstern-filges\/\" \/>\n<meta property=\"og:site_name\" content=\"Sustainable Educational Products &amp; Ecological Toys\u00a0\" \/>\n<meta property=\"article:publisher\" content=\"https:\/\/www.facebook.com\/teiaeducation\/\" \/>\n<meta property=\"article:modified_time\" content=\"2024-04-09T10:08:53+00:00\" \/>\n<meta property=\"og:image\" content=\"https:\/\/teiaeducation.ch\/wp-content\/uploads\/2022\/05\/Filges-Organic-Wool-Felt-Braiding-Star-2.jpg\" \/>\n\t<meta property=\"og:image:width\" content=\"900\" \/>\n\t<meta property=\"og:image:height\" content=\"938\" \/>\n\t<meta property=\"og:image:type\" content=\"image\/jpeg\" \/>\n<script type=\"application\/ld+json\" class=\"yoast-schema-graph\">{\"@context\":\"https:\/\/schema.org\",\"@graph\":[{\"@type\":\"WebPage\",\"@id\":\"https:\/\/teiaeducation.ch\/de\/produkt\/bio-wollfilz-flechtstern-filges\/\",\"url\":\"https:\/\/teiaeducation.ch\/de\/produkt\/bio-wollfilz-flechtstern-filges\/\",\"name\":\"Bio-Wollfilz Flechtstern - Filges - Teia Education & Play\",\"isPartOf\":{\"@id\":\"https:\/\/teiaeducation.ch\/de\/#website\"},\"primaryImageOfPage\":{\"@id\":\"https:\/\/teiaeducation.ch\/de\/produkt\/bio-wollfilz-flechtstern-filges\/#primaryimage\"},\"image\":{\"@id\":\"https:\/\/teiaeducation.ch\/de\/produkt\/bio-wollfilz-flechtstern-filges\/#primaryimage\"},\"thumbnailUrl\":\"https:\/\/teiaeducation.ch\/wp-content\/uploads\/2022\/05\/Filges-Organic-Wool-Felt-Braiding-Star-2.jpg\",\"datePublished\":\"2022-05-16T09:07:39+00:00\",\"dateModified\":\"2024-04-09T10:08:53+00:00\",\"description\":\"Mit dem Filges Bio-Wollfilz-Flechtstern k\u00f6nnen Kinder mit viel Spa\u00df das Flechten lernen. Ein tolles Geschenk f\u00fcr kreative Kinder, die gerne basteln!\",\"breadcrumb\":{\"@id\":\"https:\/\/teiaeducation.ch\/de\/produkt\/bio-wollfilz-flechtstern-filges\/#breadcrumb\"},\"inLanguage\":\"de-CH\",\"potentialAction\":[{\"@type\":\"ReadAction\",\"target\":[\"https:\/\/teiaeducation.ch\/de\/produkt\/bio-wollfilz-flechtstern-filges\/\"]}]},{\"@type\":\"ImageObject\",\"inLanguage\":\"de-CH\",\"@id\":\"https:\/\/teiaeducation.ch\/de\/produkt\/bio-wollfilz-flechtstern-filges\/#primaryimage\",\"url\":\"https:\/\/teiaeducation.ch\/wp-content\/uploads\/2022\/05\/Filges-Organic-Wool-Felt-Braiding-Star-2.jpg\",\"contentUrl\":\"https:\/\/teiaeducation.ch\/wp-content\/uploads\/2022\/05\/Filges-Organic-Wool-Felt-Braiding-Star-2.jpg\",\"width\":900,\"height\":938,\"caption\":\"Filges Bio-Wollfilz Flechtstern\"},{\"@type\":\"BreadcrumbList\",\"@id\":\"https:\/\/teiaeducation.ch\/de\/produkt\/bio-wollfilz-flechtstern-filges\/#breadcrumb\",\"itemListElement\":[{\"@type\":\"ListItem\",\"position\":1,\"name\":\"Home\",\"item\":\"https:\/\/teiaeducation.ch\/de\/\"},{\"@type\":\"ListItem\",\"position\":2,\"name\":\"Laden\",\"item\":\"https:\/\/teiaeducation.ch\/de\/shop\/\"},{\"@type\":\"ListItem\",\"position\":3,\"name\":\"Unsere Marken\",\"item\":\"https:\/\/teiaeducation.ch\/de\/produkt-kategorie\/unsere-marken\/\"},{\"@type\":\"ListItem\",\"position\":4,\"name\":\"Filges\",\"item\":\"https:\/\/teiaeducation.ch\/de\/produkt-kategorie\/unsere-marken\/filges-de\/\"},{\"@type\":\"ListItem\",\"position\":5,\"name\":\"Bio-Wollfilz Flechtstern &#8211; Filges\"}]},{\"@type\":\"WebSite\",\"@id\":\"https:\/\/teiaeducation.ch\/de\/#website\",\"url\":\"https:\/\/teiaeducation.ch\/de\/\",\"name\":\"Sustainable Educational Products &amp; Ecological Toys\u00a0\",\"description\":\"Specialised Swiss shop selling sustainable educational toys and games, AMI certified Montessori materials, handmade ecological wooden Waldorf toys and arts &amp; crafts supplies, school supplies, children&#039;s furniture and Montessori reference and parenting books.\",\"publisher\":{\"@id\":\"https:\/\/teiaeducation.ch\/de\/#organization\"},\"alternateName\":\"Teia Education & Play\",\"potentialAction\":[{\"@type\":\"SearchAction\",\"target\":{\"@type\":\"EntryPoint\",\"urlTemplate\":\"https:\/\/teiaeducation.ch\/de\/?s={search_term_string}\"},\"query-input\":{\"@type\":\"PropertyValueSpecification\",\"valueRequired\":true,\"valueName\":\"search_term_string\"}}],\"inLanguage\":\"de-CH\"},{\"@type\":\"Organization\",\"@id\":\"https:\/\/teiaeducation.ch\/de\/#organization\",\"name\":\"Teia Education & Play\",\"url\":\"https:\/\/teiaeducation.ch\/de\/\",\"logo\":{\"@type\":\"ImageObject\",\"inLanguage\":\"de-CH\",\"@id\":\"https:\/\/teiaeducation.ch\/de\/#\/schema\/logo\/image\/\",\"url\":\"https:\/\/teiaeducation.ch\/wp-content\/uploads\/2020\/11\/Teia-Education-Switzerland-e1620156442216.jpg\",\"contentUrl\":\"https:\/\/teiaeducation.ch\/wp-content\/uploads\/2020\/11\/Teia-Education-Switzerland-e1620156442216.jpg\",\"width\":166,\"height\":145,\"caption\":\"Teia Education & Play\"},\"image\":{\"@id\":\"https:\/\/teiaeducation.ch\/de\/#\/schema\/logo\/image\/\"},\"sameAs\":[\"https:\/\/www.facebook.com\/teiaeducation\/\",\"https:\/\/x.com\/EducationTeia\",\"https:\/\/www.instagram.com\/teia.education\/\",\"https:\/\/www.linkedin.com\/company\/35501660\",\"https:\/\/www.pinterest.ch\/TeiaEducation\/\"]}]}<\/script>\n<!-- \/ Yoast SEO plugin. -->","yoast_head_json":{"title":"Bio-Wollfilz Flechtstern - Filges - Teia Education & Play","description":"Mit dem Filges Bio-Wollfilz-Flechtstern k\u00f6nnen Kinder mit viel Spa\u00df das Flechten lernen. Ein tolles Geschenk f\u00fcr kreative Kinder, die gerne basteln!","robots":{"index":"index","follow":"follow","max-snippet":"max-snippet:-1","max-image-preview":"max-image-preview:large","max-video-preview":"max-video-preview:-1"},"canonical":"https:\/\/teiaeducation.ch\/de\/produkt\/bio-wollfilz-flechtstern-filges\/","og_locale":"de_DE","og_type":"article","og_title":"Bio-Wollfilz Flechtstern - Filges - Teia Education & Play","og_description":"Mit dem Filges Bio-Wollfilz-Flechtstern k\u00f6nnen Kinder mit viel Spa\u00df das Flechten lernen. Ein tolles Geschenk f\u00fcr kreative Kinder, die gerne basteln!","og_url":"https:\/\/teiaeducation.ch\/de\/produkt\/bio-wollfilz-flechtstern-filges\/","og_site_name":"Sustainable Educational Products &amp; Ecological Toys\u00a0","article_publisher":"https:\/\/www.facebook.com\/teiaeducation\/","article_modified_time":"2024-04-09T10:08:53+00:00","og_image":[{"width":900,"height":938,"url":"https:\/\/teiaeducation.ch\/wp-content\/uploads\/2022\/05\/Filges-Organic-Wool-Felt-Braiding-Star-2.jpg","type":"image\/jpeg"}],"schema":{"@context":"https:\/\/schema.org","@graph":[{"@type":"WebPage","@id":"https:\/\/teiaeducation.ch\/de\/produkt\/bio-wollfilz-flechtstern-filges\/","url":"https:\/\/teiaeducation.ch\/de\/produkt\/bio-wollfilz-flechtstern-filges\/","name":"Bio-Wollfilz Flechtstern - Filges - Teia Education & Play","isPartOf":{"@id":"https:\/\/teiaeducation.ch\/de\/#website"},"primaryImageOfPage":{"@id":"https:\/\/teiaeducation.ch\/de\/produkt\/bio-wollfilz-flechtstern-filges\/#primaryimage"},"image":{"@id":"https:\/\/teiaeducation.ch\/de\/produkt\/bio-wollfilz-flechtstern-filges\/#primaryimage"},"thumbnailUrl":"https:\/\/teiaeducation.ch\/wp-content\/uploads\/2022\/05\/Filges-Organic-Wool-Felt-Braiding-Star-2.jpg","datePublished":"2022-05-16T09:07:39+00:00","dateModified":"2024-04-09T10:08:53+00:00","description":"Mit dem Filges Bio-Wollfilz-Flechtstern k\u00f6nnen Kinder mit viel Spa\u00df das Flechten lernen. Ein tolles Geschenk f\u00fcr kreative Kinder, die gerne basteln!","breadcrumb":{"@id":"https:\/\/teiaeducation.ch\/de\/produkt\/bio-wollfilz-flechtstern-filges\/#breadcrumb"},"inLanguage":"de-CH","potentialAction":[{"@type":"ReadAction","target":["https:\/\/teiaeducation.ch\/de\/produkt\/bio-wollfilz-flechtstern-filges\/"]}]},{"@type":"ImageObject","inLanguage":"de-CH","@id":"https:\/\/teiaeducation.ch\/de\/produkt\/bio-wollfilz-flechtstern-filges\/#primaryimage","url":"https:\/\/teiaeducation.ch\/wp-content\/uploads\/2022\/05\/Filges-Organic-Wool-Felt-Braiding-Star-2.jpg","contentUrl":"https:\/\/teiaeducation.ch\/wp-content\/uploads\/2022\/05\/Filges-Organic-Wool-Felt-Braiding-Star-2.jpg","width":900,"height":938,"caption":"Filges Bio-Wollfilz Flechtstern"},{"@type":"BreadcrumbList","@id":"https:\/\/teiaeducation.ch\/de\/produkt\/bio-wollfilz-flechtstern-filges\/#breadcrumb","itemListElement":[{"@type":"ListItem","position":1,"name":"Home","item":"https:\/\/teiaeducation.ch\/de\/"},{"@type":"ListItem","position":2,"name":"Laden","item":"https:\/\/teiaeducation.ch\/de\/shop\/"},{"@type":"ListItem","position":3,"name":"Unsere Marken","item":"https:\/\/teiaeducation.ch\/de\/produkt-kategorie\/unsere-marken\/"},{"@type":"ListItem","position":4,"name":"Filges","item":"https:\/\/teiaeducation.ch\/de\/produkt-kategorie\/unsere-marken\/filges-de\/"},{"@type":"ListItem","position":5,"name":"Bio-Wollfilz Flechtstern &#8211; Filges"}]},{"@type":"WebSite","@id":"https:\/\/teiaeducation.ch\/de\/#website","url":"https:\/\/teiaeducation.ch\/de\/","name":"Sustainable Educational Products &amp; Ecological Toys\u00a0","description":"Specialised Swiss shop selling sustainable educational toys and games, AMI certified Montessori materials, handmade ecological wooden Waldorf toys and arts &amp; crafts supplies, school supplies, children&#039;s furniture and Montessori reference and parenting books.","publisher":{"@id":"https:\/\/teiaeducation.ch\/de\/#organization"},"alternateName":"Teia Education & Play","potentialAction":[{"@type":"SearchAction","target":{"@type":"EntryPoint","urlTemplate":"https:\/\/teiaeducation.ch\/de\/?s={search_term_string}"},"query-input":{"@type":"PropertyValueSpecification","valueRequired":true,"valueName":"search_term_string"}}],"inLanguage":"de-CH"},{"@type":"Organization","@id":"https:\/\/teiaeducation.ch\/de\/#organization","name":"Teia Education & Play","url":"https:\/\/teiaeducation.ch\/de\/","logo":{"@type":"ImageObject","inLanguage":"de-CH","@id":"https:\/\/teiaeducation.ch\/de\/#\/schema\/logo\/image\/","url":"https:\/\/teiaeducation.ch\/wp-content\/uploads\/2020\/11\/Teia-Education-Switzerland-e1620156442216.jpg","contentUrl":"https:\/\/teiaeducation.ch\/wp-content\/uploads\/2020\/11\/Teia-Education-Switzerland-e1620156442216.jpg","width":166,"height":145,"caption":"Teia Education & Play"},"image":{"@id":"https:\/\/teiaeducation.ch\/de\/#\/schema\/logo\/image\/"},"sameAs":["https:\/\/www.facebook.com\/teiaeducation\/","https:\/\/x.com\/EducationTeia","https:\/\/www.instagram.com\/teia.education\/","https:\/\/www.linkedin.com\/company\/35501660","https:\/\/www.pinterest.ch\/TeiaEducation\/"]}]}},"_links":{"self":[{"href":"https:\/\/teiaeducation.ch\/de\/wp-json\/wp\/v2\/product\/59912","targetHints":{"allow":["GET"]}}],"collection":[{"href":"https:\/\/teiaeducation.ch\/de\/wp-json\/wp\/v2\/product"}],"about":[{"href":"https:\/\/teiaeducation.ch\/de\/wp-json\/wp\/v2\/types\/product"}],"replies":[{"embeddable":true,"href":"https:\/\/teiaeducation.ch\/de\/wp-json\/wp\/v2\/comments?post=59912"}],"wp:featuredmedia":[{"embeddable":true,"href":"https:\/\/teiaeducation.ch\/de\/wp-json\/wp\/v2\/media\/47999"}],"wp:attachment":[{"href":"https:\/\/teiaeducation.ch\/de\/wp-json\/wp\/v2\/media?parent=59912"}],"wp:term":[{"taxonomy":"product_brand","embeddable":true,"href":"https:\/\/teiaeducation.ch\/de\/wp-json\/wp\/v2\/product_brand?post=59912"},{"taxonomy":"product_cat","embeddable":true,"href":"https:\/\/teiaeducation.ch\/de\/wp-json\/wp\/v2\/product_cat?post=59912"},{"taxonomy":"product_tag","embeddable":true,"href":"https:\/\/teiaeducation.ch\/de\/wp-json\/wp\/v2\/product_tag?post=59912"}],"curies":[{"name":"wp","href":"https:\/\/api.w.org\/{rel}","templated":true}]}}