{"id":59913,"date":"2022-05-13T13:23:13","date_gmt":"2022-05-13T11:23:13","guid":{"rendered":"https:\/\/teiaeducation.ch\/product\/rundwebrahmen-aus-holz-mit-bio-wollgarn-filges\/"},"modified":"2025-07-16T13:04:42","modified_gmt":"2025-07-16T11:04:42","slug":"rundwebrahmen-aus-holz-mit-bio-wollgarn-filges","status":"publish","type":"product","link":"https:\/\/teiaeducation.ch\/de\/produkt\/rundwebrahmen-aus-holz-mit-bio-wollgarn-filges\/","title":{"rendered":"Rundwebrahmen aus Holz mit Bio-Wollgarn &#8211; Filges"},"content":{"rendered":"<p>Das Filges-Set mit rundem Webrahmen aus Holz und pflanzengef\u00e4rbtem Bio-Wollgarn in sch\u00f6nen Farben enth\u00e4lt alles, was Kinder und Erwachsene brauchen, um mit dem Weben zu beginnen! Der runde Webrahmen ist ein einfacher, runder Holzwebstuhl, der perfekt geeignet ist, um Kinder in das traditionelle und unterhaltsame Handwerk des <a href=\"https:\/\/teiaeducation.ch\/product-category\/creative-art-craft\/weaving\/\">Webens<\/a> einzuf\u00fchren und ist ideal f\u00fcr Anf\u00e4nger, die das Weben lernen.<\/p>\n<p>Das Weben ist eine sehr taktile Erfahrung und eine lustige, kreative Waldorf-Handarbeitst\u00e4tigkeit. Es wird in <a href=\"https:\/\/teiaeducation.ch\/waldorf-steiner-schools-supplies\/\">Rudolf-Steiner-Schulen<\/a> auf der ganzen Welt ab einem Alter von etwa 6 Jahren unterrichtet, und die Projekte k\u00f6nnen von Anf\u00e4ngern bis zu Fortgeschrittenen reichen.<\/p>\n<p>Der Holzrahmen hat 25 Kerben, auf die die Wolle aufgewickelt wird, wodurch die Kette entsteht. Das Set enth\u00e4lt auch einen Baumwollfaden und eine N\u00e4hnadel, mit denen Sie Ihre Wolle zum Schuss verweben k\u00f6nnen. Mit diesem Rundwebstuhl lassen sich wundersch\u00f6ne kreisf\u00f6rmige Muster herstellen, mit denen Sie sch\u00f6ne Dekorationen, Wandbeh\u00e4nge und Tischsets anfertigen k\u00f6nnen.<\/p>\n<p>Der Webrahmen bzw. Rundwebstuhl ist ab 5 Jahren geeignet &#8211; er ist von hoher Qualit\u00e4t und nachhaltig in Deutschland hergestellt.<\/p>\n<p>Das Weben hat viele Vorteile f\u00fcr Kinder, unter anderem die Entwicklung der Feinmotorik, der Hand-Augen-Koordination und der Konzentration und Geduld, die f\u00fcr die Konzentration auf eine Aufgabe erforderlich sind. Es verbessert die F\u00e4higkeit, Prozesse zu verstehen und zu befolgen, und f\u00f6rdert die Probleml\u00f6sungskompetenz bei der \u00dcberwindung von Fehlern.<\/p>\n<p>Das Weben ist ein beruhigendes und befriedigendes Handwerk, das den Kindern auch ein Gef\u00fchl von Stolz und Erfolg auf ihre Kreationen vermittelt. Die sinnliche Erfahrung, mit Naturfasern zu arbeiten, schafft f\u00fcr beide Kinder eine aktive Verbindung zur nat\u00fcrlichen Welt. Das Weben wird sowohl in der Montessori- als auch in der Waldorfp\u00e4dagogik verwendet und ist eines der Waldorfhandwerke.<\/p>\n<p>Das enthaltene Wollgarn wird in Deutschland hergestellt und nach traditionellen, handwerklichen Methoden ohne den Einsatz von Chemikalien pflanzengef\u00e4rbt. Filges Wolle ist reine Bio-Schurwolle, die zu 100% den strengen Richtlinien von Bioland entspricht und sehr langlebig, umweltfreundlich und sicher ist.<\/p>\n<p>Filges ist eine kleine deutsche Familienmarke, die sich auf feinste, pflanzlich gef\u00e4rbte Wolle und Seide in traditioneller, handwerklicher Verarbeitung spezialisiert hat.<\/p>\n<p><a href=\"https:\/\/teiaeducation.ch\/product-category\/brands\/filges\/\">Filges<\/a> ist ein Bioland-zertifizierter Hersteller von Schafwolle. Als Mitglied des IVN (Internationaler Verband der Naturtextilwirtschaft) stammt die Wolle von Filges ausschlie\u00dflich von zertifizierten Bio-Schafen aus Deutschland. Die Farbstoffe von Filges sind auf pflanzlicher Basis und die Produktion ist nachhaltig, \u00f6kologisch und emissionsfrei.<\/p>\n<p>Achtung! Nicht geeignet f\u00fcr Kinder unter 36 Monaten wegen der Gefahr von St\u00f6\u00dfen mit scharfen Gegenst\u00e4nden im Halsbereich.<\/p>\n<p>Inhalt:<\/p>\n<p>1 runder Holzwebrahmen<br \/>\n1 Kn\u00e4uel pflanzengef\u00e4rbtes Bio-Wollgarn<br \/>\n1 N\u00e4hnadel<br \/>\nBaumwollfaden<\/p>\n","protected":false},"excerpt":{"rendered":"<p>Artikelnummer: FCKK912<\/p>\n<p>Das Filges-Set mit rundem Webrahmen aus Holz und pflanzengef\u00e4rbtem Bio-Wollgarn enth\u00e4lt alles, was Kinder zum Weben brauchen!<\/p>\n","protected":false},"featured_media":47985,"comment_status":"open","ping_status":"closed","template":"","meta":[],"product_brand":[],"product_cat":[21445,21446,21449,21479,21627,21490,21484,21464,21447,21443,21563,22362,21494,21496,21454,21564,21483,22363],"product_tag":[28796,28795,28791,28793,28794,28797,28792,28798,28800,28799],"class_list":{"0":"post-59913","1":"product","2":"type-product","3":"status-publish","4":"has-post-thumbnail","6":"product_cat-3-6-jahre-vorschule","7":"product_cat-6-12-jahre-grundschule","8":"product_cat-bastelwerkzeuge-aufbewahrung","9":"product_cat-lernmaterialien-spielzeug-montessori-waldorf-steiner-froebel","10":"product_cat-filges-de","11":"product_cat-geschenk-guide-kreativ","12":"product_cat-geschenk-guides","13":"product_cat-herbstkollektion","14":"product_cat-malen-basteln","15":"product_cat-nach-alter","16":"product_cat-neuheiten","17":"product_cat-saisonale-kollektionen","18":"product_cat-schulbedarf-fuer-zuhause","19":"product_cat-schulbedarf-fuer-zuhause-6-12-jahre","20":"product_cat-stricken","21":"product_cat-unsere-marken","22":"product_cat-waldorf-steiner-paedagogik","23":"product_cat-winter-kollektion","24":"product_tag-filges-bio-kinderstrickset","25":"product_tag-grunes-und-gelbes-wollgarn-filges","26":"product_tag-holzerne-strickhilfe","27":"product_tag-holzstrickgabel-mit-wollgarniturfeilen","28":"product_tag-kinderstrickset-mit-bio-blau","29":"product_tag-stricken-mit-wollgarngarnituren","30":"product_tag-strickwerkzeug-fur-kinder","31":"product_tag-weberei-kit-filges","32":"product_tag-webrahmen-mit-bio-wollgarn-filges","33":"product_tag-webrahmen-mit-wollfaden","35":"first","36":"outofstock","37":"taxable","38":"shipping-taxable","39":"purchasable","40":"product-type-simple"},"yoast_head":"<!-- This site is optimized with the Yoast SEO plugin v27.1.1 - https:\/\/yoast.com\/product\/yoast-seo-wordpress\/ -->\n<title>Rundwebrahmen aus Holz mit Bio-Wollgarn - Filges<\/title>\n<meta name=\"description\" content=\"Das Filges-Set mit rundem Webrahmen aus Holz und pflanzengef\u00e4rbtem Bio-Wollgarn enth\u00e4lt alles, was Kinder zum Weben brauchen!\" \/>\n<meta name=\"robots\" content=\"index, follow, max-snippet:-1, max-image-preview:large, max-video-preview:-1\" \/>\n<link rel=\"canonical\" href=\"https:\/\/teiaeducation.ch\/de\/produkt\/rundwebrahmen-aus-holz-mit-bio-wollgarn-filges\/\" \/>\n<meta property=\"og:locale\" content=\"de_DE\" \/>\n<meta property=\"og:type\" content=\"article\" \/>\n<meta property=\"og:title\" content=\"Rundwebrahmen aus Holz mit Bio-Wollgarn - Filges\" \/>\n<meta property=\"og:description\" content=\"Das Filges-Set mit rundem Webrahmen aus Holz und pflanzengef\u00e4rbtem Bio-Wollgarn enth\u00e4lt alles, was Kinder zum Weben brauchen!\" \/>\n<meta property=\"og:url\" content=\"https:\/\/teiaeducation.ch\/de\/produkt\/rundwebrahmen-aus-holz-mit-bio-wollgarn-filges\/\" \/>\n<meta property=\"og:site_name\" content=\"Sustainable Educational Products &amp; Ecological Toys\u00a0\" \/>\n<meta property=\"article:publisher\" content=\"https:\/\/www.facebook.com\/teiaeducation\/\" \/>\n<meta property=\"article:modified_time\" content=\"2025-07-16T11:04:42+00:00\" \/>\n<meta property=\"og:image\" content=\"https:\/\/teiaeducation.ch\/wp-content\/uploads\/2022\/05\/Filges-wooden-round-weaving-frame-loom-with-organic-wool.jpg\" \/>\n\t<meta property=\"og:image:width\" content=\"600\" \/>\n\t<meta property=\"og:image:height\" content=\"633\" \/>\n\t<meta property=\"og:image:type\" content=\"image\/jpeg\" \/>\n<script type=\"application\/ld+json\" class=\"yoast-schema-graph\">{\"@context\":\"https:\/\/schema.org\",\"@graph\":[{\"@type\":\"WebPage\",\"@id\":\"https:\/\/teiaeducation.ch\/de\/produkt\/rundwebrahmen-aus-holz-mit-bio-wollgarn-filges\/\",\"url\":\"https:\/\/teiaeducation.ch\/de\/produkt\/rundwebrahmen-aus-holz-mit-bio-wollgarn-filges\/\",\"name\":\"Rundwebrahmen aus Holz mit Bio-Wollgarn - Filges\",\"isPartOf\":{\"@id\":\"https:\/\/teiaeducation.ch\/de\/#website\"},\"primaryImageOfPage\":{\"@id\":\"https:\/\/teiaeducation.ch\/de\/produkt\/rundwebrahmen-aus-holz-mit-bio-wollgarn-filges\/#primaryimage\"},\"image\":{\"@id\":\"https:\/\/teiaeducation.ch\/de\/produkt\/rundwebrahmen-aus-holz-mit-bio-wollgarn-filges\/#primaryimage\"},\"thumbnailUrl\":\"https:\/\/teiaeducation.ch\/wp-content\/uploads\/2022\/05\/Filges-wooden-round-weaving-frame-loom-with-organic-wool.jpg\",\"datePublished\":\"2022-05-13T11:23:13+00:00\",\"dateModified\":\"2025-07-16T11:04:42+00:00\",\"description\":\"Das Filges-Set mit rundem Webrahmen aus Holz und pflanzengef\u00e4rbtem Bio-Wollgarn enth\u00e4lt alles, was Kinder zum Weben brauchen!\",\"breadcrumb\":{\"@id\":\"https:\/\/teiaeducation.ch\/de\/produkt\/rundwebrahmen-aus-holz-mit-bio-wollgarn-filges\/#breadcrumb\"},\"inLanguage\":\"de-CH\",\"potentialAction\":[{\"@type\":\"ReadAction\",\"target\":[\"https:\/\/teiaeducation.ch\/de\/produkt\/rundwebrahmen-aus-holz-mit-bio-wollgarn-filges\/\"]}]},{\"@type\":\"ImageObject\",\"inLanguage\":\"de-CH\",\"@id\":\"https:\/\/teiaeducation.ch\/de\/produkt\/rundwebrahmen-aus-holz-mit-bio-wollgarn-filges\/#primaryimage\",\"url\":\"https:\/\/teiaeducation.ch\/wp-content\/uploads\/2022\/05\/Filges-wooden-round-weaving-frame-loom-with-organic-wool.jpg\",\"contentUrl\":\"https:\/\/teiaeducation.ch\/wp-content\/uploads\/2022\/05\/Filges-wooden-round-weaving-frame-loom-with-organic-wool.jpg\",\"width\":600,\"height\":633,\"caption\":\"Filges Rundwebrahmen Webstuhl aus Holz mit Bio-Wollgarn\"},{\"@type\":\"BreadcrumbList\",\"@id\":\"https:\/\/teiaeducation.ch\/de\/produkt\/rundwebrahmen-aus-holz-mit-bio-wollgarn-filges\/#breadcrumb\",\"itemListElement\":[{\"@type\":\"ListItem\",\"position\":1,\"name\":\"Home\",\"item\":\"https:\/\/teiaeducation.ch\/de\/\"},{\"@type\":\"ListItem\",\"position\":2,\"name\":\"Laden\",\"item\":\"https:\/\/teiaeducation.ch\/de\/shop\/\"},{\"@type\":\"ListItem\",\"position\":3,\"name\":\"Unsere Marken\",\"item\":\"https:\/\/teiaeducation.ch\/de\/produkt-kategorie\/unsere-marken\/\"},{\"@type\":\"ListItem\",\"position\":4,\"name\":\"Filges\",\"item\":\"https:\/\/teiaeducation.ch\/de\/produkt-kategorie\/unsere-marken\/filges-de\/\"},{\"@type\":\"ListItem\",\"position\":5,\"name\":\"Rundwebrahmen aus Holz mit Bio-Wollgarn &#8211; Filges\"}]},{\"@type\":\"WebSite\",\"@id\":\"https:\/\/teiaeducation.ch\/de\/#website\",\"url\":\"https:\/\/teiaeducation.ch\/de\/\",\"name\":\"Sustainable Educational Products &amp; Ecological Toys\u00a0\",\"description\":\"Specialised Swiss shop selling sustainable educational toys and games, AMI certified Montessori materials, handmade ecological wooden Waldorf toys and arts &amp; crafts supplies, school supplies, children&#039;s furniture and Montessori reference and parenting books.\",\"publisher\":{\"@id\":\"https:\/\/teiaeducation.ch\/de\/#organization\"},\"alternateName\":\"Teia Education & Play\",\"potentialAction\":[{\"@type\":\"SearchAction\",\"target\":{\"@type\":\"EntryPoint\",\"urlTemplate\":\"https:\/\/teiaeducation.ch\/de\/?s={search_term_string}\"},\"query-input\":{\"@type\":\"PropertyValueSpecification\",\"valueRequired\":true,\"valueName\":\"search_term_string\"}}],\"inLanguage\":\"de-CH\"},{\"@type\":\"Organization\",\"@id\":\"https:\/\/teiaeducation.ch\/de\/#organization\",\"name\":\"Teia Education & Play\",\"url\":\"https:\/\/teiaeducation.ch\/de\/\",\"logo\":{\"@type\":\"ImageObject\",\"inLanguage\":\"de-CH\",\"@id\":\"https:\/\/teiaeducation.ch\/de\/#\/schema\/logo\/image\/\",\"url\":\"https:\/\/teiaeducation.ch\/wp-content\/uploads\/2020\/11\/Teia-Education-Switzerland-e1620156442216.jpg\",\"contentUrl\":\"https:\/\/teiaeducation.ch\/wp-content\/uploads\/2020\/11\/Teia-Education-Switzerland-e1620156442216.jpg\",\"width\":166,\"height\":145,\"caption\":\"Teia Education & Play\"},\"image\":{\"@id\":\"https:\/\/teiaeducation.ch\/de\/#\/schema\/logo\/image\/\"},\"sameAs\":[\"https:\/\/www.facebook.com\/teiaeducation\/\",\"https:\/\/x.com\/EducationTeia\",\"https:\/\/www.instagram.com\/teia.education\/\",\"https:\/\/www.linkedin.com\/company\/35501660\",\"https:\/\/www.pinterest.ch\/TeiaEducation\/\"]}]}<\/script>\n<!-- \/ Yoast SEO plugin. -->","yoast_head_json":{"title":"Rundwebrahmen aus Holz mit Bio-Wollgarn - Filges","description":"Das Filges-Set mit rundem Webrahmen aus Holz und pflanzengef\u00e4rbtem Bio-Wollgarn enth\u00e4lt alles, was Kinder zum Weben brauchen!","robots":{"index":"index","follow":"follow","max-snippet":"max-snippet:-1","max-image-preview":"max-image-preview:large","max-video-preview":"max-video-preview:-1"},"canonical":"https:\/\/teiaeducation.ch\/de\/produkt\/rundwebrahmen-aus-holz-mit-bio-wollgarn-filges\/","og_locale":"de_DE","og_type":"article","og_title":"Rundwebrahmen aus Holz mit Bio-Wollgarn - Filges","og_description":"Das Filges-Set mit rundem Webrahmen aus Holz und pflanzengef\u00e4rbtem Bio-Wollgarn enth\u00e4lt alles, was Kinder zum Weben brauchen!","og_url":"https:\/\/teiaeducation.ch\/de\/produkt\/rundwebrahmen-aus-holz-mit-bio-wollgarn-filges\/","og_site_name":"Sustainable Educational Products &amp; Ecological Toys\u00a0","article_publisher":"https:\/\/www.facebook.com\/teiaeducation\/","article_modified_time":"2025-07-16T11:04:42+00:00","og_image":[{"width":600,"height":633,"url":"https:\/\/teiaeducation.ch\/wp-content\/uploads\/2022\/05\/Filges-wooden-round-weaving-frame-loom-with-organic-wool.jpg","type":"image\/jpeg"}],"schema":{"@context":"https:\/\/schema.org","@graph":[{"@type":"WebPage","@id":"https:\/\/teiaeducation.ch\/de\/produkt\/rundwebrahmen-aus-holz-mit-bio-wollgarn-filges\/","url":"https:\/\/teiaeducation.ch\/de\/produkt\/rundwebrahmen-aus-holz-mit-bio-wollgarn-filges\/","name":"Rundwebrahmen aus Holz mit Bio-Wollgarn - Filges","isPartOf":{"@id":"https:\/\/teiaeducation.ch\/de\/#website"},"primaryImageOfPage":{"@id":"https:\/\/teiaeducation.ch\/de\/produkt\/rundwebrahmen-aus-holz-mit-bio-wollgarn-filges\/#primaryimage"},"image":{"@id":"https:\/\/teiaeducation.ch\/de\/produkt\/rundwebrahmen-aus-holz-mit-bio-wollgarn-filges\/#primaryimage"},"thumbnailUrl":"https:\/\/teiaeducation.ch\/wp-content\/uploads\/2022\/05\/Filges-wooden-round-weaving-frame-loom-with-organic-wool.jpg","datePublished":"2022-05-13T11:23:13+00:00","dateModified":"2025-07-16T11:04:42+00:00","description":"Das Filges-Set mit rundem Webrahmen aus Holz und pflanzengef\u00e4rbtem Bio-Wollgarn enth\u00e4lt alles, was Kinder zum Weben brauchen!","breadcrumb":{"@id":"https:\/\/teiaeducation.ch\/de\/produkt\/rundwebrahmen-aus-holz-mit-bio-wollgarn-filges\/#breadcrumb"},"inLanguage":"de-CH","potentialAction":[{"@type":"ReadAction","target":["https:\/\/teiaeducation.ch\/de\/produkt\/rundwebrahmen-aus-holz-mit-bio-wollgarn-filges\/"]}]},{"@type":"ImageObject","inLanguage":"de-CH","@id":"https:\/\/teiaeducation.ch\/de\/produkt\/rundwebrahmen-aus-holz-mit-bio-wollgarn-filges\/#primaryimage","url":"https:\/\/teiaeducation.ch\/wp-content\/uploads\/2022\/05\/Filges-wooden-round-weaving-frame-loom-with-organic-wool.jpg","contentUrl":"https:\/\/teiaeducation.ch\/wp-content\/uploads\/2022\/05\/Filges-wooden-round-weaving-frame-loom-with-organic-wool.jpg","width":600,"height":633,"caption":"Filges Rundwebrahmen Webstuhl aus Holz mit Bio-Wollgarn"},{"@type":"BreadcrumbList","@id":"https:\/\/teiaeducation.ch\/de\/produkt\/rundwebrahmen-aus-holz-mit-bio-wollgarn-filges\/#breadcrumb","itemListElement":[{"@type":"ListItem","position":1,"name":"Home","item":"https:\/\/teiaeducation.ch\/de\/"},{"@type":"ListItem","position":2,"name":"Laden","item":"https:\/\/teiaeducation.ch\/de\/shop\/"},{"@type":"ListItem","position":3,"name":"Unsere Marken","item":"https:\/\/teiaeducation.ch\/de\/produkt-kategorie\/unsere-marken\/"},{"@type":"ListItem","position":4,"name":"Filges","item":"https:\/\/teiaeducation.ch\/de\/produkt-kategorie\/unsere-marken\/filges-de\/"},{"@type":"ListItem","position":5,"name":"Rundwebrahmen aus Holz mit Bio-Wollgarn &#8211; Filges"}]},{"@type":"WebSite","@id":"https:\/\/teiaeducation.ch\/de\/#website","url":"https:\/\/teiaeducation.ch\/de\/","name":"Sustainable Educational Products &amp; Ecological Toys\u00a0","description":"Specialised Swiss shop selling sustainable educational toys and games, AMI certified Montessori materials, handmade ecological wooden Waldorf toys and arts &amp; crafts supplies, school supplies, children&#039;s furniture and Montessori reference and parenting books.","publisher":{"@id":"https:\/\/teiaeducation.ch\/de\/#organization"},"alternateName":"Teia Education & Play","potentialAction":[{"@type":"SearchAction","target":{"@type":"EntryPoint","urlTemplate":"https:\/\/teiaeducation.ch\/de\/?s={search_term_string}"},"query-input":{"@type":"PropertyValueSpecification","valueRequired":true,"valueName":"search_term_string"}}],"inLanguage":"de-CH"},{"@type":"Organization","@id":"https:\/\/teiaeducation.ch\/de\/#organization","name":"Teia Education & Play","url":"https:\/\/teiaeducation.ch\/de\/","logo":{"@type":"ImageObject","inLanguage":"de-CH","@id":"https:\/\/teiaeducation.ch\/de\/#\/schema\/logo\/image\/","url":"https:\/\/teiaeducation.ch\/wp-content\/uploads\/2020\/11\/Teia-Education-Switzerland-e1620156442216.jpg","contentUrl":"https:\/\/teiaeducation.ch\/wp-content\/uploads\/2020\/11\/Teia-Education-Switzerland-e1620156442216.jpg","width":166,"height":145,"caption":"Teia Education & Play"},"image":{"@id":"https:\/\/teiaeducation.ch\/de\/#\/schema\/logo\/image\/"},"sameAs":["https:\/\/www.facebook.com\/teiaeducation\/","https:\/\/x.com\/EducationTeia","https:\/\/www.instagram.com\/teia.education\/","https:\/\/www.linkedin.com\/company\/35501660","https:\/\/www.pinterest.ch\/TeiaEducation\/"]}]}},"_links":{"self":[{"href":"https:\/\/teiaeducation.ch\/de\/wp-json\/wp\/v2\/product\/59913","targetHints":{"allow":["GET"]}}],"collection":[{"href":"https:\/\/teiaeducation.ch\/de\/wp-json\/wp\/v2\/product"}],"about":[{"href":"https:\/\/teiaeducation.ch\/de\/wp-json\/wp\/v2\/types\/product"}],"replies":[{"embeddable":true,"href":"https:\/\/teiaeducation.ch\/de\/wp-json\/wp\/v2\/comments?post=59913"}],"wp:featuredmedia":[{"embeddable":true,"href":"https:\/\/teiaeducation.ch\/de\/wp-json\/wp\/v2\/media\/47985"}],"wp:attachment":[{"href":"https:\/\/teiaeducation.ch\/de\/wp-json\/wp\/v2\/media?parent=59913"}],"wp:term":[{"taxonomy":"product_brand","embeddable":true,"href":"https:\/\/teiaeducation.ch\/de\/wp-json\/wp\/v2\/product_brand?post=59913"},{"taxonomy":"product_cat","embeddable":true,"href":"https:\/\/teiaeducation.ch\/de\/wp-json\/wp\/v2\/product_cat?post=59913"},{"taxonomy":"product_tag","embeddable":true,"href":"https:\/\/teiaeducation.ch\/de\/wp-json\/wp\/v2\/product_tag?post=59913"}],"curies":[{"name":"wp","href":"https:\/\/api.w.org\/{rel}","templated":true}]}}