{"id":59915,"date":"2022-05-13T12:46:40","date_gmt":"2022-05-13T10:46:40","guid":{"rendered":"https:\/\/teiaeducation.ch\/product\/kinderstrickset-mit-bio-wollgarn-in-blauem-rotem-und-rosa-farben-filges\/"},"modified":"2024-04-09T15:27:53","modified_gmt":"2024-04-09T13:27:53","slug":"kinderstrickset-mit-bio-wollgarn-in-blauem-rotem-und-rosa-farben-filges","status":"publish","type":"product","link":"https:\/\/teiaeducation.ch\/de\/produkt\/kinderstrickset-mit-bio-wollgarn-in-blauem-rotem-und-rosa-farben-filges\/","title":{"rendered":"Kinderstrickset mit Bio-Wollgarn in Blauem, Rotem und Rosa Farben &#8211; Filges"},"content":{"rendered":"<p>Das Filges Kinderset mit Bambus-Stricknadeln und 100 g pflanzengef\u00e4rbtem Bio-Wollgarn in den sch\u00f6nen Farben Blau, Rot, Rosa und Lila enth\u00e4lt alles, was Kinder zum Stricken brauchen!<\/p>\n<p>Stricken ist eine sehr taktile Erfahrung und eine lustige, kreative <a href=\"https:\/\/teiaeducation.ch\/product-category\/education-method\/waldorf-steiner-toys-craft-materials\/\">Waldorf<\/a>-Handarbeitsbesch\u00e4ftigung. Es wird in <a href=\"https:\/\/teiaeducation.ch\/waldorf-steiner-schools-supplies\/\">Rudolf-Steiner<\/a>-Schulen auf der ganzen Welt ab einem Alter von etwa 6 Jahren unterrichtet, und die Projekte k\u00f6nnen von Anf\u00e4ngern bis zu Fortgeschrittenen reichen.<\/p>\n<p><a href=\"https:\/\/teiaeducation.ch\/product-category\/creative-art-craft\/knitting\/\">Stricken<\/a> ist f\u00fcr Kinder in vielerlei Hinsicht vorteilhaft, denn es f\u00f6rdert die Feinmotorik, die Hand-Augen-Koordination sowie die Konzentration und Geduld, die f\u00fcr die Konzentration auf eine Aufgabe erforderlich sind. Es verbessert die F\u00e4higkeit, Prozesse zu verstehen und zu befolgen, und f\u00f6rdert die Probleml\u00f6sungskompetenz bei der \u00dcberwindung von Fehlern.<\/p>\n<p>Stricken ist ein beruhigendes und befriedigendes Handwerk, das den Kindern ein Gef\u00fchl des Stolzes und des Erfolgs auf ihre Kreationen vermittelt. Die sinnliche Erfahrung, mit Naturfasern zu arbeiten, schafft f\u00fcr beide Kinder eine aktive Verbindung zur nat\u00fcrlichen Welt. Stricken wird sowohl in der Montessori- als auch in der Waldorfp\u00e4dagogik verwendet und ist eines der Waldorfhandwerke.<\/p>\n<p>Das enthaltene Wollstrickgarn wird in Deutschland hergestellt und nach traditionellen handwerklichen Methoden ohne Chemikalien pflanzengef\u00e4rbt. Filges Wolle ist reine Bio-Schurwolle, die zu 100% den strengen Richtlinien von Bioland entspricht und sehr langlebig, umweltfreundlich und sicher ist.<\/p>\n<p>Filges ist eine kleine deutsche Familienmarke, die sich auf feinste, pflanzlich gef\u00e4rbte Wolle und Seide in traditioneller, handwerklicher Verarbeitung spezialisiert hat.<\/p>\n<p><a href=\"https:\/\/teiaeducation.ch\/product-category\/brands\/filges\/\">Filges<\/a> ist ein Bioland-zertifizierter Hersteller von Schafwolle. Als Mitglied des IVN (Internationaler Verband der Naturtextilwirtschaft) stammt die Wolle von Filges ausschlie\u00dflich von zertifizierten Bio-Schafen aus Deutschland. Die Farbstoffe von Filges sind auf pflanzlicher Basis und die Produktion ist nachhaltig, \u00f6kologisch und emissionsfrei.<\/p>\n<p>Achtung! Nicht geeignet f\u00fcr Kinder unter 36 Monaten wegen der Gefahr von St\u00f6\u00dfen im Halsbereich durch scharfe Gegenst\u00e4nde.<\/p>\n<p>Inhalt:<\/p>\n<p>1 Satz Bambus-Stricknadeln Gr\u00f6\u00dfe 5<br \/>\n100 g pflanzengef\u00e4rbtes Bio-Wollgarn<\/p>\n","protected":false},"excerpt":{"rendered":"<p>Artikelnummer: FCKK806<\/p>\n<p>Ein Kinderset mit Bambusstricknadeln und pflanzengef\u00e4rbtem Bio-Wollgarn in den Farben Blau, Rot, Rosa und Lila von Filges.<\/p>\n","protected":false},"featured_media":47955,"comment_status":"open","ping_status":"closed","template":"","meta":[],"product_brand":[],"product_cat":[21445,21446,21449,21479,21627,21670,21490,21484,21447,21443,21563,22362,21494,21496,21454,21564,24314,21483,22363],"product_tag":[28796,28795,28791,28793,28794,28797,28792],"class_list":{"0":"post-59915","1":"product","2":"type-product","3":"status-publish","4":"has-post-thumbnail","6":"product_cat-3-6-jahre-vorschule","7":"product_cat-6-12-jahre-grundschule","8":"product_cat-bastelwerkzeuge-aufbewahrung","9":"product_cat-lernmaterialien-spielzeug-montessori-waldorf-steiner-froebel","10":"product_cat-filges-de","11":"product_cat-fruehjahrskollektion","12":"product_cat-geschenk-guide-kreativ","13":"product_cat-geschenk-guides","14":"product_cat-malen-basteln","15":"product_cat-nach-alter","16":"product_cat-neuheiten","17":"product_cat-saisonale-kollektionen","18":"product_cat-schulbedarf-fuer-zuhause","19":"product_cat-schulbedarf-fuer-zuhause-6-12-jahre","20":"product_cat-stricken","21":"product_cat-unsere-marken","22":"product_cat-valentinstag","23":"product_cat-waldorf-steiner-paedagogik","24":"product_cat-winter-kollektion","25":"product_tag-filges-bio-kinderstrickset","26":"product_tag-grunes-und-gelbes-wollgarn-filges","27":"product_tag-holzerne-strickhilfe","28":"product_tag-holzstrickgabel-mit-wollgarniturfeilen","29":"product_tag-kinderstrickset-mit-bio-blau","30":"product_tag-stricken-mit-wollgarngarnituren","31":"product_tag-strickwerkzeug-fur-kinder","33":"first","34":"instock","35":"taxable","36":"shipping-taxable","37":"purchasable","38":"product-type-simple"},"yoast_head":"<!-- This site is optimized with the Yoast SEO plugin v27.1.1 - https:\/\/yoast.com\/product\/yoast-seo-wordpress\/ -->\n<title>Kinderstrickset mit Bio-Wollgarn in Blauem, Rotem und Rosa Farben - Filges<\/title>\n<meta name=\"description\" content=\"Ein Kinderset mit Bambusstricknadeln und pflanzengef\u00e4rbtem Bio-Wollgarn in den Farben Blau, Rot, Rosa und Lila von Filges.\" \/>\n<meta name=\"robots\" content=\"index, follow, max-snippet:-1, max-image-preview:large, max-video-preview:-1\" \/>\n<link rel=\"canonical\" href=\"https:\/\/teiaeducation.ch\/de\/produkt\/kinderstrickset-mit-bio-wollgarn-in-blauem-rotem-und-rosa-farben-filges\/\" \/>\n<meta property=\"og:locale\" content=\"de_DE\" \/>\n<meta property=\"og:type\" content=\"article\" \/>\n<meta property=\"og:title\" content=\"Kinderstrickset mit Bio-Wollgarn in Blauem, Rotem und Rosa Farben - Filges\" \/>\n<meta property=\"og:description\" content=\"Ein Kinderset mit Bambusstricknadeln und pflanzengef\u00e4rbtem Bio-Wollgarn in den Farben Blau, Rot, Rosa und Lila von Filges.\" \/>\n<meta property=\"og:url\" content=\"https:\/\/teiaeducation.ch\/de\/produkt\/kinderstrickset-mit-bio-wollgarn-in-blauem-rotem-und-rosa-farben-filges\/\" \/>\n<meta property=\"og:site_name\" content=\"Sustainable Educational Products &amp; Ecological Toys\u00a0\" \/>\n<meta property=\"article:publisher\" content=\"https:\/\/www.facebook.com\/teiaeducation\/\" \/>\n<meta property=\"article:modified_time\" content=\"2024-04-09T13:27:53+00:00\" \/>\n<meta property=\"og:image\" content=\"https:\/\/teiaeducation.ch\/wp-content\/uploads\/2022\/05\/Filges-Knitting-Set-with-Organic-Wool-red-pink-blue.jpeg\" \/>\n\t<meta property=\"og:image:width\" content=\"768\" \/>\n\t<meta property=\"og:image:height\" content=\"837\" \/>\n\t<meta property=\"og:image:type\" content=\"image\/jpeg\" \/>\n<script type=\"application\/ld+json\" class=\"yoast-schema-graph\">{\"@context\":\"https:\/\/schema.org\",\"@graph\":[{\"@type\":\"WebPage\",\"@id\":\"https:\/\/teiaeducation.ch\/de\/produkt\/kinderstrickset-mit-bio-wollgarn-in-blauem-rotem-und-rosa-farben-filges\/\",\"url\":\"https:\/\/teiaeducation.ch\/de\/produkt\/kinderstrickset-mit-bio-wollgarn-in-blauem-rotem-und-rosa-farben-filges\/\",\"name\":\"Kinderstrickset mit Bio-Wollgarn in Blauem, Rotem und Rosa Farben - Filges\",\"isPartOf\":{\"@id\":\"https:\/\/teiaeducation.ch\/de\/#website\"},\"primaryImageOfPage\":{\"@id\":\"https:\/\/teiaeducation.ch\/de\/produkt\/kinderstrickset-mit-bio-wollgarn-in-blauem-rotem-und-rosa-farben-filges\/#primaryimage\"},\"image\":{\"@id\":\"https:\/\/teiaeducation.ch\/de\/produkt\/kinderstrickset-mit-bio-wollgarn-in-blauem-rotem-und-rosa-farben-filges\/#primaryimage\"},\"thumbnailUrl\":\"https:\/\/teiaeducation.ch\/wp-content\/uploads\/2022\/05\/Filges-Knitting-Set-with-Organic-Wool-red-pink-blue.jpeg\",\"datePublished\":\"2022-05-13T10:46:40+00:00\",\"dateModified\":\"2024-04-09T13:27:53+00:00\",\"description\":\"Ein Kinderset mit Bambusstricknadeln und pflanzengef\u00e4rbtem Bio-Wollgarn in den Farben Blau, Rot, Rosa und Lila von Filges.\",\"breadcrumb\":{\"@id\":\"https:\/\/teiaeducation.ch\/de\/produkt\/kinderstrickset-mit-bio-wollgarn-in-blauem-rotem-und-rosa-farben-filges\/#breadcrumb\"},\"inLanguage\":\"de-CH\",\"potentialAction\":[{\"@type\":\"ReadAction\",\"target\":[\"https:\/\/teiaeducation.ch\/de\/produkt\/kinderstrickset-mit-bio-wollgarn-in-blauem-rotem-und-rosa-farben-filges\/\"]}]},{\"@type\":\"ImageObject\",\"inLanguage\":\"de-CH\",\"@id\":\"https:\/\/teiaeducation.ch\/de\/produkt\/kinderstrickset-mit-bio-wollgarn-in-blauem-rotem-und-rosa-farben-filges\/#primaryimage\",\"url\":\"https:\/\/teiaeducation.ch\/wp-content\/uploads\/2022\/05\/Filges-Knitting-Set-with-Organic-Wool-red-pink-blue.jpeg\",\"contentUrl\":\"https:\/\/teiaeducation.ch\/wp-content\/uploads\/2022\/05\/Filges-Knitting-Set-with-Organic-Wool-red-pink-blue.jpeg\",\"width\":768,\"height\":837,\"caption\":\"Filges Strickset mit Bio-Wolle Rot, Rosa Blau\"},{\"@type\":\"BreadcrumbList\",\"@id\":\"https:\/\/teiaeducation.ch\/de\/produkt\/kinderstrickset-mit-bio-wollgarn-in-blauem-rotem-und-rosa-farben-filges\/#breadcrumb\",\"itemListElement\":[{\"@type\":\"ListItem\",\"position\":1,\"name\":\"Home\",\"item\":\"https:\/\/teiaeducation.ch\/de\/\"},{\"@type\":\"ListItem\",\"position\":2,\"name\":\"Laden\",\"item\":\"https:\/\/teiaeducation.ch\/de\/shop\/\"},{\"@type\":\"ListItem\",\"position\":3,\"name\":\"Unsere Marken\",\"item\":\"https:\/\/teiaeducation.ch\/de\/produkt-kategorie\/unsere-marken\/\"},{\"@type\":\"ListItem\",\"position\":4,\"name\":\"Filges\",\"item\":\"https:\/\/teiaeducation.ch\/de\/produkt-kategorie\/unsere-marken\/filges-de\/\"},{\"@type\":\"ListItem\",\"position\":5,\"name\":\"Kinderstrickset mit Bio-Wollgarn in Blauem, Rotem und Rosa Farben &#8211; Filges\"}]},{\"@type\":\"WebSite\",\"@id\":\"https:\/\/teiaeducation.ch\/de\/#website\",\"url\":\"https:\/\/teiaeducation.ch\/de\/\",\"name\":\"Sustainable Educational Products &amp; Ecological Toys\u00a0\",\"description\":\"Specialised Swiss shop selling sustainable educational toys and games, AMI certified Montessori materials, handmade ecological wooden Waldorf toys and arts &amp; crafts supplies, school supplies, children&#039;s furniture and Montessori reference and parenting books.\",\"publisher\":{\"@id\":\"https:\/\/teiaeducation.ch\/de\/#organization\"},\"alternateName\":\"Teia Education & Play\",\"potentialAction\":[{\"@type\":\"SearchAction\",\"target\":{\"@type\":\"EntryPoint\",\"urlTemplate\":\"https:\/\/teiaeducation.ch\/de\/?s={search_term_string}\"},\"query-input\":{\"@type\":\"PropertyValueSpecification\",\"valueRequired\":true,\"valueName\":\"search_term_string\"}}],\"inLanguage\":\"de-CH\"},{\"@type\":\"Organization\",\"@id\":\"https:\/\/teiaeducation.ch\/de\/#organization\",\"name\":\"Teia Education & Play\",\"url\":\"https:\/\/teiaeducation.ch\/de\/\",\"logo\":{\"@type\":\"ImageObject\",\"inLanguage\":\"de-CH\",\"@id\":\"https:\/\/teiaeducation.ch\/de\/#\/schema\/logo\/image\/\",\"url\":\"https:\/\/teiaeducation.ch\/wp-content\/uploads\/2020\/11\/Teia-Education-Switzerland-e1620156442216.jpg\",\"contentUrl\":\"https:\/\/teiaeducation.ch\/wp-content\/uploads\/2020\/11\/Teia-Education-Switzerland-e1620156442216.jpg\",\"width\":166,\"height\":145,\"caption\":\"Teia Education & Play\"},\"image\":{\"@id\":\"https:\/\/teiaeducation.ch\/de\/#\/schema\/logo\/image\/\"},\"sameAs\":[\"https:\/\/www.facebook.com\/teiaeducation\/\",\"https:\/\/x.com\/EducationTeia\",\"https:\/\/www.instagram.com\/teia.education\/\",\"https:\/\/www.linkedin.com\/company\/35501660\",\"https:\/\/www.pinterest.ch\/TeiaEducation\/\"]}]}<\/script>\n<!-- \/ Yoast SEO plugin. -->","yoast_head_json":{"title":"Kinderstrickset mit Bio-Wollgarn in Blauem, Rotem und Rosa Farben - Filges","description":"Ein Kinderset mit Bambusstricknadeln und pflanzengef\u00e4rbtem Bio-Wollgarn in den Farben Blau, Rot, Rosa und Lila von Filges.","robots":{"index":"index","follow":"follow","max-snippet":"max-snippet:-1","max-image-preview":"max-image-preview:large","max-video-preview":"max-video-preview:-1"},"canonical":"https:\/\/teiaeducation.ch\/de\/produkt\/kinderstrickset-mit-bio-wollgarn-in-blauem-rotem-und-rosa-farben-filges\/","og_locale":"de_DE","og_type":"article","og_title":"Kinderstrickset mit Bio-Wollgarn in Blauem, Rotem und Rosa Farben - Filges","og_description":"Ein Kinderset mit Bambusstricknadeln und pflanzengef\u00e4rbtem Bio-Wollgarn in den Farben Blau, Rot, Rosa und Lila von Filges.","og_url":"https:\/\/teiaeducation.ch\/de\/produkt\/kinderstrickset-mit-bio-wollgarn-in-blauem-rotem-und-rosa-farben-filges\/","og_site_name":"Sustainable Educational Products &amp; Ecological Toys\u00a0","article_publisher":"https:\/\/www.facebook.com\/teiaeducation\/","article_modified_time":"2024-04-09T13:27:53+00:00","og_image":[{"width":768,"height":837,"url":"https:\/\/teiaeducation.ch\/wp-content\/uploads\/2022\/05\/Filges-Knitting-Set-with-Organic-Wool-red-pink-blue.jpeg","type":"image\/jpeg"}],"schema":{"@context":"https:\/\/schema.org","@graph":[{"@type":"WebPage","@id":"https:\/\/teiaeducation.ch\/de\/produkt\/kinderstrickset-mit-bio-wollgarn-in-blauem-rotem-und-rosa-farben-filges\/","url":"https:\/\/teiaeducation.ch\/de\/produkt\/kinderstrickset-mit-bio-wollgarn-in-blauem-rotem-und-rosa-farben-filges\/","name":"Kinderstrickset mit Bio-Wollgarn in Blauem, Rotem und Rosa Farben - Filges","isPartOf":{"@id":"https:\/\/teiaeducation.ch\/de\/#website"},"primaryImageOfPage":{"@id":"https:\/\/teiaeducation.ch\/de\/produkt\/kinderstrickset-mit-bio-wollgarn-in-blauem-rotem-und-rosa-farben-filges\/#primaryimage"},"image":{"@id":"https:\/\/teiaeducation.ch\/de\/produkt\/kinderstrickset-mit-bio-wollgarn-in-blauem-rotem-und-rosa-farben-filges\/#primaryimage"},"thumbnailUrl":"https:\/\/teiaeducation.ch\/wp-content\/uploads\/2022\/05\/Filges-Knitting-Set-with-Organic-Wool-red-pink-blue.jpeg","datePublished":"2022-05-13T10:46:40+00:00","dateModified":"2024-04-09T13:27:53+00:00","description":"Ein Kinderset mit Bambusstricknadeln und pflanzengef\u00e4rbtem Bio-Wollgarn in den Farben Blau, Rot, Rosa und Lila von Filges.","breadcrumb":{"@id":"https:\/\/teiaeducation.ch\/de\/produkt\/kinderstrickset-mit-bio-wollgarn-in-blauem-rotem-und-rosa-farben-filges\/#breadcrumb"},"inLanguage":"de-CH","potentialAction":[{"@type":"ReadAction","target":["https:\/\/teiaeducation.ch\/de\/produkt\/kinderstrickset-mit-bio-wollgarn-in-blauem-rotem-und-rosa-farben-filges\/"]}]},{"@type":"ImageObject","inLanguage":"de-CH","@id":"https:\/\/teiaeducation.ch\/de\/produkt\/kinderstrickset-mit-bio-wollgarn-in-blauem-rotem-und-rosa-farben-filges\/#primaryimage","url":"https:\/\/teiaeducation.ch\/wp-content\/uploads\/2022\/05\/Filges-Knitting-Set-with-Organic-Wool-red-pink-blue.jpeg","contentUrl":"https:\/\/teiaeducation.ch\/wp-content\/uploads\/2022\/05\/Filges-Knitting-Set-with-Organic-Wool-red-pink-blue.jpeg","width":768,"height":837,"caption":"Filges Strickset mit Bio-Wolle Rot, Rosa Blau"},{"@type":"BreadcrumbList","@id":"https:\/\/teiaeducation.ch\/de\/produkt\/kinderstrickset-mit-bio-wollgarn-in-blauem-rotem-und-rosa-farben-filges\/#breadcrumb","itemListElement":[{"@type":"ListItem","position":1,"name":"Home","item":"https:\/\/teiaeducation.ch\/de\/"},{"@type":"ListItem","position":2,"name":"Laden","item":"https:\/\/teiaeducation.ch\/de\/shop\/"},{"@type":"ListItem","position":3,"name":"Unsere Marken","item":"https:\/\/teiaeducation.ch\/de\/produkt-kategorie\/unsere-marken\/"},{"@type":"ListItem","position":4,"name":"Filges","item":"https:\/\/teiaeducation.ch\/de\/produkt-kategorie\/unsere-marken\/filges-de\/"},{"@type":"ListItem","position":5,"name":"Kinderstrickset mit Bio-Wollgarn in Blauem, Rotem und Rosa Farben &#8211; Filges"}]},{"@type":"WebSite","@id":"https:\/\/teiaeducation.ch\/de\/#website","url":"https:\/\/teiaeducation.ch\/de\/","name":"Sustainable Educational Products &amp; Ecological Toys\u00a0","description":"Specialised Swiss shop selling sustainable educational toys and games, AMI certified Montessori materials, handmade ecological wooden Waldorf toys and arts &amp; crafts supplies, school supplies, children&#039;s furniture and Montessori reference and parenting books.","publisher":{"@id":"https:\/\/teiaeducation.ch\/de\/#organization"},"alternateName":"Teia Education & Play","potentialAction":[{"@type":"SearchAction","target":{"@type":"EntryPoint","urlTemplate":"https:\/\/teiaeducation.ch\/de\/?s={search_term_string}"},"query-input":{"@type":"PropertyValueSpecification","valueRequired":true,"valueName":"search_term_string"}}],"inLanguage":"de-CH"},{"@type":"Organization","@id":"https:\/\/teiaeducation.ch\/de\/#organization","name":"Teia Education & Play","url":"https:\/\/teiaeducation.ch\/de\/","logo":{"@type":"ImageObject","inLanguage":"de-CH","@id":"https:\/\/teiaeducation.ch\/de\/#\/schema\/logo\/image\/","url":"https:\/\/teiaeducation.ch\/wp-content\/uploads\/2020\/11\/Teia-Education-Switzerland-e1620156442216.jpg","contentUrl":"https:\/\/teiaeducation.ch\/wp-content\/uploads\/2020\/11\/Teia-Education-Switzerland-e1620156442216.jpg","width":166,"height":145,"caption":"Teia Education & Play"},"image":{"@id":"https:\/\/teiaeducation.ch\/de\/#\/schema\/logo\/image\/"},"sameAs":["https:\/\/www.facebook.com\/teiaeducation\/","https:\/\/x.com\/EducationTeia","https:\/\/www.instagram.com\/teia.education\/","https:\/\/www.linkedin.com\/company\/35501660","https:\/\/www.pinterest.ch\/TeiaEducation\/"]}]}},"_links":{"self":[{"href":"https:\/\/teiaeducation.ch\/de\/wp-json\/wp\/v2\/product\/59915","targetHints":{"allow":["GET"]}}],"collection":[{"href":"https:\/\/teiaeducation.ch\/de\/wp-json\/wp\/v2\/product"}],"about":[{"href":"https:\/\/teiaeducation.ch\/de\/wp-json\/wp\/v2\/types\/product"}],"replies":[{"embeddable":true,"href":"https:\/\/teiaeducation.ch\/de\/wp-json\/wp\/v2\/comments?post=59915"}],"wp:featuredmedia":[{"embeddable":true,"href":"https:\/\/teiaeducation.ch\/de\/wp-json\/wp\/v2\/media\/47955"}],"wp:attachment":[{"href":"https:\/\/teiaeducation.ch\/de\/wp-json\/wp\/v2\/media?parent=59915"}],"wp:term":[{"taxonomy":"product_brand","embeddable":true,"href":"https:\/\/teiaeducation.ch\/de\/wp-json\/wp\/v2\/product_brand?post=59915"},{"taxonomy":"product_cat","embeddable":true,"href":"https:\/\/teiaeducation.ch\/de\/wp-json\/wp\/v2\/product_cat?post=59915"},{"taxonomy":"product_tag","embeddable":true,"href":"https:\/\/teiaeducation.ch\/de\/wp-json\/wp\/v2\/product_tag?post=59915"}],"curies":[{"name":"wp","href":"https:\/\/api.w.org\/{rel}","templated":true}]}}