{"id":59917,"date":"2022-05-13T12:21:52","date_gmt":"2022-05-13T10:21:52","guid":{"rendered":"https:\/\/teiaeducation.ch\/product\/bio-strickgarn-aus-einlagiger-wolle-in-hellen-farben-filges\/"},"modified":"2025-02-26T14:58:58","modified_gmt":"2025-02-26T13:58:58","slug":"bio-strickgarn-aus-einlagiger-wolle-in-hellen-farben-filges","status":"publish","type":"product","link":"https:\/\/teiaeducation.ch\/de\/produkt\/bio-strickgarn-aus-einlagiger-wolle-in-hellen-farben-filges\/","title":{"rendered":"Bio-Strickgarn aus einlagiger Wolle in hellen Farben &#8211; Filges"},"content":{"rendered":"<p>Das Filges Bio-Strickgarn in leuchtenden Farben ist ein leuchtendes Set aus hochwertigem, strapazierf\u00e4higem und vielseitigem Garn, das sich perfekt f\u00fcr Fingerstricken, <a href=\"https:\/\/teiaeducation.ch\/product-category\/creative-art-craft\/knitting\/\">Stricken<\/a>, H\u00e4keln, Weben, Basteln und andere <a href=\"https:\/\/teiaeducation.ch\/product-category\/education-method\/waldorf\/\">Waldorf<\/a>-Handarbeiten eignet!<\/p>\n<p>Dieses sch\u00f6ne Strickgarn besteht zu 100 % aus Bio-Wolle und ist somit nat\u00fcrlich, nachhaltig und sehr angenehm zu verarbeiten. Dieses wunderbare Set besteht aus 4 Kn\u00e4ueln 25g Strick- oder Webgarn in den sch\u00f6nen, satten Farben Hellblau, Gr\u00fcn, Rot und Gelb.<\/p>\n<p>Das Filges Strickgarn aus einlagiger Wolle wird in Deutschland hergestellt und nach traditionellen, handwerklichen Methoden ohne den Einsatz von Chemikalien gef\u00e4rbt. Das Garn erfordert Nadelst\u00e4rke 10.<\/p>\n<p>Filges Wolle ist reine Bio-Schurwolle, die zu 100% den strengen Richtlinien von Bioland entspricht und sehr langlebig, umweltfreundlich und sicher ist.<\/p>\n<p><a href=\"https:\/\/teiaeducation.ch\/product-category\/brands\/filges\/\">Filges<\/a> ist eine kleine deutsche Familienmarke, die sich auf feinste, pflanzlich gef\u00e4rbte Wolle und Seide in traditioneller, handwerklicher Verarbeitung spezialisiert hat.<\/p>\n<p>Filges ist ein Bioland-zertifizierter Hersteller von Schafwolle. Als Mitglied des IVN (Internationaler Verband der Naturtextilwirtschaft) stammt die Wolle von Filges ausschlie\u00dflich von zertifizierten Bio-Schafen aus Deutschland. Die Farbstoffe von Filges sind auf pflanzlicher Basis und die Produktion ist nachhaltig, \u00f6kologisch und emissionsfrei.<\/p>\n<p>Inhalt:<\/p>\n<p>4 x 25g Bio-Wollstrickgarn in leuchtenden Farben, einlagig.<\/p>\n","protected":false},"excerpt":{"rendered":"<p>Artikelnummer: <span data-sheets-value=\"{\"1\":2,\"2\":\"70600050\"}\" data-sheets-userformat=\"{\"2\":4291,\"3\":{\"1\":1},\"4\":{\"1\":2,\"2\":16777215},\"9\":0,\"10\":2,\"15\":\"Arial\"}\">70600821<\/span><\/p>\n<p>Das Filges Bio-Wollstrickgarn in leuchtenden Farben eignet sich hervorragend zum Fingerstricken, Stricken, Weben und Waldorfhandwerk!<\/p>\n","protected":false},"featured_media":47944,"comment_status":"open","ping_status":"closed","template":"","meta":[],"product_brand":[],"product_cat":[21446,21479,21627,21447,21443,21563,22362,21454,21564,21483,21463,22363],"product_tag":[28811,28812,28801,28813,28814,28810,28803,28804,28805,28806,28802,28807,28809,28808],"class_list":{"0":"post-59917","1":"product","2":"type-product","3":"status-publish","4":"has-post-thumbnail","6":"product_cat-6-12-jahre-grundschule","7":"product_cat-lernmaterialien-spielzeug-montessori-waldorf-steiner-froebel","8":"product_cat-filges-de","9":"product_cat-malen-basteln","10":"product_cat-nach-alter","11":"product_cat-neuheiten","12":"product_cat-saisonale-kollektionen","13":"product_cat-stricken","14":"product_cat-unsere-marken","15":"product_cat-waldorf-steiner-paedagogik","16":"product_cat-weben","17":"product_cat-winter-kollektion","18":"product_tag-bio-wollgarn-zum-stricken","19":"product_tag-bio-wollgarn-zum-weben","20":"product_tag-filges-de","21":"product_tag-filges-bio-strickgarn-aus-einlagiger-wolle-in-pastellfarben","22":"product_tag-filges-bio-wollstrickgarn","23":"product_tag-filges-wollstrickgarn","24":"product_tag-fingerstrickgarn","25":"product_tag-fingerstrickgarn-de","26":"product_tag-nachhaltige-handwerksmaterialien","27":"product_tag-nachhaltiges-garn","28":"product_tag-recyceltes-baumwollgarn","29":"product_tag-woll-webgarn","30":"product_tag-wollgarn","31":"product_tag-wollwebegarn","33":"first","34":"instock","35":"taxable","36":"shipping-taxable","37":"purchasable","38":"product-type-simple"},"yoast_head":"<!-- This site is optimized with the Yoast SEO plugin v27.1.1 - https:\/\/yoast.com\/product\/yoast-seo-wordpress\/ -->\n<title>Bio-Strickgarn aus einlagiger Wolle in hellen Farben - Filges<\/title>\n<meta name=\"description\" content=\"Das Filges Bio-Wollstrickgarn in leuchtenden Farben eignet sich hervorragend zum Fingerstricken, Stricken, Weben und Waldorfhandwerk!\" \/>\n<meta name=\"robots\" content=\"index, follow, max-snippet:-1, max-image-preview:large, max-video-preview:-1\" \/>\n<link rel=\"canonical\" href=\"https:\/\/teiaeducation.ch\/de\/produkt\/bio-strickgarn-aus-einlagiger-wolle-in-hellen-farben-filges\/\" \/>\n<meta property=\"og:locale\" content=\"de_DE\" \/>\n<meta property=\"og:type\" content=\"article\" \/>\n<meta property=\"og:title\" content=\"Bio-Strickgarn aus einlagiger Wolle in hellen Farben - Filges\" \/>\n<meta property=\"og:description\" content=\"Das Filges Bio-Wollstrickgarn in leuchtenden Farben eignet sich hervorragend zum Fingerstricken, Stricken, Weben und Waldorfhandwerk!\" \/>\n<meta property=\"og:url\" content=\"https:\/\/teiaeducation.ch\/de\/produkt\/bio-strickgarn-aus-einlagiger-wolle-in-hellen-farben-filges\/\" \/>\n<meta property=\"og:site_name\" content=\"Sustainable Educational Products &amp; Ecological Toys\u00a0\" \/>\n<meta property=\"article:publisher\" content=\"https:\/\/www.facebook.com\/teiaeducation\/\" \/>\n<meta property=\"article:modified_time\" content=\"2025-02-26T13:58:58+00:00\" \/>\n<meta property=\"og:image\" content=\"https:\/\/teiaeducation.ch\/wp-content\/uploads\/2022\/05\/Filges-Plant-dyed-Organic-Wool-yarn-in-bright-Colours-4-x-25-g.jpg\" \/>\n\t<meta property=\"og:image:width\" content=\"900\" \/>\n\t<meta property=\"og:image:height\" content=\"701\" \/>\n\t<meta property=\"og:image:type\" content=\"image\/jpeg\" \/>\n<script type=\"application\/ld+json\" class=\"yoast-schema-graph\">{\"@context\":\"https:\/\/schema.org\",\"@graph\":[{\"@type\":\"WebPage\",\"@id\":\"https:\/\/teiaeducation.ch\/de\/produkt\/bio-strickgarn-aus-einlagiger-wolle-in-hellen-farben-filges\/\",\"url\":\"https:\/\/teiaeducation.ch\/de\/produkt\/bio-strickgarn-aus-einlagiger-wolle-in-hellen-farben-filges\/\",\"name\":\"Bio-Strickgarn aus einlagiger Wolle in hellen Farben - Filges\",\"isPartOf\":{\"@id\":\"https:\/\/teiaeducation.ch\/de\/#website\"},\"primaryImageOfPage\":{\"@id\":\"https:\/\/teiaeducation.ch\/de\/produkt\/bio-strickgarn-aus-einlagiger-wolle-in-hellen-farben-filges\/#primaryimage\"},\"image\":{\"@id\":\"https:\/\/teiaeducation.ch\/de\/produkt\/bio-strickgarn-aus-einlagiger-wolle-in-hellen-farben-filges\/#primaryimage\"},\"thumbnailUrl\":\"https:\/\/teiaeducation.ch\/wp-content\/uploads\/2022\/05\/Filges-Plant-dyed-Organic-Wool-yarn-in-bright-Colours-4-x-25-g.jpg\",\"datePublished\":\"2022-05-13T10:21:52+00:00\",\"dateModified\":\"2025-02-26T13:58:58+00:00\",\"description\":\"Das Filges Bio-Wollstrickgarn in leuchtenden Farben eignet sich hervorragend zum Fingerstricken, Stricken, Weben und Waldorfhandwerk!\",\"breadcrumb\":{\"@id\":\"https:\/\/teiaeducation.ch\/de\/produkt\/bio-strickgarn-aus-einlagiger-wolle-in-hellen-farben-filges\/#breadcrumb\"},\"inLanguage\":\"de-CH\",\"potentialAction\":[{\"@type\":\"ReadAction\",\"target\":[\"https:\/\/teiaeducation.ch\/de\/produkt\/bio-strickgarn-aus-einlagiger-wolle-in-hellen-farben-filges\/\"]}]},{\"@type\":\"ImageObject\",\"inLanguage\":\"de-CH\",\"@id\":\"https:\/\/teiaeducation.ch\/de\/produkt\/bio-strickgarn-aus-einlagiger-wolle-in-hellen-farben-filges\/#primaryimage\",\"url\":\"https:\/\/teiaeducation.ch\/wp-content\/uploads\/2022\/05\/Filges-Plant-dyed-Organic-Wool-yarn-in-bright-Colours-4-x-25-g.jpg\",\"contentUrl\":\"https:\/\/teiaeducation.ch\/wp-content\/uploads\/2022\/05\/Filges-Plant-dyed-Organic-Wool-yarn-in-bright-Colours-4-x-25-g.jpg\",\"width\":900,\"height\":701,\"caption\":\"Filges pflanzengef\u00e4rbtes Bio-Wollgarn in leuchtenden Farben 4 x 25 g\"},{\"@type\":\"BreadcrumbList\",\"@id\":\"https:\/\/teiaeducation.ch\/de\/produkt\/bio-strickgarn-aus-einlagiger-wolle-in-hellen-farben-filges\/#breadcrumb\",\"itemListElement\":[{\"@type\":\"ListItem\",\"position\":1,\"name\":\"Home\",\"item\":\"https:\/\/teiaeducation.ch\/de\/\"},{\"@type\":\"ListItem\",\"position\":2,\"name\":\"Laden\",\"item\":\"https:\/\/teiaeducation.ch\/de\/shop\/\"},{\"@type\":\"ListItem\",\"position\":3,\"name\":\"Unsere Marken\",\"item\":\"https:\/\/teiaeducation.ch\/de\/produkt-kategorie\/unsere-marken\/\"},{\"@type\":\"ListItem\",\"position\":4,\"name\":\"Filges\",\"item\":\"https:\/\/teiaeducation.ch\/de\/produkt-kategorie\/unsere-marken\/filges-de\/\"},{\"@type\":\"ListItem\",\"position\":5,\"name\":\"Bio-Strickgarn aus einlagiger Wolle in hellen Farben &#8211; Filges\"}]},{\"@type\":\"WebSite\",\"@id\":\"https:\/\/teiaeducation.ch\/de\/#website\",\"url\":\"https:\/\/teiaeducation.ch\/de\/\",\"name\":\"Sustainable Educational Products &amp; Ecological Toys\u00a0\",\"description\":\"Specialised Swiss shop selling sustainable educational toys and games, AMI certified Montessori materials, handmade ecological wooden Waldorf toys and arts &amp; crafts supplies, school supplies, children&#039;s furniture and Montessori reference and parenting books.\",\"publisher\":{\"@id\":\"https:\/\/teiaeducation.ch\/de\/#organization\"},\"alternateName\":\"Teia Education & Play\",\"potentialAction\":[{\"@type\":\"SearchAction\",\"target\":{\"@type\":\"EntryPoint\",\"urlTemplate\":\"https:\/\/teiaeducation.ch\/de\/?s={search_term_string}\"},\"query-input\":{\"@type\":\"PropertyValueSpecification\",\"valueRequired\":true,\"valueName\":\"search_term_string\"}}],\"inLanguage\":\"de-CH\"},{\"@type\":\"Organization\",\"@id\":\"https:\/\/teiaeducation.ch\/de\/#organization\",\"name\":\"Teia Education & Play\",\"url\":\"https:\/\/teiaeducation.ch\/de\/\",\"logo\":{\"@type\":\"ImageObject\",\"inLanguage\":\"de-CH\",\"@id\":\"https:\/\/teiaeducation.ch\/de\/#\/schema\/logo\/image\/\",\"url\":\"https:\/\/teiaeducation.ch\/wp-content\/uploads\/2020\/11\/Teia-Education-Switzerland-e1620156442216.jpg\",\"contentUrl\":\"https:\/\/teiaeducation.ch\/wp-content\/uploads\/2020\/11\/Teia-Education-Switzerland-e1620156442216.jpg\",\"width\":166,\"height\":145,\"caption\":\"Teia Education & Play\"},\"image\":{\"@id\":\"https:\/\/teiaeducation.ch\/de\/#\/schema\/logo\/image\/\"},\"sameAs\":[\"https:\/\/www.facebook.com\/teiaeducation\/\",\"https:\/\/x.com\/EducationTeia\",\"https:\/\/www.instagram.com\/teia.education\/\",\"https:\/\/www.linkedin.com\/company\/35501660\",\"https:\/\/www.pinterest.ch\/TeiaEducation\/\"]}]}<\/script>\n<!-- \/ Yoast SEO plugin. -->","yoast_head_json":{"title":"Bio-Strickgarn aus einlagiger Wolle in hellen Farben - Filges","description":"Das Filges Bio-Wollstrickgarn in leuchtenden Farben eignet sich hervorragend zum Fingerstricken, Stricken, Weben und Waldorfhandwerk!","robots":{"index":"index","follow":"follow","max-snippet":"max-snippet:-1","max-image-preview":"max-image-preview:large","max-video-preview":"max-video-preview:-1"},"canonical":"https:\/\/teiaeducation.ch\/de\/produkt\/bio-strickgarn-aus-einlagiger-wolle-in-hellen-farben-filges\/","og_locale":"de_DE","og_type":"article","og_title":"Bio-Strickgarn aus einlagiger Wolle in hellen Farben - Filges","og_description":"Das Filges Bio-Wollstrickgarn in leuchtenden Farben eignet sich hervorragend zum Fingerstricken, Stricken, Weben und Waldorfhandwerk!","og_url":"https:\/\/teiaeducation.ch\/de\/produkt\/bio-strickgarn-aus-einlagiger-wolle-in-hellen-farben-filges\/","og_site_name":"Sustainable Educational Products &amp; Ecological Toys\u00a0","article_publisher":"https:\/\/www.facebook.com\/teiaeducation\/","article_modified_time":"2025-02-26T13:58:58+00:00","og_image":[{"width":900,"height":701,"url":"https:\/\/teiaeducation.ch\/wp-content\/uploads\/2022\/05\/Filges-Plant-dyed-Organic-Wool-yarn-in-bright-Colours-4-x-25-g.jpg","type":"image\/jpeg"}],"schema":{"@context":"https:\/\/schema.org","@graph":[{"@type":"WebPage","@id":"https:\/\/teiaeducation.ch\/de\/produkt\/bio-strickgarn-aus-einlagiger-wolle-in-hellen-farben-filges\/","url":"https:\/\/teiaeducation.ch\/de\/produkt\/bio-strickgarn-aus-einlagiger-wolle-in-hellen-farben-filges\/","name":"Bio-Strickgarn aus einlagiger Wolle in hellen Farben - Filges","isPartOf":{"@id":"https:\/\/teiaeducation.ch\/de\/#website"},"primaryImageOfPage":{"@id":"https:\/\/teiaeducation.ch\/de\/produkt\/bio-strickgarn-aus-einlagiger-wolle-in-hellen-farben-filges\/#primaryimage"},"image":{"@id":"https:\/\/teiaeducation.ch\/de\/produkt\/bio-strickgarn-aus-einlagiger-wolle-in-hellen-farben-filges\/#primaryimage"},"thumbnailUrl":"https:\/\/teiaeducation.ch\/wp-content\/uploads\/2022\/05\/Filges-Plant-dyed-Organic-Wool-yarn-in-bright-Colours-4-x-25-g.jpg","datePublished":"2022-05-13T10:21:52+00:00","dateModified":"2025-02-26T13:58:58+00:00","description":"Das Filges Bio-Wollstrickgarn in leuchtenden Farben eignet sich hervorragend zum Fingerstricken, Stricken, Weben und Waldorfhandwerk!","breadcrumb":{"@id":"https:\/\/teiaeducation.ch\/de\/produkt\/bio-strickgarn-aus-einlagiger-wolle-in-hellen-farben-filges\/#breadcrumb"},"inLanguage":"de-CH","potentialAction":[{"@type":"ReadAction","target":["https:\/\/teiaeducation.ch\/de\/produkt\/bio-strickgarn-aus-einlagiger-wolle-in-hellen-farben-filges\/"]}]},{"@type":"ImageObject","inLanguage":"de-CH","@id":"https:\/\/teiaeducation.ch\/de\/produkt\/bio-strickgarn-aus-einlagiger-wolle-in-hellen-farben-filges\/#primaryimage","url":"https:\/\/teiaeducation.ch\/wp-content\/uploads\/2022\/05\/Filges-Plant-dyed-Organic-Wool-yarn-in-bright-Colours-4-x-25-g.jpg","contentUrl":"https:\/\/teiaeducation.ch\/wp-content\/uploads\/2022\/05\/Filges-Plant-dyed-Organic-Wool-yarn-in-bright-Colours-4-x-25-g.jpg","width":900,"height":701,"caption":"Filges pflanzengef\u00e4rbtes Bio-Wollgarn in leuchtenden Farben 4 x 25 g"},{"@type":"BreadcrumbList","@id":"https:\/\/teiaeducation.ch\/de\/produkt\/bio-strickgarn-aus-einlagiger-wolle-in-hellen-farben-filges\/#breadcrumb","itemListElement":[{"@type":"ListItem","position":1,"name":"Home","item":"https:\/\/teiaeducation.ch\/de\/"},{"@type":"ListItem","position":2,"name":"Laden","item":"https:\/\/teiaeducation.ch\/de\/shop\/"},{"@type":"ListItem","position":3,"name":"Unsere Marken","item":"https:\/\/teiaeducation.ch\/de\/produkt-kategorie\/unsere-marken\/"},{"@type":"ListItem","position":4,"name":"Filges","item":"https:\/\/teiaeducation.ch\/de\/produkt-kategorie\/unsere-marken\/filges-de\/"},{"@type":"ListItem","position":5,"name":"Bio-Strickgarn aus einlagiger Wolle in hellen Farben &#8211; Filges"}]},{"@type":"WebSite","@id":"https:\/\/teiaeducation.ch\/de\/#website","url":"https:\/\/teiaeducation.ch\/de\/","name":"Sustainable Educational Products &amp; Ecological Toys\u00a0","description":"Specialised Swiss shop selling sustainable educational toys and games, AMI certified Montessori materials, handmade ecological wooden Waldorf toys and arts &amp; crafts supplies, school supplies, children&#039;s furniture and Montessori reference and parenting books.","publisher":{"@id":"https:\/\/teiaeducation.ch\/de\/#organization"},"alternateName":"Teia Education & Play","potentialAction":[{"@type":"SearchAction","target":{"@type":"EntryPoint","urlTemplate":"https:\/\/teiaeducation.ch\/de\/?s={search_term_string}"},"query-input":{"@type":"PropertyValueSpecification","valueRequired":true,"valueName":"search_term_string"}}],"inLanguage":"de-CH"},{"@type":"Organization","@id":"https:\/\/teiaeducation.ch\/de\/#organization","name":"Teia Education & Play","url":"https:\/\/teiaeducation.ch\/de\/","logo":{"@type":"ImageObject","inLanguage":"de-CH","@id":"https:\/\/teiaeducation.ch\/de\/#\/schema\/logo\/image\/","url":"https:\/\/teiaeducation.ch\/wp-content\/uploads\/2020\/11\/Teia-Education-Switzerland-e1620156442216.jpg","contentUrl":"https:\/\/teiaeducation.ch\/wp-content\/uploads\/2020\/11\/Teia-Education-Switzerland-e1620156442216.jpg","width":166,"height":145,"caption":"Teia Education & Play"},"image":{"@id":"https:\/\/teiaeducation.ch\/de\/#\/schema\/logo\/image\/"},"sameAs":["https:\/\/www.facebook.com\/teiaeducation\/","https:\/\/x.com\/EducationTeia","https:\/\/www.instagram.com\/teia.education\/","https:\/\/www.linkedin.com\/company\/35501660","https:\/\/www.pinterest.ch\/TeiaEducation\/"]}]}},"_links":{"self":[{"href":"https:\/\/teiaeducation.ch\/de\/wp-json\/wp\/v2\/product\/59917","targetHints":{"allow":["GET"]}}],"collection":[{"href":"https:\/\/teiaeducation.ch\/de\/wp-json\/wp\/v2\/product"}],"about":[{"href":"https:\/\/teiaeducation.ch\/de\/wp-json\/wp\/v2\/types\/product"}],"replies":[{"embeddable":true,"href":"https:\/\/teiaeducation.ch\/de\/wp-json\/wp\/v2\/comments?post=59917"}],"wp:featuredmedia":[{"embeddable":true,"href":"https:\/\/teiaeducation.ch\/de\/wp-json\/wp\/v2\/media\/47944"}],"wp:attachment":[{"href":"https:\/\/teiaeducation.ch\/de\/wp-json\/wp\/v2\/media?parent=59917"}],"wp:term":[{"taxonomy":"product_brand","embeddable":true,"href":"https:\/\/teiaeducation.ch\/de\/wp-json\/wp\/v2\/product_brand?post=59917"},{"taxonomy":"product_cat","embeddable":true,"href":"https:\/\/teiaeducation.ch\/de\/wp-json\/wp\/v2\/product_cat?post=59917"},{"taxonomy":"product_tag","embeddable":true,"href":"https:\/\/teiaeducation.ch\/de\/wp-json\/wp\/v2\/product_tag?post=59917"}],"curies":[{"name":"wp","href":"https:\/\/api.w.org\/{rel}","templated":true}]}}