{"id":59922,"date":"2022-05-13T11:18:49","date_gmt":"2022-05-13T09:18:49","guid":{"rendered":"https:\/\/teiaeducation.ch\/product\/strickgabel-aus-holz-mit-organischem-wollgarn-in-pastellfarben-filges\/"},"modified":"2024-07-18T02:15:23","modified_gmt":"2024-07-18T00:15:23","slug":"strickgabel-aus-holz-mit-organischem-wollgarn-in-pastellfarben-filges","status":"publish","type":"product","link":"https:\/\/teiaeducation.ch\/de\/produkt\/strickgabel-aus-holz-mit-organischem-wollgarn-in-pastellfarben-filges\/","title":{"rendered":"Strickgabel aus Holz mit organischem Wollgarn in Pastellfarben &#8211; Filges"},"content":{"rendered":"<p>Das Filges-Set mit einer h\u00f6lzernen Strickgabel und 50 g pflanzengef\u00e4rbtem Bio-Wollgarn in sch\u00f6nen, sanften Pastellfarben enth\u00e4lt alles, was Kinder zum Stricken brauchen! Die Strickgabel oder Lucet ist ein Werkzeug, das bei der Herstellung von Schn\u00fcren und beim Flechten verwendet wird. Als traditionelles und sehr altes Handwerkszeug wird die Luzettgabel seit Generationen verwendet und reicht bis ins Mittelalter und die Wikingerzeit zur\u00fcck. Die Strickgabel ist ein einfaches und effizientes Hilfsmittel, um Kinder an das Stricken heranzuf\u00fchren und selbst kleinen Kindern die Grundprinzipien des Strickens zu vermitteln.<\/p>\n<p>Das Werkzeug wird bei der Herstellung von Kordeln oder Geflechten verwendet, die aus einer Reihe von Schlaufen bestehen, \u00e4hnlich wie beim Spulen- oder Finger<a href=\"https:\/\/teiaeducation.ch\/product-category\/creative-art-craft\/knitting\/\">stricken<\/a>, und im Gegensatz zu anderen Flechttechniken k\u00f6nnen Lucet-Geflechte ohne das Vormessen von F\u00e4den hergestellt werden und eignen sich daher f\u00fcr sehr lange Kordeln. Die Lucet-Kordel wird durch schlaufenartige Knoten aus Wolle oder Baumwollstrickgarn hergestellt, die sich beim Schneiden nicht aufl\u00f6sen. Es ist eine einfache und schnelle Art, eine Kordel in verschiedenen St\u00e4rken zu stricken, die f\u00fcr viele Zwecke verwendet werden kann. Die Filges Holzluzette \/ Strickgabel hat zwei Zinken, um die man das Garn wickeln und durch das Loch im Griff ziehen kann.<\/p>\n<p>Stricken ist eine sehr taktile Erfahrung und eine lustige, kreative <a href=\"https:\/\/teiaeducation.ch\/product-category\/education-method\/waldorf-steiner-toys-craft-materials\/\">Waldorf<\/a>-Handarbeitsbesch\u00e4ftigung. Es wird in <a href=\"https:\/\/teiaeducation.ch\/waldorf-steiner-schools-supplies\/\">Rudolf-Steiner<\/a>-Schulen auf der ganzen Welt ab einem Alter von etwa 6 Jahren unterrichtet, und die Projekte k\u00f6nnen von Anf\u00e4ngern bis zu Fortgeschrittenen reichen.<\/p>\n<p>Stricken ist f\u00fcr Kinder in vielerlei Hinsicht vorteilhaft, denn es f\u00f6rdert die Feinmotorik, die Hand-Augen-Koordination sowie die Konzentration und Geduld, die f\u00fcr die Konzentration auf eine Aufgabe erforderlich sind. Es verbessert die F\u00e4higkeit, Prozesse zu verstehen und zu befolgen, und f\u00f6rdert die Probleml\u00f6sungskompetenz bei der \u00dcberwindung von Fehlern.<\/p>\n<p>Stricken ist ein beruhigendes und befriedigendes Handwerk, das den Kindern ein Gef\u00fchl des Stolzes und des Erfolgs auf ihre Kreationen vermittelt. Die sinnliche Erfahrung, mit Naturfasern zu arbeiten, schafft f\u00fcr beide Kinder eine aktive Verbindung zur nat\u00fcrlichen Welt. Stricken wird sowohl in der Montessori- als auch in der Waldorfp\u00e4dagogik verwendet und ist eines der Waldorfhandwerke.<\/p>\n<p>Filges ist eine kleine deutsche Familienmarke, die sich auf feinste, pflanzlich gef\u00e4rbte Wolle und Seide in traditioneller, handwerklicher Verarbeitung spezialisiert hat.<\/p>\n<p><a href=\"https:\/\/teiaeducation.ch\/product-category\/brands\/filges\/\">Filges<\/a> ist ein Bioland-zertifizierter Hersteller von Schafwolle. Als Mitglied des IVN (Internationaler Verband der Naturtextilwirtschaft) stammt die Wolle von Filges ausschlie\u00dflich von zertifizierten Bio-Schafen aus Deutschland. Die Farbstoffe von Filges sind auf pflanzlicher Basis und die Produktion ist nachhaltig, \u00f6kologisch und emissionsfrei.<\/p>\n<p>Achtung! Nicht geeignet f\u00fcr Kinder unter 36 Monaten wegen der Gefahr von St\u00f6\u00dfen im Halsbereich durch scharfe Gegenst\u00e4nde.<\/p>\n<p>Inhalt:<\/p>\n<p>1 Holzl\u00f6ffel \/ Strickgabel<br \/>\n50 g pflanzengef\u00e4rbtes Bio-Wollgarn<\/p>\n","protected":false},"excerpt":{"rendered":"<p>Artikelnummer: FKFW804<\/p>\n<p>Das Filges-Set mit einer h\u00f6lzernen Strickgabel und Bio-Wollgarn in sanften Pastellfarben enth\u00e4lt alles, was Kinder zum Stricken brauchen!<\/p>\n","protected":false},"featured_media":47911,"comment_status":"open","ping_status":"closed","template":"","meta":[],"product_brand":[],"product_cat":[21445,21446,21449,21479,21627,21490,21484,21447,21443,21563,21494,21496,21454,21564,21483],"product_tag":[28815,28791,28793,28816,28817,28792],"class_list":{"0":"post-59922","1":"product","2":"type-product","3":"status-publish","4":"has-post-thumbnail","6":"product_cat-3-6-jahre-vorschule","7":"product_cat-6-12-jahre-grundschule","8":"product_cat-bastelwerkzeuge-aufbewahrung","9":"product_cat-lernmaterialien-spielzeug-montessori-waldorf-steiner-froebel","10":"product_cat-filges-de","11":"product_cat-geschenk-guide-kreativ","12":"product_cat-geschenk-guides","13":"product_cat-malen-basteln","14":"product_cat-nach-alter","15":"product_cat-neuheiten","16":"product_cat-schulbedarf-fuer-zuhause","17":"product_cat-schulbedarf-fuer-zuhause-6-12-jahre","18":"product_cat-stricken","19":"product_cat-unsere-marken","20":"product_cat-waldorf-steiner-paedagogik","21":"product_tag-franzosische-strickspule-fur-kinder","22":"product_tag-holzerne-strickhilfe","23":"product_tag-holzstrickgabel-mit-wollgarniturfeilen","24":"product_tag-strickgabel-aus-holz","25":"product_tag-strickgabel-fur-kinder","26":"product_tag-strickwerkzeug-fur-kinder","28":"first","29":"outofstock","30":"taxable","31":"shipping-taxable","32":"purchasable","33":"product-type-simple"},"yoast_head":"<!-- This site is optimized with the Yoast SEO Premium plugin v25.8 (Yoast SEO v27.4) - https:\/\/yoast.com\/product\/yoast-seo-premium-wordpress\/ -->\n<title>Strickgabel aus Holz mit organischem Wollgarn in Pastellfarben - Filges<\/title>\n<meta name=\"description\" content=\"Das Filges-Set mit einer h\u00f6lzernen Strickgabel und Bio-Wollgarn in sanften Pastellfarben enth\u00e4lt alles, was Kinder zum Stricken brauchen!\" \/>\n<meta name=\"robots\" content=\"index, follow, max-snippet:-1, max-image-preview:large, max-video-preview:-1\" \/>\n<link rel=\"canonical\" href=\"https:\/\/teiaeducation.ch\/de\/produkt\/strickgabel-aus-holz-mit-organischem-wollgarn-in-pastellfarben-filges\/\" \/>\n<meta property=\"og:locale\" content=\"de_DE\" \/>\n<meta property=\"og:type\" content=\"article\" \/>\n<meta property=\"og:title\" content=\"Strickgabel aus Holz mit organischem Wollgarn in Pastellfarben - Filges\" \/>\n<meta property=\"og:description\" content=\"Das Filges-Set mit einer h\u00f6lzernen Strickgabel und Bio-Wollgarn in sanften Pastellfarben enth\u00e4lt alles, was Kinder zum Stricken brauchen!\" \/>\n<meta property=\"og:url\" content=\"https:\/\/teiaeducation.ch\/de\/produkt\/strickgabel-aus-holz-mit-organischem-wollgarn-in-pastellfarben-filges\/\" \/>\n<meta property=\"og:site_name\" content=\"Sustainable Educational Products &amp; Ecological Toys\u00a0\" \/>\n<meta property=\"article:publisher\" content=\"https:\/\/www.facebook.com\/teiaeducation\/\" \/>\n<meta property=\"article:modified_time\" content=\"2024-07-18T00:15:23+00:00\" \/>\n<meta property=\"og:image\" content=\"https:\/\/teiaeducation.ch\/wp-content\/uploads\/2022\/05\/Filges-kniting-fork-with-50g-wool-pastel-tones.jpg\" \/>\n\t<meta property=\"og:image:width\" content=\"750\" \/>\n\t<meta property=\"og:image:height\" content=\"750\" \/>\n\t<meta property=\"og:image:type\" content=\"image\/jpeg\" \/>\n<script type=\"application\/ld+json\" class=\"yoast-schema-graph\">{\"@context\":\"https:\\\/\\\/schema.org\",\"@graph\":[{\"@type\":\"WebPage\",\"@id\":\"https:\\\/\\\/teiaeducation.ch\\\/de\\\/produkt\\\/strickgabel-aus-holz-mit-organischem-wollgarn-in-pastellfarben-filges\\\/\",\"url\":\"https:\\\/\\\/teiaeducation.ch\\\/de\\\/produkt\\\/strickgabel-aus-holz-mit-organischem-wollgarn-in-pastellfarben-filges\\\/\",\"name\":\"Strickgabel aus Holz mit organischem Wollgarn in Pastellfarben - Filges\",\"isPartOf\":{\"@id\":\"https:\\\/\\\/teiaeducation.ch\\\/de\\\/#website\"},\"primaryImageOfPage\":{\"@id\":\"https:\\\/\\\/teiaeducation.ch\\\/de\\\/produkt\\\/strickgabel-aus-holz-mit-organischem-wollgarn-in-pastellfarben-filges\\\/#primaryimage\"},\"image\":{\"@id\":\"https:\\\/\\\/teiaeducation.ch\\\/de\\\/produkt\\\/strickgabel-aus-holz-mit-organischem-wollgarn-in-pastellfarben-filges\\\/#primaryimage\"},\"thumbnailUrl\":\"https:\\\/\\\/teiaeducation.ch\\\/wp-content\\\/uploads\\\/2022\\\/05\\\/Filges-kniting-fork-with-50g-wool-pastel-tones.jpg\",\"datePublished\":\"2022-05-13T09:18:49+00:00\",\"dateModified\":\"2024-07-18T00:15:23+00:00\",\"description\":\"Das Filges-Set mit einer h\u00f6lzernen Strickgabel und Bio-Wollgarn in sanften Pastellfarben enth\u00e4lt alles, was Kinder zum Stricken brauchen!\",\"breadcrumb\":{\"@id\":\"https:\\\/\\\/teiaeducation.ch\\\/de\\\/produkt\\\/strickgabel-aus-holz-mit-organischem-wollgarn-in-pastellfarben-filges\\\/#breadcrumb\"},\"inLanguage\":\"de-CH\",\"potentialAction\":[{\"@type\":\"ReadAction\",\"target\":[\"https:\\\/\\\/teiaeducation.ch\\\/de\\\/produkt\\\/strickgabel-aus-holz-mit-organischem-wollgarn-in-pastellfarben-filges\\\/\"]}]},{\"@type\":\"ImageObject\",\"inLanguage\":\"de-CH\",\"@id\":\"https:\\\/\\\/teiaeducation.ch\\\/de\\\/produkt\\\/strickgabel-aus-holz-mit-organischem-wollgarn-in-pastellfarben-filges\\\/#primaryimage\",\"url\":\"https:\\\/\\\/teiaeducation.ch\\\/wp-content\\\/uploads\\\/2022\\\/05\\\/Filges-kniting-fork-with-50g-wool-pastel-tones.jpg\",\"contentUrl\":\"https:\\\/\\\/teiaeducation.ch\\\/wp-content\\\/uploads\\\/2022\\\/05\\\/Filges-kniting-fork-with-50g-wool-pastel-tones.jpg\",\"width\":750,\"height\":750,\"caption\":\"Filges Strickgabel mit 50g Wolle in Pastellt\u00f6nen\"},{\"@type\":\"BreadcrumbList\",\"@id\":\"https:\\\/\\\/teiaeducation.ch\\\/de\\\/produkt\\\/strickgabel-aus-holz-mit-organischem-wollgarn-in-pastellfarben-filges\\\/#breadcrumb\",\"itemListElement\":[{\"@type\":\"ListItem\",\"position\":1,\"name\":\"Home\",\"item\":\"https:\\\/\\\/teiaeducation.ch\\\/de\\\/\"},{\"@type\":\"ListItem\",\"position\":2,\"name\":\"Laden\",\"item\":\"https:\\\/\\\/teiaeducation.ch\\\/de\\\/shop\\\/\"},{\"@type\":\"ListItem\",\"position\":3,\"name\":\"Unsere Marken\",\"item\":\"https:\\\/\\\/teiaeducation.ch\\\/de\\\/produkt-kategorie\\\/unsere-marken\\\/\"},{\"@type\":\"ListItem\",\"position\":4,\"name\":\"Filges\",\"item\":\"https:\\\/\\\/teiaeducation.ch\\\/de\\\/produkt-kategorie\\\/unsere-marken\\\/filges-de\\\/\"},{\"@type\":\"ListItem\",\"position\":5,\"name\":\"Strickgabel aus Holz mit organischem Wollgarn in Pastellfarben &#8211; Filges\"}]},{\"@type\":\"WebSite\",\"@id\":\"https:\\\/\\\/teiaeducation.ch\\\/de\\\/#website\",\"url\":\"https:\\\/\\\/teiaeducation.ch\\\/de\\\/\",\"name\":\"Sustainable Educational Products &amp; Ecological Toys\u00a0\",\"description\":\"Specialised Swiss shop selling sustainable educational toys and games, AMI certified Montessori materials, handmade ecological wooden Waldorf toys and arts &amp; crafts supplies, school supplies, children&#039;s furniture and Montessori reference and parenting books.\",\"publisher\":{\"@id\":\"https:\\\/\\\/teiaeducation.ch\\\/de\\\/#organization\"},\"alternateName\":\"Teia Education & Play\",\"potentialAction\":[{\"@type\":\"SearchAction\",\"target\":{\"@type\":\"EntryPoint\",\"urlTemplate\":\"https:\\\/\\\/teiaeducation.ch\\\/de\\\/?s={search_term_string}\"},\"query-input\":{\"@type\":\"PropertyValueSpecification\",\"valueRequired\":true,\"valueName\":\"search_term_string\"}}],\"inLanguage\":\"de-CH\"},{\"@type\":\"Organization\",\"@id\":\"https:\\\/\\\/teiaeducation.ch\\\/de\\\/#organization\",\"name\":\"Teia Education & Play\",\"url\":\"https:\\\/\\\/teiaeducation.ch\\\/de\\\/\",\"logo\":{\"@type\":\"ImageObject\",\"inLanguage\":\"de-CH\",\"@id\":\"https:\\\/\\\/teiaeducation.ch\\\/de\\\/#\\\/schema\\\/logo\\\/image\\\/\",\"url\":\"https:\\\/\\\/teiaeducation.ch\\\/wp-content\\\/uploads\\\/2020\\\/11\\\/Teia-Education-Switzerland-e1620156442216.jpg\",\"contentUrl\":\"https:\\\/\\\/teiaeducation.ch\\\/wp-content\\\/uploads\\\/2020\\\/11\\\/Teia-Education-Switzerland-e1620156442216.jpg\",\"width\":166,\"height\":145,\"caption\":\"Teia Education & Play\"},\"image\":{\"@id\":\"https:\\\/\\\/teiaeducation.ch\\\/de\\\/#\\\/schema\\\/logo\\\/image\\\/\"},\"sameAs\":[\"https:\\\/\\\/www.facebook.com\\\/teiaeducation\\\/\",\"https:\\\/\\\/x.com\\\/EducationTeia\",\"https:\\\/\\\/www.instagram.com\\\/teia.education\\\/\",\"https:\\\/\\\/www.linkedin.com\\\/company\\\/35501660\",\"https:\\\/\\\/www.pinterest.ch\\\/TeiaEducation\\\/\"]}]}<\/script>\n<meta property=\"product:price:amount\" content=\"22.50\" \/>\n<meta property=\"product:price:currency\" content=\"CHF\" \/>\n<meta property=\"og:availability\" content=\"out of stock\" \/>\n<meta property=\"product:availability\" content=\"out of stock\" \/>\n<meta property=\"product:retailer_item_id\" content=\"00000000000000000000000000000000000000000000047864\" \/>\n<meta property=\"product:condition\" content=\"new\" \/>\n<!-- \/ Yoast SEO Premium plugin. -->","yoast_head_json":{"title":"Strickgabel aus Holz mit organischem Wollgarn in Pastellfarben - Filges","description":"Das Filges-Set mit einer h\u00f6lzernen Strickgabel und Bio-Wollgarn in sanften Pastellfarben enth\u00e4lt alles, was Kinder zum Stricken brauchen!","robots":{"index":"index","follow":"follow","max-snippet":"max-snippet:-1","max-image-preview":"max-image-preview:large","max-video-preview":"max-video-preview:-1"},"canonical":"https:\/\/teiaeducation.ch\/de\/produkt\/strickgabel-aus-holz-mit-organischem-wollgarn-in-pastellfarben-filges\/","og_locale":"de_DE","og_type":"article","og_title":"Strickgabel aus Holz mit organischem Wollgarn in Pastellfarben - Filges","og_description":"Das Filges-Set mit einer h\u00f6lzernen Strickgabel und Bio-Wollgarn in sanften Pastellfarben enth\u00e4lt alles, was Kinder zum Stricken brauchen!","og_url":"https:\/\/teiaeducation.ch\/de\/produkt\/strickgabel-aus-holz-mit-organischem-wollgarn-in-pastellfarben-filges\/","og_site_name":"Sustainable Educational Products &amp; Ecological Toys\u00a0","article_publisher":"https:\/\/www.facebook.com\/teiaeducation\/","article_modified_time":"2024-07-18T00:15:23+00:00","og_image":[{"width":750,"height":750,"url":"https:\/\/teiaeducation.ch\/wp-content\/uploads\/2022\/05\/Filges-kniting-fork-with-50g-wool-pastel-tones.jpg","type":"image\/jpeg"}],"schema":{"@context":"https:\/\/schema.org","@graph":[{"@type":"WebPage","@id":"https:\/\/teiaeducation.ch\/de\/produkt\/strickgabel-aus-holz-mit-organischem-wollgarn-in-pastellfarben-filges\/","url":"https:\/\/teiaeducation.ch\/de\/produkt\/strickgabel-aus-holz-mit-organischem-wollgarn-in-pastellfarben-filges\/","name":"Strickgabel aus Holz mit organischem Wollgarn in Pastellfarben - Filges","isPartOf":{"@id":"https:\/\/teiaeducation.ch\/de\/#website"},"primaryImageOfPage":{"@id":"https:\/\/teiaeducation.ch\/de\/produkt\/strickgabel-aus-holz-mit-organischem-wollgarn-in-pastellfarben-filges\/#primaryimage"},"image":{"@id":"https:\/\/teiaeducation.ch\/de\/produkt\/strickgabel-aus-holz-mit-organischem-wollgarn-in-pastellfarben-filges\/#primaryimage"},"thumbnailUrl":"https:\/\/teiaeducation.ch\/wp-content\/uploads\/2022\/05\/Filges-kniting-fork-with-50g-wool-pastel-tones.jpg","datePublished":"2022-05-13T09:18:49+00:00","dateModified":"2024-07-18T00:15:23+00:00","description":"Das Filges-Set mit einer h\u00f6lzernen Strickgabel und Bio-Wollgarn in sanften Pastellfarben enth\u00e4lt alles, was Kinder zum Stricken brauchen!","breadcrumb":{"@id":"https:\/\/teiaeducation.ch\/de\/produkt\/strickgabel-aus-holz-mit-organischem-wollgarn-in-pastellfarben-filges\/#breadcrumb"},"inLanguage":"de-CH","potentialAction":[{"@type":"ReadAction","target":["https:\/\/teiaeducation.ch\/de\/produkt\/strickgabel-aus-holz-mit-organischem-wollgarn-in-pastellfarben-filges\/"]}]},{"@type":"ImageObject","inLanguage":"de-CH","@id":"https:\/\/teiaeducation.ch\/de\/produkt\/strickgabel-aus-holz-mit-organischem-wollgarn-in-pastellfarben-filges\/#primaryimage","url":"https:\/\/teiaeducation.ch\/wp-content\/uploads\/2022\/05\/Filges-kniting-fork-with-50g-wool-pastel-tones.jpg","contentUrl":"https:\/\/teiaeducation.ch\/wp-content\/uploads\/2022\/05\/Filges-kniting-fork-with-50g-wool-pastel-tones.jpg","width":750,"height":750,"caption":"Filges Strickgabel mit 50g Wolle in Pastellt\u00f6nen"},{"@type":"BreadcrumbList","@id":"https:\/\/teiaeducation.ch\/de\/produkt\/strickgabel-aus-holz-mit-organischem-wollgarn-in-pastellfarben-filges\/#breadcrumb","itemListElement":[{"@type":"ListItem","position":1,"name":"Home","item":"https:\/\/teiaeducation.ch\/de\/"},{"@type":"ListItem","position":2,"name":"Laden","item":"https:\/\/teiaeducation.ch\/de\/shop\/"},{"@type":"ListItem","position":3,"name":"Unsere Marken","item":"https:\/\/teiaeducation.ch\/de\/produkt-kategorie\/unsere-marken\/"},{"@type":"ListItem","position":4,"name":"Filges","item":"https:\/\/teiaeducation.ch\/de\/produkt-kategorie\/unsere-marken\/filges-de\/"},{"@type":"ListItem","position":5,"name":"Strickgabel aus Holz mit organischem Wollgarn in Pastellfarben &#8211; Filges"}]},{"@type":"WebSite","@id":"https:\/\/teiaeducation.ch\/de\/#website","url":"https:\/\/teiaeducation.ch\/de\/","name":"Sustainable Educational Products &amp; Ecological Toys\u00a0","description":"Specialised Swiss shop selling sustainable educational toys and games, AMI certified Montessori materials, handmade ecological wooden Waldorf toys and arts &amp; crafts supplies, school supplies, children&#039;s furniture and Montessori reference and parenting books.","publisher":{"@id":"https:\/\/teiaeducation.ch\/de\/#organization"},"alternateName":"Teia Education & Play","potentialAction":[{"@type":"SearchAction","target":{"@type":"EntryPoint","urlTemplate":"https:\/\/teiaeducation.ch\/de\/?s={search_term_string}"},"query-input":{"@type":"PropertyValueSpecification","valueRequired":true,"valueName":"search_term_string"}}],"inLanguage":"de-CH"},{"@type":"Organization","@id":"https:\/\/teiaeducation.ch\/de\/#organization","name":"Teia Education & Play","url":"https:\/\/teiaeducation.ch\/de\/","logo":{"@type":"ImageObject","inLanguage":"de-CH","@id":"https:\/\/teiaeducation.ch\/de\/#\/schema\/logo\/image\/","url":"https:\/\/teiaeducation.ch\/wp-content\/uploads\/2020\/11\/Teia-Education-Switzerland-e1620156442216.jpg","contentUrl":"https:\/\/teiaeducation.ch\/wp-content\/uploads\/2020\/11\/Teia-Education-Switzerland-e1620156442216.jpg","width":166,"height":145,"caption":"Teia Education & Play"},"image":{"@id":"https:\/\/teiaeducation.ch\/de\/#\/schema\/logo\/image\/"},"sameAs":["https:\/\/www.facebook.com\/teiaeducation\/","https:\/\/x.com\/EducationTeia","https:\/\/www.instagram.com\/teia.education\/","https:\/\/www.linkedin.com\/company\/35501660","https:\/\/www.pinterest.ch\/TeiaEducation\/"]}]},"product_price_amount":"22.50","product_price_currency":"CHF","og_availability":"out of stock","product_availability":"out of stock","product_retailer_item_id":"00000000000000000000000000000000000000000000047864","product_condition":"new"},"_links":{"self":[{"href":"https:\/\/teiaeducation.ch\/de\/wp-json\/wp\/v2\/product\/59922","targetHints":{"allow":["GET"]}}],"collection":[{"href":"https:\/\/teiaeducation.ch\/de\/wp-json\/wp\/v2\/product"}],"about":[{"href":"https:\/\/teiaeducation.ch\/de\/wp-json\/wp\/v2\/types\/product"}],"replies":[{"embeddable":true,"href":"https:\/\/teiaeducation.ch\/de\/wp-json\/wp\/v2\/comments?post=59922"}],"wp:featuredmedia":[{"embeddable":true,"href":"https:\/\/teiaeducation.ch\/de\/wp-json\/wp\/v2\/media\/47911"}],"wp:attachment":[{"href":"https:\/\/teiaeducation.ch\/de\/wp-json\/wp\/v2\/media?parent=59922"}],"wp:term":[{"taxonomy":"product_brand","embeddable":true,"href":"https:\/\/teiaeducation.ch\/de\/wp-json\/wp\/v2\/product_brand?post=59922"},{"taxonomy":"product_cat","embeddable":true,"href":"https:\/\/teiaeducation.ch\/de\/wp-json\/wp\/v2\/product_cat?post=59922"},{"taxonomy":"product_tag","embeddable":true,"href":"https:\/\/teiaeducation.ch\/de\/wp-json\/wp\/v2\/product_tag?post=59922"}],"curies":[{"name":"wp","href":"https:\/\/api.w.org\/{rel}","templated":true}]}}