{"id":59925,"date":"2022-05-13T10:24:28","date_gmt":"2022-05-13T08:24:28","guid":{"rendered":"https:\/\/teiaeducation.ch\/product\/franzoesische-strickmaschine-aus-holz-mit-4-haken-filges\/"},"modified":"2024-04-11T13:38:15","modified_gmt":"2024-04-11T11:38:15","slug":"franzoesische-strickmaschine-aus-holz-mit-4-haken-filges","status":"publish","type":"product","link":"https:\/\/teiaeducation.ch\/de\/produkt\/franzoesische-strickmaschine-aus-holz-mit-4-haken-filges\/","title":{"rendered":"Franz\u00f6sische Strickmaschine aus Holz mit 4 Haken &#8211; Filges"},"content":{"rendered":"<p>Mit dem Filges Franz\u00f6sischer <a href=\"https:\/\/teiaeducation.ch\/product-category\/creative-art-craft\/knitting\/\">Stricker<\/a> aus Holz mit 4 Haken werden Kinder mit viel Spa\u00df stricken lernen. Auch bekannt als Strickhilfe, Stricknanny, Spulenstricken oder Strickpuppe, ist das franz\u00f6sische Stricken ein sehr traditioneller Zeitvertreib f\u00fcr Kinder, und das aus gutem Grund! Diese Strickhilfe ist ein einfaches Waldorf-Handarbeitsmittel, um Kinder schnell und einfach an das franz\u00f6sische Strickhandwerk heranzuf\u00fchren und schon den Kleinsten die Grundprinzipien des Strickens zu vermitteln.<\/p>\n<p>Ein tolles Geschenk f\u00fcr kreative Kinder, die gerne basteln. Aus der gestrickten Litze lassen sich Springseile, Armb\u00e4nder, Platzdeckchen, G\u00fcrtel, Wanddekorationen und G\u00fcrtel herstellen. Es kann sogar zu Namen geformt werden, um pers\u00f6nliche Accessoires zu gestalten.<\/p>\n<p>Stricken ist eine sehr taktile Erfahrung und eine lustige, kreative Waldorf-Handarbeitsbesch\u00e4ftigung. Sie wird in <a href=\"\/?product_cat=waldorf\">Waldorf<\/a>schulen weltweit ab einem Alter von etwa 6 Jahren gelehrt und die Projekte k\u00f6nnen von Anf\u00e4ngern bis zu Fortgeschrittenen reichen.<\/p>\n<p>Stricken ist f\u00fcr Kinder in vielerlei Hinsicht vorteilhaft, denn es f\u00f6rdert die Feinmotorik, die Hand-Augen-Koordination sowie die Konzentration und Geduld, die f\u00fcr die Konzentration auf eine Aufgabe erforderlich sind. Es verbessert die F\u00e4higkeit, Prozesse zu verstehen und zu befolgen, und f\u00f6rdert die Probleml\u00f6sungskompetenz bei der \u00dcberwindung von Fehlern.<\/p>\n<p>Stricken ist ein beruhigendes und befriedigendes Handwerk, das den Kindern ein Gef\u00fchl des Stolzes und des Erfolgs auf ihre Kreationen vermittelt. Die sinnliche Erfahrung, mit Naturfasern zu arbeiten, schafft f\u00fcr beide Kinder eine aktive Verbindung zur nat\u00fcrlichen Welt. Stricken wird sowohl in der Montessori- als auch in der Waldorfp\u00e4dagogik verwendet und ist eines der Waldorfhandwerke.<\/p>\n<p>Filges ist eine kleine deutsche Familienmarke, die sich auf feinste, pflanzlich gef\u00e4rbte Wolle und Seide in traditioneller, handwerklicher Verarbeitung spezialisiert hat.<\/p>\n<p><a href=\"https:\/\/teiaeducation.ch\/product-category\/brands\/filges\/\">Filges<\/a> ist ein Bioland-zertifizierter Hersteller von Schafwolle. Als Mitglied des IVN (Internationaler Verband der Naturtextilwirtschaft) stammt die Wolle von Filges ausschlie\u00dflich von zertifizierten Bio-Schafen aus Deutschland. Die Farbstoffe von Filges sind auf pflanzlicher Basis und die Produktion ist nachhaltig, \u00f6kologisch und emissionsfrei.<\/p>\n<p>Achtung! Wegen der scharfen Spitzen nicht f\u00fcr Kinder unter 5 Jahren geeignet.<\/p>\n<p>Inhalt:<\/p>\n<p>1 Holzstrickmaschine mit 4 Haken (Wolle nicht enthalten)<\/p>\n","protected":false},"excerpt":{"rendered":"<p>Artikelnummer: FWKD922<\/p>\n<p>Die Filges Franz\u00f6sische Strickmaschine aus Holz mit 4 Haken bietet eine spielerische M\u00f6glichkeit, das Stricken zu erlernen und ist nicht umsonst ein traditioneller Zeitvertreib f\u00fcr Kinder!<\/p>\n","protected":false},"featured_media":47884,"comment_status":"open","ping_status":"closed","template":"","meta":[],"product_brand":[],"product_cat":[21446,21449,21479,21627,21490,21484,21447,21443,21563,21494,21496,21454,21564,21483],"product_tag":[28819,28820,28821,28815,28791,27792,28818,28792],"class_list":{"0":"post-59925","1":"product","2":"type-product","3":"status-publish","4":"has-post-thumbnail","6":"product_cat-6-12-jahre-grundschule","7":"product_cat-bastelwerkzeuge-aufbewahrung","8":"product_cat-lernmaterialien-spielzeug-montessori-waldorf-steiner-froebel","9":"product_cat-filges-de","10":"product_cat-geschenk-guide-kreativ","11":"product_cat-geschenk-guides","12":"product_cat-malen-basteln","13":"product_cat-nach-alter","14":"product_cat-neuheiten","15":"product_cat-schulbedarf-fuer-zuhause","16":"product_cat-schulbedarf-fuer-zuhause-6-12-jahre","17":"product_cat-stricken","18":"product_cat-unsere-marken","19":"product_cat-waldorf-steiner-paedagogik","20":"product_tag-filges-stricken-nancy","21":"product_tag-filges-strickspule","22":"product_tag-franzosisch-stricken-filges","23":"product_tag-franzosische-strickspule-fur-kinder","24":"product_tag-holzerne-strickhilfe","25":"product_tag-strickliesel-aus-holz","26":"product_tag-strickpuppe-aus-holz-mit-4-haken-filges","27":"product_tag-strickwerkzeug-fur-kinder","29":"first","30":"instock","31":"taxable","32":"shipping-taxable","33":"purchasable","34":"product-type-simple"},"yoast_head":"<!-- This site is optimized with the Yoast SEO plugin v27.1.1 - https:\/\/yoast.com\/product\/yoast-seo-wordpress\/ -->\n<title>Franz\u00f6sische Strickmaschine aus Holz mit 4 Haken - Filges - Teia Education &amp; Play<\/title>\n<meta name=\"description\" content=\"Die Filges Franz\u00f6sische Strickmaschine aus Holz mit 4 Haken bietet eine spielerische M\u00f6glichkeit, das Stricken zu erlernen und ist nicht umsonst ein traditioneller Zeitvertreib f\u00fcr Kinder!\" \/>\n<meta name=\"robots\" content=\"index, follow, max-snippet:-1, max-image-preview:large, max-video-preview:-1\" \/>\n<link rel=\"canonical\" href=\"https:\/\/teiaeducation.ch\/de\/produkt\/franzoesische-strickmaschine-aus-holz-mit-4-haken-filges\/\" \/>\n<meta property=\"og:locale\" content=\"de_DE\" \/>\n<meta property=\"og:type\" content=\"article\" \/>\n<meta property=\"og:title\" content=\"Franz\u00f6sische Strickmaschine aus Holz mit 4 Haken - Filges - Teia Education &amp; Play\" \/>\n<meta property=\"og:description\" content=\"Die Filges Franz\u00f6sische Strickmaschine aus Holz mit 4 Haken bietet eine spielerische M\u00f6glichkeit, das Stricken zu erlernen und ist nicht umsonst ein traditioneller Zeitvertreib f\u00fcr Kinder!\" \/>\n<meta property=\"og:url\" content=\"https:\/\/teiaeducation.ch\/de\/produkt\/franzoesische-strickmaschine-aus-holz-mit-4-haken-filges\/\" \/>\n<meta property=\"og:site_name\" content=\"Sustainable Educational Products &amp; Ecological Toys\u00a0\" \/>\n<meta property=\"article:publisher\" content=\"https:\/\/www.facebook.com\/teiaeducation\/\" \/>\n<meta property=\"article:modified_time\" content=\"2024-04-11T11:38:15+00:00\" \/>\n<meta property=\"og:image\" content=\"https:\/\/teiaeducation.ch\/wp-content\/uploads\/2022\/05\/Filges-Wooden-French-knitter-4-hooks.jpg\" \/>\n\t<meta property=\"og:image:width\" content=\"1500\" \/>\n\t<meta property=\"og:image:height\" content=\"1679\" \/>\n\t<meta property=\"og:image:type\" content=\"image\/jpeg\" \/>\n<script type=\"application\/ld+json\" class=\"yoast-schema-graph\">{\"@context\":\"https:\/\/schema.org\",\"@graph\":[{\"@type\":\"WebPage\",\"@id\":\"https:\/\/teiaeducation.ch\/de\/produkt\/franzoesische-strickmaschine-aus-holz-mit-4-haken-filges\/\",\"url\":\"https:\/\/teiaeducation.ch\/de\/produkt\/franzoesische-strickmaschine-aus-holz-mit-4-haken-filges\/\",\"name\":\"Franz\u00f6sische Strickmaschine aus Holz mit 4 Haken - Filges - Teia Education & Play\",\"isPartOf\":{\"@id\":\"https:\/\/teiaeducation.ch\/de\/#website\"},\"primaryImageOfPage\":{\"@id\":\"https:\/\/teiaeducation.ch\/de\/produkt\/franzoesische-strickmaschine-aus-holz-mit-4-haken-filges\/#primaryimage\"},\"image\":{\"@id\":\"https:\/\/teiaeducation.ch\/de\/produkt\/franzoesische-strickmaschine-aus-holz-mit-4-haken-filges\/#primaryimage\"},\"thumbnailUrl\":\"https:\/\/teiaeducation.ch\/wp-content\/uploads\/2022\/05\/Filges-Wooden-French-knitter-4-hooks.jpg\",\"datePublished\":\"2022-05-13T08:24:28+00:00\",\"dateModified\":\"2024-04-11T11:38:15+00:00\",\"description\":\"Die Filges Franz\u00f6sische Strickmaschine aus Holz mit 4 Haken bietet eine spielerische M\u00f6glichkeit, das Stricken zu erlernen und ist nicht umsonst ein traditioneller Zeitvertreib f\u00fcr Kinder!\",\"breadcrumb\":{\"@id\":\"https:\/\/teiaeducation.ch\/de\/produkt\/franzoesische-strickmaschine-aus-holz-mit-4-haken-filges\/#breadcrumb\"},\"inLanguage\":\"de-CH\",\"potentialAction\":[{\"@type\":\"ReadAction\",\"target\":[\"https:\/\/teiaeducation.ch\/de\/produkt\/franzoesische-strickmaschine-aus-holz-mit-4-haken-filges\/\"]}]},{\"@type\":\"ImageObject\",\"inLanguage\":\"de-CH\",\"@id\":\"https:\/\/teiaeducation.ch\/de\/produkt\/franzoesische-strickmaschine-aus-holz-mit-4-haken-filges\/#primaryimage\",\"url\":\"https:\/\/teiaeducation.ch\/wp-content\/uploads\/2022\/05\/Filges-Wooden-French-knitter-4-hooks.jpg\",\"contentUrl\":\"https:\/\/teiaeducation.ch\/wp-content\/uploads\/2022\/05\/Filges-Wooden-French-knitter-4-hooks.jpg\",\"width\":1500,\"height\":1679,\"caption\":\"Filges Franz\u00f6sische Strickmaschine aus Holz mit 4 Haken\"},{\"@type\":\"BreadcrumbList\",\"@id\":\"https:\/\/teiaeducation.ch\/de\/produkt\/franzoesische-strickmaschine-aus-holz-mit-4-haken-filges\/#breadcrumb\",\"itemListElement\":[{\"@type\":\"ListItem\",\"position\":1,\"name\":\"Home\",\"item\":\"https:\/\/teiaeducation.ch\/de\/\"},{\"@type\":\"ListItem\",\"position\":2,\"name\":\"Laden\",\"item\":\"https:\/\/teiaeducation.ch\/de\/shop\/\"},{\"@type\":\"ListItem\",\"position\":3,\"name\":\"Nach Alter\",\"item\":\"https:\/\/teiaeducation.ch\/de\/produkt-kategorie\/nach-alter\/\"},{\"@type\":\"ListItem\",\"position\":4,\"name\":\"6-12 Jahre Grundschule\",\"item\":\"https:\/\/teiaeducation.ch\/de\/produkt-kategorie\/nach-alter\/6-12-jahre-grundschule\/\"},{\"@type\":\"ListItem\",\"position\":5,\"name\":\"Franz\u00f6sische Strickmaschine aus Holz mit 4 Haken &#8211; Filges\"}]},{\"@type\":\"WebSite\",\"@id\":\"https:\/\/teiaeducation.ch\/de\/#website\",\"url\":\"https:\/\/teiaeducation.ch\/de\/\",\"name\":\"Sustainable Educational Products &amp; Ecological Toys\u00a0\",\"description\":\"Specialised Swiss shop selling sustainable educational toys and games, AMI certified Montessori materials, handmade ecological wooden Waldorf toys and arts &amp; crafts supplies, school supplies, children&#039;s furniture and Montessori reference and parenting books.\",\"publisher\":{\"@id\":\"https:\/\/teiaeducation.ch\/de\/#organization\"},\"alternateName\":\"Teia Education & Play\",\"potentialAction\":[{\"@type\":\"SearchAction\",\"target\":{\"@type\":\"EntryPoint\",\"urlTemplate\":\"https:\/\/teiaeducation.ch\/de\/?s={search_term_string}\"},\"query-input\":{\"@type\":\"PropertyValueSpecification\",\"valueRequired\":true,\"valueName\":\"search_term_string\"}}],\"inLanguage\":\"de-CH\"},{\"@type\":\"Organization\",\"@id\":\"https:\/\/teiaeducation.ch\/de\/#organization\",\"name\":\"Teia Education & Play\",\"url\":\"https:\/\/teiaeducation.ch\/de\/\",\"logo\":{\"@type\":\"ImageObject\",\"inLanguage\":\"de-CH\",\"@id\":\"https:\/\/teiaeducation.ch\/de\/#\/schema\/logo\/image\/\",\"url\":\"https:\/\/teiaeducation.ch\/wp-content\/uploads\/2020\/11\/Teia-Education-Switzerland-e1620156442216.jpg\",\"contentUrl\":\"https:\/\/teiaeducation.ch\/wp-content\/uploads\/2020\/11\/Teia-Education-Switzerland-e1620156442216.jpg\",\"width\":166,\"height\":145,\"caption\":\"Teia Education & Play\"},\"image\":{\"@id\":\"https:\/\/teiaeducation.ch\/de\/#\/schema\/logo\/image\/\"},\"sameAs\":[\"https:\/\/www.facebook.com\/teiaeducation\/\",\"https:\/\/x.com\/EducationTeia\",\"https:\/\/www.instagram.com\/teia.education\/\",\"https:\/\/www.linkedin.com\/company\/35501660\",\"https:\/\/www.pinterest.ch\/TeiaEducation\/\"]}]}<\/script>\n<!-- \/ Yoast SEO plugin. -->","yoast_head_json":{"title":"Franz\u00f6sische Strickmaschine aus Holz mit 4 Haken - Filges - Teia Education & Play","description":"Die Filges Franz\u00f6sische Strickmaschine aus Holz mit 4 Haken bietet eine spielerische M\u00f6glichkeit, das Stricken zu erlernen und ist nicht umsonst ein traditioneller Zeitvertreib f\u00fcr Kinder!","robots":{"index":"index","follow":"follow","max-snippet":"max-snippet:-1","max-image-preview":"max-image-preview:large","max-video-preview":"max-video-preview:-1"},"canonical":"https:\/\/teiaeducation.ch\/de\/produkt\/franzoesische-strickmaschine-aus-holz-mit-4-haken-filges\/","og_locale":"de_DE","og_type":"article","og_title":"Franz\u00f6sische Strickmaschine aus Holz mit 4 Haken - Filges - Teia Education & Play","og_description":"Die Filges Franz\u00f6sische Strickmaschine aus Holz mit 4 Haken bietet eine spielerische M\u00f6glichkeit, das Stricken zu erlernen und ist nicht umsonst ein traditioneller Zeitvertreib f\u00fcr Kinder!","og_url":"https:\/\/teiaeducation.ch\/de\/produkt\/franzoesische-strickmaschine-aus-holz-mit-4-haken-filges\/","og_site_name":"Sustainable Educational Products &amp; Ecological Toys\u00a0","article_publisher":"https:\/\/www.facebook.com\/teiaeducation\/","article_modified_time":"2024-04-11T11:38:15+00:00","og_image":[{"width":1500,"height":1679,"url":"https:\/\/teiaeducation.ch\/wp-content\/uploads\/2022\/05\/Filges-Wooden-French-knitter-4-hooks.jpg","type":"image\/jpeg"}],"schema":{"@context":"https:\/\/schema.org","@graph":[{"@type":"WebPage","@id":"https:\/\/teiaeducation.ch\/de\/produkt\/franzoesische-strickmaschine-aus-holz-mit-4-haken-filges\/","url":"https:\/\/teiaeducation.ch\/de\/produkt\/franzoesische-strickmaschine-aus-holz-mit-4-haken-filges\/","name":"Franz\u00f6sische Strickmaschine aus Holz mit 4 Haken - Filges - Teia Education & Play","isPartOf":{"@id":"https:\/\/teiaeducation.ch\/de\/#website"},"primaryImageOfPage":{"@id":"https:\/\/teiaeducation.ch\/de\/produkt\/franzoesische-strickmaschine-aus-holz-mit-4-haken-filges\/#primaryimage"},"image":{"@id":"https:\/\/teiaeducation.ch\/de\/produkt\/franzoesische-strickmaschine-aus-holz-mit-4-haken-filges\/#primaryimage"},"thumbnailUrl":"https:\/\/teiaeducation.ch\/wp-content\/uploads\/2022\/05\/Filges-Wooden-French-knitter-4-hooks.jpg","datePublished":"2022-05-13T08:24:28+00:00","dateModified":"2024-04-11T11:38:15+00:00","description":"Die Filges Franz\u00f6sische Strickmaschine aus Holz mit 4 Haken bietet eine spielerische M\u00f6glichkeit, das Stricken zu erlernen und ist nicht umsonst ein traditioneller Zeitvertreib f\u00fcr Kinder!","breadcrumb":{"@id":"https:\/\/teiaeducation.ch\/de\/produkt\/franzoesische-strickmaschine-aus-holz-mit-4-haken-filges\/#breadcrumb"},"inLanguage":"de-CH","potentialAction":[{"@type":"ReadAction","target":["https:\/\/teiaeducation.ch\/de\/produkt\/franzoesische-strickmaschine-aus-holz-mit-4-haken-filges\/"]}]},{"@type":"ImageObject","inLanguage":"de-CH","@id":"https:\/\/teiaeducation.ch\/de\/produkt\/franzoesische-strickmaschine-aus-holz-mit-4-haken-filges\/#primaryimage","url":"https:\/\/teiaeducation.ch\/wp-content\/uploads\/2022\/05\/Filges-Wooden-French-knitter-4-hooks.jpg","contentUrl":"https:\/\/teiaeducation.ch\/wp-content\/uploads\/2022\/05\/Filges-Wooden-French-knitter-4-hooks.jpg","width":1500,"height":1679,"caption":"Filges Franz\u00f6sische Strickmaschine aus Holz mit 4 Haken"},{"@type":"BreadcrumbList","@id":"https:\/\/teiaeducation.ch\/de\/produkt\/franzoesische-strickmaschine-aus-holz-mit-4-haken-filges\/#breadcrumb","itemListElement":[{"@type":"ListItem","position":1,"name":"Home","item":"https:\/\/teiaeducation.ch\/de\/"},{"@type":"ListItem","position":2,"name":"Laden","item":"https:\/\/teiaeducation.ch\/de\/shop\/"},{"@type":"ListItem","position":3,"name":"Nach Alter","item":"https:\/\/teiaeducation.ch\/de\/produkt-kategorie\/nach-alter\/"},{"@type":"ListItem","position":4,"name":"6-12 Jahre Grundschule","item":"https:\/\/teiaeducation.ch\/de\/produkt-kategorie\/nach-alter\/6-12-jahre-grundschule\/"},{"@type":"ListItem","position":5,"name":"Franz\u00f6sische Strickmaschine aus Holz mit 4 Haken &#8211; Filges"}]},{"@type":"WebSite","@id":"https:\/\/teiaeducation.ch\/de\/#website","url":"https:\/\/teiaeducation.ch\/de\/","name":"Sustainable Educational Products &amp; Ecological Toys\u00a0","description":"Specialised Swiss shop selling sustainable educational toys and games, AMI certified Montessori materials, handmade ecological wooden Waldorf toys and arts &amp; crafts supplies, school supplies, children&#039;s furniture and Montessori reference and parenting books.","publisher":{"@id":"https:\/\/teiaeducation.ch\/de\/#organization"},"alternateName":"Teia Education & Play","potentialAction":[{"@type":"SearchAction","target":{"@type":"EntryPoint","urlTemplate":"https:\/\/teiaeducation.ch\/de\/?s={search_term_string}"},"query-input":{"@type":"PropertyValueSpecification","valueRequired":true,"valueName":"search_term_string"}}],"inLanguage":"de-CH"},{"@type":"Organization","@id":"https:\/\/teiaeducation.ch\/de\/#organization","name":"Teia Education & Play","url":"https:\/\/teiaeducation.ch\/de\/","logo":{"@type":"ImageObject","inLanguage":"de-CH","@id":"https:\/\/teiaeducation.ch\/de\/#\/schema\/logo\/image\/","url":"https:\/\/teiaeducation.ch\/wp-content\/uploads\/2020\/11\/Teia-Education-Switzerland-e1620156442216.jpg","contentUrl":"https:\/\/teiaeducation.ch\/wp-content\/uploads\/2020\/11\/Teia-Education-Switzerland-e1620156442216.jpg","width":166,"height":145,"caption":"Teia Education & Play"},"image":{"@id":"https:\/\/teiaeducation.ch\/de\/#\/schema\/logo\/image\/"},"sameAs":["https:\/\/www.facebook.com\/teiaeducation\/","https:\/\/x.com\/EducationTeia","https:\/\/www.instagram.com\/teia.education\/","https:\/\/www.linkedin.com\/company\/35501660","https:\/\/www.pinterest.ch\/TeiaEducation\/"]}]}},"_links":{"self":[{"href":"https:\/\/teiaeducation.ch\/de\/wp-json\/wp\/v2\/product\/59925","targetHints":{"allow":["GET"]}}],"collection":[{"href":"https:\/\/teiaeducation.ch\/de\/wp-json\/wp\/v2\/product"}],"about":[{"href":"https:\/\/teiaeducation.ch\/de\/wp-json\/wp\/v2\/types\/product"}],"replies":[{"embeddable":true,"href":"https:\/\/teiaeducation.ch\/de\/wp-json\/wp\/v2\/comments?post=59925"}],"wp:featuredmedia":[{"embeddable":true,"href":"https:\/\/teiaeducation.ch\/de\/wp-json\/wp\/v2\/media\/47884"}],"wp:attachment":[{"href":"https:\/\/teiaeducation.ch\/de\/wp-json\/wp\/v2\/media?parent=59925"}],"wp:term":[{"taxonomy":"product_brand","embeddable":true,"href":"https:\/\/teiaeducation.ch\/de\/wp-json\/wp\/v2\/product_brand?post=59925"},{"taxonomy":"product_cat","embeddable":true,"href":"https:\/\/teiaeducation.ch\/de\/wp-json\/wp\/v2\/product_cat?post=59925"},{"taxonomy":"product_tag","embeddable":true,"href":"https:\/\/teiaeducation.ch\/de\/wp-json\/wp\/v2\/product_tag?post=59925"}],"curies":[{"name":"wp","href":"https:\/\/api.w.org\/{rel}","templated":true}]}}