{"id":59926,"date":"2022-05-13T09:50:09","date_gmt":"2022-05-13T07:50:09","guid":{"rendered":"https:\/\/teiaeducation.ch\/product\/filznadelset-5-grob-5-fein-filges\/"},"modified":"2024-04-11T13:42:49","modified_gmt":"2024-04-11T11:42:49","slug":"filznadelset-5-grob-5-fein-filges","status":"publish","type":"product","link":"https:\/\/teiaeducation.ch\/de\/produkt\/filznadelset-5-grob-5-fein-filges\/","title":{"rendered":"Filznadelset 5 grob &amp; 5 fein &#8211; Filges"},"content":{"rendered":"<p>Das Filges Set mit 10 groben und feinen Filznadeln aus Metall ist ein spezielles Handwerkszeug f\u00fcr verschiedene Nass- und Trockenfilzprojekte. Filzen ist eine wunderbare M\u00f6glichkeit, sch\u00f6ne Spielzeuge und Dekorationen selbst herzustellen und mit \u00e4lteren Kindern Spa\u00df am Basteln zu haben! Das Set enth\u00e4lt zwei verschiedene Nadelst\u00e4rken: 5 grobe und 5 feine Nadeln. Filznadelhalter aus Holz sind auch separat in unserem Shop erh\u00e4ltlich.<\/p>\n<p>Nass- und Trockenfilzen sowie die Arbeit mit Natur<a href=\"https:\/\/teiaeducation.ch\/product\/plant-dyed-felting-wool-10-fairytale-colours-100g-filges\/\">wolle<\/a> und pflanzengef\u00e4rbten Fasern sind ein wichtiger Bestandteil der <a href=\"\/?product_cat=waldorf\">Waldorf<\/a>p\u00e4dagogik. Nadelfilzen ist eine sehr taktile Erfahrung und eine lustige, kreative Waldorf-Handarbeit. Sie wird in Waldorfschulen weltweit ab einem Alter von 7 oder 10 Jahren unterrichtet, und die Projekte k\u00f6nnen von Anf\u00e4ngern bis zu Fortgeschrittenen reichen.<\/p>\n<p>Diese speziellen Filznadeln sind so konzipiert, dass sie die Fasern mattieren und miteinander verbinden. Sie sind l\u00e4nger als N\u00e4hnadeln, haben ein gebogenes Ende anstelle eines \u00d6hrs und winzige Kerben oder Widerhaken entlang des Schafts, um die Fasern zu fangen und zu ziehen.<\/p>\n<p>Filges ist eine kleine deutsche Familienmarke, die sich auf feinste, pflanzlich gef\u00e4rbte Wolle und Seide in traditioneller, handwerklicher Verarbeitung spezialisiert hat.<\/p>\n<p><a href=\"https:\/\/teiaeducation.ch\/product-category\/brands\/filges\/\">Filges<\/a> ist ein Bioland-zertifizierter Hersteller von Schafwolle. Als Mitglied des IVN (Internationaler Verband der Naturtextilwirtschaft) stammt die Wolle von Filges ausschlie\u00dflich von zertifizierten Bio-Schafen aus Deutschland. Die Farbstoffe von Filges sind auf pflanzlicher Basis und die Produktion ist nachhaltig, \u00f6kologisch und emissionsfrei.<\/p>\n<p>Bitte beachten Sie, dass Kinder von einem Erwachsenen beaufsichtigt werden m\u00fcssen, bis sie die Filztechniken und den sicheren Umgang mit den Filzwerkzeugen beherrschen. Vom Hersteller empfohlenes Alter: 14+.<\/p>\n<p>Achtung! Nicht geeignet f\u00fcr Kinder unter 36 Monaten wegen der Gefahr von St\u00f6\u00dfen mit scharfen Gegenst\u00e4nden im Halsbereich.<\/p>\n<p>Inhalt:<\/p>\n<p>10 Filznadelset 5 grob &amp; 5 fein<\/p>\n","protected":false},"excerpt":{"rendered":"<p>Artikelnummer: FWFNS<\/p>\n<p>Das Filges Set mit 10 groben und feinen Filznadeln aus Metall ist ein spezielles Handwerkszeug f\u00fcr verschiedene Nass- und Trockenfilzprojekte.<\/p>\n","protected":false},"featured_media":47880,"comment_status":"open","ping_status":"closed","template":"","meta":[],"product_brand":[],"product_cat":[21449,21479,21627,21452,21447,21563,21564,21483],"product_tag":[28829,28824,28827,28828,28826,28825,28823],"class_list":{"0":"post-59926","1":"product","2":"type-product","3":"status-publish","4":"has-post-thumbnail","6":"product_cat-bastelwerkzeuge-aufbewahrung","7":"product_cat-lernmaterialien-spielzeug-montessori-waldorf-steiner-froebel","8":"product_cat-filges-de","9":"product_cat-filzen","10":"product_cat-malen-basteln","11":"product_cat-neuheiten","12":"product_cat-unsere-marken","13":"product_cat-waldorf-steiner-paedagogik","14":"product_tag-feine-filznadeln-filzen","15":"product_tag-filznadelhalter-aus-holz","16":"product_tag-filznadeln-satz-filze","17":"product_tag-grobe-filznadeln-filzen","18":"product_tag-halter-aus-holz-fur-6-filznadeln","19":"product_tag-halter-fur-filznadeln-de","20":"product_tag-halter-fur-filznadeln","22":"first","23":"outofstock","24":"taxable","25":"shipping-taxable","26":"purchasable","27":"product-type-simple"},"yoast_head":"<!-- This site is optimized with the Yoast SEO plugin v27.3 - https:\/\/yoast.com\/product\/yoast-seo-wordpress\/ -->\n<title>Filznadelset 5 grob &amp; 5 fein - Filges - Teia Education &amp; Play<\/title>\n<meta name=\"description\" content=\"Das Filges Set mit 10 groben und feinen Filznadeln aus Metall ist ein spezielles Handwerkszeug f\u00fcr verschiedene Nass- und Trockenfilzprojekte.\" \/>\n<meta name=\"robots\" content=\"index, follow, max-snippet:-1, max-image-preview:large, max-video-preview:-1\" \/>\n<link rel=\"canonical\" href=\"https:\/\/teiaeducation.ch\/de\/produkt\/filznadelset-5-grob-5-fein-filges\/\" \/>\n<meta property=\"og:locale\" content=\"de_DE\" \/>\n<meta property=\"og:type\" content=\"article\" \/>\n<meta property=\"og:title\" content=\"Filznadelset 5 grob &amp; 5 fein - Filges - Teia Education &amp; Play\" \/>\n<meta property=\"og:description\" content=\"Das Filges Set mit 10 groben und feinen Filznadeln aus Metall ist ein spezielles Handwerkszeug f\u00fcr verschiedene Nass- und Trockenfilzprojekte.\" \/>\n<meta property=\"og:url\" content=\"https:\/\/teiaeducation.ch\/de\/produkt\/filznadelset-5-grob-5-fein-filges\/\" \/>\n<meta property=\"og:site_name\" content=\"Sustainable Educational Products &amp; Ecological Toys\u00a0\" \/>\n<meta property=\"article:publisher\" content=\"https:\/\/www.facebook.com\/teiaeducation\/\" \/>\n<meta property=\"article:modified_time\" content=\"2024-04-11T11:42:49+00:00\" \/>\n<meta property=\"og:image\" content=\"https:\/\/teiaeducation.ch\/wp-content\/uploads\/2022\/05\/Filges-felting-needles-set-fine-and-coarse.jpg\" \/>\n\t<meta property=\"og:image:width\" content=\"1500\" \/>\n\t<meta property=\"og:image:height\" content=\"1500\" \/>\n\t<meta property=\"og:image:type\" content=\"image\/jpeg\" \/>\n<script type=\"application\/ld+json\" class=\"yoast-schema-graph\">{\"@context\":\"https:\\\/\\\/schema.org\",\"@graph\":[{\"@type\":\"WebPage\",\"@id\":\"https:\\\/\\\/teiaeducation.ch\\\/de\\\/produkt\\\/filznadelset-5-grob-5-fein-filges\\\/\",\"url\":\"https:\\\/\\\/teiaeducation.ch\\\/de\\\/produkt\\\/filznadelset-5-grob-5-fein-filges\\\/\",\"name\":\"Filznadelset 5 grob &amp; 5 fein - Filges - Teia Education & Play\",\"isPartOf\":{\"@id\":\"https:\\\/\\\/teiaeducation.ch\\\/de\\\/#website\"},\"primaryImageOfPage\":{\"@id\":\"https:\\\/\\\/teiaeducation.ch\\\/de\\\/produkt\\\/filznadelset-5-grob-5-fein-filges\\\/#primaryimage\"},\"image\":{\"@id\":\"https:\\\/\\\/teiaeducation.ch\\\/de\\\/produkt\\\/filznadelset-5-grob-5-fein-filges\\\/#primaryimage\"},\"thumbnailUrl\":\"https:\\\/\\\/teiaeducation.ch\\\/wp-content\\\/uploads\\\/2022\\\/05\\\/Filges-felting-needles-set-fine-and-coarse.jpg\",\"datePublished\":\"2022-05-13T07:50:09+00:00\",\"dateModified\":\"2024-04-11T11:42:49+00:00\",\"description\":\"Das Filges Set mit 10 groben und feinen Filznadeln aus Metall ist ein spezielles Handwerkszeug f\u00fcr verschiedene Nass- und Trockenfilzprojekte.\",\"breadcrumb\":{\"@id\":\"https:\\\/\\\/teiaeducation.ch\\\/de\\\/produkt\\\/filznadelset-5-grob-5-fein-filges\\\/#breadcrumb\"},\"inLanguage\":\"de-CH\",\"potentialAction\":[{\"@type\":\"ReadAction\",\"target\":[\"https:\\\/\\\/teiaeducation.ch\\\/de\\\/produkt\\\/filznadelset-5-grob-5-fein-filges\\\/\"]}]},{\"@type\":\"ImageObject\",\"inLanguage\":\"de-CH\",\"@id\":\"https:\\\/\\\/teiaeducation.ch\\\/de\\\/produkt\\\/filznadelset-5-grob-5-fein-filges\\\/#primaryimage\",\"url\":\"https:\\\/\\\/teiaeducation.ch\\\/wp-content\\\/uploads\\\/2022\\\/05\\\/Filges-felting-needles-set-fine-and-coarse.jpg\",\"contentUrl\":\"https:\\\/\\\/teiaeducation.ch\\\/wp-content\\\/uploads\\\/2022\\\/05\\\/Filges-felting-needles-set-fine-and-coarse.jpg\",\"width\":1500,\"height\":1500,\"caption\":\"Filznadeln fein und grob eingestellt\"},{\"@type\":\"BreadcrumbList\",\"@id\":\"https:\\\/\\\/teiaeducation.ch\\\/de\\\/produkt\\\/filznadelset-5-grob-5-fein-filges\\\/#breadcrumb\",\"itemListElement\":[{\"@type\":\"ListItem\",\"position\":1,\"name\":\"Home\",\"item\":\"https:\\\/\\\/teiaeducation.ch\\\/de\\\/\"},{\"@type\":\"ListItem\",\"position\":2,\"name\":\"Laden\",\"item\":\"https:\\\/\\\/teiaeducation.ch\\\/de\\\/shop\\\/\"},{\"@type\":\"ListItem\",\"position\":3,\"name\":\"Unsere Marken\",\"item\":\"https:\\\/\\\/teiaeducation.ch\\\/de\\\/produkt-kategorie\\\/unsere-marken\\\/\"},{\"@type\":\"ListItem\",\"position\":4,\"name\":\"Filges\",\"item\":\"https:\\\/\\\/teiaeducation.ch\\\/de\\\/produkt-kategorie\\\/unsere-marken\\\/filges-de\\\/\"},{\"@type\":\"ListItem\",\"position\":5,\"name\":\"Filznadelset 5 grob &amp; 5 fein &#8211; Filges\"}]},{\"@type\":\"WebSite\",\"@id\":\"https:\\\/\\\/teiaeducation.ch\\\/de\\\/#website\",\"url\":\"https:\\\/\\\/teiaeducation.ch\\\/de\\\/\",\"name\":\"Sustainable Educational Products &amp; Ecological Toys\u00a0\",\"description\":\"Specialised Swiss shop selling sustainable educational toys and games, AMI certified Montessori materials, handmade ecological wooden Waldorf toys and arts &amp; crafts supplies, school supplies, children&#039;s furniture and Montessori reference and parenting books.\",\"publisher\":{\"@id\":\"https:\\\/\\\/teiaeducation.ch\\\/de\\\/#organization\"},\"alternateName\":\"Teia Education & Play\",\"potentialAction\":[{\"@type\":\"SearchAction\",\"target\":{\"@type\":\"EntryPoint\",\"urlTemplate\":\"https:\\\/\\\/teiaeducation.ch\\\/de\\\/?s={search_term_string}\"},\"query-input\":{\"@type\":\"PropertyValueSpecification\",\"valueRequired\":true,\"valueName\":\"search_term_string\"}}],\"inLanguage\":\"de-CH\"},{\"@type\":\"Organization\",\"@id\":\"https:\\\/\\\/teiaeducation.ch\\\/de\\\/#organization\",\"name\":\"Teia Education & Play\",\"url\":\"https:\\\/\\\/teiaeducation.ch\\\/de\\\/\",\"logo\":{\"@type\":\"ImageObject\",\"inLanguage\":\"de-CH\",\"@id\":\"https:\\\/\\\/teiaeducation.ch\\\/de\\\/#\\\/schema\\\/logo\\\/image\\\/\",\"url\":\"https:\\\/\\\/teiaeducation.ch\\\/wp-content\\\/uploads\\\/2020\\\/11\\\/Teia-Education-Switzerland-e1620156442216.jpg\",\"contentUrl\":\"https:\\\/\\\/teiaeducation.ch\\\/wp-content\\\/uploads\\\/2020\\\/11\\\/Teia-Education-Switzerland-e1620156442216.jpg\",\"width\":166,\"height\":145,\"caption\":\"Teia Education & Play\"},\"image\":{\"@id\":\"https:\\\/\\\/teiaeducation.ch\\\/de\\\/#\\\/schema\\\/logo\\\/image\\\/\"},\"sameAs\":[\"https:\\\/\\\/www.facebook.com\\\/teiaeducation\\\/\",\"https:\\\/\\\/x.com\\\/EducationTeia\",\"https:\\\/\\\/www.instagram.com\\\/teia.education\\\/\",\"https:\\\/\\\/www.linkedin.com\\\/company\\\/35501660\",\"https:\\\/\\\/www.pinterest.ch\\\/TeiaEducation\\\/\"]}]}<\/script>\n<!-- \/ Yoast SEO plugin. -->","yoast_head_json":{"title":"Filznadelset 5 grob &amp; 5 fein - Filges - Teia Education & Play","description":"Das Filges Set mit 10 groben und feinen Filznadeln aus Metall ist ein spezielles Handwerkszeug f\u00fcr verschiedene Nass- und Trockenfilzprojekte.","robots":{"index":"index","follow":"follow","max-snippet":"max-snippet:-1","max-image-preview":"max-image-preview:large","max-video-preview":"max-video-preview:-1"},"canonical":"https:\/\/teiaeducation.ch\/de\/produkt\/filznadelset-5-grob-5-fein-filges\/","og_locale":"de_DE","og_type":"article","og_title":"Filznadelset 5 grob &amp; 5 fein - Filges - Teia Education & Play","og_description":"Das Filges Set mit 10 groben und feinen Filznadeln aus Metall ist ein spezielles Handwerkszeug f\u00fcr verschiedene Nass- und Trockenfilzprojekte.","og_url":"https:\/\/teiaeducation.ch\/de\/produkt\/filznadelset-5-grob-5-fein-filges\/","og_site_name":"Sustainable Educational Products &amp; Ecological Toys\u00a0","article_publisher":"https:\/\/www.facebook.com\/teiaeducation\/","article_modified_time":"2024-04-11T11:42:49+00:00","og_image":[{"width":1500,"height":1500,"url":"https:\/\/teiaeducation.ch\/wp-content\/uploads\/2022\/05\/Filges-felting-needles-set-fine-and-coarse.jpg","type":"image\/jpeg"}],"schema":{"@context":"https:\/\/schema.org","@graph":[{"@type":"WebPage","@id":"https:\/\/teiaeducation.ch\/de\/produkt\/filznadelset-5-grob-5-fein-filges\/","url":"https:\/\/teiaeducation.ch\/de\/produkt\/filznadelset-5-grob-5-fein-filges\/","name":"Filznadelset 5 grob &amp; 5 fein - Filges - Teia Education & Play","isPartOf":{"@id":"https:\/\/teiaeducation.ch\/de\/#website"},"primaryImageOfPage":{"@id":"https:\/\/teiaeducation.ch\/de\/produkt\/filznadelset-5-grob-5-fein-filges\/#primaryimage"},"image":{"@id":"https:\/\/teiaeducation.ch\/de\/produkt\/filznadelset-5-grob-5-fein-filges\/#primaryimage"},"thumbnailUrl":"https:\/\/teiaeducation.ch\/wp-content\/uploads\/2022\/05\/Filges-felting-needles-set-fine-and-coarse.jpg","datePublished":"2022-05-13T07:50:09+00:00","dateModified":"2024-04-11T11:42:49+00:00","description":"Das Filges Set mit 10 groben und feinen Filznadeln aus Metall ist ein spezielles Handwerkszeug f\u00fcr verschiedene Nass- und Trockenfilzprojekte.","breadcrumb":{"@id":"https:\/\/teiaeducation.ch\/de\/produkt\/filznadelset-5-grob-5-fein-filges\/#breadcrumb"},"inLanguage":"de-CH","potentialAction":[{"@type":"ReadAction","target":["https:\/\/teiaeducation.ch\/de\/produkt\/filznadelset-5-grob-5-fein-filges\/"]}]},{"@type":"ImageObject","inLanguage":"de-CH","@id":"https:\/\/teiaeducation.ch\/de\/produkt\/filznadelset-5-grob-5-fein-filges\/#primaryimage","url":"https:\/\/teiaeducation.ch\/wp-content\/uploads\/2022\/05\/Filges-felting-needles-set-fine-and-coarse.jpg","contentUrl":"https:\/\/teiaeducation.ch\/wp-content\/uploads\/2022\/05\/Filges-felting-needles-set-fine-and-coarse.jpg","width":1500,"height":1500,"caption":"Filznadeln fein und grob eingestellt"},{"@type":"BreadcrumbList","@id":"https:\/\/teiaeducation.ch\/de\/produkt\/filznadelset-5-grob-5-fein-filges\/#breadcrumb","itemListElement":[{"@type":"ListItem","position":1,"name":"Home","item":"https:\/\/teiaeducation.ch\/de\/"},{"@type":"ListItem","position":2,"name":"Laden","item":"https:\/\/teiaeducation.ch\/de\/shop\/"},{"@type":"ListItem","position":3,"name":"Unsere Marken","item":"https:\/\/teiaeducation.ch\/de\/produkt-kategorie\/unsere-marken\/"},{"@type":"ListItem","position":4,"name":"Filges","item":"https:\/\/teiaeducation.ch\/de\/produkt-kategorie\/unsere-marken\/filges-de\/"},{"@type":"ListItem","position":5,"name":"Filznadelset 5 grob &amp; 5 fein &#8211; Filges"}]},{"@type":"WebSite","@id":"https:\/\/teiaeducation.ch\/de\/#website","url":"https:\/\/teiaeducation.ch\/de\/","name":"Sustainable Educational Products &amp; Ecological Toys\u00a0","description":"Specialised Swiss shop selling sustainable educational toys and games, AMI certified Montessori materials, handmade ecological wooden Waldorf toys and arts &amp; crafts supplies, school supplies, children&#039;s furniture and Montessori reference and parenting books.","publisher":{"@id":"https:\/\/teiaeducation.ch\/de\/#organization"},"alternateName":"Teia Education & Play","potentialAction":[{"@type":"SearchAction","target":{"@type":"EntryPoint","urlTemplate":"https:\/\/teiaeducation.ch\/de\/?s={search_term_string}"},"query-input":{"@type":"PropertyValueSpecification","valueRequired":true,"valueName":"search_term_string"}}],"inLanguage":"de-CH"},{"@type":"Organization","@id":"https:\/\/teiaeducation.ch\/de\/#organization","name":"Teia Education & Play","url":"https:\/\/teiaeducation.ch\/de\/","logo":{"@type":"ImageObject","inLanguage":"de-CH","@id":"https:\/\/teiaeducation.ch\/de\/#\/schema\/logo\/image\/","url":"https:\/\/teiaeducation.ch\/wp-content\/uploads\/2020\/11\/Teia-Education-Switzerland-e1620156442216.jpg","contentUrl":"https:\/\/teiaeducation.ch\/wp-content\/uploads\/2020\/11\/Teia-Education-Switzerland-e1620156442216.jpg","width":166,"height":145,"caption":"Teia Education & Play"},"image":{"@id":"https:\/\/teiaeducation.ch\/de\/#\/schema\/logo\/image\/"},"sameAs":["https:\/\/www.facebook.com\/teiaeducation\/","https:\/\/x.com\/EducationTeia","https:\/\/www.instagram.com\/teia.education\/","https:\/\/www.linkedin.com\/company\/35501660","https:\/\/www.pinterest.ch\/TeiaEducation\/"]}]}},"_links":{"self":[{"href":"https:\/\/teiaeducation.ch\/de\/wp-json\/wp\/v2\/product\/59926","targetHints":{"allow":["GET"]}}],"collection":[{"href":"https:\/\/teiaeducation.ch\/de\/wp-json\/wp\/v2\/product"}],"about":[{"href":"https:\/\/teiaeducation.ch\/de\/wp-json\/wp\/v2\/types\/product"}],"replies":[{"embeddable":true,"href":"https:\/\/teiaeducation.ch\/de\/wp-json\/wp\/v2\/comments?post=59926"}],"wp:featuredmedia":[{"embeddable":true,"href":"https:\/\/teiaeducation.ch\/de\/wp-json\/wp\/v2\/media\/47880"}],"wp:attachment":[{"href":"https:\/\/teiaeducation.ch\/de\/wp-json\/wp\/v2\/media?parent=59926"}],"wp:term":[{"taxonomy":"product_brand","embeddable":true,"href":"https:\/\/teiaeducation.ch\/de\/wp-json\/wp\/v2\/product_brand?post=59926"},{"taxonomy":"product_cat","embeddable":true,"href":"https:\/\/teiaeducation.ch\/de\/wp-json\/wp\/v2\/product_cat?post=59926"},{"taxonomy":"product_tag","embeddable":true,"href":"https:\/\/teiaeducation.ch\/de\/wp-json\/wp\/v2\/product_tag?post=59926"}],"curies":[{"name":"wp","href":"https:\/\/api.w.org\/{rel}","templated":true}]}}