{"id":59927,"date":"2022-05-13T09:46:27","date_gmt":"2022-05-13T07:46:27","guid":{"rendered":"https:\/\/teiaeducation.ch\/product\/halter-aus-holz-fuer-6-filznadeln-filges\/"},"modified":"2024-04-11T13:47:22","modified_gmt":"2024-04-11T11:47:22","slug":"halter-aus-holz-fuer-6-filznadeln-filges","status":"publish","type":"product","link":"https:\/\/teiaeducation.ch\/de\/produkt\/halter-aus-holz-fuer-6-filznadeln-filges\/","title":{"rendered":"Halter aus Holz f\u00fcr 6 Filznadeln &#8211; Filges"},"content":{"rendered":"<p>Der sch\u00f6ne, handgefertigte Filges-Holznadelhalter ist sowohl beim Nass- als auch beim Trockenfilzen ein n\u00fctzliches Werkzeug und kann bis zu 6 Filznadeln aufnehmen (nicht im Lieferumfang enthalten, separat erh\u00e4ltlich).<\/p>\n<p>Der sch\u00f6ne, glatte Holzgriff liegt gut in der Hand und erm\u00f6glicht die gleichzeitige Verwendung von bis zu 6 Filznadeln. Es kann auch zur Aufbewahrung der Filznadeln verwendet werden.<\/p>\n<p>Nass- und Trockenfilzen sowie die Arbeit mit naturbelassener und pflanzengef\u00e4rbter <a href=\"https:\/\/teiaeducation.ch\/product\/plant-dyed-fairytale-felting-wool-12-colours-100g-filges\/\">Wolle<\/a> und Fasern sind wichtige Bestandteile der <a href=\"\/?product_cat=waldorf\">Waldorf<\/a>p\u00e4dagogik. Nadelfilzen ist eine sehr taktile Erfahrung und eine lustige, kreative Waldorf-Handarbeit. Sie wird in Waldorfschulen auf der ganzen Welt unterrichtet, und die Projekte k\u00f6nnen von Anf\u00e4ngern bis zu Fortgeschrittenen reichen.<\/p>\n<p>Der Filznadelhalter von Filges wird in Europa nachhaltig aus Holz hergestellt.<\/p>\n<p>Filges ist eine kleine deutsche Familienmarke, die sich auf feinste, pflanzlich gef\u00e4rbte Wolle und Seide in traditioneller, handwerklicher Verarbeitung spezialisiert hat.<\/p>\n<p><a href=\"https:\/\/teiaeducation.ch\/product-category\/brands\/filges\/\">Filges<\/a> ist ein Bioland-zertifizierter Hersteller von Schafwolle. Als Mitglied des IVN (Internationaler Verband der Naturtextilwirtschaft) stammt die Wolle von Filges ausschlie\u00dflich von zertifizierten Bio-Schafen aus Deutschland. Die Farbstoffe von Filges sind auf pflanzlicher Basis und die Produktion ist nachhaltig, \u00f6kologisch und emissionsfrei.<\/p>\n<p>Bitte beachten Sie, dass Kinder von einem Erwachsenen beaufsichtigt werden m\u00fcssen, bis sie die Filztechniken und den sicheren Umgang mit den Filzwerkzeugen beherrschen. Vom Hersteller empfohlenes Alter: 14+.<\/p>\n<p>Nadeln nicht enthalten (separat erh\u00e4ltlich)<\/p>\n<p>Inhalt:<\/p>\n<p>1 Halter f\u00fcr 6 Filznadeln<\/p>\n","protected":false},"excerpt":{"rendered":"<p>Artikelnummer: FWFNH969<\/p>\n<p>Der sch\u00f6ne handgefertigte Filges Filznadelhalter aus Holz ist sowohl beim Nass- als auch beim Trockenfilzen ein n\u00fctzliches Werkzeug und kann bis zu 6 Filznadeln aufnehmen.<\/p>\n","protected":false},"featured_media":47872,"comment_status":"open","ping_status":"closed","template":"","meta":[],"product_brand":[],"product_cat":[21449,21479,21627,21452,21447,21563,21564,21483],"product_tag":[28824,28826,28825,28823],"class_list":{"0":"post-59927","1":"product","2":"type-product","3":"status-publish","4":"has-post-thumbnail","6":"product_cat-bastelwerkzeuge-aufbewahrung","7":"product_cat-lernmaterialien-spielzeug-montessori-waldorf-steiner-froebel","8":"product_cat-filges-de","9":"product_cat-filzen","10":"product_cat-malen-basteln","11":"product_cat-neuheiten","12":"product_cat-unsere-marken","13":"product_cat-waldorf-steiner-paedagogik","14":"product_tag-filznadelhalter-aus-holz","15":"product_tag-halter-aus-holz-fur-6-filznadeln","16":"product_tag-halter-fur-filznadeln-de","17":"product_tag-halter-fur-filznadeln","19":"first","20":"instock","21":"taxable","22":"shipping-taxable","23":"purchasable","24":"product-type-simple"},"yoast_head":"<!-- This site is optimized with the Yoast SEO Premium plugin v25.8 (Yoast SEO v27.4) - https:\/\/yoast.com\/product\/yoast-seo-premium-wordpress\/ -->\n<title>Halter aus Holz f\u00fcr 6 Filznadeln - Filges - Teia Education &amp; Play<\/title>\n<meta name=\"description\" content=\"Der sch\u00f6ne handgefertigte Filges Filznadelhalter aus Holz ist sowohl beim Nass- als auch beim Trockenfilzen ein n\u00fctzliches Werkzeug und kann bis zu 6 Filznadeln aufnehmen.\" \/>\n<meta name=\"robots\" content=\"index, follow, max-snippet:-1, max-image-preview:large, max-video-preview:-1\" \/>\n<link rel=\"canonical\" href=\"https:\/\/teiaeducation.ch\/de\/produkt\/halter-aus-holz-fuer-6-filznadeln-filges\/\" \/>\n<meta property=\"og:locale\" content=\"de_DE\" \/>\n<meta property=\"og:type\" content=\"article\" \/>\n<meta property=\"og:title\" content=\"Halter aus Holz f\u00fcr 6 Filznadeln - Filges\" \/>\n<meta property=\"og:description\" content=\"Der sch\u00f6ne handgefertigte Filges Filznadelhalter aus Holz ist sowohl beim Nass- als auch beim Trockenfilzen ein n\u00fctzliches Werkzeug und kann bis zu 6 Filznadeln aufnehmen.\" \/>\n<meta property=\"og:url\" content=\"https:\/\/teiaeducation.ch\/de\/produkt\/halter-aus-holz-fuer-6-filznadeln-filges\/\" \/>\n<meta property=\"og:site_name\" content=\"Sustainable Educational Products &amp; Ecological Toys\u00a0\" \/>\n<meta property=\"article:publisher\" content=\"https:\/\/www.facebook.com\/teiaeducation\/\" \/>\n<meta property=\"article:modified_time\" content=\"2024-04-11T11:47:22+00:00\" \/>\n<meta property=\"og:image\" content=\"https:\/\/teiaeducation.ch\/wp-content\/uploads\/2022\/05\/Filges-wooden-holder-6-felting-needles.jpg\" \/>\n\t<meta property=\"og:image:width\" content=\"900\" \/>\n\t<meta property=\"og:image:height\" content=\"942\" \/>\n\t<meta property=\"og:image:type\" content=\"image\/jpeg\" \/>\n<script type=\"application\/ld+json\" class=\"yoast-schema-graph\">{\"@context\":\"https:\\\/\\\/schema.org\",\"@graph\":[{\"@type\":\"WebPage\",\"@id\":\"https:\\\/\\\/teiaeducation.ch\\\/de\\\/produkt\\\/halter-aus-holz-fuer-6-filznadeln-filges\\\/\",\"url\":\"https:\\\/\\\/teiaeducation.ch\\\/de\\\/produkt\\\/halter-aus-holz-fuer-6-filznadeln-filges\\\/\",\"name\":\"Halter aus Holz f\u00fcr 6 Filznadeln - Filges - Teia Education & Play\",\"isPartOf\":{\"@id\":\"https:\\\/\\\/teiaeducation.ch\\\/de\\\/#website\"},\"primaryImageOfPage\":{\"@id\":\"https:\\\/\\\/teiaeducation.ch\\\/de\\\/produkt\\\/halter-aus-holz-fuer-6-filznadeln-filges\\\/#primaryimage\"},\"image\":{\"@id\":\"https:\\\/\\\/teiaeducation.ch\\\/de\\\/produkt\\\/halter-aus-holz-fuer-6-filznadeln-filges\\\/#primaryimage\"},\"thumbnailUrl\":\"https:\\\/\\\/teiaeducation.ch\\\/wp-content\\\/uploads\\\/2022\\\/05\\\/Filges-wooden-holder-6-felting-needles.jpg\",\"datePublished\":\"2022-05-13T07:46:27+00:00\",\"dateModified\":\"2024-04-11T11:47:22+00:00\",\"description\":\"Der sch\u00f6ne handgefertigte Filges Filznadelhalter aus Holz ist sowohl beim Nass- als auch beim Trockenfilzen ein n\u00fctzliches Werkzeug und kann bis zu 6 Filznadeln aufnehmen.\",\"breadcrumb\":{\"@id\":\"https:\\\/\\\/teiaeducation.ch\\\/de\\\/produkt\\\/halter-aus-holz-fuer-6-filznadeln-filges\\\/#breadcrumb\"},\"inLanguage\":\"de-CH\",\"potentialAction\":[{\"@type\":\"ReadAction\",\"target\":[\"https:\\\/\\\/teiaeducation.ch\\\/de\\\/produkt\\\/halter-aus-holz-fuer-6-filznadeln-filges\\\/\"]}]},{\"@type\":\"ImageObject\",\"inLanguage\":\"de-CH\",\"@id\":\"https:\\\/\\\/teiaeducation.ch\\\/de\\\/produkt\\\/halter-aus-holz-fuer-6-filznadeln-filges\\\/#primaryimage\",\"url\":\"https:\\\/\\\/teiaeducation.ch\\\/wp-content\\\/uploads\\\/2022\\\/05\\\/Filges-wooden-holder-6-felting-needles.jpg\",\"contentUrl\":\"https:\\\/\\\/teiaeducation.ch\\\/wp-content\\\/uploads\\\/2022\\\/05\\\/Filges-wooden-holder-6-felting-needles.jpg\",\"width\":900,\"height\":942,\"caption\":\"Filges Halter aus Holz f\u00fcr 6 Filznadeln\"},{\"@type\":\"BreadcrumbList\",\"@id\":\"https:\\\/\\\/teiaeducation.ch\\\/de\\\/produkt\\\/halter-aus-holz-fuer-6-filznadeln-filges\\\/#breadcrumb\",\"itemListElement\":[{\"@type\":\"ListItem\",\"position\":1,\"name\":\"Home\",\"item\":\"https:\\\/\\\/teiaeducation.ch\\\/de\\\/\"},{\"@type\":\"ListItem\",\"position\":2,\"name\":\"Laden\",\"item\":\"https:\\\/\\\/teiaeducation.ch\\\/de\\\/shop\\\/\"},{\"@type\":\"ListItem\",\"position\":3,\"name\":\"Unsere Marken\",\"item\":\"https:\\\/\\\/teiaeducation.ch\\\/de\\\/produkt-kategorie\\\/unsere-marken\\\/\"},{\"@type\":\"ListItem\",\"position\":4,\"name\":\"Filges\",\"item\":\"https:\\\/\\\/teiaeducation.ch\\\/de\\\/produkt-kategorie\\\/unsere-marken\\\/filges-de\\\/\"},{\"@type\":\"ListItem\",\"position\":5,\"name\":\"Halter aus Holz f\u00fcr 6 Filznadeln &#8211; Filges\"}]},{\"@type\":\"WebSite\",\"@id\":\"https:\\\/\\\/teiaeducation.ch\\\/de\\\/#website\",\"url\":\"https:\\\/\\\/teiaeducation.ch\\\/de\\\/\",\"name\":\"Sustainable Educational Products &amp; Ecological Toys\u00a0\",\"description\":\"Specialised Swiss shop selling sustainable educational toys and games, AMI certified Montessori materials, handmade ecological wooden Waldorf toys and arts &amp; crafts supplies, school supplies, children&#039;s furniture and Montessori reference and parenting books.\",\"publisher\":{\"@id\":\"https:\\\/\\\/teiaeducation.ch\\\/de\\\/#organization\"},\"alternateName\":\"Teia Education & Play\",\"potentialAction\":[{\"@type\":\"SearchAction\",\"target\":{\"@type\":\"EntryPoint\",\"urlTemplate\":\"https:\\\/\\\/teiaeducation.ch\\\/de\\\/?s={search_term_string}\"},\"query-input\":{\"@type\":\"PropertyValueSpecification\",\"valueRequired\":true,\"valueName\":\"search_term_string\"}}],\"inLanguage\":\"de-CH\"},{\"@type\":\"Organization\",\"@id\":\"https:\\\/\\\/teiaeducation.ch\\\/de\\\/#organization\",\"name\":\"Teia Education & Play\",\"url\":\"https:\\\/\\\/teiaeducation.ch\\\/de\\\/\",\"logo\":{\"@type\":\"ImageObject\",\"inLanguage\":\"de-CH\",\"@id\":\"https:\\\/\\\/teiaeducation.ch\\\/de\\\/#\\\/schema\\\/logo\\\/image\\\/\",\"url\":\"https:\\\/\\\/teiaeducation.ch\\\/wp-content\\\/uploads\\\/2020\\\/11\\\/Teia-Education-Switzerland-e1620156442216.jpg\",\"contentUrl\":\"https:\\\/\\\/teiaeducation.ch\\\/wp-content\\\/uploads\\\/2020\\\/11\\\/Teia-Education-Switzerland-e1620156442216.jpg\",\"width\":166,\"height\":145,\"caption\":\"Teia Education & Play\"},\"image\":{\"@id\":\"https:\\\/\\\/teiaeducation.ch\\\/de\\\/#\\\/schema\\\/logo\\\/image\\\/\"},\"sameAs\":[\"https:\\\/\\\/www.facebook.com\\\/teiaeducation\\\/\",\"https:\\\/\\\/x.com\\\/EducationTeia\",\"https:\\\/\\\/www.instagram.com\\\/teia.education\\\/\",\"https:\\\/\\\/www.linkedin.com\\\/company\\\/35501660\",\"https:\\\/\\\/www.pinterest.ch\\\/TeiaEducation\\\/\"]}]}<\/script>\n<meta property=\"product:price:amount\" content=\"10.90\" \/>\n<meta property=\"product:price:currency\" content=\"CHF\" \/>\n<meta property=\"og:availability\" content=\"instock\" \/>\n<meta property=\"product:availability\" content=\"instock\" \/>\n<meta property=\"product:retailer_item_id\" content=\"00000000000000000000000000000000000000000000047858\" \/>\n<meta property=\"product:condition\" content=\"new\" \/>\n<!-- \/ Yoast SEO Premium plugin. -->","yoast_head_json":{"title":"Halter aus Holz f\u00fcr 6 Filznadeln - Filges - Teia Education & Play","description":"Der sch\u00f6ne handgefertigte Filges Filznadelhalter aus Holz ist sowohl beim Nass- als auch beim Trockenfilzen ein n\u00fctzliches Werkzeug und kann bis zu 6 Filznadeln aufnehmen.","robots":{"index":"index","follow":"follow","max-snippet":"max-snippet:-1","max-image-preview":"max-image-preview:large","max-video-preview":"max-video-preview:-1"},"canonical":"https:\/\/teiaeducation.ch\/de\/produkt\/halter-aus-holz-fuer-6-filznadeln-filges\/","og_locale":"de_DE","og_type":"article","og_title":"Halter aus Holz f\u00fcr 6 Filznadeln - Filges","og_description":"Der sch\u00f6ne handgefertigte Filges Filznadelhalter aus Holz ist sowohl beim Nass- als auch beim Trockenfilzen ein n\u00fctzliches Werkzeug und kann bis zu 6 Filznadeln aufnehmen.","og_url":"https:\/\/teiaeducation.ch\/de\/produkt\/halter-aus-holz-fuer-6-filznadeln-filges\/","og_site_name":"Sustainable Educational Products &amp; Ecological Toys\u00a0","article_publisher":"https:\/\/www.facebook.com\/teiaeducation\/","article_modified_time":"2024-04-11T11:47:22+00:00","og_image":[{"width":900,"height":942,"url":"https:\/\/teiaeducation.ch\/wp-content\/uploads\/2022\/05\/Filges-wooden-holder-6-felting-needles.jpg","type":"image\/jpeg"}],"schema":{"@context":"https:\/\/schema.org","@graph":[{"@type":"WebPage","@id":"https:\/\/teiaeducation.ch\/de\/produkt\/halter-aus-holz-fuer-6-filznadeln-filges\/","url":"https:\/\/teiaeducation.ch\/de\/produkt\/halter-aus-holz-fuer-6-filznadeln-filges\/","name":"Halter aus Holz f\u00fcr 6 Filznadeln - Filges - Teia Education & Play","isPartOf":{"@id":"https:\/\/teiaeducation.ch\/de\/#website"},"primaryImageOfPage":{"@id":"https:\/\/teiaeducation.ch\/de\/produkt\/halter-aus-holz-fuer-6-filznadeln-filges\/#primaryimage"},"image":{"@id":"https:\/\/teiaeducation.ch\/de\/produkt\/halter-aus-holz-fuer-6-filznadeln-filges\/#primaryimage"},"thumbnailUrl":"https:\/\/teiaeducation.ch\/wp-content\/uploads\/2022\/05\/Filges-wooden-holder-6-felting-needles.jpg","datePublished":"2022-05-13T07:46:27+00:00","dateModified":"2024-04-11T11:47:22+00:00","description":"Der sch\u00f6ne handgefertigte Filges Filznadelhalter aus Holz ist sowohl beim Nass- als auch beim Trockenfilzen ein n\u00fctzliches Werkzeug und kann bis zu 6 Filznadeln aufnehmen.","breadcrumb":{"@id":"https:\/\/teiaeducation.ch\/de\/produkt\/halter-aus-holz-fuer-6-filznadeln-filges\/#breadcrumb"},"inLanguage":"de-CH","potentialAction":[{"@type":"ReadAction","target":["https:\/\/teiaeducation.ch\/de\/produkt\/halter-aus-holz-fuer-6-filznadeln-filges\/"]}]},{"@type":"ImageObject","inLanguage":"de-CH","@id":"https:\/\/teiaeducation.ch\/de\/produkt\/halter-aus-holz-fuer-6-filznadeln-filges\/#primaryimage","url":"https:\/\/teiaeducation.ch\/wp-content\/uploads\/2022\/05\/Filges-wooden-holder-6-felting-needles.jpg","contentUrl":"https:\/\/teiaeducation.ch\/wp-content\/uploads\/2022\/05\/Filges-wooden-holder-6-felting-needles.jpg","width":900,"height":942,"caption":"Filges Halter aus Holz f\u00fcr 6 Filznadeln"},{"@type":"BreadcrumbList","@id":"https:\/\/teiaeducation.ch\/de\/produkt\/halter-aus-holz-fuer-6-filznadeln-filges\/#breadcrumb","itemListElement":[{"@type":"ListItem","position":1,"name":"Home","item":"https:\/\/teiaeducation.ch\/de\/"},{"@type":"ListItem","position":2,"name":"Laden","item":"https:\/\/teiaeducation.ch\/de\/shop\/"},{"@type":"ListItem","position":3,"name":"Unsere Marken","item":"https:\/\/teiaeducation.ch\/de\/produkt-kategorie\/unsere-marken\/"},{"@type":"ListItem","position":4,"name":"Filges","item":"https:\/\/teiaeducation.ch\/de\/produkt-kategorie\/unsere-marken\/filges-de\/"},{"@type":"ListItem","position":5,"name":"Halter aus Holz f\u00fcr 6 Filznadeln &#8211; Filges"}]},{"@type":"WebSite","@id":"https:\/\/teiaeducation.ch\/de\/#website","url":"https:\/\/teiaeducation.ch\/de\/","name":"Sustainable Educational Products &amp; Ecological Toys\u00a0","description":"Specialised Swiss shop selling sustainable educational toys and games, AMI certified Montessori materials, handmade ecological wooden Waldorf toys and arts &amp; crafts supplies, school supplies, children&#039;s furniture and Montessori reference and parenting books.","publisher":{"@id":"https:\/\/teiaeducation.ch\/de\/#organization"},"alternateName":"Teia Education & Play","potentialAction":[{"@type":"SearchAction","target":{"@type":"EntryPoint","urlTemplate":"https:\/\/teiaeducation.ch\/de\/?s={search_term_string}"},"query-input":{"@type":"PropertyValueSpecification","valueRequired":true,"valueName":"search_term_string"}}],"inLanguage":"de-CH"},{"@type":"Organization","@id":"https:\/\/teiaeducation.ch\/de\/#organization","name":"Teia Education & Play","url":"https:\/\/teiaeducation.ch\/de\/","logo":{"@type":"ImageObject","inLanguage":"de-CH","@id":"https:\/\/teiaeducation.ch\/de\/#\/schema\/logo\/image\/","url":"https:\/\/teiaeducation.ch\/wp-content\/uploads\/2020\/11\/Teia-Education-Switzerland-e1620156442216.jpg","contentUrl":"https:\/\/teiaeducation.ch\/wp-content\/uploads\/2020\/11\/Teia-Education-Switzerland-e1620156442216.jpg","width":166,"height":145,"caption":"Teia Education & Play"},"image":{"@id":"https:\/\/teiaeducation.ch\/de\/#\/schema\/logo\/image\/"},"sameAs":["https:\/\/www.facebook.com\/teiaeducation\/","https:\/\/x.com\/EducationTeia","https:\/\/www.instagram.com\/teia.education\/","https:\/\/www.linkedin.com\/company\/35501660","https:\/\/www.pinterest.ch\/TeiaEducation\/"]}]},"product_price_amount":"10.90","product_price_currency":"CHF","og_availability":"instock","product_availability":"instock","product_retailer_item_id":"00000000000000000000000000000000000000000000047858","product_condition":"new"},"_links":{"self":[{"href":"https:\/\/teiaeducation.ch\/de\/wp-json\/wp\/v2\/product\/59927","targetHints":{"allow":["GET"]}}],"collection":[{"href":"https:\/\/teiaeducation.ch\/de\/wp-json\/wp\/v2\/product"}],"about":[{"href":"https:\/\/teiaeducation.ch\/de\/wp-json\/wp\/v2\/types\/product"}],"replies":[{"embeddable":true,"href":"https:\/\/teiaeducation.ch\/de\/wp-json\/wp\/v2\/comments?post=59927"}],"wp:featuredmedia":[{"embeddable":true,"href":"https:\/\/teiaeducation.ch\/de\/wp-json\/wp\/v2\/media\/47872"}],"wp:attachment":[{"href":"https:\/\/teiaeducation.ch\/de\/wp-json\/wp\/v2\/media?parent=59927"}],"wp:term":[{"taxonomy":"product_brand","embeddable":true,"href":"https:\/\/teiaeducation.ch\/de\/wp-json\/wp\/v2\/product_brand?post=59927"},{"taxonomy":"product_cat","embeddable":true,"href":"https:\/\/teiaeducation.ch\/de\/wp-json\/wp\/v2\/product_cat?post=59927"},{"taxonomy":"product_tag","embeddable":true,"href":"https:\/\/teiaeducation.ch\/de\/wp-json\/wp\/v2\/product_tag?post=59927"}],"curies":[{"name":"wp","href":"https:\/\/api.w.org\/{rel}","templated":true}]}}