{"id":59930,"date":"2022-05-13T08:51:28","date_gmt":"2022-05-13T06:51:28","guid":{"rendered":"https:\/\/teiaeducation.ch\/product\/100-holzfilz-6-blaetter-in-leuchtenden-farben-filges\/"},"modified":"2024-04-11T14:02:28","modified_gmt":"2024-04-11T12:02:28","slug":"100-holzfilz-6-blaetter-in-leuchtenden-farben-filges","status":"publish","type":"product","link":"https:\/\/teiaeducation.ch\/de\/produkt\/100-holzfilz-6-blaetter-in-leuchtenden-farben-filges\/","title":{"rendered":"100% Holzfilz, 6 Bl\u00e4tter in leuchtenden Farben &#8211; Filges"},"content":{"rendered":"<p>Die Filges 6 Bl\u00e4tter aus 100% Holzfilz, 6 Bl\u00e4tter in leuchtenden Farben ist ein wundersch\u00f6n pflanzengef\u00e4rbtes Set aus hochwertigem, langlebigem und vielseitigem Bastelfilz, perfekt zum N\u00e4hen, Basteln und <a href=\"https:\/\/teiaeducation.ch\/product-category\/education-method\/waldorf\/\">Waldorf<\/a>basteln.<\/p>\n<p>Gefilzte Schafwolle ist eines der \u00e4ltesten bekannten Textilien, und Filges 100% Woll<a href=\"https:\/\/teiaeducation.ch\/product-category\/creative-art-craft\/felting\/\">filz<\/a> ist rei\u00dffest und stark. Dieses wunderbare Set besteht aus 6 B\u00f6gen Filz aus 100% Wolle in sch\u00f6nen, leuchtenden Farben.<\/p>\n<p>Die Filges-Wollfilzbl\u00e4tter sind jeweils 20 x 15 cm gro\u00df. Der wunderbar hochwertige Filges-Wollfilz wird aus pflanzengef\u00e4rbter kbT-Bioland Bio-Schafschurwolle hergestellt und ist 400 g\/m\u00b2 schwer.<\/p>\n<p>Der <a href=\"https:\/\/teiaeducation.ch\/product-category\/brands\/filges\/\">Filges<\/a>-Wollfilz wird in Deutschland ohne den Einsatz von Chemikalien nach traditionellen handwerklichen Methoden hergestellt. Es wurde nur mit nat\u00fcrlichen Pflanzenfarbstoffen gef\u00e4rbt.<\/p>\n<p>Filges Wolle ist reine Bio-Schurwolle, die zu 100% den strengen Richtlinien von Bioland entspricht. Filges Wolle ist sehr langlebig, umweltfreundlich und sicher, ohne den Einsatz von Chemikalien hergestellt.<\/p>\n<p>Filges ist eine kleine deutsche Familienmarke, die sich auf feinste, pflanzlich gef\u00e4rbte Wolle und Seide in traditioneller, handwerklicher Verarbeitung spezialisiert hat.<\/p>\n<p>Filges ist ein Bioland-zertifizierter Hersteller von Schafwolle. Als Mitglied des IVN (Internationaler Verband der Naturtextilwirtschaft) stammt die Wolle von Filges ausschlie\u00dflich von zertifizierten Bio-Schafen aus Deutschland. Die Farbstoffe von Filges sind auf pflanzlicher Basis und die Produktion ist nachhaltig, \u00f6kologisch und emissionsfrei.<\/p>\n<p>Inhalt:<\/p>\n<p>6 Bl\u00e4tter aus 100% Wollfilz in leuchtenden Farben.<\/p>\n","protected":false},"excerpt":{"rendered":"<p>Artikelnummer: <span data-sheets-value=\"{\"1\":2,\"2\":\"35344900\"}\" data-sheets-userformat=\"{\"2\":4227,\"3\":{\"1\":1},\"4\":{\"1\":2,\"2\":16777215},\"10\":2,\"15\":\"Lato\"}\">35344753WP<\/span><\/p>\n<p>Der hochwertige, pflanzengef\u00e4rbte Filz von Filges in leuchtenden Farben eignet sich hervorragend zum N\u00e4hen, Basteln und f\u00fcr Waldorfbasteleien!<\/p>\n","protected":false},"featured_media":47835,"comment_status":"open","ping_status":"closed","template":"","meta":[],"product_brand":[],"product_cat":[21445,21446,21479,21627,21452,21447,21443,21563,22362,21564,21483,22363],"product_tag":[28839,28775,28774,28776,28835,21712,28837,28836,28761,28762,28838,28772,28773],"class_list":{"0":"post-59930","1":"product","2":"type-product","3":"status-publish","4":"has-post-thumbnail","6":"product_cat-3-6-jahre-vorschule","7":"product_cat-6-12-jahre-grundschule","8":"product_cat-lernmaterialien-spielzeug-montessori-waldorf-steiner-froebel","9":"product_cat-filges-de","10":"product_cat-filzen","11":"product_cat-malen-basteln","12":"product_cat-nach-alter","13":"product_cat-neuheiten","14":"product_cat-saisonale-kollektionen","15":"product_cat-unsere-marken","16":"product_cat-waldorf-steiner-paedagogik","17":"product_cat-winter-kollektion","18":"product_tag-100-holzfilz-6-blatter-in-leuchtenden-farben","19":"product_tag-100-wollfilz","20":"product_tag-filges-filz","21":"product_tag-filges-schweiz","22":"product_tag-filz-wollfilz","23":"product_tag-hergestellt-in-deutschland","24":"product_tag-hochwertiger-bastelfilz","25":"product_tag-hochwertiger-filz","26":"product_tag-waldorf-bastelbedarf-de","27":"product_tag-waldorf-bastelmaterial","28":"product_tag-waldorf-filz-de","29":"product_tag-waldorf-bastelbedarf-de-2","30":"product_tag-wollfilz","32":"first","33":"instock","34":"taxable","35":"shipping-taxable","36":"purchasable","37":"product-type-simple"},"yoast_head":"<!-- This site is optimized with the Yoast SEO plugin v27.3 - https:\/\/yoast.com\/product\/yoast-seo-wordpress\/ -->\n<title>100% Holzfilz, 6 Bl\u00e4tter in leuchtenden Farben - Filges<\/title>\n<meta name=\"description\" content=\"Der hochwertige, pflanzengef\u00e4rbte Filz von Filges in leuchtenden Farben eignet sich hervorragend zum N\u00e4hen, Basteln und f\u00fcr Waldorfbasteleien!\" \/>\n<meta name=\"robots\" content=\"index, follow, max-snippet:-1, max-image-preview:large, max-video-preview:-1\" \/>\n<link rel=\"canonical\" href=\"https:\/\/teiaeducation.ch\/de\/produkt\/100-holzfilz-6-blaetter-in-leuchtenden-farben-filges\/\" \/>\n<meta property=\"og:locale\" content=\"de_DE\" \/>\n<meta property=\"og:type\" content=\"article\" \/>\n<meta property=\"og:title\" content=\"100% Holzfilz, 6 Bl\u00e4tter in leuchtenden Farben - Filges\" \/>\n<meta property=\"og:description\" content=\"Der hochwertige, pflanzengef\u00e4rbte Filz von Filges in leuchtenden Farben eignet sich hervorragend zum N\u00e4hen, Basteln und f\u00fcr Waldorfbasteleien!\" \/>\n<meta property=\"og:url\" content=\"https:\/\/teiaeducation.ch\/de\/produkt\/100-holzfilz-6-blaetter-in-leuchtenden-farben-filges\/\" \/>\n<meta property=\"og:site_name\" content=\"Sustainable Educational Products &amp; Ecological Toys\u00a0\" \/>\n<meta property=\"article:publisher\" content=\"https:\/\/www.facebook.com\/teiaeducation\/\" \/>\n<meta property=\"article:modified_time\" content=\"2024-04-11T12:02:28+00:00\" \/>\n<meta property=\"og:image\" content=\"https:\/\/teiaeducation.ch\/wp-content\/uploads\/2022\/05\/Filges-Bioland-100-Pure-New-Eco-Wool-Crafting-Felt-6-Sheets-Basic-Colours-1.jpeg\" \/>\n\t<meta property=\"og:image:width\" content=\"768\" \/>\n\t<meta property=\"og:image:height\" content=\"1024\" \/>\n\t<meta property=\"og:image:type\" content=\"image\/jpeg\" \/>\n<script type=\"application\/ld+json\" class=\"yoast-schema-graph\">{\"@context\":\"https:\\\/\\\/schema.org\",\"@graph\":[{\"@type\":\"WebPage\",\"@id\":\"https:\\\/\\\/teiaeducation.ch\\\/de\\\/produkt\\\/100-holzfilz-6-blaetter-in-leuchtenden-farben-filges\\\/\",\"url\":\"https:\\\/\\\/teiaeducation.ch\\\/de\\\/produkt\\\/100-holzfilz-6-blaetter-in-leuchtenden-farben-filges\\\/\",\"name\":\"100% Holzfilz, 6 Bl\u00e4tter in leuchtenden Farben - Filges\",\"isPartOf\":{\"@id\":\"https:\\\/\\\/teiaeducation.ch\\\/de\\\/#website\"},\"primaryImageOfPage\":{\"@id\":\"https:\\\/\\\/teiaeducation.ch\\\/de\\\/produkt\\\/100-holzfilz-6-blaetter-in-leuchtenden-farben-filges\\\/#primaryimage\"},\"image\":{\"@id\":\"https:\\\/\\\/teiaeducation.ch\\\/de\\\/produkt\\\/100-holzfilz-6-blaetter-in-leuchtenden-farben-filges\\\/#primaryimage\"},\"thumbnailUrl\":\"https:\\\/\\\/teiaeducation.ch\\\/wp-content\\\/uploads\\\/2022\\\/05\\\/Filges-Bioland-100-Pure-New-Eco-Wool-Crafting-Felt-6-Sheets-Basic-Colours-1.jpeg\",\"datePublished\":\"2022-05-13T06:51:28+00:00\",\"dateModified\":\"2024-04-11T12:02:28+00:00\",\"description\":\"Der hochwertige, pflanzengef\u00e4rbte Filz von Filges in leuchtenden Farben eignet sich hervorragend zum N\u00e4hen, Basteln und f\u00fcr Waldorfbasteleien!\",\"breadcrumb\":{\"@id\":\"https:\\\/\\\/teiaeducation.ch\\\/de\\\/produkt\\\/100-holzfilz-6-blaetter-in-leuchtenden-farben-filges\\\/#breadcrumb\"},\"inLanguage\":\"de-CH\",\"potentialAction\":[{\"@type\":\"ReadAction\",\"target\":[\"https:\\\/\\\/teiaeducation.ch\\\/de\\\/produkt\\\/100-holzfilz-6-blaetter-in-leuchtenden-farben-filges\\\/\"]}]},{\"@type\":\"ImageObject\",\"inLanguage\":\"de-CH\",\"@id\":\"https:\\\/\\\/teiaeducation.ch\\\/de\\\/produkt\\\/100-holzfilz-6-blaetter-in-leuchtenden-farben-filges\\\/#primaryimage\",\"url\":\"https:\\\/\\\/teiaeducation.ch\\\/wp-content\\\/uploads\\\/2022\\\/05\\\/Filges-Bioland-100-Pure-New-Eco-Wool-Crafting-Felt-6-Sheets-Basic-Colours-1.jpeg\",\"contentUrl\":\"https:\\\/\\\/teiaeducation.ch\\\/wp-content\\\/uploads\\\/2022\\\/05\\\/Filges-Bioland-100-Pure-New-Eco-Wool-Crafting-Felt-6-Sheets-Basic-Colours-1.jpeg\",\"width\":768,\"height\":1024,\"caption\":\"Filges Bioland 100% reine Schurwolle Bastelfilz 6 Blatt Grundfarben 1\"},{\"@type\":\"BreadcrumbList\",\"@id\":\"https:\\\/\\\/teiaeducation.ch\\\/de\\\/produkt\\\/100-holzfilz-6-blaetter-in-leuchtenden-farben-filges\\\/#breadcrumb\",\"itemListElement\":[{\"@type\":\"ListItem\",\"position\":1,\"name\":\"Home\",\"item\":\"https:\\\/\\\/teiaeducation.ch\\\/de\\\/\"},{\"@type\":\"ListItem\",\"position\":2,\"name\":\"Laden\",\"item\":\"https:\\\/\\\/teiaeducation.ch\\\/de\\\/shop\\\/\"},{\"@type\":\"ListItem\",\"position\":3,\"name\":\"Unsere Marken\",\"item\":\"https:\\\/\\\/teiaeducation.ch\\\/de\\\/produkt-kategorie\\\/unsere-marken\\\/\"},{\"@type\":\"ListItem\",\"position\":4,\"name\":\"Filges\",\"item\":\"https:\\\/\\\/teiaeducation.ch\\\/de\\\/produkt-kategorie\\\/unsere-marken\\\/filges-de\\\/\"},{\"@type\":\"ListItem\",\"position\":5,\"name\":\"100% Holzfilz, 6 Bl\u00e4tter in leuchtenden Farben &#8211; Filges\"}]},{\"@type\":\"WebSite\",\"@id\":\"https:\\\/\\\/teiaeducation.ch\\\/de\\\/#website\",\"url\":\"https:\\\/\\\/teiaeducation.ch\\\/de\\\/\",\"name\":\"Sustainable Educational Products &amp; Ecological Toys\u00a0\",\"description\":\"Specialised Swiss shop selling sustainable educational toys and games, AMI certified Montessori materials, handmade ecological wooden Waldorf toys and arts &amp; crafts supplies, school supplies, children&#039;s furniture and Montessori reference and parenting books.\",\"publisher\":{\"@id\":\"https:\\\/\\\/teiaeducation.ch\\\/de\\\/#organization\"},\"alternateName\":\"Teia Education & Play\",\"potentialAction\":[{\"@type\":\"SearchAction\",\"target\":{\"@type\":\"EntryPoint\",\"urlTemplate\":\"https:\\\/\\\/teiaeducation.ch\\\/de\\\/?s={search_term_string}\"},\"query-input\":{\"@type\":\"PropertyValueSpecification\",\"valueRequired\":true,\"valueName\":\"search_term_string\"}}],\"inLanguage\":\"de-CH\"},{\"@type\":\"Organization\",\"@id\":\"https:\\\/\\\/teiaeducation.ch\\\/de\\\/#organization\",\"name\":\"Teia Education & Play\",\"url\":\"https:\\\/\\\/teiaeducation.ch\\\/de\\\/\",\"logo\":{\"@type\":\"ImageObject\",\"inLanguage\":\"de-CH\",\"@id\":\"https:\\\/\\\/teiaeducation.ch\\\/de\\\/#\\\/schema\\\/logo\\\/image\\\/\",\"url\":\"https:\\\/\\\/teiaeducation.ch\\\/wp-content\\\/uploads\\\/2020\\\/11\\\/Teia-Education-Switzerland-e1620156442216.jpg\",\"contentUrl\":\"https:\\\/\\\/teiaeducation.ch\\\/wp-content\\\/uploads\\\/2020\\\/11\\\/Teia-Education-Switzerland-e1620156442216.jpg\",\"width\":166,\"height\":145,\"caption\":\"Teia Education & Play\"},\"image\":{\"@id\":\"https:\\\/\\\/teiaeducation.ch\\\/de\\\/#\\\/schema\\\/logo\\\/image\\\/\"},\"sameAs\":[\"https:\\\/\\\/www.facebook.com\\\/teiaeducation\\\/\",\"https:\\\/\\\/x.com\\\/EducationTeia\",\"https:\\\/\\\/www.instagram.com\\\/teia.education\\\/\",\"https:\\\/\\\/www.linkedin.com\\\/company\\\/35501660\",\"https:\\\/\\\/www.pinterest.ch\\\/TeiaEducation\\\/\"]}]}<\/script>\n<!-- \/ Yoast SEO plugin. -->","yoast_head_json":{"title":"100% Holzfilz, 6 Bl\u00e4tter in leuchtenden Farben - Filges","description":"Der hochwertige, pflanzengef\u00e4rbte Filz von Filges in leuchtenden Farben eignet sich hervorragend zum N\u00e4hen, Basteln und f\u00fcr Waldorfbasteleien!","robots":{"index":"index","follow":"follow","max-snippet":"max-snippet:-1","max-image-preview":"max-image-preview:large","max-video-preview":"max-video-preview:-1"},"canonical":"https:\/\/teiaeducation.ch\/de\/produkt\/100-holzfilz-6-blaetter-in-leuchtenden-farben-filges\/","og_locale":"de_DE","og_type":"article","og_title":"100% Holzfilz, 6 Bl\u00e4tter in leuchtenden Farben - Filges","og_description":"Der hochwertige, pflanzengef\u00e4rbte Filz von Filges in leuchtenden Farben eignet sich hervorragend zum N\u00e4hen, Basteln und f\u00fcr Waldorfbasteleien!","og_url":"https:\/\/teiaeducation.ch\/de\/produkt\/100-holzfilz-6-blaetter-in-leuchtenden-farben-filges\/","og_site_name":"Sustainable Educational Products &amp; Ecological Toys\u00a0","article_publisher":"https:\/\/www.facebook.com\/teiaeducation\/","article_modified_time":"2024-04-11T12:02:28+00:00","og_image":[{"width":768,"height":1024,"url":"https:\/\/teiaeducation.ch\/wp-content\/uploads\/2022\/05\/Filges-Bioland-100-Pure-New-Eco-Wool-Crafting-Felt-6-Sheets-Basic-Colours-1.jpeg","type":"image\/jpeg"}],"schema":{"@context":"https:\/\/schema.org","@graph":[{"@type":"WebPage","@id":"https:\/\/teiaeducation.ch\/de\/produkt\/100-holzfilz-6-blaetter-in-leuchtenden-farben-filges\/","url":"https:\/\/teiaeducation.ch\/de\/produkt\/100-holzfilz-6-blaetter-in-leuchtenden-farben-filges\/","name":"100% Holzfilz, 6 Bl\u00e4tter in leuchtenden Farben - Filges","isPartOf":{"@id":"https:\/\/teiaeducation.ch\/de\/#website"},"primaryImageOfPage":{"@id":"https:\/\/teiaeducation.ch\/de\/produkt\/100-holzfilz-6-blaetter-in-leuchtenden-farben-filges\/#primaryimage"},"image":{"@id":"https:\/\/teiaeducation.ch\/de\/produkt\/100-holzfilz-6-blaetter-in-leuchtenden-farben-filges\/#primaryimage"},"thumbnailUrl":"https:\/\/teiaeducation.ch\/wp-content\/uploads\/2022\/05\/Filges-Bioland-100-Pure-New-Eco-Wool-Crafting-Felt-6-Sheets-Basic-Colours-1.jpeg","datePublished":"2022-05-13T06:51:28+00:00","dateModified":"2024-04-11T12:02:28+00:00","description":"Der hochwertige, pflanzengef\u00e4rbte Filz von Filges in leuchtenden Farben eignet sich hervorragend zum N\u00e4hen, Basteln und f\u00fcr Waldorfbasteleien!","breadcrumb":{"@id":"https:\/\/teiaeducation.ch\/de\/produkt\/100-holzfilz-6-blaetter-in-leuchtenden-farben-filges\/#breadcrumb"},"inLanguage":"de-CH","potentialAction":[{"@type":"ReadAction","target":["https:\/\/teiaeducation.ch\/de\/produkt\/100-holzfilz-6-blaetter-in-leuchtenden-farben-filges\/"]}]},{"@type":"ImageObject","inLanguage":"de-CH","@id":"https:\/\/teiaeducation.ch\/de\/produkt\/100-holzfilz-6-blaetter-in-leuchtenden-farben-filges\/#primaryimage","url":"https:\/\/teiaeducation.ch\/wp-content\/uploads\/2022\/05\/Filges-Bioland-100-Pure-New-Eco-Wool-Crafting-Felt-6-Sheets-Basic-Colours-1.jpeg","contentUrl":"https:\/\/teiaeducation.ch\/wp-content\/uploads\/2022\/05\/Filges-Bioland-100-Pure-New-Eco-Wool-Crafting-Felt-6-Sheets-Basic-Colours-1.jpeg","width":768,"height":1024,"caption":"Filges Bioland 100% reine Schurwolle Bastelfilz 6 Blatt Grundfarben 1"},{"@type":"BreadcrumbList","@id":"https:\/\/teiaeducation.ch\/de\/produkt\/100-holzfilz-6-blaetter-in-leuchtenden-farben-filges\/#breadcrumb","itemListElement":[{"@type":"ListItem","position":1,"name":"Home","item":"https:\/\/teiaeducation.ch\/de\/"},{"@type":"ListItem","position":2,"name":"Laden","item":"https:\/\/teiaeducation.ch\/de\/shop\/"},{"@type":"ListItem","position":3,"name":"Unsere Marken","item":"https:\/\/teiaeducation.ch\/de\/produkt-kategorie\/unsere-marken\/"},{"@type":"ListItem","position":4,"name":"Filges","item":"https:\/\/teiaeducation.ch\/de\/produkt-kategorie\/unsere-marken\/filges-de\/"},{"@type":"ListItem","position":5,"name":"100% Holzfilz, 6 Bl\u00e4tter in leuchtenden Farben &#8211; Filges"}]},{"@type":"WebSite","@id":"https:\/\/teiaeducation.ch\/de\/#website","url":"https:\/\/teiaeducation.ch\/de\/","name":"Sustainable Educational Products &amp; Ecological Toys\u00a0","description":"Specialised Swiss shop selling sustainable educational toys and games, AMI certified Montessori materials, handmade ecological wooden Waldorf toys and arts &amp; crafts supplies, school supplies, children&#039;s furniture and Montessori reference and parenting books.","publisher":{"@id":"https:\/\/teiaeducation.ch\/de\/#organization"},"alternateName":"Teia Education & Play","potentialAction":[{"@type":"SearchAction","target":{"@type":"EntryPoint","urlTemplate":"https:\/\/teiaeducation.ch\/de\/?s={search_term_string}"},"query-input":{"@type":"PropertyValueSpecification","valueRequired":true,"valueName":"search_term_string"}}],"inLanguage":"de-CH"},{"@type":"Organization","@id":"https:\/\/teiaeducation.ch\/de\/#organization","name":"Teia Education & Play","url":"https:\/\/teiaeducation.ch\/de\/","logo":{"@type":"ImageObject","inLanguage":"de-CH","@id":"https:\/\/teiaeducation.ch\/de\/#\/schema\/logo\/image\/","url":"https:\/\/teiaeducation.ch\/wp-content\/uploads\/2020\/11\/Teia-Education-Switzerland-e1620156442216.jpg","contentUrl":"https:\/\/teiaeducation.ch\/wp-content\/uploads\/2020\/11\/Teia-Education-Switzerland-e1620156442216.jpg","width":166,"height":145,"caption":"Teia Education & Play"},"image":{"@id":"https:\/\/teiaeducation.ch\/de\/#\/schema\/logo\/image\/"},"sameAs":["https:\/\/www.facebook.com\/teiaeducation\/","https:\/\/x.com\/EducationTeia","https:\/\/www.instagram.com\/teia.education\/","https:\/\/www.linkedin.com\/company\/35501660","https:\/\/www.pinterest.ch\/TeiaEducation\/"]}]}},"_links":{"self":[{"href":"https:\/\/teiaeducation.ch\/de\/wp-json\/wp\/v2\/product\/59930","targetHints":{"allow":["GET"]}}],"collection":[{"href":"https:\/\/teiaeducation.ch\/de\/wp-json\/wp\/v2\/product"}],"about":[{"href":"https:\/\/teiaeducation.ch\/de\/wp-json\/wp\/v2\/types\/product"}],"replies":[{"embeddable":true,"href":"https:\/\/teiaeducation.ch\/de\/wp-json\/wp\/v2\/comments?post=59930"}],"wp:featuredmedia":[{"embeddable":true,"href":"https:\/\/teiaeducation.ch\/de\/wp-json\/wp\/v2\/media\/47835"}],"wp:attachment":[{"href":"https:\/\/teiaeducation.ch\/de\/wp-json\/wp\/v2\/media?parent=59930"}],"wp:term":[{"taxonomy":"product_brand","embeddable":true,"href":"https:\/\/teiaeducation.ch\/de\/wp-json\/wp\/v2\/product_brand?post=59930"},{"taxonomy":"product_cat","embeddable":true,"href":"https:\/\/teiaeducation.ch\/de\/wp-json\/wp\/v2\/product_cat?post=59930"},{"taxonomy":"product_tag","embeddable":true,"href":"https:\/\/teiaeducation.ch\/de\/wp-json\/wp\/v2\/product_tag?post=59930"}],"curies":[{"name":"wp","href":"https:\/\/api.w.org\/{rel}","templated":true}]}}