{"id":59932,"date":"2022-05-12T15:10:39","date_gmt":"2022-05-12T13:10:39","guid":{"rendered":"https:\/\/teiaeducation.ch\/product\/bio-filzkugel-set-filges\/"},"modified":"2024-04-11T14:12:55","modified_gmt":"2024-04-11T12:12:55","slug":"bio-filzkugel-set-filges","status":"publish","type":"product","link":"https:\/\/teiaeducation.ch\/de\/produkt\/bio-filzkugel-set-filges\/","title":{"rendered":"Bio-Filzkugel-Set &#8211; Filges"},"content":{"rendered":"<p>Das Filges-Set zur Herstellung von Bio-Filzkugeln ist ein toller Einstieg in das Nassfilzen und enth\u00e4lt reine Bio-Neuheiten von Bioland, pflanzengef\u00e4rbte M\u00e4rchenfilzwolle in feinster Qualit\u00e4t in verschiedenen Farben, nat\u00fcrliche Schafwolle, Fl\u00fcssigseife und 3 Gl\u00f6ckchen. Dieses Set stellt bis zu 7 Filzkugeln her und enth\u00e4lt alles, was Sie brauchen, um mit dem <a href=\"https:\/\/teiaeducation.ch\/product-category\/creative-art-craft\/felting\/\">Filzen<\/a> zu beginnen und bietet eine wunderbare Waldorf-Bastelei mit Kindern in der Schule und zu Hause!<\/p>\n<p>Die im Set enthaltene feine, langfaserige, gek\u00e4mmte Wolle ist nat\u00fcrlich pflanzengef\u00e4rbt und in wundersch\u00f6nen, von <a href=\"https:\/\/teiaeducation.ch\/product-category\/education-method\/waldorf-steiner-toys-craft-materials\/\">Waldorf<\/a> inspirierten Farben gehalten. Ideal zum Trocken- und Nassfilzen. Dieses herrlich weiche, naturbelassene Wollsortiment enth\u00e4lt alle Farben, die Sie f\u00fcr die Herstellung von Filzkugeln sowie von Filztieren, M\u00e4rchenfiguren, Waldorfpuppen und vielem mehr ben\u00f6tigen.<\/p>\n<p>Die in diesem Set enthaltene pflanzengef\u00e4rbte M\u00e4rchenfilzwolle wurde in Deutschland ohne den Einsatz von Chemikalien nach traditionellen, handwerklichen Methoden hergestellt und gef\u00e4rbt. Filges Wolle ist reine Bio-Schurwolle, die zu 100% den strengen Richtlinien von Bioland entspricht. Es ist sehr langlebig, umweltfreundlich und sicher, da es ohne den Einsatz von Chemikalien hergestellt wird.<\/p>\n<p><a href=\"https:\/\/teiaeducation.ch\/product-category\/brands\/filges\/\">Filges<\/a> ist eine kleine deutsche Familienmarke, die sich auf feinste, pflanzlich gef\u00e4rbte Wolle und Seide in traditioneller, handwerklicher Verarbeitung spezialisiert hat.<\/p>\n<p>Filges ist ein Bioland-zertifizierter Hersteller von Schafwolle. Als Mitglied des IVN (Internationaler Verband der Naturtextilwirtschaft) stammt die Wolle von Filges ausschlie\u00dflich von zertifizierten Bio-Schafen aus Deutschland. Die Farbstoffe von Filges sind auf pflanzlicher Basis und die Produktion ist nachhaltig, \u00f6kologisch und emissionsfrei.<\/p>\n<p>Inhalt:<\/p>\n<p>50g pflanzengef\u00e4rbte Schurwolle in verschiedenen Farben<br \/>\n150 g nat\u00fcrliche Schafwolle<br \/>\n50ml Fl\u00fcssigseife<br \/>\n3 Glocken<br \/>\n1 Anleitungsheft<\/p>\n","protected":false},"excerpt":{"rendered":"<p>Artikelnummer: <span data-sheets-value=\"{\"1\":2,\"2\":\"35325100\"}\" data-sheets-userformat=\"{\"2\":4291,\"3\":{\"1\":1},\"4\":{\"1\":2,\"2\":16777215},\"9\":0,\"10\":2,\"15\":\"Lato\"}\">35325733<\/span><\/p>\n<p>Das Filges-Kit mit 100% pflanzengef\u00e4rbter Wolle in verschiedenen Farben ist ein guter Einstieg ins Nassfilzen und ergibt bis zu 7 Filzkugeln.<\/p>\n","protected":false},"featured_media":47792,"comment_status":"open","ping_status":"closed","template":"","meta":[],"product_brand":[],"product_cat":[21446,21449,21479,21465,21627,21452,21490,21484,21447,21443,22349,21563,22362,21564,21483,22363],"product_tag":[28767,28760,28765,28758,28764,28766,28759,27841,27849,28770,28771,28761,28762,27871,27842,28763],"class_list":{"0":"post-59932","1":"product","2":"type-product","3":"status-publish","4":"has-post-thumbnail","6":"product_cat-6-12-jahre-grundschule","7":"product_cat-bastelwerkzeuge-aufbewahrung","8":"product_cat-lernmaterialien-spielzeug-montessori-waldorf-steiner-froebel","9":"product_cat-feier-festlichkeiten","10":"product_cat-filges-de","11":"product_cat-filzen","12":"product_cat-geschenk-guide-kreativ","13":"product_cat-geschenk-guides","14":"product_cat-malen-basteln","15":"product_cat-nach-alter","16":"product_cat-natur-saisonale-tische-de","17":"product_cat-neuheiten","18":"product_cat-saisonale-kollektionen","19":"product_cat-unsere-marken","20":"product_cat-waldorf-steiner-paedagogik","21":"product_cat-winter-kollektion","22":"product_tag-bio-filzkugel-bausatz-filges","23":"product_tag-biologische-filzwolle","24":"product_tag-filges-bioland-wolle","25":"product_tag-filges-filzwolle","26":"product_tag-filges-marchenwolle-erdtone","27":"product_tag-filges-marchenwolle-gruntone","28":"product_tag-filges-wollschweiz","29":"product_tag-marchenwolle-pflanzengefarbt","30":"product_tag-naturliche-filzwolle","31":"product_tag-pflanzengefarbte-marchenfilzwolle-5-grun-und-erdtone-25g-filges","32":"product_tag-trockenfilz-starterset-filges","33":"product_tag-waldorf-bastelbedarf-de","34":"product_tag-waldorf-bastelmaterial","35":"product_tag-waldorf-bedarf","36":"product_tag-waldorf-filzwolle","37":"product_tag-waldorf-wolle","39":"first","40":"outofstock","41":"taxable","42":"shipping-taxable","43":"purchasable","44":"product-type-simple"},"yoast_head":"<!-- This site is optimized with the Yoast SEO plugin v27.3 - https:\/\/yoast.com\/product\/yoast-seo-wordpress\/ -->\n<title>Bio-Filzkugel-Set - Filges<\/title>\n<meta name=\"description\" content=\"Das Filges-Kit mit 100% pflanzengef\u00e4rbter Wolle in verschiedenen Farben ist ein guter Einstieg ins Nassfilzen und ergibt bis zu 7 Filzkugeln.\" \/>\n<meta name=\"robots\" content=\"index, follow, max-snippet:-1, max-image-preview:large, max-video-preview:-1\" \/>\n<link rel=\"canonical\" href=\"https:\/\/teiaeducation.ch\/de\/produkt\/bio-filzkugel-set-filges\/\" \/>\n<meta property=\"og:locale\" content=\"de_DE\" \/>\n<meta property=\"og:type\" content=\"article\" \/>\n<meta property=\"og:title\" content=\"Bio-Filzkugel-Set - Filges\" \/>\n<meta property=\"og:description\" content=\"Das Filges-Kit mit 100% pflanzengef\u00e4rbter Wolle in verschiedenen Farben ist ein guter Einstieg ins Nassfilzen und ergibt bis zu 7 Filzkugeln.\" \/>\n<meta property=\"og:url\" content=\"https:\/\/teiaeducation.ch\/de\/produkt\/bio-filzkugel-set-filges\/\" \/>\n<meta property=\"og:site_name\" content=\"Sustainable Educational Products &amp; Ecological Toys\u00a0\" \/>\n<meta property=\"article:publisher\" content=\"https:\/\/www.facebook.com\/teiaeducation\/\" \/>\n<meta property=\"article:modified_time\" content=\"2024-04-11T12:12:55+00:00\" \/>\n<meta property=\"og:image\" content=\"https:\/\/teiaeducation.ch\/wp-content\/uploads\/2022\/05\/Filges-make-your-own-organic-wool-felt-ball-kit-1-1.jpg\" \/>\n\t<meta property=\"og:image:width\" content=\"900\" \/>\n\t<meta property=\"og:image:height\" content=\"988\" \/>\n\t<meta property=\"og:image:type\" content=\"image\/jpeg\" \/>\n<script type=\"application\/ld+json\" class=\"yoast-schema-graph\">{\"@context\":\"https:\\\/\\\/schema.org\",\"@graph\":[{\"@type\":\"WebPage\",\"@id\":\"https:\\\/\\\/teiaeducation.ch\\\/de\\\/produkt\\\/bio-filzkugel-set-filges\\\/\",\"url\":\"https:\\\/\\\/teiaeducation.ch\\\/de\\\/produkt\\\/bio-filzkugel-set-filges\\\/\",\"name\":\"Bio-Filzkugel-Set - Filges\",\"isPartOf\":{\"@id\":\"https:\\\/\\\/teiaeducation.ch\\\/de\\\/#website\"},\"primaryImageOfPage\":{\"@id\":\"https:\\\/\\\/teiaeducation.ch\\\/de\\\/produkt\\\/bio-filzkugel-set-filges\\\/#primaryimage\"},\"image\":{\"@id\":\"https:\\\/\\\/teiaeducation.ch\\\/de\\\/produkt\\\/bio-filzkugel-set-filges\\\/#primaryimage\"},\"thumbnailUrl\":\"https:\\\/\\\/teiaeducation.ch\\\/wp-content\\\/uploads\\\/2022\\\/05\\\/Filges-make-your-own-organic-wool-felt-ball-kit-1-1.jpg\",\"datePublished\":\"2022-05-12T13:10:39+00:00\",\"dateModified\":\"2024-04-11T12:12:55+00:00\",\"description\":\"Das Filges-Kit mit 100% pflanzengef\u00e4rbter Wolle in verschiedenen Farben ist ein guter Einstieg ins Nassfilzen und ergibt bis zu 7 Filzkugeln.\",\"breadcrumb\":{\"@id\":\"https:\\\/\\\/teiaeducation.ch\\\/de\\\/produkt\\\/bio-filzkugel-set-filges\\\/#breadcrumb\"},\"inLanguage\":\"de-CH\",\"potentialAction\":[{\"@type\":\"ReadAction\",\"target\":[\"https:\\\/\\\/teiaeducation.ch\\\/de\\\/produkt\\\/bio-filzkugel-set-filges\\\/\"]}]},{\"@type\":\"ImageObject\",\"inLanguage\":\"de-CH\",\"@id\":\"https:\\\/\\\/teiaeducation.ch\\\/de\\\/produkt\\\/bio-filzkugel-set-filges\\\/#primaryimage\",\"url\":\"https:\\\/\\\/teiaeducation.ch\\\/wp-content\\\/uploads\\\/2022\\\/05\\\/Filges-make-your-own-organic-wool-felt-ball-kit-1-1.jpg\",\"contentUrl\":\"https:\\\/\\\/teiaeducation.ch\\\/wp-content\\\/uploads\\\/2022\\\/05\\\/Filges-make-your-own-organic-wool-felt-ball-kit-1-1.jpg\",\"width\":900,\"height\":988,\"caption\":\"Filges machen Sie Ihr eigenes Bio-Filzkugel-Set\"},{\"@type\":\"BreadcrumbList\",\"@id\":\"https:\\\/\\\/teiaeducation.ch\\\/de\\\/produkt\\\/bio-filzkugel-set-filges\\\/#breadcrumb\",\"itemListElement\":[{\"@type\":\"ListItem\",\"position\":1,\"name\":\"Home\",\"item\":\"https:\\\/\\\/teiaeducation.ch\\\/de\\\/\"},{\"@type\":\"ListItem\",\"position\":2,\"name\":\"Laden\",\"item\":\"https:\\\/\\\/teiaeducation.ch\\\/de\\\/shop\\\/\"},{\"@type\":\"ListItem\",\"position\":3,\"name\":\"Unsere Marken\",\"item\":\"https:\\\/\\\/teiaeducation.ch\\\/de\\\/produkt-kategorie\\\/unsere-marken\\\/\"},{\"@type\":\"ListItem\",\"position\":4,\"name\":\"Filges\",\"item\":\"https:\\\/\\\/teiaeducation.ch\\\/de\\\/produkt-kategorie\\\/unsere-marken\\\/filges-de\\\/\"},{\"@type\":\"ListItem\",\"position\":5,\"name\":\"Bio-Filzkugel-Set &#8211; Filges\"}]},{\"@type\":\"WebSite\",\"@id\":\"https:\\\/\\\/teiaeducation.ch\\\/de\\\/#website\",\"url\":\"https:\\\/\\\/teiaeducation.ch\\\/de\\\/\",\"name\":\"Sustainable Educational Products &amp; Ecological Toys\u00a0\",\"description\":\"Specialised Swiss shop selling sustainable educational toys and games, AMI certified Montessori materials, handmade ecological wooden Waldorf toys and arts &amp; crafts supplies, school supplies, children&#039;s furniture and Montessori reference and parenting books.\",\"publisher\":{\"@id\":\"https:\\\/\\\/teiaeducation.ch\\\/de\\\/#organization\"},\"alternateName\":\"Teia Education & Play\",\"potentialAction\":[{\"@type\":\"SearchAction\",\"target\":{\"@type\":\"EntryPoint\",\"urlTemplate\":\"https:\\\/\\\/teiaeducation.ch\\\/de\\\/?s={search_term_string}\"},\"query-input\":{\"@type\":\"PropertyValueSpecification\",\"valueRequired\":true,\"valueName\":\"search_term_string\"}}],\"inLanguage\":\"de-CH\"},{\"@type\":\"Organization\",\"@id\":\"https:\\\/\\\/teiaeducation.ch\\\/de\\\/#organization\",\"name\":\"Teia Education & Play\",\"url\":\"https:\\\/\\\/teiaeducation.ch\\\/de\\\/\",\"logo\":{\"@type\":\"ImageObject\",\"inLanguage\":\"de-CH\",\"@id\":\"https:\\\/\\\/teiaeducation.ch\\\/de\\\/#\\\/schema\\\/logo\\\/image\\\/\",\"url\":\"https:\\\/\\\/teiaeducation.ch\\\/wp-content\\\/uploads\\\/2020\\\/11\\\/Teia-Education-Switzerland-e1620156442216.jpg\",\"contentUrl\":\"https:\\\/\\\/teiaeducation.ch\\\/wp-content\\\/uploads\\\/2020\\\/11\\\/Teia-Education-Switzerland-e1620156442216.jpg\",\"width\":166,\"height\":145,\"caption\":\"Teia Education & Play\"},\"image\":{\"@id\":\"https:\\\/\\\/teiaeducation.ch\\\/de\\\/#\\\/schema\\\/logo\\\/image\\\/\"},\"sameAs\":[\"https:\\\/\\\/www.facebook.com\\\/teiaeducation\\\/\",\"https:\\\/\\\/x.com\\\/EducationTeia\",\"https:\\\/\\\/www.instagram.com\\\/teia.education\\\/\",\"https:\\\/\\\/www.linkedin.com\\\/company\\\/35501660\",\"https:\\\/\\\/www.pinterest.ch\\\/TeiaEducation\\\/\"]}]}<\/script>\n<!-- \/ Yoast SEO plugin. -->","yoast_head_json":{"title":"Bio-Filzkugel-Set - Filges","description":"Das Filges-Kit mit 100% pflanzengef\u00e4rbter Wolle in verschiedenen Farben ist ein guter Einstieg ins Nassfilzen und ergibt bis zu 7 Filzkugeln.","robots":{"index":"index","follow":"follow","max-snippet":"max-snippet:-1","max-image-preview":"max-image-preview:large","max-video-preview":"max-video-preview:-1"},"canonical":"https:\/\/teiaeducation.ch\/de\/produkt\/bio-filzkugel-set-filges\/","og_locale":"de_DE","og_type":"article","og_title":"Bio-Filzkugel-Set - Filges","og_description":"Das Filges-Kit mit 100% pflanzengef\u00e4rbter Wolle in verschiedenen Farben ist ein guter Einstieg ins Nassfilzen und ergibt bis zu 7 Filzkugeln.","og_url":"https:\/\/teiaeducation.ch\/de\/produkt\/bio-filzkugel-set-filges\/","og_site_name":"Sustainable Educational Products &amp; Ecological Toys\u00a0","article_publisher":"https:\/\/www.facebook.com\/teiaeducation\/","article_modified_time":"2024-04-11T12:12:55+00:00","og_image":[{"width":900,"height":988,"url":"https:\/\/teiaeducation.ch\/wp-content\/uploads\/2022\/05\/Filges-make-your-own-organic-wool-felt-ball-kit-1-1.jpg","type":"image\/jpeg"}],"schema":{"@context":"https:\/\/schema.org","@graph":[{"@type":"WebPage","@id":"https:\/\/teiaeducation.ch\/de\/produkt\/bio-filzkugel-set-filges\/","url":"https:\/\/teiaeducation.ch\/de\/produkt\/bio-filzkugel-set-filges\/","name":"Bio-Filzkugel-Set - Filges","isPartOf":{"@id":"https:\/\/teiaeducation.ch\/de\/#website"},"primaryImageOfPage":{"@id":"https:\/\/teiaeducation.ch\/de\/produkt\/bio-filzkugel-set-filges\/#primaryimage"},"image":{"@id":"https:\/\/teiaeducation.ch\/de\/produkt\/bio-filzkugel-set-filges\/#primaryimage"},"thumbnailUrl":"https:\/\/teiaeducation.ch\/wp-content\/uploads\/2022\/05\/Filges-make-your-own-organic-wool-felt-ball-kit-1-1.jpg","datePublished":"2022-05-12T13:10:39+00:00","dateModified":"2024-04-11T12:12:55+00:00","description":"Das Filges-Kit mit 100% pflanzengef\u00e4rbter Wolle in verschiedenen Farben ist ein guter Einstieg ins Nassfilzen und ergibt bis zu 7 Filzkugeln.","breadcrumb":{"@id":"https:\/\/teiaeducation.ch\/de\/produkt\/bio-filzkugel-set-filges\/#breadcrumb"},"inLanguage":"de-CH","potentialAction":[{"@type":"ReadAction","target":["https:\/\/teiaeducation.ch\/de\/produkt\/bio-filzkugel-set-filges\/"]}]},{"@type":"ImageObject","inLanguage":"de-CH","@id":"https:\/\/teiaeducation.ch\/de\/produkt\/bio-filzkugel-set-filges\/#primaryimage","url":"https:\/\/teiaeducation.ch\/wp-content\/uploads\/2022\/05\/Filges-make-your-own-organic-wool-felt-ball-kit-1-1.jpg","contentUrl":"https:\/\/teiaeducation.ch\/wp-content\/uploads\/2022\/05\/Filges-make-your-own-organic-wool-felt-ball-kit-1-1.jpg","width":900,"height":988,"caption":"Filges machen Sie Ihr eigenes Bio-Filzkugel-Set"},{"@type":"BreadcrumbList","@id":"https:\/\/teiaeducation.ch\/de\/produkt\/bio-filzkugel-set-filges\/#breadcrumb","itemListElement":[{"@type":"ListItem","position":1,"name":"Home","item":"https:\/\/teiaeducation.ch\/de\/"},{"@type":"ListItem","position":2,"name":"Laden","item":"https:\/\/teiaeducation.ch\/de\/shop\/"},{"@type":"ListItem","position":3,"name":"Unsere Marken","item":"https:\/\/teiaeducation.ch\/de\/produkt-kategorie\/unsere-marken\/"},{"@type":"ListItem","position":4,"name":"Filges","item":"https:\/\/teiaeducation.ch\/de\/produkt-kategorie\/unsere-marken\/filges-de\/"},{"@type":"ListItem","position":5,"name":"Bio-Filzkugel-Set &#8211; Filges"}]},{"@type":"WebSite","@id":"https:\/\/teiaeducation.ch\/de\/#website","url":"https:\/\/teiaeducation.ch\/de\/","name":"Sustainable Educational Products &amp; Ecological Toys\u00a0","description":"Specialised Swiss shop selling sustainable educational toys and games, AMI certified Montessori materials, handmade ecological wooden Waldorf toys and arts &amp; crafts supplies, school supplies, children&#039;s furniture and Montessori reference and parenting books.","publisher":{"@id":"https:\/\/teiaeducation.ch\/de\/#organization"},"alternateName":"Teia Education & Play","potentialAction":[{"@type":"SearchAction","target":{"@type":"EntryPoint","urlTemplate":"https:\/\/teiaeducation.ch\/de\/?s={search_term_string}"},"query-input":{"@type":"PropertyValueSpecification","valueRequired":true,"valueName":"search_term_string"}}],"inLanguage":"de-CH"},{"@type":"Organization","@id":"https:\/\/teiaeducation.ch\/de\/#organization","name":"Teia Education & Play","url":"https:\/\/teiaeducation.ch\/de\/","logo":{"@type":"ImageObject","inLanguage":"de-CH","@id":"https:\/\/teiaeducation.ch\/de\/#\/schema\/logo\/image\/","url":"https:\/\/teiaeducation.ch\/wp-content\/uploads\/2020\/11\/Teia-Education-Switzerland-e1620156442216.jpg","contentUrl":"https:\/\/teiaeducation.ch\/wp-content\/uploads\/2020\/11\/Teia-Education-Switzerland-e1620156442216.jpg","width":166,"height":145,"caption":"Teia Education & Play"},"image":{"@id":"https:\/\/teiaeducation.ch\/de\/#\/schema\/logo\/image\/"},"sameAs":["https:\/\/www.facebook.com\/teiaeducation\/","https:\/\/x.com\/EducationTeia","https:\/\/www.instagram.com\/teia.education\/","https:\/\/www.linkedin.com\/company\/35501660","https:\/\/www.pinterest.ch\/TeiaEducation\/"]}]}},"_links":{"self":[{"href":"https:\/\/teiaeducation.ch\/de\/wp-json\/wp\/v2\/product\/59932","targetHints":{"allow":["GET"]}}],"collection":[{"href":"https:\/\/teiaeducation.ch\/de\/wp-json\/wp\/v2\/product"}],"about":[{"href":"https:\/\/teiaeducation.ch\/de\/wp-json\/wp\/v2\/types\/product"}],"replies":[{"embeddable":true,"href":"https:\/\/teiaeducation.ch\/de\/wp-json\/wp\/v2\/comments?post=59932"}],"wp:featuredmedia":[{"embeddable":true,"href":"https:\/\/teiaeducation.ch\/de\/wp-json\/wp\/v2\/media\/47792"}],"wp:attachment":[{"href":"https:\/\/teiaeducation.ch\/de\/wp-json\/wp\/v2\/media?parent=59932"}],"wp:term":[{"taxonomy":"product_brand","embeddable":true,"href":"https:\/\/teiaeducation.ch\/de\/wp-json\/wp\/v2\/product_brand?post=59932"},{"taxonomy":"product_cat","embeddable":true,"href":"https:\/\/teiaeducation.ch\/de\/wp-json\/wp\/v2\/product_cat?post=59932"},{"taxonomy":"product_tag","embeddable":true,"href":"https:\/\/teiaeducation.ch\/de\/wp-json\/wp\/v2\/product_tag?post=59932"}],"curies":[{"name":"wp","href":"https:\/\/api.w.org\/{rel}","templated":true}]}}