{"id":59937,"date":"2022-05-12T13:55:47","date_gmt":"2022-05-12T11:55:47","guid":{"rendered":"https:\/\/teiaeducation.ch\/product\/pflanzengefaerbte-maerchenfilzwolle-10-regenbogenfarben-100g-filges\/"},"modified":"2024-12-08T11:33:17","modified_gmt":"2024-12-08T10:33:17","slug":"pflanzengefaerbte-maerchenfilzwolle-10-regenbogenfarben-100g-filges","status":"publish","type":"product","link":"https:\/\/teiaeducation.ch\/de\/produkt\/pflanzengefaerbte-maerchenfilzwolle-10-regenbogenfarben-100g-filges\/","title":{"rendered":"Pflanzengef\u00e4rbte M\u00e4rchenfilzwolle 10 Regenbogenfarben 100g &#8211; Filges"},"content":{"rendered":"<p>Die Filges pflanzengef\u00e4rbte M\u00e4rchenfilzwolle in 10 Regenbogenfarben ist reine Bio-Bioland-Schurwolle in feinster Qualit\u00e4t zum <a href=\"https:\/\/teiaeducation.ch\/product-category\/creative-art-craft\/felting\/\">Filzen<\/a> und perfekt f\u00fcr Ihre Waldorfbasteleien in der Schule und zu Hause!<\/p>\n<p>Diese sch\u00f6ne, feine, langfaserige, gek\u00e4mmte Wolle wurde auf nat\u00fcrliche Weise in 10 wundersch\u00f6nen, von Waldorf inspirierten Farben des Regenbogens gef\u00e4rbt. Dieses herrlich weiche, nat\u00fcrliche Wollsortiment eignet sich ideal zum Nass- oder Trockenfilzen und enth\u00e4lt alle Farben, die Sie f\u00fcr die Herstellung von Filztieren, M\u00e4rchenfiguren, Waldorfpuppen und vielem mehr ben\u00f6tigen.<\/p>\n<p>Die Filges pflanzengef\u00e4rbte M\u00e4rchenfilzwolle in 10 Farben ist pflanzengef\u00e4rbt und wird in Deutschland ohne Einsatz von Chemikalien nach traditionellen handwerklichen Methoden hergestellt. Es sind insgesamt 100 g pflanzengef\u00e4rbte Schurwolle enthalten.<\/p>\n<p>Filges Wolle ist reine Bio-Schurwolle, die zu 100% den strengen Richtlinien von Bioland entspricht. Filges Wolle ist sehr langlebig, umweltfreundlich und sicher, ohne den Einsatz von Chemikalien hergestellt.<\/p>\n<p>Filges ist eine kleine deutsche Familienmarke, die sich auf feinste, pflanzlich gef\u00e4rbte Wolle und Seide in traditioneller, handwerklicher Verarbeitung spezialisiert hat.<\/p>\n<p>Filges ist ein Bioland-zertifizierter Hersteller von Schafwolle. Als Mitglied des IVN (Internationaler Verband der Naturtextilwirtschaft) stammt die Wolle von Filges ausschlie\u00dflich von zertifizierten Bio-Schafen aus Deutschland. Die Farbstoffe von Filges sind auf pflanzlicher Basis und die Produktion ist nachhaltig, \u00f6kologisch und emissionsfrei.<\/p>\n<p>Inhalt:<\/p>\n<p>100 g pflanzengef\u00e4rbte Schurwolle in 10 verschiedenen Farben.<\/p>\n","protected":false},"excerpt":{"rendered":"<p>Artikelnummer: <span data-sheets-value=\"{\"1\":2,\"2\":\"35325100\"}\" data-sheets-userformat=\"{\"2\":4291,\"3\":{\"1\":1},\"4\":{\"1\":2,\"2\":16777215},\"9\":0,\"10\":2,\"15\":\"Lato\"}\">35325100<\/span><\/p>\n<p>Die Filges pflanzengef\u00e4rbte M\u00e4rchenfilzwolle in 10 Waldorf-Farben ist eine hochwertige Bioland-Schurwolle f\u00fcr Nass- und Trockenfilzarbeiten.<\/p>\n","protected":false},"featured_media":47807,"comment_status":"open","ping_status":"closed","template":"","meta":[],"product_brand":[],"product_cat":[21479,21465,21627,21452,21447,22349,21563,21564,21483,22363],"product_tag":[28760,28758,28759,27841,27849,28761,28762,27871,27842,28763],"class_list":{"0":"post-59937","1":"product","2":"type-product","3":"status-publish","4":"has-post-thumbnail","6":"product_cat-lernmaterialien-spielzeug-montessori-waldorf-steiner-froebel","7":"product_cat-feier-festlichkeiten","8":"product_cat-filges-de","9":"product_cat-filzen","10":"product_cat-malen-basteln","11":"product_cat-natur-saisonale-tische-de","12":"product_cat-neuheiten","13":"product_cat-unsere-marken","14":"product_cat-waldorf-steiner-paedagogik","15":"product_cat-winter-kollektion","16":"product_tag-biologische-filzwolle","17":"product_tag-filges-filzwolle","18":"product_tag-filges-wollschweiz","19":"product_tag-marchenwolle-pflanzengefarbt","20":"product_tag-naturliche-filzwolle","21":"product_tag-waldorf-bastelbedarf-de","22":"product_tag-waldorf-bastelmaterial","23":"product_tag-waldorf-bedarf","24":"product_tag-waldorf-filzwolle","25":"product_tag-waldorf-wolle","27":"first","28":"outofstock","29":"taxable","30":"shipping-taxable","31":"purchasable","32":"product-type-simple"},"yoast_head":"<!-- This site is optimized with the Yoast SEO plugin v27.1.1 - https:\/\/yoast.com\/product\/yoast-seo-wordpress\/ -->\n<title>Pflanzengef\u00e4rbte M\u00e4rchenfilzwolle 10 Regenbogenfarben 100g - Filges<\/title>\n<meta name=\"description\" content=\"Die Filges pflanzengef\u00e4rbte M\u00e4rchenfilzwolle in 10 Waldorf-Farben ist eine hochwertige Bioland-Schurwolle zum Nass- und Trockenfilzen.\" \/>\n<meta name=\"robots\" content=\"index, follow, max-snippet:-1, max-image-preview:large, max-video-preview:-1\" \/>\n<link rel=\"canonical\" href=\"https:\/\/teiaeducation.ch\/de\/produkt\/pflanzengefaerbte-maerchenfilzwolle-10-regenbogenfarben-100g-filges\/\" \/>\n<meta property=\"og:locale\" content=\"de_DE\" \/>\n<meta property=\"og:type\" content=\"article\" \/>\n<meta property=\"og:title\" content=\"Pflanzengef\u00e4rbte M\u00e4rchenfilzwolle 10 Regenbogenfarben 100g - Filges\" \/>\n<meta property=\"og:description\" content=\"Die Filges pflanzengef\u00e4rbte M\u00e4rchenfilzwolle in 10 Waldorf-Farben ist eine hochwertige Bioland-Schurwolle zum Nass- und Trockenfilzen.\" \/>\n<meta property=\"og:url\" content=\"https:\/\/teiaeducation.ch\/de\/produkt\/pflanzengefaerbte-maerchenfilzwolle-10-regenbogenfarben-100g-filges\/\" \/>\n<meta property=\"og:site_name\" content=\"Sustainable Educational Products &amp; Ecological Toys\u00a0\" \/>\n<meta property=\"article:publisher\" content=\"https:\/\/www.facebook.com\/teiaeducation\/\" \/>\n<meta property=\"article:modified_time\" content=\"2024-12-08T10:33:17+00:00\" \/>\n<meta property=\"og:image\" content=\"https:\/\/teiaeducation.ch\/wp-content\/uploads\/2022\/05\/Filges-Plant-dyed-fairytale-felting-wool-10-rainbow-colours-100g.jpg\" \/>\n\t<meta property=\"og:image:width\" content=\"900\" \/>\n\t<meta property=\"og:image:height\" content=\"882\" \/>\n\t<meta property=\"og:image:type\" content=\"image\/jpeg\" \/>\n<script type=\"application\/ld+json\" class=\"yoast-schema-graph\">{\"@context\":\"https:\/\/schema.org\",\"@graph\":[{\"@type\":\"WebPage\",\"@id\":\"https:\/\/teiaeducation.ch\/de\/produkt\/pflanzengefaerbte-maerchenfilzwolle-10-regenbogenfarben-100g-filges\/\",\"url\":\"https:\/\/teiaeducation.ch\/de\/produkt\/pflanzengefaerbte-maerchenfilzwolle-10-regenbogenfarben-100g-filges\/\",\"name\":\"Pflanzengef\u00e4rbte M\u00e4rchenfilzwolle 10 Regenbogenfarben 100g - Filges\",\"isPartOf\":{\"@id\":\"https:\/\/teiaeducation.ch\/de\/#website\"},\"primaryImageOfPage\":{\"@id\":\"https:\/\/teiaeducation.ch\/de\/produkt\/pflanzengefaerbte-maerchenfilzwolle-10-regenbogenfarben-100g-filges\/#primaryimage\"},\"image\":{\"@id\":\"https:\/\/teiaeducation.ch\/de\/produkt\/pflanzengefaerbte-maerchenfilzwolle-10-regenbogenfarben-100g-filges\/#primaryimage\"},\"thumbnailUrl\":\"https:\/\/teiaeducation.ch\/wp-content\/uploads\/2022\/05\/Filges-Plant-dyed-fairytale-felting-wool-10-rainbow-colours-100g.jpg\",\"datePublished\":\"2022-05-12T11:55:47+00:00\",\"dateModified\":\"2024-12-08T10:33:17+00:00\",\"description\":\"Die Filges pflanzengef\u00e4rbte M\u00e4rchenfilzwolle in 10 Waldorf-Farben ist eine hochwertige Bioland-Schurwolle zum Nass- und Trockenfilzen.\",\"breadcrumb\":{\"@id\":\"https:\/\/teiaeducation.ch\/de\/produkt\/pflanzengefaerbte-maerchenfilzwolle-10-regenbogenfarben-100g-filges\/#breadcrumb\"},\"inLanguage\":\"de-CH\",\"potentialAction\":[{\"@type\":\"ReadAction\",\"target\":[\"https:\/\/teiaeducation.ch\/de\/produkt\/pflanzengefaerbte-maerchenfilzwolle-10-regenbogenfarben-100g-filges\/\"]}]},{\"@type\":\"ImageObject\",\"inLanguage\":\"de-CH\",\"@id\":\"https:\/\/teiaeducation.ch\/de\/produkt\/pflanzengefaerbte-maerchenfilzwolle-10-regenbogenfarben-100g-filges\/#primaryimage\",\"url\":\"https:\/\/teiaeducation.ch\/wp-content\/uploads\/2022\/05\/Filges-Plant-dyed-fairytale-felting-wool-10-rainbow-colours-100g.jpg\",\"contentUrl\":\"https:\/\/teiaeducation.ch\/wp-content\/uploads\/2022\/05\/Filges-Plant-dyed-fairytale-felting-wool-10-rainbow-colours-100g.jpg\",\"width\":900,\"height\":882,\"caption\":\"Filges Pflanzengef\u00e4rbte M\u00e4rchenfilzwolle 10 Regenbogenfarben 100g\"},{\"@type\":\"BreadcrumbList\",\"@id\":\"https:\/\/teiaeducation.ch\/de\/produkt\/pflanzengefaerbte-maerchenfilzwolle-10-regenbogenfarben-100g-filges\/#breadcrumb\",\"itemListElement\":[{\"@type\":\"ListItem\",\"position\":1,\"name\":\"Home\",\"item\":\"https:\/\/teiaeducation.ch\/de\/\"},{\"@type\":\"ListItem\",\"position\":2,\"name\":\"Laden\",\"item\":\"https:\/\/teiaeducation.ch\/de\/shop\/\"},{\"@type\":\"ListItem\",\"position\":3,\"name\":\"Unsere Marken\",\"item\":\"https:\/\/teiaeducation.ch\/de\/produkt-kategorie\/unsere-marken\/\"},{\"@type\":\"ListItem\",\"position\":4,\"name\":\"Filges\",\"item\":\"https:\/\/teiaeducation.ch\/de\/produkt-kategorie\/unsere-marken\/filges-de\/\"},{\"@type\":\"ListItem\",\"position\":5,\"name\":\"Pflanzengef\u00e4rbte M\u00e4rchenfilzwolle 10 Regenbogenfarben 100g &#8211; Filges\"}]},{\"@type\":\"WebSite\",\"@id\":\"https:\/\/teiaeducation.ch\/de\/#website\",\"url\":\"https:\/\/teiaeducation.ch\/de\/\",\"name\":\"Sustainable Educational Products &amp; Ecological Toys\u00a0\",\"description\":\"Specialised Swiss shop selling sustainable educational toys and games, AMI certified Montessori materials, handmade ecological wooden Waldorf toys and arts &amp; crafts supplies, school supplies, children&#039;s furniture and Montessori reference and parenting books.\",\"publisher\":{\"@id\":\"https:\/\/teiaeducation.ch\/de\/#organization\"},\"alternateName\":\"Teia Education & Play\",\"potentialAction\":[{\"@type\":\"SearchAction\",\"target\":{\"@type\":\"EntryPoint\",\"urlTemplate\":\"https:\/\/teiaeducation.ch\/de\/?s={search_term_string}\"},\"query-input\":{\"@type\":\"PropertyValueSpecification\",\"valueRequired\":true,\"valueName\":\"search_term_string\"}}],\"inLanguage\":\"de-CH\"},{\"@type\":\"Organization\",\"@id\":\"https:\/\/teiaeducation.ch\/de\/#organization\",\"name\":\"Teia Education & Play\",\"url\":\"https:\/\/teiaeducation.ch\/de\/\",\"logo\":{\"@type\":\"ImageObject\",\"inLanguage\":\"de-CH\",\"@id\":\"https:\/\/teiaeducation.ch\/de\/#\/schema\/logo\/image\/\",\"url\":\"https:\/\/teiaeducation.ch\/wp-content\/uploads\/2020\/11\/Teia-Education-Switzerland-e1620156442216.jpg\",\"contentUrl\":\"https:\/\/teiaeducation.ch\/wp-content\/uploads\/2020\/11\/Teia-Education-Switzerland-e1620156442216.jpg\",\"width\":166,\"height\":145,\"caption\":\"Teia Education & Play\"},\"image\":{\"@id\":\"https:\/\/teiaeducation.ch\/de\/#\/schema\/logo\/image\/\"},\"sameAs\":[\"https:\/\/www.facebook.com\/teiaeducation\/\",\"https:\/\/x.com\/EducationTeia\",\"https:\/\/www.instagram.com\/teia.education\/\",\"https:\/\/www.linkedin.com\/company\/35501660\",\"https:\/\/www.pinterest.ch\/TeiaEducation\/\"]}]}<\/script>\n<!-- \/ Yoast SEO plugin. -->","yoast_head_json":{"title":"Pflanzengef\u00e4rbte M\u00e4rchenfilzwolle 10 Regenbogenfarben 100g - Filges","description":"Die Filges pflanzengef\u00e4rbte M\u00e4rchenfilzwolle in 10 Waldorf-Farben ist eine hochwertige Bioland-Schurwolle zum Nass- und Trockenfilzen.","robots":{"index":"index","follow":"follow","max-snippet":"max-snippet:-1","max-image-preview":"max-image-preview:large","max-video-preview":"max-video-preview:-1"},"canonical":"https:\/\/teiaeducation.ch\/de\/produkt\/pflanzengefaerbte-maerchenfilzwolle-10-regenbogenfarben-100g-filges\/","og_locale":"de_DE","og_type":"article","og_title":"Pflanzengef\u00e4rbte M\u00e4rchenfilzwolle 10 Regenbogenfarben 100g - Filges","og_description":"Die Filges pflanzengef\u00e4rbte M\u00e4rchenfilzwolle in 10 Waldorf-Farben ist eine hochwertige Bioland-Schurwolle zum Nass- und Trockenfilzen.","og_url":"https:\/\/teiaeducation.ch\/de\/produkt\/pflanzengefaerbte-maerchenfilzwolle-10-regenbogenfarben-100g-filges\/","og_site_name":"Sustainable Educational Products &amp; Ecological Toys\u00a0","article_publisher":"https:\/\/www.facebook.com\/teiaeducation\/","article_modified_time":"2024-12-08T10:33:17+00:00","og_image":[{"width":900,"height":882,"url":"https:\/\/teiaeducation.ch\/wp-content\/uploads\/2022\/05\/Filges-Plant-dyed-fairytale-felting-wool-10-rainbow-colours-100g.jpg","type":"image\/jpeg"}],"schema":{"@context":"https:\/\/schema.org","@graph":[{"@type":"WebPage","@id":"https:\/\/teiaeducation.ch\/de\/produkt\/pflanzengefaerbte-maerchenfilzwolle-10-regenbogenfarben-100g-filges\/","url":"https:\/\/teiaeducation.ch\/de\/produkt\/pflanzengefaerbte-maerchenfilzwolle-10-regenbogenfarben-100g-filges\/","name":"Pflanzengef\u00e4rbte M\u00e4rchenfilzwolle 10 Regenbogenfarben 100g - Filges","isPartOf":{"@id":"https:\/\/teiaeducation.ch\/de\/#website"},"primaryImageOfPage":{"@id":"https:\/\/teiaeducation.ch\/de\/produkt\/pflanzengefaerbte-maerchenfilzwolle-10-regenbogenfarben-100g-filges\/#primaryimage"},"image":{"@id":"https:\/\/teiaeducation.ch\/de\/produkt\/pflanzengefaerbte-maerchenfilzwolle-10-regenbogenfarben-100g-filges\/#primaryimage"},"thumbnailUrl":"https:\/\/teiaeducation.ch\/wp-content\/uploads\/2022\/05\/Filges-Plant-dyed-fairytale-felting-wool-10-rainbow-colours-100g.jpg","datePublished":"2022-05-12T11:55:47+00:00","dateModified":"2024-12-08T10:33:17+00:00","description":"Die Filges pflanzengef\u00e4rbte M\u00e4rchenfilzwolle in 10 Waldorf-Farben ist eine hochwertige Bioland-Schurwolle zum Nass- und Trockenfilzen.","breadcrumb":{"@id":"https:\/\/teiaeducation.ch\/de\/produkt\/pflanzengefaerbte-maerchenfilzwolle-10-regenbogenfarben-100g-filges\/#breadcrumb"},"inLanguage":"de-CH","potentialAction":[{"@type":"ReadAction","target":["https:\/\/teiaeducation.ch\/de\/produkt\/pflanzengefaerbte-maerchenfilzwolle-10-regenbogenfarben-100g-filges\/"]}]},{"@type":"ImageObject","inLanguage":"de-CH","@id":"https:\/\/teiaeducation.ch\/de\/produkt\/pflanzengefaerbte-maerchenfilzwolle-10-regenbogenfarben-100g-filges\/#primaryimage","url":"https:\/\/teiaeducation.ch\/wp-content\/uploads\/2022\/05\/Filges-Plant-dyed-fairytale-felting-wool-10-rainbow-colours-100g.jpg","contentUrl":"https:\/\/teiaeducation.ch\/wp-content\/uploads\/2022\/05\/Filges-Plant-dyed-fairytale-felting-wool-10-rainbow-colours-100g.jpg","width":900,"height":882,"caption":"Filges Pflanzengef\u00e4rbte M\u00e4rchenfilzwolle 10 Regenbogenfarben 100g"},{"@type":"BreadcrumbList","@id":"https:\/\/teiaeducation.ch\/de\/produkt\/pflanzengefaerbte-maerchenfilzwolle-10-regenbogenfarben-100g-filges\/#breadcrumb","itemListElement":[{"@type":"ListItem","position":1,"name":"Home","item":"https:\/\/teiaeducation.ch\/de\/"},{"@type":"ListItem","position":2,"name":"Laden","item":"https:\/\/teiaeducation.ch\/de\/shop\/"},{"@type":"ListItem","position":3,"name":"Unsere Marken","item":"https:\/\/teiaeducation.ch\/de\/produkt-kategorie\/unsere-marken\/"},{"@type":"ListItem","position":4,"name":"Filges","item":"https:\/\/teiaeducation.ch\/de\/produkt-kategorie\/unsere-marken\/filges-de\/"},{"@type":"ListItem","position":5,"name":"Pflanzengef\u00e4rbte M\u00e4rchenfilzwolle 10 Regenbogenfarben 100g &#8211; Filges"}]},{"@type":"WebSite","@id":"https:\/\/teiaeducation.ch\/de\/#website","url":"https:\/\/teiaeducation.ch\/de\/","name":"Sustainable Educational Products &amp; Ecological Toys\u00a0","description":"Specialised Swiss shop selling sustainable educational toys and games, AMI certified Montessori materials, handmade ecological wooden Waldorf toys and arts &amp; crafts supplies, school supplies, children&#039;s furniture and Montessori reference and parenting books.","publisher":{"@id":"https:\/\/teiaeducation.ch\/de\/#organization"},"alternateName":"Teia Education & Play","potentialAction":[{"@type":"SearchAction","target":{"@type":"EntryPoint","urlTemplate":"https:\/\/teiaeducation.ch\/de\/?s={search_term_string}"},"query-input":{"@type":"PropertyValueSpecification","valueRequired":true,"valueName":"search_term_string"}}],"inLanguage":"de-CH"},{"@type":"Organization","@id":"https:\/\/teiaeducation.ch\/de\/#organization","name":"Teia Education & Play","url":"https:\/\/teiaeducation.ch\/de\/","logo":{"@type":"ImageObject","inLanguage":"de-CH","@id":"https:\/\/teiaeducation.ch\/de\/#\/schema\/logo\/image\/","url":"https:\/\/teiaeducation.ch\/wp-content\/uploads\/2020\/11\/Teia-Education-Switzerland-e1620156442216.jpg","contentUrl":"https:\/\/teiaeducation.ch\/wp-content\/uploads\/2020\/11\/Teia-Education-Switzerland-e1620156442216.jpg","width":166,"height":145,"caption":"Teia Education & Play"},"image":{"@id":"https:\/\/teiaeducation.ch\/de\/#\/schema\/logo\/image\/"},"sameAs":["https:\/\/www.facebook.com\/teiaeducation\/","https:\/\/x.com\/EducationTeia","https:\/\/www.instagram.com\/teia.education\/","https:\/\/www.linkedin.com\/company\/35501660","https:\/\/www.pinterest.ch\/TeiaEducation\/"]}]}},"_links":{"self":[{"href":"https:\/\/teiaeducation.ch\/de\/wp-json\/wp\/v2\/product\/59937","targetHints":{"allow":["GET"]}}],"collection":[{"href":"https:\/\/teiaeducation.ch\/de\/wp-json\/wp\/v2\/product"}],"about":[{"href":"https:\/\/teiaeducation.ch\/de\/wp-json\/wp\/v2\/types\/product"}],"replies":[{"embeddable":true,"href":"https:\/\/teiaeducation.ch\/de\/wp-json\/wp\/v2\/comments?post=59937"}],"wp:featuredmedia":[{"embeddable":true,"href":"https:\/\/teiaeducation.ch\/de\/wp-json\/wp\/v2\/media\/47807"}],"wp:attachment":[{"href":"https:\/\/teiaeducation.ch\/de\/wp-json\/wp\/v2\/media?parent=59937"}],"wp:term":[{"taxonomy":"product_brand","embeddable":true,"href":"https:\/\/teiaeducation.ch\/de\/wp-json\/wp\/v2\/product_brand?post=59937"},{"taxonomy":"product_cat","embeddable":true,"href":"https:\/\/teiaeducation.ch\/de\/wp-json\/wp\/v2\/product_cat?post=59937"},{"taxonomy":"product_tag","embeddable":true,"href":"https:\/\/teiaeducation.ch\/de\/wp-json\/wp\/v2\/product_tag?post=59937"}],"curies":[{"name":"wp","href":"https:\/\/api.w.org\/{rel}","templated":true}]}}