{"id":59943,"date":"2021-10-31T14:17:57","date_gmt":"2021-10-31T13:17:57","guid":{"rendered":"https:\/\/teiaeducation.ch\/product\/baumwollstrickgarn-zusaetzliche-farben-filges\/"},"modified":"2024-06-23T08:55:12","modified_gmt":"2024-06-23T06:55:12","slug":"baumwollstrickgarn-zusaetzliche-farben-filges","status":"publish","type":"product","link":"https:\/\/teiaeducation.ch\/de\/produkt\/baumwollstrickgarn-zusaetzliche-farben-filges\/","title":{"rendered":"Baumwollstrickgarn zus\u00e4tzliche Farben &#8211; Filges"},"content":{"rendered":"<p>Baumwollstrickgarn zus\u00e4tzliche Farben &#8211; Filges<\/p>\n<p>Das Filges-Baumwollstrickgarn ist ein lebhaftes Set aus hochwertigem, haltbarem und vielseitigem Garn, das sich perfekt f\u00fcr Fingerstricken, Stricken, H\u00e4keln, Weben, Basteln und andere <a href=\"https:\/\/teiaeducation.ch\/product-category\/education-method\/waldorf\/\">Waldorf<\/a>-Handarbeiten eignet.<\/p>\n<p>Dieses sch\u00f6ne Baumwollstrickgarn wird aus recycelter Baumwolle (92 %) und anderen Naturfasern (elastisch) hergestellt, was es nat\u00fcrlich, nachhaltig und sehr angenehm zu verarbeiten macht. Dieses wunderbare Set enth\u00e4lt 5 Kn\u00e4uel mit je 25 m L\u00e4nge (ca. 200 g) Strick- oder Webgarn in den wundersch\u00f6nen Farben Ecru, Creme, Hellrosa, Rosa und Lila. Die Farben k\u00f6nnen leicht abweichen.<\/p>\n<p>Das Filges-Baumwollstrickgarn wird in Portugal hergestellt.<\/p>\n<p>Filges ist eine kleine deutsche Familienmarke, die sich auf feinste, pflanzlich gef\u00e4rbte Wolle und Seide in traditioneller, handwerklicher Verarbeitung spezialisiert hat.<\/p>\n<p>Filges ist ein Bioland-zertifizierter Hersteller von Schafwolle. Als Mitglied des IVN (Internationaler Verband der Naturtextilwirtschaft) stammt die Wolle von Filges ausschlie\u00dflich von zertifizierten Bio-Schafen aus Deutschland. Die Farbstoffe von Filges sind auf pflanzlicher Basis und die Produktion ist nachhaltig, \u00f6kologisch und emissionsfrei.<\/p>\n<p>Inhalt:<\/p>\n<p>5 x 25 m Baumwollstrickgarn in 5 Farben.<\/p>\n","protected":false},"excerpt":{"rendered":"<p>Artikelnummer: <span data-sheets-value=\"{\"1\":2,\"2\":\"70600050\"}\" data-sheets-userformat=\"{\"2\":4291,\"3\":{\"1\":1},\"4\":{\"1\":2,\"2\":16777215},\"9\":0,\"10\":2,\"15\":\"Arial\"}\">70600060<\/span><\/p>\n<p>Das Filges-Baumwollstrickgarn zus\u00e4tzliche Farben ist ein hochwertiges Garn aus recycelter Baumwolle, das sich perfekt f\u00fcr Fingerstricken, Weben, Stricken und andere Handarbeiten eignet.<\/p>\n","protected":false},"featured_media":59944,"comment_status":"open","ping_status":"closed","template":"","meta":[],"product_brand":[],"product_cat":[21479,21627,21447,21563,21454,21564,21483,21463,22363],"product_tag":[28844,28845,28843,28801,28842,28803,28804,28805,28806,28802,28846,28847],"class_list":{"0":"post-59943","1":"product","2":"type-product","3":"status-publish","4":"has-post-thumbnail","6":"product_cat-lernmaterialien-spielzeug-montessori-waldorf-steiner-froebel","7":"product_cat-filges-de","8":"product_cat-malen-basteln","9":"product_cat-neuheiten","10":"product_cat-stricken","11":"product_cat-unsere-marken","12":"product_cat-waldorf-steiner-paedagogik","13":"product_cat-weben","14":"product_cat-winter-kollektion","15":"product_tag-baumwoll-webgarn","16":"product_tag-baumwoll-webgarn-de","17":"product_tag-baumwollgarn","18":"product_tag-filges-de","19":"product_tag-filges-baumwollstrickgarn","20":"product_tag-fingerstrickgarn","21":"product_tag-fingerstrickgarn-de","22":"product_tag-nachhaltige-handwerksmaterialien","23":"product_tag-nachhaltiges-garn","24":"product_tag-recyceltes-baumwollgarn","25":"product_tag-recyceltes-baumwollgarn-zum-stricken","26":"product_tag-recyceltes-baumwollgarn-zum-weben","28":"first","29":"outofstock","30":"taxable","31":"shipping-taxable","32":"purchasable","33":"product-type-simple"},"yoast_head":"<!-- This site is optimized with the Yoast SEO Premium plugin v25.8 (Yoast SEO v27.4) - https:\/\/yoast.com\/product\/yoast-seo-premium-wordpress\/ -->\n<title>Baumwollstrickgarn zus\u00e4tzliche Farben - Filges<\/title>\n<meta name=\"description\" content=\"Das Filges-Baumwollstrickgarn ist ein hochwertiges Garn aus recycelter Baumwolle, das sich hervorragend zum Stricken, Weben, Stricken und f\u00fcr andere Handarbeiten eignet.\" \/>\n<meta name=\"robots\" content=\"index, follow, max-snippet:-1, max-image-preview:large, max-video-preview:-1\" \/>\n<link rel=\"canonical\" href=\"https:\/\/teiaeducation.ch\/de\/produkt\/baumwollstrickgarn-zusaetzliche-farben-filges\/\" \/>\n<meta property=\"og:locale\" content=\"de_DE\" \/>\n<meta property=\"og:type\" content=\"article\" \/>\n<meta property=\"og:title\" content=\"Baumwollstrickgarn zus\u00e4tzliche Farben - Filges\" \/>\n<meta property=\"og:description\" content=\"Das Filges-Baumwollstrickgarn ist ein hochwertiges Garn aus recycelter Baumwolle, das sich hervorragend zum Stricken, Weben, Stricken und f\u00fcr andere Handarbeiten eignet.\" \/>\n<meta property=\"og:url\" content=\"https:\/\/teiaeducation.ch\/de\/produkt\/baumwollstrickgarn-zusaetzliche-farben-filges\/\" \/>\n<meta property=\"og:site_name\" content=\"Sustainable Educational Products &amp; Ecological Toys\u00a0\" \/>\n<meta property=\"article:publisher\" content=\"https:\/\/www.facebook.com\/teiaeducation\/\" \/>\n<meta property=\"article:modified_time\" content=\"2024-06-23T06:55:12+00:00\" \/>\n<meta property=\"og:image\" content=\"https:\/\/teiaeducation.ch\/wp-content\/uploads\/2021\/10\/Cotton-knitting-thread-additional-colours-Filges.jpg\" \/>\n\t<meta property=\"og:image:width\" content=\"2000\" \/>\n\t<meta property=\"og:image:height\" content=\"1333\" \/>\n\t<meta property=\"og:image:type\" content=\"image\/jpeg\" \/>\n<script type=\"application\/ld+json\" class=\"yoast-schema-graph\">{\"@context\":\"https:\\\/\\\/schema.org\",\"@graph\":[{\"@type\":\"WebPage\",\"@id\":\"https:\\\/\\\/teiaeducation.ch\\\/de\\\/produkt\\\/baumwollstrickgarn-zusaetzliche-farben-filges\\\/\",\"url\":\"https:\\\/\\\/teiaeducation.ch\\\/de\\\/produkt\\\/baumwollstrickgarn-zusaetzliche-farben-filges\\\/\",\"name\":\"Baumwollstrickgarn zus\u00e4tzliche Farben - Filges\",\"isPartOf\":{\"@id\":\"https:\\\/\\\/teiaeducation.ch\\\/de\\\/#website\"},\"primaryImageOfPage\":{\"@id\":\"https:\\\/\\\/teiaeducation.ch\\\/de\\\/produkt\\\/baumwollstrickgarn-zusaetzliche-farben-filges\\\/#primaryimage\"},\"image\":{\"@id\":\"https:\\\/\\\/teiaeducation.ch\\\/de\\\/produkt\\\/baumwollstrickgarn-zusaetzliche-farben-filges\\\/#primaryimage\"},\"thumbnailUrl\":\"https:\\\/\\\/teiaeducation.ch\\\/wp-content\\\/uploads\\\/2021\\\/10\\\/Cotton-knitting-thread-additional-colours-Filges.jpg\",\"datePublished\":\"2021-10-31T13:17:57+00:00\",\"dateModified\":\"2024-06-23T06:55:12+00:00\",\"description\":\"Das Filges-Baumwollstrickgarn ist ein hochwertiges Garn aus recycelter Baumwolle, das sich hervorragend zum Stricken, Weben, Stricken und f\u00fcr andere Handarbeiten eignet.\",\"breadcrumb\":{\"@id\":\"https:\\\/\\\/teiaeducation.ch\\\/de\\\/produkt\\\/baumwollstrickgarn-zusaetzliche-farben-filges\\\/#breadcrumb\"},\"inLanguage\":\"de-CH\",\"potentialAction\":[{\"@type\":\"ReadAction\",\"target\":[\"https:\\\/\\\/teiaeducation.ch\\\/de\\\/produkt\\\/baumwollstrickgarn-zusaetzliche-farben-filges\\\/\"]}]},{\"@type\":\"ImageObject\",\"inLanguage\":\"de-CH\",\"@id\":\"https:\\\/\\\/teiaeducation.ch\\\/de\\\/produkt\\\/baumwollstrickgarn-zusaetzliche-farben-filges\\\/#primaryimage\",\"url\":\"https:\\\/\\\/teiaeducation.ch\\\/wp-content\\\/uploads\\\/2021\\\/10\\\/Cotton-knitting-thread-additional-colours-Filges.jpg\",\"contentUrl\":\"https:\\\/\\\/teiaeducation.ch\\\/wp-content\\\/uploads\\\/2021\\\/10\\\/Cotton-knitting-thread-additional-colours-Filges.jpg\",\"width\":2000,\"height\":1333,\"caption\":\"Baumwollstrickgarn zus\u00e4tzliche Farben - Filges\"},{\"@type\":\"BreadcrumbList\",\"@id\":\"https:\\\/\\\/teiaeducation.ch\\\/de\\\/produkt\\\/baumwollstrickgarn-zusaetzliche-farben-filges\\\/#breadcrumb\",\"itemListElement\":[{\"@type\":\"ListItem\",\"position\":1,\"name\":\"Home\",\"item\":\"https:\\\/\\\/teiaeducation.ch\\\/de\\\/\"},{\"@type\":\"ListItem\",\"position\":2,\"name\":\"Laden\",\"item\":\"https:\\\/\\\/teiaeducation.ch\\\/de\\\/shop\\\/\"},{\"@type\":\"ListItem\",\"position\":3,\"name\":\"Unsere Marken\",\"item\":\"https:\\\/\\\/teiaeducation.ch\\\/de\\\/produkt-kategorie\\\/unsere-marken\\\/\"},{\"@type\":\"ListItem\",\"position\":4,\"name\":\"Filges\",\"item\":\"https:\\\/\\\/teiaeducation.ch\\\/de\\\/produkt-kategorie\\\/unsere-marken\\\/filges-de\\\/\"},{\"@type\":\"ListItem\",\"position\":5,\"name\":\"Baumwollstrickgarn zus\u00e4tzliche Farben &#8211; Filges\"}]},{\"@type\":\"WebSite\",\"@id\":\"https:\\\/\\\/teiaeducation.ch\\\/de\\\/#website\",\"url\":\"https:\\\/\\\/teiaeducation.ch\\\/de\\\/\",\"name\":\"Sustainable Educational Products &amp; Ecological Toys\u00a0\",\"description\":\"Specialised Swiss shop selling sustainable educational toys and games, AMI certified Montessori materials, handmade ecological wooden Waldorf toys and arts &amp; crafts supplies, school supplies, children&#039;s furniture and Montessori reference and parenting books.\",\"publisher\":{\"@id\":\"https:\\\/\\\/teiaeducation.ch\\\/de\\\/#organization\"},\"alternateName\":\"Teia Education & Play\",\"potentialAction\":[{\"@type\":\"SearchAction\",\"target\":{\"@type\":\"EntryPoint\",\"urlTemplate\":\"https:\\\/\\\/teiaeducation.ch\\\/de\\\/?s={search_term_string}\"},\"query-input\":{\"@type\":\"PropertyValueSpecification\",\"valueRequired\":true,\"valueName\":\"search_term_string\"}}],\"inLanguage\":\"de-CH\"},{\"@type\":\"Organization\",\"@id\":\"https:\\\/\\\/teiaeducation.ch\\\/de\\\/#organization\",\"name\":\"Teia Education & Play\",\"url\":\"https:\\\/\\\/teiaeducation.ch\\\/de\\\/\",\"logo\":{\"@type\":\"ImageObject\",\"inLanguage\":\"de-CH\",\"@id\":\"https:\\\/\\\/teiaeducation.ch\\\/de\\\/#\\\/schema\\\/logo\\\/image\\\/\",\"url\":\"https:\\\/\\\/teiaeducation.ch\\\/wp-content\\\/uploads\\\/2020\\\/11\\\/Teia-Education-Switzerland-e1620156442216.jpg\",\"contentUrl\":\"https:\\\/\\\/teiaeducation.ch\\\/wp-content\\\/uploads\\\/2020\\\/11\\\/Teia-Education-Switzerland-e1620156442216.jpg\",\"width\":166,\"height\":145,\"caption\":\"Teia Education & Play\"},\"image\":{\"@id\":\"https:\\\/\\\/teiaeducation.ch\\\/de\\\/#\\\/schema\\\/logo\\\/image\\\/\"},\"sameAs\":[\"https:\\\/\\\/www.facebook.com\\\/teiaeducation\\\/\",\"https:\\\/\\\/x.com\\\/EducationTeia\",\"https:\\\/\\\/www.instagram.com\\\/teia.education\\\/\",\"https:\\\/\\\/www.linkedin.com\\\/company\\\/35501660\",\"https:\\\/\\\/www.pinterest.ch\\\/TeiaEducation\\\/\"]}]}<\/script>\n<meta property=\"product:price:amount\" content=\"16.90\" \/>\n<meta property=\"product:price:currency\" content=\"CHF\" \/>\n<meta property=\"og:availability\" content=\"out of stock\" \/>\n<meta property=\"product:availability\" content=\"out of stock\" \/>\n<meta property=\"product:retailer_item_id\" content=\"00000000000000000000000000000000000000000000040055\" \/>\n<meta property=\"product:condition\" content=\"new\" \/>\n<!-- \/ Yoast SEO Premium plugin. -->","yoast_head_json":{"title":"Baumwollstrickgarn zus\u00e4tzliche Farben - Filges","description":"Das Filges-Baumwollstrickgarn ist ein hochwertiges Garn aus recycelter Baumwolle, das sich hervorragend zum Stricken, Weben, Stricken und f\u00fcr andere Handarbeiten eignet.","robots":{"index":"index","follow":"follow","max-snippet":"max-snippet:-1","max-image-preview":"max-image-preview:large","max-video-preview":"max-video-preview:-1"},"canonical":"https:\/\/teiaeducation.ch\/de\/produkt\/baumwollstrickgarn-zusaetzliche-farben-filges\/","og_locale":"de_DE","og_type":"article","og_title":"Baumwollstrickgarn zus\u00e4tzliche Farben - Filges","og_description":"Das Filges-Baumwollstrickgarn ist ein hochwertiges Garn aus recycelter Baumwolle, das sich hervorragend zum Stricken, Weben, Stricken und f\u00fcr andere Handarbeiten eignet.","og_url":"https:\/\/teiaeducation.ch\/de\/produkt\/baumwollstrickgarn-zusaetzliche-farben-filges\/","og_site_name":"Sustainable Educational Products &amp; Ecological Toys\u00a0","article_publisher":"https:\/\/www.facebook.com\/teiaeducation\/","article_modified_time":"2024-06-23T06:55:12+00:00","og_image":[{"width":2000,"height":1333,"url":"https:\/\/teiaeducation.ch\/wp-content\/uploads\/2021\/10\/Cotton-knitting-thread-additional-colours-Filges.jpg","type":"image\/jpeg"}],"schema":{"@context":"https:\/\/schema.org","@graph":[{"@type":"WebPage","@id":"https:\/\/teiaeducation.ch\/de\/produkt\/baumwollstrickgarn-zusaetzliche-farben-filges\/","url":"https:\/\/teiaeducation.ch\/de\/produkt\/baumwollstrickgarn-zusaetzliche-farben-filges\/","name":"Baumwollstrickgarn zus\u00e4tzliche Farben - Filges","isPartOf":{"@id":"https:\/\/teiaeducation.ch\/de\/#website"},"primaryImageOfPage":{"@id":"https:\/\/teiaeducation.ch\/de\/produkt\/baumwollstrickgarn-zusaetzliche-farben-filges\/#primaryimage"},"image":{"@id":"https:\/\/teiaeducation.ch\/de\/produkt\/baumwollstrickgarn-zusaetzliche-farben-filges\/#primaryimage"},"thumbnailUrl":"https:\/\/teiaeducation.ch\/wp-content\/uploads\/2021\/10\/Cotton-knitting-thread-additional-colours-Filges.jpg","datePublished":"2021-10-31T13:17:57+00:00","dateModified":"2024-06-23T06:55:12+00:00","description":"Das Filges-Baumwollstrickgarn ist ein hochwertiges Garn aus recycelter Baumwolle, das sich hervorragend zum Stricken, Weben, Stricken und f\u00fcr andere Handarbeiten eignet.","breadcrumb":{"@id":"https:\/\/teiaeducation.ch\/de\/produkt\/baumwollstrickgarn-zusaetzliche-farben-filges\/#breadcrumb"},"inLanguage":"de-CH","potentialAction":[{"@type":"ReadAction","target":["https:\/\/teiaeducation.ch\/de\/produkt\/baumwollstrickgarn-zusaetzliche-farben-filges\/"]}]},{"@type":"ImageObject","inLanguage":"de-CH","@id":"https:\/\/teiaeducation.ch\/de\/produkt\/baumwollstrickgarn-zusaetzliche-farben-filges\/#primaryimage","url":"https:\/\/teiaeducation.ch\/wp-content\/uploads\/2021\/10\/Cotton-knitting-thread-additional-colours-Filges.jpg","contentUrl":"https:\/\/teiaeducation.ch\/wp-content\/uploads\/2021\/10\/Cotton-knitting-thread-additional-colours-Filges.jpg","width":2000,"height":1333,"caption":"Baumwollstrickgarn zus\u00e4tzliche Farben - Filges"},{"@type":"BreadcrumbList","@id":"https:\/\/teiaeducation.ch\/de\/produkt\/baumwollstrickgarn-zusaetzliche-farben-filges\/#breadcrumb","itemListElement":[{"@type":"ListItem","position":1,"name":"Home","item":"https:\/\/teiaeducation.ch\/de\/"},{"@type":"ListItem","position":2,"name":"Laden","item":"https:\/\/teiaeducation.ch\/de\/shop\/"},{"@type":"ListItem","position":3,"name":"Unsere Marken","item":"https:\/\/teiaeducation.ch\/de\/produkt-kategorie\/unsere-marken\/"},{"@type":"ListItem","position":4,"name":"Filges","item":"https:\/\/teiaeducation.ch\/de\/produkt-kategorie\/unsere-marken\/filges-de\/"},{"@type":"ListItem","position":5,"name":"Baumwollstrickgarn zus\u00e4tzliche Farben &#8211; Filges"}]},{"@type":"WebSite","@id":"https:\/\/teiaeducation.ch\/de\/#website","url":"https:\/\/teiaeducation.ch\/de\/","name":"Sustainable Educational Products &amp; Ecological Toys\u00a0","description":"Specialised Swiss shop selling sustainable educational toys and games, AMI certified Montessori materials, handmade ecological wooden Waldorf toys and arts &amp; crafts supplies, school supplies, children&#039;s furniture and Montessori reference and parenting books.","publisher":{"@id":"https:\/\/teiaeducation.ch\/de\/#organization"},"alternateName":"Teia Education & Play","potentialAction":[{"@type":"SearchAction","target":{"@type":"EntryPoint","urlTemplate":"https:\/\/teiaeducation.ch\/de\/?s={search_term_string}"},"query-input":{"@type":"PropertyValueSpecification","valueRequired":true,"valueName":"search_term_string"}}],"inLanguage":"de-CH"},{"@type":"Organization","@id":"https:\/\/teiaeducation.ch\/de\/#organization","name":"Teia Education & Play","url":"https:\/\/teiaeducation.ch\/de\/","logo":{"@type":"ImageObject","inLanguage":"de-CH","@id":"https:\/\/teiaeducation.ch\/de\/#\/schema\/logo\/image\/","url":"https:\/\/teiaeducation.ch\/wp-content\/uploads\/2020\/11\/Teia-Education-Switzerland-e1620156442216.jpg","contentUrl":"https:\/\/teiaeducation.ch\/wp-content\/uploads\/2020\/11\/Teia-Education-Switzerland-e1620156442216.jpg","width":166,"height":145,"caption":"Teia Education & Play"},"image":{"@id":"https:\/\/teiaeducation.ch\/de\/#\/schema\/logo\/image\/"},"sameAs":["https:\/\/www.facebook.com\/teiaeducation\/","https:\/\/x.com\/EducationTeia","https:\/\/www.instagram.com\/teia.education\/","https:\/\/www.linkedin.com\/company\/35501660","https:\/\/www.pinterest.ch\/TeiaEducation\/"]}]},"product_price_amount":"16.90","product_price_currency":"CHF","og_availability":"out of stock","product_availability":"out of stock","product_retailer_item_id":"00000000000000000000000000000000000000000000040055","product_condition":"new"},"_links":{"self":[{"href":"https:\/\/teiaeducation.ch\/de\/wp-json\/wp\/v2\/product\/59943","targetHints":{"allow":["GET"]}}],"collection":[{"href":"https:\/\/teiaeducation.ch\/de\/wp-json\/wp\/v2\/product"}],"about":[{"href":"https:\/\/teiaeducation.ch\/de\/wp-json\/wp\/v2\/types\/product"}],"replies":[{"embeddable":true,"href":"https:\/\/teiaeducation.ch\/de\/wp-json\/wp\/v2\/comments?post=59943"}],"wp:featuredmedia":[{"embeddable":true,"href":"https:\/\/teiaeducation.ch\/de\/wp-json\/wp\/v2\/media\/59944"}],"wp:attachment":[{"href":"https:\/\/teiaeducation.ch\/de\/wp-json\/wp\/v2\/media?parent=59943"}],"wp:term":[{"taxonomy":"product_brand","embeddable":true,"href":"https:\/\/teiaeducation.ch\/de\/wp-json\/wp\/v2\/product_brand?post=59943"},{"taxonomy":"product_cat","embeddable":true,"href":"https:\/\/teiaeducation.ch\/de\/wp-json\/wp\/v2\/product_cat?post=59943"},{"taxonomy":"product_tag","embeddable":true,"href":"https:\/\/teiaeducation.ch\/de\/wp-json\/wp\/v2\/product_tag?post=59943"}],"curies":[{"name":"wp","href":"https:\/\/api.w.org\/{rel}","templated":true}]}}