{"id":59946,"date":"2021-10-31T14:06:35","date_gmt":"2021-10-31T13:06:35","guid":{"rendered":"https:\/\/teiaeducation.ch\/product\/filzschaumkissen-klein-filges\/"},"modified":"2026-02-24T09:38:25","modified_gmt":"2026-02-24T08:38:25","slug":"filzschaumkissen-klein-filges","status":"publish","type":"product","link":"https:\/\/teiaeducation.ch\/de\/produkt\/filzschaumkissen-klein-filges\/","title":{"rendered":"Filzschaumkissen klein &#8211; Filges"},"content":{"rendered":"<p>Das kleine Filges-Filzkissen hilft Ihnen bei all Ihren <a href=\"https:\/\/teiaeducation.ch\/product-category\/creative-art-craft\/felting\/\">Filzarbeiten<\/a> und sch\u00fctzt Ihre Oberfl\u00e4chen und Ihre Filznadeln!<\/p>\n<p>Filznadeln sind scharf und empfindlich, daher ist eine Filzmatte unerl\u00e4sslich. Die Widerstandsf\u00e4higkeit der Filzmatte von Filge erleichtert das Filzen zus\u00e4tzlich.<\/p>\n<p>Das kleine Filzkissen von Filges besteht aus hochwertigem Schaumstoff mit einer feinen Struktur, die sich nicht so schnell aufl\u00f6st. Es ist langlebig und robust und reicht f\u00fcr viele Filzprojekte.<\/p>\n<p>Dieser Filzschaumkissen von Filges wird in Deutschland hergestellt und misst 18 x 12 x 3 cm.<\/p>\n<p><a href=\"https:\/\/teiaeducation.ch\/product-category\/brands\/filges\/\">Filges<\/a> ist eine kleine deutsche Familienmarke, die sich auf feinste, pflanzlich gef\u00e4rbte Wolle und Seide in traditioneller, handwerklicher Verarbeitung spezialisiert hat.<\/p>\n<p>Filges ist ein Bioland-zertifizierter Hersteller von Schafwolle. Als Mitglied des IVN (Internationaler Verband der Naturtextilwirtschaft) stammt die Wolle von Filges ausschlie\u00dflich von zertifizierten Bio-Schafen aus Deutschland. Die Farbstoffe von Filges sind auf pflanzlicher Basis und die Produktion ist nachhaltig, \u00f6kologisch und emissionsfrei.<\/p>\n<p>Inhalt:<\/p>\n<p>1 x Filzschaumkissen klein<\/p>\n","protected":false},"excerpt":{"rendered":"<p>Artikelnummer: 35345101<\/p>\n<p>Die Filzschaumkissen von Filges hilft Ihnen bei allen Ihren Filzarbeiten und sch\u00fctzt Ihre Oberfl\u00e4chen und Ihre Filznadeln. Hergestellt in Deutschland.<\/p>\n","protected":false},"featured_media":59947,"comment_status":"open","ping_status":"closed","template":"","meta":[],"product_brand":[],"product_cat":[21446,21449,21479,21627,21452,21447,21443,21563,22362,21564,21483,22363],"product_tag":[28830,28776,28831,28832,28833,28761,27869,27784],"class_list":{"0":"post-59946","1":"product","2":"type-product","3":"status-publish","4":"has-post-thumbnail","6":"product_cat-6-12-jahre-grundschule","7":"product_cat-bastelwerkzeuge-aufbewahrung","8":"product_cat-lernmaterialien-spielzeug-montessori-waldorf-steiner-froebel","9":"product_cat-filges-de","10":"product_cat-filzen","11":"product_cat-malen-basteln","12":"product_cat-nach-alter","13":"product_cat-neuheiten","14":"product_cat-saisonale-kollektionen","15":"product_cat-unsere-marken","16":"product_cat-waldorf-steiner-paedagogik","17":"product_cat-winter-kollektion","18":"product_tag-filges-filzschaumkissen","19":"product_tag-filges-schweiz","20":"product_tag-filzschaumkissen","21":"product_tag-filzschaumkissen-filzbedarf-schweiz","22":"product_tag-filzschaumkissen-klein-filges","23":"product_tag-waldorf-bastelbedarf-de","24":"product_tag-waldorf-filz","25":"product_tag-waldorf-kunsthandwerk","27":"first","28":"instock","29":"taxable","30":"shipping-taxable","31":"purchasable","32":"product-type-simple"},"yoast_head":"<!-- This site is optimized with the Yoast SEO Premium plugin v25.8 (Yoast SEO v27.4) - https:\/\/yoast.com\/product\/yoast-seo-premium-wordpress\/ -->\n<title>Filzschaumkissen klein - Filges<\/title>\n<meta name=\"description\" content=\"Das Filges Filzschaumkissen klein hilft bei all Ihren Filzarbeiten und sch\u00fctzt Ihre Oberfl\u00e4chen und Ihre Filznadeln. Hergestellt in Deutschland.\" \/>\n<meta name=\"robots\" content=\"index, follow, max-snippet:-1, max-image-preview:large, max-video-preview:-1\" \/>\n<link rel=\"canonical\" href=\"https:\/\/teiaeducation.ch\/de\/produkt\/filzschaumkissen-klein-filges\/\" \/>\n<meta property=\"og:locale\" content=\"de_DE\" \/>\n<meta property=\"og:type\" content=\"article\" \/>\n<meta property=\"og:title\" content=\"Filzschaumkissen klein - Filges\" \/>\n<meta property=\"og:description\" content=\"Das Filges Filzschaumkissen klein hilft bei all Ihren Filzarbeiten und sch\u00fctzt Ihre Oberfl\u00e4chen und Ihre Filznadeln. Hergestellt in Deutschland.\" \/>\n<meta property=\"og:url\" content=\"https:\/\/teiaeducation.ch\/de\/produkt\/filzschaumkissen-klein-filges\/\" \/>\n<meta property=\"og:site_name\" content=\"Sustainable Educational Products &amp; Ecological Toys\u00a0\" \/>\n<meta property=\"article:publisher\" content=\"https:\/\/www.facebook.com\/teiaeducation\/\" \/>\n<meta property=\"article:modified_time\" content=\"2026-02-24T08:38:25+00:00\" \/>\n<meta property=\"og:image\" content=\"https:\/\/teiaeducation.ch\/wp-content\/uploads\/2021\/10\/Felting-pad-small-Filges.jpg\" \/>\n\t<meta property=\"og:image:width\" content=\"800\" \/>\n\t<meta property=\"og:image:height\" content=\"800\" \/>\n\t<meta property=\"og:image:type\" content=\"image\/jpeg\" \/>\n<script type=\"application\/ld+json\" class=\"yoast-schema-graph\">{\"@context\":\"https:\\\/\\\/schema.org\",\"@graph\":[{\"@type\":\"WebPage\",\"@id\":\"https:\\\/\\\/teiaeducation.ch\\\/de\\\/produkt\\\/filzschaumkissen-klein-filges\\\/\",\"url\":\"https:\\\/\\\/teiaeducation.ch\\\/de\\\/produkt\\\/filzschaumkissen-klein-filges\\\/\",\"name\":\"Filzschaumkissen klein - Filges\",\"isPartOf\":{\"@id\":\"https:\\\/\\\/teiaeducation.ch\\\/de\\\/#website\"},\"primaryImageOfPage\":{\"@id\":\"https:\\\/\\\/teiaeducation.ch\\\/de\\\/produkt\\\/filzschaumkissen-klein-filges\\\/#primaryimage\"},\"image\":{\"@id\":\"https:\\\/\\\/teiaeducation.ch\\\/de\\\/produkt\\\/filzschaumkissen-klein-filges\\\/#primaryimage\"},\"thumbnailUrl\":\"https:\\\/\\\/teiaeducation.ch\\\/wp-content\\\/uploads\\\/2021\\\/10\\\/Felting-pad-small-Filges.jpg\",\"datePublished\":\"2021-10-31T13:06:35+00:00\",\"dateModified\":\"2026-02-24T08:38:25+00:00\",\"description\":\"Das Filges Filzschaumkissen klein hilft bei all Ihren Filzarbeiten und sch\u00fctzt Ihre Oberfl\u00e4chen und Ihre Filznadeln. Hergestellt in Deutschland.\",\"breadcrumb\":{\"@id\":\"https:\\\/\\\/teiaeducation.ch\\\/de\\\/produkt\\\/filzschaumkissen-klein-filges\\\/#breadcrumb\"},\"inLanguage\":\"de-CH\",\"potentialAction\":[{\"@type\":\"ReadAction\",\"target\":[\"https:\\\/\\\/teiaeducation.ch\\\/de\\\/produkt\\\/filzschaumkissen-klein-filges\\\/\"]}]},{\"@type\":\"ImageObject\",\"inLanguage\":\"de-CH\",\"@id\":\"https:\\\/\\\/teiaeducation.ch\\\/de\\\/produkt\\\/filzschaumkissen-klein-filges\\\/#primaryimage\",\"url\":\"https:\\\/\\\/teiaeducation.ch\\\/wp-content\\\/uploads\\\/2021\\\/10\\\/Felting-pad-small-Filges.jpg\",\"contentUrl\":\"https:\\\/\\\/teiaeducation.ch\\\/wp-content\\\/uploads\\\/2021\\\/10\\\/Felting-pad-small-Filges.jpg\",\"width\":800,\"height\":800,\"caption\":\"Filzschaumkissen klein - Filges\"},{\"@type\":\"BreadcrumbList\",\"@id\":\"https:\\\/\\\/teiaeducation.ch\\\/de\\\/produkt\\\/filzschaumkissen-klein-filges\\\/#breadcrumb\",\"itemListElement\":[{\"@type\":\"ListItem\",\"position\":1,\"name\":\"Home\",\"item\":\"https:\\\/\\\/teiaeducation.ch\\\/de\\\/\"},{\"@type\":\"ListItem\",\"position\":2,\"name\":\"Laden\",\"item\":\"https:\\\/\\\/teiaeducation.ch\\\/de\\\/shop\\\/\"},{\"@type\":\"ListItem\",\"position\":3,\"name\":\"Nach Alter\",\"item\":\"https:\\\/\\\/teiaeducation.ch\\\/de\\\/produkt-kategorie\\\/nach-alter\\\/\"},{\"@type\":\"ListItem\",\"position\":4,\"name\":\"6-12 Jahre Grundschule\",\"item\":\"https:\\\/\\\/teiaeducation.ch\\\/de\\\/produkt-kategorie\\\/nach-alter\\\/6-12-jahre-grundschule\\\/\"},{\"@type\":\"ListItem\",\"position\":5,\"name\":\"Filzschaumkissen klein &#8211; Filges\"}]},{\"@type\":\"WebSite\",\"@id\":\"https:\\\/\\\/teiaeducation.ch\\\/de\\\/#website\",\"url\":\"https:\\\/\\\/teiaeducation.ch\\\/de\\\/\",\"name\":\"Sustainable Educational Products &amp; Ecological Toys\u00a0\",\"description\":\"Specialised Swiss shop selling sustainable educational toys and games, AMI certified Montessori materials, handmade ecological wooden Waldorf toys and arts &amp; crafts supplies, school supplies, children&#039;s furniture and Montessori reference and parenting books.\",\"publisher\":{\"@id\":\"https:\\\/\\\/teiaeducation.ch\\\/de\\\/#organization\"},\"alternateName\":\"Teia Education & Play\",\"potentialAction\":[{\"@type\":\"SearchAction\",\"target\":{\"@type\":\"EntryPoint\",\"urlTemplate\":\"https:\\\/\\\/teiaeducation.ch\\\/de\\\/?s={search_term_string}\"},\"query-input\":{\"@type\":\"PropertyValueSpecification\",\"valueRequired\":true,\"valueName\":\"search_term_string\"}}],\"inLanguage\":\"de-CH\"},{\"@type\":\"Organization\",\"@id\":\"https:\\\/\\\/teiaeducation.ch\\\/de\\\/#organization\",\"name\":\"Teia Education & Play\",\"url\":\"https:\\\/\\\/teiaeducation.ch\\\/de\\\/\",\"logo\":{\"@type\":\"ImageObject\",\"inLanguage\":\"de-CH\",\"@id\":\"https:\\\/\\\/teiaeducation.ch\\\/de\\\/#\\\/schema\\\/logo\\\/image\\\/\",\"url\":\"https:\\\/\\\/teiaeducation.ch\\\/wp-content\\\/uploads\\\/2020\\\/11\\\/Teia-Education-Switzerland-e1620156442216.jpg\",\"contentUrl\":\"https:\\\/\\\/teiaeducation.ch\\\/wp-content\\\/uploads\\\/2020\\\/11\\\/Teia-Education-Switzerland-e1620156442216.jpg\",\"width\":166,\"height\":145,\"caption\":\"Teia Education & Play\"},\"image\":{\"@id\":\"https:\\\/\\\/teiaeducation.ch\\\/de\\\/#\\\/schema\\\/logo\\\/image\\\/\"},\"sameAs\":[\"https:\\\/\\\/www.facebook.com\\\/teiaeducation\\\/\",\"https:\\\/\\\/x.com\\\/EducationTeia\",\"https:\\\/\\\/www.instagram.com\\\/teia.education\\\/\",\"https:\\\/\\\/www.linkedin.com\\\/company\\\/35501660\",\"https:\\\/\\\/www.pinterest.ch\\\/TeiaEducation\\\/\"]}]}<\/script>\n<meta property=\"product:price:amount\" content=\"3.50\" \/>\n<meta property=\"product:price:currency\" content=\"CHF\" \/>\n<meta property=\"og:availability\" content=\"instock\" \/>\n<meta property=\"product:availability\" content=\"instock\" \/>\n<meta property=\"product:retailer_item_id\" content=\"00000000000000000000000000000000000000000000040060\" \/>\n<meta property=\"product:condition\" content=\"new\" \/>\n<!-- \/ Yoast SEO Premium plugin. -->","yoast_head_json":{"title":"Filzschaumkissen klein - Filges","description":"Das Filges Filzschaumkissen klein hilft bei all Ihren Filzarbeiten und sch\u00fctzt Ihre Oberfl\u00e4chen und Ihre Filznadeln. Hergestellt in Deutschland.","robots":{"index":"index","follow":"follow","max-snippet":"max-snippet:-1","max-image-preview":"max-image-preview:large","max-video-preview":"max-video-preview:-1"},"canonical":"https:\/\/teiaeducation.ch\/de\/produkt\/filzschaumkissen-klein-filges\/","og_locale":"de_DE","og_type":"article","og_title":"Filzschaumkissen klein - Filges","og_description":"Das Filges Filzschaumkissen klein hilft bei all Ihren Filzarbeiten und sch\u00fctzt Ihre Oberfl\u00e4chen und Ihre Filznadeln. Hergestellt in Deutschland.","og_url":"https:\/\/teiaeducation.ch\/de\/produkt\/filzschaumkissen-klein-filges\/","og_site_name":"Sustainable Educational Products &amp; Ecological Toys\u00a0","article_publisher":"https:\/\/www.facebook.com\/teiaeducation\/","article_modified_time":"2026-02-24T08:38:25+00:00","og_image":[{"width":800,"height":800,"url":"https:\/\/teiaeducation.ch\/wp-content\/uploads\/2021\/10\/Felting-pad-small-Filges.jpg","type":"image\/jpeg"}],"schema":{"@context":"https:\/\/schema.org","@graph":[{"@type":"WebPage","@id":"https:\/\/teiaeducation.ch\/de\/produkt\/filzschaumkissen-klein-filges\/","url":"https:\/\/teiaeducation.ch\/de\/produkt\/filzschaumkissen-klein-filges\/","name":"Filzschaumkissen klein - Filges","isPartOf":{"@id":"https:\/\/teiaeducation.ch\/de\/#website"},"primaryImageOfPage":{"@id":"https:\/\/teiaeducation.ch\/de\/produkt\/filzschaumkissen-klein-filges\/#primaryimage"},"image":{"@id":"https:\/\/teiaeducation.ch\/de\/produkt\/filzschaumkissen-klein-filges\/#primaryimage"},"thumbnailUrl":"https:\/\/teiaeducation.ch\/wp-content\/uploads\/2021\/10\/Felting-pad-small-Filges.jpg","datePublished":"2021-10-31T13:06:35+00:00","dateModified":"2026-02-24T08:38:25+00:00","description":"Das Filges Filzschaumkissen klein hilft bei all Ihren Filzarbeiten und sch\u00fctzt Ihre Oberfl\u00e4chen und Ihre Filznadeln. Hergestellt in Deutschland.","breadcrumb":{"@id":"https:\/\/teiaeducation.ch\/de\/produkt\/filzschaumkissen-klein-filges\/#breadcrumb"},"inLanguage":"de-CH","potentialAction":[{"@type":"ReadAction","target":["https:\/\/teiaeducation.ch\/de\/produkt\/filzschaumkissen-klein-filges\/"]}]},{"@type":"ImageObject","inLanguage":"de-CH","@id":"https:\/\/teiaeducation.ch\/de\/produkt\/filzschaumkissen-klein-filges\/#primaryimage","url":"https:\/\/teiaeducation.ch\/wp-content\/uploads\/2021\/10\/Felting-pad-small-Filges.jpg","contentUrl":"https:\/\/teiaeducation.ch\/wp-content\/uploads\/2021\/10\/Felting-pad-small-Filges.jpg","width":800,"height":800,"caption":"Filzschaumkissen klein - Filges"},{"@type":"BreadcrumbList","@id":"https:\/\/teiaeducation.ch\/de\/produkt\/filzschaumkissen-klein-filges\/#breadcrumb","itemListElement":[{"@type":"ListItem","position":1,"name":"Home","item":"https:\/\/teiaeducation.ch\/de\/"},{"@type":"ListItem","position":2,"name":"Laden","item":"https:\/\/teiaeducation.ch\/de\/shop\/"},{"@type":"ListItem","position":3,"name":"Nach Alter","item":"https:\/\/teiaeducation.ch\/de\/produkt-kategorie\/nach-alter\/"},{"@type":"ListItem","position":4,"name":"6-12 Jahre Grundschule","item":"https:\/\/teiaeducation.ch\/de\/produkt-kategorie\/nach-alter\/6-12-jahre-grundschule\/"},{"@type":"ListItem","position":5,"name":"Filzschaumkissen klein &#8211; Filges"}]},{"@type":"WebSite","@id":"https:\/\/teiaeducation.ch\/de\/#website","url":"https:\/\/teiaeducation.ch\/de\/","name":"Sustainable Educational Products &amp; Ecological Toys\u00a0","description":"Specialised Swiss shop selling sustainable educational toys and games, AMI certified Montessori materials, handmade ecological wooden Waldorf toys and arts &amp; crafts supplies, school supplies, children&#039;s furniture and Montessori reference and parenting books.","publisher":{"@id":"https:\/\/teiaeducation.ch\/de\/#organization"},"alternateName":"Teia Education & Play","potentialAction":[{"@type":"SearchAction","target":{"@type":"EntryPoint","urlTemplate":"https:\/\/teiaeducation.ch\/de\/?s={search_term_string}"},"query-input":{"@type":"PropertyValueSpecification","valueRequired":true,"valueName":"search_term_string"}}],"inLanguage":"de-CH"},{"@type":"Organization","@id":"https:\/\/teiaeducation.ch\/de\/#organization","name":"Teia Education & Play","url":"https:\/\/teiaeducation.ch\/de\/","logo":{"@type":"ImageObject","inLanguage":"de-CH","@id":"https:\/\/teiaeducation.ch\/de\/#\/schema\/logo\/image\/","url":"https:\/\/teiaeducation.ch\/wp-content\/uploads\/2020\/11\/Teia-Education-Switzerland-e1620156442216.jpg","contentUrl":"https:\/\/teiaeducation.ch\/wp-content\/uploads\/2020\/11\/Teia-Education-Switzerland-e1620156442216.jpg","width":166,"height":145,"caption":"Teia Education & Play"},"image":{"@id":"https:\/\/teiaeducation.ch\/de\/#\/schema\/logo\/image\/"},"sameAs":["https:\/\/www.facebook.com\/teiaeducation\/","https:\/\/x.com\/EducationTeia","https:\/\/www.instagram.com\/teia.education\/","https:\/\/www.linkedin.com\/company\/35501660","https:\/\/www.pinterest.ch\/TeiaEducation\/"]}]},"product_price_amount":"3.50","product_price_currency":"CHF","og_availability":"instock","product_availability":"instock","product_retailer_item_id":"00000000000000000000000000000000000000000000040060","product_condition":"new"},"_links":{"self":[{"href":"https:\/\/teiaeducation.ch\/de\/wp-json\/wp\/v2\/product\/59946","targetHints":{"allow":["GET"]}}],"collection":[{"href":"https:\/\/teiaeducation.ch\/de\/wp-json\/wp\/v2\/product"}],"about":[{"href":"https:\/\/teiaeducation.ch\/de\/wp-json\/wp\/v2\/types\/product"}],"replies":[{"embeddable":true,"href":"https:\/\/teiaeducation.ch\/de\/wp-json\/wp\/v2\/comments?post=59946"}],"wp:featuredmedia":[{"embeddable":true,"href":"https:\/\/teiaeducation.ch\/de\/wp-json\/wp\/v2\/media\/59947"}],"wp:attachment":[{"href":"https:\/\/teiaeducation.ch\/de\/wp-json\/wp\/v2\/media?parent=59946"}],"wp:term":[{"taxonomy":"product_brand","embeddable":true,"href":"https:\/\/teiaeducation.ch\/de\/wp-json\/wp\/v2\/product_brand?post=59946"},{"taxonomy":"product_cat","embeddable":true,"href":"https:\/\/teiaeducation.ch\/de\/wp-json\/wp\/v2\/product_cat?post=59946"},{"taxonomy":"product_tag","embeddable":true,"href":"https:\/\/teiaeducation.ch\/de\/wp-json\/wp\/v2\/product_tag?post=59946"}],"curies":[{"name":"wp","href":"https:\/\/api.w.org\/{rel}","templated":true}]}}