{"id":59996,"date":"2020-12-22T22:03:43","date_gmt":"2020-12-22T21:03:43","guid":{"rendered":"https:\/\/teiaeducation.ch\/product\/geburtstagring-gelb-rot-klein-aus-holz-grimms\/"},"modified":"2025-12-11T17:36:16","modified_gmt":"2025-12-11T16:36:16","slug":"geburtstagring-gelb-rot-klein-aus-holz-grimms","status":"publish","type":"product","link":"https:\/\/teiaeducation.ch\/de\/produkt\/geburtstagring-gelb-rot-klein-aus-holz-grimms\/","title":{"rendered":"Geburtstagring Gelb-Rot Klein aus Holz &#8211; Grimm&#8217;s"},"content":{"rendered":"<p>Dieser kleine Gelb-rote Geburtstagsring aus Holz von Grimm&#8217;s ist eine von <a href=\"https:\/\/teiaeducation.ch\/de\/produkt-kategorie\/kinder-spielzeug\/waldorfspielzeug\/\">Waldorf<\/a> inspirierte Dekoration und ein Kerzenhalter. Er ist ein wunderbarer Mittelpunkt f\u00fcr <a href=\"https:\/\/teiaeducation.ch\/de\/produkt-kategorie\/feier-festlichkeiten\/\">Feiern<\/a> oder eine Zierde f\u00fcr Ihren <a href=\"https:\/\/teiaeducation.ch\/de\/produkt-kategorie\/feier-festlichkeiten\/natur-saisonale-tische-de\/\">Naturtisch<\/a> oder Ihre Fensterbank! Der Grimm&#8217;s Regenbogen-Festtagsring verleiht jeder Feier eine besondere Atmosph\u00e4re und ein Gef\u00fchl f\u00fcr den Anlass.<\/p>\n<p>Der Gelb-rote Grimm&#8217;s Geburtstagsring ist aus Lindenholz handgefertigt und in h\u00fcbschen Pastellt\u00f6nen mit ungiftiger Farbbeize auf Wasserbasis handbemalt. Er hat einen Durchmesser von 22 cm.<\/p>\n<p>Verzieren Sie den Ring mit den h\u00fcbschen Grimm&#8217;s <a href=\"https:\/\/teiaeducation.ch\/?s=decorative+figure&amp;post_type=product&amp;lang=en\">Deko-Figuren und Zahlen<\/a>, die das Alter des Geburtstagskindes, seine Lieblingstiere, Spielzeuge oder andere besondere Interessen darstellen. Sie k\u00f6nnen auch Blumen, nat\u00fcrliche Gegenst\u00e4nde und Lichter oder Kerzen hinzuf\u00fcgen, um Ihre Feier perfekt zu dekorieren.<\/p>\n<p>Mit dieser fr\u00f6hlichen Dekoration k\u00f6nnen Sie Ihren Kindern helfen, besondere Anl\u00e4sse zu feiern und zu markieren &#8211; eine Familientradition f\u00fcr die n\u00e4chsten Jahre und Generationen!<\/p>\n<p>Achtung! Der Gelb-rote Geburtstagsring von Grimm ist ein Dekorationsartikel und nicht zum Spielen geeignet. Aus Sicherheitsgr\u00fcnden sollten Sie bei der Verwendung von Kerzen Kerzenhalter verwenden und darauf achten, dass keine Zugluft entsteht und sich keine dekorative Figur in der N\u00e4he der Flammen befindet. Dieses Material ist f\u00fcr Kinder ab 14 Jahren geeignet.<\/p>\n<p>Inhalt:<\/p>\n<p>4 Festtagsringe, jeder mit 3 L\u00f6chern<\/p>\n<h2>\u00dcber Grimm&#8217;s<\/h2>\n<p>Ideal zum Spielen zu Hause, im Kindergarten, in der <a href=\"https:\/\/teiaeducation.ch\/waldorf-steiner-schulen-lieferungen\/\">Waldorf- oder Steiner-Schule<\/a>. Die sch\u00f6nen <a href=\"https:\/\/teiaeducation.ch\/produkt-kategorie\/marken\/grimms\/\">Grimm&#8217;s Naturholzspielzeuge<\/a> werden nach der <a href=\"https:\/\/teiaeducation.ch\/produktkategorie\/erziehungsmethode\/waldorf-steiner-spielzeug-bastelmaterialen\/\">Waldorf-Philosophie<\/a> hergestellt, die daf\u00fcr bekannt ist, dass sie Kinder dazu ermutigt, das kreative Spiel selbstst\u00e4ndig, ohne Einschr\u00e4nkungen und in einem gem\u00fctlichen Tempo zu entdecken. Die Grimm&#8217;s Holzspielzeuge werden von Hand mit ungiftigen Farben auf Wasserbasis gef\u00e4rbt und nicht lackiert, damit die urspr\u00fcnglichen Eigenschaften des Holzes und die Maserung erhalten bleiben. Die Oberfl\u00e4che der FSC-zertifizierten europ\u00e4ischen Holz ist leicht rau, wodurch sie vollst\u00e4ndig stapelbar und weniger rutschig sind.<\/p>\n<p>Grimm&#8217;s <a href=\"https:\/\/teiaeducation.ch\/de\/produkt-kategorie\/kinder-spielzeug\/handgefertigtes-holzspielzeug\/\">handgefertigtes Holzspielzeug<\/a> wird in den Grimm&#8217;s Werken in Deutschland sowie in mehreren Werkst\u00e4tten in ganz Europa aus verschiedenen Holzarten wie Erle, Linde, Buche und Ahorn hergestellt. Alle H\u00f6lzer, die f\u00fcr die Herstellung der Grimm&#8217;s-Spielzeuge verwendet werden, stammen aus nachhaltig bewirtschafteten europ\u00e4ischen W\u00e4ldern.<\/p>\n<p>Bitte beachten Sie, dass Grimm&#8217;s Spielzeuge immer Unikate sind, die einzigartige, von der Natur geschaffene Zeichen tragen. Die Maserung des Holzes weist wechselnde Strukturen und Farben auf, die von seiner nat\u00fcrlichen Herkunft zeugen. Die einzigartigen Variationen, Markierungen, \u00c4ste, Muster, schwarzen Streifen oder dunklen Flecken, die im Holz eines Grimm&#8217;s Spielzeugs sichtbar sein k\u00f6nnen, sind ein Beweis f\u00fcr Qualit\u00e4t, keine M\u00e4ngel.<\/p>\n","protected":false},"excerpt":{"rendered":"<p>Artikelnummer: gri02022<\/p>\n<p>Der Grimm&#8217;s kleine Gelb-rote Geburtstagsring ist eine Holzdekoration f\u00fcr Dekofiguren und Kerzen zu besonderen Anl\u00e4ssen und Waldorffeiern.<\/p>\n","protected":false},"featured_media":59997,"comment_status":"open","ping_status":"closed","template":"","meta":[],"product_brand":[],"product_cat":[21479,24873,21465,22347,21640,21464,21443,21563,22351,22362,23636,21564,21483,22919],"product_tag":[25346,25344,25352,25350,25347,25349,25345,25348,21720,21719,21715,21721,21712,25351,25354,25353],"class_list":{"0":"post-59996","1":"product","2":"type-product","3":"status-publish","4":"has-post-thumbnail","6":"product_cat-lernmaterialien-spielzeug-montessori-waldorf-steiner-froebel","7":"product_cat-familie-feste-rituale","8":"product_cat-feier-festlichkeiten","9":"product_cat-geburtstage","10":"product_cat-grimms-holzspielzeug","11":"product_cat-herbstkollektion","12":"product_cat-nach-alter","13":"product_cat-neuheiten","14":"product_cat-rituale-adventszeit","15":"product_cat-saisonale-kollektionen","16":"product_cat-sommer-kollektion","17":"product_cat-unsere-marken","18":"product_cat-waldorf-steiner-paedagogik","19":"product_cat-waldorfspielzeug","20":"product_tag-festringe","21":"product_tag-geburtstagsdekorationen-aus-holz","22":"product_tag-geburtstagskerzenhalter-aus-holz","23":"product_tag-geburtstagsring","24":"product_tag-grimms-dekorative-figuren","25":"product_tag-grimms-geburtstagsring","26":"product_tag-grimms-geburtstagsringe","27":"product_tag-grimms-holzerne-geburtstagsdekorationen","28":"product_tag-grimms-schweiz-de","29":"product_tag-grimms-suisse-de","30":"product_tag-grimms-switzerland-de","31":"product_tag-grimms-holzspielzeugladen","32":"product_tag-hergestellt-in-deutschland","33":"product_tag-kerzenhalter-dekorationen","34":"product_tag-waldorf-feier-ring","35":"product_tag-waldorf-geburtstagsring","37":"first","38":"instock","39":"taxable","40":"shipping-taxable","41":"purchasable","42":"product-type-simple"},"yoast_head":"<!-- This site is optimized with the Yoast SEO plugin v27.1.1 - https:\/\/yoast.com\/product\/yoast-seo-wordpress\/ -->\n<title>Geburtstagring Gelb-Rot Klein aus Holz - Grimm&#039;s<\/title>\n<meta name=\"description\" content=\"Grimm&#039;s kleiner Gelb-roter Geburtstagsring ist eine Holzdekoration f\u00fcr Dekofiguren und Kerzen zu besonderen Anl\u00e4ssen und Waldorffeiern.\" \/>\n<meta name=\"robots\" content=\"index, follow, max-snippet:-1, max-image-preview:large, max-video-preview:-1\" \/>\n<link rel=\"canonical\" href=\"https:\/\/teiaeducation.ch\/de\/produkt\/geburtstagring-gelb-rot-klein-aus-holz-grimms\/\" \/>\n<meta property=\"og:locale\" content=\"de_DE\" \/>\n<meta property=\"og:type\" content=\"article\" \/>\n<meta property=\"og:title\" content=\"Geburtstagring Gelb-Rot Klein aus Holz - Grimm&#039;s\" \/>\n<meta property=\"og:description\" content=\"Grimm&#039;s kleiner Gelb-roter Geburtstagsring ist eine Holzdekoration f\u00fcr Dekofiguren und Kerzen zu besonderen Anl\u00e4ssen und Waldorffeiern.\" \/>\n<meta property=\"og:url\" content=\"https:\/\/teiaeducation.ch\/de\/produkt\/geburtstagring-gelb-rot-klein-aus-holz-grimms\/\" \/>\n<meta property=\"og:site_name\" content=\"Sustainable Educational Products &amp; Ecological Toys\u00a0\" \/>\n<meta property=\"article:publisher\" content=\"https:\/\/www.facebook.com\/teiaeducation\/\" \/>\n<meta property=\"article:modified_time\" content=\"2025-12-11T16:36:16+00:00\" \/>\n<meta property=\"og:image\" content=\"https:\/\/teiaeducation.ch\/wp-content\/uploads\/2020\/12\/Small-yellow-red-birthday-ring-Handmade-wooden-Waldorf-celebrations-ring-Grimms.jpg\" \/>\n\t<meta property=\"og:image:width\" content=\"900\" \/>\n\t<meta property=\"og:image:height\" content=\"900\" \/>\n\t<meta property=\"og:image:type\" content=\"image\/jpeg\" \/>\n<script type=\"application\/ld+json\" class=\"yoast-schema-graph\">{\"@context\":\"https:\/\/schema.org\",\"@graph\":[{\"@type\":\"WebPage\",\"@id\":\"https:\/\/teiaeducation.ch\/de\/produkt\/geburtstagring-gelb-rot-klein-aus-holz-grimms\/\",\"url\":\"https:\/\/teiaeducation.ch\/de\/produkt\/geburtstagring-gelb-rot-klein-aus-holz-grimms\/\",\"name\":\"Geburtstagring Gelb-Rot Klein aus Holz - Grimm's\",\"isPartOf\":{\"@id\":\"https:\/\/teiaeducation.ch\/de\/#website\"},\"primaryImageOfPage\":{\"@id\":\"https:\/\/teiaeducation.ch\/de\/produkt\/geburtstagring-gelb-rot-klein-aus-holz-grimms\/#primaryimage\"},\"image\":{\"@id\":\"https:\/\/teiaeducation.ch\/de\/produkt\/geburtstagring-gelb-rot-klein-aus-holz-grimms\/#primaryimage\"},\"thumbnailUrl\":\"https:\/\/teiaeducation.ch\/wp-content\/uploads\/2020\/12\/Small-yellow-red-birthday-ring-Handmade-wooden-Waldorf-celebrations-ring-Grimms.jpg\",\"datePublished\":\"2020-12-22T21:03:43+00:00\",\"dateModified\":\"2025-12-11T16:36:16+00:00\",\"description\":\"Grimm's kleiner Gelb-roter Geburtstagsring ist eine Holzdekoration f\u00fcr Dekofiguren und Kerzen zu besonderen Anl\u00e4ssen und Waldorffeiern.\",\"breadcrumb\":{\"@id\":\"https:\/\/teiaeducation.ch\/de\/produkt\/geburtstagring-gelb-rot-klein-aus-holz-grimms\/#breadcrumb\"},\"inLanguage\":\"de-CH\",\"potentialAction\":[{\"@type\":\"ReadAction\",\"target\":[\"https:\/\/teiaeducation.ch\/de\/produkt\/geburtstagring-gelb-rot-klein-aus-holz-grimms\/\"]}]},{\"@type\":\"ImageObject\",\"inLanguage\":\"de-CH\",\"@id\":\"https:\/\/teiaeducation.ch\/de\/produkt\/geburtstagring-gelb-rot-klein-aus-holz-grimms\/#primaryimage\",\"url\":\"https:\/\/teiaeducation.ch\/wp-content\/uploads\/2020\/12\/Small-yellow-red-birthday-ring-Handmade-wooden-Waldorf-celebrations-ring-Grimms.jpg\",\"contentUrl\":\"https:\/\/teiaeducation.ch\/wp-content\/uploads\/2020\/12\/Small-yellow-red-birthday-ring-Handmade-wooden-Waldorf-celebrations-ring-Grimms.jpg\",\"width\":900,\"height\":900,\"caption\":\"Kleiner Gelb-roter Geburtstagsring \/ Handgefertigter Waldorf-Feierring aus Holz - Grimm's\"},{\"@type\":\"BreadcrumbList\",\"@id\":\"https:\/\/teiaeducation.ch\/de\/produkt\/geburtstagring-gelb-rot-klein-aus-holz-grimms\/#breadcrumb\",\"itemListElement\":[{\"@type\":\"ListItem\",\"position\":1,\"name\":\"Home\",\"item\":\"https:\/\/teiaeducation.ch\/de\/\"},{\"@type\":\"ListItem\",\"position\":2,\"name\":\"Laden\",\"item\":\"https:\/\/teiaeducation.ch\/de\/shop\/\"},{\"@type\":\"ListItem\",\"position\":3,\"name\":\"Unsere Marken\",\"item\":\"https:\/\/teiaeducation.ch\/de\/produkt-kategorie\/unsere-marken\/\"},{\"@type\":\"ListItem\",\"position\":4,\"name\":\"Grimm's\",\"item\":\"https:\/\/teiaeducation.ch\/de\/produkt-kategorie\/unsere-marken\/grimms-holzspielzeug\/\"},{\"@type\":\"ListItem\",\"position\":5,\"name\":\"Geburtstagring Gelb-Rot Klein aus Holz &#8211; Grimm&#8217;s\"}]},{\"@type\":\"WebSite\",\"@id\":\"https:\/\/teiaeducation.ch\/de\/#website\",\"url\":\"https:\/\/teiaeducation.ch\/de\/\",\"name\":\"Sustainable Educational Products &amp; Ecological Toys\u00a0\",\"description\":\"Specialised Swiss shop selling sustainable educational toys and games, AMI certified Montessori materials, handmade ecological wooden Waldorf toys and arts &amp; crafts supplies, school supplies, children&#039;s furniture and Montessori reference and parenting books.\",\"publisher\":{\"@id\":\"https:\/\/teiaeducation.ch\/de\/#organization\"},\"alternateName\":\"Teia Education & Play\",\"potentialAction\":[{\"@type\":\"SearchAction\",\"target\":{\"@type\":\"EntryPoint\",\"urlTemplate\":\"https:\/\/teiaeducation.ch\/de\/?s={search_term_string}\"},\"query-input\":{\"@type\":\"PropertyValueSpecification\",\"valueRequired\":true,\"valueName\":\"search_term_string\"}}],\"inLanguage\":\"de-CH\"},{\"@type\":\"Organization\",\"@id\":\"https:\/\/teiaeducation.ch\/de\/#organization\",\"name\":\"Teia Education & Play\",\"url\":\"https:\/\/teiaeducation.ch\/de\/\",\"logo\":{\"@type\":\"ImageObject\",\"inLanguage\":\"de-CH\",\"@id\":\"https:\/\/teiaeducation.ch\/de\/#\/schema\/logo\/image\/\",\"url\":\"https:\/\/teiaeducation.ch\/wp-content\/uploads\/2020\/11\/Teia-Education-Switzerland-e1620156442216.jpg\",\"contentUrl\":\"https:\/\/teiaeducation.ch\/wp-content\/uploads\/2020\/11\/Teia-Education-Switzerland-e1620156442216.jpg\",\"width\":166,\"height\":145,\"caption\":\"Teia Education & Play\"},\"image\":{\"@id\":\"https:\/\/teiaeducation.ch\/de\/#\/schema\/logo\/image\/\"},\"sameAs\":[\"https:\/\/www.facebook.com\/teiaeducation\/\",\"https:\/\/x.com\/EducationTeia\",\"https:\/\/www.instagram.com\/teia.education\/\",\"https:\/\/www.linkedin.com\/company\/35501660\",\"https:\/\/www.pinterest.ch\/TeiaEducation\/\"]}]}<\/script>\n<!-- \/ Yoast SEO plugin. -->","yoast_head_json":{"title":"Geburtstagring Gelb-Rot Klein aus Holz - Grimm's","description":"Grimm's kleiner Gelb-roter Geburtstagsring ist eine Holzdekoration f\u00fcr Dekofiguren und Kerzen zu besonderen Anl\u00e4ssen und Waldorffeiern.","robots":{"index":"index","follow":"follow","max-snippet":"max-snippet:-1","max-image-preview":"max-image-preview:large","max-video-preview":"max-video-preview:-1"},"canonical":"https:\/\/teiaeducation.ch\/de\/produkt\/geburtstagring-gelb-rot-klein-aus-holz-grimms\/","og_locale":"de_DE","og_type":"article","og_title":"Geburtstagring Gelb-Rot Klein aus Holz - Grimm's","og_description":"Grimm's kleiner Gelb-roter Geburtstagsring ist eine Holzdekoration f\u00fcr Dekofiguren und Kerzen zu besonderen Anl\u00e4ssen und Waldorffeiern.","og_url":"https:\/\/teiaeducation.ch\/de\/produkt\/geburtstagring-gelb-rot-klein-aus-holz-grimms\/","og_site_name":"Sustainable Educational Products &amp; Ecological Toys\u00a0","article_publisher":"https:\/\/www.facebook.com\/teiaeducation\/","article_modified_time":"2025-12-11T16:36:16+00:00","og_image":[{"width":900,"height":900,"url":"https:\/\/teiaeducation.ch\/wp-content\/uploads\/2020\/12\/Small-yellow-red-birthday-ring-Handmade-wooden-Waldorf-celebrations-ring-Grimms.jpg","type":"image\/jpeg"}],"schema":{"@context":"https:\/\/schema.org","@graph":[{"@type":"WebPage","@id":"https:\/\/teiaeducation.ch\/de\/produkt\/geburtstagring-gelb-rot-klein-aus-holz-grimms\/","url":"https:\/\/teiaeducation.ch\/de\/produkt\/geburtstagring-gelb-rot-klein-aus-holz-grimms\/","name":"Geburtstagring Gelb-Rot Klein aus Holz - Grimm's","isPartOf":{"@id":"https:\/\/teiaeducation.ch\/de\/#website"},"primaryImageOfPage":{"@id":"https:\/\/teiaeducation.ch\/de\/produkt\/geburtstagring-gelb-rot-klein-aus-holz-grimms\/#primaryimage"},"image":{"@id":"https:\/\/teiaeducation.ch\/de\/produkt\/geburtstagring-gelb-rot-klein-aus-holz-grimms\/#primaryimage"},"thumbnailUrl":"https:\/\/teiaeducation.ch\/wp-content\/uploads\/2020\/12\/Small-yellow-red-birthday-ring-Handmade-wooden-Waldorf-celebrations-ring-Grimms.jpg","datePublished":"2020-12-22T21:03:43+00:00","dateModified":"2025-12-11T16:36:16+00:00","description":"Grimm's kleiner Gelb-roter Geburtstagsring ist eine Holzdekoration f\u00fcr Dekofiguren und Kerzen zu besonderen Anl\u00e4ssen und Waldorffeiern.","breadcrumb":{"@id":"https:\/\/teiaeducation.ch\/de\/produkt\/geburtstagring-gelb-rot-klein-aus-holz-grimms\/#breadcrumb"},"inLanguage":"de-CH","potentialAction":[{"@type":"ReadAction","target":["https:\/\/teiaeducation.ch\/de\/produkt\/geburtstagring-gelb-rot-klein-aus-holz-grimms\/"]}]},{"@type":"ImageObject","inLanguage":"de-CH","@id":"https:\/\/teiaeducation.ch\/de\/produkt\/geburtstagring-gelb-rot-klein-aus-holz-grimms\/#primaryimage","url":"https:\/\/teiaeducation.ch\/wp-content\/uploads\/2020\/12\/Small-yellow-red-birthday-ring-Handmade-wooden-Waldorf-celebrations-ring-Grimms.jpg","contentUrl":"https:\/\/teiaeducation.ch\/wp-content\/uploads\/2020\/12\/Small-yellow-red-birthday-ring-Handmade-wooden-Waldorf-celebrations-ring-Grimms.jpg","width":900,"height":900,"caption":"Kleiner Gelb-roter Geburtstagsring \/ Handgefertigter Waldorf-Feierring aus Holz - Grimm's"},{"@type":"BreadcrumbList","@id":"https:\/\/teiaeducation.ch\/de\/produkt\/geburtstagring-gelb-rot-klein-aus-holz-grimms\/#breadcrumb","itemListElement":[{"@type":"ListItem","position":1,"name":"Home","item":"https:\/\/teiaeducation.ch\/de\/"},{"@type":"ListItem","position":2,"name":"Laden","item":"https:\/\/teiaeducation.ch\/de\/shop\/"},{"@type":"ListItem","position":3,"name":"Unsere Marken","item":"https:\/\/teiaeducation.ch\/de\/produkt-kategorie\/unsere-marken\/"},{"@type":"ListItem","position":4,"name":"Grimm's","item":"https:\/\/teiaeducation.ch\/de\/produkt-kategorie\/unsere-marken\/grimms-holzspielzeug\/"},{"@type":"ListItem","position":5,"name":"Geburtstagring Gelb-Rot Klein aus Holz &#8211; Grimm&#8217;s"}]},{"@type":"WebSite","@id":"https:\/\/teiaeducation.ch\/de\/#website","url":"https:\/\/teiaeducation.ch\/de\/","name":"Sustainable Educational Products &amp; Ecological Toys\u00a0","description":"Specialised Swiss shop selling sustainable educational toys and games, AMI certified Montessori materials, handmade ecological wooden Waldorf toys and arts &amp; crafts supplies, school supplies, children&#039;s furniture and Montessori reference and parenting books.","publisher":{"@id":"https:\/\/teiaeducation.ch\/de\/#organization"},"alternateName":"Teia Education & Play","potentialAction":[{"@type":"SearchAction","target":{"@type":"EntryPoint","urlTemplate":"https:\/\/teiaeducation.ch\/de\/?s={search_term_string}"},"query-input":{"@type":"PropertyValueSpecification","valueRequired":true,"valueName":"search_term_string"}}],"inLanguage":"de-CH"},{"@type":"Organization","@id":"https:\/\/teiaeducation.ch\/de\/#organization","name":"Teia Education & Play","url":"https:\/\/teiaeducation.ch\/de\/","logo":{"@type":"ImageObject","inLanguage":"de-CH","@id":"https:\/\/teiaeducation.ch\/de\/#\/schema\/logo\/image\/","url":"https:\/\/teiaeducation.ch\/wp-content\/uploads\/2020\/11\/Teia-Education-Switzerland-e1620156442216.jpg","contentUrl":"https:\/\/teiaeducation.ch\/wp-content\/uploads\/2020\/11\/Teia-Education-Switzerland-e1620156442216.jpg","width":166,"height":145,"caption":"Teia Education & Play"},"image":{"@id":"https:\/\/teiaeducation.ch\/de\/#\/schema\/logo\/image\/"},"sameAs":["https:\/\/www.facebook.com\/teiaeducation\/","https:\/\/x.com\/EducationTeia","https:\/\/www.instagram.com\/teia.education\/","https:\/\/www.linkedin.com\/company\/35501660","https:\/\/www.pinterest.ch\/TeiaEducation\/"]}]}},"_links":{"self":[{"href":"https:\/\/teiaeducation.ch\/de\/wp-json\/wp\/v2\/product\/59996","targetHints":{"allow":["GET"]}}],"collection":[{"href":"https:\/\/teiaeducation.ch\/de\/wp-json\/wp\/v2\/product"}],"about":[{"href":"https:\/\/teiaeducation.ch\/de\/wp-json\/wp\/v2\/types\/product"}],"replies":[{"embeddable":true,"href":"https:\/\/teiaeducation.ch\/de\/wp-json\/wp\/v2\/comments?post=59996"}],"wp:featuredmedia":[{"embeddable":true,"href":"https:\/\/teiaeducation.ch\/de\/wp-json\/wp\/v2\/media\/59997"}],"wp:attachment":[{"href":"https:\/\/teiaeducation.ch\/de\/wp-json\/wp\/v2\/media?parent=59996"}],"wp:term":[{"taxonomy":"product_brand","embeddable":true,"href":"https:\/\/teiaeducation.ch\/de\/wp-json\/wp\/v2\/product_brand?post=59996"},{"taxonomy":"product_cat","embeddable":true,"href":"https:\/\/teiaeducation.ch\/de\/wp-json\/wp\/v2\/product_cat?post=59996"},{"taxonomy":"product_tag","embeddable":true,"href":"https:\/\/teiaeducation.ch\/de\/wp-json\/wp\/v2\/product_tag?post=59996"}],"curies":[{"name":"wp","href":"https:\/\/api.w.org\/{rel}","templated":true}]}}