{"id":59998,"date":"2020-12-22T22:01:58","date_gmt":"2020-12-22T21:01:58","guid":{"rendered":"https:\/\/teiaeducation.ch\/product\/geburtstagring-rosa-rot-klein-aus-holz-grimms\/"},"modified":"2024-04-23T14:05:05","modified_gmt":"2024-04-23T12:05:05","slug":"geburtstagring-rosa-rot-klein-aus-holz-grimms","status":"publish","type":"product","link":"https:\/\/teiaeducation.ch\/de\/produkt\/geburtstagring-rosa-rot-klein-aus-holz-grimms\/","title":{"rendered":"Geburtstagring Rosa-Rot Klein aus Holz &#8211; Grimm&#8217;s"},"content":{"rendered":"<p>Dieser h\u00fcbsche kleine Rosa-rote Geburtstagsring aus Holz von Grimm&#8217;s ist eine von <a href=\"https:\/\/teiaeducation.ch\/product-category\/hgh-quality-toys-play\/waldorf-toys\/\">Waldorf<\/a> inspirierte Dekoration und ein Kerzenhalter. Er ist ein wunderbarer Mittelpunkt f\u00fcr <a href=\"https:\/\/teiaeducation.ch\/product-category\/celebrations\/\">Feiern<\/a> oder eine Zierde f\u00fcr Ihren <a href=\"https:\/\/teiaeducation.ch\/product-category\/celebrations\/nature-seasonal-tables\/\">Naturtisch<\/a> oder Ihre Fensterbank! Der Grimm&#8217;s Regenbogen-Festtagsring verleiht jeder Feier eine besondere Atmosph\u00e4re und ein Gef\u00fchl f\u00fcr den Anlass.<\/p>\n<p>Der Rosa-rote Geburtstagsring von Grimm&#8217;s ist aus Lindenholz handgefertigt und mit ungiftiger Beize auf Wasserbasis in h\u00fcbschen Pastellt\u00f6nen handbemalt. Er hat einen Durchmesser von 22 cm.<\/p>\n<p>Verzieren Sie den Ring mit den h\u00fcbschen Grimm&#8217;s <a href=\"https:\/\/teiaeducation.ch\/?s=decorative+figure&amp;post_type=product&amp;lang=en\">Deko-Figuren und Zahlen<\/a>, die das Alter des Geburtstagskindes, seine Lieblingstiere, Spielzeuge oder andere besondere Interessen darstellen. Sie k\u00f6nnen auch Blumen, nat\u00fcrliche Gegenst\u00e4nde und Lichter oder Kerzen hinzuf\u00fcgen, um Ihre Feier perfekt zu dekorieren.<\/p>\n<p>Mit dieser fr\u00f6hlichen Dekoration k\u00f6nnen Sie Ihren Kindern helfen, besondere Anl\u00e4sse zu feiern und zu markieren &#8211; eine Familientradition f\u00fcr die n\u00e4chsten Jahre und Generationen!<\/p>\n<p>Achtung! Der Grimm&#8217;s Rosa-roter Geburtstagsring ist ein Dekorationsartikel und nicht zum Spielen geeignet. Aus Sicherheitsgr\u00fcnden sollten Sie bei der Verwendung von Kerzen Kerzenhalter verwenden und darauf achten, dass keine Zugluft entsteht und sich keine dekorative Figur in der N\u00e4he der Flammen befindet. Dieses Material ist f\u00fcr Kinder ab 14 Jahren geeignet.<\/p>\n<p>Inhalt:<\/p>\n<p>4 Festtagsringe, jeder mit 3 L\u00f6chern<\/p>\n<h2>\u00dcber Grimm&#8217;s<\/h2>\n<p>Ideal zum Spielen zu Hause, im Kindergarten, in der <a href=\"https:\/\/teiaeducation.ch\/waldorf-steiner-schulen-lieferungen\/\">Waldorf- oder Steiner-Schule<\/a>. Die sch\u00f6nen <a href=\"https:\/\/teiaeducation.ch\/produkt-kategorie\/marken\/grimms\/\">Grimm&#8217;s Naturholzspielzeuge<\/a> werden nach der <a href=\"https:\/\/teiaeducation.ch\/produktkategorie\/erziehungsmethode\/waldorf-steiner-spielzeug-bastelmaterialen\/\">Waldorf-Philosophie<\/a> hergestellt, die daf\u00fcr bekannt ist, dass sie Kinder dazu ermutigt, das kreative Spiel selbstst\u00e4ndig, ohne Einschr\u00e4nkungen und in einem gem\u00fctlichen Tempo zu entdecken. Die Grimm&#8217;s Holzspielzeuge werden von Hand mit ungiftigen Farben auf Wasserbasis gef\u00e4rbt und nicht lackiert, damit die urspr\u00fcnglichen Eigenschaften des Holzes und die Maserung erhalten bleiben. Die Oberfl\u00e4che der FSC-zertifizierten europ\u00e4ischen Holz ist leicht rau, wodurch sie vollst\u00e4ndig stapelbar und weniger rutschig sind.<\/p>\n<p>Grimm&#8217;s <a href=\"https:\/\/teiaeducation.ch\/product-category\/hgh-quality-toys-play\/handmade-wooden-toys\/\">handgefertigtes Holzspielzeug<\/a> wird in den Grimm&#8217;s Werken in Deutschland sowie in mehreren Werkst\u00e4tten in ganz Europa aus verschiedenen Holzarten wie Erle, Linde, Buche und Ahorn hergestellt. Alle H\u00f6lzer, die f\u00fcr die Herstellung der Grimm&#8217;s-Spielzeuge verwendet werden, stammen aus nachhaltig bewirtschafteten europ\u00e4ischen W\u00e4ldern.<\/p>\n<p>Bitte beachten Sie, dass Grimm&#8217;s Spielzeuge immer Unikate sind, die einzigartige, von der Natur geschaffene Zeichen tragen. Die Maserung des Holzes weist wechselnde Strukturen und Farben auf, die von seiner nat\u00fcrlichen Herkunft zeugen. Die einzigartigen Variationen, Markierungen, \u00c4ste, Muster, schwarzen Streifen oder dunklen Flecken, die im Holz eines Grimm&#8217;s Spielzeugs sichtbar sein k\u00f6nnen, sind ein Beweis f\u00fcr Qualit\u00e4t, keine M\u00e4ngel.<\/p>\n","protected":false},"excerpt":{"rendered":"<p>Artikelnummer: gri02014<\/p>\n<p>Der kleine Rosa-rote Geburtstagsring von Grimm&#8217;s ist eine Holzdekoration f\u00fcr Dekofiguren und Kerzen zu besonderen Anl\u00e4ssen und Waldorf-Festen.<\/p>\n","protected":false},"featured_media":59999,"comment_status":"open","ping_status":"closed","template":"","meta":[],"product_brand":[],"product_cat":[21479,24873,21465,22347,21640,21443,21563,22351,21564,21483,22919],"product_tag":[25346,25344,25352,25350,25347,25349,25345,25348,21720,21719,21715,21721,21712,25351,25354,25353],"class_list":{"0":"post-59998","1":"product","2":"type-product","3":"status-publish","4":"has-post-thumbnail","6":"product_cat-lernmaterialien-spielzeug-montessori-waldorf-steiner-froebel","7":"product_cat-familie-feste-rituale","8":"product_cat-feier-festlichkeiten","9":"product_cat-geburtstage","10":"product_cat-grimms-holzspielzeug","11":"product_cat-nach-alter","12":"product_cat-neuheiten","13":"product_cat-rituale-adventszeit","14":"product_cat-unsere-marken","15":"product_cat-waldorf-steiner-paedagogik","16":"product_cat-waldorfspielzeug","17":"product_tag-festringe","18":"product_tag-geburtstagsdekorationen-aus-holz","19":"product_tag-geburtstagskerzenhalter-aus-holz","20":"product_tag-geburtstagsring","21":"product_tag-grimms-dekorative-figuren","22":"product_tag-grimms-geburtstagsring","23":"product_tag-grimms-geburtstagsringe","24":"product_tag-grimms-holzerne-geburtstagsdekorationen","25":"product_tag-grimms-schweiz-de","26":"product_tag-grimms-suisse-de","27":"product_tag-grimms-switzerland-de","28":"product_tag-grimms-holzspielzeugladen","29":"product_tag-hergestellt-in-deutschland","30":"product_tag-kerzenhalter-dekorationen","31":"product_tag-waldorf-feier-ring","32":"product_tag-waldorf-geburtstagsring","34":"first","35":"outofstock","36":"taxable","37":"shipping-taxable","38":"purchasable","39":"product-type-simple"},"yoast_head":"<!-- This site is optimized with the Yoast SEO plugin v27.1.1 - https:\/\/yoast.com\/product\/yoast-seo-wordpress\/ -->\n<title>Geburtstagring Rosa-Rot Klein aus Holz - Grimm&#039;s<\/title>\n<meta name=\"description\" content=\"Grimm&#039;s kleiner Rosa-roter Geburtstagsring ist eine Holzdekoration f\u00fcr Dekofiguren und Kerzen zu besonderen Anl\u00e4ssen und Waldorf-Festen.\" \/>\n<meta name=\"robots\" content=\"index, follow, max-snippet:-1, max-image-preview:large, max-video-preview:-1\" \/>\n<link rel=\"canonical\" href=\"https:\/\/teiaeducation.ch\/de\/produkt\/geburtstagring-rosa-rot-klein-aus-holz-grimms\/\" \/>\n<meta property=\"og:locale\" content=\"de_DE\" \/>\n<meta property=\"og:type\" content=\"article\" \/>\n<meta property=\"og:title\" content=\"Geburtstagring Rosa-Rot Klein aus Holz - Grimm&#039;s\" \/>\n<meta property=\"og:description\" content=\"Grimm&#039;s kleiner Rosa-roter Geburtstagsring ist eine Holzdekoration f\u00fcr Dekofiguren und Kerzen zu besonderen Anl\u00e4ssen und Waldorf-Festen.\" \/>\n<meta property=\"og:url\" content=\"https:\/\/teiaeducation.ch\/de\/produkt\/geburtstagring-rosa-rot-klein-aus-holz-grimms\/\" \/>\n<meta property=\"og:site_name\" content=\"Sustainable Educational Products &amp; Ecological Toys\u00a0\" \/>\n<meta property=\"article:publisher\" content=\"https:\/\/www.facebook.com\/teiaeducation\/\" \/>\n<meta property=\"article:modified_time\" content=\"2024-04-23T12:05:05+00:00\" \/>\n<meta property=\"og:image\" content=\"https:\/\/teiaeducation.ch\/wp-content\/uploads\/2020\/10\/Small-pink-red-birthday-ring-Grimms.jpg\" \/>\n\t<meta property=\"og:image:width\" content=\"800\" \/>\n\t<meta property=\"og:image:height\" content=\"572\" \/>\n\t<meta property=\"og:image:type\" content=\"image\/jpeg\" \/>\n<script type=\"application\/ld+json\" class=\"yoast-schema-graph\">{\"@context\":\"https:\/\/schema.org\",\"@graph\":[{\"@type\":\"WebPage\",\"@id\":\"https:\/\/teiaeducation.ch\/de\/produkt\/geburtstagring-rosa-rot-klein-aus-holz-grimms\/\",\"url\":\"https:\/\/teiaeducation.ch\/de\/produkt\/geburtstagring-rosa-rot-klein-aus-holz-grimms\/\",\"name\":\"Geburtstagring Rosa-Rot Klein aus Holz - Grimm's\",\"isPartOf\":{\"@id\":\"https:\/\/teiaeducation.ch\/de\/#website\"},\"primaryImageOfPage\":{\"@id\":\"https:\/\/teiaeducation.ch\/de\/produkt\/geburtstagring-rosa-rot-klein-aus-holz-grimms\/#primaryimage\"},\"image\":{\"@id\":\"https:\/\/teiaeducation.ch\/de\/produkt\/geburtstagring-rosa-rot-klein-aus-holz-grimms\/#primaryimage\"},\"thumbnailUrl\":\"https:\/\/teiaeducation.ch\/wp-content\/uploads\/2020\/10\/Small-pink-red-birthday-ring-Grimms.jpg\",\"datePublished\":\"2020-12-22T21:01:58+00:00\",\"dateModified\":\"2024-04-23T12:05:05+00:00\",\"description\":\"Grimm's kleiner Rosa-roter Geburtstagsring ist eine Holzdekoration f\u00fcr Dekofiguren und Kerzen zu besonderen Anl\u00e4ssen und Waldorf-Festen.\",\"breadcrumb\":{\"@id\":\"https:\/\/teiaeducation.ch\/de\/produkt\/geburtstagring-rosa-rot-klein-aus-holz-grimms\/#breadcrumb\"},\"inLanguage\":\"de-CH\",\"potentialAction\":[{\"@type\":\"ReadAction\",\"target\":[\"https:\/\/teiaeducation.ch\/de\/produkt\/geburtstagring-rosa-rot-klein-aus-holz-grimms\/\"]}]},{\"@type\":\"ImageObject\",\"inLanguage\":\"de-CH\",\"@id\":\"https:\/\/teiaeducation.ch\/de\/produkt\/geburtstagring-rosa-rot-klein-aus-holz-grimms\/#primaryimage\",\"url\":\"https:\/\/teiaeducation.ch\/wp-content\/uploads\/2020\/10\/Small-pink-red-birthday-ring-Grimms.jpg\",\"contentUrl\":\"https:\/\/teiaeducation.ch\/wp-content\/uploads\/2020\/10\/Small-pink-red-birthday-ring-Grimms.jpg\",\"width\":800,\"height\":572,\"caption\":\"Holzring zur Waldorffeier Kleiner Rosa-roter Geburtstagsring - Grimm's\"},{\"@type\":\"BreadcrumbList\",\"@id\":\"https:\/\/teiaeducation.ch\/de\/produkt\/geburtstagring-rosa-rot-klein-aus-holz-grimms\/#breadcrumb\",\"itemListElement\":[{\"@type\":\"ListItem\",\"position\":1,\"name\":\"Home\",\"item\":\"https:\/\/teiaeducation.ch\/de\/\"},{\"@type\":\"ListItem\",\"position\":2,\"name\":\"Laden\",\"item\":\"https:\/\/teiaeducation.ch\/de\/shop\/\"},{\"@type\":\"ListItem\",\"position\":3,\"name\":\"Unsere Marken\",\"item\":\"https:\/\/teiaeducation.ch\/de\/produkt-kategorie\/unsere-marken\/\"},{\"@type\":\"ListItem\",\"position\":4,\"name\":\"Grimm's\",\"item\":\"https:\/\/teiaeducation.ch\/de\/produkt-kategorie\/unsere-marken\/grimms-holzspielzeug\/\"},{\"@type\":\"ListItem\",\"position\":5,\"name\":\"Familie Feste &amp; Rituale\",\"item\":\"https:\/\/teiaeducation.ch\/de\/produkt-kategorie\/unsere-marken\/grimms-holzspielzeug\/familie-feste-rituale\/\"},{\"@type\":\"ListItem\",\"position\":6,\"name\":\"Geburtstagring Rosa-Rot Klein aus Holz &#8211; Grimm&#8217;s\"}]},{\"@type\":\"WebSite\",\"@id\":\"https:\/\/teiaeducation.ch\/de\/#website\",\"url\":\"https:\/\/teiaeducation.ch\/de\/\",\"name\":\"Sustainable Educational Products &amp; Ecological Toys\u00a0\",\"description\":\"Specialised Swiss shop selling sustainable educational toys and games, AMI certified Montessori materials, handmade ecological wooden Waldorf toys and arts &amp; crafts supplies, school supplies, children&#039;s furniture and Montessori reference and parenting books.\",\"publisher\":{\"@id\":\"https:\/\/teiaeducation.ch\/de\/#organization\"},\"alternateName\":\"Teia Education & Play\",\"potentialAction\":[{\"@type\":\"SearchAction\",\"target\":{\"@type\":\"EntryPoint\",\"urlTemplate\":\"https:\/\/teiaeducation.ch\/de\/?s={search_term_string}\"},\"query-input\":{\"@type\":\"PropertyValueSpecification\",\"valueRequired\":true,\"valueName\":\"search_term_string\"}}],\"inLanguage\":\"de-CH\"},{\"@type\":\"Organization\",\"@id\":\"https:\/\/teiaeducation.ch\/de\/#organization\",\"name\":\"Teia Education & Play\",\"url\":\"https:\/\/teiaeducation.ch\/de\/\",\"logo\":{\"@type\":\"ImageObject\",\"inLanguage\":\"de-CH\",\"@id\":\"https:\/\/teiaeducation.ch\/de\/#\/schema\/logo\/image\/\",\"url\":\"https:\/\/teiaeducation.ch\/wp-content\/uploads\/2020\/11\/Teia-Education-Switzerland-e1620156442216.jpg\",\"contentUrl\":\"https:\/\/teiaeducation.ch\/wp-content\/uploads\/2020\/11\/Teia-Education-Switzerland-e1620156442216.jpg\",\"width\":166,\"height\":145,\"caption\":\"Teia Education & Play\"},\"image\":{\"@id\":\"https:\/\/teiaeducation.ch\/de\/#\/schema\/logo\/image\/\"},\"sameAs\":[\"https:\/\/www.facebook.com\/teiaeducation\/\",\"https:\/\/x.com\/EducationTeia\",\"https:\/\/www.instagram.com\/teia.education\/\",\"https:\/\/www.linkedin.com\/company\/35501660\",\"https:\/\/www.pinterest.ch\/TeiaEducation\/\"]}]}<\/script>\n<!-- \/ Yoast SEO plugin. -->","yoast_head_json":{"title":"Geburtstagring Rosa-Rot Klein aus Holz - Grimm's","description":"Grimm's kleiner Rosa-roter Geburtstagsring ist eine Holzdekoration f\u00fcr Dekofiguren und Kerzen zu besonderen Anl\u00e4ssen und Waldorf-Festen.","robots":{"index":"index","follow":"follow","max-snippet":"max-snippet:-1","max-image-preview":"max-image-preview:large","max-video-preview":"max-video-preview:-1"},"canonical":"https:\/\/teiaeducation.ch\/de\/produkt\/geburtstagring-rosa-rot-klein-aus-holz-grimms\/","og_locale":"de_DE","og_type":"article","og_title":"Geburtstagring Rosa-Rot Klein aus Holz - Grimm's","og_description":"Grimm's kleiner Rosa-roter Geburtstagsring ist eine Holzdekoration f\u00fcr Dekofiguren und Kerzen zu besonderen Anl\u00e4ssen und Waldorf-Festen.","og_url":"https:\/\/teiaeducation.ch\/de\/produkt\/geburtstagring-rosa-rot-klein-aus-holz-grimms\/","og_site_name":"Sustainable Educational Products &amp; Ecological Toys\u00a0","article_publisher":"https:\/\/www.facebook.com\/teiaeducation\/","article_modified_time":"2024-04-23T12:05:05+00:00","og_image":[{"width":800,"height":572,"url":"https:\/\/teiaeducation.ch\/wp-content\/uploads\/2020\/10\/Small-pink-red-birthday-ring-Grimms.jpg","type":"image\/jpeg"}],"schema":{"@context":"https:\/\/schema.org","@graph":[{"@type":"WebPage","@id":"https:\/\/teiaeducation.ch\/de\/produkt\/geburtstagring-rosa-rot-klein-aus-holz-grimms\/","url":"https:\/\/teiaeducation.ch\/de\/produkt\/geburtstagring-rosa-rot-klein-aus-holz-grimms\/","name":"Geburtstagring Rosa-Rot Klein aus Holz - Grimm's","isPartOf":{"@id":"https:\/\/teiaeducation.ch\/de\/#website"},"primaryImageOfPage":{"@id":"https:\/\/teiaeducation.ch\/de\/produkt\/geburtstagring-rosa-rot-klein-aus-holz-grimms\/#primaryimage"},"image":{"@id":"https:\/\/teiaeducation.ch\/de\/produkt\/geburtstagring-rosa-rot-klein-aus-holz-grimms\/#primaryimage"},"thumbnailUrl":"https:\/\/teiaeducation.ch\/wp-content\/uploads\/2020\/10\/Small-pink-red-birthday-ring-Grimms.jpg","datePublished":"2020-12-22T21:01:58+00:00","dateModified":"2024-04-23T12:05:05+00:00","description":"Grimm's kleiner Rosa-roter Geburtstagsring ist eine Holzdekoration f\u00fcr Dekofiguren und Kerzen zu besonderen Anl\u00e4ssen und Waldorf-Festen.","breadcrumb":{"@id":"https:\/\/teiaeducation.ch\/de\/produkt\/geburtstagring-rosa-rot-klein-aus-holz-grimms\/#breadcrumb"},"inLanguage":"de-CH","potentialAction":[{"@type":"ReadAction","target":["https:\/\/teiaeducation.ch\/de\/produkt\/geburtstagring-rosa-rot-klein-aus-holz-grimms\/"]}]},{"@type":"ImageObject","inLanguage":"de-CH","@id":"https:\/\/teiaeducation.ch\/de\/produkt\/geburtstagring-rosa-rot-klein-aus-holz-grimms\/#primaryimage","url":"https:\/\/teiaeducation.ch\/wp-content\/uploads\/2020\/10\/Small-pink-red-birthday-ring-Grimms.jpg","contentUrl":"https:\/\/teiaeducation.ch\/wp-content\/uploads\/2020\/10\/Small-pink-red-birthday-ring-Grimms.jpg","width":800,"height":572,"caption":"Holzring zur Waldorffeier Kleiner Rosa-roter Geburtstagsring - Grimm's"},{"@type":"BreadcrumbList","@id":"https:\/\/teiaeducation.ch\/de\/produkt\/geburtstagring-rosa-rot-klein-aus-holz-grimms\/#breadcrumb","itemListElement":[{"@type":"ListItem","position":1,"name":"Home","item":"https:\/\/teiaeducation.ch\/de\/"},{"@type":"ListItem","position":2,"name":"Laden","item":"https:\/\/teiaeducation.ch\/de\/shop\/"},{"@type":"ListItem","position":3,"name":"Unsere Marken","item":"https:\/\/teiaeducation.ch\/de\/produkt-kategorie\/unsere-marken\/"},{"@type":"ListItem","position":4,"name":"Grimm's","item":"https:\/\/teiaeducation.ch\/de\/produkt-kategorie\/unsere-marken\/grimms-holzspielzeug\/"},{"@type":"ListItem","position":5,"name":"Familie Feste &amp; Rituale","item":"https:\/\/teiaeducation.ch\/de\/produkt-kategorie\/unsere-marken\/grimms-holzspielzeug\/familie-feste-rituale\/"},{"@type":"ListItem","position":6,"name":"Geburtstagring Rosa-Rot Klein aus Holz &#8211; Grimm&#8217;s"}]},{"@type":"WebSite","@id":"https:\/\/teiaeducation.ch\/de\/#website","url":"https:\/\/teiaeducation.ch\/de\/","name":"Sustainable Educational Products &amp; Ecological Toys\u00a0","description":"Specialised Swiss shop selling sustainable educational toys and games, AMI certified Montessori materials, handmade ecological wooden Waldorf toys and arts &amp; crafts supplies, school supplies, children&#039;s furniture and Montessori reference and parenting books.","publisher":{"@id":"https:\/\/teiaeducation.ch\/de\/#organization"},"alternateName":"Teia Education & Play","potentialAction":[{"@type":"SearchAction","target":{"@type":"EntryPoint","urlTemplate":"https:\/\/teiaeducation.ch\/de\/?s={search_term_string}"},"query-input":{"@type":"PropertyValueSpecification","valueRequired":true,"valueName":"search_term_string"}}],"inLanguage":"de-CH"},{"@type":"Organization","@id":"https:\/\/teiaeducation.ch\/de\/#organization","name":"Teia Education & Play","url":"https:\/\/teiaeducation.ch\/de\/","logo":{"@type":"ImageObject","inLanguage":"de-CH","@id":"https:\/\/teiaeducation.ch\/de\/#\/schema\/logo\/image\/","url":"https:\/\/teiaeducation.ch\/wp-content\/uploads\/2020\/11\/Teia-Education-Switzerland-e1620156442216.jpg","contentUrl":"https:\/\/teiaeducation.ch\/wp-content\/uploads\/2020\/11\/Teia-Education-Switzerland-e1620156442216.jpg","width":166,"height":145,"caption":"Teia Education & Play"},"image":{"@id":"https:\/\/teiaeducation.ch\/de\/#\/schema\/logo\/image\/"},"sameAs":["https:\/\/www.facebook.com\/teiaeducation\/","https:\/\/x.com\/EducationTeia","https:\/\/www.instagram.com\/teia.education\/","https:\/\/www.linkedin.com\/company\/35501660","https:\/\/www.pinterest.ch\/TeiaEducation\/"]}]}},"_links":{"self":[{"href":"https:\/\/teiaeducation.ch\/de\/wp-json\/wp\/v2\/product\/59998","targetHints":{"allow":["GET"]}}],"collection":[{"href":"https:\/\/teiaeducation.ch\/de\/wp-json\/wp\/v2\/product"}],"about":[{"href":"https:\/\/teiaeducation.ch\/de\/wp-json\/wp\/v2\/types\/product"}],"replies":[{"embeddable":true,"href":"https:\/\/teiaeducation.ch\/de\/wp-json\/wp\/v2\/comments?post=59998"}],"wp:featuredmedia":[{"embeddable":true,"href":"https:\/\/teiaeducation.ch\/de\/wp-json\/wp\/v2\/media\/59999"}],"wp:attachment":[{"href":"https:\/\/teiaeducation.ch\/de\/wp-json\/wp\/v2\/media?parent=59998"}],"wp:term":[{"taxonomy":"product_brand","embeddable":true,"href":"https:\/\/teiaeducation.ch\/de\/wp-json\/wp\/v2\/product_brand?post=59998"},{"taxonomy":"product_cat","embeddable":true,"href":"https:\/\/teiaeducation.ch\/de\/wp-json\/wp\/v2\/product_cat?post=59998"},{"taxonomy":"product_tag","embeddable":true,"href":"https:\/\/teiaeducation.ch\/de\/wp-json\/wp\/v2\/product_tag?post=59998"}],"curies":[{"name":"wp","href":"https:\/\/api.w.org\/{rel}","templated":true}]}}