{"id":60115,"date":"2020-12-22T16:40:33","date_gmt":"2020-12-22T15:40:33","guid":{"rendered":"https:\/\/teiaeducation.ch\/product\/steckfigur-tintenfisch-grimms\/"},"modified":"2025-06-26T15:10:57","modified_gmt":"2025-06-26T13:10:57","slug":"steckfigur-tintenfisch-grimms","status":"publish","type":"product","link":"https:\/\/teiaeducation.ch\/de\/produkt\/steckfigur-tintenfisch-grimms\/","title":{"rendered":"Dekorative Steckfigur Tintenfisch &#8211; Grimm&#8217;s"},"content":{"rendered":"<p>Diese skurrile Dekorative Steckfigur Tintenfisch aus Holz von Grimm&#8217;s aus unserer <a href=\"https:\/\/teiaeducation.ch\/?page_id=27944\">Feste-Kollektion<\/a> ist eine liebevoll handgefertigte Waldorf Geburtstagsringe Dekoration!<\/p>\n<p>Die m\u00e4rchenhaften Dekorative Steckfiguren von Grimm eignen sich hervorragend zum Verzieren der <a href=\"https:\/\/teiaeducation.ch\/de\/produkt-kategorie\/feier-festlichkeiten\/geburtstage\/\">Geburtstags-<\/a> und Feste ringe im Waldorf Stil. W\u00e4hlen Sie die Lieblingstiere, &#8211;<a href=\"https:\/\/teiaeducation.ch\/de\/produkt-kategorie\/kinder-spielzeug\/\">spielzeuge<\/a> oder -interessen Ihres Kindes aus dem bezaubernden Figurenangebot aus. Schaffen Sie eine wirklich pers\u00f6nliche Dekoration und markieren Sie besondere Anl\u00e4sse mit dieser wunderbaren Tradition. Die Grimm&#8217;s Dekorative Steckfiguren sind auch eine tolle Erg\u00e4nzung f\u00fcr eine saisonale Ausstellung oder einen <a href=\"https:\/\/teiaeducation.ch\/de\/produkt-kategorie\/feier-festlichkeiten\/natur-saisonale-tische-de\/\">Naturtisch<\/a>.<\/p>\n<p>Die Grimm&#8217;s Tintenfisch Dekorative Steckfigur ist aus Lindenholz handgefertigt und mit ungiftiger Beize auf Wasserbasis handbemalt. Er misst 6 cm.<\/p>\n<p>Achtung! Die Grimm&#8217;s Tintenfisch Dekorative Steckfigur ist ein Dekorationsartikel und nicht zum Spielen geeignet.<\/p>\n<p>Inhalt:<\/p>\n<p>1 Dekorative Steckfigur aus Holz<\/p>\n<h2>\u00dcber Grimm&#8217;s<\/h2>\n<p>Ideal zum Spielen zu Hause, im Kindergarten, in der <a href=\"https:\/\/teiaeducation.ch\/de\/spielzeug-und-natuerlichen-kreatives-materialien-fuer-waldorf-steiner-schulen\/\">Waldorf- oder Steiner-Schule<\/a>. Die sch\u00f6nen <a href=\"https:\/\/teiaeducation.ch\/de\/produkt-kategorie\/unsere-marken\/grimms-holzspielzeug\/\">Grimm&#8217;s Naturholzspielzeuge<\/a> werden nach der <a href=\"https:\/\/teiaeducation.ch\/de\/produkt-kategorie\/lernmaterialien-spielzeug-montessori-waldorf-steiner-froebel\/waldorf-steiner-paedagogik\/\">Waldorf-Philosophie<\/a> hergestellt, die daf\u00fcr bekannt ist, dass sie Kinder dazu ermutigt, das kreative Spiel selbstst\u00e4ndig, ohne Einschr\u00e4nkungen und in einem gem\u00fctlichen Tempo zu entdecken. Die Grimm&#8217;s Holzspielzeuge werden von Hand mit ungiftigen Farben auf Wasserbasis gef\u00e4rbt und nicht lackiert, damit die urspr\u00fcnglichen Eigenschaften des Holzes und die Maserung erhalten bleiben. Die Oberfl\u00e4che der FSC-zertifizierten europ\u00e4ischen Holz ist leicht rau, wodurch sie vollst\u00e4ndig stapelbar und weniger rutschig sind.<\/p>\n<p>Grimms <a href=\"https:\/\/teiaeducation.ch\/de\/produkt-kategorie\/kinder-spielzeug\/handgefertigtes-holzspielzeug\/\">handgefertigtes Holzspielzeug<\/a> wird in den Grimm&#8217;schen Werken in Deutschland sowie in mehreren Werkst\u00e4tten in ganz Europa aus verschiedenen Holzarten wie Erle, Linde, Buche und Ahorn hergestellt. Alle H\u00f6lzer, die f\u00fcr die Herstellung der Grimm&#8217;s-Spielzeuge verwendet werden, stammen aus nachhaltig bewirtschafteten europ\u00e4ischen W\u00e4ldern.<\/p>\n<p>Bitte beachten Sie, dass Grimm&#8217;s Spielzeuge immer Unikate sind, die einzigartige, von der Natur geschaffene Zeichen tragen. Die Maserung des Holzes weist wechselnde Strukturen und Farben auf, die von seiner nat\u00fcrlichen Herkunft zeugen. Die einzigartigen Variationen, Markierungen, \u00c4ste, Muster, schwarzen Streifen oder dunklen Flecken, die im Holz eines Grimm&#8217;s Spielzeugs sichtbar sein k\u00f6nnen, sind ein Beweis f\u00fcr Qualit\u00e4t, keine M\u00e4ngel.<\/p>\n","protected":false},"excerpt":{"rendered":"<p>Artikelnummer: gri03544<\/p>\n<p>Die Grimm&#8217;s Dekorative Steckfigur Tintenfisch ist eine handgefertigte Dekoration aus Holz f\u00fcr Geburtstagsringe, Feiern oder Aufsteller im Waldorf Stil!<\/p>\n","protected":false},"featured_media":60116,"comment_status":"open","ping_status":"closed","template":"","meta":[],"product_brand":[],"product_cat":[21479,24873,21465,22347,21640,21563,22351,21564,21483,22919],"product_tag":[25346,25344,25352,25350,25347,25349,25345,25348,21720,21719,21715,28924,28923,28922,21721,21712,25351,25470,25469],"class_list":{"0":"post-60115","1":"product","2":"type-product","3":"status-publish","4":"has-post-thumbnail","6":"product_cat-lernmaterialien-spielzeug-montessori-waldorf-steiner-froebel","7":"product_cat-familie-feste-rituale","8":"product_cat-feier-festlichkeiten","9":"product_cat-geburtstage","10":"product_cat-grimms-holzspielzeug","11":"product_cat-neuheiten","12":"product_cat-rituale-adventszeit","13":"product_cat-unsere-marken","14":"product_cat-waldorf-steiner-paedagogik","15":"product_cat-waldorfspielzeug","16":"product_tag-festringe","17":"product_tag-geburtstagsdekorationen-aus-holz","18":"product_tag-geburtstagskerzenhalter-aus-holz","19":"product_tag-geburtstagsring","20":"product_tag-grimms-dekorative-figuren","21":"product_tag-grimms-geburtstagsring","22":"product_tag-grimms-geburtstagsringe","23":"product_tag-grimms-holzerne-geburtstagsdekorationen","24":"product_tag-grimms-schweiz-de","25":"product_tag-grimms-suisse-de","26":"product_tag-grimms-switzerland-de","27":"product_tag-grimms-tintefisch-dekoration","28":"product_tag-grimms-tintenfisch-dekoration","29":"product_tag-grimms-tintenfisch-figur","30":"product_tag-grimms-holzspielzeugladen","31":"product_tag-hergestellt-in-deutschland","32":"product_tag-kerzenhalter-dekorationen","33":"product_tag-waldorf-feier-ring-dekorationen","34":"product_tag-waldorf-geburtstag-ring-dekorationen","36":"first","37":"outofstock","38":"taxable","39":"shipping-taxable","40":"purchasable","41":"product-type-simple"},"yoast_head":"<!-- This site is optimized with the Yoast SEO plugin v27.1.1 - https:\/\/yoast.com\/product\/yoast-seo-wordpress\/ -->\n<title>Dekorative Steckfigur Tintenfisch - Grimm&#039;s<\/title>\n<meta name=\"description\" content=\"Die Grimm&#039;s Dekorative Steckfigur Tintenfisch ist eine handgefertigte Dekoration aus Holz f\u00fcr Geburtstagsringe, Feiern oder Aufsteller im Waldorf Stil.\" \/>\n<meta name=\"robots\" content=\"index, follow, max-snippet:-1, max-image-preview:large, max-video-preview:-1\" \/>\n<link rel=\"canonical\" href=\"https:\/\/teiaeducation.ch\/de\/produkt\/steckfigur-tintenfisch-grimms\/\" \/>\n<meta property=\"og:locale\" content=\"de_DE\" \/>\n<meta property=\"og:type\" content=\"article\" \/>\n<meta property=\"og:title\" content=\"Dekorative Steckfigur Tintenfisch - Grimm&#039;s\" \/>\n<meta property=\"og:description\" content=\"Die Grimm&#039;s Dekorative Steckfigur Tintenfisch ist eine handgefertigte Dekoration aus Holz f\u00fcr Geburtstagsringe, Feiern oder Aufsteller im Waldorf Stil.\" \/>\n<meta property=\"og:url\" content=\"https:\/\/teiaeducation.ch\/de\/produkt\/steckfigur-tintenfisch-grimms\/\" \/>\n<meta property=\"og:site_name\" content=\"Sustainable Educational Products &amp; Ecological Toys\u00a0\" \/>\n<meta property=\"article:publisher\" content=\"https:\/\/www.facebook.com\/teiaeducation\/\" \/>\n<meta property=\"article:modified_time\" content=\"2025-06-26T13:10:57+00:00\" \/>\n<meta property=\"og:image\" content=\"https:\/\/teiaeducation.ch\/wp-content\/uploads\/2020\/10\/Octopus-decorative-figure-Grimms.jpg\" \/>\n\t<meta property=\"og:image:width\" content=\"900\" \/>\n\t<meta property=\"og:image:height\" content=\"900\" \/>\n\t<meta property=\"og:image:type\" content=\"image\/jpeg\" \/>\n<script type=\"application\/ld+json\" class=\"yoast-schema-graph\">{\"@context\":\"https:\/\/schema.org\",\"@graph\":[{\"@type\":\"WebPage\",\"@id\":\"https:\/\/teiaeducation.ch\/de\/produkt\/steckfigur-tintenfisch-grimms\/\",\"url\":\"https:\/\/teiaeducation.ch\/de\/produkt\/steckfigur-tintenfisch-grimms\/\",\"name\":\"Dekorative Steckfigur Tintenfisch - Grimm's\",\"isPartOf\":{\"@id\":\"https:\/\/teiaeducation.ch\/de\/#website\"},\"primaryImageOfPage\":{\"@id\":\"https:\/\/teiaeducation.ch\/de\/produkt\/steckfigur-tintenfisch-grimms\/#primaryimage\"},\"image\":{\"@id\":\"https:\/\/teiaeducation.ch\/de\/produkt\/steckfigur-tintenfisch-grimms\/#primaryimage\"},\"thumbnailUrl\":\"https:\/\/teiaeducation.ch\/wp-content\/uploads\/2020\/10\/Octopus-decorative-figure-Grimms.jpg\",\"datePublished\":\"2020-12-22T15:40:33+00:00\",\"dateModified\":\"2025-06-26T13:10:57+00:00\",\"description\":\"Die Grimm's Dekorative Steckfigur Tintenfisch ist eine handgefertigte Dekoration aus Holz f\u00fcr Geburtstagsringe, Feiern oder Aufsteller im Waldorf Stil.\",\"breadcrumb\":{\"@id\":\"https:\/\/teiaeducation.ch\/de\/produkt\/steckfigur-tintenfisch-grimms\/#breadcrumb\"},\"inLanguage\":\"de-CH\",\"potentialAction\":[{\"@type\":\"ReadAction\",\"target\":[\"https:\/\/teiaeducation.ch\/de\/produkt\/steckfigur-tintenfisch-grimms\/\"]}]},{\"@type\":\"ImageObject\",\"inLanguage\":\"de-CH\",\"@id\":\"https:\/\/teiaeducation.ch\/de\/produkt\/steckfigur-tintenfisch-grimms\/#primaryimage\",\"url\":\"https:\/\/teiaeducation.ch\/wp-content\/uploads\/2020\/10\/Octopus-decorative-figure-Grimms.jpg\",\"contentUrl\":\"https:\/\/teiaeducation.ch\/wp-content\/uploads\/2020\/10\/Octopus-decorative-figure-Grimms.jpg\",\"width\":900,\"height\":900,\"caption\":\"Steckfigur Tintenfisch - Grimm's\"},{\"@type\":\"BreadcrumbList\",\"@id\":\"https:\/\/teiaeducation.ch\/de\/produkt\/steckfigur-tintenfisch-grimms\/#breadcrumb\",\"itemListElement\":[{\"@type\":\"ListItem\",\"position\":1,\"name\":\"Home\",\"item\":\"https:\/\/teiaeducation.ch\/de\/\"},{\"@type\":\"ListItem\",\"position\":2,\"name\":\"Laden\",\"item\":\"https:\/\/teiaeducation.ch\/de\/shop\/\"},{\"@type\":\"ListItem\",\"position\":3,\"name\":\"Unsere Marken\",\"item\":\"https:\/\/teiaeducation.ch\/de\/produkt-kategorie\/unsere-marken\/\"},{\"@type\":\"ListItem\",\"position\":4,\"name\":\"Grimm's\",\"item\":\"https:\/\/teiaeducation.ch\/de\/produkt-kategorie\/unsere-marken\/grimms-holzspielzeug\/\"},{\"@type\":\"ListItem\",\"position\":5,\"name\":\"Dekorative Steckfigur Tintenfisch &#8211; Grimm&#8217;s\"}]},{\"@type\":\"WebSite\",\"@id\":\"https:\/\/teiaeducation.ch\/de\/#website\",\"url\":\"https:\/\/teiaeducation.ch\/de\/\",\"name\":\"Sustainable Educational Products &amp; Ecological Toys\u00a0\",\"description\":\"Specialised Swiss shop selling sustainable educational toys and games, AMI certified Montessori materials, handmade ecological wooden Waldorf toys and arts &amp; crafts supplies, school supplies, children&#039;s furniture and Montessori reference and parenting books.\",\"publisher\":{\"@id\":\"https:\/\/teiaeducation.ch\/de\/#organization\"},\"alternateName\":\"Teia Education & Play\",\"potentialAction\":[{\"@type\":\"SearchAction\",\"target\":{\"@type\":\"EntryPoint\",\"urlTemplate\":\"https:\/\/teiaeducation.ch\/de\/?s={search_term_string}\"},\"query-input\":{\"@type\":\"PropertyValueSpecification\",\"valueRequired\":true,\"valueName\":\"search_term_string\"}}],\"inLanguage\":\"de-CH\"},{\"@type\":\"Organization\",\"@id\":\"https:\/\/teiaeducation.ch\/de\/#organization\",\"name\":\"Teia Education & Play\",\"url\":\"https:\/\/teiaeducation.ch\/de\/\",\"logo\":{\"@type\":\"ImageObject\",\"inLanguage\":\"de-CH\",\"@id\":\"https:\/\/teiaeducation.ch\/de\/#\/schema\/logo\/image\/\",\"url\":\"https:\/\/teiaeducation.ch\/wp-content\/uploads\/2020\/11\/Teia-Education-Switzerland-e1620156442216.jpg\",\"contentUrl\":\"https:\/\/teiaeducation.ch\/wp-content\/uploads\/2020\/11\/Teia-Education-Switzerland-e1620156442216.jpg\",\"width\":166,\"height\":145,\"caption\":\"Teia Education & Play\"},\"image\":{\"@id\":\"https:\/\/teiaeducation.ch\/de\/#\/schema\/logo\/image\/\"},\"sameAs\":[\"https:\/\/www.facebook.com\/teiaeducation\/\",\"https:\/\/x.com\/EducationTeia\",\"https:\/\/www.instagram.com\/teia.education\/\",\"https:\/\/www.linkedin.com\/company\/35501660\",\"https:\/\/www.pinterest.ch\/TeiaEducation\/\"]}]}<\/script>\n<!-- \/ Yoast SEO plugin. -->","yoast_head_json":{"title":"Dekorative Steckfigur Tintenfisch - Grimm's","description":"Die Grimm's Dekorative Steckfigur Tintenfisch ist eine handgefertigte Dekoration aus Holz f\u00fcr Geburtstagsringe, Feiern oder Aufsteller im Waldorf Stil.","robots":{"index":"index","follow":"follow","max-snippet":"max-snippet:-1","max-image-preview":"max-image-preview:large","max-video-preview":"max-video-preview:-1"},"canonical":"https:\/\/teiaeducation.ch\/de\/produkt\/steckfigur-tintenfisch-grimms\/","og_locale":"de_DE","og_type":"article","og_title":"Dekorative Steckfigur Tintenfisch - Grimm's","og_description":"Die Grimm's Dekorative Steckfigur Tintenfisch ist eine handgefertigte Dekoration aus Holz f\u00fcr Geburtstagsringe, Feiern oder Aufsteller im Waldorf Stil.","og_url":"https:\/\/teiaeducation.ch\/de\/produkt\/steckfigur-tintenfisch-grimms\/","og_site_name":"Sustainable Educational Products &amp; Ecological Toys\u00a0","article_publisher":"https:\/\/www.facebook.com\/teiaeducation\/","article_modified_time":"2025-06-26T13:10:57+00:00","og_image":[{"width":900,"height":900,"url":"https:\/\/teiaeducation.ch\/wp-content\/uploads\/2020\/10\/Octopus-decorative-figure-Grimms.jpg","type":"image\/jpeg"}],"schema":{"@context":"https:\/\/schema.org","@graph":[{"@type":"WebPage","@id":"https:\/\/teiaeducation.ch\/de\/produkt\/steckfigur-tintenfisch-grimms\/","url":"https:\/\/teiaeducation.ch\/de\/produkt\/steckfigur-tintenfisch-grimms\/","name":"Dekorative Steckfigur Tintenfisch - Grimm's","isPartOf":{"@id":"https:\/\/teiaeducation.ch\/de\/#website"},"primaryImageOfPage":{"@id":"https:\/\/teiaeducation.ch\/de\/produkt\/steckfigur-tintenfisch-grimms\/#primaryimage"},"image":{"@id":"https:\/\/teiaeducation.ch\/de\/produkt\/steckfigur-tintenfisch-grimms\/#primaryimage"},"thumbnailUrl":"https:\/\/teiaeducation.ch\/wp-content\/uploads\/2020\/10\/Octopus-decorative-figure-Grimms.jpg","datePublished":"2020-12-22T15:40:33+00:00","dateModified":"2025-06-26T13:10:57+00:00","description":"Die Grimm's Dekorative Steckfigur Tintenfisch ist eine handgefertigte Dekoration aus Holz f\u00fcr Geburtstagsringe, Feiern oder Aufsteller im Waldorf Stil.","breadcrumb":{"@id":"https:\/\/teiaeducation.ch\/de\/produkt\/steckfigur-tintenfisch-grimms\/#breadcrumb"},"inLanguage":"de-CH","potentialAction":[{"@type":"ReadAction","target":["https:\/\/teiaeducation.ch\/de\/produkt\/steckfigur-tintenfisch-grimms\/"]}]},{"@type":"ImageObject","inLanguage":"de-CH","@id":"https:\/\/teiaeducation.ch\/de\/produkt\/steckfigur-tintenfisch-grimms\/#primaryimage","url":"https:\/\/teiaeducation.ch\/wp-content\/uploads\/2020\/10\/Octopus-decorative-figure-Grimms.jpg","contentUrl":"https:\/\/teiaeducation.ch\/wp-content\/uploads\/2020\/10\/Octopus-decorative-figure-Grimms.jpg","width":900,"height":900,"caption":"Steckfigur Tintenfisch - Grimm's"},{"@type":"BreadcrumbList","@id":"https:\/\/teiaeducation.ch\/de\/produkt\/steckfigur-tintenfisch-grimms\/#breadcrumb","itemListElement":[{"@type":"ListItem","position":1,"name":"Home","item":"https:\/\/teiaeducation.ch\/de\/"},{"@type":"ListItem","position":2,"name":"Laden","item":"https:\/\/teiaeducation.ch\/de\/shop\/"},{"@type":"ListItem","position":3,"name":"Unsere Marken","item":"https:\/\/teiaeducation.ch\/de\/produkt-kategorie\/unsere-marken\/"},{"@type":"ListItem","position":4,"name":"Grimm's","item":"https:\/\/teiaeducation.ch\/de\/produkt-kategorie\/unsere-marken\/grimms-holzspielzeug\/"},{"@type":"ListItem","position":5,"name":"Dekorative Steckfigur Tintenfisch &#8211; Grimm&#8217;s"}]},{"@type":"WebSite","@id":"https:\/\/teiaeducation.ch\/de\/#website","url":"https:\/\/teiaeducation.ch\/de\/","name":"Sustainable Educational Products &amp; Ecological Toys\u00a0","description":"Specialised Swiss shop selling sustainable educational toys and games, AMI certified Montessori materials, handmade ecological wooden Waldorf toys and arts &amp; crafts supplies, school supplies, children&#039;s furniture and Montessori reference and parenting books.","publisher":{"@id":"https:\/\/teiaeducation.ch\/de\/#organization"},"alternateName":"Teia Education & Play","potentialAction":[{"@type":"SearchAction","target":{"@type":"EntryPoint","urlTemplate":"https:\/\/teiaeducation.ch\/de\/?s={search_term_string}"},"query-input":{"@type":"PropertyValueSpecification","valueRequired":true,"valueName":"search_term_string"}}],"inLanguage":"de-CH"},{"@type":"Organization","@id":"https:\/\/teiaeducation.ch\/de\/#organization","name":"Teia Education & Play","url":"https:\/\/teiaeducation.ch\/de\/","logo":{"@type":"ImageObject","inLanguage":"de-CH","@id":"https:\/\/teiaeducation.ch\/de\/#\/schema\/logo\/image\/","url":"https:\/\/teiaeducation.ch\/wp-content\/uploads\/2020\/11\/Teia-Education-Switzerland-e1620156442216.jpg","contentUrl":"https:\/\/teiaeducation.ch\/wp-content\/uploads\/2020\/11\/Teia-Education-Switzerland-e1620156442216.jpg","width":166,"height":145,"caption":"Teia Education & Play"},"image":{"@id":"https:\/\/teiaeducation.ch\/de\/#\/schema\/logo\/image\/"},"sameAs":["https:\/\/www.facebook.com\/teiaeducation\/","https:\/\/x.com\/EducationTeia","https:\/\/www.instagram.com\/teia.education\/","https:\/\/www.linkedin.com\/company\/35501660","https:\/\/www.pinterest.ch\/TeiaEducation\/"]}]}},"_links":{"self":[{"href":"https:\/\/teiaeducation.ch\/de\/wp-json\/wp\/v2\/product\/60115","targetHints":{"allow":["GET"]}}],"collection":[{"href":"https:\/\/teiaeducation.ch\/de\/wp-json\/wp\/v2\/product"}],"about":[{"href":"https:\/\/teiaeducation.ch\/de\/wp-json\/wp\/v2\/types\/product"}],"replies":[{"embeddable":true,"href":"https:\/\/teiaeducation.ch\/de\/wp-json\/wp\/v2\/comments?post=60115"}],"wp:featuredmedia":[{"embeddable":true,"href":"https:\/\/teiaeducation.ch\/de\/wp-json\/wp\/v2\/media\/60116"}],"wp:attachment":[{"href":"https:\/\/teiaeducation.ch\/de\/wp-json\/wp\/v2\/media?parent=60115"}],"wp:term":[{"taxonomy":"product_brand","embeddable":true,"href":"https:\/\/teiaeducation.ch\/de\/wp-json\/wp\/v2\/product_brand?post=60115"},{"taxonomy":"product_cat","embeddable":true,"href":"https:\/\/teiaeducation.ch\/de\/wp-json\/wp\/v2\/product_cat?post=60115"},{"taxonomy":"product_tag","embeddable":true,"href":"https:\/\/teiaeducation.ch\/de\/wp-json\/wp\/v2\/product_tag?post=60115"}],"curies":[{"name":"wp","href":"https:\/\/api.w.org\/{rel}","templated":true}]}}