{"id":60344,"date":"2021-06-28T16:12:22","date_gmt":"2021-06-28T14:12:22","guid":{"rendered":"https:\/\/teiaeducation.ch\/product\/buntstifte-dreieck-goldline-12-arts-crafts\/"},"modified":"2024-05-03T10:09:51","modified_gmt":"2024-05-03T08:09:51","slug":"buntstifte-dreieck-goldline-12-arts-crafts","status":"publish","type":"product","link":"https:\/\/teiaeducation.ch\/de\/produkt\/buntstifte-dreieck-goldline-12-arts-crafts\/","title":{"rendered":"Buntstifte Dreieck Goldline (12) &#8211; Arts &amp; Crafts"},"content":{"rendered":"<p>Buntstifte Dreieck Goldline (12) &#8211; Arts &amp; Crafts\/Heutink<\/p>\n<p>Dieses sch\u00f6ne Set von 12 Buntstiften Dreieck Goldline von Arts &amp; Crafts Heutink hat eine ergonomische Form, die perfekt ist, um Kindern die richtige Schreibhaltung beizubringen. Diese dreieckigen Buntstifte sind von hoher Qualit\u00e4t und werden nachhaltig aus hochwertigen Materialien hergestellt. Sie haben eine 3,8-mm-Mine und werden in einer Aufbewahrungsdose aus Metall geliefert.<\/p>\n<p>Dieses hochwertige Buntstiftset in 12 verschiedenen Farben eignet sich zum <a href=\"https:\/\/teiaeducation.ch\/product-category\/creative-art-craft\/drawing-colouring\/\">Zeichnen, Ausmalen<\/a> und Basteln.<\/p>\n<p>Durch ihre dreieckige Form liegen die Buntstifte gut in der Hand und f\u00f6rdern den richtigen Umgang mit den Stiften. Die gut ausgepr\u00e4gten Kanten erm\u00f6glichen dem Benutzer einen festen Griff des Stiftes. Dreieckige Bleistifte rollen auch nicht so leicht vom Schreibtisch wie runde Bleistifte!<\/p>\n<p>Das umfangreiche Angebot an Kunsthandwerksmaterialien, das von Heutink International speziell ausgew\u00e4hlt wurde, erm\u00f6glicht es Kindern jeden Alters und jeder F\u00e4higkeit, kreativ zu sein, ihre Fantasie zu nutzen und ihr k\u00fcnstlerisches Potenzial zu erkunden. Diese ungiftigen Kreativmaterialien erm\u00f6glichen es Kindern, ihre k\u00fcnstlerischen F\u00e4higkeiten frei zu erforschen, was zur Entwicklung ihrer motorischen F\u00e4higkeiten, ihrer sozialen und emotionalen Intelligenz, ihrer r\u00e4umlichen Orientierung, ihrer Konzentration, ihrer Kommunikations- und Probleml\u00f6sungsf\u00e4higkeiten beitr\u00e4gt. Alle angebotenen Produkte sind von h\u00f6chster Qualit\u00e4t, sie sind sicher und nachhaltig.<\/p>\n<p>Inhalt:<\/p>\n<p>12 dreieckige Buntstifte<br \/>\n1 Metalldose<\/p>\n","protected":false},"excerpt":{"rendered":"<p>Artikelnummer: E061266<\/p>\n<p>Die 12 Buntstifte Dreieck Goldline von Arts &amp; Crafts Heutink mit Metalldose helfen, Kindern den richtigen Bleistiftgriff beizubringen.<\/p>\n","protected":false},"featured_media":60345,"comment_status":"open","ping_status":"closed","template":"","meta":[],"product_brand":[],"product_cat":[21445,21446,21671,21594,23651,21479,21447,21443,21563,22362,21482,21564,21450],"product_tag":[28960,28963,28961,28962,28958,28959],"class_list":{"0":"post-60344","1":"product","2":"type-product","3":"status-publish","4":"has-post-thumbnail","6":"product_cat-3-6-jahre-vorschule","7":"product_cat-6-12-jahre-grundschule","8":"product_cat-angebot","9":"product_cat-arts-crafts-heutink","10":"product_cat-back-to-school-de","11":"product_cat-lernmaterialien-spielzeug-montessori-waldorf-steiner-froebel","12":"product_cat-malen-basteln","13":"product_cat-nach-alter","14":"product_cat-neuheiten","15":"product_cat-saisonale-kollektionen","16":"product_cat-traditionelle-bildung","17":"product_cat-unsere-marken","18":"product_cat-zeichnen-malen","19":"product_tag-arts-crafts-buntstifte","20":"product_tag-buntstifte-mit-richtigem-griff","21":"product_tag-dreieckige-buntstifte","22":"product_tag-dreieckige-kreiden","23":"product_tag-goldline-buntstifte","24":"product_tag-hochwertige-buntstifte","26":"first","27":"instock","28":"sale","29":"taxable","30":"shipping-taxable","31":"purchasable","32":"product-type-simple"},"yoast_head":"<!-- This site is optimized with the Yoast SEO plugin v27.1.1 - https:\/\/yoast.com\/product\/yoast-seo-wordpress\/ -->\n<title>Buntstifte Dreieck Goldline (12) - Arts &amp; Crafts<\/title>\n<meta name=\"description\" content=\"Die 12 Buntstifte Dreieck Goldline von Arts &amp; Crafts Heutink mit Metalldose helfen, Kindern den richtigen Bleistiftgriff beizubringen.\" \/>\n<meta name=\"robots\" content=\"index, follow, max-snippet:-1, max-image-preview:large, max-video-preview:-1\" \/>\n<link rel=\"canonical\" href=\"https:\/\/teiaeducation.ch\/de\/produkt\/buntstifte-dreieck-goldline-12-arts-crafts\/\" \/>\n<meta property=\"og:locale\" content=\"de_DE\" \/>\n<meta property=\"og:type\" content=\"article\" \/>\n<meta property=\"og:title\" content=\"Buntstifte Dreieck Goldline (12) - Arts &amp; Crafts\" \/>\n<meta property=\"og:description\" content=\"Die 12 Buntstifte Dreieck Goldline von Arts &amp; Crafts Heutink mit Metalldose helfen, Kindern den richtigen Bleistiftgriff beizubringen.\" \/>\n<meta property=\"og:url\" content=\"https:\/\/teiaeducation.ch\/de\/produkt\/buntstifte-dreieck-goldline-12-arts-crafts\/\" \/>\n<meta property=\"og:site_name\" content=\"Sustainable Educational Products &amp; Ecological Toys\u00a0\" \/>\n<meta property=\"article:publisher\" content=\"https:\/\/www.facebook.com\/teiaeducation\/\" \/>\n<meta property=\"article:modified_time\" content=\"2024-05-03T08:09:51+00:00\" \/>\n<meta property=\"og:image\" content=\"https:\/\/teiaeducation.ch\/wp-content\/uploads\/2021\/06\/12-Goldline-triangular-colouring-pencils-Arts-CraftsHeutink.jpg\" \/>\n\t<meta property=\"og:image:width\" content=\"2048\" \/>\n\t<meta property=\"og:image:height\" content=\"1364\" \/>\n\t<meta property=\"og:image:type\" content=\"image\/jpeg\" \/>\n<script type=\"application\/ld+json\" class=\"yoast-schema-graph\">{\"@context\":\"https:\/\/schema.org\",\"@graph\":[{\"@type\":\"WebPage\",\"@id\":\"https:\/\/teiaeducation.ch\/de\/produkt\/buntstifte-dreieck-goldline-12-arts-crafts\/\",\"url\":\"https:\/\/teiaeducation.ch\/de\/produkt\/buntstifte-dreieck-goldline-12-arts-crafts\/\",\"name\":\"Buntstifte Dreieck Goldline (12) - Arts & Crafts\",\"isPartOf\":{\"@id\":\"https:\/\/teiaeducation.ch\/de\/#website\"},\"primaryImageOfPage\":{\"@id\":\"https:\/\/teiaeducation.ch\/de\/produkt\/buntstifte-dreieck-goldline-12-arts-crafts\/#primaryimage\"},\"image\":{\"@id\":\"https:\/\/teiaeducation.ch\/de\/produkt\/buntstifte-dreieck-goldline-12-arts-crafts\/#primaryimage\"},\"thumbnailUrl\":\"https:\/\/teiaeducation.ch\/wp-content\/uploads\/2021\/06\/12-Goldline-triangular-colouring-pencils-Arts-CraftsHeutink.jpg\",\"datePublished\":\"2021-06-28T14:12:22+00:00\",\"dateModified\":\"2024-05-03T08:09:51+00:00\",\"description\":\"Die 12 Buntstifte Dreieck Goldline von Arts & Crafts Heutink mit Metalldose helfen, Kindern den richtigen Bleistiftgriff beizubringen.\",\"breadcrumb\":{\"@id\":\"https:\/\/teiaeducation.ch\/de\/produkt\/buntstifte-dreieck-goldline-12-arts-crafts\/#breadcrumb\"},\"inLanguage\":\"de-CH\",\"potentialAction\":[{\"@type\":\"ReadAction\",\"target\":[\"https:\/\/teiaeducation.ch\/de\/produkt\/buntstifte-dreieck-goldline-12-arts-crafts\/\"]}]},{\"@type\":\"ImageObject\",\"inLanguage\":\"de-CH\",\"@id\":\"https:\/\/teiaeducation.ch\/de\/produkt\/buntstifte-dreieck-goldline-12-arts-crafts\/#primaryimage\",\"url\":\"https:\/\/teiaeducation.ch\/wp-content\/uploads\/2021\/06\/12-Goldline-triangular-colouring-pencils-Arts-CraftsHeutink.jpg\",\"contentUrl\":\"https:\/\/teiaeducation.ch\/wp-content\/uploads\/2021\/06\/12-Goldline-triangular-colouring-pencils-Arts-CraftsHeutink.jpg\",\"width\":2048,\"height\":1364,\"caption\":\"12 Buntstifte Dreieck Goldline - Arts &amp; Crafts:Heutink\"},{\"@type\":\"BreadcrumbList\",\"@id\":\"https:\/\/teiaeducation.ch\/de\/produkt\/buntstifte-dreieck-goldline-12-arts-crafts\/#breadcrumb\",\"itemListElement\":[{\"@type\":\"ListItem\",\"position\":1,\"name\":\"Home\",\"item\":\"https:\/\/teiaeducation.ch\/de\/\"},{\"@type\":\"ListItem\",\"position\":2,\"name\":\"Laden\",\"item\":\"https:\/\/teiaeducation.ch\/de\/shop\/\"},{\"@type\":\"ListItem\",\"position\":3,\"name\":\"Nach Alter\",\"item\":\"https:\/\/teiaeducation.ch\/de\/produkt-kategorie\/nach-alter\/\"},{\"@type\":\"ListItem\",\"position\":4,\"name\":\"3-6 Jahre Vorschule\",\"item\":\"https:\/\/teiaeducation.ch\/de\/produkt-kategorie\/nach-alter\/3-6-jahre-vorschule\/\"},{\"@type\":\"ListItem\",\"position\":5,\"name\":\"Buntstifte Dreieck Goldline (12) &#8211; Arts &amp; Crafts\"}]},{\"@type\":\"WebSite\",\"@id\":\"https:\/\/teiaeducation.ch\/de\/#website\",\"url\":\"https:\/\/teiaeducation.ch\/de\/\",\"name\":\"Sustainable Educational Products &amp; Ecological Toys\u00a0\",\"description\":\"Specialised Swiss shop selling sustainable educational toys and games, AMI certified Montessori materials, handmade ecological wooden Waldorf toys and arts &amp; crafts supplies, school supplies, children&#039;s furniture and Montessori reference and parenting books.\",\"publisher\":{\"@id\":\"https:\/\/teiaeducation.ch\/de\/#organization\"},\"alternateName\":\"Teia Education & Play\",\"potentialAction\":[{\"@type\":\"SearchAction\",\"target\":{\"@type\":\"EntryPoint\",\"urlTemplate\":\"https:\/\/teiaeducation.ch\/de\/?s={search_term_string}\"},\"query-input\":{\"@type\":\"PropertyValueSpecification\",\"valueRequired\":true,\"valueName\":\"search_term_string\"}}],\"inLanguage\":\"de-CH\"},{\"@type\":\"Organization\",\"@id\":\"https:\/\/teiaeducation.ch\/de\/#organization\",\"name\":\"Teia Education & Play\",\"url\":\"https:\/\/teiaeducation.ch\/de\/\",\"logo\":{\"@type\":\"ImageObject\",\"inLanguage\":\"de-CH\",\"@id\":\"https:\/\/teiaeducation.ch\/de\/#\/schema\/logo\/image\/\",\"url\":\"https:\/\/teiaeducation.ch\/wp-content\/uploads\/2020\/11\/Teia-Education-Switzerland-e1620156442216.jpg\",\"contentUrl\":\"https:\/\/teiaeducation.ch\/wp-content\/uploads\/2020\/11\/Teia-Education-Switzerland-e1620156442216.jpg\",\"width\":166,\"height\":145,\"caption\":\"Teia Education & Play\"},\"image\":{\"@id\":\"https:\/\/teiaeducation.ch\/de\/#\/schema\/logo\/image\/\"},\"sameAs\":[\"https:\/\/www.facebook.com\/teiaeducation\/\",\"https:\/\/x.com\/EducationTeia\",\"https:\/\/www.instagram.com\/teia.education\/\",\"https:\/\/www.linkedin.com\/company\/35501660\",\"https:\/\/www.pinterest.ch\/TeiaEducation\/\"]}]}<\/script>\n<!-- \/ Yoast SEO plugin. -->","yoast_head_json":{"title":"Buntstifte Dreieck Goldline (12) - Arts & Crafts","description":"Die 12 Buntstifte Dreieck Goldline von Arts & Crafts Heutink mit Metalldose helfen, Kindern den richtigen Bleistiftgriff beizubringen.","robots":{"index":"index","follow":"follow","max-snippet":"max-snippet:-1","max-image-preview":"max-image-preview:large","max-video-preview":"max-video-preview:-1"},"canonical":"https:\/\/teiaeducation.ch\/de\/produkt\/buntstifte-dreieck-goldline-12-arts-crafts\/","og_locale":"de_DE","og_type":"article","og_title":"Buntstifte Dreieck Goldline (12) - Arts & Crafts","og_description":"Die 12 Buntstifte Dreieck Goldline von Arts & Crafts Heutink mit Metalldose helfen, Kindern den richtigen Bleistiftgriff beizubringen.","og_url":"https:\/\/teiaeducation.ch\/de\/produkt\/buntstifte-dreieck-goldline-12-arts-crafts\/","og_site_name":"Sustainable Educational Products &amp; Ecological Toys\u00a0","article_publisher":"https:\/\/www.facebook.com\/teiaeducation\/","article_modified_time":"2024-05-03T08:09:51+00:00","og_image":[{"width":2048,"height":1364,"url":"https:\/\/teiaeducation.ch\/wp-content\/uploads\/2021\/06\/12-Goldline-triangular-colouring-pencils-Arts-CraftsHeutink.jpg","type":"image\/jpeg"}],"schema":{"@context":"https:\/\/schema.org","@graph":[{"@type":"WebPage","@id":"https:\/\/teiaeducation.ch\/de\/produkt\/buntstifte-dreieck-goldline-12-arts-crafts\/","url":"https:\/\/teiaeducation.ch\/de\/produkt\/buntstifte-dreieck-goldline-12-arts-crafts\/","name":"Buntstifte Dreieck Goldline (12) - Arts & Crafts","isPartOf":{"@id":"https:\/\/teiaeducation.ch\/de\/#website"},"primaryImageOfPage":{"@id":"https:\/\/teiaeducation.ch\/de\/produkt\/buntstifte-dreieck-goldline-12-arts-crafts\/#primaryimage"},"image":{"@id":"https:\/\/teiaeducation.ch\/de\/produkt\/buntstifte-dreieck-goldline-12-arts-crafts\/#primaryimage"},"thumbnailUrl":"https:\/\/teiaeducation.ch\/wp-content\/uploads\/2021\/06\/12-Goldline-triangular-colouring-pencils-Arts-CraftsHeutink.jpg","datePublished":"2021-06-28T14:12:22+00:00","dateModified":"2024-05-03T08:09:51+00:00","description":"Die 12 Buntstifte Dreieck Goldline von Arts & Crafts Heutink mit Metalldose helfen, Kindern den richtigen Bleistiftgriff beizubringen.","breadcrumb":{"@id":"https:\/\/teiaeducation.ch\/de\/produkt\/buntstifte-dreieck-goldline-12-arts-crafts\/#breadcrumb"},"inLanguage":"de-CH","potentialAction":[{"@type":"ReadAction","target":["https:\/\/teiaeducation.ch\/de\/produkt\/buntstifte-dreieck-goldline-12-arts-crafts\/"]}]},{"@type":"ImageObject","inLanguage":"de-CH","@id":"https:\/\/teiaeducation.ch\/de\/produkt\/buntstifte-dreieck-goldline-12-arts-crafts\/#primaryimage","url":"https:\/\/teiaeducation.ch\/wp-content\/uploads\/2021\/06\/12-Goldline-triangular-colouring-pencils-Arts-CraftsHeutink.jpg","contentUrl":"https:\/\/teiaeducation.ch\/wp-content\/uploads\/2021\/06\/12-Goldline-triangular-colouring-pencils-Arts-CraftsHeutink.jpg","width":2048,"height":1364,"caption":"12 Buntstifte Dreieck Goldline - Arts &amp; Crafts:Heutink"},{"@type":"BreadcrumbList","@id":"https:\/\/teiaeducation.ch\/de\/produkt\/buntstifte-dreieck-goldline-12-arts-crafts\/#breadcrumb","itemListElement":[{"@type":"ListItem","position":1,"name":"Home","item":"https:\/\/teiaeducation.ch\/de\/"},{"@type":"ListItem","position":2,"name":"Laden","item":"https:\/\/teiaeducation.ch\/de\/shop\/"},{"@type":"ListItem","position":3,"name":"Nach Alter","item":"https:\/\/teiaeducation.ch\/de\/produkt-kategorie\/nach-alter\/"},{"@type":"ListItem","position":4,"name":"3-6 Jahre Vorschule","item":"https:\/\/teiaeducation.ch\/de\/produkt-kategorie\/nach-alter\/3-6-jahre-vorschule\/"},{"@type":"ListItem","position":5,"name":"Buntstifte Dreieck Goldline (12) &#8211; Arts &amp; Crafts"}]},{"@type":"WebSite","@id":"https:\/\/teiaeducation.ch\/de\/#website","url":"https:\/\/teiaeducation.ch\/de\/","name":"Sustainable Educational Products &amp; Ecological Toys\u00a0","description":"Specialised Swiss shop selling sustainable educational toys and games, AMI certified Montessori materials, handmade ecological wooden Waldorf toys and arts &amp; crafts supplies, school supplies, children&#039;s furniture and Montessori reference and parenting books.","publisher":{"@id":"https:\/\/teiaeducation.ch\/de\/#organization"},"alternateName":"Teia Education & Play","potentialAction":[{"@type":"SearchAction","target":{"@type":"EntryPoint","urlTemplate":"https:\/\/teiaeducation.ch\/de\/?s={search_term_string}"},"query-input":{"@type":"PropertyValueSpecification","valueRequired":true,"valueName":"search_term_string"}}],"inLanguage":"de-CH"},{"@type":"Organization","@id":"https:\/\/teiaeducation.ch\/de\/#organization","name":"Teia Education & Play","url":"https:\/\/teiaeducation.ch\/de\/","logo":{"@type":"ImageObject","inLanguage":"de-CH","@id":"https:\/\/teiaeducation.ch\/de\/#\/schema\/logo\/image\/","url":"https:\/\/teiaeducation.ch\/wp-content\/uploads\/2020\/11\/Teia-Education-Switzerland-e1620156442216.jpg","contentUrl":"https:\/\/teiaeducation.ch\/wp-content\/uploads\/2020\/11\/Teia-Education-Switzerland-e1620156442216.jpg","width":166,"height":145,"caption":"Teia Education & Play"},"image":{"@id":"https:\/\/teiaeducation.ch\/de\/#\/schema\/logo\/image\/"},"sameAs":["https:\/\/www.facebook.com\/teiaeducation\/","https:\/\/x.com\/EducationTeia","https:\/\/www.instagram.com\/teia.education\/","https:\/\/www.linkedin.com\/company\/35501660","https:\/\/www.pinterest.ch\/TeiaEducation\/"]}]}},"_links":{"self":[{"href":"https:\/\/teiaeducation.ch\/de\/wp-json\/wp\/v2\/product\/60344","targetHints":{"allow":["GET"]}}],"collection":[{"href":"https:\/\/teiaeducation.ch\/de\/wp-json\/wp\/v2\/product"}],"about":[{"href":"https:\/\/teiaeducation.ch\/de\/wp-json\/wp\/v2\/types\/product"}],"replies":[{"embeddable":true,"href":"https:\/\/teiaeducation.ch\/de\/wp-json\/wp\/v2\/comments?post=60344"}],"wp:featuredmedia":[{"embeddable":true,"href":"https:\/\/teiaeducation.ch\/de\/wp-json\/wp\/v2\/media\/60345"}],"wp:attachment":[{"href":"https:\/\/teiaeducation.ch\/de\/wp-json\/wp\/v2\/media?parent=60344"}],"wp:term":[{"taxonomy":"product_brand","embeddable":true,"href":"https:\/\/teiaeducation.ch\/de\/wp-json\/wp\/v2\/product_brand?post=60344"},{"taxonomy":"product_cat","embeddable":true,"href":"https:\/\/teiaeducation.ch\/de\/wp-json\/wp\/v2\/product_cat?post=60344"},{"taxonomy":"product_tag","embeddable":true,"href":"https:\/\/teiaeducation.ch\/de\/wp-json\/wp\/v2\/product_tag?post=60344"}],"curies":[{"name":"wp","href":"https:\/\/api.w.org\/{rel}","templated":true}]}}