{"id":60353,"date":"2021-06-28T15:52:30","date_gmt":"2021-06-28T13:52:30","guid":{"rendered":"https:\/\/teiaeducation.ch\/product\/bleistiftspitzer-fuer-verschiedene-dicke-stifte-arts-crafts\/"},"modified":"2024-05-03T10:33:37","modified_gmt":"2024-05-03T08:33:37","slug":"bleistiftspitzer-fuer-verschiedene-dicke-stifte-arts-crafts","status":"publish","type":"product","link":"https:\/\/teiaeducation.ch\/de\/produkt\/bleistiftspitzer-fuer-verschiedene-dicke-stifte-arts-crafts\/","title":{"rendered":"Bleistiftspitzer f\u00fcr verschiedene dicke Stifte &#8211; Arts &amp; Crafts"},"content":{"rendered":"<p>Dieser Arts &amp; Crafts-Doppelanspitzer ist f\u00fcr alle <a href=\"https:\/\/teiaeducation.ch\/product-category\/creative-art-craft\/drawing-colouring\/\">Bleistifte<\/a> geeignet, auch f\u00fcr dreieckige\/dreiseitige Bleistifte. Er ist keilf\u00f6rmig und hat zwei L\u00f6cher f\u00fcr gro\u00dfe und normale Bleistifte und Buntstifte.<\/p>\n<p>Der hochwertige Arts &amp; Crafts kleine Doppelanspitzer ist in verschiedenen Farben erh\u00e4ltlich und wird nachhaltig in Deutschland hergestellt.<\/p>\n<p>Das umfangreiche Angebot an Kunsthandwerksmaterialien, das von Heutink International speziell ausgew\u00e4hlt wurde, erm\u00f6glicht es Kindern jeden Alters und jeder F\u00e4higkeit, kreativ zu sein, ihre Fantasie zu nutzen und ihr k\u00fcnstlerisches Potenzial zu erkunden. Diese ungiftigen Kreativmaterialien erm\u00f6glichen es Kindern, ihre k\u00fcnstlerischen F\u00e4higkeiten frei zu erforschen, was zur Entwicklung ihrer motorischen F\u00e4higkeiten, ihrer sozialen und emotionalen Intelligenz, ihrer r\u00e4umlichen Orientierung, ihrer Konzentration, ihrer Kommunikations- und Probleml\u00f6sungsf\u00e4higkeiten beitr\u00e4gt. Alle angebotenen Produkte sind von h\u00f6chster Qualit\u00e4t, sie sind sicher und nachhaltig.<\/p>\n<p>Inhalt:<\/p>\n<p>1 doppelter Bleistiftanspitzer, zuf\u00e4llige Farbe.<\/p>\n","protected":false},"excerpt":{"rendered":"<p>Artikelnummer: E025238<\/p>\n","protected":false},"featured_media":60354,"comment_status":"open","ping_status":"closed","template":"","meta":[],"product_brand":[],"product_cat":[21445,21446,21594,23651,21447,21443,21563,22362,21564,21450],"product_tag":[28972,28968,28967,28969,28971,28970],"class_list":{"0":"post-60353","1":"product","2":"type-product","3":"status-publish","4":"has-post-thumbnail","6":"product_cat-3-6-jahre-vorschule","7":"product_cat-6-12-jahre-grundschule","8":"product_cat-arts-crafts-heutink","9":"product_cat-back-to-school-de","10":"product_cat-malen-basteln","11":"product_cat-nach-alter","12":"product_cat-neuheiten","13":"product_cat-saisonale-kollektionen","14":"product_cat-unsere-marken","15":"product_cat-zeichnen-malen","16":"product_tag-anspitzer-fur-buntstifte","17":"product_tag-bleistiftspitzer-fur-alle-bleistifte","18":"product_tag-doppelter-bleistiftanspitzer","19":"product_tag-dreieckiger-bleistiftanspitzer","20":"product_tag-hochwertiger-bleistiftspitzer","21":"product_tag-kunsthandwerklicher-bleistiftspitzer","23":"first","24":"instock","25":"taxable","26":"shipping-taxable","27":"purchasable","28":"product-type-simple"},"yoast_head":"<!-- This site is optimized with the Yoast SEO plugin v27.3 - https:\/\/yoast.com\/product\/yoast-seo-wordpress\/ -->\n<title>Bleistiftspitzer f\u00fcr verschiedene dicke Stifte - Arts &amp; Crafts<\/title>\n<meta name=\"description\" content=\"Der Arts &amp; Crafts Doppelstiftspitzer ist f\u00fcr alle Bleistifte und Buntstifte geeignet, auch f\u00fcr dreieckige\/dreiseitige Bleistifte. Hergestellt in Deutschland.\" \/>\n<meta name=\"robots\" content=\"index, follow, max-snippet:-1, max-image-preview:large, max-video-preview:-1\" \/>\n<link rel=\"canonical\" href=\"https:\/\/teiaeducation.ch\/de\/produkt\/bleistiftspitzer-fuer-verschiedene-dicke-stifte-arts-crafts\/\" \/>\n<meta property=\"og:locale\" content=\"de_DE\" \/>\n<meta property=\"og:type\" content=\"article\" \/>\n<meta property=\"og:title\" content=\"Bleistiftspitzer f\u00fcr verschiedene dicke Stifte - Arts &amp; Crafts\" \/>\n<meta property=\"og:description\" content=\"Der Arts &amp; Crafts Doppelstiftspitzer ist f\u00fcr alle Bleistifte und Buntstifte geeignet, auch f\u00fcr dreieckige\/dreiseitige Bleistifte. Hergestellt in Deutschland.\" \/>\n<meta property=\"og:url\" content=\"https:\/\/teiaeducation.ch\/de\/produkt\/bleistiftspitzer-fuer-verschiedene-dicke-stifte-arts-crafts\/\" \/>\n<meta property=\"og:site_name\" content=\"Sustainable Educational Products &amp; Ecological Toys\u00a0\" \/>\n<meta property=\"article:publisher\" content=\"https:\/\/www.facebook.com\/teiaeducation\/\" \/>\n<meta property=\"article:modified_time\" content=\"2024-05-03T08:33:37+00:00\" \/>\n<meta property=\"og:image\" content=\"https:\/\/teiaeducation.ch\/wp-content\/uploads\/2021\/06\/Double-pencil-sharpener-for-all-pencils-Arts-Crafts.jpeg\" \/>\n\t<meta property=\"og:image:width\" content=\"1500\" \/>\n\t<meta property=\"og:image:height\" content=\"1500\" \/>\n\t<meta property=\"og:image:type\" content=\"image\/jpeg\" \/>\n<script type=\"application\/ld+json\" class=\"yoast-schema-graph\">{\"@context\":\"https:\\\/\\\/schema.org\",\"@graph\":[{\"@type\":\"WebPage\",\"@id\":\"https:\\\/\\\/teiaeducation.ch\\\/de\\\/produkt\\\/bleistiftspitzer-fuer-verschiedene-dicke-stifte-arts-crafts\\\/\",\"url\":\"https:\\\/\\\/teiaeducation.ch\\\/de\\\/produkt\\\/bleistiftspitzer-fuer-verschiedene-dicke-stifte-arts-crafts\\\/\",\"name\":\"Bleistiftspitzer f\u00fcr verschiedene dicke Stifte - Arts & Crafts\",\"isPartOf\":{\"@id\":\"https:\\\/\\\/teiaeducation.ch\\\/de\\\/#website\"},\"primaryImageOfPage\":{\"@id\":\"https:\\\/\\\/teiaeducation.ch\\\/de\\\/produkt\\\/bleistiftspitzer-fuer-verschiedene-dicke-stifte-arts-crafts\\\/#primaryimage\"},\"image\":{\"@id\":\"https:\\\/\\\/teiaeducation.ch\\\/de\\\/produkt\\\/bleistiftspitzer-fuer-verschiedene-dicke-stifte-arts-crafts\\\/#primaryimage\"},\"thumbnailUrl\":\"https:\\\/\\\/teiaeducation.ch\\\/wp-content\\\/uploads\\\/2021\\\/06\\\/Double-pencil-sharpener-for-all-pencils-Arts-Crafts.jpeg\",\"datePublished\":\"2021-06-28T13:52:30+00:00\",\"dateModified\":\"2024-05-03T08:33:37+00:00\",\"description\":\"Der Arts & Crafts Doppelstiftspitzer ist f\u00fcr alle Bleistifte und Buntstifte geeignet, auch f\u00fcr dreieckige\\\/dreiseitige Bleistifte. Hergestellt in Deutschland.\",\"breadcrumb\":{\"@id\":\"https:\\\/\\\/teiaeducation.ch\\\/de\\\/produkt\\\/bleistiftspitzer-fuer-verschiedene-dicke-stifte-arts-crafts\\\/#breadcrumb\"},\"inLanguage\":\"de-CH\",\"potentialAction\":[{\"@type\":\"ReadAction\",\"target\":[\"https:\\\/\\\/teiaeducation.ch\\\/de\\\/produkt\\\/bleistiftspitzer-fuer-verschiedene-dicke-stifte-arts-crafts\\\/\"]}]},{\"@type\":\"ImageObject\",\"inLanguage\":\"de-CH\",\"@id\":\"https:\\\/\\\/teiaeducation.ch\\\/de\\\/produkt\\\/bleistiftspitzer-fuer-verschiedene-dicke-stifte-arts-crafts\\\/#primaryimage\",\"url\":\"https:\\\/\\\/teiaeducation.ch\\\/wp-content\\\/uploads\\\/2021\\\/06\\\/Double-pencil-sharpener-for-all-pencils-Arts-Crafts.jpeg\",\"contentUrl\":\"https:\\\/\\\/teiaeducation.ch\\\/wp-content\\\/uploads\\\/2021\\\/06\\\/Double-pencil-sharpener-for-all-pencils-Arts-Crafts.jpeg\",\"width\":1500,\"height\":1500,\"caption\":\"Bleistiftspitzer f\u00fcr verschiedene dicke Stifte - Arts &amp; Crafts\"},{\"@type\":\"BreadcrumbList\",\"@id\":\"https:\\\/\\\/teiaeducation.ch\\\/de\\\/produkt\\\/bleistiftspitzer-fuer-verschiedene-dicke-stifte-arts-crafts\\\/#breadcrumb\",\"itemListElement\":[{\"@type\":\"ListItem\",\"position\":1,\"name\":\"Home\",\"item\":\"https:\\\/\\\/teiaeducation.ch\\\/de\\\/\"},{\"@type\":\"ListItem\",\"position\":2,\"name\":\"Laden\",\"item\":\"https:\\\/\\\/teiaeducation.ch\\\/de\\\/shop\\\/\"},{\"@type\":\"ListItem\",\"position\":3,\"name\":\"Bleistiftspitzer f\u00fcr verschiedene dicke Stifte &#8211; Arts &amp; Crafts\"}]},{\"@type\":\"WebSite\",\"@id\":\"https:\\\/\\\/teiaeducation.ch\\\/de\\\/#website\",\"url\":\"https:\\\/\\\/teiaeducation.ch\\\/de\\\/\",\"name\":\"Sustainable Educational Products &amp; Ecological Toys\u00a0\",\"description\":\"Specialised Swiss shop selling sustainable educational toys and games, AMI certified Montessori materials, handmade ecological wooden Waldorf toys and arts &amp; crafts supplies, school supplies, children&#039;s furniture and Montessori reference and parenting books.\",\"publisher\":{\"@id\":\"https:\\\/\\\/teiaeducation.ch\\\/de\\\/#organization\"},\"alternateName\":\"Teia Education & Play\",\"potentialAction\":[{\"@type\":\"SearchAction\",\"target\":{\"@type\":\"EntryPoint\",\"urlTemplate\":\"https:\\\/\\\/teiaeducation.ch\\\/de\\\/?s={search_term_string}\"},\"query-input\":{\"@type\":\"PropertyValueSpecification\",\"valueRequired\":true,\"valueName\":\"search_term_string\"}}],\"inLanguage\":\"de-CH\"},{\"@type\":\"Organization\",\"@id\":\"https:\\\/\\\/teiaeducation.ch\\\/de\\\/#organization\",\"name\":\"Teia Education & Play\",\"url\":\"https:\\\/\\\/teiaeducation.ch\\\/de\\\/\",\"logo\":{\"@type\":\"ImageObject\",\"inLanguage\":\"de-CH\",\"@id\":\"https:\\\/\\\/teiaeducation.ch\\\/de\\\/#\\\/schema\\\/logo\\\/image\\\/\",\"url\":\"https:\\\/\\\/teiaeducation.ch\\\/wp-content\\\/uploads\\\/2020\\\/11\\\/Teia-Education-Switzerland-e1620156442216.jpg\",\"contentUrl\":\"https:\\\/\\\/teiaeducation.ch\\\/wp-content\\\/uploads\\\/2020\\\/11\\\/Teia-Education-Switzerland-e1620156442216.jpg\",\"width\":166,\"height\":145,\"caption\":\"Teia Education & Play\"},\"image\":{\"@id\":\"https:\\\/\\\/teiaeducation.ch\\\/de\\\/#\\\/schema\\\/logo\\\/image\\\/\"},\"sameAs\":[\"https:\\\/\\\/www.facebook.com\\\/teiaeducation\\\/\",\"https:\\\/\\\/x.com\\\/EducationTeia\",\"https:\\\/\\\/www.instagram.com\\\/teia.education\\\/\",\"https:\\\/\\\/www.linkedin.com\\\/company\\\/35501660\",\"https:\\\/\\\/www.pinterest.ch\\\/TeiaEducation\\\/\"]}]}<\/script>\n<!-- \/ Yoast SEO plugin. -->","yoast_head_json":{"title":"Bleistiftspitzer f\u00fcr verschiedene dicke Stifte - Arts & Crafts","description":"Der Arts & Crafts Doppelstiftspitzer ist f\u00fcr alle Bleistifte und Buntstifte geeignet, auch f\u00fcr dreieckige\/dreiseitige Bleistifte. Hergestellt in Deutschland.","robots":{"index":"index","follow":"follow","max-snippet":"max-snippet:-1","max-image-preview":"max-image-preview:large","max-video-preview":"max-video-preview:-1"},"canonical":"https:\/\/teiaeducation.ch\/de\/produkt\/bleistiftspitzer-fuer-verschiedene-dicke-stifte-arts-crafts\/","og_locale":"de_DE","og_type":"article","og_title":"Bleistiftspitzer f\u00fcr verschiedene dicke Stifte - Arts & Crafts","og_description":"Der Arts & Crafts Doppelstiftspitzer ist f\u00fcr alle Bleistifte und Buntstifte geeignet, auch f\u00fcr dreieckige\/dreiseitige Bleistifte. Hergestellt in Deutschland.","og_url":"https:\/\/teiaeducation.ch\/de\/produkt\/bleistiftspitzer-fuer-verschiedene-dicke-stifte-arts-crafts\/","og_site_name":"Sustainable Educational Products &amp; Ecological Toys\u00a0","article_publisher":"https:\/\/www.facebook.com\/teiaeducation\/","article_modified_time":"2024-05-03T08:33:37+00:00","og_image":[{"width":1500,"height":1500,"url":"https:\/\/teiaeducation.ch\/wp-content\/uploads\/2021\/06\/Double-pencil-sharpener-for-all-pencils-Arts-Crafts.jpeg","type":"image\/jpeg"}],"schema":{"@context":"https:\/\/schema.org","@graph":[{"@type":"WebPage","@id":"https:\/\/teiaeducation.ch\/de\/produkt\/bleistiftspitzer-fuer-verschiedene-dicke-stifte-arts-crafts\/","url":"https:\/\/teiaeducation.ch\/de\/produkt\/bleistiftspitzer-fuer-verschiedene-dicke-stifte-arts-crafts\/","name":"Bleistiftspitzer f\u00fcr verschiedene dicke Stifte - Arts & Crafts","isPartOf":{"@id":"https:\/\/teiaeducation.ch\/de\/#website"},"primaryImageOfPage":{"@id":"https:\/\/teiaeducation.ch\/de\/produkt\/bleistiftspitzer-fuer-verschiedene-dicke-stifte-arts-crafts\/#primaryimage"},"image":{"@id":"https:\/\/teiaeducation.ch\/de\/produkt\/bleistiftspitzer-fuer-verschiedene-dicke-stifte-arts-crafts\/#primaryimage"},"thumbnailUrl":"https:\/\/teiaeducation.ch\/wp-content\/uploads\/2021\/06\/Double-pencil-sharpener-for-all-pencils-Arts-Crafts.jpeg","datePublished":"2021-06-28T13:52:30+00:00","dateModified":"2024-05-03T08:33:37+00:00","description":"Der Arts & Crafts Doppelstiftspitzer ist f\u00fcr alle Bleistifte und Buntstifte geeignet, auch f\u00fcr dreieckige\/dreiseitige Bleistifte. Hergestellt in Deutschland.","breadcrumb":{"@id":"https:\/\/teiaeducation.ch\/de\/produkt\/bleistiftspitzer-fuer-verschiedene-dicke-stifte-arts-crafts\/#breadcrumb"},"inLanguage":"de-CH","potentialAction":[{"@type":"ReadAction","target":["https:\/\/teiaeducation.ch\/de\/produkt\/bleistiftspitzer-fuer-verschiedene-dicke-stifte-arts-crafts\/"]}]},{"@type":"ImageObject","inLanguage":"de-CH","@id":"https:\/\/teiaeducation.ch\/de\/produkt\/bleistiftspitzer-fuer-verschiedene-dicke-stifte-arts-crafts\/#primaryimage","url":"https:\/\/teiaeducation.ch\/wp-content\/uploads\/2021\/06\/Double-pencil-sharpener-for-all-pencils-Arts-Crafts.jpeg","contentUrl":"https:\/\/teiaeducation.ch\/wp-content\/uploads\/2021\/06\/Double-pencil-sharpener-for-all-pencils-Arts-Crafts.jpeg","width":1500,"height":1500,"caption":"Bleistiftspitzer f\u00fcr verschiedene dicke Stifte - Arts &amp; Crafts"},{"@type":"BreadcrumbList","@id":"https:\/\/teiaeducation.ch\/de\/produkt\/bleistiftspitzer-fuer-verschiedene-dicke-stifte-arts-crafts\/#breadcrumb","itemListElement":[{"@type":"ListItem","position":1,"name":"Home","item":"https:\/\/teiaeducation.ch\/de\/"},{"@type":"ListItem","position":2,"name":"Laden","item":"https:\/\/teiaeducation.ch\/de\/shop\/"},{"@type":"ListItem","position":3,"name":"Bleistiftspitzer f\u00fcr verschiedene dicke Stifte &#8211; Arts &amp; Crafts"}]},{"@type":"WebSite","@id":"https:\/\/teiaeducation.ch\/de\/#website","url":"https:\/\/teiaeducation.ch\/de\/","name":"Sustainable Educational Products &amp; Ecological Toys\u00a0","description":"Specialised Swiss shop selling sustainable educational toys and games, AMI certified Montessori materials, handmade ecological wooden Waldorf toys and arts &amp; crafts supplies, school supplies, children&#039;s furniture and Montessori reference and parenting books.","publisher":{"@id":"https:\/\/teiaeducation.ch\/de\/#organization"},"alternateName":"Teia Education & Play","potentialAction":[{"@type":"SearchAction","target":{"@type":"EntryPoint","urlTemplate":"https:\/\/teiaeducation.ch\/de\/?s={search_term_string}"},"query-input":{"@type":"PropertyValueSpecification","valueRequired":true,"valueName":"search_term_string"}}],"inLanguage":"de-CH"},{"@type":"Organization","@id":"https:\/\/teiaeducation.ch\/de\/#organization","name":"Teia Education & Play","url":"https:\/\/teiaeducation.ch\/de\/","logo":{"@type":"ImageObject","inLanguage":"de-CH","@id":"https:\/\/teiaeducation.ch\/de\/#\/schema\/logo\/image\/","url":"https:\/\/teiaeducation.ch\/wp-content\/uploads\/2020\/11\/Teia-Education-Switzerland-e1620156442216.jpg","contentUrl":"https:\/\/teiaeducation.ch\/wp-content\/uploads\/2020\/11\/Teia-Education-Switzerland-e1620156442216.jpg","width":166,"height":145,"caption":"Teia Education & Play"},"image":{"@id":"https:\/\/teiaeducation.ch\/de\/#\/schema\/logo\/image\/"},"sameAs":["https:\/\/www.facebook.com\/teiaeducation\/","https:\/\/x.com\/EducationTeia","https:\/\/www.instagram.com\/teia.education\/","https:\/\/www.linkedin.com\/company\/35501660","https:\/\/www.pinterest.ch\/TeiaEducation\/"]}]}},"_links":{"self":[{"href":"https:\/\/teiaeducation.ch\/de\/wp-json\/wp\/v2\/product\/60353","targetHints":{"allow":["GET"]}}],"collection":[{"href":"https:\/\/teiaeducation.ch\/de\/wp-json\/wp\/v2\/product"}],"about":[{"href":"https:\/\/teiaeducation.ch\/de\/wp-json\/wp\/v2\/types\/product"}],"replies":[{"embeddable":true,"href":"https:\/\/teiaeducation.ch\/de\/wp-json\/wp\/v2\/comments?post=60353"}],"wp:featuredmedia":[{"embeddable":true,"href":"https:\/\/teiaeducation.ch\/de\/wp-json\/wp\/v2\/media\/60354"}],"wp:attachment":[{"href":"https:\/\/teiaeducation.ch\/de\/wp-json\/wp\/v2\/media?parent=60353"}],"wp:term":[{"taxonomy":"product_brand","embeddable":true,"href":"https:\/\/teiaeducation.ch\/de\/wp-json\/wp\/v2\/product_brand?post=60353"},{"taxonomy":"product_cat","embeddable":true,"href":"https:\/\/teiaeducation.ch\/de\/wp-json\/wp\/v2\/product_cat?post=60353"},{"taxonomy":"product_tag","embeddable":true,"href":"https:\/\/teiaeducation.ch\/de\/wp-json\/wp\/v2\/product_tag?post=60353"}],"curies":[{"name":"wp","href":"https:\/\/api.w.org\/{rel}","templated":true}]}}