{"id":60357,"date":"2021-06-28T14:55:27","date_gmt":"2021-06-28T12:55:27","guid":{"rendered":"https:\/\/teiaeducation.ch\/product\/stempel-10-stueck-transport-arts-crafts\/"},"modified":"2024-05-03T11:27:02","modified_gmt":"2024-05-03T09:27:02","slug":"stempel-10-stueck-transport-arts-crafts","status":"publish","type":"product","link":"https:\/\/teiaeducation.ch\/de\/produkt\/stempel-10-stueck-transport-arts-crafts\/","title":{"rendered":"Stempel &#8211; 10 St\u00fcck &#8211; Transport \u2013 Arts &amp; Crafts"},"content":{"rendered":"<p>Riesenstempel mit Fahrzeugmotiven \/ Stapler Transport \u2013 Arts &amp; Crafts<\/p>\n<p>Die riesigen Transport<a href=\"https:\/\/teiaeducation.ch\/product-category\/creative-art-craft\/stamps-sets\/\">stempel<\/a> aus der Heutink Arts &amp; Crafts Kollektion k\u00f6nnen mit Tinte oder Farbe verwendet werden. Mit vielen Autos, Lastwagen, Fahrr\u00e4dern und Flugzeugen werden die Kinder es lieben, Kunstwerke und Bastelarbeiten zum Thema Fahrzeuge zu erstellen!<\/p>\n<p>Die Stempel sind auf einer transparenten, durchsichtigen Oberseite angebracht, die eine einfache und genaue Platzierung erm\u00f6glicht, und sind mit gro\u00dfen, bequemen Griffen ausgestattet. Die Stempel sind au\u00dferdem mit einem Pfeil versehen, der eine perfekte Ausrichtung erm\u00f6glicht.<\/p>\n<p>Die Stempel werden mit einer wiederverwendbaren, durchsichtigen Plastikh\u00fclle geliefert und hinterlassen einen Stempel mit einem Durchmesser von 8 cm.<\/p>\n<p>Das Set enth\u00e4lt 10 verschiedene Stempel, die der Norm ASTM D-4236 CE und CE ASTM D-4236 Spielzeugsicherheitsvorschriften entsprechen.<\/p>\n<p>Das umfangreiche Angebot an Kunsthandwerksmaterialien, das von Heutink International speziell ausgew\u00e4hlt wurde, erm\u00f6glicht es Kindern jeden Alters und jeder F\u00e4higkeit, kreativ zu sein, ihre Fantasie zu nutzen und ihr k\u00fcnstlerisches Potenzial zu erkunden. Diese ungiftigen Kreativmaterialien erm\u00f6glichen es Kindern, ihre k\u00fcnstlerischen F\u00e4higkeiten frei zu erforschen, was zur Entwicklung ihrer motorischen F\u00e4higkeiten, ihrer sozialen und emotionalen Intelligenz, ihrer r\u00e4umlichen Orientierung, ihrer Konzentration, ihrer Kommunikations- und Probleml\u00f6sungsf\u00e4higkeiten beitr\u00e4gt. Alle angebotenen Produkte sind von h\u00f6chster Qualit\u00e4t, sie sind sicher und nachhaltig.<\/p>\n<p>Die riesigen Transportstempel sind f\u00fcr Kinder ab 2 Jahren geeignet.<\/p>\n<p>Inhalt:<\/p>\n<p>10 Stempel mit verschiedenen Verkehrsobjekten<\/p>\n","protected":false},"excerpt":{"rendered":"<p>Artikelnummer: E530410<\/p>\n<p>Die riesigen Transportstempel von Heutink Arts &amp; Crafts k\u00f6nnen mit Tinte oder Farbe verwendet werden, um mit Stempeln Kunst und Kunsthandwerk zum Thema Fahrzeuge zu gestalten.<\/p>\n","protected":false},"featured_media":60358,"comment_status":"open","ping_status":"closed","template":"","meta":[],"product_brand":[],"product_cat":[21444,21445,21671,21594,21447,21443,21563,21462,21564],"product_tag":[28983,28984,28979,28980,28981,28982,28977,28978],"class_list":{"0":"post-60357","1":"product","2":"type-product","3":"status-publish","4":"has-post-thumbnail","6":"product_cat-1-3-jahre-kleinkind","7":"product_cat-3-6-jahre-vorschule","8":"product_cat-angebot","9":"product_cat-arts-crafts-heutink","10":"product_cat-malen-basteln","11":"product_cat-nach-alter","12":"product_cat-neuheiten","13":"product_cat-stempeln","14":"product_cat-unsere-marken","15":"product_tag-bastelmaterial-fur-kinder","16":"product_tag-basteln-zum-thema-fahrzeuge","17":"product_tag-fahrzeugstempler","18":"product_tag-stempel-fur-kinderfahrzeuge","19":"product_tag-stempel-fur-kinderfarbe","20":"product_tag-stempel-fur-kindertinte","21":"product_tag-transport-stempel","22":"product_tag-transport-stempel-de","24":"first","25":"outofstock","26":"sale","27":"taxable","28":"shipping-taxable","29":"purchasable","30":"product-type-simple"},"yoast_head":"<!-- This site is optimized with the Yoast SEO plugin v27.3 - https:\/\/yoast.com\/product\/yoast-seo-wordpress\/ -->\n<title>Stempel - 10 St\u00fcck - Transport \u2013 Arts &amp; Crafts<\/title>\n<meta name=\"description\" content=\"Die riesigen Transportstempel von Heutink Arts &amp; Crafts k\u00f6nnen mit Tinte oder Farbe verwendet werden, um mit Stempeln Kunst und Kunsthandwerk zum Thema Fahrzeuge zu gestalten.\" \/>\n<meta name=\"robots\" content=\"index, follow, max-snippet:-1, max-image-preview:large, max-video-preview:-1\" \/>\n<link rel=\"canonical\" href=\"https:\/\/teiaeducation.ch\/de\/produkt\/stempel-10-stueck-transport-arts-crafts\/\" \/>\n<meta property=\"og:locale\" content=\"de_DE\" \/>\n<meta property=\"og:type\" content=\"article\" \/>\n<meta property=\"og:title\" content=\"Stempel - 10 St\u00fcck - Transport \u2013 Arts &amp; Crafts\" \/>\n<meta property=\"og:description\" content=\"Die riesigen Transportstempel von Heutink Arts &amp; Crafts k\u00f6nnen mit Tinte oder Farbe verwendet werden, um mit Stempeln Kunst und Kunsthandwerk zum Thema Fahrzeuge zu gestalten.\" \/>\n<meta property=\"og:url\" content=\"https:\/\/teiaeducation.ch\/de\/produkt\/stempel-10-stueck-transport-arts-crafts\/\" \/>\n<meta property=\"og:site_name\" content=\"Sustainable Educational Products &amp; Ecological Toys\u00a0\" \/>\n<meta property=\"article:publisher\" content=\"https:\/\/www.facebook.com\/teiaeducation\/\" \/>\n<meta property=\"article:modified_time\" content=\"2024-05-03T09:27:02+00:00\" \/>\n<meta property=\"og:image\" content=\"https:\/\/teiaeducation.ch\/wp-content\/uploads\/2021\/06\/Giant-stampers-transport-\u2013-Arts-Crafts.jpeg\" \/>\n\t<meta property=\"og:image:width\" content=\"800\" \/>\n\t<meta property=\"og:image:height\" content=\"800\" \/>\n\t<meta property=\"og:image:type\" content=\"image\/jpeg\" \/>\n<script type=\"application\/ld+json\" class=\"yoast-schema-graph\">{\"@context\":\"https:\\\/\\\/schema.org\",\"@graph\":[{\"@type\":\"WebPage\",\"@id\":\"https:\\\/\\\/teiaeducation.ch\\\/de\\\/produkt\\\/stempel-10-stueck-transport-arts-crafts\\\/\",\"url\":\"https:\\\/\\\/teiaeducation.ch\\\/de\\\/produkt\\\/stempel-10-stueck-transport-arts-crafts\\\/\",\"name\":\"Stempel - 10 St\u00fcck - Transport \u2013 Arts & Crafts\",\"isPartOf\":{\"@id\":\"https:\\\/\\\/teiaeducation.ch\\\/de\\\/#website\"},\"primaryImageOfPage\":{\"@id\":\"https:\\\/\\\/teiaeducation.ch\\\/de\\\/produkt\\\/stempel-10-stueck-transport-arts-crafts\\\/#primaryimage\"},\"image\":{\"@id\":\"https:\\\/\\\/teiaeducation.ch\\\/de\\\/produkt\\\/stempel-10-stueck-transport-arts-crafts\\\/#primaryimage\"},\"thumbnailUrl\":\"https:\\\/\\\/teiaeducation.ch\\\/wp-content\\\/uploads\\\/2021\\\/06\\\/Giant-stampers-transport-\u2013-Arts-Crafts.jpeg\",\"datePublished\":\"2021-06-28T12:55:27+00:00\",\"dateModified\":\"2024-05-03T09:27:02+00:00\",\"description\":\"Die riesigen Transportstempel von Heutink Arts & Crafts k\u00f6nnen mit Tinte oder Farbe verwendet werden, um mit Stempeln Kunst und Kunsthandwerk zum Thema Fahrzeuge zu gestalten.\",\"breadcrumb\":{\"@id\":\"https:\\\/\\\/teiaeducation.ch\\\/de\\\/produkt\\\/stempel-10-stueck-transport-arts-crafts\\\/#breadcrumb\"},\"inLanguage\":\"de-CH\",\"potentialAction\":[{\"@type\":\"ReadAction\",\"target\":[\"https:\\\/\\\/teiaeducation.ch\\\/de\\\/produkt\\\/stempel-10-stueck-transport-arts-crafts\\\/\"]}]},{\"@type\":\"ImageObject\",\"inLanguage\":\"de-CH\",\"@id\":\"https:\\\/\\\/teiaeducation.ch\\\/de\\\/produkt\\\/stempel-10-stueck-transport-arts-crafts\\\/#primaryimage\",\"url\":\"https:\\\/\\\/teiaeducation.ch\\\/wp-content\\\/uploads\\\/2021\\\/06\\\/Giant-stampers-transport-\u2013-Arts-Crafts.jpeg\",\"contentUrl\":\"https:\\\/\\\/teiaeducation.ch\\\/wp-content\\\/uploads\\\/2021\\\/06\\\/Giant-stampers-transport-\u2013-Arts-Crafts.jpeg\",\"width\":800,\"height\":800,\"caption\":\"Riesenstampfer mit Fahrzeugmotiven transportieren Arts &amp; Crafts\"},{\"@type\":\"BreadcrumbList\",\"@id\":\"https:\\\/\\\/teiaeducation.ch\\\/de\\\/produkt\\\/stempel-10-stueck-transport-arts-crafts\\\/#breadcrumb\",\"itemListElement\":[{\"@type\":\"ListItem\",\"position\":1,\"name\":\"Home\",\"item\":\"https:\\\/\\\/teiaeducation.ch\\\/de\\\/\"},{\"@type\":\"ListItem\",\"position\":2,\"name\":\"Laden\",\"item\":\"https:\\\/\\\/teiaeducation.ch\\\/de\\\/shop\\\/\"},{\"@type\":\"ListItem\",\"position\":3,\"name\":\"Stempel &#8211; 10 St\u00fcck &#8211; Transport \u2013 Arts &amp; Crafts\"}]},{\"@type\":\"WebSite\",\"@id\":\"https:\\\/\\\/teiaeducation.ch\\\/de\\\/#website\",\"url\":\"https:\\\/\\\/teiaeducation.ch\\\/de\\\/\",\"name\":\"Sustainable Educational Products &amp; Ecological Toys\u00a0\",\"description\":\"Specialised Swiss shop selling sustainable educational toys and games, AMI certified Montessori materials, handmade ecological wooden Waldorf toys and arts &amp; crafts supplies, school supplies, children&#039;s furniture and Montessori reference and parenting books.\",\"publisher\":{\"@id\":\"https:\\\/\\\/teiaeducation.ch\\\/de\\\/#organization\"},\"alternateName\":\"Teia Education & Play\",\"potentialAction\":[{\"@type\":\"SearchAction\",\"target\":{\"@type\":\"EntryPoint\",\"urlTemplate\":\"https:\\\/\\\/teiaeducation.ch\\\/de\\\/?s={search_term_string}\"},\"query-input\":{\"@type\":\"PropertyValueSpecification\",\"valueRequired\":true,\"valueName\":\"search_term_string\"}}],\"inLanguage\":\"de-CH\"},{\"@type\":\"Organization\",\"@id\":\"https:\\\/\\\/teiaeducation.ch\\\/de\\\/#organization\",\"name\":\"Teia Education & Play\",\"url\":\"https:\\\/\\\/teiaeducation.ch\\\/de\\\/\",\"logo\":{\"@type\":\"ImageObject\",\"inLanguage\":\"de-CH\",\"@id\":\"https:\\\/\\\/teiaeducation.ch\\\/de\\\/#\\\/schema\\\/logo\\\/image\\\/\",\"url\":\"https:\\\/\\\/teiaeducation.ch\\\/wp-content\\\/uploads\\\/2020\\\/11\\\/Teia-Education-Switzerland-e1620156442216.jpg\",\"contentUrl\":\"https:\\\/\\\/teiaeducation.ch\\\/wp-content\\\/uploads\\\/2020\\\/11\\\/Teia-Education-Switzerland-e1620156442216.jpg\",\"width\":166,\"height\":145,\"caption\":\"Teia Education & Play\"},\"image\":{\"@id\":\"https:\\\/\\\/teiaeducation.ch\\\/de\\\/#\\\/schema\\\/logo\\\/image\\\/\"},\"sameAs\":[\"https:\\\/\\\/www.facebook.com\\\/teiaeducation\\\/\",\"https:\\\/\\\/x.com\\\/EducationTeia\",\"https:\\\/\\\/www.instagram.com\\\/teia.education\\\/\",\"https:\\\/\\\/www.linkedin.com\\\/company\\\/35501660\",\"https:\\\/\\\/www.pinterest.ch\\\/TeiaEducation\\\/\"]}]}<\/script>\n<!-- \/ Yoast SEO plugin. -->","yoast_head_json":{"title":"Stempel - 10 St\u00fcck - Transport \u2013 Arts & Crafts","description":"Die riesigen Transportstempel von Heutink Arts & Crafts k\u00f6nnen mit Tinte oder Farbe verwendet werden, um mit Stempeln Kunst und Kunsthandwerk zum Thema Fahrzeuge zu gestalten.","robots":{"index":"index","follow":"follow","max-snippet":"max-snippet:-1","max-image-preview":"max-image-preview:large","max-video-preview":"max-video-preview:-1"},"canonical":"https:\/\/teiaeducation.ch\/de\/produkt\/stempel-10-stueck-transport-arts-crafts\/","og_locale":"de_DE","og_type":"article","og_title":"Stempel - 10 St\u00fcck - Transport \u2013 Arts & Crafts","og_description":"Die riesigen Transportstempel von Heutink Arts & Crafts k\u00f6nnen mit Tinte oder Farbe verwendet werden, um mit Stempeln Kunst und Kunsthandwerk zum Thema Fahrzeuge zu gestalten.","og_url":"https:\/\/teiaeducation.ch\/de\/produkt\/stempel-10-stueck-transport-arts-crafts\/","og_site_name":"Sustainable Educational Products &amp; Ecological Toys\u00a0","article_publisher":"https:\/\/www.facebook.com\/teiaeducation\/","article_modified_time":"2024-05-03T09:27:02+00:00","og_image":[{"width":800,"height":800,"url":"https:\/\/teiaeducation.ch\/wp-content\/uploads\/2021\/06\/Giant-stampers-transport-\u2013-Arts-Crafts.jpeg","type":"image\/jpeg"}],"schema":{"@context":"https:\/\/schema.org","@graph":[{"@type":"WebPage","@id":"https:\/\/teiaeducation.ch\/de\/produkt\/stempel-10-stueck-transport-arts-crafts\/","url":"https:\/\/teiaeducation.ch\/de\/produkt\/stempel-10-stueck-transport-arts-crafts\/","name":"Stempel - 10 St\u00fcck - Transport \u2013 Arts & Crafts","isPartOf":{"@id":"https:\/\/teiaeducation.ch\/de\/#website"},"primaryImageOfPage":{"@id":"https:\/\/teiaeducation.ch\/de\/produkt\/stempel-10-stueck-transport-arts-crafts\/#primaryimage"},"image":{"@id":"https:\/\/teiaeducation.ch\/de\/produkt\/stempel-10-stueck-transport-arts-crafts\/#primaryimage"},"thumbnailUrl":"https:\/\/teiaeducation.ch\/wp-content\/uploads\/2021\/06\/Giant-stampers-transport-\u2013-Arts-Crafts.jpeg","datePublished":"2021-06-28T12:55:27+00:00","dateModified":"2024-05-03T09:27:02+00:00","description":"Die riesigen Transportstempel von Heutink Arts & Crafts k\u00f6nnen mit Tinte oder Farbe verwendet werden, um mit Stempeln Kunst und Kunsthandwerk zum Thema Fahrzeuge zu gestalten.","breadcrumb":{"@id":"https:\/\/teiaeducation.ch\/de\/produkt\/stempel-10-stueck-transport-arts-crafts\/#breadcrumb"},"inLanguage":"de-CH","potentialAction":[{"@type":"ReadAction","target":["https:\/\/teiaeducation.ch\/de\/produkt\/stempel-10-stueck-transport-arts-crafts\/"]}]},{"@type":"ImageObject","inLanguage":"de-CH","@id":"https:\/\/teiaeducation.ch\/de\/produkt\/stempel-10-stueck-transport-arts-crafts\/#primaryimage","url":"https:\/\/teiaeducation.ch\/wp-content\/uploads\/2021\/06\/Giant-stampers-transport-\u2013-Arts-Crafts.jpeg","contentUrl":"https:\/\/teiaeducation.ch\/wp-content\/uploads\/2021\/06\/Giant-stampers-transport-\u2013-Arts-Crafts.jpeg","width":800,"height":800,"caption":"Riesenstampfer mit Fahrzeugmotiven transportieren Arts &amp; Crafts"},{"@type":"BreadcrumbList","@id":"https:\/\/teiaeducation.ch\/de\/produkt\/stempel-10-stueck-transport-arts-crafts\/#breadcrumb","itemListElement":[{"@type":"ListItem","position":1,"name":"Home","item":"https:\/\/teiaeducation.ch\/de\/"},{"@type":"ListItem","position":2,"name":"Laden","item":"https:\/\/teiaeducation.ch\/de\/shop\/"},{"@type":"ListItem","position":3,"name":"Stempel &#8211; 10 St\u00fcck &#8211; Transport \u2013 Arts &amp; Crafts"}]},{"@type":"WebSite","@id":"https:\/\/teiaeducation.ch\/de\/#website","url":"https:\/\/teiaeducation.ch\/de\/","name":"Sustainable Educational Products &amp; Ecological Toys\u00a0","description":"Specialised Swiss shop selling sustainable educational toys and games, AMI certified Montessori materials, handmade ecological wooden Waldorf toys and arts &amp; crafts supplies, school supplies, children&#039;s furniture and Montessori reference and parenting books.","publisher":{"@id":"https:\/\/teiaeducation.ch\/de\/#organization"},"alternateName":"Teia Education & Play","potentialAction":[{"@type":"SearchAction","target":{"@type":"EntryPoint","urlTemplate":"https:\/\/teiaeducation.ch\/de\/?s={search_term_string}"},"query-input":{"@type":"PropertyValueSpecification","valueRequired":true,"valueName":"search_term_string"}}],"inLanguage":"de-CH"},{"@type":"Organization","@id":"https:\/\/teiaeducation.ch\/de\/#organization","name":"Teia Education & Play","url":"https:\/\/teiaeducation.ch\/de\/","logo":{"@type":"ImageObject","inLanguage":"de-CH","@id":"https:\/\/teiaeducation.ch\/de\/#\/schema\/logo\/image\/","url":"https:\/\/teiaeducation.ch\/wp-content\/uploads\/2020\/11\/Teia-Education-Switzerland-e1620156442216.jpg","contentUrl":"https:\/\/teiaeducation.ch\/wp-content\/uploads\/2020\/11\/Teia-Education-Switzerland-e1620156442216.jpg","width":166,"height":145,"caption":"Teia Education & Play"},"image":{"@id":"https:\/\/teiaeducation.ch\/de\/#\/schema\/logo\/image\/"},"sameAs":["https:\/\/www.facebook.com\/teiaeducation\/","https:\/\/x.com\/EducationTeia","https:\/\/www.instagram.com\/teia.education\/","https:\/\/www.linkedin.com\/company\/35501660","https:\/\/www.pinterest.ch\/TeiaEducation\/"]}]}},"_links":{"self":[{"href":"https:\/\/teiaeducation.ch\/de\/wp-json\/wp\/v2\/product\/60357","targetHints":{"allow":["GET"]}}],"collection":[{"href":"https:\/\/teiaeducation.ch\/de\/wp-json\/wp\/v2\/product"}],"about":[{"href":"https:\/\/teiaeducation.ch\/de\/wp-json\/wp\/v2\/types\/product"}],"replies":[{"embeddable":true,"href":"https:\/\/teiaeducation.ch\/de\/wp-json\/wp\/v2\/comments?post=60357"}],"wp:featuredmedia":[{"embeddable":true,"href":"https:\/\/teiaeducation.ch\/de\/wp-json\/wp\/v2\/media\/60358"}],"wp:attachment":[{"href":"https:\/\/teiaeducation.ch\/de\/wp-json\/wp\/v2\/media?parent=60357"}],"wp:term":[{"taxonomy":"product_brand","embeddable":true,"href":"https:\/\/teiaeducation.ch\/de\/wp-json\/wp\/v2\/product_brand?post=60357"},{"taxonomy":"product_cat","embeddable":true,"href":"https:\/\/teiaeducation.ch\/de\/wp-json\/wp\/v2\/product_cat?post=60357"},{"taxonomy":"product_tag","embeddable":true,"href":"https:\/\/teiaeducation.ch\/de\/wp-json\/wp\/v2\/product_tag?post=60357"}],"curies":[{"name":"wp","href":"https:\/\/api.w.org\/{rel}","templated":true}]}}