{"id":60365,"date":"2021-06-22T13:32:37","date_gmt":"2021-06-22T11:32:37","guid":{"rendered":"https:\/\/teiaeducation.ch\/product\/malerschuerze-blau-6-bis-8-jahren-arts-crafts\/"},"modified":"2024-05-03T11:47:23","modified_gmt":"2024-05-03T09:47:23","slug":"malerschuerze-blau-6-bis-8-jahren-arts-crafts","status":"publish","type":"product","link":"https:\/\/teiaeducation.ch\/de\/produkt\/malerschuerze-blau-6-bis-8-jahren-arts-crafts\/","title":{"rendered":"Malersch\u00fcrze Blau: 6 bis 8 Jahren &#8211; Arts &amp; Crafts"},"content":{"rendered":"<p>Diese Heutink Arts &amp; Crafts Kindermalsch\u00fcrze in Blau ist f\u00fcr Kinder von 6 bis 8 Jahren geeignet. Sie sch\u00fctzt die Kleidung der Kinder beim <a href=\"https:\/\/teiaeducation.ch\/product-category\/creative-art-craft\/painting\/\">Malen<\/a>, Basteln und Spielen!<\/p>\n<p>Die blaue Kindermalsch\u00fcrze mit \u00c4rmeln hat die Ma\u00dfe 70 x 58 cm. Er besteht aus robustem Nylon und ist PVC-frei, so dass er f\u00fcr Kinder sicher ist. Sie ist bequem und l\u00e4sst sich dank Klettverschluss und elastischer B\u00fcndchen schnell anziehen.<\/p>\n<p>Das umfangreiche Angebot an Kunsthandwerksmaterialien, das von Heutink International speziell ausgew\u00e4hlt wurde, erm\u00f6glicht es Kindern jeden Alters und jeder F\u00e4higkeit, kreativ zu sein, ihre Fantasie zu nutzen und ihr k\u00fcnstlerisches Potenzial zu erkunden. Diese ungiftigen Kreativmaterialien erm\u00f6glichen es Kindern, ihre k\u00fcnstlerischen F\u00e4higkeiten frei zu erforschen, was zur Entwicklung ihrer motorischen F\u00e4higkeiten, ihrer sozialen und emotionalen Intelligenz, ihrer r\u00e4umlichen Orientierung, ihrer Konzentration, ihrer Kommunikations- und Probleml\u00f6sungsf\u00e4higkeiten beitr\u00e4gt. Alle angebotenen Produkte sind von h\u00f6chster Qualit\u00e4t, sie sind sicher und nachhaltig.<\/p>\n<p>Diese Malsch\u00fcrze ist f\u00fcr Kinder im Alter von 6 &#8211; 8 Jahren geeignet.<\/p>\n<p>Inhalt:<\/p>\n<p>1 Blaue Malsch\u00fcrze Alter 6-8 Jahre.<\/p>\n","protected":false},"excerpt":{"rendered":"<p>Artikelnummer: E009151<\/p>\n","protected":false},"featured_media":60366,"comment_status":"open","ping_status":"closed","template":"","meta":[],"product_brand":[],"product_cat":[21446,21594,23651,21479,21447,21457,21443,21563,22362,21482,21564],"product_tag":[28996,28994,28995,28993,28992],"class_list":{"0":"post-60365","1":"product","2":"type-product","3":"status-publish","4":"has-post-thumbnail","6":"product_cat-6-12-jahre-grundschule","7":"product_cat-arts-crafts-heutink","8":"product_cat-back-to-school-de","9":"product_cat-lernmaterialien-spielzeug-montessori-waldorf-steiner-froebel","10":"product_cat-malen-basteln","11":"product_cat-malen","12":"product_cat-nach-alter","13":"product_cat-neuheiten","14":"product_cat-saisonale-kollektionen","15":"product_cat-traditionelle-bildung","16":"product_cat-unsere-marken","17":"product_tag-kinder-malschurze-mit-armeln","18":"product_tag-malschurze-fur-kinder","19":"product_tag-nylon-malschurze-fur-kinder","20":"product_tag-pvc-freie-malerschurze","21":"product_tag-schurze-fur-malerarbeiten","23":"first","24":"outofstock","25":"taxable","26":"shipping-taxable","27":"purchasable","28":"product-type-simple"},"yoast_head":"<!-- This site is optimized with the Yoast SEO plugin v27.1.1 - https:\/\/yoast.com\/product\/yoast-seo-wordpress\/ -->\n<title>Malersch\u00fcrze Blau - 6 bis 8 Jahren - Arts &amp; Crafts<\/title>\n<meta name=\"description\" content=\"Die Arts &amp; Crafts Malsch\u00fcrze f\u00fcr Kinder ist f\u00fcr 6-8 Jahre geeignet. PVC-freies Nylon mit \u00c4rmeln zum Schutz der Kleidung beim Malen und Toben.\" \/>\n<meta name=\"robots\" content=\"index, follow, max-snippet:-1, max-image-preview:large, max-video-preview:-1\" \/>\n<link rel=\"canonical\" href=\"https:\/\/teiaeducation.ch\/de\/produkt\/malerschuerze-blau-6-bis-8-jahren-arts-crafts\/\" \/>\n<meta property=\"og:locale\" content=\"de_DE\" \/>\n<meta property=\"og:type\" content=\"article\" \/>\n<meta property=\"og:title\" content=\"Malersch\u00fcrze Blau - 6 bis 8 Jahren - Arts &amp; Crafts\" \/>\n<meta property=\"og:description\" content=\"Die Arts &amp; Crafts Malsch\u00fcrze f\u00fcr Kinder ist f\u00fcr 6-8 Jahre geeignet. PVC-freies Nylon mit \u00c4rmeln zum Schutz der Kleidung beim Malen und Toben.\" \/>\n<meta property=\"og:url\" content=\"https:\/\/teiaeducation.ch\/de\/produkt\/malerschuerze-blau-6-bis-8-jahren-arts-crafts\/\" \/>\n<meta property=\"og:site_name\" content=\"Sustainable Educational Products &amp; Ecological Toys\u00a0\" \/>\n<meta property=\"article:publisher\" content=\"https:\/\/www.facebook.com\/teiaeducation\/\" \/>\n<meta property=\"article:modified_time\" content=\"2024-05-03T09:47:23+00:00\" \/>\n<meta property=\"og:image\" content=\"https:\/\/teiaeducation.ch\/wp-content\/uploads\/2021\/06\/Painting-apron-blue-6-to-8-years-Arts-Crafts.jpeg\" \/>\n\t<meta property=\"og:image:width\" content=\"1500\" \/>\n\t<meta property=\"og:image:height\" content=\"1500\" \/>\n\t<meta property=\"og:image:type\" content=\"image\/jpeg\" \/>\n<script type=\"application\/ld+json\" class=\"yoast-schema-graph\">{\"@context\":\"https:\/\/schema.org\",\"@graph\":[{\"@type\":\"WebPage\",\"@id\":\"https:\/\/teiaeducation.ch\/de\/produkt\/malerschuerze-blau-6-bis-8-jahren-arts-crafts\/\",\"url\":\"https:\/\/teiaeducation.ch\/de\/produkt\/malerschuerze-blau-6-bis-8-jahren-arts-crafts\/\",\"name\":\"Malersch\u00fcrze Blau - 6 bis 8 Jahren - Arts & Crafts\",\"isPartOf\":{\"@id\":\"https:\/\/teiaeducation.ch\/de\/#website\"},\"primaryImageOfPage\":{\"@id\":\"https:\/\/teiaeducation.ch\/de\/produkt\/malerschuerze-blau-6-bis-8-jahren-arts-crafts\/#primaryimage\"},\"image\":{\"@id\":\"https:\/\/teiaeducation.ch\/de\/produkt\/malerschuerze-blau-6-bis-8-jahren-arts-crafts\/#primaryimage\"},\"thumbnailUrl\":\"https:\/\/teiaeducation.ch\/wp-content\/uploads\/2021\/06\/Painting-apron-blue-6-to-8-years-Arts-Crafts.jpeg\",\"datePublished\":\"2021-06-22T11:32:37+00:00\",\"dateModified\":\"2024-05-03T09:47:23+00:00\",\"description\":\"Die Arts & Crafts Malsch\u00fcrze f\u00fcr Kinder ist f\u00fcr 6-8 Jahre geeignet. PVC-freies Nylon mit \u00c4rmeln zum Schutz der Kleidung beim Malen und Toben.\",\"breadcrumb\":{\"@id\":\"https:\/\/teiaeducation.ch\/de\/produkt\/malerschuerze-blau-6-bis-8-jahren-arts-crafts\/#breadcrumb\"},\"inLanguage\":\"de-CH\",\"potentialAction\":[{\"@type\":\"ReadAction\",\"target\":[\"https:\/\/teiaeducation.ch\/de\/produkt\/malerschuerze-blau-6-bis-8-jahren-arts-crafts\/\"]}]},{\"@type\":\"ImageObject\",\"inLanguage\":\"de-CH\",\"@id\":\"https:\/\/teiaeducation.ch\/de\/produkt\/malerschuerze-blau-6-bis-8-jahren-arts-crafts\/#primaryimage\",\"url\":\"https:\/\/teiaeducation.ch\/wp-content\/uploads\/2021\/06\/Painting-apron-blue-6-to-8-years-Arts-Crafts.jpeg\",\"contentUrl\":\"https:\/\/teiaeducation.ch\/wp-content\/uploads\/2021\/06\/Painting-apron-blue-6-to-8-years-Arts-Crafts.jpeg\",\"width\":1500,\"height\":1500,\"caption\":\"Malersch\u00fcrze Blau - 6 bis 8 Jahren - Arts &amp; Crafts\"},{\"@type\":\"BreadcrumbList\",\"@id\":\"https:\/\/teiaeducation.ch\/de\/produkt\/malerschuerze-blau-6-bis-8-jahren-arts-crafts\/#breadcrumb\",\"itemListElement\":[{\"@type\":\"ListItem\",\"position\":1,\"name\":\"Home\",\"item\":\"https:\/\/teiaeducation.ch\/de\/\"},{\"@type\":\"ListItem\",\"position\":2,\"name\":\"Laden\",\"item\":\"https:\/\/teiaeducation.ch\/de\/shop\/\"},{\"@type\":\"ListItem\",\"position\":3,\"name\":\"Nach Alter\",\"item\":\"https:\/\/teiaeducation.ch\/de\/produkt-kategorie\/nach-alter\/\"},{\"@type\":\"ListItem\",\"position\":4,\"name\":\"6-12 Jahre Grundschule\",\"item\":\"https:\/\/teiaeducation.ch\/de\/produkt-kategorie\/nach-alter\/6-12-jahre-grundschule\/\"},{\"@type\":\"ListItem\",\"position\":5,\"name\":\"Malersch\u00fcrze Blau: 6 bis 8 Jahren &#8211; Arts &amp; Crafts\"}]},{\"@type\":\"WebSite\",\"@id\":\"https:\/\/teiaeducation.ch\/de\/#website\",\"url\":\"https:\/\/teiaeducation.ch\/de\/\",\"name\":\"Sustainable Educational Products &amp; Ecological Toys\u00a0\",\"description\":\"Specialised Swiss shop selling sustainable educational toys and games, AMI certified Montessori materials, handmade ecological wooden Waldorf toys and arts &amp; crafts supplies, school supplies, children&#039;s furniture and Montessori reference and parenting books.\",\"publisher\":{\"@id\":\"https:\/\/teiaeducation.ch\/de\/#organization\"},\"alternateName\":\"Teia Education & Play\",\"potentialAction\":[{\"@type\":\"SearchAction\",\"target\":{\"@type\":\"EntryPoint\",\"urlTemplate\":\"https:\/\/teiaeducation.ch\/de\/?s={search_term_string}\"},\"query-input\":{\"@type\":\"PropertyValueSpecification\",\"valueRequired\":true,\"valueName\":\"search_term_string\"}}],\"inLanguage\":\"de-CH\"},{\"@type\":\"Organization\",\"@id\":\"https:\/\/teiaeducation.ch\/de\/#organization\",\"name\":\"Teia Education & Play\",\"url\":\"https:\/\/teiaeducation.ch\/de\/\",\"logo\":{\"@type\":\"ImageObject\",\"inLanguage\":\"de-CH\",\"@id\":\"https:\/\/teiaeducation.ch\/de\/#\/schema\/logo\/image\/\",\"url\":\"https:\/\/teiaeducation.ch\/wp-content\/uploads\/2020\/11\/Teia-Education-Switzerland-e1620156442216.jpg\",\"contentUrl\":\"https:\/\/teiaeducation.ch\/wp-content\/uploads\/2020\/11\/Teia-Education-Switzerland-e1620156442216.jpg\",\"width\":166,\"height\":145,\"caption\":\"Teia Education & Play\"},\"image\":{\"@id\":\"https:\/\/teiaeducation.ch\/de\/#\/schema\/logo\/image\/\"},\"sameAs\":[\"https:\/\/www.facebook.com\/teiaeducation\/\",\"https:\/\/x.com\/EducationTeia\",\"https:\/\/www.instagram.com\/teia.education\/\",\"https:\/\/www.linkedin.com\/company\/35501660\",\"https:\/\/www.pinterest.ch\/TeiaEducation\/\"]}]}<\/script>\n<!-- \/ Yoast SEO plugin. -->","yoast_head_json":{"title":"Malersch\u00fcrze Blau - 6 bis 8 Jahren - Arts & Crafts","description":"Die Arts & Crafts Malsch\u00fcrze f\u00fcr Kinder ist f\u00fcr 6-8 Jahre geeignet. PVC-freies Nylon mit \u00c4rmeln zum Schutz der Kleidung beim Malen und Toben.","robots":{"index":"index","follow":"follow","max-snippet":"max-snippet:-1","max-image-preview":"max-image-preview:large","max-video-preview":"max-video-preview:-1"},"canonical":"https:\/\/teiaeducation.ch\/de\/produkt\/malerschuerze-blau-6-bis-8-jahren-arts-crafts\/","og_locale":"de_DE","og_type":"article","og_title":"Malersch\u00fcrze Blau - 6 bis 8 Jahren - Arts & Crafts","og_description":"Die Arts & Crafts Malsch\u00fcrze f\u00fcr Kinder ist f\u00fcr 6-8 Jahre geeignet. PVC-freies Nylon mit \u00c4rmeln zum Schutz der Kleidung beim Malen und Toben.","og_url":"https:\/\/teiaeducation.ch\/de\/produkt\/malerschuerze-blau-6-bis-8-jahren-arts-crafts\/","og_site_name":"Sustainable Educational Products &amp; Ecological Toys\u00a0","article_publisher":"https:\/\/www.facebook.com\/teiaeducation\/","article_modified_time":"2024-05-03T09:47:23+00:00","og_image":[{"width":1500,"height":1500,"url":"https:\/\/teiaeducation.ch\/wp-content\/uploads\/2021\/06\/Painting-apron-blue-6-to-8-years-Arts-Crafts.jpeg","type":"image\/jpeg"}],"schema":{"@context":"https:\/\/schema.org","@graph":[{"@type":"WebPage","@id":"https:\/\/teiaeducation.ch\/de\/produkt\/malerschuerze-blau-6-bis-8-jahren-arts-crafts\/","url":"https:\/\/teiaeducation.ch\/de\/produkt\/malerschuerze-blau-6-bis-8-jahren-arts-crafts\/","name":"Malersch\u00fcrze Blau - 6 bis 8 Jahren - Arts & Crafts","isPartOf":{"@id":"https:\/\/teiaeducation.ch\/de\/#website"},"primaryImageOfPage":{"@id":"https:\/\/teiaeducation.ch\/de\/produkt\/malerschuerze-blau-6-bis-8-jahren-arts-crafts\/#primaryimage"},"image":{"@id":"https:\/\/teiaeducation.ch\/de\/produkt\/malerschuerze-blau-6-bis-8-jahren-arts-crafts\/#primaryimage"},"thumbnailUrl":"https:\/\/teiaeducation.ch\/wp-content\/uploads\/2021\/06\/Painting-apron-blue-6-to-8-years-Arts-Crafts.jpeg","datePublished":"2021-06-22T11:32:37+00:00","dateModified":"2024-05-03T09:47:23+00:00","description":"Die Arts & Crafts Malsch\u00fcrze f\u00fcr Kinder ist f\u00fcr 6-8 Jahre geeignet. PVC-freies Nylon mit \u00c4rmeln zum Schutz der Kleidung beim Malen und Toben.","breadcrumb":{"@id":"https:\/\/teiaeducation.ch\/de\/produkt\/malerschuerze-blau-6-bis-8-jahren-arts-crafts\/#breadcrumb"},"inLanguage":"de-CH","potentialAction":[{"@type":"ReadAction","target":["https:\/\/teiaeducation.ch\/de\/produkt\/malerschuerze-blau-6-bis-8-jahren-arts-crafts\/"]}]},{"@type":"ImageObject","inLanguage":"de-CH","@id":"https:\/\/teiaeducation.ch\/de\/produkt\/malerschuerze-blau-6-bis-8-jahren-arts-crafts\/#primaryimage","url":"https:\/\/teiaeducation.ch\/wp-content\/uploads\/2021\/06\/Painting-apron-blue-6-to-8-years-Arts-Crafts.jpeg","contentUrl":"https:\/\/teiaeducation.ch\/wp-content\/uploads\/2021\/06\/Painting-apron-blue-6-to-8-years-Arts-Crafts.jpeg","width":1500,"height":1500,"caption":"Malersch\u00fcrze Blau - 6 bis 8 Jahren - Arts &amp; Crafts"},{"@type":"BreadcrumbList","@id":"https:\/\/teiaeducation.ch\/de\/produkt\/malerschuerze-blau-6-bis-8-jahren-arts-crafts\/#breadcrumb","itemListElement":[{"@type":"ListItem","position":1,"name":"Home","item":"https:\/\/teiaeducation.ch\/de\/"},{"@type":"ListItem","position":2,"name":"Laden","item":"https:\/\/teiaeducation.ch\/de\/shop\/"},{"@type":"ListItem","position":3,"name":"Nach Alter","item":"https:\/\/teiaeducation.ch\/de\/produkt-kategorie\/nach-alter\/"},{"@type":"ListItem","position":4,"name":"6-12 Jahre Grundschule","item":"https:\/\/teiaeducation.ch\/de\/produkt-kategorie\/nach-alter\/6-12-jahre-grundschule\/"},{"@type":"ListItem","position":5,"name":"Malersch\u00fcrze Blau: 6 bis 8 Jahren &#8211; Arts &amp; Crafts"}]},{"@type":"WebSite","@id":"https:\/\/teiaeducation.ch\/de\/#website","url":"https:\/\/teiaeducation.ch\/de\/","name":"Sustainable Educational Products &amp; Ecological Toys\u00a0","description":"Specialised Swiss shop selling sustainable educational toys and games, AMI certified Montessori materials, handmade ecological wooden Waldorf toys and arts &amp; crafts supplies, school supplies, children&#039;s furniture and Montessori reference and parenting books.","publisher":{"@id":"https:\/\/teiaeducation.ch\/de\/#organization"},"alternateName":"Teia Education & Play","potentialAction":[{"@type":"SearchAction","target":{"@type":"EntryPoint","urlTemplate":"https:\/\/teiaeducation.ch\/de\/?s={search_term_string}"},"query-input":{"@type":"PropertyValueSpecification","valueRequired":true,"valueName":"search_term_string"}}],"inLanguage":"de-CH"},{"@type":"Organization","@id":"https:\/\/teiaeducation.ch\/de\/#organization","name":"Teia Education & Play","url":"https:\/\/teiaeducation.ch\/de\/","logo":{"@type":"ImageObject","inLanguage":"de-CH","@id":"https:\/\/teiaeducation.ch\/de\/#\/schema\/logo\/image\/","url":"https:\/\/teiaeducation.ch\/wp-content\/uploads\/2020\/11\/Teia-Education-Switzerland-e1620156442216.jpg","contentUrl":"https:\/\/teiaeducation.ch\/wp-content\/uploads\/2020\/11\/Teia-Education-Switzerland-e1620156442216.jpg","width":166,"height":145,"caption":"Teia Education & Play"},"image":{"@id":"https:\/\/teiaeducation.ch\/de\/#\/schema\/logo\/image\/"},"sameAs":["https:\/\/www.facebook.com\/teiaeducation\/","https:\/\/x.com\/EducationTeia","https:\/\/www.instagram.com\/teia.education\/","https:\/\/www.linkedin.com\/company\/35501660","https:\/\/www.pinterest.ch\/TeiaEducation\/"]}]}},"_links":{"self":[{"href":"https:\/\/teiaeducation.ch\/de\/wp-json\/wp\/v2\/product\/60365","targetHints":{"allow":["GET"]}}],"collection":[{"href":"https:\/\/teiaeducation.ch\/de\/wp-json\/wp\/v2\/product"}],"about":[{"href":"https:\/\/teiaeducation.ch\/de\/wp-json\/wp\/v2\/types\/product"}],"replies":[{"embeddable":true,"href":"https:\/\/teiaeducation.ch\/de\/wp-json\/wp\/v2\/comments?post=60365"}],"wp:featuredmedia":[{"embeddable":true,"href":"https:\/\/teiaeducation.ch\/de\/wp-json\/wp\/v2\/media\/60366"}],"wp:attachment":[{"href":"https:\/\/teiaeducation.ch\/de\/wp-json\/wp\/v2\/media?parent=60365"}],"wp:term":[{"taxonomy":"product_brand","embeddable":true,"href":"https:\/\/teiaeducation.ch\/de\/wp-json\/wp\/v2\/product_brand?post=60365"},{"taxonomy":"product_cat","embeddable":true,"href":"https:\/\/teiaeducation.ch\/de\/wp-json\/wp\/v2\/product_cat?post=60365"},{"taxonomy":"product_tag","embeddable":true,"href":"https:\/\/teiaeducation.ch\/de\/wp-json\/wp\/v2\/product_tag?post=60365"}],"curies":[{"name":"wp","href":"https:\/\/api.w.org\/{rel}","templated":true}]}}