{"id":60369,"date":"2021-01-12T14:53:44","date_gmt":"2021-01-12T13:53:44","guid":{"rendered":"https:\/\/teiaeducation.ch\/product\/pinsel-wasserfarben-arts-crafts\/"},"modified":"2026-02-01T16:46:40","modified_gmt":"2026-02-01T15:46:40","slug":"pinsel-wasserfarben-arts-crafts","status":"publish","type":"product","link":"https:\/\/teiaeducation.ch\/de\/produkt\/pinsel-wasserfarben-arts-crafts\/","title":{"rendered":"Pinsel Wasserfarben &#8211; Arts &amp; Crafts"},"content":{"rendered":"<p>Pinsel Wasserfarben Set &#8211; Arts &amp; Crafts Heutink<\/p>\n<p>Ein wundersch\u00f6nes Set von 12 hochwertigen Aquarellpinseln in verschiedenen Gr\u00f6\u00dfen aus der Heutink Arts &amp; Crafts Kollektion. Die Pinsel haben einen transparenten, rot lackierten Holzstiel und sind mit einer nahtlosen Aluminiumzwinge versehen, die Borsten aus Ponyhaar h\u00e4lt. Die L\u00e4nge der B\u00fcrsten variiert von 17 bis 21 cm und die Spitze von 8 bis 28 mm, je nach B\u00fcrstennummer.<\/p>\n<p>Das umfangreiche Angebot an Kunsthandwerksmaterialien, das von Heutink International speziell ausgew\u00e4hlt wurde, erm\u00f6glicht es Kindern jeden Alters und jeder F\u00e4higkeit, kreativ zu sein, ihre Fantasie zu nutzen und ihr k\u00fcnstlerisches Potenzial zu erkunden. Diese ungiftigen K<a href=\"https:\/\/teiaeducation.ch\/product-category\/creative-art-craft\/?pwb-brand-filter=arts-crafts\">reativmaterialien<\/a> erm\u00f6glichen es Kindern, ihre k\u00fcnstlerischen F\u00e4higkeiten frei zu erforschen, was zur Entwicklung ihrer motorischen F\u00e4higkeiten, ihrer sozialen und emotionalen Intelligenz, ihrer r\u00e4umlichen Orientierung, ihrer Konzentration, ihrer Kommunikations- und Probleml\u00f6sungsf\u00e4higkeiten beitr\u00e4gt. Alle angebotenen Produkte sind von h\u00f6chster Qualit\u00e4t, sie sind sicher und nachhaltig.<\/p>\n<p>Dieses Montessori Material ist f\u00fcr Kinder im Alter von 3-6 Jahren geeignet.<\/p>\n<p>Inhalt:<\/p>\n<p>12 Ponyhaar-Pinsel<\/p>\n","protected":false},"excerpt":{"rendered":"<p>Artikelnummer: <span data-sheets-value=\"{\"1\":2,\"2\":\"E040070\"}\" data-sheets-userformat=\"{\"2\":14461,\"3\":{\"1\":1},\"5\":{\"1\":[{\"1\":2,\"2\":0,\"5\":[null,2,0]},{\"1\":0,\"2\":0,\"3\":1},{\"1\":1,\"2\":0,\"4\":1}]},\"6\":{\"1\":[{\"1\":2,\"2\":0,\"5\":[null,2,0]},{\"1\":0,\"2\":0,\"3\":1},{\"1\":1,\"2\":0,\"4\":1}]},\"7\":{\"1\":[{\"1\":2,\"2\":0,\"5\":[null,2,12582912]},{\"1\":0,\"2\":0,\"3\":3},{\"1\":1,\"2\":0,\"4\":1}]},\"8\":{\"1\":[{\"1\":2,\"2\":0,\"5\":[null,2,0]},{\"1\":0,\"2\":0,\"3\":1},{\"1\":1,\"2\":0,\"4\":1}]},\"9\":0,\"14\":{\"1\":3,\"3\":1},\"15\":\"Trebuchet MS\",\"16\":10}\">E040070<\/span><\/p>\n<p>Ein wundersch\u00f6nes Set von 12 hochwertigen Aquarellpinseln in verschiedenen Gr\u00f6\u00dfen aus der Heutink Arts &amp; Crafts Kollektion. Die Pinsel haben einen Holzgriff und sind aus Ponyhaar gefertigt.<\/p>\n","protected":false},"featured_media":60370,"comment_status":"open","ping_status":"closed","template":"","meta":[],"product_brand":[],"product_cat":[21445,21446,21594,23651,21670,21490,21484,22422,21464,21447,21457,21443,21563,22362,21494,21495,21496,21564,22363],"product_tag":[28997,29000,28998,28999,23474,29001],"class_list":{"0":"post-60369","1":"product","2":"type-product","3":"status-publish","4":"has-post-thumbnail","6":"product_cat-3-6-jahre-vorschule","7":"product_cat-6-12-jahre-grundschule","8":"product_cat-arts-crafts-heutink","9":"product_cat-back-to-school-de","10":"product_cat-fruehjahrskollektion","11":"product_cat-geschenk-guide-kreativ","12":"product_cat-geschenk-guides","13":"product_cat-geschenke-fuer-das-osterkoerbchen","14":"product_cat-herbstkollektion","15":"product_cat-malen-basteln","16":"product_cat-malen","17":"product_cat-nach-alter","18":"product_cat-neuheiten","19":"product_cat-saisonale-kollektionen","20":"product_cat-schulbedarf-fuer-zuhause","21":"product_cat-schulbedarf-fuer-zuhause-3-6-jahre","22":"product_cat-schulbedarf-fuer-zuhause-6-12-jahre","23":"product_cat-unsere-marken","24":"product_cat-winter-kollektion","25":"product_tag-arts-crafts-heutink-de","26":"product_tag-bastelbedarf","27":"product_tag-halter-fur-farbe-und-pinsel","28":"product_tag-halter-fur-farbe-und-pinsel-de","29":"product_tag-heutink-international-schweiz","30":"product_tag-pinsel-wasserfarben-set-arts-crafts-heutink","32":"first","33":"instock","34":"taxable","35":"shipping-taxable","36":"purchasable","37":"product-type-simple"},"yoast_head":"<!-- This site is optimized with the Yoast SEO plugin v27.1.1 - https:\/\/yoast.com\/product\/yoast-seo-wordpress\/ -->\n<title>Pinsel Wasserfarben - Arts &amp; Crafts<\/title>\n<meta name=\"description\" content=\"Ein wundersch\u00f6nes Set von 12 hochwertigen Pinsel Wasserfarben mit Ponyhaar in verschiedenen Gr\u00f6\u00dfen aus der Heutink Arts &amp; Crafts Kollektion.\" \/>\n<meta name=\"robots\" content=\"index, follow, max-snippet:-1, max-image-preview:large, max-video-preview:-1\" \/>\n<link rel=\"canonical\" href=\"https:\/\/teiaeducation.ch\/de\/produkt\/pinsel-wasserfarben-arts-crafts\/\" \/>\n<meta property=\"og:locale\" content=\"de_DE\" \/>\n<meta property=\"og:type\" content=\"article\" \/>\n<meta property=\"og:title\" content=\"Pinsel Wasserfarben - Arts &amp; Crafts\" \/>\n<meta property=\"og:description\" content=\"Ein wundersch\u00f6nes Set von 12 hochwertigen Pinsel Wasserfarben mit Ponyhaar in verschiedenen Gr\u00f6\u00dfen aus der Heutink Arts &amp; Crafts Kollektion.\" \/>\n<meta property=\"og:url\" content=\"https:\/\/teiaeducation.ch\/de\/produkt\/pinsel-wasserfarben-arts-crafts\/\" \/>\n<meta property=\"og:site_name\" content=\"Sustainable Educational Products &amp; Ecological Toys\u00a0\" \/>\n<meta property=\"article:publisher\" content=\"https:\/\/www.facebook.com\/teiaeducation\/\" \/>\n<meta property=\"article:modified_time\" content=\"2026-02-01T15:46:40+00:00\" \/>\n<meta property=\"og:image\" content=\"https:\/\/teiaeducation.ch\/wp-content\/uploads\/2021\/01\/Water-colour-paint-brushes-Arts-Crafts-Heutink-scaled.jpg\" \/>\n\t<meta property=\"og:image:width\" content=\"900\" \/>\n\t<meta property=\"og:image:height\" content=\"900\" \/>\n\t<meta property=\"og:image:type\" content=\"image\/jpeg\" \/>\n<script type=\"application\/ld+json\" class=\"yoast-schema-graph\">{\"@context\":\"https:\/\/schema.org\",\"@graph\":[{\"@type\":\"WebPage\",\"@id\":\"https:\/\/teiaeducation.ch\/de\/produkt\/pinsel-wasserfarben-arts-crafts\/\",\"url\":\"https:\/\/teiaeducation.ch\/de\/produkt\/pinsel-wasserfarben-arts-crafts\/\",\"name\":\"Pinsel Wasserfarben - Arts & Crafts\",\"isPartOf\":{\"@id\":\"https:\/\/teiaeducation.ch\/de\/#website\"},\"primaryImageOfPage\":{\"@id\":\"https:\/\/teiaeducation.ch\/de\/produkt\/pinsel-wasserfarben-arts-crafts\/#primaryimage\"},\"image\":{\"@id\":\"https:\/\/teiaeducation.ch\/de\/produkt\/pinsel-wasserfarben-arts-crafts\/#primaryimage\"},\"thumbnailUrl\":\"https:\/\/teiaeducation.ch\/wp-content\/uploads\/2021\/01\/Water-colour-paint-brushes-Arts-Crafts-Heutink-scaled.jpg\",\"datePublished\":\"2021-01-12T13:53:44+00:00\",\"dateModified\":\"2026-02-01T15:46:40+00:00\",\"description\":\"Ein wundersch\u00f6nes Set von 12 hochwertigen Pinsel Wasserfarben mit Ponyhaar in verschiedenen Gr\u00f6\u00dfen aus der Heutink Arts & Crafts Kollektion.\",\"breadcrumb\":{\"@id\":\"https:\/\/teiaeducation.ch\/de\/produkt\/pinsel-wasserfarben-arts-crafts\/#breadcrumb\"},\"inLanguage\":\"de-CH\",\"potentialAction\":[{\"@type\":\"ReadAction\",\"target\":[\"https:\/\/teiaeducation.ch\/de\/produkt\/pinsel-wasserfarben-arts-crafts\/\"]}]},{\"@type\":\"ImageObject\",\"inLanguage\":\"de-CH\",\"@id\":\"https:\/\/teiaeducation.ch\/de\/produkt\/pinsel-wasserfarben-arts-crafts\/#primaryimage\",\"url\":\"https:\/\/teiaeducation.ch\/wp-content\/uploads\/2021\/01\/Water-colour-paint-brushes-Arts-Crafts-Heutink-scaled.jpg\",\"contentUrl\":\"https:\/\/teiaeducation.ch\/wp-content\/uploads\/2021\/01\/Water-colour-paint-brushes-Arts-Crafts-Heutink-scaled.jpg\",\"width\":900,\"height\":900,\"caption\":\"Pinsel Wasserfarben - Arts &amp; Crafts Heutink\"},{\"@type\":\"BreadcrumbList\",\"@id\":\"https:\/\/teiaeducation.ch\/de\/produkt\/pinsel-wasserfarben-arts-crafts\/#breadcrumb\",\"itemListElement\":[{\"@type\":\"ListItem\",\"position\":1,\"name\":\"Home\",\"item\":\"https:\/\/teiaeducation.ch\/de\/\"},{\"@type\":\"ListItem\",\"position\":2,\"name\":\"Laden\",\"item\":\"https:\/\/teiaeducation.ch\/de\/shop\/\"},{\"@type\":\"ListItem\",\"position\":3,\"name\":\"Pinsel Wasserfarben &#8211; Arts &amp; Crafts\"}]},{\"@type\":\"WebSite\",\"@id\":\"https:\/\/teiaeducation.ch\/de\/#website\",\"url\":\"https:\/\/teiaeducation.ch\/de\/\",\"name\":\"Sustainable Educational Products &amp; Ecological Toys\u00a0\",\"description\":\"Specialised Swiss shop selling sustainable educational toys and games, AMI certified Montessori materials, handmade ecological wooden Waldorf toys and arts &amp; crafts supplies, school supplies, children&#039;s furniture and Montessori reference and parenting books.\",\"publisher\":{\"@id\":\"https:\/\/teiaeducation.ch\/de\/#organization\"},\"alternateName\":\"Teia Education & Play\",\"potentialAction\":[{\"@type\":\"SearchAction\",\"target\":{\"@type\":\"EntryPoint\",\"urlTemplate\":\"https:\/\/teiaeducation.ch\/de\/?s={search_term_string}\"},\"query-input\":{\"@type\":\"PropertyValueSpecification\",\"valueRequired\":true,\"valueName\":\"search_term_string\"}}],\"inLanguage\":\"de-CH\"},{\"@type\":\"Organization\",\"@id\":\"https:\/\/teiaeducation.ch\/de\/#organization\",\"name\":\"Teia Education & Play\",\"url\":\"https:\/\/teiaeducation.ch\/de\/\",\"logo\":{\"@type\":\"ImageObject\",\"inLanguage\":\"de-CH\",\"@id\":\"https:\/\/teiaeducation.ch\/de\/#\/schema\/logo\/image\/\",\"url\":\"https:\/\/teiaeducation.ch\/wp-content\/uploads\/2020\/11\/Teia-Education-Switzerland-e1620156442216.jpg\",\"contentUrl\":\"https:\/\/teiaeducation.ch\/wp-content\/uploads\/2020\/11\/Teia-Education-Switzerland-e1620156442216.jpg\",\"width\":166,\"height\":145,\"caption\":\"Teia Education & Play\"},\"image\":{\"@id\":\"https:\/\/teiaeducation.ch\/de\/#\/schema\/logo\/image\/\"},\"sameAs\":[\"https:\/\/www.facebook.com\/teiaeducation\/\",\"https:\/\/x.com\/EducationTeia\",\"https:\/\/www.instagram.com\/teia.education\/\",\"https:\/\/www.linkedin.com\/company\/35501660\",\"https:\/\/www.pinterest.ch\/TeiaEducation\/\"]}]}<\/script>\n<!-- \/ Yoast SEO plugin. -->","yoast_head_json":{"title":"Pinsel Wasserfarben - Arts & Crafts","description":"Ein wundersch\u00f6nes Set von 12 hochwertigen Pinsel Wasserfarben mit Ponyhaar in verschiedenen Gr\u00f6\u00dfen aus der Heutink Arts & Crafts Kollektion.","robots":{"index":"index","follow":"follow","max-snippet":"max-snippet:-1","max-image-preview":"max-image-preview:large","max-video-preview":"max-video-preview:-1"},"canonical":"https:\/\/teiaeducation.ch\/de\/produkt\/pinsel-wasserfarben-arts-crafts\/","og_locale":"de_DE","og_type":"article","og_title":"Pinsel Wasserfarben - Arts & Crafts","og_description":"Ein wundersch\u00f6nes Set von 12 hochwertigen Pinsel Wasserfarben mit Ponyhaar in verschiedenen Gr\u00f6\u00dfen aus der Heutink Arts & Crafts Kollektion.","og_url":"https:\/\/teiaeducation.ch\/de\/produkt\/pinsel-wasserfarben-arts-crafts\/","og_site_name":"Sustainable Educational Products &amp; Ecological Toys\u00a0","article_publisher":"https:\/\/www.facebook.com\/teiaeducation\/","article_modified_time":"2026-02-01T15:46:40+00:00","og_image":[{"width":900,"height":900,"url":"https:\/\/teiaeducation.ch\/wp-content\/uploads\/2021\/01\/Water-colour-paint-brushes-Arts-Crafts-Heutink-scaled.jpg","type":"image\/jpeg"}],"schema":{"@context":"https:\/\/schema.org","@graph":[{"@type":"WebPage","@id":"https:\/\/teiaeducation.ch\/de\/produkt\/pinsel-wasserfarben-arts-crafts\/","url":"https:\/\/teiaeducation.ch\/de\/produkt\/pinsel-wasserfarben-arts-crafts\/","name":"Pinsel Wasserfarben - Arts & Crafts","isPartOf":{"@id":"https:\/\/teiaeducation.ch\/de\/#website"},"primaryImageOfPage":{"@id":"https:\/\/teiaeducation.ch\/de\/produkt\/pinsel-wasserfarben-arts-crafts\/#primaryimage"},"image":{"@id":"https:\/\/teiaeducation.ch\/de\/produkt\/pinsel-wasserfarben-arts-crafts\/#primaryimage"},"thumbnailUrl":"https:\/\/teiaeducation.ch\/wp-content\/uploads\/2021\/01\/Water-colour-paint-brushes-Arts-Crafts-Heutink-scaled.jpg","datePublished":"2021-01-12T13:53:44+00:00","dateModified":"2026-02-01T15:46:40+00:00","description":"Ein wundersch\u00f6nes Set von 12 hochwertigen Pinsel Wasserfarben mit Ponyhaar in verschiedenen Gr\u00f6\u00dfen aus der Heutink Arts & Crafts Kollektion.","breadcrumb":{"@id":"https:\/\/teiaeducation.ch\/de\/produkt\/pinsel-wasserfarben-arts-crafts\/#breadcrumb"},"inLanguage":"de-CH","potentialAction":[{"@type":"ReadAction","target":["https:\/\/teiaeducation.ch\/de\/produkt\/pinsel-wasserfarben-arts-crafts\/"]}]},{"@type":"ImageObject","inLanguage":"de-CH","@id":"https:\/\/teiaeducation.ch\/de\/produkt\/pinsel-wasserfarben-arts-crafts\/#primaryimage","url":"https:\/\/teiaeducation.ch\/wp-content\/uploads\/2021\/01\/Water-colour-paint-brushes-Arts-Crafts-Heutink-scaled.jpg","contentUrl":"https:\/\/teiaeducation.ch\/wp-content\/uploads\/2021\/01\/Water-colour-paint-brushes-Arts-Crafts-Heutink-scaled.jpg","width":900,"height":900,"caption":"Pinsel Wasserfarben - Arts &amp; Crafts Heutink"},{"@type":"BreadcrumbList","@id":"https:\/\/teiaeducation.ch\/de\/produkt\/pinsel-wasserfarben-arts-crafts\/#breadcrumb","itemListElement":[{"@type":"ListItem","position":1,"name":"Home","item":"https:\/\/teiaeducation.ch\/de\/"},{"@type":"ListItem","position":2,"name":"Laden","item":"https:\/\/teiaeducation.ch\/de\/shop\/"},{"@type":"ListItem","position":3,"name":"Pinsel Wasserfarben &#8211; Arts &amp; Crafts"}]},{"@type":"WebSite","@id":"https:\/\/teiaeducation.ch\/de\/#website","url":"https:\/\/teiaeducation.ch\/de\/","name":"Sustainable Educational Products &amp; Ecological Toys\u00a0","description":"Specialised Swiss shop selling sustainable educational toys and games, AMI certified Montessori materials, handmade ecological wooden Waldorf toys and arts &amp; crafts supplies, school supplies, children&#039;s furniture and Montessori reference and parenting books.","publisher":{"@id":"https:\/\/teiaeducation.ch\/de\/#organization"},"alternateName":"Teia Education & Play","potentialAction":[{"@type":"SearchAction","target":{"@type":"EntryPoint","urlTemplate":"https:\/\/teiaeducation.ch\/de\/?s={search_term_string}"},"query-input":{"@type":"PropertyValueSpecification","valueRequired":true,"valueName":"search_term_string"}}],"inLanguage":"de-CH"},{"@type":"Organization","@id":"https:\/\/teiaeducation.ch\/de\/#organization","name":"Teia Education & Play","url":"https:\/\/teiaeducation.ch\/de\/","logo":{"@type":"ImageObject","inLanguage":"de-CH","@id":"https:\/\/teiaeducation.ch\/de\/#\/schema\/logo\/image\/","url":"https:\/\/teiaeducation.ch\/wp-content\/uploads\/2020\/11\/Teia-Education-Switzerland-e1620156442216.jpg","contentUrl":"https:\/\/teiaeducation.ch\/wp-content\/uploads\/2020\/11\/Teia-Education-Switzerland-e1620156442216.jpg","width":166,"height":145,"caption":"Teia Education & Play"},"image":{"@id":"https:\/\/teiaeducation.ch\/de\/#\/schema\/logo\/image\/"},"sameAs":["https:\/\/www.facebook.com\/teiaeducation\/","https:\/\/x.com\/EducationTeia","https:\/\/www.instagram.com\/teia.education\/","https:\/\/www.linkedin.com\/company\/35501660","https:\/\/www.pinterest.ch\/TeiaEducation\/"]}]}},"_links":{"self":[{"href":"https:\/\/teiaeducation.ch\/de\/wp-json\/wp\/v2\/product\/60369","targetHints":{"allow":["GET"]}}],"collection":[{"href":"https:\/\/teiaeducation.ch\/de\/wp-json\/wp\/v2\/product"}],"about":[{"href":"https:\/\/teiaeducation.ch\/de\/wp-json\/wp\/v2\/types\/product"}],"replies":[{"embeddable":true,"href":"https:\/\/teiaeducation.ch\/de\/wp-json\/wp\/v2\/comments?post=60369"}],"wp:featuredmedia":[{"embeddable":true,"href":"https:\/\/teiaeducation.ch\/de\/wp-json\/wp\/v2\/media\/60370"}],"wp:attachment":[{"href":"https:\/\/teiaeducation.ch\/de\/wp-json\/wp\/v2\/media?parent=60369"}],"wp:term":[{"taxonomy":"product_brand","embeddable":true,"href":"https:\/\/teiaeducation.ch\/de\/wp-json\/wp\/v2\/product_brand?post=60369"},{"taxonomy":"product_cat","embeddable":true,"href":"https:\/\/teiaeducation.ch\/de\/wp-json\/wp\/v2\/product_cat?post=60369"},{"taxonomy":"product_tag","embeddable":true,"href":"https:\/\/teiaeducation.ch\/de\/wp-json\/wp\/v2\/product_tag?post=60369"}],"curies":[{"name":"wp","href":"https:\/\/api.w.org\/{rel}","templated":true}]}}