{"id":60382,"date":"2020-05-09T14:51:24","date_gmt":"2020-05-09T12:51:24","guid":{"rendered":"https:\/\/teiaeducation.ch\/product\/klebstoffspachtel-arts-crafts\/"},"modified":"2024-05-03T13:17:49","modified_gmt":"2024-05-03T11:17:49","slug":"klebstoffspachtel-arts-crafts","status":"publish","type":"product","link":"https:\/\/teiaeducation.ch\/de\/produkt\/klebstoffspachtel-arts-crafts\/","title":{"rendered":"Klebstoffspachtel &#8211; Arts &amp; Crafts"},"content":{"rendered":"<p>Die Klebstoffspachtel aus der Heutink Arts &amp; Crafts-Kollektion kann zum Auftragen von <a href=\"https:\/\/teiaeducation.ch\/product\/glue-powder-arts-crafts\/\">Klebstoff<\/a> auf jede Art von Oberfl\u00e4che verwendet werden. Ein Ring verhindert, dass der Spreizer verschmutzt. Der Klebstoffspachtel ist in den Farben Rot, Gelb, Gr\u00fcn und Blau (je nach Verf\u00fcgbarkeit) erh\u00e4ltlich und wird aus Hartplastik hergestellt.<\/p>\n<p>Das umfangreiche Angebot an Kunsthandwerksmaterialien, das von Heutink International speziell ausgew\u00e4hlt wurde, erm\u00f6glicht es Kindern jeden Alters und jeder F\u00e4higkeit, kreativ zu sein, ihre Fantasie zu nutzen und ihr k\u00fcnstlerisches Potenzial zu erkunden. Diese ungiftigen K<a href=\"https:\/\/teiaeducation.ch\/product-category\/creative-art-craft\/?pwb-brand-filter=arts-crafts\">reativmaterialien<\/a> erm\u00f6glichen es Kindern, ihre k\u00fcnstlerischen F\u00e4higkeiten frei zu erforschen, was zur Entwicklung ihrer motorischen F\u00e4higkeiten, ihrer sozialen und emotionalen Intelligenz, ihrer r\u00e4umlichen Orientierung, ihrer Konzentration, ihrer Kommunikations- und Probleml\u00f6sungsf\u00e4higkeiten beitr\u00e4gt. Alle angebotenen Produkte sind von h\u00f6chster Qualit\u00e4t, sie sind sicher und nachhaltig.<\/p>\n<p>Inhalt:<\/p>\n<p>1 Klebstoffspachtel (12 cm) &#8211; Farbe je nach Verf\u00fcgbarkeit<\/p>\n<p><em>We currently do not have this item in stock, but it is available on pre-order. We will order this item for you from our supplier. Due to importation from the European Union to Switzerland please allow 2 to maximum 3 weeks for delivery. <\/em><\/p>\n\t<div id=\"gap-827136836\" class=\"gap-element clearfix\" style=\"display:block; height:auto;\">\n\t\t\n<style>\n#gap-827136836 {\n  padding-top: 20px;\n}\n<\/style>\n\t<\/div>\n\t\n","protected":false},"excerpt":{"rendered":"<p>Artikelnummer: E512210<\/p>\n<p>Die Klebstoffspachtel aus der Heutink Arts &amp; Crafts-Kollektion kann zum Auftragen von Klebstoff auf jede Art von Oberfl\u00e4che verwendet werden. Ein Ring verhindert, dass er schmutzig wird.<\/p>\n","protected":false},"featured_media":60383,"comment_status":"open","ping_status":"closed","template":"","meta":[],"product_brand":[],"product_cat":[21445,21446,21594,23651,21449,21479,21447,21443,21563,22362,21494,21495,21496,21564],"product_tag":[29006],"class_list":{"0":"post-60382","1":"product","2":"type-product","3":"status-publish","4":"has-post-thumbnail","6":"product_cat-3-6-jahre-vorschule","7":"product_cat-6-12-jahre-grundschule","8":"product_cat-arts-crafts-heutink","9":"product_cat-back-to-school-de","10":"product_cat-bastelwerkzeuge-aufbewahrung","11":"product_cat-lernmaterialien-spielzeug-montessori-waldorf-steiner-froebel","12":"product_cat-malen-basteln","13":"product_cat-nach-alter","14":"product_cat-neuheiten","15":"product_cat-saisonale-kollektionen","16":"product_cat-schulbedarf-fuer-zuhause","17":"product_cat-schulbedarf-fuer-zuhause-3-6-jahre","18":"product_cat-schulbedarf-fuer-zuhause-6-12-jahre","19":"product_cat-unsere-marken","20":"product_tag-klebstoffspachtel-arts-crafts","22":"first","23":"onbackorder","24":"taxable","25":"shipping-taxable","26":"purchasable","27":"product-type-simple"},"yoast_head":"<!-- This site is optimized with the Yoast SEO Premium plugin v25.8 (Yoast SEO v27.4) - https:\/\/yoast.com\/product\/yoast-seo-premium-wordpress\/ -->\n<title>Klebstoffspachtel - Arts &amp; Crafts - Teia Education &amp; Play<\/title>\n<meta name=\"description\" content=\"Die Klebstoffspachtel aus der Heutink Arts &amp; Crafts-Kollektion kann zum Auftragen von Klebstoff auf jede Art von Oberfl\u00e4che verwendet werden. Ein Ring verhindert, dass er schmutzig wird.\" \/>\n<meta name=\"robots\" content=\"index, follow, max-snippet:-1, max-image-preview:large, max-video-preview:-1\" \/>\n<link rel=\"canonical\" href=\"https:\/\/teiaeducation.ch\/de\/produkt\/klebstoffspachtel-arts-crafts\/\" \/>\n<meta property=\"og:locale\" content=\"de_DE\" \/>\n<meta property=\"og:type\" content=\"article\" \/>\n<meta property=\"og:title\" content=\"Klebstoffspachtel - Arts &amp; Crafts\" \/>\n<meta property=\"og:description\" content=\"Die Klebstoffspachtel aus der Heutink Arts &amp; Crafts-Kollektion kann zum Auftragen von Klebstoff auf jede Art von Oberfl\u00e4che verwendet werden. Ein Ring verhindert, dass er schmutzig wird.\" \/>\n<meta property=\"og:url\" content=\"https:\/\/teiaeducation.ch\/de\/produkt\/klebstoffspachtel-arts-crafts\/\" \/>\n<meta property=\"og:site_name\" content=\"Sustainable Educational Products &amp; Ecological Toys\u00a0\" \/>\n<meta property=\"article:publisher\" content=\"https:\/\/www.facebook.com\/teiaeducation\/\" \/>\n<meta property=\"article:modified_time\" content=\"2024-05-03T11:17:49+00:00\" \/>\n<meta property=\"og:image\" content=\"https:\/\/teiaeducation.ch\/wp-content\/uploads\/2020\/05\/Glue-spreader-Arts-Crafts-scaled-scaled.jpg\" \/>\n\t<meta property=\"og:image:width\" content=\"2048\" \/>\n\t<meta property=\"og:image:height\" content=\"2048\" \/>\n\t<meta property=\"og:image:type\" content=\"image\/jpeg\" \/>\n<script type=\"application\/ld+json\" class=\"yoast-schema-graph\">{\"@context\":\"https:\\\/\\\/schema.org\",\"@graph\":[{\"@type\":\"WebPage\",\"@id\":\"https:\\\/\\\/teiaeducation.ch\\\/de\\\/produkt\\\/klebstoffspachtel-arts-crafts\\\/\",\"url\":\"https:\\\/\\\/teiaeducation.ch\\\/de\\\/produkt\\\/klebstoffspachtel-arts-crafts\\\/\",\"name\":\"Klebstoffspachtel - Arts &amp; Crafts - Teia Education & Play\",\"isPartOf\":{\"@id\":\"https:\\\/\\\/teiaeducation.ch\\\/de\\\/#website\"},\"primaryImageOfPage\":{\"@id\":\"https:\\\/\\\/teiaeducation.ch\\\/de\\\/produkt\\\/klebstoffspachtel-arts-crafts\\\/#primaryimage\"},\"image\":{\"@id\":\"https:\\\/\\\/teiaeducation.ch\\\/de\\\/produkt\\\/klebstoffspachtel-arts-crafts\\\/#primaryimage\"},\"thumbnailUrl\":\"https:\\\/\\\/teiaeducation.ch\\\/wp-content\\\/uploads\\\/2020\\\/05\\\/Glue-spreader-Arts-Crafts-scaled-scaled.jpg\",\"datePublished\":\"2020-05-09T12:51:24+00:00\",\"dateModified\":\"2024-05-03T11:17:49+00:00\",\"description\":\"Die Klebstoffspachtel aus der Heutink Arts & Crafts-Kollektion kann zum Auftragen von Klebstoff auf jede Art von Oberfl\u00e4che verwendet werden. Ein Ring verhindert, dass er schmutzig wird.\",\"breadcrumb\":{\"@id\":\"https:\\\/\\\/teiaeducation.ch\\\/de\\\/produkt\\\/klebstoffspachtel-arts-crafts\\\/#breadcrumb\"},\"inLanguage\":\"de-CH\",\"potentialAction\":[{\"@type\":\"ReadAction\",\"target\":[\"https:\\\/\\\/teiaeducation.ch\\\/de\\\/produkt\\\/klebstoffspachtel-arts-crafts\\\/\"]}]},{\"@type\":\"ImageObject\",\"inLanguage\":\"de-CH\",\"@id\":\"https:\\\/\\\/teiaeducation.ch\\\/de\\\/produkt\\\/klebstoffspachtel-arts-crafts\\\/#primaryimage\",\"url\":\"https:\\\/\\\/teiaeducation.ch\\\/wp-content\\\/uploads\\\/2020\\\/05\\\/Glue-spreader-Arts-Crafts-scaled-scaled.jpg\",\"contentUrl\":\"https:\\\/\\\/teiaeducation.ch\\\/wp-content\\\/uploads\\\/2020\\\/05\\\/Glue-spreader-Arts-Crafts-scaled-scaled.jpg\",\"width\":2048,\"height\":2048,\"caption\":\"Klebstoffspachtel - Arts &amp; Crafts\"},{\"@type\":\"BreadcrumbList\",\"@id\":\"https:\\\/\\\/teiaeducation.ch\\\/de\\\/produkt\\\/klebstoffspachtel-arts-crafts\\\/#breadcrumb\",\"itemListElement\":[{\"@type\":\"ListItem\",\"position\":1,\"name\":\"Home\",\"item\":\"https:\\\/\\\/teiaeducation.ch\\\/de\\\/\"},{\"@type\":\"ListItem\",\"position\":2,\"name\":\"Laden\",\"item\":\"https:\\\/\\\/teiaeducation.ch\\\/de\\\/shop\\\/\"},{\"@type\":\"ListItem\",\"position\":3,\"name\":\"Klebstoffspachtel &#8211; Arts &amp; Crafts\"}]},{\"@type\":\"WebSite\",\"@id\":\"https:\\\/\\\/teiaeducation.ch\\\/de\\\/#website\",\"url\":\"https:\\\/\\\/teiaeducation.ch\\\/de\\\/\",\"name\":\"Sustainable Educational Products &amp; Ecological Toys\u00a0\",\"description\":\"Specialised Swiss shop selling sustainable educational toys and games, AMI certified Montessori materials, handmade ecological wooden Waldorf toys and arts &amp; crafts supplies, school supplies, children&#039;s furniture and Montessori reference and parenting books.\",\"publisher\":{\"@id\":\"https:\\\/\\\/teiaeducation.ch\\\/de\\\/#organization\"},\"alternateName\":\"Teia Education & Play\",\"potentialAction\":[{\"@type\":\"SearchAction\",\"target\":{\"@type\":\"EntryPoint\",\"urlTemplate\":\"https:\\\/\\\/teiaeducation.ch\\\/de\\\/?s={search_term_string}\"},\"query-input\":{\"@type\":\"PropertyValueSpecification\",\"valueRequired\":true,\"valueName\":\"search_term_string\"}}],\"inLanguage\":\"de-CH\"},{\"@type\":\"Organization\",\"@id\":\"https:\\\/\\\/teiaeducation.ch\\\/de\\\/#organization\",\"name\":\"Teia Education & Play\",\"url\":\"https:\\\/\\\/teiaeducation.ch\\\/de\\\/\",\"logo\":{\"@type\":\"ImageObject\",\"inLanguage\":\"de-CH\",\"@id\":\"https:\\\/\\\/teiaeducation.ch\\\/de\\\/#\\\/schema\\\/logo\\\/image\\\/\",\"url\":\"https:\\\/\\\/teiaeducation.ch\\\/wp-content\\\/uploads\\\/2020\\\/11\\\/Teia-Education-Switzerland-e1620156442216.jpg\",\"contentUrl\":\"https:\\\/\\\/teiaeducation.ch\\\/wp-content\\\/uploads\\\/2020\\\/11\\\/Teia-Education-Switzerland-e1620156442216.jpg\",\"width\":166,\"height\":145,\"caption\":\"Teia Education & Play\"},\"image\":{\"@id\":\"https:\\\/\\\/teiaeducation.ch\\\/de\\\/#\\\/schema\\\/logo\\\/image\\\/\"},\"sameAs\":[\"https:\\\/\\\/www.facebook.com\\\/teiaeducation\\\/\",\"https:\\\/\\\/x.com\\\/EducationTeia\",\"https:\\\/\\\/www.instagram.com\\\/teia.education\\\/\",\"https:\\\/\\\/www.linkedin.com\\\/company\\\/35501660\",\"https:\\\/\\\/www.pinterest.ch\\\/TeiaEducation\\\/\"]}]}<\/script>\n<meta property=\"product:price:amount\" content=\"3.50\" \/>\n<meta property=\"product:price:currency\" content=\"CHF\" \/>\n<meta property=\"og:availability\" content=\"backorder\" \/>\n<meta property=\"product:availability\" content=\"available for order\" \/>\n<meta property=\"product:retailer_item_id\" content=\"00000000000000000000000000000000000000000000026114\" \/>\n<meta property=\"product:condition\" content=\"new\" \/>\n<!-- \/ Yoast SEO Premium plugin. -->","yoast_head_json":{"title":"Klebstoffspachtel - Arts &amp; Crafts - Teia Education & Play","description":"Die Klebstoffspachtel aus der Heutink Arts & Crafts-Kollektion kann zum Auftragen von Klebstoff auf jede Art von Oberfl\u00e4che verwendet werden. Ein Ring verhindert, dass er schmutzig wird.","robots":{"index":"index","follow":"follow","max-snippet":"max-snippet:-1","max-image-preview":"max-image-preview:large","max-video-preview":"max-video-preview:-1"},"canonical":"https:\/\/teiaeducation.ch\/de\/produkt\/klebstoffspachtel-arts-crafts\/","og_locale":"de_DE","og_type":"article","og_title":"Klebstoffspachtel - Arts &amp; Crafts","og_description":"Die Klebstoffspachtel aus der Heutink Arts & Crafts-Kollektion kann zum Auftragen von Klebstoff auf jede Art von Oberfl\u00e4che verwendet werden. Ein Ring verhindert, dass er schmutzig wird.","og_url":"https:\/\/teiaeducation.ch\/de\/produkt\/klebstoffspachtel-arts-crafts\/","og_site_name":"Sustainable Educational Products &amp; Ecological Toys\u00a0","article_publisher":"https:\/\/www.facebook.com\/teiaeducation\/","article_modified_time":"2024-05-03T11:17:49+00:00","og_image":[{"width":2048,"height":2048,"url":"https:\/\/teiaeducation.ch\/wp-content\/uploads\/2020\/05\/Glue-spreader-Arts-Crafts-scaled-scaled.jpg","type":"image\/jpeg"}],"schema":{"@context":"https:\/\/schema.org","@graph":[{"@type":"WebPage","@id":"https:\/\/teiaeducation.ch\/de\/produkt\/klebstoffspachtel-arts-crafts\/","url":"https:\/\/teiaeducation.ch\/de\/produkt\/klebstoffspachtel-arts-crafts\/","name":"Klebstoffspachtel - Arts &amp; Crafts - Teia Education & Play","isPartOf":{"@id":"https:\/\/teiaeducation.ch\/de\/#website"},"primaryImageOfPage":{"@id":"https:\/\/teiaeducation.ch\/de\/produkt\/klebstoffspachtel-arts-crafts\/#primaryimage"},"image":{"@id":"https:\/\/teiaeducation.ch\/de\/produkt\/klebstoffspachtel-arts-crafts\/#primaryimage"},"thumbnailUrl":"https:\/\/teiaeducation.ch\/wp-content\/uploads\/2020\/05\/Glue-spreader-Arts-Crafts-scaled-scaled.jpg","datePublished":"2020-05-09T12:51:24+00:00","dateModified":"2024-05-03T11:17:49+00:00","description":"Die Klebstoffspachtel aus der Heutink Arts & Crafts-Kollektion kann zum Auftragen von Klebstoff auf jede Art von Oberfl\u00e4che verwendet werden. Ein Ring verhindert, dass er schmutzig wird.","breadcrumb":{"@id":"https:\/\/teiaeducation.ch\/de\/produkt\/klebstoffspachtel-arts-crafts\/#breadcrumb"},"inLanguage":"de-CH","potentialAction":[{"@type":"ReadAction","target":["https:\/\/teiaeducation.ch\/de\/produkt\/klebstoffspachtel-arts-crafts\/"]}]},{"@type":"ImageObject","inLanguage":"de-CH","@id":"https:\/\/teiaeducation.ch\/de\/produkt\/klebstoffspachtel-arts-crafts\/#primaryimage","url":"https:\/\/teiaeducation.ch\/wp-content\/uploads\/2020\/05\/Glue-spreader-Arts-Crafts-scaled-scaled.jpg","contentUrl":"https:\/\/teiaeducation.ch\/wp-content\/uploads\/2020\/05\/Glue-spreader-Arts-Crafts-scaled-scaled.jpg","width":2048,"height":2048,"caption":"Klebstoffspachtel - Arts &amp; Crafts"},{"@type":"BreadcrumbList","@id":"https:\/\/teiaeducation.ch\/de\/produkt\/klebstoffspachtel-arts-crafts\/#breadcrumb","itemListElement":[{"@type":"ListItem","position":1,"name":"Home","item":"https:\/\/teiaeducation.ch\/de\/"},{"@type":"ListItem","position":2,"name":"Laden","item":"https:\/\/teiaeducation.ch\/de\/shop\/"},{"@type":"ListItem","position":3,"name":"Klebstoffspachtel &#8211; Arts &amp; Crafts"}]},{"@type":"WebSite","@id":"https:\/\/teiaeducation.ch\/de\/#website","url":"https:\/\/teiaeducation.ch\/de\/","name":"Sustainable Educational Products &amp; Ecological Toys\u00a0","description":"Specialised Swiss shop selling sustainable educational toys and games, AMI certified Montessori materials, handmade ecological wooden Waldorf toys and arts &amp; crafts supplies, school supplies, children&#039;s furniture and Montessori reference and parenting books.","publisher":{"@id":"https:\/\/teiaeducation.ch\/de\/#organization"},"alternateName":"Teia Education & Play","potentialAction":[{"@type":"SearchAction","target":{"@type":"EntryPoint","urlTemplate":"https:\/\/teiaeducation.ch\/de\/?s={search_term_string}"},"query-input":{"@type":"PropertyValueSpecification","valueRequired":true,"valueName":"search_term_string"}}],"inLanguage":"de-CH"},{"@type":"Organization","@id":"https:\/\/teiaeducation.ch\/de\/#organization","name":"Teia Education & Play","url":"https:\/\/teiaeducation.ch\/de\/","logo":{"@type":"ImageObject","inLanguage":"de-CH","@id":"https:\/\/teiaeducation.ch\/de\/#\/schema\/logo\/image\/","url":"https:\/\/teiaeducation.ch\/wp-content\/uploads\/2020\/11\/Teia-Education-Switzerland-e1620156442216.jpg","contentUrl":"https:\/\/teiaeducation.ch\/wp-content\/uploads\/2020\/11\/Teia-Education-Switzerland-e1620156442216.jpg","width":166,"height":145,"caption":"Teia Education & Play"},"image":{"@id":"https:\/\/teiaeducation.ch\/de\/#\/schema\/logo\/image\/"},"sameAs":["https:\/\/www.facebook.com\/teiaeducation\/","https:\/\/x.com\/EducationTeia","https:\/\/www.instagram.com\/teia.education\/","https:\/\/www.linkedin.com\/company\/35501660","https:\/\/www.pinterest.ch\/TeiaEducation\/"]}]},"product_price_amount":"3.50","product_price_currency":"CHF","og_availability":"backorder","product_availability":"available for order","product_retailer_item_id":"00000000000000000000000000000000000000000000026114","product_condition":"new"},"_links":{"self":[{"href":"https:\/\/teiaeducation.ch\/de\/wp-json\/wp\/v2\/product\/60382","targetHints":{"allow":["GET"]}}],"collection":[{"href":"https:\/\/teiaeducation.ch\/de\/wp-json\/wp\/v2\/product"}],"about":[{"href":"https:\/\/teiaeducation.ch\/de\/wp-json\/wp\/v2\/types\/product"}],"replies":[{"embeddable":true,"href":"https:\/\/teiaeducation.ch\/de\/wp-json\/wp\/v2\/comments?post=60382"}],"wp:featuredmedia":[{"embeddable":true,"href":"https:\/\/teiaeducation.ch\/de\/wp-json\/wp\/v2\/media\/60383"}],"wp:attachment":[{"href":"https:\/\/teiaeducation.ch\/de\/wp-json\/wp\/v2\/media?parent=60382"}],"wp:term":[{"taxonomy":"product_brand","embeddable":true,"href":"https:\/\/teiaeducation.ch\/de\/wp-json\/wp\/v2\/product_brand?post=60382"},{"taxonomy":"product_cat","embeddable":true,"href":"https:\/\/teiaeducation.ch\/de\/wp-json\/wp\/v2\/product_cat?post=60382"},{"taxonomy":"product_tag","embeddable":true,"href":"https:\/\/teiaeducation.ch\/de\/wp-json\/wp\/v2\/product_tag?post=60382"}],"curies":[{"name":"wp","href":"https:\/\/api.w.org\/{rel}","templated":true}]}}