{"id":60389,"date":"2020-04-09T11:45:37","date_gmt":"2020-04-09T09:45:37","guid":{"rendered":"https:\/\/teiaeducation.ch\/product\/stand-fuer-riesenbleistifte-arts-crafts\/"},"modified":"2025-08-15T15:52:31","modified_gmt":"2025-08-15T13:52:31","slug":"stand-fuer-riesenbleistifte-arts-crafts","status":"publish","type":"product","link":"https:\/\/teiaeducation.ch\/de\/produkt\/stand-fuer-riesenbleistifte-arts-crafts\/","title":{"rendered":"Stand f\u00fcr Riesenbleistifte &#8211; Arts &amp; Crafts"},"content":{"rendered":"<p>Stand f\u00fcr Riesenbleistifte &#8211; Educo Arts &amp; Crafts<\/p>\n<p>Ein Holzblock zur Aufbewahrung von Riesenstiften aus massivem, naturlackiertem Holz aus der Educo Arts &amp; Crafts Kollektion. Der Block eignet sich zur Aufbewahrung von 12 Riesenstiften und ist eine sch\u00f6ne Erg\u00e4nzung f\u00fcr jeden Schreibtisch oder jede Bastelecke.<\/p>\n<p>Das umfangreiche Angebot an Kunsthandwerksmaterialien, das von Heutink International speziell ausgew\u00e4hlt wurde, erm\u00f6glicht es Kindern jeden Alters und jeder F\u00e4higkeit, kreativ zu sein, ihre Fantasie zu nutzen und ihr k\u00fcnstlerisches Potenzial zu erkunden. Diese ungiftigen K<a href=\"https:\/\/teiaeducation.ch\/product-category\/creative-art-craft\/?pwb-brand-filter=arts-crafts\">reativmaterialien<\/a> erm\u00f6glichen es Kindern, ihre k\u00fcnstlerischen F\u00e4higkeiten frei zu erforschen, was zur Entwicklung ihrer motorischen F\u00e4higkeiten, ihrer sozialen und emotionalen Intelligenz, ihrer r\u00e4umlichen Orientierung, ihrer Konzentration, ihrer Kommunikations- und Probleml\u00f6sungsf\u00e4higkeiten beitr\u00e4gt. Alle angebotenen Produkte sind von h\u00f6chster Qualit\u00e4t, sie sind sicher und nachhaltig.<\/p>\n<p>Dieses Montessori Material ist f\u00fcr Kinder im Alter von 3-6 Jahren geeignet.<\/p>\n<p>Inhalt:<\/p>\n<p>1 Aufbewahrungsblock aus Holz (10 x 7,5 x 3 cm)<\/p>\n","protected":false},"excerpt":{"rendered":"<p>Artikelnummer: E009125<\/p>\n<p>Ein h\u00f6lzerner Aufbewahrungsblock f\u00fcr die Aufbewahrung und leichte Erreichbarkeit von 12 riesigen Bleistiften aus massivem, naturlackiertem Holz aus der Educo Arts &amp; Crafts Kollektion.<\/p>\n","protected":false},"featured_media":60390,"comment_status":"open","ping_status":"closed","template":"","meta":[],"product_brand":[],"product_cat":[21445,21446,22033,21594,23651,21449,21479,21599,21670,21484,21447,21481,21443,21563,22362,21494,21495,21496,21482,21564,21483,21450],"product_tag":[],"class_list":{"0":"post-60389","1":"product","2":"type-product","3":"status-publish","4":"has-post-thumbnail","6":"product_cat-3-6-jahre-vorschule","7":"product_cat-6-12-jahre-grundschule","8":"product_cat-adventskalender-geschenke-strumpffueller","9":"product_cat-arts-crafts-heutink","10":"product_cat-back-to-school-de","11":"product_cat-bastelwerkzeuge-aufbewahrung","12":"product_cat-lernmaterialien-spielzeug-montessori-waldorf-steiner-froebel","13":"product_cat-educo-de","14":"product_cat-fruehjahrskollektion","15":"product_cat-geschenk-guides","16":"product_cat-malen-basteln","17":"product_cat-montessori-paedagogik-material-spielzeug","18":"product_cat-nach-alter","19":"product_cat-neuheiten","20":"product_cat-saisonale-kollektionen","21":"product_cat-schulbedarf-fuer-zuhause","22":"product_cat-schulbedarf-fuer-zuhause-3-6-jahre","23":"product_cat-schulbedarf-fuer-zuhause-6-12-jahre","24":"product_cat-traditionelle-bildung","25":"product_cat-unsere-marken","26":"product_cat-waldorf-steiner-paedagogik","27":"product_cat-zeichnen-malen","29":"first","30":"instock","31":"taxable","32":"shipping-taxable","33":"purchasable","34":"product-type-simple"},"yoast_head":"<!-- This site is optimized with the Yoast SEO plugin v27.1.1 - https:\/\/yoast.com\/product\/yoast-seo-wordpress\/ -->\n<title>Stand f\u00fcr Riesenbleistifte - Arts &amp; Crafts - Teia Education &amp; Play<\/title>\n<meta name=\"description\" content=\"Ein h\u00f6lzerner Aufbewahrungsblock f\u00fcr die Aufbewahrung und leichte Erreichbarkeit von 12 riesigen Bleistiften aus massivem, naturlackiertem Holz aus der Educo Arts &amp; Crafts Kollektion.\" \/>\n<meta name=\"robots\" content=\"index, follow, max-snippet:-1, max-image-preview:large, max-video-preview:-1\" \/>\n<link rel=\"canonical\" href=\"https:\/\/teiaeducation.ch\/de\/produkt\/stand-fuer-riesenbleistifte-arts-crafts\/\" \/>\n<meta property=\"og:locale\" content=\"de_DE\" \/>\n<meta property=\"og:type\" content=\"article\" \/>\n<meta property=\"og:title\" content=\"Stand f\u00fcr Riesenbleistifte - Arts &amp; Crafts - Teia Education &amp; Play\" \/>\n<meta property=\"og:description\" content=\"Ein h\u00f6lzerner Aufbewahrungsblock f\u00fcr die Aufbewahrung und leichte Erreichbarkeit von 12 riesigen Bleistiften aus massivem, naturlackiertem Holz aus der Educo Arts &amp; Crafts Kollektion.\" \/>\n<meta property=\"og:url\" content=\"https:\/\/teiaeducation.ch\/de\/produkt\/stand-fuer-riesenbleistifte-arts-crafts\/\" \/>\n<meta property=\"og:site_name\" content=\"Sustainable Educational Products &amp; Ecological Toys\u00a0\" \/>\n<meta property=\"article:publisher\" content=\"https:\/\/www.facebook.com\/teiaeducation\/\" \/>\n<meta property=\"article:modified_time\" content=\"2025-08-15T13:52:31+00:00\" \/>\n<meta property=\"og:image\" content=\"https:\/\/teiaeducation.ch\/wp-content\/uploads\/2020\/04\/Stand-for-giant-pencils-Arts-Crafts-scaled-scaled.jpg\" \/>\n\t<meta property=\"og:image:width\" content=\"2048\" \/>\n\t<meta property=\"og:image:height\" content=\"2048\" \/>\n\t<meta property=\"og:image:type\" content=\"image\/jpeg\" \/>\n<script type=\"application\/ld+json\" class=\"yoast-schema-graph\">{\"@context\":\"https:\/\/schema.org\",\"@graph\":[{\"@type\":\"WebPage\",\"@id\":\"https:\/\/teiaeducation.ch\/de\/produkt\/stand-fuer-riesenbleistifte-arts-crafts\/\",\"url\":\"https:\/\/teiaeducation.ch\/de\/produkt\/stand-fuer-riesenbleistifte-arts-crafts\/\",\"name\":\"Stand f\u00fcr Riesenbleistifte - Arts &amp; Crafts - Teia Education & Play\",\"isPartOf\":{\"@id\":\"https:\/\/teiaeducation.ch\/de\/#website\"},\"primaryImageOfPage\":{\"@id\":\"https:\/\/teiaeducation.ch\/de\/produkt\/stand-fuer-riesenbleistifte-arts-crafts\/#primaryimage\"},\"image\":{\"@id\":\"https:\/\/teiaeducation.ch\/de\/produkt\/stand-fuer-riesenbleistifte-arts-crafts\/#primaryimage\"},\"thumbnailUrl\":\"https:\/\/teiaeducation.ch\/wp-content\/uploads\/2020\/04\/Stand-for-giant-pencils-Arts-Crafts-scaled-scaled.jpg\",\"datePublished\":\"2020-04-09T09:45:37+00:00\",\"dateModified\":\"2025-08-15T13:52:31+00:00\",\"description\":\"Ein h\u00f6lzerner Aufbewahrungsblock f\u00fcr die Aufbewahrung und leichte Erreichbarkeit von 12 riesigen Bleistiften aus massivem, naturlackiertem Holz aus der Educo Arts & Crafts Kollektion.\",\"breadcrumb\":{\"@id\":\"https:\/\/teiaeducation.ch\/de\/produkt\/stand-fuer-riesenbleistifte-arts-crafts\/#breadcrumb\"},\"inLanguage\":\"de-CH\",\"potentialAction\":[{\"@type\":\"ReadAction\",\"target\":[\"https:\/\/teiaeducation.ch\/de\/produkt\/stand-fuer-riesenbleistifte-arts-crafts\/\"]}]},{\"@type\":\"ImageObject\",\"inLanguage\":\"de-CH\",\"@id\":\"https:\/\/teiaeducation.ch\/de\/produkt\/stand-fuer-riesenbleistifte-arts-crafts\/#primaryimage\",\"url\":\"https:\/\/teiaeducation.ch\/wp-content\/uploads\/2020\/04\/Stand-for-giant-pencils-Arts-Crafts-scaled-scaled.jpg\",\"contentUrl\":\"https:\/\/teiaeducation.ch\/wp-content\/uploads\/2020\/04\/Stand-for-giant-pencils-Arts-Crafts-scaled-scaled.jpg\",\"width\":2048,\"height\":2048,\"caption\":\"Stand f\u00fcr Riesenbleistifte - Arts &amp; Crafts\"},{\"@type\":\"BreadcrumbList\",\"@id\":\"https:\/\/teiaeducation.ch\/de\/produkt\/stand-fuer-riesenbleistifte-arts-crafts\/#breadcrumb\",\"itemListElement\":[{\"@type\":\"ListItem\",\"position\":1,\"name\":\"Home\",\"item\":\"https:\/\/teiaeducation.ch\/de\/\"},{\"@type\":\"ListItem\",\"position\":2,\"name\":\"Laden\",\"item\":\"https:\/\/teiaeducation.ch\/de\/shop\/\"},{\"@type\":\"ListItem\",\"position\":3,\"name\":\"Stand f\u00fcr Riesenbleistifte &#8211; Arts &amp; Crafts\"}]},{\"@type\":\"WebSite\",\"@id\":\"https:\/\/teiaeducation.ch\/de\/#website\",\"url\":\"https:\/\/teiaeducation.ch\/de\/\",\"name\":\"Sustainable Educational Products &amp; Ecological Toys\u00a0\",\"description\":\"Specialised Swiss shop selling sustainable educational toys and games, AMI certified Montessori materials, handmade ecological wooden Waldorf toys and arts &amp; crafts supplies, school supplies, children&#039;s furniture and Montessori reference and parenting books.\",\"publisher\":{\"@id\":\"https:\/\/teiaeducation.ch\/de\/#organization\"},\"alternateName\":\"Teia Education & Play\",\"potentialAction\":[{\"@type\":\"SearchAction\",\"target\":{\"@type\":\"EntryPoint\",\"urlTemplate\":\"https:\/\/teiaeducation.ch\/de\/?s={search_term_string}\"},\"query-input\":{\"@type\":\"PropertyValueSpecification\",\"valueRequired\":true,\"valueName\":\"search_term_string\"}}],\"inLanguage\":\"de-CH\"},{\"@type\":\"Organization\",\"@id\":\"https:\/\/teiaeducation.ch\/de\/#organization\",\"name\":\"Teia Education & Play\",\"url\":\"https:\/\/teiaeducation.ch\/de\/\",\"logo\":{\"@type\":\"ImageObject\",\"inLanguage\":\"de-CH\",\"@id\":\"https:\/\/teiaeducation.ch\/de\/#\/schema\/logo\/image\/\",\"url\":\"https:\/\/teiaeducation.ch\/wp-content\/uploads\/2020\/11\/Teia-Education-Switzerland-e1620156442216.jpg\",\"contentUrl\":\"https:\/\/teiaeducation.ch\/wp-content\/uploads\/2020\/11\/Teia-Education-Switzerland-e1620156442216.jpg\",\"width\":166,\"height\":145,\"caption\":\"Teia Education & Play\"},\"image\":{\"@id\":\"https:\/\/teiaeducation.ch\/de\/#\/schema\/logo\/image\/\"},\"sameAs\":[\"https:\/\/www.facebook.com\/teiaeducation\/\",\"https:\/\/x.com\/EducationTeia\",\"https:\/\/www.instagram.com\/teia.education\/\",\"https:\/\/www.linkedin.com\/company\/35501660\",\"https:\/\/www.pinterest.ch\/TeiaEducation\/\"]}]}<\/script>\n<!-- \/ Yoast SEO plugin. -->","yoast_head_json":{"title":"Stand f\u00fcr Riesenbleistifte - Arts &amp; Crafts - Teia Education & Play","description":"Ein h\u00f6lzerner Aufbewahrungsblock f\u00fcr die Aufbewahrung und leichte Erreichbarkeit von 12 riesigen Bleistiften aus massivem, naturlackiertem Holz aus der Educo Arts & Crafts Kollektion.","robots":{"index":"index","follow":"follow","max-snippet":"max-snippet:-1","max-image-preview":"max-image-preview:large","max-video-preview":"max-video-preview:-1"},"canonical":"https:\/\/teiaeducation.ch\/de\/produkt\/stand-fuer-riesenbleistifte-arts-crafts\/","og_locale":"de_DE","og_type":"article","og_title":"Stand f\u00fcr Riesenbleistifte - Arts &amp; Crafts - Teia Education & Play","og_description":"Ein h\u00f6lzerner Aufbewahrungsblock f\u00fcr die Aufbewahrung und leichte Erreichbarkeit von 12 riesigen Bleistiften aus massivem, naturlackiertem Holz aus der Educo Arts & Crafts Kollektion.","og_url":"https:\/\/teiaeducation.ch\/de\/produkt\/stand-fuer-riesenbleistifte-arts-crafts\/","og_site_name":"Sustainable Educational Products &amp; Ecological Toys\u00a0","article_publisher":"https:\/\/www.facebook.com\/teiaeducation\/","article_modified_time":"2025-08-15T13:52:31+00:00","og_image":[{"width":2048,"height":2048,"url":"https:\/\/teiaeducation.ch\/wp-content\/uploads\/2020\/04\/Stand-for-giant-pencils-Arts-Crafts-scaled-scaled.jpg","type":"image\/jpeg"}],"schema":{"@context":"https:\/\/schema.org","@graph":[{"@type":"WebPage","@id":"https:\/\/teiaeducation.ch\/de\/produkt\/stand-fuer-riesenbleistifte-arts-crafts\/","url":"https:\/\/teiaeducation.ch\/de\/produkt\/stand-fuer-riesenbleistifte-arts-crafts\/","name":"Stand f\u00fcr Riesenbleistifte - Arts &amp; Crafts - Teia Education & Play","isPartOf":{"@id":"https:\/\/teiaeducation.ch\/de\/#website"},"primaryImageOfPage":{"@id":"https:\/\/teiaeducation.ch\/de\/produkt\/stand-fuer-riesenbleistifte-arts-crafts\/#primaryimage"},"image":{"@id":"https:\/\/teiaeducation.ch\/de\/produkt\/stand-fuer-riesenbleistifte-arts-crafts\/#primaryimage"},"thumbnailUrl":"https:\/\/teiaeducation.ch\/wp-content\/uploads\/2020\/04\/Stand-for-giant-pencils-Arts-Crafts-scaled-scaled.jpg","datePublished":"2020-04-09T09:45:37+00:00","dateModified":"2025-08-15T13:52:31+00:00","description":"Ein h\u00f6lzerner Aufbewahrungsblock f\u00fcr die Aufbewahrung und leichte Erreichbarkeit von 12 riesigen Bleistiften aus massivem, naturlackiertem Holz aus der Educo Arts & Crafts Kollektion.","breadcrumb":{"@id":"https:\/\/teiaeducation.ch\/de\/produkt\/stand-fuer-riesenbleistifte-arts-crafts\/#breadcrumb"},"inLanguage":"de-CH","potentialAction":[{"@type":"ReadAction","target":["https:\/\/teiaeducation.ch\/de\/produkt\/stand-fuer-riesenbleistifte-arts-crafts\/"]}]},{"@type":"ImageObject","inLanguage":"de-CH","@id":"https:\/\/teiaeducation.ch\/de\/produkt\/stand-fuer-riesenbleistifte-arts-crafts\/#primaryimage","url":"https:\/\/teiaeducation.ch\/wp-content\/uploads\/2020\/04\/Stand-for-giant-pencils-Arts-Crafts-scaled-scaled.jpg","contentUrl":"https:\/\/teiaeducation.ch\/wp-content\/uploads\/2020\/04\/Stand-for-giant-pencils-Arts-Crafts-scaled-scaled.jpg","width":2048,"height":2048,"caption":"Stand f\u00fcr Riesenbleistifte - Arts &amp; Crafts"},{"@type":"BreadcrumbList","@id":"https:\/\/teiaeducation.ch\/de\/produkt\/stand-fuer-riesenbleistifte-arts-crafts\/#breadcrumb","itemListElement":[{"@type":"ListItem","position":1,"name":"Home","item":"https:\/\/teiaeducation.ch\/de\/"},{"@type":"ListItem","position":2,"name":"Laden","item":"https:\/\/teiaeducation.ch\/de\/shop\/"},{"@type":"ListItem","position":3,"name":"Stand f\u00fcr Riesenbleistifte &#8211; Arts &amp; Crafts"}]},{"@type":"WebSite","@id":"https:\/\/teiaeducation.ch\/de\/#website","url":"https:\/\/teiaeducation.ch\/de\/","name":"Sustainable Educational Products &amp; Ecological Toys\u00a0","description":"Specialised Swiss shop selling sustainable educational toys and games, AMI certified Montessori materials, handmade ecological wooden Waldorf toys and arts &amp; crafts supplies, school supplies, children&#039;s furniture and Montessori reference and parenting books.","publisher":{"@id":"https:\/\/teiaeducation.ch\/de\/#organization"},"alternateName":"Teia Education & Play","potentialAction":[{"@type":"SearchAction","target":{"@type":"EntryPoint","urlTemplate":"https:\/\/teiaeducation.ch\/de\/?s={search_term_string}"},"query-input":{"@type":"PropertyValueSpecification","valueRequired":true,"valueName":"search_term_string"}}],"inLanguage":"de-CH"},{"@type":"Organization","@id":"https:\/\/teiaeducation.ch\/de\/#organization","name":"Teia Education & Play","url":"https:\/\/teiaeducation.ch\/de\/","logo":{"@type":"ImageObject","inLanguage":"de-CH","@id":"https:\/\/teiaeducation.ch\/de\/#\/schema\/logo\/image\/","url":"https:\/\/teiaeducation.ch\/wp-content\/uploads\/2020\/11\/Teia-Education-Switzerland-e1620156442216.jpg","contentUrl":"https:\/\/teiaeducation.ch\/wp-content\/uploads\/2020\/11\/Teia-Education-Switzerland-e1620156442216.jpg","width":166,"height":145,"caption":"Teia Education & Play"},"image":{"@id":"https:\/\/teiaeducation.ch\/de\/#\/schema\/logo\/image\/"},"sameAs":["https:\/\/www.facebook.com\/teiaeducation\/","https:\/\/x.com\/EducationTeia","https:\/\/www.instagram.com\/teia.education\/","https:\/\/www.linkedin.com\/company\/35501660","https:\/\/www.pinterest.ch\/TeiaEducation\/"]}]}},"_links":{"self":[{"href":"https:\/\/teiaeducation.ch\/de\/wp-json\/wp\/v2\/product\/60389","targetHints":{"allow":["GET"]}}],"collection":[{"href":"https:\/\/teiaeducation.ch\/de\/wp-json\/wp\/v2\/product"}],"about":[{"href":"https:\/\/teiaeducation.ch\/de\/wp-json\/wp\/v2\/types\/product"}],"replies":[{"embeddable":true,"href":"https:\/\/teiaeducation.ch\/de\/wp-json\/wp\/v2\/comments?post=60389"}],"wp:featuredmedia":[{"embeddable":true,"href":"https:\/\/teiaeducation.ch\/de\/wp-json\/wp\/v2\/media\/60390"}],"wp:attachment":[{"href":"https:\/\/teiaeducation.ch\/de\/wp-json\/wp\/v2\/media?parent=60389"}],"wp:term":[{"taxonomy":"product_brand","embeddable":true,"href":"https:\/\/teiaeducation.ch\/de\/wp-json\/wp\/v2\/product_brand?post=60389"},{"taxonomy":"product_cat","embeddable":true,"href":"https:\/\/teiaeducation.ch\/de\/wp-json\/wp\/v2\/product_cat?post=60389"},{"taxonomy":"product_tag","embeddable":true,"href":"https:\/\/teiaeducation.ch\/de\/wp-json\/wp\/v2\/product_tag?post=60389"}],"curies":[{"name":"wp","href":"https:\/\/api.w.org\/{rel}","templated":true}]}}