{"id":60393,"date":"2020-04-08T15:27:12","date_gmt":"2020-04-08T13:27:12","guid":{"rendered":"https:\/\/teiaeducation.ch\/product\/prickfilz-auf-holzbrett-arts-crafts\/"},"modified":"2025-12-05T09:04:43","modified_gmt":"2025-12-05T08:04:43","slug":"prickfilz-auf-holzbrett-arts-crafts","status":"publish","type":"product","link":"https:\/\/teiaeducation.ch\/de\/produkt\/prickfilz-auf-holzbrett-arts-crafts\/","title":{"rendered":"Holzfilz Prickelnadeln Unterlage &#8211; Arts &#038; Crafts by Heutink"},"content":{"rendered":"<p>Dieses hochwertige und robuste Holzfilz Prickelnadeln Unterlage aus der Heutink Arts &amp; Crafts Kollektion ist perfekt f\u00fcr das Basteln mit <a href=\"https:\/\/teiaeducation.ch\/de\/produkt-kategorie\/malen-basteln\/bastelwerkzeuge-aufbewahrung\/\">Stanzwerkzeugen<\/a> und <a href=\"https:\/\/teiaeducation.ch\/de\/produkt-kategorie\/malen-basteln\/papierbasteln\/\">Karton<\/a>!<\/p>\n<p>Die Arbeitsfl\u00e4chen sind durch das dicke Holzbrett gut vor Besch\u00e4digungen durch Prickelnadeln gesch\u00fctzt.<\/p>\n<p>Die Holzfilz Prickelnadeln Unterlage misst 20 x 14 x 1,5 cm und ist f\u00fcr Kinder ab 3 Jahren geeignet.<\/p>\n<p>Inhalt:<\/p>\n<p>1 Holzfilz Prickelnadeln Unterlage<\/p>\n<p><em>Wir haben diesen Artikel derzeit nicht auf Lager, aber er ist auf Vorbestellung erh\u00e4ltlich. Dieser Artikel wird f\u00fcr Sie bei unserem Lieferanten bestellt. Aufgrund der Einfuhr aus der Europ\u00e4ischen Union in die Schweiz erwarten wir eine Lieferzeit von 2 bis maximal 3 Wochen.<\/em><\/p>\n\t<div id=\"gap-1204862243\" class=\"gap-element clearfix\" style=\"display:block; height:auto;\">\n\t\t\n<style>\n#gap-1204862243 {\n  padding-top: 20px;\n}\n<\/style>\n\t<\/div>\n\t\n<h2>\u00dcber Arts &amp; Crafts by Heutink<\/h2>\n<p>Das umfangreiche <a href=\"https:\/\/teiaeducation.ch\/de\/produkt-kategorie\/unsere-marken\/arts-crafts-heutink\/\">Arts &amp; Crafts<\/a> Sortiment an <a href=\"https:\/\/teiaeducation.ch\/de\/produkt-kategorie\/malen-basteln\/\">Kreativ-Material<\/a>, das von Heutink International speziell ausgew\u00e4hlt wurde, erm\u00f6glicht es Kindern jeden Alters und jeder F\u00e4higkeit, kreativ zu sein, ihre Fantasie zu nutzen und ihr kreatives Potenzial zu entdecken!<\/p>\n<p>Diese ungiftigen <span class=\"error-spellcheck\" data-word=\"Kreativmaterialien\" data-suggestion=\"Entmaterialisieren|Materialisieren|Materialorientiert|Materialorientierten\">Kreativmaterialien<\/span> erm\u00f6glichen es Kindern, ihre k\u00fcnstlerischen F\u00e4higkeiten frei zu erforschen, was zur Entwicklung ihrer <a href=\"https:\/\/teiaeducation.ch\/de\/produkt-kategorie\/lernthemen\/sensorische-motorische-fertigkeiten\/motorische-fertigkeiten\/\">motorischen F\u00e4higkeiten<\/a>, ihrer sozialen und emotionalen Intelligenz, ihrer r\u00e4umlichen Orientierung, ihrer Konzentration, ihrer <span class=\"error-spellcheck\" data-word=\"Kommunikations\" data-suggestion=\"Kommunikation|Kommunikations-|Kommunikationsfrei|Exkommunikation\">Kommunikations<\/span>&#8211; und Probleml\u00f6sungsf\u00e4higkeiten beitr\u00e4gt.<\/p>\n<p>Die hochwertigen Arts &amp; Crafts Materialien regen Kinder dazu an, Ideen frei zu entwickeln, M\u00f6glichkeiten zu erforschen, sich weiterzuentwickeln und zu schaffen. Sicherheit und nachhaltige Standards sind f\u00fcr die Marke von gr\u00f6\u00dfter Bedeutung und alle Produkte wurden ausdr\u00fccklich mit Blick auf Produktivit\u00e4t und Sicherheit ausgew\u00e4hlt.<\/p>\n","protected":false},"excerpt":{"rendered":"<p>Artikelnummer: <span data-sheets-value=\"{\" data-sheets-userformat=\"{\">E083004<\/span><\/p>\n<p>Dieses sch\u00f6ne Holzfilz Unterlage aus der <span class=\"error-spellcheck\" data-word=\"Heutink\" data-suggestion=\"Heutig\">Heutink<\/span> <span class=\"error-spellcheck\" data-word=\"Arts\" data-suggestion=\"Art|Acts|Akts|Amts|Ares|Arms|Art-\">Arts<\/span> &amp; <span class=\"error-spellcheck\" data-word=\"Crafts\" data-suggestion=\"Wheatcrafts\">Crafts<\/span> <span class=\"error-spellcheck\" data-word=\"by\" data-suggestion=\"BP\">by<\/span> <span class=\"error-spellcheck\" data-word=\"Heutink\" data-suggestion=\"Heutig\">Heutink<\/span> Kollektion eignet sich zum Basteln mit <span class=\"error-spellcheck\" data-word=\"Prickelnadeln\" data-suggestion=\"Pickelnadeln|Prickeln-adeln|Prim\u00e4rnadeln|Prickeln adeln\">Prickelnadeln<\/span> und Karton!<\/p>\n","protected":false},"featured_media":60394,"comment_status":"open","ping_status":"closed","template":"","meta":[],"product_brand":[],"product_cat":[21445,21446,22033,21594,23651,21449,21479,21484,21447,21509,21498,21481,21559,21443,21563,22362,21494,21495,21496,21557,21482,21564,21483],"product_tag":[29011,29012,29010],"class_list":{"0":"post-60393","1":"product","2":"type-product","3":"status-publish","4":"has-post-thumbnail","6":"product_cat-3-6-jahre-vorschule","7":"product_cat-6-12-jahre-grundschule","8":"product_cat-adventskalender-geschenke-strumpffueller","9":"product_cat-arts-crafts-heutink","10":"product_cat-back-to-school-de","11":"product_cat-bastelwerkzeuge-aufbewahrung","12":"product_cat-lernmaterialien-spielzeug-montessori-waldorf-steiner-froebel","13":"product_cat-geschenk-guides","14":"product_cat-malen-basteln","15":"product_cat-lernthemen","16":"product_cat-montessori-materialien-fuer-zuhause-schulbedarf-fuer-zuhause","17":"product_cat-montessori-paedagogik-material-spielzeug","18":"product_cat-motorische-fertigkeiten","19":"product_cat-nach-alter","20":"product_cat-neuheiten","21":"product_cat-saisonale-kollektionen","22":"product_cat-schulbedarf-fuer-zuhause","23":"product_cat-schulbedarf-fuer-zuhause-3-6-jahre","24":"product_cat-schulbedarf-fuer-zuhause-6-12-jahre","25":"product_cat-sensorische-motorische-fertigkeiten","26":"product_cat-traditionelle-bildung","27":"product_cat-unsere-marken","28":"product_cat-waldorf-steiner-paedagogik","29":"product_tag-arts-crafts-bedarf","30":"product_tag-ausstanzungen-aus-filz-auf-holz","31":"product_tag-heutink-arts-crafts-de","33":"first","34":"onbackorder","35":"taxable","36":"shipping-taxable","37":"purchasable","38":"product-type-simple"},"yoast_head":"<!-- This site is optimized with the Yoast SEO plugin v27.1.1 - https:\/\/yoast.com\/product\/yoast-seo-wordpress\/ -->\n<title>Holzfilz Prickelnadeln Unterlage - Arts &amp; Crafts by Heutink<\/title>\n<meta name=\"description\" content=\"Dieses sch\u00f6ne Holzfilz Unterlage aus der Heutink Arts &amp; Crafts by Heutink Kollektion eignet sich zum Basteln mit Prickelnadeln und Karton.\" \/>\n<meta name=\"robots\" content=\"index, follow, max-snippet:-1, max-image-preview:large, max-video-preview:-1\" \/>\n<link rel=\"canonical\" href=\"https:\/\/teiaeducation.ch\/de\/produkt\/prickfilz-auf-holzbrett-arts-crafts\/\" \/>\n<meta property=\"og:locale\" content=\"de_DE\" \/>\n<meta property=\"og:type\" content=\"article\" \/>\n<meta property=\"og:title\" content=\"Holzfilz Prickelnadeln Unterlage - Arts &amp; Crafts by Heutink\" \/>\n<meta property=\"og:description\" content=\"Dieses sch\u00f6ne Holzfilz Unterlage aus der Heutink Arts &amp; Crafts by Heutink Kollektion eignet sich zum Basteln mit Prickelnadeln und Karton.\" \/>\n<meta property=\"og:url\" content=\"https:\/\/teiaeducation.ch\/de\/produkt\/prickfilz-auf-holzbrett-arts-crafts\/\" \/>\n<meta property=\"og:site_name\" content=\"Sustainable Educational Products &amp; Ecological Toys\u00a0\" \/>\n<meta property=\"article:publisher\" content=\"https:\/\/www.facebook.com\/teiaeducation\/\" \/>\n<meta property=\"article:modified_time\" content=\"2025-12-05T08:04:43+00:00\" \/>\n<meta property=\"og:image\" content=\"https:\/\/teiaeducation.ch\/wp-content\/uploads\/2020\/04\/Pricking-pad-on-wooden-board-Arts-Crafts-scaled-scaled.jpg\" \/>\n\t<meta property=\"og:image:width\" content=\"2048\" \/>\n\t<meta property=\"og:image:height\" content=\"2048\" \/>\n\t<meta property=\"og:image:type\" content=\"image\/jpeg\" \/>\n<script type=\"application\/ld+json\" class=\"yoast-schema-graph\">{\"@context\":\"https:\/\/schema.org\",\"@graph\":[{\"@type\":\"WebPage\",\"@id\":\"https:\/\/teiaeducation.ch\/de\/produkt\/prickfilz-auf-holzbrett-arts-crafts\/\",\"url\":\"https:\/\/teiaeducation.ch\/de\/produkt\/prickfilz-auf-holzbrett-arts-crafts\/\",\"name\":\"Holzfilz Prickelnadeln Unterlage - Arts & Crafts by Heutink\",\"isPartOf\":{\"@id\":\"https:\/\/teiaeducation.ch\/de\/#website\"},\"primaryImageOfPage\":{\"@id\":\"https:\/\/teiaeducation.ch\/de\/produkt\/prickfilz-auf-holzbrett-arts-crafts\/#primaryimage\"},\"image\":{\"@id\":\"https:\/\/teiaeducation.ch\/de\/produkt\/prickfilz-auf-holzbrett-arts-crafts\/#primaryimage\"},\"thumbnailUrl\":\"https:\/\/teiaeducation.ch\/wp-content\/uploads\/2020\/04\/Pricking-pad-on-wooden-board-Arts-Crafts-scaled-scaled.jpg\",\"datePublished\":\"2020-04-08T13:27:12+00:00\",\"dateModified\":\"2025-12-05T08:04:43+00:00\",\"description\":\"Dieses sch\u00f6ne Holzfilz Unterlage aus der Heutink Arts & Crafts by Heutink Kollektion eignet sich zum Basteln mit Prickelnadeln und Karton.\",\"breadcrumb\":{\"@id\":\"https:\/\/teiaeducation.ch\/de\/produkt\/prickfilz-auf-holzbrett-arts-crafts\/#breadcrumb\"},\"inLanguage\":\"de-CH\",\"potentialAction\":[{\"@type\":\"ReadAction\",\"target\":[\"https:\/\/teiaeducation.ch\/de\/produkt\/prickfilz-auf-holzbrett-arts-crafts\/\"]}]},{\"@type\":\"ImageObject\",\"inLanguage\":\"de-CH\",\"@id\":\"https:\/\/teiaeducation.ch\/de\/produkt\/prickfilz-auf-holzbrett-arts-crafts\/#primaryimage\",\"url\":\"https:\/\/teiaeducation.ch\/wp-content\/uploads\/2020\/04\/Pricking-pad-on-wooden-board-Arts-Crafts-scaled-scaled.jpg\",\"contentUrl\":\"https:\/\/teiaeducation.ch\/wp-content\/uploads\/2020\/04\/Pricking-pad-on-wooden-board-Arts-Crafts-scaled-scaled.jpg\",\"width\":2048,\"height\":2048,\"caption\":\"Holzfilz Prickelnadeln Unterlage - Arts & Crafts by Heutink\"},{\"@type\":\"BreadcrumbList\",\"@id\":\"https:\/\/teiaeducation.ch\/de\/produkt\/prickfilz-auf-holzbrett-arts-crafts\/#breadcrumb\",\"itemListElement\":[{\"@type\":\"ListItem\",\"position\":1,\"name\":\"Home\",\"item\":\"https:\/\/teiaeducation.ch\/de\/\"},{\"@type\":\"ListItem\",\"position\":2,\"name\":\"Laden\",\"item\":\"https:\/\/teiaeducation.ch\/de\/shop\/\"},{\"@type\":\"ListItem\",\"position\":3,\"name\":\"Unsere Marken\",\"item\":\"https:\/\/teiaeducation.ch\/de\/produkt-kategorie\/unsere-marken\/\"},{\"@type\":\"ListItem\",\"position\":4,\"name\":\"Arts &amp; Crafts Heutink\",\"item\":\"https:\/\/teiaeducation.ch\/de\/produkt-kategorie\/unsere-marken\/arts-crafts-heutink\/\"},{\"@type\":\"ListItem\",\"position\":5,\"name\":\"Holzfilz Prickelnadeln Unterlage &#8211; Arts &#038; Crafts by Heutink\"}]},{\"@type\":\"WebSite\",\"@id\":\"https:\/\/teiaeducation.ch\/de\/#website\",\"url\":\"https:\/\/teiaeducation.ch\/de\/\",\"name\":\"Sustainable Educational Products &amp; Ecological Toys\u00a0\",\"description\":\"Specialised Swiss shop selling sustainable educational toys and games, AMI certified Montessori materials, handmade ecological wooden Waldorf toys and arts &amp; crafts supplies, school supplies, children&#039;s furniture and Montessori reference and parenting books.\",\"publisher\":{\"@id\":\"https:\/\/teiaeducation.ch\/de\/#organization\"},\"alternateName\":\"Teia Education & Play\",\"potentialAction\":[{\"@type\":\"SearchAction\",\"target\":{\"@type\":\"EntryPoint\",\"urlTemplate\":\"https:\/\/teiaeducation.ch\/de\/?s={search_term_string}\"},\"query-input\":{\"@type\":\"PropertyValueSpecification\",\"valueRequired\":true,\"valueName\":\"search_term_string\"}}],\"inLanguage\":\"de-CH\"},{\"@type\":\"Organization\",\"@id\":\"https:\/\/teiaeducation.ch\/de\/#organization\",\"name\":\"Teia Education & Play\",\"url\":\"https:\/\/teiaeducation.ch\/de\/\",\"logo\":{\"@type\":\"ImageObject\",\"inLanguage\":\"de-CH\",\"@id\":\"https:\/\/teiaeducation.ch\/de\/#\/schema\/logo\/image\/\",\"url\":\"https:\/\/teiaeducation.ch\/wp-content\/uploads\/2020\/11\/Teia-Education-Switzerland-e1620156442216.jpg\",\"contentUrl\":\"https:\/\/teiaeducation.ch\/wp-content\/uploads\/2020\/11\/Teia-Education-Switzerland-e1620156442216.jpg\",\"width\":166,\"height\":145,\"caption\":\"Teia Education & Play\"},\"image\":{\"@id\":\"https:\/\/teiaeducation.ch\/de\/#\/schema\/logo\/image\/\"},\"sameAs\":[\"https:\/\/www.facebook.com\/teiaeducation\/\",\"https:\/\/x.com\/EducationTeia\",\"https:\/\/www.instagram.com\/teia.education\/\",\"https:\/\/www.linkedin.com\/company\/35501660\",\"https:\/\/www.pinterest.ch\/TeiaEducation\/\"]}]}<\/script>\n<!-- \/ Yoast SEO plugin. -->","yoast_head_json":{"title":"Holzfilz Prickelnadeln Unterlage - Arts & Crafts by Heutink","description":"Dieses sch\u00f6ne Holzfilz Unterlage aus der Heutink Arts & Crafts by Heutink Kollektion eignet sich zum Basteln mit Prickelnadeln und Karton.","robots":{"index":"index","follow":"follow","max-snippet":"max-snippet:-1","max-image-preview":"max-image-preview:large","max-video-preview":"max-video-preview:-1"},"canonical":"https:\/\/teiaeducation.ch\/de\/produkt\/prickfilz-auf-holzbrett-arts-crafts\/","og_locale":"de_DE","og_type":"article","og_title":"Holzfilz Prickelnadeln Unterlage - Arts & Crafts by Heutink","og_description":"Dieses sch\u00f6ne Holzfilz Unterlage aus der Heutink Arts & Crafts by Heutink Kollektion eignet sich zum Basteln mit Prickelnadeln und Karton.","og_url":"https:\/\/teiaeducation.ch\/de\/produkt\/prickfilz-auf-holzbrett-arts-crafts\/","og_site_name":"Sustainable Educational Products &amp; Ecological Toys\u00a0","article_publisher":"https:\/\/www.facebook.com\/teiaeducation\/","article_modified_time":"2025-12-05T08:04:43+00:00","og_image":[{"width":2048,"height":2048,"url":"https:\/\/teiaeducation.ch\/wp-content\/uploads\/2020\/04\/Pricking-pad-on-wooden-board-Arts-Crafts-scaled-scaled.jpg","type":"image\/jpeg"}],"schema":{"@context":"https:\/\/schema.org","@graph":[{"@type":"WebPage","@id":"https:\/\/teiaeducation.ch\/de\/produkt\/prickfilz-auf-holzbrett-arts-crafts\/","url":"https:\/\/teiaeducation.ch\/de\/produkt\/prickfilz-auf-holzbrett-arts-crafts\/","name":"Holzfilz Prickelnadeln Unterlage - Arts & Crafts by Heutink","isPartOf":{"@id":"https:\/\/teiaeducation.ch\/de\/#website"},"primaryImageOfPage":{"@id":"https:\/\/teiaeducation.ch\/de\/produkt\/prickfilz-auf-holzbrett-arts-crafts\/#primaryimage"},"image":{"@id":"https:\/\/teiaeducation.ch\/de\/produkt\/prickfilz-auf-holzbrett-arts-crafts\/#primaryimage"},"thumbnailUrl":"https:\/\/teiaeducation.ch\/wp-content\/uploads\/2020\/04\/Pricking-pad-on-wooden-board-Arts-Crafts-scaled-scaled.jpg","datePublished":"2020-04-08T13:27:12+00:00","dateModified":"2025-12-05T08:04:43+00:00","description":"Dieses sch\u00f6ne Holzfilz Unterlage aus der Heutink Arts & Crafts by Heutink Kollektion eignet sich zum Basteln mit Prickelnadeln und Karton.","breadcrumb":{"@id":"https:\/\/teiaeducation.ch\/de\/produkt\/prickfilz-auf-holzbrett-arts-crafts\/#breadcrumb"},"inLanguage":"de-CH","potentialAction":[{"@type":"ReadAction","target":["https:\/\/teiaeducation.ch\/de\/produkt\/prickfilz-auf-holzbrett-arts-crafts\/"]}]},{"@type":"ImageObject","inLanguage":"de-CH","@id":"https:\/\/teiaeducation.ch\/de\/produkt\/prickfilz-auf-holzbrett-arts-crafts\/#primaryimage","url":"https:\/\/teiaeducation.ch\/wp-content\/uploads\/2020\/04\/Pricking-pad-on-wooden-board-Arts-Crafts-scaled-scaled.jpg","contentUrl":"https:\/\/teiaeducation.ch\/wp-content\/uploads\/2020\/04\/Pricking-pad-on-wooden-board-Arts-Crafts-scaled-scaled.jpg","width":2048,"height":2048,"caption":"Holzfilz Prickelnadeln Unterlage - Arts & Crafts by Heutink"},{"@type":"BreadcrumbList","@id":"https:\/\/teiaeducation.ch\/de\/produkt\/prickfilz-auf-holzbrett-arts-crafts\/#breadcrumb","itemListElement":[{"@type":"ListItem","position":1,"name":"Home","item":"https:\/\/teiaeducation.ch\/de\/"},{"@type":"ListItem","position":2,"name":"Laden","item":"https:\/\/teiaeducation.ch\/de\/shop\/"},{"@type":"ListItem","position":3,"name":"Unsere Marken","item":"https:\/\/teiaeducation.ch\/de\/produkt-kategorie\/unsere-marken\/"},{"@type":"ListItem","position":4,"name":"Arts &amp; Crafts Heutink","item":"https:\/\/teiaeducation.ch\/de\/produkt-kategorie\/unsere-marken\/arts-crafts-heutink\/"},{"@type":"ListItem","position":5,"name":"Holzfilz Prickelnadeln Unterlage &#8211; Arts &#038; Crafts by Heutink"}]},{"@type":"WebSite","@id":"https:\/\/teiaeducation.ch\/de\/#website","url":"https:\/\/teiaeducation.ch\/de\/","name":"Sustainable Educational Products &amp; Ecological Toys\u00a0","description":"Specialised Swiss shop selling sustainable educational toys and games, AMI certified Montessori materials, handmade ecological wooden Waldorf toys and arts &amp; crafts supplies, school supplies, children&#039;s furniture and Montessori reference and parenting books.","publisher":{"@id":"https:\/\/teiaeducation.ch\/de\/#organization"},"alternateName":"Teia Education & Play","potentialAction":[{"@type":"SearchAction","target":{"@type":"EntryPoint","urlTemplate":"https:\/\/teiaeducation.ch\/de\/?s={search_term_string}"},"query-input":{"@type":"PropertyValueSpecification","valueRequired":true,"valueName":"search_term_string"}}],"inLanguage":"de-CH"},{"@type":"Organization","@id":"https:\/\/teiaeducation.ch\/de\/#organization","name":"Teia Education & Play","url":"https:\/\/teiaeducation.ch\/de\/","logo":{"@type":"ImageObject","inLanguage":"de-CH","@id":"https:\/\/teiaeducation.ch\/de\/#\/schema\/logo\/image\/","url":"https:\/\/teiaeducation.ch\/wp-content\/uploads\/2020\/11\/Teia-Education-Switzerland-e1620156442216.jpg","contentUrl":"https:\/\/teiaeducation.ch\/wp-content\/uploads\/2020\/11\/Teia-Education-Switzerland-e1620156442216.jpg","width":166,"height":145,"caption":"Teia Education & Play"},"image":{"@id":"https:\/\/teiaeducation.ch\/de\/#\/schema\/logo\/image\/"},"sameAs":["https:\/\/www.facebook.com\/teiaeducation\/","https:\/\/x.com\/EducationTeia","https:\/\/www.instagram.com\/teia.education\/","https:\/\/www.linkedin.com\/company\/35501660","https:\/\/www.pinterest.ch\/TeiaEducation\/"]}]}},"_links":{"self":[{"href":"https:\/\/teiaeducation.ch\/de\/wp-json\/wp\/v2\/product\/60393","targetHints":{"allow":["GET"]}}],"collection":[{"href":"https:\/\/teiaeducation.ch\/de\/wp-json\/wp\/v2\/product"}],"about":[{"href":"https:\/\/teiaeducation.ch\/de\/wp-json\/wp\/v2\/types\/product"}],"replies":[{"embeddable":true,"href":"https:\/\/teiaeducation.ch\/de\/wp-json\/wp\/v2\/comments?post=60393"}],"wp:featuredmedia":[{"embeddable":true,"href":"https:\/\/teiaeducation.ch\/de\/wp-json\/wp\/v2\/media\/60394"}],"wp:attachment":[{"href":"https:\/\/teiaeducation.ch\/de\/wp-json\/wp\/v2\/media?parent=60393"}],"wp:term":[{"taxonomy":"product_brand","embeddable":true,"href":"https:\/\/teiaeducation.ch\/de\/wp-json\/wp\/v2\/product_brand?post=60393"},{"taxonomy":"product_cat","embeddable":true,"href":"https:\/\/teiaeducation.ch\/de\/wp-json\/wp\/v2\/product_cat?post=60393"},{"taxonomy":"product_tag","embeddable":true,"href":"https:\/\/teiaeducation.ch\/de\/wp-json\/wp\/v2\/product_tag?post=60393"}],"curies":[{"name":"wp","href":"https:\/\/api.w.org\/{rel}","templated":true}]}}