{"id":60421,"date":"2024-04-06T12:06:52","date_gmt":"2024-04-06T10:06:52","guid":{"rendered":"https:\/\/teiaeducation.ch\/product\/montessori-imbucare-kasten-mit-sechs-kegeln-educo\/"},"modified":"2024-09-17T09:30:17","modified_gmt":"2024-09-17T07:30:17","slug":"montessori-imbucare-kasten-mit-sechs-kegeln-educo","status":"publish","type":"product","link":"https:\/\/teiaeducation.ch\/de\/produkt\/montessori-imbucare-kasten-mit-sechs-kegeln-educo\/","title":{"rendered":"Montessori imbucare Kasten mit sechs Kegeln &#8211; Educo"},"content":{"rendered":"<p>Der Montessori-Steckkasten imbucare aus dem <a href=\"https:\/\/teiaeducation.ch\/product-category\/brands\/educo\/montessori-toys-range-0-3-years\/\">Educo Montessori Lernspielzeug Sortiment<\/a> f\u00fcr Babys und Kleinkinder im Alter von 0-3 Jahren ist inspiriert von dem <a href=\"https:\/\/teiaeducation.ch\/de\/produkt-kategorie\/unsere-marken\/nienhuis-montessori-schweiz\/\">Nienhuis Montessori<\/a> <a href=\"https:\/\/teiaeducation.ch\/product\/imbucare-peg-box-nienhuis-montessori\/\">imbucare\u00a0Kasten mit sechs Kegeln<\/a>. Es handelt sich um ein Holztablett mit einem Nistfach und sechs Kegeln in den Grundfarben Rot, Gelb und Blau.<\/p>\n<div class=\"page\" title=\"Seite 2\">\n<div class=\"layoutArea\">\n<div class=\"column\">\n<div id=\"longdescription\" class=\"block cf\">\n<div>\n<p>Mit diesem <a href=\"https:\/\/teiaeducation.ch\/product-category\/learning-themes\/\">Lernspielzeug<\/a> \u00fcben Kinder gezielt das Konzept der <a href=\"https:\/\/teiaeducation.ch\/product-category\/learning-themes\/sensory-motor-skills\/object-permanence\/\">Objektpermanenz<\/a>, die <a href=\"https:\/\/teiaeducation.ch\/product-category\/learning-themes\/sensory-motor-skills\/motor-skills\/\">Feinmotorik<\/a> und die Auge-Hand-Koordination. Imbucare ist <span class=\"st\">ein traditionelles Montessori Material, das zur Entwicklung des Konzepts der Objektpermanenz verwendet wird und einige der grundlegendsten F\u00e4higkeiten des sich entwickelnden Gehirns von Kleinkindern f\u00f6rdert.<\/span><\/p>\n<p>Durch das Einsetzen der Kegeln in die Imbucare Kasten \u00fcben die Kinder Bewegungen aus dem Handgelenk. Diese Bewegungen st\u00e4rken die Faust, die Muskeln in Fingern, H\u00e4nden und Handgelenken und bereiten die Hand indirekt auf das Schreiben vor.<\/p>\n<div class=\"page\" title=\"Seite 2\">\n<div class=\"layoutArea\">\n<div class=\"column\">\n<p>Indem das Kind den Kegel in die \u00d6ffnung des Nistfachs steckt, lernt es, zwischen <a href=\"https:\/\/teiaeducation.ch\/de\/produkt-kategorie\/lernthemen\/mathematik-rechnen\/formen\/\">Form<\/a> und <a href=\"https:\/\/teiaeducation.ch\/de\/produkt-kategorie\/lernthemen\/mathematik-rechnen\/groesse\/\">Gr\u00f6\u00dfe<\/a> zu unterscheiden.<\/p>\n<\/div>\n<\/div>\n<\/div>\n<\/div>\n<\/div>\n<\/div>\n<\/div>\n<\/div>\n<p>Das \u00dcben mit dem imbucare Material sorgt f\u00fcr geistige Anregung und Entdeckerfreude.<\/p>\n<p>Die <a href=\"https:\/\/teiaeducation.ch\/de\/produkt-kategorie\/bildungsmethode\/montessori-paedagogik-material-spielzeug\/\">Montessori<\/a> imbucare Kasten mit sechs Kegeln ist f\u00fcr Kinder im Alter von 11 bis 13 Monaten geeignet.<\/p>\n<p>Inhalt:<\/p>\n<p>1 h\u00f6lzernes Imbucare Kasten mit einem Fach mit 6 L\u00f6chern f\u00fcr Kegeln<br \/>\n6 Kegeln aus Holz: 2 in rot, 2 in blau und 2 in gelb<\/p>\n<h2>\u00dcber Educo<\/h2>\n<p>Die niederl\u00e4ndische Marke <a href=\"https:\/\/teiaeducation.ch\/product-category\/brands\/educo\/\">Educo<\/a> steht f\u00fcr eine bunte Welt des spielerischen <a href=\"https:\/\/teiaeducation.ch\/product-category\/learning-themes\/\">Lernens<\/a>, herausfordernde Lernspiele und Spielzeuge! Die hochwertigen und langlebigen Educo Produkte orientieren sich an Alltagssituationen und helfen Babys und Kindern, Spiele mit regul\u00e4ren Themen zu verbinden und den Lernprozess in eine Simulation ihrer nat\u00fcrlichen Umgebung zu verwandeln.<\/p>\n<p>Das Educo-Sortiment ist in drei Entwicklungsbereiche unterteilt: <a href=\"https:\/\/teiaeducation.ch\/product-category\/brands\/educo\/motor-play\/\">Motorik<\/a>, <a href=\"https:\/\/teiaeducation.ch\/product-category\/brands\/educo\/language-play\/\">Sprache<\/a> und <a href=\"https:\/\/teiaeducation.ch\/product-category\/brands\/educo\/mathematical-play\/\">Mathematik<\/a>. Im Jahr 2023 wurde ein umfassendes Sortiment an <a href=\"https:\/\/teiaeducation.ch\/product-category\/brands\/educo\/montessori-toys-range-0-3-years\/\">Montessori Spielzeug<\/a> f\u00fcr Kinder im Alter von 0 bis 3 Jahren eingef\u00fchrt, um das Wachstum und die Entwicklung der Kleinen bestm\u00f6glich zu f\u00f6rdern.<\/p>\n<p>Die aktiven, spielerischen Lernprodukte von Educo sind haupts\u00e4chlich aus Holz gefertigt und bestehen aus nachhaltigen Materialien wie Farben und Lacken auf Wasserbasis. Die <a href=\"https:\/\/teiaeducation.ch\/product-category\/hgh-quality-toys-play\/\">Spielzeuge<\/a> sind so konzipiert, dass sie \u00fcber viele Jahre hinweg robust verwendet werden k\u00f6nnen, spielerisches Lernen f\u00f6rdern und Kinder im Alter von 0-12 Jahren zu Wachstum und Erfolg inspirieren.<\/p>\n<p>Sie erf\u00fcllen die Anforderungen der verschiedenen europ\u00e4ischen und internationalen Sicherheitsvorschriften f\u00fcr Spielzeug und entsprechen der Richtlinie 2009\/48\/EG \u00fcber die Sicherheit von Spielzeug, einschlie\u00dflich EN81 und ASTM.<\/p>\n","protected":false},"excerpt":{"rendered":"<p>Artikelnummer: 900000204<\/p>\n<p>Mit der imbucare Kasten mit sechs Kegeln aus dem Educo Montessori Lernspielzeug Sortiment trainieren Kinder die Objektpermanenz und Auge-Hand-Koordination!<\/p>\n","protected":false},"featured_media":57953,"comment_status":"open","ping_status":"closed","template":"","meta":[],"product_brand":[],"product_cat":[25967,21444,21479,21599,21558,21485,21491,21484,21509,21498,21481,22182,27058,21559,21443,21563,21561,21494,21557,21695,21697,21678,21497,21482,21564],"product_tag":[29029,27360,27363,27359,27357,29028,27361,27362,27367,27355,26190,27365,27364,27356,27358,27366],"class_list":{"0":"post-60421","1":"product","2":"type-product","3":"status-publish","4":"has-post-thumbnail","6":"product_cat-0-12-monate-baby","7":"product_cat-1-3-jahre-kleinkind","8":"product_cat-lernmaterialien-spielzeug-montessori-waldorf-steiner-froebel","9":"product_cat-educo-de","10":"product_cat-farbe-lernen","11":"product_cat-geschenk-guide-0-12-monate-baby","12":"product_cat-geschenk-guide-lerngeschenke","13":"product_cat-geschenk-guides","14":"product_cat-lernthemen","15":"product_cat-montessori-materialien-fuer-zuhause-schulbedarf-fuer-zuhause","16":"product_cat-montessori-paedagogik-material-spielzeug","17":"product_cat-montessori-spielzeug","18":"product_cat-montessori-spielzeug-0-3-jahre","19":"product_cat-motorische-fertigkeiten","20":"product_cat-nach-alter","21":"product_cat-neuheiten","22":"product_cat-objektpermanenz","23":"product_cat-schulbedarf-fuer-zuhause","24":"product_cat-sensorische-motorische-fertigkeiten","25":"product_cat-sinnliches-spiel","26":"product_cat-sortieren","27":"product_cat-kinder-spielzeug","28":"product_cat-spielen-und-lernen-fuer-babys-kleinkinder","29":"product_cat-traditionelle-bildung","30":"product_cat-unsere-marken","31":"product_tag-educo-montessori-imbucare-kasten-de","32":"product_tag-educo-montessori-imbucare-kasten","33":"product_tag-educo-montessori-spielwaren-sortiment","34":"product_tag-educo-montessori-spielzeug-fur-kleinkinder","35":"product_tag-montessori-baby-spielzeug","36":"product_tag-montessori-imbucare-kasten","37":"product_tag-montessori-imbucare-kasten-baby","38":"product_tag-montessori-imbucare-kasten-fur-kleinkinder","39":"product_tag-montessori-kleinkinder-box-mit-schubladen","40":"product_tag-montessori-lernspielzeug","41":"product_tag-montessori-objektpermanenz","42":"product_tag-montessori-objektpermanenz-spielzeug","43":"product_tag-montessori-spielzeug-fur-babys-und-kleinkinder","44":"product_tag-montessori-spielzeug-fur-kleinkinder-de","45":"product_tag-montessori-spielzeug-fur-kleinkinder-de-2","46":"product_tag-montessori-ursache-wirkung-spielzeug","48":"first","49":"instock","50":"taxable","51":"shipping-taxable","52":"purchasable","53":"product-type-simple"},"yoast_head":"<!-- This site is optimized with the Yoast SEO Premium plugin v25.8 (Yoast SEO v27.4) - https:\/\/yoast.com\/product\/yoast-seo-premium-wordpress\/ -->\n<title>Montessori imbucare Kasten mit sechs Kegeln - Educo<\/title>\n<meta name=\"description\" content=\"Mit der imbucare Kasten mit sechs Kegeln aus dem Educo Montessori Lernspielzeug Sortiment trainieren Kinder die Objektpermanenz und Auge-Hand-Koordination.\" \/>\n<meta name=\"robots\" content=\"index, follow, max-snippet:-1, max-image-preview:large, max-video-preview:-1\" \/>\n<link rel=\"canonical\" href=\"https:\/\/teiaeducation.ch\/de\/produkt\/montessori-imbucare-kasten-mit-sechs-kegeln-educo\/\" \/>\n<meta property=\"og:locale\" content=\"de_DE\" \/>\n<meta property=\"og:type\" content=\"article\" \/>\n<meta property=\"og:title\" content=\"Montessori imbucare Kasten mit sechs Kegeln - Educo\" \/>\n<meta property=\"og:description\" content=\"Mit der imbucare Kasten mit sechs Kegeln aus dem Educo Montessori Lernspielzeug Sortiment trainieren Kinder die Objektpermanenz und Auge-Hand-Koordination.\" \/>\n<meta property=\"og:url\" content=\"https:\/\/teiaeducation.ch\/de\/produkt\/montessori-imbucare-kasten-mit-sechs-kegeln-educo\/\" \/>\n<meta property=\"og:site_name\" content=\"Sustainable Educational Products &amp; Ecological Toys\u00a0\" \/>\n<meta property=\"article:publisher\" content=\"https:\/\/www.facebook.com\/teiaeducation\/\" \/>\n<meta property=\"article:modified_time\" content=\"2024-09-17T07:30:17+00:00\" \/>\n<meta property=\"og:image\" content=\"https:\/\/teiaeducation.ch\/wp-content\/uploads\/2023\/12\/Montessori-imbucare-peg-box-Educo-scaled.jpg\" \/>\n\t<meta property=\"og:image:width\" content=\"2048\" \/>\n\t<meta property=\"og:image:height\" content=\"2048\" \/>\n\t<meta property=\"og:image:type\" content=\"image\/jpeg\" \/>\n<script type=\"application\/ld+json\" class=\"yoast-schema-graph\">{\"@context\":\"https:\\\/\\\/schema.org\",\"@graph\":[{\"@type\":\"WebPage\",\"@id\":\"https:\\\/\\\/teiaeducation.ch\\\/de\\\/produkt\\\/montessori-imbucare-kasten-mit-sechs-kegeln-educo\\\/\",\"url\":\"https:\\\/\\\/teiaeducation.ch\\\/de\\\/produkt\\\/montessori-imbucare-kasten-mit-sechs-kegeln-educo\\\/\",\"name\":\"Montessori imbucare Kasten mit sechs Kegeln - Educo\",\"isPartOf\":{\"@id\":\"https:\\\/\\\/teiaeducation.ch\\\/de\\\/#website\"},\"primaryImageOfPage\":{\"@id\":\"https:\\\/\\\/teiaeducation.ch\\\/de\\\/produkt\\\/montessori-imbucare-kasten-mit-sechs-kegeln-educo\\\/#primaryimage\"},\"image\":{\"@id\":\"https:\\\/\\\/teiaeducation.ch\\\/de\\\/produkt\\\/montessori-imbucare-kasten-mit-sechs-kegeln-educo\\\/#primaryimage\"},\"thumbnailUrl\":\"https:\\\/\\\/teiaeducation.ch\\\/wp-content\\\/uploads\\\/2023\\\/12\\\/Montessori-imbucare-peg-box-Educo-scaled.jpg\",\"datePublished\":\"2024-04-06T10:06:52+00:00\",\"dateModified\":\"2024-09-17T07:30:17+00:00\",\"description\":\"Mit der imbucare Kasten mit sechs Kegeln aus dem Educo Montessori Lernspielzeug Sortiment trainieren Kinder die Objektpermanenz und Auge-Hand-Koordination.\",\"breadcrumb\":{\"@id\":\"https:\\\/\\\/teiaeducation.ch\\\/de\\\/produkt\\\/montessori-imbucare-kasten-mit-sechs-kegeln-educo\\\/#breadcrumb\"},\"inLanguage\":\"de-CH\",\"potentialAction\":[{\"@type\":\"ReadAction\",\"target\":[\"https:\\\/\\\/teiaeducation.ch\\\/de\\\/produkt\\\/montessori-imbucare-kasten-mit-sechs-kegeln-educo\\\/\"]}]},{\"@type\":\"ImageObject\",\"inLanguage\":\"de-CH\",\"@id\":\"https:\\\/\\\/teiaeducation.ch\\\/de\\\/produkt\\\/montessori-imbucare-kasten-mit-sechs-kegeln-educo\\\/#primaryimage\",\"url\":\"https:\\\/\\\/teiaeducation.ch\\\/wp-content\\\/uploads\\\/2023\\\/12\\\/Montessori-imbucare-peg-box-Educo-scaled.jpg\",\"contentUrl\":\"https:\\\/\\\/teiaeducation.ch\\\/wp-content\\\/uploads\\\/2023\\\/12\\\/Montessori-imbucare-peg-box-Educo-scaled.jpg\",\"width\":2048,\"height\":2048,\"caption\":\"Montessori imbucare Kasten Educo\"},{\"@type\":\"BreadcrumbList\",\"@id\":\"https:\\\/\\\/teiaeducation.ch\\\/de\\\/produkt\\\/montessori-imbucare-kasten-mit-sechs-kegeln-educo\\\/#breadcrumb\",\"itemListElement\":[{\"@type\":\"ListItem\",\"position\":1,\"name\":\"Home\",\"item\":\"https:\\\/\\\/teiaeducation.ch\\\/de\\\/\"},{\"@type\":\"ListItem\",\"position\":2,\"name\":\"Laden\",\"item\":\"https:\\\/\\\/teiaeducation.ch\\\/de\\\/shop\\\/\"},{\"@type\":\"ListItem\",\"position\":3,\"name\":\"Unsere Marken\",\"item\":\"https:\\\/\\\/teiaeducation.ch\\\/de\\\/produkt-kategorie\\\/unsere-marken\\\/\"},{\"@type\":\"ListItem\",\"position\":4,\"name\":\"Educo\",\"item\":\"https:\\\/\\\/teiaeducation.ch\\\/de\\\/produkt-kategorie\\\/unsere-marken\\\/educo-de\\\/\"},{\"@type\":\"ListItem\",\"position\":5,\"name\":\"Montessori Spielzeug 0-3 Jahre\",\"item\":\"https:\\\/\\\/teiaeducation.ch\\\/de\\\/produkt-kategorie\\\/unsere-marken\\\/educo-de\\\/montessori-spielzeug-0-3-jahre\\\/\"},{\"@type\":\"ListItem\",\"position\":6,\"name\":\"Montessori imbucare Kasten mit sechs Kegeln &#8211; Educo\"}]},{\"@type\":\"WebSite\",\"@id\":\"https:\\\/\\\/teiaeducation.ch\\\/de\\\/#website\",\"url\":\"https:\\\/\\\/teiaeducation.ch\\\/de\\\/\",\"name\":\"Sustainable Educational Products &amp; Ecological Toys\u00a0\",\"description\":\"Specialised Swiss shop selling sustainable educational toys and games, AMI certified Montessori materials, handmade ecological wooden Waldorf toys and arts &amp; crafts supplies, school supplies, children&#039;s furniture and Montessori reference and parenting books.\",\"publisher\":{\"@id\":\"https:\\\/\\\/teiaeducation.ch\\\/de\\\/#organization\"},\"alternateName\":\"Teia Education & Play\",\"potentialAction\":[{\"@type\":\"SearchAction\",\"target\":{\"@type\":\"EntryPoint\",\"urlTemplate\":\"https:\\\/\\\/teiaeducation.ch\\\/de\\\/?s={search_term_string}\"},\"query-input\":{\"@type\":\"PropertyValueSpecification\",\"valueRequired\":true,\"valueName\":\"search_term_string\"}}],\"inLanguage\":\"de-CH\"},{\"@type\":\"Organization\",\"@id\":\"https:\\\/\\\/teiaeducation.ch\\\/de\\\/#organization\",\"name\":\"Teia Education & Play\",\"url\":\"https:\\\/\\\/teiaeducation.ch\\\/de\\\/\",\"logo\":{\"@type\":\"ImageObject\",\"inLanguage\":\"de-CH\",\"@id\":\"https:\\\/\\\/teiaeducation.ch\\\/de\\\/#\\\/schema\\\/logo\\\/image\\\/\",\"url\":\"https:\\\/\\\/teiaeducation.ch\\\/wp-content\\\/uploads\\\/2020\\\/11\\\/Teia-Education-Switzerland-e1620156442216.jpg\",\"contentUrl\":\"https:\\\/\\\/teiaeducation.ch\\\/wp-content\\\/uploads\\\/2020\\\/11\\\/Teia-Education-Switzerland-e1620156442216.jpg\",\"width\":166,\"height\":145,\"caption\":\"Teia Education & Play\"},\"image\":{\"@id\":\"https:\\\/\\\/teiaeducation.ch\\\/de\\\/#\\\/schema\\\/logo\\\/image\\\/\"},\"sameAs\":[\"https:\\\/\\\/www.facebook.com\\\/teiaeducation\\\/\",\"https:\\\/\\\/x.com\\\/EducationTeia\",\"https:\\\/\\\/www.instagram.com\\\/teia.education\\\/\",\"https:\\\/\\\/www.linkedin.com\\\/company\\\/35501660\",\"https:\\\/\\\/www.pinterest.ch\\\/TeiaEducation\\\/\"]}]}<\/script>\n<meta property=\"product:price:amount\" content=\"40.50\" \/>\n<meta property=\"product:price:currency\" content=\"CHF\" \/>\n<meta property=\"og:availability\" content=\"instock\" \/>\n<meta property=\"product:availability\" content=\"instock\" \/>\n<meta property=\"product:condition\" content=\"new\" \/>\n<!-- \/ Yoast SEO Premium plugin. -->","yoast_head_json":{"title":"Montessori imbucare Kasten mit sechs Kegeln - Educo","description":"Mit der imbucare Kasten mit sechs Kegeln aus dem Educo Montessori Lernspielzeug Sortiment trainieren Kinder die Objektpermanenz und Auge-Hand-Koordination.","robots":{"index":"index","follow":"follow","max-snippet":"max-snippet:-1","max-image-preview":"max-image-preview:large","max-video-preview":"max-video-preview:-1"},"canonical":"https:\/\/teiaeducation.ch\/de\/produkt\/montessori-imbucare-kasten-mit-sechs-kegeln-educo\/","og_locale":"de_DE","og_type":"article","og_title":"Montessori imbucare Kasten mit sechs Kegeln - Educo","og_description":"Mit der imbucare Kasten mit sechs Kegeln aus dem Educo Montessori Lernspielzeug Sortiment trainieren Kinder die Objektpermanenz und Auge-Hand-Koordination.","og_url":"https:\/\/teiaeducation.ch\/de\/produkt\/montessori-imbucare-kasten-mit-sechs-kegeln-educo\/","og_site_name":"Sustainable Educational Products &amp; Ecological Toys\u00a0","article_publisher":"https:\/\/www.facebook.com\/teiaeducation\/","article_modified_time":"2024-09-17T07:30:17+00:00","og_image":[{"width":2048,"height":2048,"url":"https:\/\/teiaeducation.ch\/wp-content\/uploads\/2023\/12\/Montessori-imbucare-peg-box-Educo-scaled.jpg","type":"image\/jpeg"}],"schema":{"@context":"https:\/\/schema.org","@graph":[{"@type":"WebPage","@id":"https:\/\/teiaeducation.ch\/de\/produkt\/montessori-imbucare-kasten-mit-sechs-kegeln-educo\/","url":"https:\/\/teiaeducation.ch\/de\/produkt\/montessori-imbucare-kasten-mit-sechs-kegeln-educo\/","name":"Montessori imbucare Kasten mit sechs Kegeln - Educo","isPartOf":{"@id":"https:\/\/teiaeducation.ch\/de\/#website"},"primaryImageOfPage":{"@id":"https:\/\/teiaeducation.ch\/de\/produkt\/montessori-imbucare-kasten-mit-sechs-kegeln-educo\/#primaryimage"},"image":{"@id":"https:\/\/teiaeducation.ch\/de\/produkt\/montessori-imbucare-kasten-mit-sechs-kegeln-educo\/#primaryimage"},"thumbnailUrl":"https:\/\/teiaeducation.ch\/wp-content\/uploads\/2023\/12\/Montessori-imbucare-peg-box-Educo-scaled.jpg","datePublished":"2024-04-06T10:06:52+00:00","dateModified":"2024-09-17T07:30:17+00:00","description":"Mit der imbucare Kasten mit sechs Kegeln aus dem Educo Montessori Lernspielzeug Sortiment trainieren Kinder die Objektpermanenz und Auge-Hand-Koordination.","breadcrumb":{"@id":"https:\/\/teiaeducation.ch\/de\/produkt\/montessori-imbucare-kasten-mit-sechs-kegeln-educo\/#breadcrumb"},"inLanguage":"de-CH","potentialAction":[{"@type":"ReadAction","target":["https:\/\/teiaeducation.ch\/de\/produkt\/montessori-imbucare-kasten-mit-sechs-kegeln-educo\/"]}]},{"@type":"ImageObject","inLanguage":"de-CH","@id":"https:\/\/teiaeducation.ch\/de\/produkt\/montessori-imbucare-kasten-mit-sechs-kegeln-educo\/#primaryimage","url":"https:\/\/teiaeducation.ch\/wp-content\/uploads\/2023\/12\/Montessori-imbucare-peg-box-Educo-scaled.jpg","contentUrl":"https:\/\/teiaeducation.ch\/wp-content\/uploads\/2023\/12\/Montessori-imbucare-peg-box-Educo-scaled.jpg","width":2048,"height":2048,"caption":"Montessori imbucare Kasten Educo"},{"@type":"BreadcrumbList","@id":"https:\/\/teiaeducation.ch\/de\/produkt\/montessori-imbucare-kasten-mit-sechs-kegeln-educo\/#breadcrumb","itemListElement":[{"@type":"ListItem","position":1,"name":"Home","item":"https:\/\/teiaeducation.ch\/de\/"},{"@type":"ListItem","position":2,"name":"Laden","item":"https:\/\/teiaeducation.ch\/de\/shop\/"},{"@type":"ListItem","position":3,"name":"Unsere Marken","item":"https:\/\/teiaeducation.ch\/de\/produkt-kategorie\/unsere-marken\/"},{"@type":"ListItem","position":4,"name":"Educo","item":"https:\/\/teiaeducation.ch\/de\/produkt-kategorie\/unsere-marken\/educo-de\/"},{"@type":"ListItem","position":5,"name":"Montessori Spielzeug 0-3 Jahre","item":"https:\/\/teiaeducation.ch\/de\/produkt-kategorie\/unsere-marken\/educo-de\/montessori-spielzeug-0-3-jahre\/"},{"@type":"ListItem","position":6,"name":"Montessori imbucare Kasten mit sechs Kegeln &#8211; Educo"}]},{"@type":"WebSite","@id":"https:\/\/teiaeducation.ch\/de\/#website","url":"https:\/\/teiaeducation.ch\/de\/","name":"Sustainable Educational Products &amp; Ecological Toys\u00a0","description":"Specialised Swiss shop selling sustainable educational toys and games, AMI certified Montessori materials, handmade ecological wooden Waldorf toys and arts &amp; crafts supplies, school supplies, children&#039;s furniture and Montessori reference and parenting books.","publisher":{"@id":"https:\/\/teiaeducation.ch\/de\/#organization"},"alternateName":"Teia Education & Play","potentialAction":[{"@type":"SearchAction","target":{"@type":"EntryPoint","urlTemplate":"https:\/\/teiaeducation.ch\/de\/?s={search_term_string}"},"query-input":{"@type":"PropertyValueSpecification","valueRequired":true,"valueName":"search_term_string"}}],"inLanguage":"de-CH"},{"@type":"Organization","@id":"https:\/\/teiaeducation.ch\/de\/#organization","name":"Teia Education & Play","url":"https:\/\/teiaeducation.ch\/de\/","logo":{"@type":"ImageObject","inLanguage":"de-CH","@id":"https:\/\/teiaeducation.ch\/de\/#\/schema\/logo\/image\/","url":"https:\/\/teiaeducation.ch\/wp-content\/uploads\/2020\/11\/Teia-Education-Switzerland-e1620156442216.jpg","contentUrl":"https:\/\/teiaeducation.ch\/wp-content\/uploads\/2020\/11\/Teia-Education-Switzerland-e1620156442216.jpg","width":166,"height":145,"caption":"Teia Education & Play"},"image":{"@id":"https:\/\/teiaeducation.ch\/de\/#\/schema\/logo\/image\/"},"sameAs":["https:\/\/www.facebook.com\/teiaeducation\/","https:\/\/x.com\/EducationTeia","https:\/\/www.instagram.com\/teia.education\/","https:\/\/www.linkedin.com\/company\/35501660","https:\/\/www.pinterest.ch\/TeiaEducation\/"]}]},"product_price_amount":"40.50","product_price_currency":"CHF","og_availability":"instock","product_availability":"instock","product_condition":"new"},"_links":{"self":[{"href":"https:\/\/teiaeducation.ch\/de\/wp-json\/wp\/v2\/product\/60421","targetHints":{"allow":["GET"]}}],"collection":[{"href":"https:\/\/teiaeducation.ch\/de\/wp-json\/wp\/v2\/product"}],"about":[{"href":"https:\/\/teiaeducation.ch\/de\/wp-json\/wp\/v2\/types\/product"}],"replies":[{"embeddable":true,"href":"https:\/\/teiaeducation.ch\/de\/wp-json\/wp\/v2\/comments?post=60421"}],"wp:featuredmedia":[{"embeddable":true,"href":"https:\/\/teiaeducation.ch\/de\/wp-json\/wp\/v2\/media\/57953"}],"wp:attachment":[{"href":"https:\/\/teiaeducation.ch\/de\/wp-json\/wp\/v2\/media?parent=60421"}],"wp:term":[{"taxonomy":"product_brand","embeddable":true,"href":"https:\/\/teiaeducation.ch\/de\/wp-json\/wp\/v2\/product_brand?post=60421"},{"taxonomy":"product_cat","embeddable":true,"href":"https:\/\/teiaeducation.ch\/de\/wp-json\/wp\/v2\/product_cat?post=60421"},{"taxonomy":"product_tag","embeddable":true,"href":"https:\/\/teiaeducation.ch\/de\/wp-json\/wp\/v2\/product_tag?post=60421"}],"curies":[{"name":"wp","href":"https:\/\/api.w.org\/{rel}","templated":true}]}}