{"id":60423,"date":"2024-04-06T12:10:53","date_gmt":"2024-04-06T10:10:53","guid":{"rendered":"https:\/\/teiaeducation.ch\/product\/montessori-holzkasten-mit-drei-faechern-und-scheiben-educo\/"},"modified":"2025-12-05T14:08:45","modified_gmt":"2025-12-05T13:08:45","slug":"montessori-holzkasten-mit-drei-faechern-und-scheiben-educo","status":"publish","type":"product","link":"https:\/\/teiaeducation.ch\/de\/produkt\/montessori-holzkasten-mit-drei-faechern-und-scheiben-educo\/","title":{"rendered":"Montessori Holzkasten mit drei F\u00e4chern und Scheiben &#8211; Educo"},"content":{"rendered":"<p>Der Montessori Holzkasten mit drei F\u00e4chern und Scheiben aus dem <a href=\"https:\/\/teiaeducation.ch\/product-category\/brands\/educo\/montessori-toys-range-0-3-years\/\">Educo Montessori Lernspielzeug Sortiment<\/a> f\u00fcr Babys und Kleinkinder im Alter von 0-3 Jahren ist inspiriert von der Nienhuis Montessori <a href=\"https:\/\/teiaeducation.ch\/product\/box-with-bins-nienhuis-montessori\/\">Holzkasten mit drei F\u00e4chern<\/a>.<\/p>\n<div class=\"page\" title=\"Seite 2\">\n<div class=\"layoutArea\">\n<div class=\"column\">\n<div id=\"longdescription\" class=\"block cf\">\n<div>\n<p>Mit diesem Lernspielzeug \u00fcben Kinder das Konzept der <a href=\"https:\/\/teiaeducation.ch\/product-category\/learning-themes\/sensory-motor-skills\/object-permanence\/\">Objektpermanenz<\/a> und das der Ursache-Wirkung. Es f\u00fchrt ein neues Ph\u00e4nomen f\u00fcr ein kleines Kind ein, dass Objekte existieren, auch wenn wir sie nicht sehen. Kleine Kinder werden diesen Kuckuckseffekt genie\u00dfen und eine Vielzahl von Dingen damit lernen!<\/p>\n<\/div>\n<\/div>\n<\/div>\n<\/div>\n<\/div>\n<p>Durch das Einlegen der richtigen Scheibe in das richtige Fach werden die <a href=\"https:\/\/teiaeducation.ch\/product-category\/learning-themes\/sensory-motor-skills\/motor-skills\/\">Feinmotorik<\/a>, das r\u00e4umliche Vorstellungsverm\u00f6gen und das Arbeitsged\u00e4chtnis stimuliert und entwickelt.<\/p>\n<p>Dieses <a href=\"https:\/\/teiaeducation.ch\/product-category\/learning-themes\/\">Lernspielzeug<\/a> erm\u00f6glicht es dem Kind auch, die Grundfarben zu erkennen und nach <a href=\"https:\/\/teiaeducation.ch\/product-category\/learning-themes\/sensory-motor-skills\/learning-about-colour\/\">Farben<\/a> zu sortieren.<\/p>\n<p>Der Montessori Holzkasten mit F\u00e4chern und Scheiben ist f\u00fcr Kinder im Alter von 14 bis 17 Monaten geeignet.<\/p>\n<p>Inhalt:<\/p>\n<p>1 Holzkaste mit 3 F\u00e4chern und 3 Scheiben-Sch\u00e4chte auf der Oberseite<br \/>\n6 Holzscheiben (2 Rote, 2 Blaue und 2 Gelbe)<\/p>\n<h2>\u00dcber Educo<\/h2>\n<p>Die niederl\u00e4ndische Marke <a href=\"https:\/\/teiaeducation.ch\/product-category\/brands\/educo\/\">Educo<\/a> steht f\u00fcr eine bunte Welt des spielerischen <a href=\"https:\/\/teiaeducation.ch\/product-category\/learning-themes\/\">Lernens<\/a>, herausfordernde Lernspiele und Spielzeuge! Die hochwertigen und langlebigen Educo Produkte orientieren sich an Alltagssituationen und helfen Babys und Kindern, Spiele mit regul\u00e4ren Themen zu verbinden und den Lernprozess in eine Simulation ihrer nat\u00fcrlichen Umgebung zu verwandeln.<\/p>\n<p>Das Educo-Sortiment ist in drei Entwicklungsbereiche unterteilt: <a href=\"https:\/\/teiaeducation.ch\/product-category\/brands\/educo\/motor-play\/\">Motorik<\/a>, <a href=\"https:\/\/teiaeducation.ch\/product-category\/brands\/educo\/language-play\/\">Sprache<\/a> und <a href=\"https:\/\/teiaeducation.ch\/product-category\/brands\/educo\/mathematical-play\/\">Mathematik<\/a>. Im Jahr 2023 wurde ein umfassendes Sortiment an <a href=\"https:\/\/teiaeducation.ch\/product-category\/brands\/educo\/montessori-toys-range-0-3-years\/\">Montessori Spielzeug<\/a> f\u00fcr Kinder im Alter von 0 bis 3 Jahren eingef\u00fchrt, um das Wachstum und die Entwicklung der Kleinen bestm\u00f6glich zu f\u00f6rdern.<\/p>\n<p>Die aktiven, spielerischen Lernprodukte von Educo sind haupts\u00e4chlich aus Holz gefertigt und bestehen aus nachhaltigen Materialien wie Farben und Lacken auf Wasserbasis. Die <a href=\"https:\/\/teiaeducation.ch\/product-category\/hgh-quality-toys-play\/\">Spielzeuge<\/a> sind so konzipiert, dass sie \u00fcber viele Jahre hinweg robust verwendet werden k\u00f6nnen, spielerisches Lernen f\u00f6rdern und Kinder im Alter von 0-12 Jahren zu Wachstum und Erfolg inspirieren.<\/p>\n<p>Sie erf\u00fcllen die Anforderungen der verschiedenen europ\u00e4ischen und internationalen Sicherheitsvorschriften f\u00fcr Spielzeug und entsprechen der Richtlinie 2009\/48\/EG \u00fcber die Sicherheit von Spielzeug, einschlie\u00dflich EN81 und ASTM.<\/p>\n","protected":false},"excerpt":{"rendered":"<p>Artikelnummer: 900000206<\/p>\n<p>Mit dem Holzkasten mit drei F\u00e4chern und Scheiben aus dem Educo Montessori Lernspielzeug Sortiment \u00fcben Kleinkinder das Konzept der Objektpermanenz!<\/p>\n","protected":false},"featured_media":57923,"comment_status":"open","ping_status":"closed","template":"","meta":[],"product_brand":[],"product_cat":[21444,21479,21599,21558,21486,21491,21484,21509,21498,21481,22182,27058,21559,21443,21563,21561,21494,21557,21695,21697,21678,21497,21482,21564],"product_tag":[29032,27360,27363,27359,27357,29031,29030,27361,27362,29033,27367,27355,26190,27365,27364,27356,27358,27366],"class_list":{"0":"post-60423","1":"product","2":"type-product","3":"status-publish","4":"has-post-thumbnail","6":"product_cat-1-3-jahre-kleinkind","7":"product_cat-lernmaterialien-spielzeug-montessori-waldorf-steiner-froebel","8":"product_cat-educo-de","9":"product_cat-farbe-lernen","10":"product_cat-geschenk-guide-1-3-jahre-kleinkind","11":"product_cat-geschenk-guide-lerngeschenke","12":"product_cat-geschenk-guides","13":"product_cat-lernthemen","14":"product_cat-montessori-materialien-fuer-zuhause-schulbedarf-fuer-zuhause","15":"product_cat-montessori-paedagogik-material-spielzeug","16":"product_cat-montessori-spielzeug","17":"product_cat-montessori-spielzeug-0-3-jahre","18":"product_cat-motorische-fertigkeiten","19":"product_cat-nach-alter","20":"product_cat-neuheiten","21":"product_cat-objektpermanenz","22":"product_cat-schulbedarf-fuer-zuhause","23":"product_cat-sensorische-motorische-fertigkeiten","24":"product_cat-sinnliches-spiel","25":"product_cat-sortieren","26":"product_cat-kinder-spielzeug","27":"product_cat-spielen-und-lernen-fuer-babys-kleinkinder","28":"product_cat-traditionelle-bildung","29":"product_cat-unsere-marken","30":"product_tag-educo-kastenbehalter-montessori","31":"product_tag-educo-montessori-imbucare-kasten","32":"product_tag-educo-montessori-spielwaren-sortiment","33":"product_tag-educo-montessori-spielzeug-fur-kleinkinder","34":"product_tag-montessori-baby-spielzeug","35":"product_tag-montessori-holzkasten-mit-drei-fachern-und-scheiben-educo","36":"product_tag-montessori-holzkasten-mit-fachern-und-scheiben","37":"product_tag-montessori-imbucare-kasten-baby","38":"product_tag-montessori-imbucare-kasten-fur-kleinkinder","39":"product_tag-montessori-kastenbehalter-und-scheiben","40":"product_tag-montessori-kleinkinder-box-mit-schubladen","41":"product_tag-montessori-lernspielzeug","42":"product_tag-montessori-objektpermanenz","43":"product_tag-montessori-objektpermanenz-spielzeug","44":"product_tag-montessori-spielzeug-fur-babys-und-kleinkinder","45":"product_tag-montessori-spielzeug-fur-kleinkinder-de","46":"product_tag-montessori-spielzeug-fur-kleinkinder-de-2","47":"product_tag-montessori-ursache-wirkung-spielzeug","49":"first","50":"instock","51":"taxable","52":"shipping-taxable","53":"purchasable","54":"product-type-simple"},"yoast_head":"<!-- This site is optimized with the Yoast SEO plugin v27.1.1 - https:\/\/yoast.com\/product\/yoast-seo-wordpress\/ -->\n<title>Montessori Holzkasten mit drei F\u00e4chern und Scheiben - Educo<\/title>\n<meta name=\"description\" content=\"Mit dem Holzkasten mit drei F\u00e4chern und Scheiben aus dem Educo Montessori Lernspielzeug Sortiment \u00fcben Kleinkinder das Konzept der Objektpermanenz.\" \/>\n<meta name=\"robots\" content=\"index, follow, max-snippet:-1, max-image-preview:large, max-video-preview:-1\" \/>\n<link rel=\"canonical\" href=\"https:\/\/teiaeducation.ch\/de\/produkt\/montessori-holzkasten-mit-drei-faechern-und-scheiben-educo\/\" \/>\n<meta property=\"og:locale\" content=\"de_DE\" \/>\n<meta property=\"og:type\" content=\"article\" \/>\n<meta property=\"og:title\" content=\"Montessori Holzkasten mit drei F\u00e4chern und Scheiben - Educo\" \/>\n<meta property=\"og:description\" content=\"Mit dem Holzkasten mit drei F\u00e4chern und Scheiben aus dem Educo Montessori Lernspielzeug Sortiment \u00fcben Kleinkinder das Konzept der Objektpermanenz.\" \/>\n<meta property=\"og:url\" content=\"https:\/\/teiaeducation.ch\/de\/produkt\/montessori-holzkasten-mit-drei-faechern-und-scheiben-educo\/\" \/>\n<meta property=\"og:site_name\" content=\"Sustainable Educational Products &amp; Ecological Toys\u00a0\" \/>\n<meta property=\"article:publisher\" content=\"https:\/\/www.facebook.com\/teiaeducation\/\" \/>\n<meta property=\"article:modified_time\" content=\"2025-12-05T13:08:45+00:00\" \/>\n<meta property=\"og:image\" content=\"https:\/\/teiaeducation.ch\/wp-content\/uploads\/2023\/12\/Montessori-box-with-bins-and-discs-toddlers-Educo-scaled.jpg\" \/>\n\t<meta property=\"og:image:width\" content=\"2048\" \/>\n\t<meta property=\"og:image:height\" content=\"2048\" \/>\n\t<meta property=\"og:image:type\" content=\"image\/jpeg\" \/>\n<script type=\"application\/ld+json\" class=\"yoast-schema-graph\">{\"@context\":\"https:\/\/schema.org\",\"@graph\":[{\"@type\":\"WebPage\",\"@id\":\"https:\/\/teiaeducation.ch\/de\/produkt\/montessori-holzkasten-mit-drei-faechern-und-scheiben-educo\/\",\"url\":\"https:\/\/teiaeducation.ch\/de\/produkt\/montessori-holzkasten-mit-drei-faechern-und-scheiben-educo\/\",\"name\":\"Montessori Holzkasten mit drei F\u00e4chern und Scheiben - Educo\",\"isPartOf\":{\"@id\":\"https:\/\/teiaeducation.ch\/de\/#website\"},\"primaryImageOfPage\":{\"@id\":\"https:\/\/teiaeducation.ch\/de\/produkt\/montessori-holzkasten-mit-drei-faechern-und-scheiben-educo\/#primaryimage\"},\"image\":{\"@id\":\"https:\/\/teiaeducation.ch\/de\/produkt\/montessori-holzkasten-mit-drei-faechern-und-scheiben-educo\/#primaryimage\"},\"thumbnailUrl\":\"https:\/\/teiaeducation.ch\/wp-content\/uploads\/2023\/12\/Montessori-box-with-bins-and-discs-toddlers-Educo-scaled.jpg\",\"datePublished\":\"2024-04-06T10:10:53+00:00\",\"dateModified\":\"2025-12-05T13:08:45+00:00\",\"description\":\"Mit dem Holzkasten mit drei F\u00e4chern und Scheiben aus dem Educo Montessori Lernspielzeug Sortiment \u00fcben Kleinkinder das Konzept der Objektpermanenz.\",\"breadcrumb\":{\"@id\":\"https:\/\/teiaeducation.ch\/de\/produkt\/montessori-holzkasten-mit-drei-faechern-und-scheiben-educo\/#breadcrumb\"},\"inLanguage\":\"de-CH\",\"potentialAction\":[{\"@type\":\"ReadAction\",\"target\":[\"https:\/\/teiaeducation.ch\/de\/produkt\/montessori-holzkasten-mit-drei-faechern-und-scheiben-educo\/\"]}]},{\"@type\":\"ImageObject\",\"inLanguage\":\"de-CH\",\"@id\":\"https:\/\/teiaeducation.ch\/de\/produkt\/montessori-holzkasten-mit-drei-faechern-und-scheiben-educo\/#primaryimage\",\"url\":\"https:\/\/teiaeducation.ch\/wp-content\/uploads\/2023\/12\/Montessori-box-with-bins-and-discs-toddlers-Educo-scaled.jpg\",\"contentUrl\":\"https:\/\/teiaeducation.ch\/wp-content\/uploads\/2023\/12\/Montessori-box-with-bins-and-discs-toddlers-Educo-scaled.jpg\",\"width\":2048,\"height\":2048,\"caption\":\"Montessori Holzkasten mit drei F\u00e4chern und Scheiben Kleinkinder Educo\"},{\"@type\":\"BreadcrumbList\",\"@id\":\"https:\/\/teiaeducation.ch\/de\/produkt\/montessori-holzkasten-mit-drei-faechern-und-scheiben-educo\/#breadcrumb\",\"itemListElement\":[{\"@type\":\"ListItem\",\"position\":1,\"name\":\"Home\",\"item\":\"https:\/\/teiaeducation.ch\/de\/\"},{\"@type\":\"ListItem\",\"position\":2,\"name\":\"Laden\",\"item\":\"https:\/\/teiaeducation.ch\/de\/shop\/\"},{\"@type\":\"ListItem\",\"position\":3,\"name\":\"Unsere Marken\",\"item\":\"https:\/\/teiaeducation.ch\/de\/produkt-kategorie\/unsere-marken\/\"},{\"@type\":\"ListItem\",\"position\":4,\"name\":\"Educo\",\"item\":\"https:\/\/teiaeducation.ch\/de\/produkt-kategorie\/unsere-marken\/educo-de\/\"},{\"@type\":\"ListItem\",\"position\":5,\"name\":\"Montessori Spielzeug 0-3 Jahre\",\"item\":\"https:\/\/teiaeducation.ch\/de\/produkt-kategorie\/unsere-marken\/educo-de\/montessori-spielzeug-0-3-jahre\/\"},{\"@type\":\"ListItem\",\"position\":6,\"name\":\"Montessori Holzkasten mit drei F\u00e4chern und Scheiben &#8211; Educo\"}]},{\"@type\":\"WebSite\",\"@id\":\"https:\/\/teiaeducation.ch\/de\/#website\",\"url\":\"https:\/\/teiaeducation.ch\/de\/\",\"name\":\"Sustainable Educational Products &amp; Ecological Toys\u00a0\",\"description\":\"Specialised Swiss shop selling sustainable educational toys and games, AMI certified Montessori materials, handmade ecological wooden Waldorf toys and arts &amp; crafts supplies, school supplies, children&#039;s furniture and Montessori reference and parenting books.\",\"publisher\":{\"@id\":\"https:\/\/teiaeducation.ch\/de\/#organization\"},\"alternateName\":\"Teia Education & Play\",\"potentialAction\":[{\"@type\":\"SearchAction\",\"target\":{\"@type\":\"EntryPoint\",\"urlTemplate\":\"https:\/\/teiaeducation.ch\/de\/?s={search_term_string}\"},\"query-input\":{\"@type\":\"PropertyValueSpecification\",\"valueRequired\":true,\"valueName\":\"search_term_string\"}}],\"inLanguage\":\"de-CH\"},{\"@type\":\"Organization\",\"@id\":\"https:\/\/teiaeducation.ch\/de\/#organization\",\"name\":\"Teia Education & Play\",\"url\":\"https:\/\/teiaeducation.ch\/de\/\",\"logo\":{\"@type\":\"ImageObject\",\"inLanguage\":\"de-CH\",\"@id\":\"https:\/\/teiaeducation.ch\/de\/#\/schema\/logo\/image\/\",\"url\":\"https:\/\/teiaeducation.ch\/wp-content\/uploads\/2020\/11\/Teia-Education-Switzerland-e1620156442216.jpg\",\"contentUrl\":\"https:\/\/teiaeducation.ch\/wp-content\/uploads\/2020\/11\/Teia-Education-Switzerland-e1620156442216.jpg\",\"width\":166,\"height\":145,\"caption\":\"Teia Education & Play\"},\"image\":{\"@id\":\"https:\/\/teiaeducation.ch\/de\/#\/schema\/logo\/image\/\"},\"sameAs\":[\"https:\/\/www.facebook.com\/teiaeducation\/\",\"https:\/\/x.com\/EducationTeia\",\"https:\/\/www.instagram.com\/teia.education\/\",\"https:\/\/www.linkedin.com\/company\/35501660\",\"https:\/\/www.pinterest.ch\/TeiaEducation\/\"]}]}<\/script>\n<!-- \/ Yoast SEO plugin. -->","yoast_head_json":{"title":"Montessori Holzkasten mit drei F\u00e4chern und Scheiben - Educo","description":"Mit dem Holzkasten mit drei F\u00e4chern und Scheiben aus dem Educo Montessori Lernspielzeug Sortiment \u00fcben Kleinkinder das Konzept der Objektpermanenz.","robots":{"index":"index","follow":"follow","max-snippet":"max-snippet:-1","max-image-preview":"max-image-preview:large","max-video-preview":"max-video-preview:-1"},"canonical":"https:\/\/teiaeducation.ch\/de\/produkt\/montessori-holzkasten-mit-drei-faechern-und-scheiben-educo\/","og_locale":"de_DE","og_type":"article","og_title":"Montessori Holzkasten mit drei F\u00e4chern und Scheiben - Educo","og_description":"Mit dem Holzkasten mit drei F\u00e4chern und Scheiben aus dem Educo Montessori Lernspielzeug Sortiment \u00fcben Kleinkinder das Konzept der Objektpermanenz.","og_url":"https:\/\/teiaeducation.ch\/de\/produkt\/montessori-holzkasten-mit-drei-faechern-und-scheiben-educo\/","og_site_name":"Sustainable Educational Products &amp; Ecological Toys\u00a0","article_publisher":"https:\/\/www.facebook.com\/teiaeducation\/","article_modified_time":"2025-12-05T13:08:45+00:00","og_image":[{"width":2048,"height":2048,"url":"https:\/\/teiaeducation.ch\/wp-content\/uploads\/2023\/12\/Montessori-box-with-bins-and-discs-toddlers-Educo-scaled.jpg","type":"image\/jpeg"}],"schema":{"@context":"https:\/\/schema.org","@graph":[{"@type":"WebPage","@id":"https:\/\/teiaeducation.ch\/de\/produkt\/montessori-holzkasten-mit-drei-faechern-und-scheiben-educo\/","url":"https:\/\/teiaeducation.ch\/de\/produkt\/montessori-holzkasten-mit-drei-faechern-und-scheiben-educo\/","name":"Montessori Holzkasten mit drei F\u00e4chern und Scheiben - Educo","isPartOf":{"@id":"https:\/\/teiaeducation.ch\/de\/#website"},"primaryImageOfPage":{"@id":"https:\/\/teiaeducation.ch\/de\/produkt\/montessori-holzkasten-mit-drei-faechern-und-scheiben-educo\/#primaryimage"},"image":{"@id":"https:\/\/teiaeducation.ch\/de\/produkt\/montessori-holzkasten-mit-drei-faechern-und-scheiben-educo\/#primaryimage"},"thumbnailUrl":"https:\/\/teiaeducation.ch\/wp-content\/uploads\/2023\/12\/Montessori-box-with-bins-and-discs-toddlers-Educo-scaled.jpg","datePublished":"2024-04-06T10:10:53+00:00","dateModified":"2025-12-05T13:08:45+00:00","description":"Mit dem Holzkasten mit drei F\u00e4chern und Scheiben aus dem Educo Montessori Lernspielzeug Sortiment \u00fcben Kleinkinder das Konzept der Objektpermanenz.","breadcrumb":{"@id":"https:\/\/teiaeducation.ch\/de\/produkt\/montessori-holzkasten-mit-drei-faechern-und-scheiben-educo\/#breadcrumb"},"inLanguage":"de-CH","potentialAction":[{"@type":"ReadAction","target":["https:\/\/teiaeducation.ch\/de\/produkt\/montessori-holzkasten-mit-drei-faechern-und-scheiben-educo\/"]}]},{"@type":"ImageObject","inLanguage":"de-CH","@id":"https:\/\/teiaeducation.ch\/de\/produkt\/montessori-holzkasten-mit-drei-faechern-und-scheiben-educo\/#primaryimage","url":"https:\/\/teiaeducation.ch\/wp-content\/uploads\/2023\/12\/Montessori-box-with-bins-and-discs-toddlers-Educo-scaled.jpg","contentUrl":"https:\/\/teiaeducation.ch\/wp-content\/uploads\/2023\/12\/Montessori-box-with-bins-and-discs-toddlers-Educo-scaled.jpg","width":2048,"height":2048,"caption":"Montessori Holzkasten mit drei F\u00e4chern und Scheiben Kleinkinder Educo"},{"@type":"BreadcrumbList","@id":"https:\/\/teiaeducation.ch\/de\/produkt\/montessori-holzkasten-mit-drei-faechern-und-scheiben-educo\/#breadcrumb","itemListElement":[{"@type":"ListItem","position":1,"name":"Home","item":"https:\/\/teiaeducation.ch\/de\/"},{"@type":"ListItem","position":2,"name":"Laden","item":"https:\/\/teiaeducation.ch\/de\/shop\/"},{"@type":"ListItem","position":3,"name":"Unsere Marken","item":"https:\/\/teiaeducation.ch\/de\/produkt-kategorie\/unsere-marken\/"},{"@type":"ListItem","position":4,"name":"Educo","item":"https:\/\/teiaeducation.ch\/de\/produkt-kategorie\/unsere-marken\/educo-de\/"},{"@type":"ListItem","position":5,"name":"Montessori Spielzeug 0-3 Jahre","item":"https:\/\/teiaeducation.ch\/de\/produkt-kategorie\/unsere-marken\/educo-de\/montessori-spielzeug-0-3-jahre\/"},{"@type":"ListItem","position":6,"name":"Montessori Holzkasten mit drei F\u00e4chern und Scheiben &#8211; Educo"}]},{"@type":"WebSite","@id":"https:\/\/teiaeducation.ch\/de\/#website","url":"https:\/\/teiaeducation.ch\/de\/","name":"Sustainable Educational Products &amp; Ecological Toys\u00a0","description":"Specialised Swiss shop selling sustainable educational toys and games, AMI certified Montessori materials, handmade ecological wooden Waldorf toys and arts &amp; crafts supplies, school supplies, children&#039;s furniture and Montessori reference and parenting books.","publisher":{"@id":"https:\/\/teiaeducation.ch\/de\/#organization"},"alternateName":"Teia Education & Play","potentialAction":[{"@type":"SearchAction","target":{"@type":"EntryPoint","urlTemplate":"https:\/\/teiaeducation.ch\/de\/?s={search_term_string}"},"query-input":{"@type":"PropertyValueSpecification","valueRequired":true,"valueName":"search_term_string"}}],"inLanguage":"de-CH"},{"@type":"Organization","@id":"https:\/\/teiaeducation.ch\/de\/#organization","name":"Teia Education & Play","url":"https:\/\/teiaeducation.ch\/de\/","logo":{"@type":"ImageObject","inLanguage":"de-CH","@id":"https:\/\/teiaeducation.ch\/de\/#\/schema\/logo\/image\/","url":"https:\/\/teiaeducation.ch\/wp-content\/uploads\/2020\/11\/Teia-Education-Switzerland-e1620156442216.jpg","contentUrl":"https:\/\/teiaeducation.ch\/wp-content\/uploads\/2020\/11\/Teia-Education-Switzerland-e1620156442216.jpg","width":166,"height":145,"caption":"Teia Education & Play"},"image":{"@id":"https:\/\/teiaeducation.ch\/de\/#\/schema\/logo\/image\/"},"sameAs":["https:\/\/www.facebook.com\/teiaeducation\/","https:\/\/x.com\/EducationTeia","https:\/\/www.instagram.com\/teia.education\/","https:\/\/www.linkedin.com\/company\/35501660","https:\/\/www.pinterest.ch\/TeiaEducation\/"]}]}},"_links":{"self":[{"href":"https:\/\/teiaeducation.ch\/de\/wp-json\/wp\/v2\/product\/60423","targetHints":{"allow":["GET"]}}],"collection":[{"href":"https:\/\/teiaeducation.ch\/de\/wp-json\/wp\/v2\/product"}],"about":[{"href":"https:\/\/teiaeducation.ch\/de\/wp-json\/wp\/v2\/types\/product"}],"replies":[{"embeddable":true,"href":"https:\/\/teiaeducation.ch\/de\/wp-json\/wp\/v2\/comments?post=60423"}],"wp:featuredmedia":[{"embeddable":true,"href":"https:\/\/teiaeducation.ch\/de\/wp-json\/wp\/v2\/media\/57923"}],"wp:attachment":[{"href":"https:\/\/teiaeducation.ch\/de\/wp-json\/wp\/v2\/media?parent=60423"}],"wp:term":[{"taxonomy":"product_brand","embeddable":true,"href":"https:\/\/teiaeducation.ch\/de\/wp-json\/wp\/v2\/product_brand?post=60423"},{"taxonomy":"product_cat","embeddable":true,"href":"https:\/\/teiaeducation.ch\/de\/wp-json\/wp\/v2\/product_cat?post=60423"},{"taxonomy":"product_tag","embeddable":true,"href":"https:\/\/teiaeducation.ch\/de\/wp-json\/wp\/v2\/product_tag?post=60423"}],"curies":[{"name":"wp","href":"https:\/\/api.w.org\/{rel}","templated":true}]}}