{"id":60428,"date":"2024-04-06T12:09:32","date_gmt":"2024-04-06T10:09:32","guid":{"rendered":"https:\/\/teiaeducation.ch\/product\/montessori-puzzlesatz-mit-einzelnen-figuren-educo\/"},"modified":"2024-09-17T09:09:50","modified_gmt":"2024-09-17T07:09:50","slug":"montessori-puzzlesatz-mit-einzelnen-figuren-educo","status":"publish","type":"product","link":"https:\/\/teiaeducation.ch\/de\/produkt\/montessori-puzzlesatz-mit-einzelnen-figuren-educo\/","title":{"rendered":"Montessori Puzzlesatz mit einzelnen Figuren &#8211; Educo"},"content":{"rendered":"<p>Der Montessori Puzzlesatz mit einzelnen Figuren Holzpuzzles aus dem <a href=\"https:\/\/teiaeducation.ch\/product-category\/brands\/educo\/montessori-toys-range-0-3-years\/\">Educo Montessori Lernspielzeug Sortiment<\/a> f\u00fcr Kinder im Alter von 0-3 Jahren ist inspiriert von dem <a href=\"https:\/\/teiaeducation.ch\/de\/produkt-kategorie\/unsere-marken\/nienhuis-montessori-schweiz\/\">Nienhuis Montessori<\/a> <a href=\"https:\/\/teiaeducation.ch\/product\/multiple-shape-puzzle-set-nienhuis-montessori\/\">Puzzlesatz mit kombinierten Figuren<\/a>.<\/p>\n<p>Das Puzzleset stellt drei verschiedene geometrische Formen dar und enth\u00e4lt drei unterschiedlich gro\u00dfe Kreise, ein Quadrat und ein gleichseitiges Dreieck in den Grundfarben Rot, Blau und Gelb. Die 5 verschiedenen Holzpuzzles sind in der rechteckigen Holzeinlegebrett austauschbar.<\/p>\n<p>Jedes der Puzzles bietet die perfekte Herausforderung f\u00fcr Ihr Kind. Die Arbeit mit ihnen f\u00f6rdert das r\u00e4umliche Vorstellungsverm\u00f6gen und die F\u00e4higkeit, <a href=\"https:\/\/teiaeducation.ch\/product-category\/learning-themes\/mathematics-numeracy\/size\/\">Gr\u00f6\u00dfe<\/a> und <a href=\"https:\/\/teiaeducation.ch\/product-category\/learning-themes\/mathematics-numeracy\/shapes\/\">Form<\/a> zu unterscheiden.<\/p>\n<p>Sie f\u00f6rdern auch die Hand-Augen-Koordination und die <a href=\"https:\/\/teiaeducation.ch\/product-category\/learning-themes\/sensory-motor-skills\/motor-skills\/\">Feinmotorik<\/a> des Kleinkindes und <span class=\"st\">legen den Grundstein f\u00fcr &#8220;Figur-Grund&#8221;-Konzepte wie das Lernen der <a href=\"https:\/\/teiaeducation.ch\/product-category\/learning-themes\/sensory-motor-skills\/learning-about-colour\/\">Grundfarben<\/a><\/span>.<\/p>\n<p>Der <a href=\"https:\/\/teiaeducation.ch\/de\/produkt-kategorie\/bildungsmethode\/montessori-paedagogik-material-spielzeug\/\">Montessori<\/a> Puzzlesatz mit einzelnen Figuren ist f\u00fcr Kinder im Alter von 11 bis 13 Monaten geeignet.<\/p>\n<p>Inhalt:<\/p>\n<p>1 Holzeinlegebrett<br \/>\n3 Blaue Kreise (in 3 Gr\u00f6\u00dfen) Holzpuzzles<br \/>\n1 Rotes Quadrat Holzpuzzle<br \/>\n1 Gelbes Dreieck Holzpuzzle<\/p>\n<h2>\u00dcber Educo<\/h2>\n<p>Die niederl\u00e4ndische Marke <a href=\"https:\/\/teiaeducation.ch\/product-category\/brands\/educo\/\">Educo<\/a> steht f\u00fcr eine bunte Welt des spielerischen <a href=\"https:\/\/teiaeducation.ch\/product-category\/learning-themes\/\">Lernens<\/a>, herausfordernde Lernspiele und Spielzeuge! Die hochwertigen und langlebigen Educo Produkte orientieren sich an Alltagssituationen und helfen Babys und Kindern, Spiele mit regul\u00e4ren Themen zu verbinden und den Lernprozess in eine Simulation ihrer nat\u00fcrlichen Umgebung zu verwandeln.<\/p>\n<p>Das Educo-Sortiment ist in drei Entwicklungsbereiche unterteilt: <a href=\"https:\/\/teiaeducation.ch\/product-category\/brands\/educo\/motor-play\/\">Motorik<\/a>, <a href=\"https:\/\/teiaeducation.ch\/product-category\/brands\/educo\/language-play\/\">Sprache<\/a> und <a href=\"https:\/\/teiaeducation.ch\/product-category\/brands\/educo\/mathematical-play\/\">Mathematik<\/a>. Im Jahr 2023 wurde ein umfassendes Sortiment an <a href=\"https:\/\/teiaeducation.ch\/product-category\/brands\/educo\/montessori-toys-range-0-3-years\/\">Montessori Spielzeug<\/a> f\u00fcr Kinder im Alter von 0 bis 3 Jahren eingef\u00fchrt, um das Wachstum und die Entwicklung der Kleinen bestm\u00f6glich zu f\u00f6rdern.<\/p>\n<p>Die aktiven, spielerischen Lernprodukte von Educo sind haupts\u00e4chlich aus Holz gefertigt und bestehen aus nachhaltigen Materialien wie Farben und Lacken auf Wasserbasis. Die <a href=\"https:\/\/teiaeducation.ch\/product-category\/hgh-quality-toys-play\/\">Spielzeuge<\/a> sind so konzipiert, dass sie \u00fcber viele Jahre hinweg robust verwendet werden k\u00f6nnen, spielerisches Lernen f\u00f6rdern und Kinder im Alter von 0-12 Jahren zu Wachstum und Erfolg inspirieren.<\/p>\n<p>Sie erf\u00fcllen die Anforderungen der verschiedenen europ\u00e4ischen und internationalen Sicherheitsvorschriften f\u00fcr Spielzeug und entsprechen der Richtlinie 2009\/48\/EG \u00fcber die Sicherheit von Spielzeug, einschlie\u00dflich EN81 und ASTM.<\/p>\n","protected":false},"excerpt":{"rendered":"<p>Artikelnummer: 900000203<\/p>\n<p>Das Puzzlesatz mit einzelnen Figuren Holzpuzzles aus dem Educo Montessori Lernspielzeug Sortiment stellt drei verschiedene geometrische Formen dar.<\/p>\n","protected":false},"featured_media":57884,"comment_status":"open","ping_status":"closed","template":"","meta":[],"product_brand":[],"product_cat":[25967,21444,21479,21599,21558,21550,21491,21484,21551,21707,21509,21537,21498,21481,22182,27058,21559,21443,21563,21494,21557,21678,21497,21482,21564],"product_tag":[29045,29041,27357,29046,27355,29043,29042,29038,29039,29040,29037,29036,29047,29048,29049,29044,27356,27358,26276,23549],"class_list":{"0":"post-60428","1":"product","2":"type-product","3":"status-publish","4":"has-post-thumbnail","6":"product_cat-0-12-monate-baby","7":"product_cat-1-3-jahre-kleinkind","8":"product_cat-lernmaterialien-spielzeug-montessori-waldorf-steiner-froebel","9":"product_cat-educo-de","10":"product_cat-farbe-lernen","11":"product_cat-formen","12":"product_cat-geschenk-guide-lerngeschenke","13":"product_cat-geschenk-guides","14":"product_cat-groesse","15":"product_cat-holzpuzzles","16":"product_cat-lernthemen","17":"product_cat-mathematik-rechnen","18":"product_cat-montessori-materialien-fuer-zuhause-schulbedarf-fuer-zuhause","19":"product_cat-montessori-paedagogik-material-spielzeug","20":"product_cat-montessori-spielzeug","21":"product_cat-montessori-spielzeug-0-3-jahre","22":"product_cat-motorische-fertigkeiten","23":"product_cat-nach-alter","24":"product_cat-neuheiten","25":"product_cat-schulbedarf-fuer-zuhause","26":"product_cat-sensorische-motorische-fertigkeiten","27":"product_cat-kinder-spielzeug","28":"product_cat-spielen-und-lernen-fuer-babys-kleinkinder","29":"product_cat-traditionelle-bildung","30":"product_cat-unsere-marken","31":"product_tag-educo-formenpuzzle-montessori","32":"product_tag-educo-montessori-puzzle-de","33":"product_tag-montessori-baby-spielzeug","34":"product_tag-montessori-baby-formenpuzzle","35":"product_tag-montessori-lernspielzeug","36":"product_tag-montessori-mein-erstes-formenpuzzle","37":"product_tag-montessori-mein-erstes-puzzle","38":"product_tag-montessori-puzzle-baby-de","39":"product_tag-montessori-puzzle-formen","40":"product_tag-montessori-puzzle-formen-fur-kleinkinder","41":"product_tag-montessori-puzzle-kleinkind","42":"product_tag-montessori-puzzles-de","43":"product_tag-montessori-puzzlesatz-mit-einzelnen-figuren","44":"product_tag-montessori-puzzlesatz-mit-einzelnen-figuren-de","45":"product_tag-montessori-puzzlesatz-mit-einzelnen-figuren-de-2","46":"product_tag-montessori-puzzlesatz-mit-einzelnen-figuren-educo","47":"product_tag-montessori-spielzeug-fur-kleinkinder-de","48":"product_tag-montessori-spielzeug-fur-kleinkinder-de-2","49":"product_tag-montessori-puzzle-klein-bis-gros","50":"product_tag-ubungen-des-praktischen-lebens-montessori","52":"first","53":"instock","54":"taxable","55":"shipping-taxable","56":"purchasable","57":"product-type-simple"},"yoast_head":"<!-- This site is optimized with the Yoast SEO plugin v27.1.1 - https:\/\/yoast.com\/product\/yoast-seo-wordpress\/ -->\n<title>Montessori Puzzlesatz mit einzelnen Figuren - Educo<\/title>\n<meta name=\"description\" content=\"Das Puzzlesatz mit einzelnen Figuren Holzpuzzles aus dem Educo Montessori Lernspielzeug Sortiment stellt drei verschiedene geometrische Formen dar.\" \/>\n<meta name=\"robots\" content=\"index, follow, max-snippet:-1, max-image-preview:large, max-video-preview:-1\" \/>\n<link rel=\"canonical\" href=\"https:\/\/teiaeducation.ch\/de\/produkt\/montessori-puzzlesatz-mit-einzelnen-figuren-educo\/\" \/>\n<meta property=\"og:locale\" content=\"de_DE\" \/>\n<meta property=\"og:type\" content=\"article\" \/>\n<meta property=\"og:title\" content=\"Montessori Puzzlesatz mit einzelnen Figuren - Educo\" \/>\n<meta property=\"og:description\" content=\"Das Puzzlesatz mit einzelnen Figuren Holzpuzzles aus dem Educo Montessori Lernspielzeug Sortiment stellt drei verschiedene geometrische Formen dar.\" \/>\n<meta property=\"og:url\" content=\"https:\/\/teiaeducation.ch\/de\/produkt\/montessori-puzzlesatz-mit-einzelnen-figuren-educo\/\" \/>\n<meta property=\"og:site_name\" content=\"Sustainable Educational Products &amp; Ecological Toys\u00a0\" \/>\n<meta property=\"article:publisher\" content=\"https:\/\/www.facebook.com\/teiaeducation\/\" \/>\n<meta property=\"article:modified_time\" content=\"2024-09-17T07:09:50+00:00\" \/>\n<meta property=\"og:image\" content=\"https:\/\/teiaeducation.ch\/wp-content\/uploads\/2023\/12\/Montessori-my-first-shape-baby-puzzles-Educo-1-scaled.jpg\" \/>\n\t<meta property=\"og:image:width\" content=\"2048\" \/>\n\t<meta property=\"og:image:height\" content=\"2048\" \/>\n\t<meta property=\"og:image:type\" content=\"image\/jpeg\" \/>\n<script type=\"application\/ld+json\" class=\"yoast-schema-graph\">{\"@context\":\"https:\/\/schema.org\",\"@graph\":[{\"@type\":\"WebPage\",\"@id\":\"https:\/\/teiaeducation.ch\/de\/produkt\/montessori-puzzlesatz-mit-einzelnen-figuren-educo\/\",\"url\":\"https:\/\/teiaeducation.ch\/de\/produkt\/montessori-puzzlesatz-mit-einzelnen-figuren-educo\/\",\"name\":\"Montessori Puzzlesatz mit einzelnen Figuren - Educo\",\"isPartOf\":{\"@id\":\"https:\/\/teiaeducation.ch\/de\/#website\"},\"primaryImageOfPage\":{\"@id\":\"https:\/\/teiaeducation.ch\/de\/produkt\/montessori-puzzlesatz-mit-einzelnen-figuren-educo\/#primaryimage\"},\"image\":{\"@id\":\"https:\/\/teiaeducation.ch\/de\/produkt\/montessori-puzzlesatz-mit-einzelnen-figuren-educo\/#primaryimage\"},\"thumbnailUrl\":\"https:\/\/teiaeducation.ch\/wp-content\/uploads\/2023\/12\/Montessori-my-first-shape-baby-puzzles-Educo-1-scaled.jpg\",\"datePublished\":\"2024-04-06T10:09:32+00:00\",\"dateModified\":\"2024-09-17T07:09:50+00:00\",\"description\":\"Das Puzzlesatz mit einzelnen Figuren Holzpuzzles aus dem Educo Montessori Lernspielzeug Sortiment stellt drei verschiedene geometrische Formen dar.\",\"breadcrumb\":{\"@id\":\"https:\/\/teiaeducation.ch\/de\/produkt\/montessori-puzzlesatz-mit-einzelnen-figuren-educo\/#breadcrumb\"},\"inLanguage\":\"de-CH\",\"potentialAction\":[{\"@type\":\"ReadAction\",\"target\":[\"https:\/\/teiaeducation.ch\/de\/produkt\/montessori-puzzlesatz-mit-einzelnen-figuren-educo\/\"]}]},{\"@type\":\"ImageObject\",\"inLanguage\":\"de-CH\",\"@id\":\"https:\/\/teiaeducation.ch\/de\/produkt\/montessori-puzzlesatz-mit-einzelnen-figuren-educo\/#primaryimage\",\"url\":\"https:\/\/teiaeducation.ch\/wp-content\/uploads\/2023\/12\/Montessori-my-first-shape-baby-puzzles-Educo-1-scaled.jpg\",\"contentUrl\":\"https:\/\/teiaeducation.ch\/wp-content\/uploads\/2023\/12\/Montessori-my-first-shape-baby-puzzles-Educo-1-scaled.jpg\",\"width\":2048,\"height\":2048,\"caption\":\"Montessori Puzzlesatz mit einzelnen Figuren Educo\"},{\"@type\":\"BreadcrumbList\",\"@id\":\"https:\/\/teiaeducation.ch\/de\/produkt\/montessori-puzzlesatz-mit-einzelnen-figuren-educo\/#breadcrumb\",\"itemListElement\":[{\"@type\":\"ListItem\",\"position\":1,\"name\":\"Home\",\"item\":\"https:\/\/teiaeducation.ch\/de\/\"},{\"@type\":\"ListItem\",\"position\":2,\"name\":\"Laden\",\"item\":\"https:\/\/teiaeducation.ch\/de\/shop\/\"},{\"@type\":\"ListItem\",\"position\":3,\"name\":\"Unsere Marken\",\"item\":\"https:\/\/teiaeducation.ch\/de\/produkt-kategorie\/unsere-marken\/\"},{\"@type\":\"ListItem\",\"position\":4,\"name\":\"Educo\",\"item\":\"https:\/\/teiaeducation.ch\/de\/produkt-kategorie\/unsere-marken\/educo-de\/\"},{\"@type\":\"ListItem\",\"position\":5,\"name\":\"Montessori Spielzeug 0-3 Jahre\",\"item\":\"https:\/\/teiaeducation.ch\/de\/produkt-kategorie\/unsere-marken\/educo-de\/montessori-spielzeug-0-3-jahre\/\"},{\"@type\":\"ListItem\",\"position\":6,\"name\":\"Montessori Puzzlesatz mit einzelnen Figuren &#8211; Educo\"}]},{\"@type\":\"WebSite\",\"@id\":\"https:\/\/teiaeducation.ch\/de\/#website\",\"url\":\"https:\/\/teiaeducation.ch\/de\/\",\"name\":\"Sustainable Educational Products &amp; Ecological Toys\u00a0\",\"description\":\"Specialised Swiss shop selling sustainable educational toys and games, AMI certified Montessori materials, handmade ecological wooden Waldorf toys and arts &amp; crafts supplies, school supplies, children&#039;s furniture and Montessori reference and parenting books.\",\"publisher\":{\"@id\":\"https:\/\/teiaeducation.ch\/de\/#organization\"},\"alternateName\":\"Teia Education & Play\",\"potentialAction\":[{\"@type\":\"SearchAction\",\"target\":{\"@type\":\"EntryPoint\",\"urlTemplate\":\"https:\/\/teiaeducation.ch\/de\/?s={search_term_string}\"},\"query-input\":{\"@type\":\"PropertyValueSpecification\",\"valueRequired\":true,\"valueName\":\"search_term_string\"}}],\"inLanguage\":\"de-CH\"},{\"@type\":\"Organization\",\"@id\":\"https:\/\/teiaeducation.ch\/de\/#organization\",\"name\":\"Teia Education & Play\",\"url\":\"https:\/\/teiaeducation.ch\/de\/\",\"logo\":{\"@type\":\"ImageObject\",\"inLanguage\":\"de-CH\",\"@id\":\"https:\/\/teiaeducation.ch\/de\/#\/schema\/logo\/image\/\",\"url\":\"https:\/\/teiaeducation.ch\/wp-content\/uploads\/2020\/11\/Teia-Education-Switzerland-e1620156442216.jpg\",\"contentUrl\":\"https:\/\/teiaeducation.ch\/wp-content\/uploads\/2020\/11\/Teia-Education-Switzerland-e1620156442216.jpg\",\"width\":166,\"height\":145,\"caption\":\"Teia Education & Play\"},\"image\":{\"@id\":\"https:\/\/teiaeducation.ch\/de\/#\/schema\/logo\/image\/\"},\"sameAs\":[\"https:\/\/www.facebook.com\/teiaeducation\/\",\"https:\/\/x.com\/EducationTeia\",\"https:\/\/www.instagram.com\/teia.education\/\",\"https:\/\/www.linkedin.com\/company\/35501660\",\"https:\/\/www.pinterest.ch\/TeiaEducation\/\"]}]}<\/script>\n<!-- \/ Yoast SEO plugin. -->","yoast_head_json":{"title":"Montessori Puzzlesatz mit einzelnen Figuren - Educo","description":"Das Puzzlesatz mit einzelnen Figuren Holzpuzzles aus dem Educo Montessori Lernspielzeug Sortiment stellt drei verschiedene geometrische Formen dar.","robots":{"index":"index","follow":"follow","max-snippet":"max-snippet:-1","max-image-preview":"max-image-preview:large","max-video-preview":"max-video-preview:-1"},"canonical":"https:\/\/teiaeducation.ch\/de\/produkt\/montessori-puzzlesatz-mit-einzelnen-figuren-educo\/","og_locale":"de_DE","og_type":"article","og_title":"Montessori Puzzlesatz mit einzelnen Figuren - Educo","og_description":"Das Puzzlesatz mit einzelnen Figuren Holzpuzzles aus dem Educo Montessori Lernspielzeug Sortiment stellt drei verschiedene geometrische Formen dar.","og_url":"https:\/\/teiaeducation.ch\/de\/produkt\/montessori-puzzlesatz-mit-einzelnen-figuren-educo\/","og_site_name":"Sustainable Educational Products &amp; Ecological Toys\u00a0","article_publisher":"https:\/\/www.facebook.com\/teiaeducation\/","article_modified_time":"2024-09-17T07:09:50+00:00","og_image":[{"width":2048,"height":2048,"url":"https:\/\/teiaeducation.ch\/wp-content\/uploads\/2023\/12\/Montessori-my-first-shape-baby-puzzles-Educo-1-scaled.jpg","type":"image\/jpeg"}],"schema":{"@context":"https:\/\/schema.org","@graph":[{"@type":"WebPage","@id":"https:\/\/teiaeducation.ch\/de\/produkt\/montessori-puzzlesatz-mit-einzelnen-figuren-educo\/","url":"https:\/\/teiaeducation.ch\/de\/produkt\/montessori-puzzlesatz-mit-einzelnen-figuren-educo\/","name":"Montessori Puzzlesatz mit einzelnen Figuren - Educo","isPartOf":{"@id":"https:\/\/teiaeducation.ch\/de\/#website"},"primaryImageOfPage":{"@id":"https:\/\/teiaeducation.ch\/de\/produkt\/montessori-puzzlesatz-mit-einzelnen-figuren-educo\/#primaryimage"},"image":{"@id":"https:\/\/teiaeducation.ch\/de\/produkt\/montessori-puzzlesatz-mit-einzelnen-figuren-educo\/#primaryimage"},"thumbnailUrl":"https:\/\/teiaeducation.ch\/wp-content\/uploads\/2023\/12\/Montessori-my-first-shape-baby-puzzles-Educo-1-scaled.jpg","datePublished":"2024-04-06T10:09:32+00:00","dateModified":"2024-09-17T07:09:50+00:00","description":"Das Puzzlesatz mit einzelnen Figuren Holzpuzzles aus dem Educo Montessori Lernspielzeug Sortiment stellt drei verschiedene geometrische Formen dar.","breadcrumb":{"@id":"https:\/\/teiaeducation.ch\/de\/produkt\/montessori-puzzlesatz-mit-einzelnen-figuren-educo\/#breadcrumb"},"inLanguage":"de-CH","potentialAction":[{"@type":"ReadAction","target":["https:\/\/teiaeducation.ch\/de\/produkt\/montessori-puzzlesatz-mit-einzelnen-figuren-educo\/"]}]},{"@type":"ImageObject","inLanguage":"de-CH","@id":"https:\/\/teiaeducation.ch\/de\/produkt\/montessori-puzzlesatz-mit-einzelnen-figuren-educo\/#primaryimage","url":"https:\/\/teiaeducation.ch\/wp-content\/uploads\/2023\/12\/Montessori-my-first-shape-baby-puzzles-Educo-1-scaled.jpg","contentUrl":"https:\/\/teiaeducation.ch\/wp-content\/uploads\/2023\/12\/Montessori-my-first-shape-baby-puzzles-Educo-1-scaled.jpg","width":2048,"height":2048,"caption":"Montessori Puzzlesatz mit einzelnen Figuren Educo"},{"@type":"BreadcrumbList","@id":"https:\/\/teiaeducation.ch\/de\/produkt\/montessori-puzzlesatz-mit-einzelnen-figuren-educo\/#breadcrumb","itemListElement":[{"@type":"ListItem","position":1,"name":"Home","item":"https:\/\/teiaeducation.ch\/de\/"},{"@type":"ListItem","position":2,"name":"Laden","item":"https:\/\/teiaeducation.ch\/de\/shop\/"},{"@type":"ListItem","position":3,"name":"Unsere Marken","item":"https:\/\/teiaeducation.ch\/de\/produkt-kategorie\/unsere-marken\/"},{"@type":"ListItem","position":4,"name":"Educo","item":"https:\/\/teiaeducation.ch\/de\/produkt-kategorie\/unsere-marken\/educo-de\/"},{"@type":"ListItem","position":5,"name":"Montessori Spielzeug 0-3 Jahre","item":"https:\/\/teiaeducation.ch\/de\/produkt-kategorie\/unsere-marken\/educo-de\/montessori-spielzeug-0-3-jahre\/"},{"@type":"ListItem","position":6,"name":"Montessori Puzzlesatz mit einzelnen Figuren &#8211; Educo"}]},{"@type":"WebSite","@id":"https:\/\/teiaeducation.ch\/de\/#website","url":"https:\/\/teiaeducation.ch\/de\/","name":"Sustainable Educational Products &amp; Ecological Toys\u00a0","description":"Specialised Swiss shop selling sustainable educational toys and games, AMI certified Montessori materials, handmade ecological wooden Waldorf toys and arts &amp; crafts supplies, school supplies, children&#039;s furniture and Montessori reference and parenting books.","publisher":{"@id":"https:\/\/teiaeducation.ch\/de\/#organization"},"alternateName":"Teia Education & Play","potentialAction":[{"@type":"SearchAction","target":{"@type":"EntryPoint","urlTemplate":"https:\/\/teiaeducation.ch\/de\/?s={search_term_string}"},"query-input":{"@type":"PropertyValueSpecification","valueRequired":true,"valueName":"search_term_string"}}],"inLanguage":"de-CH"},{"@type":"Organization","@id":"https:\/\/teiaeducation.ch\/de\/#organization","name":"Teia Education & Play","url":"https:\/\/teiaeducation.ch\/de\/","logo":{"@type":"ImageObject","inLanguage":"de-CH","@id":"https:\/\/teiaeducation.ch\/de\/#\/schema\/logo\/image\/","url":"https:\/\/teiaeducation.ch\/wp-content\/uploads\/2020\/11\/Teia-Education-Switzerland-e1620156442216.jpg","contentUrl":"https:\/\/teiaeducation.ch\/wp-content\/uploads\/2020\/11\/Teia-Education-Switzerland-e1620156442216.jpg","width":166,"height":145,"caption":"Teia Education & Play"},"image":{"@id":"https:\/\/teiaeducation.ch\/de\/#\/schema\/logo\/image\/"},"sameAs":["https:\/\/www.facebook.com\/teiaeducation\/","https:\/\/x.com\/EducationTeia","https:\/\/www.instagram.com\/teia.education\/","https:\/\/www.linkedin.com\/company\/35501660","https:\/\/www.pinterest.ch\/TeiaEducation\/"]}]}},"_links":{"self":[{"href":"https:\/\/teiaeducation.ch\/de\/wp-json\/wp\/v2\/product\/60428","targetHints":{"allow":["GET"]}}],"collection":[{"href":"https:\/\/teiaeducation.ch\/de\/wp-json\/wp\/v2\/product"}],"about":[{"href":"https:\/\/teiaeducation.ch\/de\/wp-json\/wp\/v2\/types\/product"}],"replies":[{"embeddable":true,"href":"https:\/\/teiaeducation.ch\/de\/wp-json\/wp\/v2\/comments?post=60428"}],"wp:featuredmedia":[{"embeddable":true,"href":"https:\/\/teiaeducation.ch\/de\/wp-json\/wp\/v2\/media\/57884"}],"wp:attachment":[{"href":"https:\/\/teiaeducation.ch\/de\/wp-json\/wp\/v2\/media?parent=60428"}],"wp:term":[{"taxonomy":"product_brand","embeddable":true,"href":"https:\/\/teiaeducation.ch\/de\/wp-json\/wp\/v2\/product_brand?post=60428"},{"taxonomy":"product_cat","embeddable":true,"href":"https:\/\/teiaeducation.ch\/de\/wp-json\/wp\/v2\/product_cat?post=60428"},{"taxonomy":"product_tag","embeddable":true,"href":"https:\/\/teiaeducation.ch\/de\/wp-json\/wp\/v2\/product_tag?post=60428"}],"curies":[{"name":"wp","href":"https:\/\/api.w.org\/{rel}","templated":true}]}}