{"id":60430,"date":"2024-04-06T12:16:27","date_gmt":"2024-04-06T10:16:27","guid":{"rendered":"https:\/\/teiaeducation.ch\/product\/montessori-anziehrahmen-fuer-kleinkinder-3er-set-educo\/"},"modified":"2024-11-15T16:58:46","modified_gmt":"2024-11-15T15:58:46","slug":"montessori-anziehrahmen-fuer-kleinkinder-3er-set-educo","status":"publish","type":"product","link":"https:\/\/teiaeducation.ch\/de\/produkt\/montessori-anziehrahmen-fuer-kleinkinder-3er-set-educo\/","title":{"rendered":"Montessori Anziehrahmen f\u00fcr Kleinkinder (3er-Set) &#8211; Educo"},"content":{"rendered":"<p>Die Montessori Anziehrahmen aus dem Educo Montessori Spielzeugsortiment f\u00fcr Kleinkinder im Alter von 0-3 Jahren sind perfekt, um zu lernen, verschiedene Kleidungsst\u00fccke zu befestigen und sich folglich selbst zu versorgen!<\/p>\n<p>Dieses Set enth\u00e4lt drei Anziehrahmen, die auf den Anziehrahmen aus dem <a href=\"https:\/\/teiaeducation.ch\/product-category\/brands\/nienhuis-montessori-educational-materials\/practical-life\/\">Nienhuis Montessori-Sortiment f\u00fcr das praktische Leben<\/a> basieren: Rei\u00dfverschluss, gro\u00dfer Knopf und Klettverschluss.<\/p>\n<p>Sie sind aus Buchenholz gefertigt und mit strapazierf\u00e4higem, sicher befestigtem Textil versehen, das f\u00fcr eine gute Verarbeitbarkeit und Langlebigkeit sorgt.<\/p>\n<p>Die Arbeit mit den Anziehrahmen f\u00f6rdert die Koordination, die <a href=\"https:\/\/teiaeducation.ch\/product-category\/learning-themes\/sensory-motor-skills\/motor-skills\/\">Feinmotorik<\/a>, die Konzentrationsf\u00e4higkeit und bereitet das Kind auf die Selbst\u00e4ndigkeit vor.<\/p>\n<p>Die Educo Montessori Anziehrahmen sind f\u00fcr Kleininder im Alter von 2 bis 3 Jahren geeignet.<\/p>\n<p>Inhalt:<\/p>\n<p>3 Anziehrahmen<\/p>\n<h2>\u00dcber Educo<\/h2>\n<p>Die niederl\u00e4ndische Marke <a href=\"https:\/\/teiaeducation.ch\/product-category\/brands\/educo\/\">Educo<\/a> steht f\u00fcr eine bunte Welt des spielerischen <a href=\"https:\/\/teiaeducation.ch\/product-category\/learning-themes\/\">Lernens<\/a>, herausfordernde Lernspiele und Spielzeuge! Die hochwertigen und langlebigen Educo Produkte orientieren sich an Alltagssituationen und helfen Babys und Kindern, Spiele mit regul\u00e4ren Themen zu verbinden und den Lernprozess in eine Simulation ihrer nat\u00fcrlichen Umgebung zu verwandeln.<\/p>\n<p>Das Educo-Sortiment ist in drei Entwicklungsbereiche unterteilt: <a href=\"https:\/\/teiaeducation.ch\/product-category\/brands\/educo\/motor-play\/\">Motorik<\/a>, <a href=\"https:\/\/teiaeducation.ch\/product-category\/brands\/educo\/language-play\/\">Sprache<\/a> und <a href=\"https:\/\/teiaeducation.ch\/product-category\/brands\/educo\/mathematical-play\/\">Mathematik<\/a>. Im Jahr 2023 wurde ein umfassendes Sortiment an <a href=\"https:\/\/teiaeducation.ch\/product-category\/brands\/educo\/montessori-toys-range-0-3-years\/\">Montessori Spielzeug<\/a> f\u00fcr Kinder im Alter von 0 bis 3 Jahren eingef\u00fchrt, um das Wachstum und die Entwicklung der Kleinen bestm\u00f6glich zu f\u00f6rdern.<\/p>\n<p>Die aktiven, spielerischen Lernprodukte von Educo sind haupts\u00e4chlich aus Holz gefertigt und bestehen aus nachhaltigen Materialien wie Farben und Lacken auf Wasserbasis. Die <a href=\"https:\/\/teiaeducation.ch\/product-category\/hgh-quality-toys-play\/\">Spielzeuge<\/a> sind so konzipiert, dass sie \u00fcber viele Jahre hinweg robust verwendet werden k\u00f6nnen, spielerisches Lernen f\u00f6rdern und Kinder im Alter von 0-12 Jahren zu Wachstum und Erfolg inspirieren.<\/p>\n<p>Sie erf\u00fcllen die Anforderungen der verschiedenen europ\u00e4ischen und internationalen Sicherheitsvorschriften f\u00fcr Spielzeug und entsprechen der Richtlinie 2009\/48\/EG \u00fcber die Sicherheit von Spielzeug, einschlie\u00dflich EN81 und ASTM.<\/p>\n","protected":false},"excerpt":{"rendered":"<p>Item number: 900000210<\/p>\n<p>Das Educo Set mit 3 Montessori Anziehrahmen bereitet das Kleinkind auf das Anziehen, die Selbstpflege und die Selbstst\u00e4ndigkeit vor!<\/p>\n","protected":false},"featured_media":57869,"comment_status":"open","ping_status":"closed","template":"","meta":[],"product_brand":[],"product_cat":[21444,21479,21599,21509,21498,21481,22182,27058,21559,21443,21563,21494,21557,21678,21497,21685,21482,21556,21564],"product_tag":[29051,29054,29050,29052,29053,27355,23549],"class_list":{"0":"post-60430","1":"product","2":"type-product","3":"status-publish","4":"has-post-thumbnail","6":"product_cat-1-3-jahre-kleinkind","7":"product_cat-lernmaterialien-spielzeug-montessori-waldorf-steiner-froebel","8":"product_cat-educo-de","9":"product_cat-lernthemen","10":"product_cat-montessori-materialien-fuer-zuhause-schulbedarf-fuer-zuhause","11":"product_cat-montessori-paedagogik-material-spielzeug","12":"product_cat-montessori-spielzeug","13":"product_cat-montessori-spielzeug-0-3-jahre","14":"product_cat-motorische-fertigkeiten","15":"product_cat-nach-alter","16":"product_cat-neuheiten","17":"product_cat-schulbedarf-fuer-zuhause","18":"product_cat-sensorische-motorische-fertigkeiten","19":"product_cat-kinder-spielzeug","20":"product_cat-spielen-und-lernen-fuer-babys-kleinkinder","21":"product_cat-stoffspielzeug","22":"product_cat-traditionelle-bildung","23":"product_cat-uebungen-des-praktischen-lebens","24":"product_cat-unsere-marken","25":"product_tag-educo-anziehrahmen-montessori","26":"product_tag-montessori-ankleiderahmen-knopfe","27":"product_tag-montessori-anziehrahmen-fur-kleinkinder-educo","28":"product_tag-montessori-anziehrahmen-klettverschluss","29":"product_tag-montessori-anziehrahmen-reisverschluss","30":"product_tag-montessori-lernspielzeug","31":"product_tag-ubungen-des-praktischen-lebens-montessori","33":"first","34":"instock","35":"taxable","36":"shipping-taxable","37":"purchasable","38":"product-type-simple"},"yoast_head":"<!-- This site is optimized with the Yoast SEO Premium plugin v25.8 (Yoast SEO v27.4) - https:\/\/yoast.com\/product\/yoast-seo-premium-wordpress\/ -->\n<title>Montessori Anziehrahmen f\u00fcr Kleinkinder - Educo<\/title>\n<meta name=\"description\" content=\"Das Educo Set mit 3 Montessori Anziehrahmen bereitet das Kleinkind auf das Anziehen, die Selbstpflege und die Selbstst\u00e4ndigkeit vor\" \/>\n<meta name=\"robots\" content=\"index, follow, max-snippet:-1, max-image-preview:large, max-video-preview:-1\" \/>\n<link rel=\"canonical\" href=\"https:\/\/teiaeducation.ch\/de\/produkt\/montessori-anziehrahmen-fuer-kleinkinder-3er-set-educo\/\" \/>\n<meta property=\"og:locale\" content=\"de_DE\" \/>\n<meta property=\"og:type\" content=\"article\" \/>\n<meta property=\"og:title\" content=\"Montessori Anziehrahmen f\u00fcr Kleinkinder (3er-Set) - Educo\" \/>\n<meta property=\"og:description\" content=\"Das Educo Set mit 3 Montessori Anziehrahmen bereitet das Kleinkind auf das Anziehen, die Selbstpflege und die Selbstst\u00e4ndigkeit vor\" \/>\n<meta property=\"og:url\" content=\"https:\/\/teiaeducation.ch\/de\/produkt\/montessori-anziehrahmen-fuer-kleinkinder-3er-set-educo\/\" \/>\n<meta property=\"og:site_name\" content=\"Sustainable Educational Products &amp; Ecological Toys\u00a0\" \/>\n<meta property=\"article:publisher\" content=\"https:\/\/www.facebook.com\/teiaeducation\/\" \/>\n<meta property=\"article:modified_time\" content=\"2024-11-15T15:58:46+00:00\" \/>\n<meta property=\"og:image\" content=\"https:\/\/teiaeducation.ch\/wp-content\/uploads\/2023\/12\/Montessori-dressing-frames-Educo--scaled.jpg\" \/>\n\t<meta property=\"og:image:width\" content=\"2048\" \/>\n\t<meta property=\"og:image:height\" content=\"2048\" \/>\n\t<meta property=\"og:image:type\" content=\"image\/jpeg\" \/>\n<script type=\"application\/ld+json\" class=\"yoast-schema-graph\">{\"@context\":\"https:\\\/\\\/schema.org\",\"@graph\":[{\"@type\":\"WebPage\",\"@id\":\"https:\\\/\\\/teiaeducation.ch\\\/de\\\/produkt\\\/montessori-anziehrahmen-fuer-kleinkinder-3er-set-educo\\\/\",\"url\":\"https:\\\/\\\/teiaeducation.ch\\\/de\\\/produkt\\\/montessori-anziehrahmen-fuer-kleinkinder-3er-set-educo\\\/\",\"name\":\"Montessori Anziehrahmen f\u00fcr Kleinkinder - Educo\",\"isPartOf\":{\"@id\":\"https:\\\/\\\/teiaeducation.ch\\\/de\\\/#website\"},\"primaryImageOfPage\":{\"@id\":\"https:\\\/\\\/teiaeducation.ch\\\/de\\\/produkt\\\/montessori-anziehrahmen-fuer-kleinkinder-3er-set-educo\\\/#primaryimage\"},\"image\":{\"@id\":\"https:\\\/\\\/teiaeducation.ch\\\/de\\\/produkt\\\/montessori-anziehrahmen-fuer-kleinkinder-3er-set-educo\\\/#primaryimage\"},\"thumbnailUrl\":\"https:\\\/\\\/teiaeducation.ch\\\/wp-content\\\/uploads\\\/2023\\\/12\\\/Montessori-dressing-frames-Educo--scaled.jpg\",\"datePublished\":\"2024-04-06T10:16:27+00:00\",\"dateModified\":\"2024-11-15T15:58:46+00:00\",\"description\":\"Das Educo Set mit 3 Montessori Anziehrahmen bereitet das Kleinkind auf das Anziehen, die Selbstpflege und die Selbstst\u00e4ndigkeit vor\",\"breadcrumb\":{\"@id\":\"https:\\\/\\\/teiaeducation.ch\\\/de\\\/produkt\\\/montessori-anziehrahmen-fuer-kleinkinder-3er-set-educo\\\/#breadcrumb\"},\"inLanguage\":\"de-CH\",\"potentialAction\":[{\"@type\":\"ReadAction\",\"target\":[\"https:\\\/\\\/teiaeducation.ch\\\/de\\\/produkt\\\/montessori-anziehrahmen-fuer-kleinkinder-3er-set-educo\\\/\"]}]},{\"@type\":\"ImageObject\",\"inLanguage\":\"de-CH\",\"@id\":\"https:\\\/\\\/teiaeducation.ch\\\/de\\\/produkt\\\/montessori-anziehrahmen-fuer-kleinkinder-3er-set-educo\\\/#primaryimage\",\"url\":\"https:\\\/\\\/teiaeducation.ch\\\/wp-content\\\/uploads\\\/2023\\\/12\\\/Montessori-dressing-frames-Educo--scaled.jpg\",\"contentUrl\":\"https:\\\/\\\/teiaeducation.ch\\\/wp-content\\\/uploads\\\/2023\\\/12\\\/Montessori-dressing-frames-Educo--scaled.jpg\",\"width\":2048,\"height\":2048,\"caption\":\"Montessori Anziehrahmen Anziehen Educo\"},{\"@type\":\"BreadcrumbList\",\"@id\":\"https:\\\/\\\/teiaeducation.ch\\\/de\\\/produkt\\\/montessori-anziehrahmen-fuer-kleinkinder-3er-set-educo\\\/#breadcrumb\",\"itemListElement\":[{\"@type\":\"ListItem\",\"position\":1,\"name\":\"Home\",\"item\":\"https:\\\/\\\/teiaeducation.ch\\\/de\\\/\"},{\"@type\":\"ListItem\",\"position\":2,\"name\":\"Laden\",\"item\":\"https:\\\/\\\/teiaeducation.ch\\\/de\\\/shop\\\/\"},{\"@type\":\"ListItem\",\"position\":3,\"name\":\"Unsere Marken\",\"item\":\"https:\\\/\\\/teiaeducation.ch\\\/de\\\/produkt-kategorie\\\/unsere-marken\\\/\"},{\"@type\":\"ListItem\",\"position\":4,\"name\":\"Educo\",\"item\":\"https:\\\/\\\/teiaeducation.ch\\\/de\\\/produkt-kategorie\\\/unsere-marken\\\/educo-de\\\/\"},{\"@type\":\"ListItem\",\"position\":5,\"name\":\"Montessori Spielzeug 0-3 Jahre\",\"item\":\"https:\\\/\\\/teiaeducation.ch\\\/de\\\/produkt-kategorie\\\/unsere-marken\\\/educo-de\\\/montessori-spielzeug-0-3-jahre\\\/\"},{\"@type\":\"ListItem\",\"position\":6,\"name\":\"Montessori Anziehrahmen f\u00fcr Kleinkinder (3er-Set) &#8211; Educo\"}]},{\"@type\":\"WebSite\",\"@id\":\"https:\\\/\\\/teiaeducation.ch\\\/de\\\/#website\",\"url\":\"https:\\\/\\\/teiaeducation.ch\\\/de\\\/\",\"name\":\"Sustainable Educational Products &amp; Ecological Toys\u00a0\",\"description\":\"Specialised Swiss shop selling sustainable educational toys and games, AMI certified Montessori materials, handmade ecological wooden Waldorf toys and arts &amp; crafts supplies, school supplies, children&#039;s furniture and Montessori reference and parenting books.\",\"publisher\":{\"@id\":\"https:\\\/\\\/teiaeducation.ch\\\/de\\\/#organization\"},\"alternateName\":\"Teia Education & Play\",\"potentialAction\":[{\"@type\":\"SearchAction\",\"target\":{\"@type\":\"EntryPoint\",\"urlTemplate\":\"https:\\\/\\\/teiaeducation.ch\\\/de\\\/?s={search_term_string}\"},\"query-input\":{\"@type\":\"PropertyValueSpecification\",\"valueRequired\":true,\"valueName\":\"search_term_string\"}}],\"inLanguage\":\"de-CH\"},{\"@type\":\"Organization\",\"@id\":\"https:\\\/\\\/teiaeducation.ch\\\/de\\\/#organization\",\"name\":\"Teia Education & Play\",\"url\":\"https:\\\/\\\/teiaeducation.ch\\\/de\\\/\",\"logo\":{\"@type\":\"ImageObject\",\"inLanguage\":\"de-CH\",\"@id\":\"https:\\\/\\\/teiaeducation.ch\\\/de\\\/#\\\/schema\\\/logo\\\/image\\\/\",\"url\":\"https:\\\/\\\/teiaeducation.ch\\\/wp-content\\\/uploads\\\/2020\\\/11\\\/Teia-Education-Switzerland-e1620156442216.jpg\",\"contentUrl\":\"https:\\\/\\\/teiaeducation.ch\\\/wp-content\\\/uploads\\\/2020\\\/11\\\/Teia-Education-Switzerland-e1620156442216.jpg\",\"width\":166,\"height\":145,\"caption\":\"Teia Education & Play\"},\"image\":{\"@id\":\"https:\\\/\\\/teiaeducation.ch\\\/de\\\/#\\\/schema\\\/logo\\\/image\\\/\"},\"sameAs\":[\"https:\\\/\\\/www.facebook.com\\\/teiaeducation\\\/\",\"https:\\\/\\\/x.com\\\/EducationTeia\",\"https:\\\/\\\/www.instagram.com\\\/teia.education\\\/\",\"https:\\\/\\\/www.linkedin.com\\\/company\\\/35501660\",\"https:\\\/\\\/www.pinterest.ch\\\/TeiaEducation\\\/\"]}]}<\/script>\n<meta property=\"product:price:amount\" content=\"93.90\" \/>\n<meta property=\"product:price:currency\" content=\"CHF\" \/>\n<meta property=\"og:availability\" content=\"instock\" \/>\n<meta property=\"product:availability\" content=\"instock\" \/>\n<meta property=\"product:condition\" content=\"new\" \/>\n<!-- \/ Yoast SEO Premium plugin. -->","yoast_head_json":{"title":"Montessori Anziehrahmen f\u00fcr Kleinkinder - Educo","description":"Das Educo Set mit 3 Montessori Anziehrahmen bereitet das Kleinkind auf das Anziehen, die Selbstpflege und die Selbstst\u00e4ndigkeit vor","robots":{"index":"index","follow":"follow","max-snippet":"max-snippet:-1","max-image-preview":"max-image-preview:large","max-video-preview":"max-video-preview:-1"},"canonical":"https:\/\/teiaeducation.ch\/de\/produkt\/montessori-anziehrahmen-fuer-kleinkinder-3er-set-educo\/","og_locale":"de_DE","og_type":"article","og_title":"Montessori Anziehrahmen f\u00fcr Kleinkinder (3er-Set) - Educo","og_description":"Das Educo Set mit 3 Montessori Anziehrahmen bereitet das Kleinkind auf das Anziehen, die Selbstpflege und die Selbstst\u00e4ndigkeit vor","og_url":"https:\/\/teiaeducation.ch\/de\/produkt\/montessori-anziehrahmen-fuer-kleinkinder-3er-set-educo\/","og_site_name":"Sustainable Educational Products &amp; Ecological Toys\u00a0","article_publisher":"https:\/\/www.facebook.com\/teiaeducation\/","article_modified_time":"2024-11-15T15:58:46+00:00","og_image":[{"width":2048,"height":2048,"url":"https:\/\/teiaeducation.ch\/wp-content\/uploads\/2023\/12\/Montessori-dressing-frames-Educo--scaled.jpg","type":"image\/jpeg"}],"schema":{"@context":"https:\/\/schema.org","@graph":[{"@type":"WebPage","@id":"https:\/\/teiaeducation.ch\/de\/produkt\/montessori-anziehrahmen-fuer-kleinkinder-3er-set-educo\/","url":"https:\/\/teiaeducation.ch\/de\/produkt\/montessori-anziehrahmen-fuer-kleinkinder-3er-set-educo\/","name":"Montessori Anziehrahmen f\u00fcr Kleinkinder - Educo","isPartOf":{"@id":"https:\/\/teiaeducation.ch\/de\/#website"},"primaryImageOfPage":{"@id":"https:\/\/teiaeducation.ch\/de\/produkt\/montessori-anziehrahmen-fuer-kleinkinder-3er-set-educo\/#primaryimage"},"image":{"@id":"https:\/\/teiaeducation.ch\/de\/produkt\/montessori-anziehrahmen-fuer-kleinkinder-3er-set-educo\/#primaryimage"},"thumbnailUrl":"https:\/\/teiaeducation.ch\/wp-content\/uploads\/2023\/12\/Montessori-dressing-frames-Educo--scaled.jpg","datePublished":"2024-04-06T10:16:27+00:00","dateModified":"2024-11-15T15:58:46+00:00","description":"Das Educo Set mit 3 Montessori Anziehrahmen bereitet das Kleinkind auf das Anziehen, die Selbstpflege und die Selbstst\u00e4ndigkeit vor","breadcrumb":{"@id":"https:\/\/teiaeducation.ch\/de\/produkt\/montessori-anziehrahmen-fuer-kleinkinder-3er-set-educo\/#breadcrumb"},"inLanguage":"de-CH","potentialAction":[{"@type":"ReadAction","target":["https:\/\/teiaeducation.ch\/de\/produkt\/montessori-anziehrahmen-fuer-kleinkinder-3er-set-educo\/"]}]},{"@type":"ImageObject","inLanguage":"de-CH","@id":"https:\/\/teiaeducation.ch\/de\/produkt\/montessori-anziehrahmen-fuer-kleinkinder-3er-set-educo\/#primaryimage","url":"https:\/\/teiaeducation.ch\/wp-content\/uploads\/2023\/12\/Montessori-dressing-frames-Educo--scaled.jpg","contentUrl":"https:\/\/teiaeducation.ch\/wp-content\/uploads\/2023\/12\/Montessori-dressing-frames-Educo--scaled.jpg","width":2048,"height":2048,"caption":"Montessori Anziehrahmen Anziehen Educo"},{"@type":"BreadcrumbList","@id":"https:\/\/teiaeducation.ch\/de\/produkt\/montessori-anziehrahmen-fuer-kleinkinder-3er-set-educo\/#breadcrumb","itemListElement":[{"@type":"ListItem","position":1,"name":"Home","item":"https:\/\/teiaeducation.ch\/de\/"},{"@type":"ListItem","position":2,"name":"Laden","item":"https:\/\/teiaeducation.ch\/de\/shop\/"},{"@type":"ListItem","position":3,"name":"Unsere Marken","item":"https:\/\/teiaeducation.ch\/de\/produkt-kategorie\/unsere-marken\/"},{"@type":"ListItem","position":4,"name":"Educo","item":"https:\/\/teiaeducation.ch\/de\/produkt-kategorie\/unsere-marken\/educo-de\/"},{"@type":"ListItem","position":5,"name":"Montessori Spielzeug 0-3 Jahre","item":"https:\/\/teiaeducation.ch\/de\/produkt-kategorie\/unsere-marken\/educo-de\/montessori-spielzeug-0-3-jahre\/"},{"@type":"ListItem","position":6,"name":"Montessori Anziehrahmen f\u00fcr Kleinkinder (3er-Set) &#8211; Educo"}]},{"@type":"WebSite","@id":"https:\/\/teiaeducation.ch\/de\/#website","url":"https:\/\/teiaeducation.ch\/de\/","name":"Sustainable Educational Products &amp; Ecological Toys\u00a0","description":"Specialised Swiss shop selling sustainable educational toys and games, AMI certified Montessori materials, handmade ecological wooden Waldorf toys and arts &amp; crafts supplies, school supplies, children&#039;s furniture and Montessori reference and parenting books.","publisher":{"@id":"https:\/\/teiaeducation.ch\/de\/#organization"},"alternateName":"Teia Education & Play","potentialAction":[{"@type":"SearchAction","target":{"@type":"EntryPoint","urlTemplate":"https:\/\/teiaeducation.ch\/de\/?s={search_term_string}"},"query-input":{"@type":"PropertyValueSpecification","valueRequired":true,"valueName":"search_term_string"}}],"inLanguage":"de-CH"},{"@type":"Organization","@id":"https:\/\/teiaeducation.ch\/de\/#organization","name":"Teia Education & Play","url":"https:\/\/teiaeducation.ch\/de\/","logo":{"@type":"ImageObject","inLanguage":"de-CH","@id":"https:\/\/teiaeducation.ch\/de\/#\/schema\/logo\/image\/","url":"https:\/\/teiaeducation.ch\/wp-content\/uploads\/2020\/11\/Teia-Education-Switzerland-e1620156442216.jpg","contentUrl":"https:\/\/teiaeducation.ch\/wp-content\/uploads\/2020\/11\/Teia-Education-Switzerland-e1620156442216.jpg","width":166,"height":145,"caption":"Teia Education & Play"},"image":{"@id":"https:\/\/teiaeducation.ch\/de\/#\/schema\/logo\/image\/"},"sameAs":["https:\/\/www.facebook.com\/teiaeducation\/","https:\/\/x.com\/EducationTeia","https:\/\/www.instagram.com\/teia.education\/","https:\/\/www.linkedin.com\/company\/35501660","https:\/\/www.pinterest.ch\/TeiaEducation\/"]}]},"product_price_amount":"93.90","product_price_currency":"CHF","og_availability":"instock","product_availability":"instock","product_condition":"new"},"_links":{"self":[{"href":"https:\/\/teiaeducation.ch\/de\/wp-json\/wp\/v2\/product\/60430","targetHints":{"allow":["GET"]}}],"collection":[{"href":"https:\/\/teiaeducation.ch\/de\/wp-json\/wp\/v2\/product"}],"about":[{"href":"https:\/\/teiaeducation.ch\/de\/wp-json\/wp\/v2\/types\/product"}],"replies":[{"embeddable":true,"href":"https:\/\/teiaeducation.ch\/de\/wp-json\/wp\/v2\/comments?post=60430"}],"wp:featuredmedia":[{"embeddable":true,"href":"https:\/\/teiaeducation.ch\/de\/wp-json\/wp\/v2\/media\/57869"}],"wp:attachment":[{"href":"https:\/\/teiaeducation.ch\/de\/wp-json\/wp\/v2\/media?parent=60430"}],"wp:term":[{"taxonomy":"product_brand","embeddable":true,"href":"https:\/\/teiaeducation.ch\/de\/wp-json\/wp\/v2\/product_brand?post=60430"},{"taxonomy":"product_cat","embeddable":true,"href":"https:\/\/teiaeducation.ch\/de\/wp-json\/wp\/v2\/product_cat?post=60430"},{"taxonomy":"product_tag","embeddable":true,"href":"https:\/\/teiaeducation.ch\/de\/wp-json\/wp\/v2\/product_tag?post=60430"}],"curies":[{"name":"wp","href":"https:\/\/api.w.org\/{rel}","templated":true}]}}