{"id":60456,"date":"2021-06-28T14:23:12","date_gmt":"2021-06-28T12:23:12","guid":{"rendered":"https:\/\/teiaeducation.ch\/product\/malpinsel-fuer-kleinkinder-1-stueck-arts-crafts\/"},"modified":"2026-02-01T16:46:40","modified_gmt":"2026-02-01T15:46:40","slug":"malpinsel-fuer-kleinkinder-1-stueck-arts-crafts","status":"publish","type":"product","link":"https:\/\/teiaeducation.ch\/de\/produkt\/malpinsel-fuer-kleinkinder-1-stueck-arts-crafts\/","title":{"rendered":"Malpinsel f\u00fcr Kleinkinder (1 St\u00fcck) &#8211; Arts &amp; Crafts"},"content":{"rendered":"<p>Dieser Arts &amp; Crafts Pinsel f\u00fcr Kleinkinder wurde speziell entwickelt, um das Malen f\u00fcr kleine Kinderh\u00e4nde zu erleichtern.<\/p>\n<p>Der <a href=\"https:\/\/teiaeducation.ch\/product-category\/creative-art-craft\/painting\/\">Pinsel<\/a> f\u00fcr Kleinkinder hat mit 17 cm genau die richtige Gr\u00f6\u00dfe, um von kleinen Kindern benutzt und kontrolliert zu werden. Sie hat einen sch\u00f6n geformten Holzgriff, der das Greifen erleichtert, und einen sch\u00f6nen, klobigen B\u00fcrstenkopf. Er ist in verschiedenen leuchtenden Farben erh\u00e4ltlich: Rot, Gelb, Gr\u00fcn und Blau.<\/p>\n<p>Das umfangreiche Angebot an Kunsthandwerksmaterialien, das von Heutink International speziell ausgew\u00e4hlt wurde, erm\u00f6glicht es Kindern jeden Alters und jeder F\u00e4higkeit, kreativ zu sein, ihre Fantasie zu nutzen und ihr k\u00fcnstlerisches Potenzial zu erkunden. Diese ungiftigen Kreativmaterialien erm\u00f6glichen es Kindern, ihre k\u00fcnstlerischen F\u00e4higkeiten frei zu erforschen, was zur Entwicklung ihrer motorischen F\u00e4higkeiten, ihrer sozialen und emotionalen Intelligenz, ihrer r\u00e4umlichen Orientierung, ihrer Konzentration, ihrer Kommunikations- und Probleml\u00f6sungsf\u00e4higkeiten beitr\u00e4gt. Alle angebotenen Produkte sind von h\u00f6chster Qualit\u00e4t, sie sind sicher und nachhaltig.<\/p>\n<p>Inhalt:<\/p>\n<p>1 Holzpinsel f\u00fcr Kleinkinder, 17 cm &#8211; Farbe je nach Verf\u00fcgbarkeit<\/p>\n","protected":false},"excerpt":{"rendered":"<p>Artikelnummer: E040100<\/p>\n<p>&nbsp;<\/p>\n","protected":false},"featured_media":60457,"comment_status":"open","ping_status":"closed","template":"","meta":[],"product_brand":[],"product_cat":[21444,21445,22033,21594,23651,21479,21484,21447,21457,21443,21563,22362,21482,21564],"product_tag":[29067,29065,29064,29063,29066],"class_list":{"0":"post-60456","1":"product","2":"type-product","3":"status-publish","4":"has-post-thumbnail","6":"product_cat-1-3-jahre-kleinkind","7":"product_cat-3-6-jahre-vorschule","8":"product_cat-adventskalender-geschenke-strumpffueller","9":"product_cat-arts-crafts-heutink","10":"product_cat-back-to-school-de","11":"product_cat-lernmaterialien-spielzeug-montessori-waldorf-steiner-froebel","12":"product_cat-geschenk-guides","13":"product_cat-malen-basteln","14":"product_cat-malen","15":"product_cat-nach-alter","16":"product_cat-neuheiten","17":"product_cat-saisonale-kollektionen","18":"product_cat-traditionelle-bildung","19":"product_cat-unsere-marken","20":"product_tag-arts-crafts-pinsel-fur-kleinkinder","21":"product_tag-leicht-zu-greifender-pinse","22":"product_tag-malpinsel-fur-kleinkinder-de","23":"product_tag-malpinsel-fur-kleinkinder","24":"product_tag-malpinsel-fur-kleinkinder-aus-holz","26":"first","27":"outofstock","28":"taxable","29":"shipping-taxable","30":"purchasable","31":"product-type-simple"},"yoast_head":"<!-- This site is optimized with the Yoast SEO plugin v27.3 - https:\/\/yoast.com\/product\/yoast-seo-wordpress\/ -->\n<title>Malpinsel f\u00fcr Kleinkinder - Arts &amp; Crafts<\/title>\n<meta name=\"description\" content=\"Dieser h\u00f6lzerne Kleinkinderpinsel von Arts &amp; Crafts wurde speziell entwickelt, um kleinen H\u00e4nden das Malen, Basteln und Werken zu erleichtern.\" \/>\n<meta name=\"robots\" content=\"index, follow, max-snippet:-1, max-image-preview:large, max-video-preview:-1\" \/>\n<link rel=\"canonical\" href=\"https:\/\/teiaeducation.ch\/de\/produkt\/malpinsel-fuer-kleinkinder-1-stueck-arts-crafts\/\" \/>\n<meta property=\"og:locale\" content=\"de_DE\" \/>\n<meta property=\"og:type\" content=\"article\" \/>\n<meta property=\"og:title\" content=\"Malpinsel f\u00fcr Kleinkinder - Arts &amp; Crafts\" \/>\n<meta property=\"og:description\" content=\"Dieser h\u00f6lzerne Kleinkinderpinsel von Arts &amp; Crafts wurde speziell entwickelt, um kleinen H\u00e4nden das Malen, Basteln und Werken zu erleichtern.\" \/>\n<meta property=\"og:url\" content=\"https:\/\/teiaeducation.ch\/de\/produkt\/malpinsel-fuer-kleinkinder-1-stueck-arts-crafts\/\" \/>\n<meta property=\"og:site_name\" content=\"Sustainable Educational Products &amp; Ecological Toys\u00a0\" \/>\n<meta property=\"article:publisher\" content=\"https:\/\/www.facebook.com\/teiaeducation\/\" \/>\n<meta property=\"article:modified_time\" content=\"2026-02-01T15:46:40+00:00\" \/>\n<meta property=\"og:image\" content=\"https:\/\/teiaeducation.ch\/wp-content\/uploads\/2021\/06\/Toddler-paint-brush-\u2013-Arts-Crafts-1-scaled.jpg\" \/>\n\t<meta property=\"og:image:width\" content=\"1200\" \/>\n\t<meta property=\"og:image:height\" content=\"900\" \/>\n\t<meta property=\"og:image:type\" content=\"image\/jpeg\" \/>\n<script type=\"application\/ld+json\" class=\"yoast-schema-graph\">{\"@context\":\"https:\\\/\\\/schema.org\",\"@graph\":[{\"@type\":\"WebPage\",\"@id\":\"https:\\\/\\\/teiaeducation.ch\\\/de\\\/produkt\\\/malpinsel-fuer-kleinkinder-1-stueck-arts-crafts\\\/\",\"url\":\"https:\\\/\\\/teiaeducation.ch\\\/de\\\/produkt\\\/malpinsel-fuer-kleinkinder-1-stueck-arts-crafts\\\/\",\"name\":\"Malpinsel f\u00fcr Kleinkinder - Arts & Crafts\",\"isPartOf\":{\"@id\":\"https:\\\/\\\/teiaeducation.ch\\\/de\\\/#website\"},\"primaryImageOfPage\":{\"@id\":\"https:\\\/\\\/teiaeducation.ch\\\/de\\\/produkt\\\/malpinsel-fuer-kleinkinder-1-stueck-arts-crafts\\\/#primaryimage\"},\"image\":{\"@id\":\"https:\\\/\\\/teiaeducation.ch\\\/de\\\/produkt\\\/malpinsel-fuer-kleinkinder-1-stueck-arts-crafts\\\/#primaryimage\"},\"thumbnailUrl\":\"https:\\\/\\\/teiaeducation.ch\\\/wp-content\\\/uploads\\\/2021\\\/06\\\/Toddler-paint-brush-\u2013-Arts-Crafts-1-scaled.jpg\",\"datePublished\":\"2021-06-28T12:23:12+00:00\",\"dateModified\":\"2026-02-01T15:46:40+00:00\",\"description\":\"Dieser h\u00f6lzerne Kleinkinderpinsel von Arts & Crafts wurde speziell entwickelt, um kleinen H\u00e4nden das Malen, Basteln und Werken zu erleichtern.\",\"breadcrumb\":{\"@id\":\"https:\\\/\\\/teiaeducation.ch\\\/de\\\/produkt\\\/malpinsel-fuer-kleinkinder-1-stueck-arts-crafts\\\/#breadcrumb\"},\"inLanguage\":\"de-CH\",\"potentialAction\":[{\"@type\":\"ReadAction\",\"target\":[\"https:\\\/\\\/teiaeducation.ch\\\/de\\\/produkt\\\/malpinsel-fuer-kleinkinder-1-stueck-arts-crafts\\\/\"]}]},{\"@type\":\"ImageObject\",\"inLanguage\":\"de-CH\",\"@id\":\"https:\\\/\\\/teiaeducation.ch\\\/de\\\/produkt\\\/malpinsel-fuer-kleinkinder-1-stueck-arts-crafts\\\/#primaryimage\",\"url\":\"https:\\\/\\\/teiaeducation.ch\\\/wp-content\\\/uploads\\\/2021\\\/06\\\/Toddler-paint-brush-\u2013-Arts-Crafts-1-scaled.jpg\",\"contentUrl\":\"https:\\\/\\\/teiaeducation.ch\\\/wp-content\\\/uploads\\\/2021\\\/06\\\/Toddler-paint-brush-\u2013-Arts-Crafts-1-scaled.jpg\",\"width\":1200,\"height\":900,\"caption\":\"Malpinsel f\u00fcr Kleinkinder (1 St\u00fcck) \u2013 Arts &amp; Crafts\"},{\"@type\":\"BreadcrumbList\",\"@id\":\"https:\\\/\\\/teiaeducation.ch\\\/de\\\/produkt\\\/malpinsel-fuer-kleinkinder-1-stueck-arts-crafts\\\/#breadcrumb\",\"itemListElement\":[{\"@type\":\"ListItem\",\"position\":1,\"name\":\"Home\",\"item\":\"https:\\\/\\\/teiaeducation.ch\\\/de\\\/\"},{\"@type\":\"ListItem\",\"position\":2,\"name\":\"Laden\",\"item\":\"https:\\\/\\\/teiaeducation.ch\\\/de\\\/shop\\\/\"},{\"@type\":\"ListItem\",\"position\":3,\"name\":\"Malpinsel f\u00fcr Kleinkinder (1 St\u00fcck) &#8211; Arts &amp; Crafts\"}]},{\"@type\":\"WebSite\",\"@id\":\"https:\\\/\\\/teiaeducation.ch\\\/de\\\/#website\",\"url\":\"https:\\\/\\\/teiaeducation.ch\\\/de\\\/\",\"name\":\"Sustainable Educational Products &amp; Ecological Toys\u00a0\",\"description\":\"Specialised Swiss shop selling sustainable educational toys and games, AMI certified Montessori materials, handmade ecological wooden Waldorf toys and arts &amp; crafts supplies, school supplies, children&#039;s furniture and Montessori reference and parenting books.\",\"publisher\":{\"@id\":\"https:\\\/\\\/teiaeducation.ch\\\/de\\\/#organization\"},\"alternateName\":\"Teia Education & Play\",\"potentialAction\":[{\"@type\":\"SearchAction\",\"target\":{\"@type\":\"EntryPoint\",\"urlTemplate\":\"https:\\\/\\\/teiaeducation.ch\\\/de\\\/?s={search_term_string}\"},\"query-input\":{\"@type\":\"PropertyValueSpecification\",\"valueRequired\":true,\"valueName\":\"search_term_string\"}}],\"inLanguage\":\"de-CH\"},{\"@type\":\"Organization\",\"@id\":\"https:\\\/\\\/teiaeducation.ch\\\/de\\\/#organization\",\"name\":\"Teia Education & Play\",\"url\":\"https:\\\/\\\/teiaeducation.ch\\\/de\\\/\",\"logo\":{\"@type\":\"ImageObject\",\"inLanguage\":\"de-CH\",\"@id\":\"https:\\\/\\\/teiaeducation.ch\\\/de\\\/#\\\/schema\\\/logo\\\/image\\\/\",\"url\":\"https:\\\/\\\/teiaeducation.ch\\\/wp-content\\\/uploads\\\/2020\\\/11\\\/Teia-Education-Switzerland-e1620156442216.jpg\",\"contentUrl\":\"https:\\\/\\\/teiaeducation.ch\\\/wp-content\\\/uploads\\\/2020\\\/11\\\/Teia-Education-Switzerland-e1620156442216.jpg\",\"width\":166,\"height\":145,\"caption\":\"Teia Education & Play\"},\"image\":{\"@id\":\"https:\\\/\\\/teiaeducation.ch\\\/de\\\/#\\\/schema\\\/logo\\\/image\\\/\"},\"sameAs\":[\"https:\\\/\\\/www.facebook.com\\\/teiaeducation\\\/\",\"https:\\\/\\\/x.com\\\/EducationTeia\",\"https:\\\/\\\/www.instagram.com\\\/teia.education\\\/\",\"https:\\\/\\\/www.linkedin.com\\\/company\\\/35501660\",\"https:\\\/\\\/www.pinterest.ch\\\/TeiaEducation\\\/\"]}]}<\/script>\n<!-- \/ Yoast SEO plugin. -->","yoast_head_json":{"title":"Malpinsel f\u00fcr Kleinkinder - Arts & Crafts","description":"Dieser h\u00f6lzerne Kleinkinderpinsel von Arts & Crafts wurde speziell entwickelt, um kleinen H\u00e4nden das Malen, Basteln und Werken zu erleichtern.","robots":{"index":"index","follow":"follow","max-snippet":"max-snippet:-1","max-image-preview":"max-image-preview:large","max-video-preview":"max-video-preview:-1"},"canonical":"https:\/\/teiaeducation.ch\/de\/produkt\/malpinsel-fuer-kleinkinder-1-stueck-arts-crafts\/","og_locale":"de_DE","og_type":"article","og_title":"Malpinsel f\u00fcr Kleinkinder - Arts & Crafts","og_description":"Dieser h\u00f6lzerne Kleinkinderpinsel von Arts & Crafts wurde speziell entwickelt, um kleinen H\u00e4nden das Malen, Basteln und Werken zu erleichtern.","og_url":"https:\/\/teiaeducation.ch\/de\/produkt\/malpinsel-fuer-kleinkinder-1-stueck-arts-crafts\/","og_site_name":"Sustainable Educational Products &amp; Ecological Toys\u00a0","article_publisher":"https:\/\/www.facebook.com\/teiaeducation\/","article_modified_time":"2026-02-01T15:46:40+00:00","og_image":[{"width":1200,"height":900,"url":"https:\/\/teiaeducation.ch\/wp-content\/uploads\/2021\/06\/Toddler-paint-brush-\u2013-Arts-Crafts-1-scaled.jpg","type":"image\/jpeg"}],"schema":{"@context":"https:\/\/schema.org","@graph":[{"@type":"WebPage","@id":"https:\/\/teiaeducation.ch\/de\/produkt\/malpinsel-fuer-kleinkinder-1-stueck-arts-crafts\/","url":"https:\/\/teiaeducation.ch\/de\/produkt\/malpinsel-fuer-kleinkinder-1-stueck-arts-crafts\/","name":"Malpinsel f\u00fcr Kleinkinder - Arts & Crafts","isPartOf":{"@id":"https:\/\/teiaeducation.ch\/de\/#website"},"primaryImageOfPage":{"@id":"https:\/\/teiaeducation.ch\/de\/produkt\/malpinsel-fuer-kleinkinder-1-stueck-arts-crafts\/#primaryimage"},"image":{"@id":"https:\/\/teiaeducation.ch\/de\/produkt\/malpinsel-fuer-kleinkinder-1-stueck-arts-crafts\/#primaryimage"},"thumbnailUrl":"https:\/\/teiaeducation.ch\/wp-content\/uploads\/2021\/06\/Toddler-paint-brush-\u2013-Arts-Crafts-1-scaled.jpg","datePublished":"2021-06-28T12:23:12+00:00","dateModified":"2026-02-01T15:46:40+00:00","description":"Dieser h\u00f6lzerne Kleinkinderpinsel von Arts & Crafts wurde speziell entwickelt, um kleinen H\u00e4nden das Malen, Basteln und Werken zu erleichtern.","breadcrumb":{"@id":"https:\/\/teiaeducation.ch\/de\/produkt\/malpinsel-fuer-kleinkinder-1-stueck-arts-crafts\/#breadcrumb"},"inLanguage":"de-CH","potentialAction":[{"@type":"ReadAction","target":["https:\/\/teiaeducation.ch\/de\/produkt\/malpinsel-fuer-kleinkinder-1-stueck-arts-crafts\/"]}]},{"@type":"ImageObject","inLanguage":"de-CH","@id":"https:\/\/teiaeducation.ch\/de\/produkt\/malpinsel-fuer-kleinkinder-1-stueck-arts-crafts\/#primaryimage","url":"https:\/\/teiaeducation.ch\/wp-content\/uploads\/2021\/06\/Toddler-paint-brush-\u2013-Arts-Crafts-1-scaled.jpg","contentUrl":"https:\/\/teiaeducation.ch\/wp-content\/uploads\/2021\/06\/Toddler-paint-brush-\u2013-Arts-Crafts-1-scaled.jpg","width":1200,"height":900,"caption":"Malpinsel f\u00fcr Kleinkinder (1 St\u00fcck) \u2013 Arts &amp; Crafts"},{"@type":"BreadcrumbList","@id":"https:\/\/teiaeducation.ch\/de\/produkt\/malpinsel-fuer-kleinkinder-1-stueck-arts-crafts\/#breadcrumb","itemListElement":[{"@type":"ListItem","position":1,"name":"Home","item":"https:\/\/teiaeducation.ch\/de\/"},{"@type":"ListItem","position":2,"name":"Laden","item":"https:\/\/teiaeducation.ch\/de\/shop\/"},{"@type":"ListItem","position":3,"name":"Malpinsel f\u00fcr Kleinkinder (1 St\u00fcck) &#8211; Arts &amp; Crafts"}]},{"@type":"WebSite","@id":"https:\/\/teiaeducation.ch\/de\/#website","url":"https:\/\/teiaeducation.ch\/de\/","name":"Sustainable Educational Products &amp; Ecological Toys\u00a0","description":"Specialised Swiss shop selling sustainable educational toys and games, AMI certified Montessori materials, handmade ecological wooden Waldorf toys and arts &amp; crafts supplies, school supplies, children&#039;s furniture and Montessori reference and parenting books.","publisher":{"@id":"https:\/\/teiaeducation.ch\/de\/#organization"},"alternateName":"Teia Education & Play","potentialAction":[{"@type":"SearchAction","target":{"@type":"EntryPoint","urlTemplate":"https:\/\/teiaeducation.ch\/de\/?s={search_term_string}"},"query-input":{"@type":"PropertyValueSpecification","valueRequired":true,"valueName":"search_term_string"}}],"inLanguage":"de-CH"},{"@type":"Organization","@id":"https:\/\/teiaeducation.ch\/de\/#organization","name":"Teia Education & Play","url":"https:\/\/teiaeducation.ch\/de\/","logo":{"@type":"ImageObject","inLanguage":"de-CH","@id":"https:\/\/teiaeducation.ch\/de\/#\/schema\/logo\/image\/","url":"https:\/\/teiaeducation.ch\/wp-content\/uploads\/2020\/11\/Teia-Education-Switzerland-e1620156442216.jpg","contentUrl":"https:\/\/teiaeducation.ch\/wp-content\/uploads\/2020\/11\/Teia-Education-Switzerland-e1620156442216.jpg","width":166,"height":145,"caption":"Teia Education & Play"},"image":{"@id":"https:\/\/teiaeducation.ch\/de\/#\/schema\/logo\/image\/"},"sameAs":["https:\/\/www.facebook.com\/teiaeducation\/","https:\/\/x.com\/EducationTeia","https:\/\/www.instagram.com\/teia.education\/","https:\/\/www.linkedin.com\/company\/35501660","https:\/\/www.pinterest.ch\/TeiaEducation\/"]}]}},"_links":{"self":[{"href":"https:\/\/teiaeducation.ch\/de\/wp-json\/wp\/v2\/product\/60456","targetHints":{"allow":["GET"]}}],"collection":[{"href":"https:\/\/teiaeducation.ch\/de\/wp-json\/wp\/v2\/product"}],"about":[{"href":"https:\/\/teiaeducation.ch\/de\/wp-json\/wp\/v2\/types\/product"}],"replies":[{"embeddable":true,"href":"https:\/\/teiaeducation.ch\/de\/wp-json\/wp\/v2\/comments?post=60456"}],"wp:featuredmedia":[{"embeddable":true,"href":"https:\/\/teiaeducation.ch\/de\/wp-json\/wp\/v2\/media\/60457"}],"wp:attachment":[{"href":"https:\/\/teiaeducation.ch\/de\/wp-json\/wp\/v2\/media?parent=60456"}],"wp:term":[{"taxonomy":"product_brand","embeddable":true,"href":"https:\/\/teiaeducation.ch\/de\/wp-json\/wp\/v2\/product_brand?post=60456"},{"taxonomy":"product_cat","embeddable":true,"href":"https:\/\/teiaeducation.ch\/de\/wp-json\/wp\/v2\/product_cat?post=60456"},{"taxonomy":"product_tag","embeddable":true,"href":"https:\/\/teiaeducation.ch\/de\/wp-json\/wp\/v2\/product_tag?post=60456"}],"curies":[{"name":"wp","href":"https:\/\/api.w.org\/{rel}","templated":true}]}}