{"id":60459,"date":"2021-06-24T16:09:22","date_gmt":"2021-06-24T14:09:22","guid":{"rendered":"https:\/\/teiaeducation.ch\/product\/magnetisches-kleinbuchstaben-set-arts-crafts\/"},"modified":"2024-07-29T14:57:52","modified_gmt":"2024-07-29T12:57:52","slug":"magnetisches-kleinbuchstaben-set-arts-crafts","status":"publish","type":"product","link":"https:\/\/teiaeducation.ch\/de\/produkt\/magnetisches-kleinbuchstaben-set-arts-crafts\/","title":{"rendered":"Magnetisches Kleinbuchstaben-Set &#8211; Arts &amp; Crafts"},"content":{"rendered":"<p>Das magnetische Kleinbuchstaben-Set aus der Heutink Arts &amp; Crafts Kollektion besteht aus einem Eimer mit vierundf\u00fcnfzig Buchstaben in der Kombination Englisch und Spanisch. Die Magnetbuchstaben sind etwa vier Zentimeter hoch und k\u00f6nnen auf den meisten magnetischen Oberfl\u00e4chen verwendet werden &#8211; ein unsch\u00e4tzbares Lernmittel.<\/p>\n<p>Die Buchstaben erm\u00f6glichen unz\u00e4hlige Aktivit\u00e4ten, wie z. B. das Anbringen von Notizen auf K\u00fchlschr\u00e4nken oder Magnettafeln, das \u00dcben von Rechtschreibung, Lesen und Buchstabenerkennung.<\/p>\n<p>Das umfangreiche Angebot an Kunsthandwerksmaterialien, das von Heutink International speziell ausgew\u00e4hlt wurde, erm\u00f6glicht es Kindern jeden Alters und jeder F\u00e4higkeit, kreativ zu sein, ihre Fantasie zu nutzen und ihr k\u00fcnstlerisches Potenzial zu erkunden. Diese ungiftigen K<a href=\"https:\/\/teiaeducation.ch\/product-category\/creative-art-craft\/?pwb-brand-filter=arts-crafts\">reativmaterialien<\/a> erm\u00f6glichen es Kindern, ihre k\u00fcnstlerischen F\u00e4higkeiten frei zu erforschen, was zur Entwicklung ihrer motorischen F\u00e4higkeiten, ihrer sozialen und emotionalen Intelligenz, ihrer r\u00e4umlichen Orientierung, ihrer Konzentration, ihrer Kommunikations- und Probleml\u00f6sungsf\u00e4higkeiten beitr\u00e4gt. Alle angebotenen Produkte sind von h\u00f6chster Qualit\u00e4t, sie sind sicher und nachhaltig.<\/p>\n<p>Dieses Montessori Material ist f\u00fcr Kinder im Alter von 3-6 Jahren geeignet.<\/p>\n<p>Inhalt:<\/p>\n<p>1 Eimer mit 54 magnetischen Kleinbuchstaben<\/p>\n","protected":false},"excerpt":{"rendered":"<p>Artikelnummer: E530459<\/p>\n<p>Das Arts &amp; Crafts Magnetisches Kleinbuchstaben-Set enth\u00e4lt 54 Buchstaben in Englisch und Spanisch f\u00fcr Rechtschreibung, Lesen und Buchstabenerkennung.<\/p>\n","protected":false},"featured_media":60460,"comment_status":"closed","ping_status":"closed","template":"","meta":[],"product_brand":[],"product_cat":[21445,21446,21524,21671,21594,21479,21532,21509,21530,21443,21563,21531,21494,21495,21482,21564],"product_tag":[29069,26407,23474,23473,24316,29068,29022,26997],"class_list":{"0":"post-60459","1":"product","2":"type-product","3":"status-publish","4":"has-post-thumbnail","6":"product_cat-3-6-jahre-vorschule","7":"product_cat-6-12-jahre-grundschule","8":"product_cat-alphabetisierung-sprache","9":"product_cat-angebot","10":"product_cat-arts-crafts-heutink","11":"product_cat-lernmaterialien-spielzeug-montessori-waldorf-steiner-froebel","12":"product_cat-buchstaben-das-alphabet","13":"product_cat-lernthemen","14":"product_cat-lesen-lernen","15":"product_cat-nach-alter","16":"product_cat-neuheiten","17":"product_cat-schreiben-lernen","18":"product_cat-schulbedarf-fuer-zuhause","19":"product_cat-schulbedarf-fuer-zuhause-3-6-jahre","20":"product_cat-traditionelle-bildung","21":"product_cat-unsere-marken","22":"product_tag-arts-crafts-magnetische-buchstaben","23":"product_tag-feinmotorik-de","24":"product_tag-heutink-international-schweiz","25":"product_tag-lehrmittel-schweiz","26":"product_tag-lernspielzeug-schweiz","27":"product_tag-magnetische-gros-und-kleinbuchstaben","28":"product_tag-naturliches-material","29":"product_tag-vor-dem-schreiben","31":"first","32":"instock","33":"sale","34":"taxable","35":"shipping-taxable","36":"purchasable","37":"product-type-simple"},"yoast_head":"<!-- This site is optimized with the Yoast SEO plugin v27.1.1 - https:\/\/yoast.com\/product\/yoast-seo-wordpress\/ -->\n<title>Magnetisches Kleinbuchstaben-Set - Arts &amp; Crafts<\/title>\n<meta name=\"description\" content=\"Das Arts &amp; Crafts Magnetisches Kleinbuchstaben-Set enth\u00e4lt 54 Buchstaben in Englisch und Spanisch f\u00fcr Rechtschreibung, Lesen und Buchstabenerkennung.\" \/>\n<meta name=\"robots\" content=\"index, follow, max-snippet:-1, max-image-preview:large, max-video-preview:-1\" \/>\n<link rel=\"canonical\" href=\"https:\/\/teiaeducation.ch\/de\/produkt\/magnetisches-kleinbuchstaben-set-arts-crafts\/\" \/>\n<meta property=\"og:locale\" content=\"de_DE\" \/>\n<meta property=\"og:type\" content=\"article\" \/>\n<meta property=\"og:title\" content=\"Magnetisches Kleinbuchstaben-Set - Arts &amp; Crafts\" \/>\n<meta property=\"og:description\" content=\"Das Arts &amp; Crafts Magnetisches Kleinbuchstaben-Set enth\u00e4lt 54 Buchstaben in Englisch und Spanisch f\u00fcr Rechtschreibung, Lesen und Buchstabenerkennung.\" \/>\n<meta property=\"og:url\" content=\"https:\/\/teiaeducation.ch\/de\/produkt\/magnetisches-kleinbuchstaben-set-arts-crafts\/\" \/>\n<meta property=\"og:site_name\" content=\"Sustainable Educational Products &amp; Ecological Toys\u00a0\" \/>\n<meta property=\"article:publisher\" content=\"https:\/\/www.facebook.com\/teiaeducation\/\" \/>\n<meta property=\"article:modified_time\" content=\"2024-07-29T12:57:52+00:00\" \/>\n<meta property=\"og:image\" content=\"https:\/\/teiaeducation.ch\/wp-content\/uploads\/2021\/06\/Magnetic-alphabet-English-Spanish-lowercase-Arts-Crafts.jpg\" \/>\n\t<meta property=\"og:image:width\" content=\"1500\" \/>\n\t<meta property=\"og:image:height\" content=\"1500\" \/>\n\t<meta property=\"og:image:type\" content=\"image\/jpeg\" \/>\n<script type=\"application\/ld+json\" class=\"yoast-schema-graph\">{\"@context\":\"https:\/\/schema.org\",\"@graph\":[{\"@type\":\"WebPage\",\"@id\":\"https:\/\/teiaeducation.ch\/de\/produkt\/magnetisches-kleinbuchstaben-set-arts-crafts\/\",\"url\":\"https:\/\/teiaeducation.ch\/de\/produkt\/magnetisches-kleinbuchstaben-set-arts-crafts\/\",\"name\":\"Magnetisches Kleinbuchstaben-Set - Arts & Crafts\",\"isPartOf\":{\"@id\":\"https:\/\/teiaeducation.ch\/de\/#website\"},\"primaryImageOfPage\":{\"@id\":\"https:\/\/teiaeducation.ch\/de\/produkt\/magnetisches-kleinbuchstaben-set-arts-crafts\/#primaryimage\"},\"image\":{\"@id\":\"https:\/\/teiaeducation.ch\/de\/produkt\/magnetisches-kleinbuchstaben-set-arts-crafts\/#primaryimage\"},\"thumbnailUrl\":\"https:\/\/teiaeducation.ch\/wp-content\/uploads\/2021\/06\/Magnetic-alphabet-English-Spanish-lowercase-Arts-Crafts.jpg\",\"datePublished\":\"2021-06-24T14:09:22+00:00\",\"dateModified\":\"2024-07-29T12:57:52+00:00\",\"description\":\"Das Arts & Crafts Magnetisches Kleinbuchstaben-Set enth\u00e4lt 54 Buchstaben in Englisch und Spanisch f\u00fcr Rechtschreibung, Lesen und Buchstabenerkennung.\",\"breadcrumb\":{\"@id\":\"https:\/\/teiaeducation.ch\/de\/produkt\/magnetisches-kleinbuchstaben-set-arts-crafts\/#breadcrumb\"},\"inLanguage\":\"de-CH\",\"potentialAction\":[{\"@type\":\"ReadAction\",\"target\":[\"https:\/\/teiaeducation.ch\/de\/produkt\/magnetisches-kleinbuchstaben-set-arts-crafts\/\"]}]},{\"@type\":\"ImageObject\",\"inLanguage\":\"de-CH\",\"@id\":\"https:\/\/teiaeducation.ch\/de\/produkt\/magnetisches-kleinbuchstaben-set-arts-crafts\/#primaryimage\",\"url\":\"https:\/\/teiaeducation.ch\/wp-content\/uploads\/2021\/06\/Magnetic-alphabet-English-Spanish-lowercase-Arts-Crafts.jpg\",\"contentUrl\":\"https:\/\/teiaeducation.ch\/wp-content\/uploads\/2021\/06\/Magnetic-alphabet-English-Spanish-lowercase-Arts-Crafts.jpg\",\"width\":1500,\"height\":1500,\"caption\":\"Magnetisches Alphabet Englisch-Spanisch Kleinbuchstaben Arts &amp; Crafts\"},{\"@type\":\"BreadcrumbList\",\"@id\":\"https:\/\/teiaeducation.ch\/de\/produkt\/magnetisches-kleinbuchstaben-set-arts-crafts\/#breadcrumb\",\"itemListElement\":[{\"@type\":\"ListItem\",\"position\":1,\"name\":\"Home\",\"item\":\"https:\/\/teiaeducation.ch\/de\/\"},{\"@type\":\"ListItem\",\"position\":2,\"name\":\"Laden\",\"item\":\"https:\/\/teiaeducation.ch\/de\/shop\/\"},{\"@type\":\"ListItem\",\"position\":3,\"name\":\"Unsere Marken\",\"item\":\"https:\/\/teiaeducation.ch\/de\/produkt-kategorie\/unsere-marken\/\"},{\"@type\":\"ListItem\",\"position\":4,\"name\":\"Arts &amp; Crafts Heutink\",\"item\":\"https:\/\/teiaeducation.ch\/de\/produkt-kategorie\/unsere-marken\/arts-crafts-heutink\/\"},{\"@type\":\"ListItem\",\"position\":5,\"name\":\"Magnetisches Kleinbuchstaben-Set &#8211; Arts &amp; Crafts\"}]},{\"@type\":\"WebSite\",\"@id\":\"https:\/\/teiaeducation.ch\/de\/#website\",\"url\":\"https:\/\/teiaeducation.ch\/de\/\",\"name\":\"Sustainable Educational Products &amp; Ecological Toys\u00a0\",\"description\":\"Specialised Swiss shop selling sustainable educational toys and games, AMI certified Montessori materials, handmade ecological wooden Waldorf toys and arts &amp; crafts supplies, school supplies, children&#039;s furniture and Montessori reference and parenting books.\",\"publisher\":{\"@id\":\"https:\/\/teiaeducation.ch\/de\/#organization\"},\"alternateName\":\"Teia Education & Play\",\"potentialAction\":[{\"@type\":\"SearchAction\",\"target\":{\"@type\":\"EntryPoint\",\"urlTemplate\":\"https:\/\/teiaeducation.ch\/de\/?s={search_term_string}\"},\"query-input\":{\"@type\":\"PropertyValueSpecification\",\"valueRequired\":true,\"valueName\":\"search_term_string\"}}],\"inLanguage\":\"de-CH\"},{\"@type\":\"Organization\",\"@id\":\"https:\/\/teiaeducation.ch\/de\/#organization\",\"name\":\"Teia Education & Play\",\"url\":\"https:\/\/teiaeducation.ch\/de\/\",\"logo\":{\"@type\":\"ImageObject\",\"inLanguage\":\"de-CH\",\"@id\":\"https:\/\/teiaeducation.ch\/de\/#\/schema\/logo\/image\/\",\"url\":\"https:\/\/teiaeducation.ch\/wp-content\/uploads\/2020\/11\/Teia-Education-Switzerland-e1620156442216.jpg\",\"contentUrl\":\"https:\/\/teiaeducation.ch\/wp-content\/uploads\/2020\/11\/Teia-Education-Switzerland-e1620156442216.jpg\",\"width\":166,\"height\":145,\"caption\":\"Teia Education & Play\"},\"image\":{\"@id\":\"https:\/\/teiaeducation.ch\/de\/#\/schema\/logo\/image\/\"},\"sameAs\":[\"https:\/\/www.facebook.com\/teiaeducation\/\",\"https:\/\/x.com\/EducationTeia\",\"https:\/\/www.instagram.com\/teia.education\/\",\"https:\/\/www.linkedin.com\/company\/35501660\",\"https:\/\/www.pinterest.ch\/TeiaEducation\/\"]}]}<\/script>\n<!-- \/ Yoast SEO plugin. -->","yoast_head_json":{"title":"Magnetisches Kleinbuchstaben-Set - Arts & Crafts","description":"Das Arts & Crafts Magnetisches Kleinbuchstaben-Set enth\u00e4lt 54 Buchstaben in Englisch und Spanisch f\u00fcr Rechtschreibung, Lesen und Buchstabenerkennung.","robots":{"index":"index","follow":"follow","max-snippet":"max-snippet:-1","max-image-preview":"max-image-preview:large","max-video-preview":"max-video-preview:-1"},"canonical":"https:\/\/teiaeducation.ch\/de\/produkt\/magnetisches-kleinbuchstaben-set-arts-crafts\/","og_locale":"de_DE","og_type":"article","og_title":"Magnetisches Kleinbuchstaben-Set - Arts & Crafts","og_description":"Das Arts & Crafts Magnetisches Kleinbuchstaben-Set enth\u00e4lt 54 Buchstaben in Englisch und Spanisch f\u00fcr Rechtschreibung, Lesen und Buchstabenerkennung.","og_url":"https:\/\/teiaeducation.ch\/de\/produkt\/magnetisches-kleinbuchstaben-set-arts-crafts\/","og_site_name":"Sustainable Educational Products &amp; Ecological Toys\u00a0","article_publisher":"https:\/\/www.facebook.com\/teiaeducation\/","article_modified_time":"2024-07-29T12:57:52+00:00","og_image":[{"width":1500,"height":1500,"url":"https:\/\/teiaeducation.ch\/wp-content\/uploads\/2021\/06\/Magnetic-alphabet-English-Spanish-lowercase-Arts-Crafts.jpg","type":"image\/jpeg"}],"schema":{"@context":"https:\/\/schema.org","@graph":[{"@type":"WebPage","@id":"https:\/\/teiaeducation.ch\/de\/produkt\/magnetisches-kleinbuchstaben-set-arts-crafts\/","url":"https:\/\/teiaeducation.ch\/de\/produkt\/magnetisches-kleinbuchstaben-set-arts-crafts\/","name":"Magnetisches Kleinbuchstaben-Set - Arts & Crafts","isPartOf":{"@id":"https:\/\/teiaeducation.ch\/de\/#website"},"primaryImageOfPage":{"@id":"https:\/\/teiaeducation.ch\/de\/produkt\/magnetisches-kleinbuchstaben-set-arts-crafts\/#primaryimage"},"image":{"@id":"https:\/\/teiaeducation.ch\/de\/produkt\/magnetisches-kleinbuchstaben-set-arts-crafts\/#primaryimage"},"thumbnailUrl":"https:\/\/teiaeducation.ch\/wp-content\/uploads\/2021\/06\/Magnetic-alphabet-English-Spanish-lowercase-Arts-Crafts.jpg","datePublished":"2021-06-24T14:09:22+00:00","dateModified":"2024-07-29T12:57:52+00:00","description":"Das Arts & Crafts Magnetisches Kleinbuchstaben-Set enth\u00e4lt 54 Buchstaben in Englisch und Spanisch f\u00fcr Rechtschreibung, Lesen und Buchstabenerkennung.","breadcrumb":{"@id":"https:\/\/teiaeducation.ch\/de\/produkt\/magnetisches-kleinbuchstaben-set-arts-crafts\/#breadcrumb"},"inLanguage":"de-CH","potentialAction":[{"@type":"ReadAction","target":["https:\/\/teiaeducation.ch\/de\/produkt\/magnetisches-kleinbuchstaben-set-arts-crafts\/"]}]},{"@type":"ImageObject","inLanguage":"de-CH","@id":"https:\/\/teiaeducation.ch\/de\/produkt\/magnetisches-kleinbuchstaben-set-arts-crafts\/#primaryimage","url":"https:\/\/teiaeducation.ch\/wp-content\/uploads\/2021\/06\/Magnetic-alphabet-English-Spanish-lowercase-Arts-Crafts.jpg","contentUrl":"https:\/\/teiaeducation.ch\/wp-content\/uploads\/2021\/06\/Magnetic-alphabet-English-Spanish-lowercase-Arts-Crafts.jpg","width":1500,"height":1500,"caption":"Magnetisches Alphabet Englisch-Spanisch Kleinbuchstaben Arts &amp; Crafts"},{"@type":"BreadcrumbList","@id":"https:\/\/teiaeducation.ch\/de\/produkt\/magnetisches-kleinbuchstaben-set-arts-crafts\/#breadcrumb","itemListElement":[{"@type":"ListItem","position":1,"name":"Home","item":"https:\/\/teiaeducation.ch\/de\/"},{"@type":"ListItem","position":2,"name":"Laden","item":"https:\/\/teiaeducation.ch\/de\/shop\/"},{"@type":"ListItem","position":3,"name":"Unsere Marken","item":"https:\/\/teiaeducation.ch\/de\/produkt-kategorie\/unsere-marken\/"},{"@type":"ListItem","position":4,"name":"Arts &amp; Crafts Heutink","item":"https:\/\/teiaeducation.ch\/de\/produkt-kategorie\/unsere-marken\/arts-crafts-heutink\/"},{"@type":"ListItem","position":5,"name":"Magnetisches Kleinbuchstaben-Set &#8211; Arts &amp; Crafts"}]},{"@type":"WebSite","@id":"https:\/\/teiaeducation.ch\/de\/#website","url":"https:\/\/teiaeducation.ch\/de\/","name":"Sustainable Educational Products &amp; Ecological Toys\u00a0","description":"Specialised Swiss shop selling sustainable educational toys and games, AMI certified Montessori materials, handmade ecological wooden Waldorf toys and arts &amp; crafts supplies, school supplies, children&#039;s furniture and Montessori reference and parenting books.","publisher":{"@id":"https:\/\/teiaeducation.ch\/de\/#organization"},"alternateName":"Teia Education & Play","potentialAction":[{"@type":"SearchAction","target":{"@type":"EntryPoint","urlTemplate":"https:\/\/teiaeducation.ch\/de\/?s={search_term_string}"},"query-input":{"@type":"PropertyValueSpecification","valueRequired":true,"valueName":"search_term_string"}}],"inLanguage":"de-CH"},{"@type":"Organization","@id":"https:\/\/teiaeducation.ch\/de\/#organization","name":"Teia Education & Play","url":"https:\/\/teiaeducation.ch\/de\/","logo":{"@type":"ImageObject","inLanguage":"de-CH","@id":"https:\/\/teiaeducation.ch\/de\/#\/schema\/logo\/image\/","url":"https:\/\/teiaeducation.ch\/wp-content\/uploads\/2020\/11\/Teia-Education-Switzerland-e1620156442216.jpg","contentUrl":"https:\/\/teiaeducation.ch\/wp-content\/uploads\/2020\/11\/Teia-Education-Switzerland-e1620156442216.jpg","width":166,"height":145,"caption":"Teia Education & Play"},"image":{"@id":"https:\/\/teiaeducation.ch\/de\/#\/schema\/logo\/image\/"},"sameAs":["https:\/\/www.facebook.com\/teiaeducation\/","https:\/\/x.com\/EducationTeia","https:\/\/www.instagram.com\/teia.education\/","https:\/\/www.linkedin.com\/company\/35501660","https:\/\/www.pinterest.ch\/TeiaEducation\/"]}]}},"_links":{"self":[{"href":"https:\/\/teiaeducation.ch\/de\/wp-json\/wp\/v2\/product\/60459","targetHints":{"allow":["GET"]}}],"collection":[{"href":"https:\/\/teiaeducation.ch\/de\/wp-json\/wp\/v2\/product"}],"about":[{"href":"https:\/\/teiaeducation.ch\/de\/wp-json\/wp\/v2\/types\/product"}],"replies":[{"embeddable":true,"href":"https:\/\/teiaeducation.ch\/de\/wp-json\/wp\/v2\/comments?post=60459"}],"wp:featuredmedia":[{"embeddable":true,"href":"https:\/\/teiaeducation.ch\/de\/wp-json\/wp\/v2\/media\/60460"}],"wp:attachment":[{"href":"https:\/\/teiaeducation.ch\/de\/wp-json\/wp\/v2\/media?parent=60459"}],"wp:term":[{"taxonomy":"product_brand","embeddable":true,"href":"https:\/\/teiaeducation.ch\/de\/wp-json\/wp\/v2\/product_brand?post=60459"},{"taxonomy":"product_cat","embeddable":true,"href":"https:\/\/teiaeducation.ch\/de\/wp-json\/wp\/v2\/product_cat?post=60459"},{"taxonomy":"product_tag","embeddable":true,"href":"https:\/\/teiaeducation.ch\/de\/wp-json\/wp\/v2\/product_tag?post=60459"}],"curies":[{"name":"wp","href":"https:\/\/api.w.org\/{rel}","templated":true}]}}